{"id":1116,"date":"2022-10-12T10:16:42","date_gmt":"2022-10-12T08:16:42","guid":{"rendered":"https:\/\/uhfp.centre-inffo.fr\/2023\/?page_id=1116"},"modified":"2022-12-12T17:17:47","modified_gmt":"2022-12-12T16:17:47","slug":"communication","status":"publish","type":"page","link":"https:\/\/uhfp.centre-inffo.fr\/2023\/communication\/","title":{"rendered":"Communication"},"content":{"rendered":"\n<hr class=\"wp-block-separator has-alpha-channel-opacity\"\/>\n\n\n\n<h3 class=\"in-page-title wp-block-heading\">Contacts<\/h3>\n\n\n\n<hr class=\"wp-block-separator has-alpha-channel-opacity\"\/>\n\n\n\n<h4 class=\"in-page-title wp-block-heading\">Agence NASKAS-RP<\/h4>\n\n\n\n<p><strong>Ma\u00eblle Garrido \u2013 Directrice<\/strong><br>T\u00e9l. : <a href=\"tel:0612707730\">06 12 70 77 30<\/a>&nbsp;<br>Email :&nbsp;<a href=\"mailto:maelle@naskas-rp.com\" target=\"_blank\" rel=\"noreferrer noopener\">maelle@naskas-rp.com<\/a><\/p>\n\n\n\n<h4 class=\"in-page-title wp-block-heading\">Centre Inffo<\/h4>\n\n\n\n<p><strong>Fran\u00e7oise G\u00e9rard<\/strong><br>Email :&nbsp;<a href=\"mailto:f.gerard@centre-inffo.fr\" target=\"_blank\" rel=\"noreferrer noopener\">f.gerard@centre-inffo.fr<\/a><\/p>\n\n\n\n<p><strong>Lisa Minvielle<\/strong><br>Email :&nbsp;<a href=\"mailto:l.minvielle@centre-inffo.fr\" target=\"_blank\" rel=\"noreferrer noopener\">l.minvielle@centre-inffo.fr<\/a><\/p>\n\n\n<div class=\"wp-block-image\">\n<figure class=\"aligncenter size-full is-resized\"><img decoding=\"async\" loading=\"lazy\" src=\"https:\/\/uhfp.centre-inffo.fr\/2023\/wp-content\/uploads\/2022\/10\/communication.jpg\" alt=\"\" class=\"wp-image-1145\" width=\"185\" height=\"180\" srcset=\"https:\/\/uhfp.centre-inffo.fr\/2023\/wp-content\/uploads\/2022\/10\/communication.jpg 738w, https:\/\/uhfp.centre-inffo.fr\/2023\/wp-content\/uploads\/2022\/10\/communication-300x293.jpg 300w\" sizes=\"(max-width: 185px) 100vw, 185px\" \/><\/figure><\/div>\n\n\n<hr class=\"wp-block-separator has-alpha-channel-opacity\"\/>\n\n\n\n<h3 class=\"in-page-title wp-block-heading\">Kit communication<\/h3>\n\n\n\n<hr class=\"wp-block-separator has-alpha-channel-opacity\"\/>\n\n\n\n<div class=\"wp-block-columns is-layout-flex wp-container-6\">\n<div class=\"wp-block-column is-layout-flow\">\n<h4 class=\"in-page-title wp-block-heading\">Logo UHFP 2023<\/h4>\n\n\n\n<ul>\n<li>Logo simple &#8211; Format .eps<\/li>\n\n\n\n<li>Logo simple &#8211; Fond transparent, format .png<\/li>\n\n\n\n<li>Logo simple &#8211; Format .jpg<\/li>\n<\/ul>\n\n\n\n<div class=\"wp-block-buttons is-content-justification-center is-layout-flex wp-container-1\">\n<div class=\"wp-block-button\"><a class=\"wp-block-button__link wp-element-button\" href=\"\/2023\/wp-content\/uploads\/2022\/10\/Logo-UHFP.zip\">T\u00e9l\u00e9charger<\/a><\/div>\n<\/div>\n<\/div>\n\n\n\n<div class=\"wp-block-column is-layout-flow\">\n<h4 class=\"in-page-title wp-block-heading\">Plaquettes de pr\u00e9sentation<\/h4>\n\n\n\n<ul>\n<li>Plaquette de pr\u00e9sentation &#8211; Format .pdf<\/li>\n\n\n\n<li>Plaquette \u00ab\u00a0partenaires\u00a0\u00bb &#8211; Format .pdf<\/li>\n\n\n\n<li>Plaquette \u00ab\u00a0participants\u00a0\u00bb &#8211; Format .pdf<\/li>\n<\/ul>\n\n\n\n<div class=\"wp-block-buttons is-content-justification-center is-layout-flex wp-container-3\"><\/div>\n\n\n\n<div class=\"wp-block-buttons is-content-justification-center is-layout-flex wp-container-4\">\n<div class=\"wp-block-button\"><a class=\"wp-block-button__link wp-element-button\" href=\"\/2023\/wp-content\/uploads\/2022\/10\/plaquettes-18eUHFP.zip\">T\u00e9l\u00e9charger<\/a><\/div>\n<\/div>\n<\/div>\n<\/div>\n\n\n\n<hr class=\"wp-block-separator has-alpha-channel-opacity\"\/>\n\n\n\n<div class=\"wp-block-columns is-layout-flex wp-container-12\">\n<div class=\"wp-block-column is-layout-flow\">\n<h4 class=\"in-page-title wp-block-heading\">Banni\u00e8res \u00ab\u00a0partenaires\u00a0\u00bb<\/h4>\n\n\n\n<ul>\n<li>Banni\u00e8re \u00ab\u00a0partenaires\u00a0\u00bb &#8211; A4, format .pdf<\/li>\n\n\n\n<li>Banni\u00e8re \u00ab\u00a0partenaires\u00a0\u00bb &#8211; A4, format .jpg<\/li>\n\n\n\n<li>Banni\u00e8re \u00ab\u00a0partenaires\u00a0\u00bb \u2013 1000x1000px (r\u00e9seaux sociaux), format .jpg<\/li>\n\n\n\n<li>Banni\u00e8re \u00ab\u00a0partenaires\u00a0\u00bb \u2013 1200x676px (r\u00e9seaux sociaux), format .jpg<\/li>\n<\/ul>\n\n\n\n<div class=\"wp-block-buttons is-content-justification-center is-layout-flex wp-container-7\">\n<div class=\"wp-block-button\"><a class=\"wp-block-button__link wp-element-button\" href=\"\/2023\/wp-content\/uploads\/2022\/10\/Bannieres-Partenaires.zip\" style=\"border-radius:100px\">T\u00e9l\u00e9charger<\/a><\/div>\n<\/div>\n<\/div>\n\n\n\n<div class=\"wp-block-column is-layout-flow\">\n<h4 class=\"in-page-title wp-block-heading\">Banni\u00e8res promotionnelles<\/h4>\n\n\n\n<ul>\n<li>Banni\u00e8re pour mail &#8211; Format .jpg<\/li>\n\n\n\n<li>Banni\u00e8re 16\/9 &#8211; Format .jpg, version 1<\/li>\n\n\n\n<li>Banni\u00e8re 16\/9 &#8211; Format .jpg, version 2<\/li>\n\n\n\n<li>Banni\u00e8re 16\/9 &#8211; Format .jpg, version 3<\/li>\n<\/ul>\n\n\n\n<div class=\"wp-block-buttons is-content-justification-center is-layout-flex wp-container-9\"><\/div>\n\n\n\n<br><br>\n\n\n\n<div class=\"wp-block-buttons is-content-justification-center is-layout-flex wp-container-10\">\n<div class=\"wp-block-button\"><a class=\"wp-block-button__link wp-element-button\" href=\"\/2023\/wp-content\/uploads\/2022\/10\/Bannieres-promotionnelles.zip\">T\u00e9l\u00e9charger<\/a><\/div>\n<\/div>\n<\/div>\n<\/div>\n\n\n\n<hr class=\"wp-block-separator has-alpha-channel-opacity\"\/>\n\n\n\n<div class=\"wp-block-columns is-layout-flex wp-container-16\">\n<div class=\"wp-block-column is-layout-flow\">\n<h4 class=\"in-page-title wp-block-heading\">Communiqu\u00e9s de presse<\/h4>\n\n\n\n<ul>\n<li>Communiqu\u00e9 de presse \u00ab\u00a0Save the date &#8211; UHFP 2023\u00a0\u00bb &#8211; Format .pdf<\/li>\n\n\n\n<li>Communiqu\u00e9 de presse \u00ab\u00a0UHFP 2023\u00a0\u00bb &#8211; Format .pdf<\/li>\n\n\n\n<li>Communiqu\u00e9 de presse \u00ab\u00a0UHFP 2023 &#8211; Ouverture du programme\u00a0\u00bb &#8211; Format .pdf<\/li>\n<\/ul>\n\n\n\n<div class=\"wp-block-buttons is-content-justification-center is-layout-flex wp-container-13\">\n<div class=\"wp-block-button\"><a class=\"wp-block-button__link wp-element-button\" href=\"\/2023\/wp-content\/uploads\/2022\/12\/communiques-de-presse-121222.zip\">T\u00e9l\u00e9charger<\/a><\/div>\n<\/div>\n<\/div>\n\n\n\n<div class=\"wp-block-column is-layout-flow\"><\/div>\n<\/div>\n","protected":false},"excerpt":{"rendered":"<p>Contacts Agence NASKAS-RP Ma\u00eblle Garrido \u2013 DirectriceT\u00e9l. : 06 12 70 77 30&nbsp;Email :&nbsp;maelle@naskas-rp.com Centre Inffo Fran\u00e7oise G\u00e9rardEmail :&nbsp;f.gerard@centre-inffo.fr Lisa MinvielleEmail :&nbsp;l.minvielle@centre-inffo.fr Kit communication Logo UHFP 2023 Plaquettes de pr\u00e9sentation &hellip; <\/p>\n","protected":false},"author":1,"featured_media":0,"parent":0,"menu_order":0,"comment_status":"closed","ping_status":"closed","template":"","meta":[],"categories":[91],"tags":[],"wf_page_folders":[90],"acf":[],"yoast_head":"<!-- This site is optimized with the Yoast SEO plugin v20.3 - https:\/\/yoast.com\/wordpress\/plugins\/seo\/ -->\n<title>Communication - 18e Universit\u00e9 d&#039;Hiver de la Formation Professionnelle<\/title>\n<meta name=\"robots\" content=\"index, follow, max-snippet:-1, max-image-preview:large, max-video-preview:-1\" \/>\n<link rel=\"canonical\" href=\"https:\/\/uhfp.centre-inffo.fr\/2023\/communication\/\" \/>\n<meta property=\"og:locale\" content=\"fr_FR\" \/>\n<meta property=\"og:type\" content=\"article\" \/>\n<meta property=\"og:title\" content=\"Communication - 18e Universit\u00e9 d&#039;Hiver de la Formation Professionnelle\" \/>\n<meta property=\"og:description\" content=\"Contacts Agence NASKAS-RP Ma\u00eblle Garrido \u2013 DirectriceT\u00e9l. : 06 12 70 77 30&nbsp;Email :&nbsp;maelle@naskas-rp.com Centre Inffo Fran\u00e7oise G\u00e9rardEmail :&nbsp;f.gerard@centre-inffo.fr Lisa MinvielleEmail :&nbsp;l.minvielle@centre-inffo.fr Kit communication Logo UHFP 2023 Plaquettes de pr\u00e9sentation &hellip;\" \/>\n<meta property=\"og:url\" content=\"https:\/\/uhfp.centre-inffo.fr\/2023\/communication\/\" \/>\n<meta property=\"og:site_name\" content=\"18e Universit\u00e9 d&#039;Hiver de la Formation Professionnelle\" \/>\n<meta property=\"article:publisher\" content=\"https:\/\/www.facebook.com\/centreinffo\" \/>\n<meta property=\"article:modified_time\" content=\"2022-12-12T16:17:47+00:00\" \/>\n<meta property=\"og:image\" content=\"https:\/\/uhfp.centre-inffo.fr\/2023\/wp-content\/uploads\/2022\/10\/communication.jpg\" \/>\n<meta name=\"twitter:card\" content=\"summary_large_image\" \/>\n<meta name=\"twitter:site\" content=\"@centreinffo\" \/>\n<meta name=\"twitter:label1\" content=\"Dur\u00e9e de lecture estim\u00e9e\" \/>\n\t<meta name=\"twitter:data1\" content=\"1 minute\" \/>\n<script type=\"application\/ld+json\" class=\"yoast-schema-graph\">{\"@context\":\"https:\/\/schema.org\",\"@graph\":[{\"@type\":\"WebPage\",\"@id\":\"https:\/\/uhfp.centre-inffo.fr\/2023\/communication\/\",\"url\":\"https:\/\/uhfp.centre-inffo.fr\/2023\/communication\/\",\"name\":\"Communication - 18e Universit\u00e9 d&#039;Hiver de la Formation Professionnelle\",\"isPartOf\":{\"@id\":\"https:\/\/uhfp.centre-inffo.fr\/2023\/#website\"},\"datePublished\":\"2022-10-12T08:16:42+00:00\",\"dateModified\":\"2022-12-12T16:17:47+00:00\",\"breadcrumb\":{\"@id\":\"https:\/\/uhfp.centre-inffo.fr\/2023\/communication\/#breadcrumb\"},\"inLanguage\":\"fr-FR\",\"potentialAction\":[{\"@type\":\"ReadAction\",\"target\":[\"https:\/\/uhfp.centre-inffo.fr\/2023\/communication\/\"]}]},{\"@type\":\"BreadcrumbList\",\"@id\":\"https:\/\/uhfp.centre-inffo.fr\/2023\/communication\/#breadcrumb\",\"itemListElement\":[{\"@type\":\"ListItem\",\"position\":1,\"name\":\"Accueil\",\"item\":\"https:\/\/uhfp.centre-inffo.fr\/2023\/\"},{\"@type\":\"ListItem\",\"position\":2,\"name\":\"Communication\",\"item\":\"https:\/\/uhfp.centre-inffo.fr\/2023\/rubrique\/communication\/\"},{\"@type\":\"ListItem\",\"position\":3,\"name\":\"Communication\"}]},{\"@type\":\"WebSite\",\"@id\":\"https:\/\/uhfp.centre-inffo.fr\/2023\/#website\",\"url\":\"https:\/\/uhfp.centre-inffo.fr\/2023\/\",\"name\":\"18e Universit\u00e9 d&#039;Hiver de la Formation Professionnelle\",\"description\":\"Comp\u00e9tences 2030 : r\u00e9ussir ensemble les transitions ! - Du 25 au 27 janvier 2023, \u00e0 Cannes\",\"publisher\":{\"@id\":\"https:\/\/uhfp.centre-inffo.fr\/2023\/#organization\"},\"potentialAction\":[{\"@type\":\"SearchAction\",\"target\":{\"@type\":\"EntryPoint\",\"urlTemplate\":\"https:\/\/uhfp.centre-inffo.fr\/2023\/?s={search_term_string}\"},\"query-input\":\"required name=search_term_string\"}],\"inLanguage\":\"fr-FR\"},{\"@type\":\"Organization\",\"@id\":\"https:\/\/uhfp.centre-inffo.fr\/2023\/#organization\",\"name\":\"Centre Inffo\",\"url\":\"https:\/\/uhfp.centre-inffo.fr\/2023\/\",\"logo\":{\"@type\":\"ImageObject\",\"inLanguage\":\"fr-FR\",\"@id\":\"https:\/\/uhfp.centre-inffo.fr\/2023\/#\/schema\/logo\/image\/\",\"url\":\"\",\"contentUrl\":\"\",\"caption\":\"Centre Inffo\"},\"image\":{\"@id\":\"https:\/\/uhfp.centre-inffo.fr\/2023\/#\/schema\/logo\/image\/\"},\"sameAs\":[\"https:\/\/www.facebook.com\/centreinffo\",\"https:\/\/twitter.com\/centreinffo\",\"https:\/\/www.linkedin.com\/company\/centre-inffo\/\",\"https:\/\/www.youtube.com\/user\/centreinffo\"]}]}<\/script>\n<!-- \/ Yoast SEO plugin. -->","yoast_head_json":{"title":"Communication - 18e Universit\u00e9 d&#039;Hiver de la Formation Professionnelle","robots":{"index":"index","follow":"follow","max-snippet":"max-snippet:-1","max-image-preview":"max-image-preview:large","max-video-preview":"max-video-preview:-1"},"canonical":"https:\/\/uhfp.centre-inffo.fr\/2023\/communication\/","og_locale":"fr_FR","og_type":"article","og_title":"Communication - 18e Universit\u00e9 d&#039;Hiver de la Formation Professionnelle","og_description":"Contacts Agence NASKAS-RP Ma\u00eblle Garrido \u2013 DirectriceT\u00e9l. : 06 12 70 77 30&nbsp;Email :&nbsp;maelle@naskas-rp.com Centre Inffo Fran\u00e7oise G\u00e9rardEmail :&nbsp;f.gerard@centre-inffo.fr Lisa MinvielleEmail :&nbsp;l.minvielle@centre-inffo.fr Kit communication Logo UHFP 2023 Plaquettes de pr\u00e9sentation &hellip;","og_url":"https:\/\/uhfp.centre-inffo.fr\/2023\/communication\/","og_site_name":"18e Universit\u00e9 d&#039;Hiver de la Formation Professionnelle","article_publisher":"https:\/\/www.facebook.com\/centreinffo","article_modified_time":"2022-12-12T16:17:47+00:00","og_image":[{"url":"https:\/\/uhfp.centre-inffo.fr\/2023\/wp-content\/uploads\/2022\/10\/communication.jpg"}],"twitter_card":"summary_large_image","twitter_site":"@centreinffo","twitter_misc":{"Dur\u00e9e de lecture estim\u00e9e":"1 minute"},"schema":{"@context":"https:\/\/schema.org","@graph":[{"@type":"WebPage","@id":"https:\/\/uhfp.centre-inffo.fr\/2023\/communication\/","url":"https:\/\/uhfp.centre-inffo.fr\/2023\/communication\/","name":"Communication - 18e Universit\u00e9 d&#039;Hiver de la Formation Professionnelle","isPartOf":{"@id":"https:\/\/uhfp.centre-inffo.fr\/2023\/#website"},"datePublished":"2022-10-12T08:16:42+00:00","dateModified":"2022-12-12T16:17:47+00:00","breadcrumb":{"@id":"https:\/\/uhfp.centre-inffo.fr\/2023\/communication\/#breadcrumb"},"inLanguage":"fr-FR","potentialAction":[{"@type":"ReadAction","target":["https:\/\/uhfp.centre-inffo.fr\/2023\/communication\/"]}]},{"@type":"BreadcrumbList","@id":"https:\/\/uhfp.centre-inffo.fr\/2023\/communication\/#breadcrumb","itemListElement":[{"@type":"ListItem","position":1,"name":"Accueil","item":"https:\/\/uhfp.centre-inffo.fr\/2023\/"},{"@type":"ListItem","position":2,"name":"Communication","item":"https:\/\/uhfp.centre-inffo.fr\/2023\/rubrique\/communication\/"},{"@type":"ListItem","position":3,"name":"Communication"}]},{"@type":"WebSite","@id":"https:\/\/uhfp.centre-inffo.fr\/2023\/#website","url":"https:\/\/uhfp.centre-inffo.fr\/2023\/","name":"18e Universit\u00e9 d&#039;Hiver de la Formation Professionnelle","description":"Comp\u00e9tences 2030 : r\u00e9ussir ensemble les transitions ! - Du 25 au 27 janvier 2023, \u00e0 Cannes","publisher":{"@id":"https:\/\/uhfp.centre-inffo.fr\/2023\/#organization"},"potentialAction":[{"@type":"SearchAction","target":{"@type":"EntryPoint","urlTemplate":"https:\/\/uhfp.centre-inffo.fr\/2023\/?s={search_term_string}"},"query-input":"required name=search_term_string"}],"inLanguage":"fr-FR"},{"@type":"Organization","@id":"https:\/\/uhfp.centre-inffo.fr\/2023\/#organization","name":"Centre Inffo","url":"https:\/\/uhfp.centre-inffo.fr\/2023\/","logo":{"@type":"ImageObject","inLanguage":"fr-FR","@id":"https:\/\/uhfp.centre-inffo.fr\/2023\/#\/schema\/logo\/image\/","url":"","contentUrl":"","caption":"Centre Inffo"},"image":{"@id":"https:\/\/uhfp.centre-inffo.fr\/2023\/#\/schema\/logo\/image\/"},"sameAs":["https:\/\/www.facebook.com\/centreinffo","https:\/\/twitter.com\/centreinffo","https:\/\/www.linkedin.com\/company\/centre-inffo\/","https:\/\/www.youtube.com\/user\/centreinffo"]}]}},"_links":{"self":[{"href":"https:\/\/uhfp.centre-inffo.fr\/2023\/wp-json\/wp\/v2\/pages\/1116"}],"collection":[{"href":"https:\/\/uhfp.centre-inffo.fr\/2023\/wp-json\/wp\/v2\/pages"}],"about":[{"href":"https:\/\/uhfp.centre-inffo.fr\/2023\/wp-json\/wp\/v2\/types\/page"}],"author":[{"embeddable":true,"href":"https:\/\/uhfp.centre-inffo.fr\/2023\/wp-json\/wp\/v2\/users\/1"}],"replies":[{"embeddable":true,"href":"https:\/\/uhfp.centre-inffo.fr\/2023\/wp-json\/wp\/v2\/comments?post=1116"}],"version-history":[{"count":24,"href":"https:\/\/uhfp.centre-inffo.fr\/2023\/wp-json\/wp\/v2\/pages\/1116\/revisions"}],"predecessor-version":[{"id":2842,"href":"https:\/\/uhfp.centre-inffo.fr\/2023\/wp-json\/wp\/v2\/pages\/1116\/revisions\/2842"}],"wp:attachment":[{"href":"https:\/\/uhfp.centre-inffo.fr\/2023\/wp-json\/wp\/v2\/media?parent=1116"}],"wp:term":[{"taxonomy":"category","embeddable":true,"href":"https:\/\/uhfp.centre-inffo.fr\/2023\/wp-json\/wp\/v2\/categories?post=1116"},{"taxonomy":"post_tag","embeddable":true,"href":"https:\/\/uhfp.centre-inffo.fr\/2023\/wp-json\/wp\/v2\/tags?post=1116"},{"taxonomy":"wf_page_folders","embeddable":true,"href":"https:\/\/uhfp.centre-inffo.fr\/2023\/wp-json\/wp\/v2\/wf_page_folders?post=1116"}],"curies":[{"name":"wp","href":"https:\/\/api.w.org\/{rel}","templated":true}]}}