{"id":1657,"date":"2022-11-17T11:30:43","date_gmt":"2022-11-17T10:30:43","guid":{"rendered":"https:\/\/uhfp.centre-inffo.fr\/2023\/?page_id=1657"},"modified":"2023-01-16T14:49:56","modified_gmt":"2023-01-16T13:49:56","slug":"mercredi-25-janvier","status":"publish","type":"page","link":"https:\/\/uhfp.centre-inffo.fr\/2023\/mercredi-25-janvier\/","title":{"rendered":"Mercredi 25 janvier"},"content":{"rendered":"\n<hr class=\"wp-block-separator has-alpha-channel-opacity\"\/>\n\n\n\n<h3 class=\"in-page-title-programme wp-block-heading\">13h &#8211; Accueil des participants<\/h3>\n\n\n\n<hr class=\"wp-block-separator has-alpha-channel-opacity\"\/>\n\n\n\n<h3 class=\"wp-block-heading\">14h30 &#8211; Pl\u00e9ni\u00e8re<\/h3>\n\n\n\n<hr class=\"wp-block-separator has-alpha-channel-opacity\"\/>\n\n\n\n<h4 class=\"wp-block-heading\">Animation de la s\u00e9ance pl\u00e9ni\u00e8re<\/h4>\n\n\n\n<ul>\n<li><strong>Fr\u00e9d\u00e9ric Ferrer, <\/strong>journaliste consultant, enseignant \u00e0 l\u2019ESCP Europe<\/li>\n<\/ul>\n\n\n\n<h4 class=\"wp-block-heading\">Ouverture<\/h4>\n\n\n\n<ul>\n<li><strong>Louis-Charles Viossat<\/strong><br>Pr\u00e9sident du Conseil d\u2019administration de Centre Inffo<br><\/li>\n\n\n\n<li><strong>Marie-Florence Bulteau-Rambaud<\/strong><br>Vice-pr\u00e9sidente en charge de l\u2019\u00c9ducation, des Lyc\u00e9es, de l\u2019orientation et de l\u2019apprentissage, R\u00e9gion Sud<br><\/li>\n\n\n\n<li><strong>Fran\u00e7ois Bonneau<\/strong>, pr\u00e9sident de la commission \u00c9ducation, orientation, formation et emploi de R\u00e9gions de France et pr\u00e9sident de la r\u00e9gion&nbsp;Centre-Val de Loire<br><\/li>\n\n\n\n<li><strong>Nicolas Schmit, <\/strong>commissaire europ\u00e9en \u00e0 l&rsquo;Emploi, aux Affaires sociales et \u00e0 l&rsquo;Insertion<br><\/li>\n\n\n\n<li><strong>Carole Grandjean<\/strong><br>ministre d\u00e9l\u00e9gu\u00e9e charg\u00e9e de l\u2019Enseignement et de la Formation professionnels aupr\u00e8s du ministre du Travail, du Plein emploi et de l\u2019Insertion et du ministre de l\u2019Education nationale et de la Jeunesse<br><\/li>\n<\/ul>\n\n\n\n<h3 class=\"wp-block-heading\">Conf\u00e9rence inaugurale \u00e0 deux voix<br>6 Portes pour adapter les comp\u00e9tences aux transitions<\/h3>\n\n\n\n<ul>\n<li><strong>C\u00e9cile Renouard<\/strong><br>Philosophe, pr\u00e9sidente du Campus de la transition<br><\/li>\n\n\n\n<li><strong>Jean-Claude Pats<\/strong><br>Directeur du Personnel et membre du Comex du groupe Michelin<\/li>\n<\/ul>\n\n\n\n<hr class=\"wp-block-separator has-alpha-channel-opacity\"\/>\n\n\n\n<h3 class=\"wp-block-heading\">16h05 &#8211; Pause<\/h3>\n\n\n\n<hr class=\"wp-block-separator has-alpha-channel-opacity\"\/>\n\n\n\n<h3 class=\"wp-block-heading\">Plateau-d\u00e9bat<br>Comp\u00e9tences d\u2019avenir : contraintes et opportunit\u00e9s des transitions<\/h3>\n\n\n\n<ul>\n<li><strong>Jean-Louis Bergey<\/strong><br>Chef de projet Transition(s) 2050, Ademe<br><\/li>\n\n\n\n<li><strong>Eric Chev\u00e9e<\/strong><br>Vice-pr\u00e9sident de la CPME en charge des affaires sociales<br><\/li>\n\n\n\n<li><strong>Pierre Courbebaisse<\/strong><br>Pr\u00e9sident des Acteurs de la Comp\u00e9tence<br><\/li>\n\n\n\n<li><strong>Forough Dadkhah<\/strong><br>Vice-pr\u00e9sidente Emploi, formation et orientation, R\u00e9gion Bretagne\/R\u00e9gions de France <br><\/li>\n\n\n\n<li><strong>Jean-No\u00ebl Tronc<\/strong><br>Directeur g\u00e9n\u00e9ral du Cned<br><\/li>\n\n\n\n<li><strong>Michel Yahiel<\/strong><br>Directeur des politiques sociales, Caisse des d\u00e9p\u00f4ts<\/li>\n<\/ul>\n\n\n\n<h3 class=\"wp-block-heading\">La 18e UHFP, en bref<\/h3>\n\n\n\n<ul>\n<li><strong>Pascale Romenteau<\/strong><br>Directrice g\u00e9n\u00e9rale de Centre Inffo<\/li>\n<\/ul>\n\n\n\n<hr class=\"wp-block-separator has-alpha-channel-opacity\"\/>\n\n\n\n<h3 class=\"wp-block-heading\">18h30 &#8211; Cl\u00f4ture de la pl\u00e9ni\u00e8re<\/h3>\n\n\n\n<hr class=\"wp-block-separator has-alpha-channel-opacity\"\/>\n\n\n\n<h3 class=\"in-page-title-programme wp-block-heading\">20h15 &#8211; D\u00eener d&rsquo;ouverture<br>Salon des ambassadeurs du Palais des festivals<\/h3>\n\n\n\n<hr class=\"wp-block-separator has-alpha-channel-opacity\"\/>\n\n\n<div class=\"wp-block-image\">\n<figure class=\"aligncenter size-full is-resized\"><img decoding=\"async\" loading=\"lazy\" src=\"https:\/\/uhfp.centre-inffo.fr\/2023\/wp-content\/uploads\/2022\/09\/theme-01.png\" alt=\"\" class=\"wp-image-887\" width=\"153\" height=\"143\" srcset=\"https:\/\/uhfp.centre-inffo.fr\/2023\/wp-content\/uploads\/2022\/09\/theme-01.png 306w, https:\/\/uhfp.centre-inffo.fr\/2023\/wp-content\/uploads\/2022\/09\/theme-01-300x280.png 300w\" sizes=\"(max-width: 153px) 100vw, 153px\" \/><\/figure><\/div>","protected":false},"excerpt":{"rendered":"<p>13h &#8211; Accueil des participants 14h30 &#8211; Pl\u00e9ni\u00e8re Animation de la s\u00e9ance pl\u00e9ni\u00e8re Ouverture Conf\u00e9rence inaugurale \u00e0 deux voix6 Portes pour adapter les comp\u00e9tences aux transitions 16h05 &#8211; Pause Plateau-d\u00e9batComp\u00e9tences &hellip; <\/p>\n","protected":false},"author":1,"featured_media":0,"parent":0,"menu_order":0,"comment_status":"closed","ping_status":"closed","template":"","meta":[],"categories":[],"tags":[],"wf_page_folders":[80],"acf":[],"yoast_head":"<!-- This site is optimized with the Yoast SEO plugin v20.3 - https:\/\/yoast.com\/wordpress\/plugins\/seo\/ -->\n<title>Mercredi 25 janvier - 18e Universit\u00e9 d&#039;Hiver de la Formation Professionnelle<\/title>\n<meta name=\"robots\" content=\"index, follow, max-snippet:-1, max-image-preview:large, max-video-preview:-1\" \/>\n<link rel=\"canonical\" href=\"https:\/\/uhfp.centre-inffo.fr\/2023\/mercredi-25-janvier\/\" \/>\n<meta property=\"og:locale\" content=\"fr_FR\" \/>\n<meta property=\"og:type\" content=\"article\" \/>\n<meta property=\"og:title\" content=\"Mercredi 25 janvier - 18e Universit\u00e9 d&#039;Hiver de la Formation Professionnelle\" \/>\n<meta property=\"og:description\" content=\"13h &#8211; Accueil des participants 14h30 &#8211; Pl\u00e9ni\u00e8re Animation de la s\u00e9ance pl\u00e9ni\u00e8re Ouverture Conf\u00e9rence inaugurale \u00e0 deux voix6 Portes pour adapter les comp\u00e9tences aux transitions 16h05 &#8211; Pause Plateau-d\u00e9batComp\u00e9tences &hellip;\" \/>\n<meta property=\"og:url\" content=\"https:\/\/uhfp.centre-inffo.fr\/2023\/mercredi-25-janvier\/\" \/>\n<meta property=\"og:site_name\" content=\"18e Universit\u00e9 d&#039;Hiver de la Formation Professionnelle\" \/>\n<meta property=\"article:publisher\" content=\"https:\/\/www.facebook.com\/centreinffo\" \/>\n<meta property=\"article:modified_time\" content=\"2023-01-16T13:49:56+00:00\" \/>\n<meta property=\"og:image\" content=\"https:\/\/uhfp.centre-inffo.fr\/2023\/wp-content\/uploads\/2022\/09\/theme-01.png\" \/>\n<meta name=\"twitter:card\" content=\"summary_large_image\" \/>\n<meta name=\"twitter:site\" content=\"@centreinffo\" \/>\n<script type=\"application\/ld+json\" class=\"yoast-schema-graph\">{\"@context\":\"https:\/\/schema.org\",\"@graph\":[{\"@type\":\"WebPage\",\"@id\":\"https:\/\/uhfp.centre-inffo.fr\/2023\/mercredi-25-janvier\/\",\"url\":\"https:\/\/uhfp.centre-inffo.fr\/2023\/mercredi-25-janvier\/\",\"name\":\"Mercredi 25 janvier - 18e Universit\u00e9 d&#039;Hiver de la Formation Professionnelle\",\"isPartOf\":{\"@id\":\"https:\/\/uhfp.centre-inffo.fr\/2023\/#website\"},\"datePublished\":\"2022-11-17T10:30:43+00:00\",\"dateModified\":\"2023-01-16T13:49:56+00:00\",\"breadcrumb\":{\"@id\":\"https:\/\/uhfp.centre-inffo.fr\/2023\/mercredi-25-janvier\/#breadcrumb\"},\"inLanguage\":\"fr-FR\",\"potentialAction\":[{\"@type\":\"ReadAction\",\"target\":[\"https:\/\/uhfp.centre-inffo.fr\/2023\/mercredi-25-janvier\/\"]}]},{\"@type\":\"BreadcrumbList\",\"@id\":\"https:\/\/uhfp.centre-inffo.fr\/2023\/mercredi-25-janvier\/#breadcrumb\",\"itemListElement\":[{\"@type\":\"ListItem\",\"position\":1,\"name\":\"Accueil\",\"item\":\"https:\/\/uhfp.centre-inffo.fr\/2023\/\"},{\"@type\":\"ListItem\",\"position\":2,\"name\":\"Programme\",\"item\":\"https:\/\/uhfp.centre-inffo.fr\/2023\/rubrique\/programme\/\"},{\"@type\":\"ListItem\",\"position\":3,\"name\":\"Mercredi 25 janvier\"}]},{\"@type\":\"WebSite\",\"@id\":\"https:\/\/uhfp.centre-inffo.fr\/2023\/#website\",\"url\":\"https:\/\/uhfp.centre-inffo.fr\/2023\/\",\"name\":\"18e Universit\u00e9 d&#039;Hiver de la Formation Professionnelle\",\"description\":\"Comp\u00e9tences 2030 : r\u00e9ussir ensemble les transitions ! - Du 25 au 27 janvier 2023, \u00e0 Cannes\",\"publisher\":{\"@id\":\"https:\/\/uhfp.centre-inffo.fr\/2023\/#organization\"},\"potentialAction\":[{\"@type\":\"SearchAction\",\"target\":{\"@type\":\"EntryPoint\",\"urlTemplate\":\"https:\/\/uhfp.centre-inffo.fr\/2023\/?s={search_term_string}\"},\"query-input\":\"required name=search_term_string\"}],\"inLanguage\":\"fr-FR\"},{\"@type\":\"Organization\",\"@id\":\"https:\/\/uhfp.centre-inffo.fr\/2023\/#organization\",\"name\":\"Centre Inffo\",\"url\":\"https:\/\/uhfp.centre-inffo.fr\/2023\/\",\"logo\":{\"@type\":\"ImageObject\",\"inLanguage\":\"fr-FR\",\"@id\":\"https:\/\/uhfp.centre-inffo.fr\/2023\/#\/schema\/logo\/image\/\",\"url\":\"\",\"contentUrl\":\"\",\"caption\":\"Centre Inffo\"},\"image\":{\"@id\":\"https:\/\/uhfp.centre-inffo.fr\/2023\/#\/schema\/logo\/image\/\"},\"sameAs\":[\"https:\/\/www.facebook.com\/centreinffo\",\"https:\/\/twitter.com\/centreinffo\",\"https:\/\/www.linkedin.com\/company\/centre-inffo\/\",\"https:\/\/www.youtube.com\/user\/centreinffo\"]}]}<\/script>\n<!-- \/ Yoast SEO plugin. -->","yoast_head_json":{"title":"Mercredi 25 janvier - 18e Universit\u00e9 d&#039;Hiver de la Formation Professionnelle","robots":{"index":"index","follow":"follow","max-snippet":"max-snippet:-1","max-image-preview":"max-image-preview:large","max-video-preview":"max-video-preview:-1"},"canonical":"https:\/\/uhfp.centre-inffo.fr\/2023\/mercredi-25-janvier\/","og_locale":"fr_FR","og_type":"article","og_title":"Mercredi 25 janvier - 18e Universit\u00e9 d&#039;Hiver de la Formation Professionnelle","og_description":"13h &#8211; Accueil des participants 14h30 &#8211; Pl\u00e9ni\u00e8re Animation de la s\u00e9ance pl\u00e9ni\u00e8re Ouverture Conf\u00e9rence inaugurale \u00e0 deux voix6 Portes pour adapter les comp\u00e9tences aux transitions 16h05 &#8211; Pause Plateau-d\u00e9batComp\u00e9tences &hellip;","og_url":"https:\/\/uhfp.centre-inffo.fr\/2023\/mercredi-25-janvier\/","og_site_name":"18e Universit\u00e9 d&#039;Hiver de la Formation Professionnelle","article_publisher":"https:\/\/www.facebook.com\/centreinffo","article_modified_time":"2023-01-16T13:49:56+00:00","og_image":[{"url":"https:\/\/uhfp.centre-inffo.fr\/2023\/wp-content\/uploads\/2022\/09\/theme-01.png"}],"twitter_card":"summary_large_image","twitter_site":"@centreinffo","schema":{"@context":"https:\/\/schema.org","@graph":[{"@type":"WebPage","@id":"https:\/\/uhfp.centre-inffo.fr\/2023\/mercredi-25-janvier\/","url":"https:\/\/uhfp.centre-inffo.fr\/2023\/mercredi-25-janvier\/","name":"Mercredi 25 janvier - 18e Universit\u00e9 d&#039;Hiver de la Formation Professionnelle","isPartOf":{"@id":"https:\/\/uhfp.centre-inffo.fr\/2023\/#website"},"datePublished":"2022-11-17T10:30:43+00:00","dateModified":"2023-01-16T13:49:56+00:00","breadcrumb":{"@id":"https:\/\/uhfp.centre-inffo.fr\/2023\/mercredi-25-janvier\/#breadcrumb"},"inLanguage":"fr-FR","potentialAction":[{"@type":"ReadAction","target":["https:\/\/uhfp.centre-inffo.fr\/2023\/mercredi-25-janvier\/"]}]},{"@type":"BreadcrumbList","@id":"https:\/\/uhfp.centre-inffo.fr\/2023\/mercredi-25-janvier\/#breadcrumb","itemListElement":[{"@type":"ListItem","position":1,"name":"Accueil","item":"https:\/\/uhfp.centre-inffo.fr\/2023\/"},{"@type":"ListItem","position":2,"name":"Programme","item":"https:\/\/uhfp.centre-inffo.fr\/2023\/rubrique\/programme\/"},{"@type":"ListItem","position":3,"name":"Mercredi 25 janvier"}]},{"@type":"WebSite","@id":"https:\/\/uhfp.centre-inffo.fr\/2023\/#website","url":"https:\/\/uhfp.centre-inffo.fr\/2023\/","name":"18e Universit\u00e9 d&#039;Hiver de la Formation Professionnelle","description":"Comp\u00e9tences 2030 : r\u00e9ussir ensemble les transitions ! - Du 25 au 27 janvier 2023, \u00e0 Cannes","publisher":{"@id":"https:\/\/uhfp.centre-inffo.fr\/2023\/#organization"},"potentialAction":[{"@type":"SearchAction","target":{"@type":"EntryPoint","urlTemplate":"https:\/\/uhfp.centre-inffo.fr\/2023\/?s={search_term_string}"},"query-input":"required name=search_term_string"}],"inLanguage":"fr-FR"},{"@type":"Organization","@id":"https:\/\/uhfp.centre-inffo.fr\/2023\/#organization","name":"Centre Inffo","url":"https:\/\/uhfp.centre-inffo.fr\/2023\/","logo":{"@type":"ImageObject","inLanguage":"fr-FR","@id":"https:\/\/uhfp.centre-inffo.fr\/2023\/#\/schema\/logo\/image\/","url":"","contentUrl":"","caption":"Centre Inffo"},"image":{"@id":"https:\/\/uhfp.centre-inffo.fr\/2023\/#\/schema\/logo\/image\/"},"sameAs":["https:\/\/www.facebook.com\/centreinffo","https:\/\/twitter.com\/centreinffo","https:\/\/www.linkedin.com\/company\/centre-inffo\/","https:\/\/www.youtube.com\/user\/centreinffo"]}]}},"_links":{"self":[{"href":"https:\/\/uhfp.centre-inffo.fr\/2023\/wp-json\/wp\/v2\/pages\/1657"}],"collection":[{"href":"https:\/\/uhfp.centre-inffo.fr\/2023\/wp-json\/wp\/v2\/pages"}],"about":[{"href":"https:\/\/uhfp.centre-inffo.fr\/2023\/wp-json\/wp\/v2\/types\/page"}],"author":[{"embeddable":true,"href":"https:\/\/uhfp.centre-inffo.fr\/2023\/wp-json\/wp\/v2\/users\/1"}],"replies":[{"embeddable":true,"href":"https:\/\/uhfp.centre-inffo.fr\/2023\/wp-json\/wp\/v2\/comments?post=1657"}],"version-history":[{"count":23,"href":"https:\/\/uhfp.centre-inffo.fr\/2023\/wp-json\/wp\/v2\/pages\/1657\/revisions"}],"predecessor-version":[{"id":4961,"href":"https:\/\/uhfp.centre-inffo.fr\/2023\/wp-json\/wp\/v2\/pages\/1657\/revisions\/4961"}],"wp:attachment":[{"href":"https:\/\/uhfp.centre-inffo.fr\/2023\/wp-json\/wp\/v2\/media?parent=1657"}],"wp:term":[{"taxonomy":"category","embeddable":true,"href":"https:\/\/uhfp.centre-inffo.fr\/2023\/wp-json\/wp\/v2\/categories?post=1657"},{"taxonomy":"post_tag","embeddable":true,"href":"https:\/\/uhfp.centre-inffo.fr\/2023\/wp-json\/wp\/v2\/tags?post=1657"},{"taxonomy":"wf_page_folders","embeddable":true,"href":"https:\/\/uhfp.centre-inffo.fr\/2023\/wp-json\/wp\/v2\/wf_page_folders?post=1657"}],"curies":[{"name":"wp","href":"https:\/\/api.w.org\/{rel}","templated":true}]}}