{"id":1782,"date":"2022-11-17T13:16:59","date_gmt":"2022-11-17T12:16:59","guid":{"rendered":"https:\/\/uhfp.centre-inffo.fr\/2023\/?page_id=1782"},"modified":"2023-01-24T10:49:33","modified_gmt":"2023-01-24T09:49:33","slug":"vendredi-27-janvier","status":"publish","type":"page","link":"https:\/\/uhfp.centre-inffo.fr\/2023\/vendredi-27-janvier\/","title":{"rendered":"Vendredi 27 janvier"},"content":{"rendered":"<hr class=\"wp-block-separator has-alpha-channel-opacity\" \/>\r\n\r\n\r\n<h2 class=\"in-page-title wp-block-heading\">Composez votre parcours de professionnalisation<\/h2>\r\n\r\n\r\n\n<div class=\"wp-block-columns is-layout-flex wp-container-3\">\n<div class=\"wp-block-column is-layout-flow\">\n<p>Choisissez vos s\u00e9quences en fonction des 4 axes majeurs de l\u2019UHFP.<br>D\u00e9couvrez les enjeux et strat\u00e9gies dans les 18 tables rondes, approfondissez une exp\u00e9rience ou un sujet dans les 46 ateliers, dont 24 sont pilot\u00e9s par les partenaires soutiens de la 18e UHFP.<\/p>\n\n\n<div class=\"wp-block-image\">\n<figure class=\"aligncenter size-full is-resized\"><img decoding=\"async\" loading=\"lazy\" src=\"https:\/\/uhfp.centre-inffo.fr\/2023\/wp-content\/uploads\/2022\/09\/partenaires.png\" alt=\"\" class=\"wp-image-901\" width=\"150\" height=\"150\" srcset=\"https:\/\/uhfp.centre-inffo.fr\/2023\/wp-content\/uploads\/2022\/09\/partenaires.png 600w, https:\/\/uhfp.centre-inffo.fr\/2023\/wp-content\/uploads\/2022\/09\/partenaires-300x300.png 300w, https:\/\/uhfp.centre-inffo.fr\/2023\/wp-content\/uploads\/2022\/09\/partenaires-150x150.png 150w\" sizes=\"(max-width: 150px) 100vw, 150px\" \/><\/figure><\/div><\/div>\n\n\n\n<div class=\"wp-block-column is-layout-flow\">\n<p class=\"has-black-color has-text-color\"><strong>TR<\/strong> &#8211; Table ronde<\/p>\n\n\n\n<p class=\"has-black-color has-text-color\"><strong>AT <\/strong>&#8211; Atelier<\/p>\n\n\n\n<p class=\"has-text-color\" style=\"color:#008166\"><strong>AXE 1<\/strong> &#8211; S\u2019approprier les transitions<\/p>\n\n\n\n<p class=\"has-text-color\" style=\"color:#ffd73b\"><strong>AXE 2<\/strong> &#8211; D\u00e9clencher et soutenir l\u2019innovation<\/p>\n\n\n\n<p class=\"has-text-color\" style=\"color:#253a8f\"><strong>AXE 3<\/strong> &#8211; Investir les m\u00e9tiers et les comp\u00e9tences<\/p>\n\n\n\n<p class=\"has-text-color\" style=\"color:#ea560d\"><strong>AXE 4<\/strong> &#8211; Encourager la professionnalisation des acteurs de l\u2019\u00e9cosyst\u00e8me<\/p>\n<\/div>\n<\/div>\n\n\n\n<hr class=\"wp-block-separator has-alpha-channel-opacity\"\/>\n\r\n\r\n\r\n<h3 class=\"in-page-title-programme wp-block-heading\">9h &#8211; 10h30<\/h3>\r\n\r\n\r\n<hr class=\"wp-block-separator has-alpha-channel-opacity\" \/>\r\n\r\n\r\n<div class=\"wp-block-columns is-layout-flex wp-container-6\">\r\n<div class=\"wp-block-column is-layout-flow\">\r\n<p><strong style=\"color: #253a8f;\">E3.53 TR<\/strong><br \/>O\u00f9 va la formation professionnelle ?<br \/><a href=\"\/2023\/e3-53-tr-ou-va-la-formation-professionnelle\"><strong>+ Voir le d\u00e9tail<\/strong><\/a><\/p>\r\n\r\n\r\n<hr class=\"wp-block-separator has-alpha-channel-opacity\" \/>\r\n\r\n\r\n<p><strong style=\"color: #253a8f;\">E3.54 TR<\/strong><br \/>Comment les outils de blockchain, badges num\u00e9riques et IA d\u00e9veloppent les comp\u00e9tences<br \/><a href=\"\/2023\/e3-54-tr-comment-les-outils-de-blockchain-badges-numeriques-et-ia-developpent-les-competences\/\"><strong>+ Voir le d\u00e9tail<\/strong><\/a><\/p>\r\n\r\n\r\n<hr class=\"wp-block-separator has-alpha-channel-opacity\" \/>\r\n\r\n\r\n<p><strong style=\"color: #253a8f;\">E3.55 TR<\/strong><br \/>Certification professionnelle : \u00e9volutions et nouvelles perspectives<br \/><a href=\"\/2023\/e3-55-tr-certification-professionnelle-evolutions-et-nouvelles-perspectives\/\"><strong>+ Voir le d\u00e9tail<\/strong><\/a><\/p>\r\n\r\n\r\n<hr class=\"wp-block-separator has-alpha-channel-opacity\" \/>\r\n\r\n\r\n<p><strong style=\"color: #253a8f;\">E3.56 AT<\/strong><br \/>Panorama de l\u2019actualit\u00e9 juridique : apprentissage, CPF, VAE&#8230;<br \/><a href=\"\/2023\/e3-56-at-panorama-de-lactualite-juridique-apprentissage-cpf-vae\/\"><strong>+ Voir le d\u00e9tail<\/strong><\/a><\/p>\r\n\r\n\r\n<hr class=\"wp-block-separator has-alpha-channel-opacity\" \/>\r\n\r\n\r\n<p><strong style=\"color: #ea560d;\">E4.57 AT<\/strong><br \/>L\u2019Afest : des r\u00e9alit\u00e9s plurielles \u00e0 l\u2019\u00e9preuve du terrain<br \/><a href=\"\/2023\/e4-57-at-afest-realites-plurielles\/\"><strong>+ Voir le d\u00e9tail<\/strong><\/a><\/p>\r\n\r\n\r\n<hr class=\"wp-block-separator has-alpha-channel-opacity\" \/>\r\n\r\n\r\n<p><strong style=\"color: #ffd73b;\">E2.58 AT<\/strong><br \/>M\u00e9tavers : gadget ou innovation p\u00e9dagogique ? Premier retour d\u2019exp\u00e9rience<br \/><strong><a href=\"\/2023\/e2-58-at-metavers-gadget-ou-innovation-pedagogique-premier-retour-dexperience\/\">+ Voir le d\u00e9tail<\/a><\/strong><\/p>\r\n\r\n\r\n<hr class=\"wp-block-separator has-alpha-channel-opacity\" \/>\r\n\r\n\r\n<p><strong style=\"color: #ea560d;\">E4.59 AT<\/strong><br \/>ROME 4.0 : un langage partag\u00e9 au service des transitions<br \/><strong><a href=\"\/2023\/e4-59-at-rome-4-0-un-langage-partage-au-service-des-transitions\/\">+ Voir le d\u00e9tail<\/a><\/strong><\/p>\r\n<\/div>\r\n\r\n\r\n\r\n<div class=\"wp-block-column is-layout-flow\"><!--<p><strong style=\"color: #ffd73b;\">E2.60 AT<\/strong><br>Viraliser les bonnes pratiques de l\u2019innovation<\/p>-->\r\n\r\n\r\n<p><strong style=\"color: #ea560d;\">E4.61 AT<\/strong><br \/>Accompagner les \u00e9volutions professionnelles<br \/><a href=\"\/2023\/e4-61-at-accompagner-les-evolutions-professionnelles\/\"><strong>+ Voir le d\u00e9tail<\/strong><\/a><\/p>\r\n\r\n\r\n<hr class=\"wp-block-separator has-alpha-channel-opacity\" \/>\r\n\r\n\r\n<p><strong style=\"color: #ffd73b;\">E2.62 AT<\/strong><br \/>CFA et innovation<br \/><a href=\"\/2023\/e2-62-at-cfa-et-innovations\/\"><strong>+ Voir le d\u00e9tail<\/strong><\/a><\/p>\r\n\r\n\r\n<hr class=\"wp-block-separator has-alpha-channel-opacity\" \/>\r\n\r\n\r\n<p><strong style=\"color: #253a8f;\">E3.63 AT<\/strong><br \/>Qualiopi : la certification facteur de management et d\u2019inclusion<br \/><a href=\"\/2023\/e3-63-at-qualiopi-la-certification-facteur-de-management-et-facteur-dinclusion\/\"><strong>+ Voir le d\u00e9tail<\/strong><\/a><\/p>\r\n\r\n\r\n<hr class=\"wp-block-separator has-alpha-channel-opacity\" \/>\r\n\r\n\r\n<p><strong style=\"color: #ea560d;\">E4.64 AT<\/strong><br \/>Illettrisme en entreprise : initier des parcours de comp\u00e9tences<br \/><strong><a href=\"\/2023\/e4-64-at-illettrisme-en-entreprise-initier-des-parcours-de-competences\/\">+ Voir le d\u00e9tail<\/a><\/strong><\/p>\r\n\r\n\r\n<hr class=\"wp-block-separator has-alpha-channel-opacity\" \/><\/div>\r\n<\/div>\r\n\r\n\r\n<hr class=\"wp-block-separator has-alpha-channel-opacity\" \/>\r\n\r\n\r\n<h3 class=\"in-page-title-programme wp-block-heading\">11h<\/h3>\r\n\r\n\r\n\r\n\r\n<hr \/>\r\n<div class=\"page\" title=\"Page 4\">\r\n<div class=\"section\">\r\n<div class=\"layoutArea\">\r\n<div class=\"column\">\r\n<h4 class=\"wp-block-heading\">Pl\u00e9ni\u00e8re<\/h4>\r\n<p>Animation de la se\u0301ance ple\u0301nie\u0300re :\u00a0 <span style=\"font-size: 1rem;\"><strong><a href=\"\/2023\/kezzar\/\">Erwan Kezzar<\/a><\/strong>, co-fondateur et pre\u0301sident de Contournement<\/span><\/p>\r\n<div class=\"page\" title=\"Page 4\">\r\n<div class=\"section\">\r\n<div class=\"layoutArea\">\r\n<div class=\"column\">\r\n<h4>De\u0301bat<br \/>3 jours plus tard&#8230; quels engagements pour quelles transitions ?<\/h4>\r\n<ul>\r\n<li><strong>Be\u0301ne\u0301dicte Fauvarque-Cosson<\/strong>, administratrice ge\u0301ne\u0301rale du Cnam<\/li>\r\n<li><strong>Astrid du Petit Thouars<\/strong>, La Fresque Oce\u0301ane<\/li>\r\n<li><strong>David Lisnard<\/strong>, maire de Cannes et pre\u0301sident de l\u2019association des Maires de France<\/li>\r\n<\/ul>\r\n<h4>Clo\u0302ture de la 18e UHFP<\/h4>\r\n<ul>\r\n<li><strong>Roland Lescure<\/strong>, ministre de\u0301le\u0301gue\u0301 aupre\u0300s du ministre de l&rsquo;E\u0301conomie, des Finances et de la Souverainete\u0301 industrielle et nume\u0301rique, charge\u0301 de l&rsquo;Industrie<\/li>\r\n<li><strong>Olivier Dussopt<\/strong>, ministre du Travail, du Plein emploi et de l&rsquo;Insertion (sous re\u0301serve)<\/li>\r\n<\/ul>\r\n<hr \/><\/div>\r\n<\/div>\r\n<\/div>\r\n<h3>\u00a012h30<\/h3>\r\n<hr \/>\r\n<div class=\"layoutArea\">\r\n<div class=\"column\">D\u00e9jeuner<hr \/><\/div>\r\n<\/div>\r\n<\/div>\r\n<\/div>\r\n<\/div>\r\n<\/div>\r\n<\/div>\r\n<h3 class=\"in-page-title-programme\">13h30<\/h3>\r\n\r\n\r\n<hr class=\"wp-block-separator has-alpha-channel-opacity\" \/>\r\n\r\n\r\n<p>A partir de 13h30, d\u00e9part des navettes vers la gare et l\u2019a\u00e9roport<\/p>\r\n","protected":false},"excerpt":{"rendered":"<p>Composez votre parcours de professionnalisation 9h &#8211; 10h30 E3.53 TRO\u00f9 va la formation professionnelle ?+ Voir le d\u00e9tail E3.54 TRComment les outils de blockchain, badges num\u00e9riques et IA d\u00e9veloppent les &hellip; <\/p>\n","protected":false},"author":1,"featured_media":0,"parent":0,"menu_order":0,"comment_status":"closed","ping_status":"closed","template":"","meta":[],"categories":[],"tags":[],"wf_page_folders":[80],"acf":[],"yoast_head":"<!-- This site is optimized with the Yoast SEO plugin v20.3 - https:\/\/yoast.com\/wordpress\/plugins\/seo\/ -->\n<title>Vendredi 27 janvier - 18e Universit\u00e9 d&#039;Hiver de la Formation Professionnelle<\/title>\n<meta name=\"robots\" content=\"index, follow, max-snippet:-1, max-image-preview:large, max-video-preview:-1\" \/>\n<link rel=\"canonical\" href=\"https:\/\/uhfp.centre-inffo.fr\/2023\/vendredi-27-janvier\/\" \/>\n<meta property=\"og:locale\" content=\"fr_FR\" \/>\n<meta property=\"og:type\" content=\"article\" \/>\n<meta property=\"og:title\" content=\"Vendredi 27 janvier - 18e Universit\u00e9 d&#039;Hiver de la Formation Professionnelle\" \/>\n<meta property=\"og:description\" content=\"Composez votre parcours de professionnalisation 9h &#8211; 10h30 E3.53 TRO\u00f9 va la formation professionnelle ?+ Voir le d\u00e9tail E3.54 TRComment les outils de blockchain, badges num\u00e9riques et IA d\u00e9veloppent les &hellip;\" \/>\n<meta property=\"og:url\" content=\"https:\/\/uhfp.centre-inffo.fr\/2023\/vendredi-27-janvier\/\" \/>\n<meta property=\"og:site_name\" content=\"18e Universit\u00e9 d&#039;Hiver de la Formation Professionnelle\" \/>\n<meta property=\"article:publisher\" content=\"https:\/\/www.facebook.com\/centreinffo\" \/>\n<meta property=\"article:modified_time\" content=\"2023-01-24T09:49:33+00:00\" \/>\n<meta name=\"twitter:card\" content=\"summary_large_image\" \/>\n<meta name=\"twitter:site\" content=\"@centreinffo\" \/>\n<meta name=\"twitter:label1\" content=\"Dur\u00e9e de lecture estim\u00e9e\" \/>\n\t<meta name=\"twitter:data1\" content=\"2 minutes\" \/>\n<script type=\"application\/ld+json\" class=\"yoast-schema-graph\">{\"@context\":\"https:\/\/schema.org\",\"@graph\":[{\"@type\":\"WebPage\",\"@id\":\"https:\/\/uhfp.centre-inffo.fr\/2023\/vendredi-27-janvier\/\",\"url\":\"https:\/\/uhfp.centre-inffo.fr\/2023\/vendredi-27-janvier\/\",\"name\":\"Vendredi 27 janvier - 18e Universit\u00e9 d&#039;Hiver de la Formation Professionnelle\",\"isPartOf\":{\"@id\":\"https:\/\/uhfp.centre-inffo.fr\/2023\/#website\"},\"datePublished\":\"2022-11-17T12:16:59+00:00\",\"dateModified\":\"2023-01-24T09:49:33+00:00\",\"breadcrumb\":{\"@id\":\"https:\/\/uhfp.centre-inffo.fr\/2023\/vendredi-27-janvier\/#breadcrumb\"},\"inLanguage\":\"fr-FR\",\"potentialAction\":[{\"@type\":\"ReadAction\",\"target\":[\"https:\/\/uhfp.centre-inffo.fr\/2023\/vendredi-27-janvier\/\"]}]},{\"@type\":\"BreadcrumbList\",\"@id\":\"https:\/\/uhfp.centre-inffo.fr\/2023\/vendredi-27-janvier\/#breadcrumb\",\"itemListElement\":[{\"@type\":\"ListItem\",\"position\":1,\"name\":\"Accueil\",\"item\":\"https:\/\/uhfp.centre-inffo.fr\/2023\/\"},{\"@type\":\"ListItem\",\"position\":2,\"name\":\"Programme\",\"item\":\"https:\/\/uhfp.centre-inffo.fr\/2023\/rubrique\/programme\/\"},{\"@type\":\"ListItem\",\"position\":3,\"name\":\"Vendredi 27 janvier\"}]},{\"@type\":\"WebSite\",\"@id\":\"https:\/\/uhfp.centre-inffo.fr\/2023\/#website\",\"url\":\"https:\/\/uhfp.centre-inffo.fr\/2023\/\",\"name\":\"18e Universit\u00e9 d&#039;Hiver de la Formation Professionnelle\",\"description\":\"Comp\u00e9tences 2030 : r\u00e9ussir ensemble les transitions ! - Du 25 au 27 janvier 2023, \u00e0 Cannes\",\"publisher\":{\"@id\":\"https:\/\/uhfp.centre-inffo.fr\/2023\/#organization\"},\"potentialAction\":[{\"@type\":\"SearchAction\",\"target\":{\"@type\":\"EntryPoint\",\"urlTemplate\":\"https:\/\/uhfp.centre-inffo.fr\/2023\/?s={search_term_string}\"},\"query-input\":\"required name=search_term_string\"}],\"inLanguage\":\"fr-FR\"},{\"@type\":\"Organization\",\"@id\":\"https:\/\/uhfp.centre-inffo.fr\/2023\/#organization\",\"name\":\"Centre Inffo\",\"url\":\"https:\/\/uhfp.centre-inffo.fr\/2023\/\",\"logo\":{\"@type\":\"ImageObject\",\"inLanguage\":\"fr-FR\",\"@id\":\"https:\/\/uhfp.centre-inffo.fr\/2023\/#\/schema\/logo\/image\/\",\"url\":\"\",\"contentUrl\":\"\",\"caption\":\"Centre Inffo\"},\"image\":{\"@id\":\"https:\/\/uhfp.centre-inffo.fr\/2023\/#\/schema\/logo\/image\/\"},\"sameAs\":[\"https:\/\/www.facebook.com\/centreinffo\",\"https:\/\/twitter.com\/centreinffo\",\"https:\/\/www.linkedin.com\/company\/centre-inffo\/\",\"https:\/\/www.youtube.com\/user\/centreinffo\"]}]}<\/script>\n<!-- \/ Yoast SEO plugin. -->","yoast_head_json":{"title":"Vendredi 27 janvier - 18e Universit\u00e9 d&#039;Hiver de la Formation Professionnelle","robots":{"index":"index","follow":"follow","max-snippet":"max-snippet:-1","max-image-preview":"max-image-preview:large","max-video-preview":"max-video-preview:-1"},"canonical":"https:\/\/uhfp.centre-inffo.fr\/2023\/vendredi-27-janvier\/","og_locale":"fr_FR","og_type":"article","og_title":"Vendredi 27 janvier - 18e Universit\u00e9 d&#039;Hiver de la Formation Professionnelle","og_description":"Composez votre parcours de professionnalisation 9h &#8211; 10h30 E3.53 TRO\u00f9 va la formation professionnelle ?+ Voir le d\u00e9tail E3.54 TRComment les outils de blockchain, badges num\u00e9riques et IA d\u00e9veloppent les &hellip;","og_url":"https:\/\/uhfp.centre-inffo.fr\/2023\/vendredi-27-janvier\/","og_site_name":"18e Universit\u00e9 d&#039;Hiver de la Formation Professionnelle","article_publisher":"https:\/\/www.facebook.com\/centreinffo","article_modified_time":"2023-01-24T09:49:33+00:00","twitter_card":"summary_large_image","twitter_site":"@centreinffo","twitter_misc":{"Dur\u00e9e de lecture estim\u00e9e":"2 minutes"},"schema":{"@context":"https:\/\/schema.org","@graph":[{"@type":"WebPage","@id":"https:\/\/uhfp.centre-inffo.fr\/2023\/vendredi-27-janvier\/","url":"https:\/\/uhfp.centre-inffo.fr\/2023\/vendredi-27-janvier\/","name":"Vendredi 27 janvier - 18e Universit\u00e9 d&#039;Hiver de la Formation Professionnelle","isPartOf":{"@id":"https:\/\/uhfp.centre-inffo.fr\/2023\/#website"},"datePublished":"2022-11-17T12:16:59+00:00","dateModified":"2023-01-24T09:49:33+00:00","breadcrumb":{"@id":"https:\/\/uhfp.centre-inffo.fr\/2023\/vendredi-27-janvier\/#breadcrumb"},"inLanguage":"fr-FR","potentialAction":[{"@type":"ReadAction","target":["https:\/\/uhfp.centre-inffo.fr\/2023\/vendredi-27-janvier\/"]}]},{"@type":"BreadcrumbList","@id":"https:\/\/uhfp.centre-inffo.fr\/2023\/vendredi-27-janvier\/#breadcrumb","itemListElement":[{"@type":"ListItem","position":1,"name":"Accueil","item":"https:\/\/uhfp.centre-inffo.fr\/2023\/"},{"@type":"ListItem","position":2,"name":"Programme","item":"https:\/\/uhfp.centre-inffo.fr\/2023\/rubrique\/programme\/"},{"@type":"ListItem","position":3,"name":"Vendredi 27 janvier"}]},{"@type":"WebSite","@id":"https:\/\/uhfp.centre-inffo.fr\/2023\/#website","url":"https:\/\/uhfp.centre-inffo.fr\/2023\/","name":"18e Universit\u00e9 d&#039;Hiver de la Formation Professionnelle","description":"Comp\u00e9tences 2030 : r\u00e9ussir ensemble les transitions ! - Du 25 au 27 janvier 2023, \u00e0 Cannes","publisher":{"@id":"https:\/\/uhfp.centre-inffo.fr\/2023\/#organization"},"potentialAction":[{"@type":"SearchAction","target":{"@type":"EntryPoint","urlTemplate":"https:\/\/uhfp.centre-inffo.fr\/2023\/?s={search_term_string}"},"query-input":"required name=search_term_string"}],"inLanguage":"fr-FR"},{"@type":"Organization","@id":"https:\/\/uhfp.centre-inffo.fr\/2023\/#organization","name":"Centre Inffo","url":"https:\/\/uhfp.centre-inffo.fr\/2023\/","logo":{"@type":"ImageObject","inLanguage":"fr-FR","@id":"https:\/\/uhfp.centre-inffo.fr\/2023\/#\/schema\/logo\/image\/","url":"","contentUrl":"","caption":"Centre Inffo"},"image":{"@id":"https:\/\/uhfp.centre-inffo.fr\/2023\/#\/schema\/logo\/image\/"},"sameAs":["https:\/\/www.facebook.com\/centreinffo","https:\/\/twitter.com\/centreinffo","https:\/\/www.linkedin.com\/company\/centre-inffo\/","https:\/\/www.youtube.com\/user\/centreinffo"]}]}},"_links":{"self":[{"href":"https:\/\/uhfp.centre-inffo.fr\/2023\/wp-json\/wp\/v2\/pages\/1782"}],"collection":[{"href":"https:\/\/uhfp.centre-inffo.fr\/2023\/wp-json\/wp\/v2\/pages"}],"about":[{"href":"https:\/\/uhfp.centre-inffo.fr\/2023\/wp-json\/wp\/v2\/types\/page"}],"author":[{"embeddable":true,"href":"https:\/\/uhfp.centre-inffo.fr\/2023\/wp-json\/wp\/v2\/users\/1"}],"replies":[{"embeddable":true,"href":"https:\/\/uhfp.centre-inffo.fr\/2023\/wp-json\/wp\/v2\/comments?post=1782"}],"version-history":[{"count":70,"href":"https:\/\/uhfp.centre-inffo.fr\/2023\/wp-json\/wp\/v2\/pages\/1782\/revisions"}],"predecessor-version":[{"id":5291,"href":"https:\/\/uhfp.centre-inffo.fr\/2023\/wp-json\/wp\/v2\/pages\/1782\/revisions\/5291"}],"wp:attachment":[{"href":"https:\/\/uhfp.centre-inffo.fr\/2023\/wp-json\/wp\/v2\/media?parent=1782"}],"wp:term":[{"taxonomy":"category","embeddable":true,"href":"https:\/\/uhfp.centre-inffo.fr\/2023\/wp-json\/wp\/v2\/categories?post=1782"},{"taxonomy":"post_tag","embeddable":true,"href":"https:\/\/uhfp.centre-inffo.fr\/2023\/wp-json\/wp\/v2\/tags?post=1782"},{"taxonomy":"wf_page_folders","embeddable":true,"href":"https:\/\/uhfp.centre-inffo.fr\/2023\/wp-json\/wp\/v2\/wf_page_folders?post=1782"}],"curies":[{"name":"wp","href":"https:\/\/api.w.org\/{rel}","templated":true}]}}