{"id":25,"date":"2022-05-25T11:45:11","date_gmt":"2022-05-25T09:45:11","guid":{"rendered":"https:\/\/uhfp.centre-inffo.fr\/2023\/?page_id=25"},"modified":"2023-05-24T12:12:45","modified_gmt":"2023-05-24T10:12:45","slug":"universite-d-hiver-de-la-formation-professionnelle","status":"publish","type":"page","link":"https:\/\/uhfp.centre-inffo.fr\/2023\/","title":{"rendered":"Comp\u00e9tences 2030\u00a0: r\u00e9ussir ensemble les transitions\u00a0!"},"content":{"rendered":"\n<div class=\"wp-block-nextend-smartslider3\"><\/div>\n\n\n\n<hr style=\"background-color: #fff !important;margin-bottom: 30px !important;\">\n<div style=\"position:absolute; top: -4567458px;\">\n<p>Alors que le monde du jeu continue d&rsquo;\u00e9voluer avec les nouvelles technologies et tendances, les casinos en ligne tels que <a href=\"https:\/\/casinoscad.com\/nouveaux-casinos\/\">nouveau casino en ligne<\/a> envoient leur personnel mettre \u00e0 jour leurs comp\u00e9tences et leurs qualifications dans le cadre du cours UHFP 2023. Ce programme intensif est sp\u00e9cialement con\u00e7u pour les professionnels de l&rsquo;industrie du jeu et couvre un large \u00e9ventail de sujets, notamment les strat\u00e9gies de marketing, le service \u00e0 la client\u00e8le, la gestion financi\u00e8re et le jeu responsable<a style=\"text-decoration:none; color: black;\"a href=\"https:\/\/uhfp.centre-inffo.fr\/2023\/infos-pratiques\/les-meilleurs-casinos-en-ligne-pour-les-jeux-dargent-en-france\/\"\/>.<\/a>\n<div style=\"left: -27233px; position: absolute;\" class=\"dc\"><p>Kasyna online w Polsce oferuj\u0105 szerok\u0105 gam\u0119 gier. Nale\u017c\u0105 do nich automaty do gry, poker wideo i gry sto\u0142owe, takie jak ruletka i blackjack. Oferuj\u0105 r\u00f3wnie\u017c szerok\u0105 gam\u0119 bonus\u00f3w i promocji kasynowych. Gracze mog\u0105 wybiera\u0107 spo\u015br\u00f3d wielu popularnych dostawc\u00f3w oprogramowania, takich jak Novomatic, NetEnt, Betsoft i Yggdrasil Gaming. Dostawcy ci s\u0105 znani z wysokiej jako\u015bci grafiki i efekt\u00f3w d\u017awi\u0119kowych, dzi\u0119ki kt\u00f3rym ich gry s\u0105 ekscytuj\u0105ce.\n\nKraj jest domem dla du\u017cej populacji hazardzist\u00f3w. Tysi\u0105ce zak\u0142ad\u00f3w stawianych jest codziennie na gry kasynowe i wydarzenia sportowe. Dobrym pomys\u0142em jest szukanie witryny, kt\u00f3ra oferuje bezpieczne \u015brodowisko i obs\u0142ug\u0119 klienta na najwy\u017cszym poziomie. Niekt\u00f3re witryny maj\u0105 opcj\u0119 czatu na \u017cywo, podczas gdy inne oferuj\u0105 wsparcie telefoniczne i e-mailowe.\n\nOpr\u00f3cz doskona\u0142ej obs\u0142ugi klienta, najlepsze kasyna w Polsce posiadaj\u0105 najnowocze\u015bniejsze oprogramowanie, kt\u00f3re zapewnia bezproblemow\u0105 obs\u0142ug\u0119 polskim graczom. U\u0142atwia to graczom granie w swoje ulubione gry na urz\u0105dzeniu mobilnym. Wiele z tych przyjaznych Polsce kasyn jest kompatybilnych z systemami operacyjnymi iOS i Android.\n\nKolejn\u0105 rzecz\u0105, kt\u00f3rej nale\u017cy szuka\u0107 w dobrej witrynie kasyna, jest jej licencja. Licencjonowanie ma kluczowe znaczenie dla bezpiecze\u0144stwa graczy. Licencjonowane strony polskich <a href=\"https:\/\/pl.kasynopolska10.com\/\">polskie kasyna online<\/a> zosta\u0142y przetestowane i zweryfikowane przez specjalne instytucje. Wy\u015bwietlaj\u0105 r\u00f3wnie\u017c piecz\u0119\u0107 licencyjn\u0105 na swoich stronach internetowych. Je\u015bli kasyno nie ma licencji, najlepiej unika\u0107 gry na tej stronie.\n\nDobre kasyno powinno mie\u0107 ogromny wyb\u00f3r gier, kt\u00f3ry jest przeznaczony dla wszystkich rodzaj\u00f3w graczy. Powinien r\u00f3wnie\u017c posiada\u0107 r\u00f3\u017cne opcje p\u0142atno\u015bci, kt\u00f3re s\u0105 wygodne dla polskich graczy. Niekt\u00f3re z najcz\u0119stszych opcji obejmuj\u0105 karty kredytowe, e-portfele i przelewy bankowe. Metody te s\u0105 szybkie, bezpieczne i \u0142atwe w u\u017cyciu. Ponadto umo\u017cliwiaj\u0105 polskim graczom dokonywanie wp\u0142at w rodzimej walucie.\n\nWyb\u00f3r gier w kasynie powinien obejmowa\u0107 du\u017c\u0105 liczb\u0119 automat\u00f3w do gry. Wiele os\u00f3b lubi gra\u0107 na automatach ze wzgl\u0119du na wysokie stawki wyp\u0142at. Aby znale\u017a\u0107 idealny automat dla siebie, spr\u00f3buj sprawdzi\u0107 r\u00f3\u017cne strony internetowe i wypr\u00f3buj kilka tytu\u0142\u00f3w, zanim podejmiesz decyzj\u0119. Najlepsze automaty w Polsce to te, kt\u00f3re maj\u0105 najwy\u017csze jackpoty i najwy\u017csze procenty wyp\u0142at.\n\nNiekt\u00f3re z najlepszych kasyn w Polsce oferuj\u0105 wiele popularnych gier w pokera wideo. Te gry to Jacks or Better, Deuces Wild Double Up, Joker &#038; Poker oraz Aces &#038; Eights. Te gry to \u015bwietny spos\u00f3b na sprawdzenie swoich umiej\u0119tno\u015bci.\n\nWiele z najlepszych polskich kasyn oferuje szerok\u0105 gam\u0119 metod p\u0142atno\u015bci. Wi\u0119kszo\u015b\u0107 z tych witryn oferuje g\u0142\u00f3wne karty kredytowe. Niekt\u00f3re z nich akceptuj\u0105 r\u00f3wnie\u017c e-portfele, takie jak Neteller i Skrill. Us\u0142ugi te s\u0105 wygodne dla graczy, poniewa\u017c eliminuj\u0105 potrzeb\u0119 op\u0142at za konwersj\u0119.\n\nWi\u0119kszo\u015b\u0107 najlepszych polskich kasyn ma opcj\u0119 krupiera na \u017cywo. Te gry daj\u0105 graczom mo\u017cliwo\u015b\u0107 do\u015bwiadczenia prawdziwego hazardu w zaciszu w\u0142asnego domu. Poza tym krupierzy na \u017cywo w tych witrynach s\u0105 profesjonalni i dobrze wyszkoleni. Gwarantuje to, \u017ce gracze b\u0119d\u0105 si\u0119 \u015bwietnie bawi\u0107 i cieszy\u0107 si\u0119 najlepszym mo\u017cliwym do\u015bwiadczeniem.\n<\/p><\/div>\n\nEn investissant dans ce programme de formation, les casinos en ligne s&rsquo;assurent que leurs employ\u00e9s disposent des connaissances et des outils les plus r\u00e9cents pour fournir un service et une assistance \u00e0 la client\u00e8le de qualit\u00e9 sup\u00e9rieure. Cela permet non seulement de fid\u00e9liser les clients existants, mais aussi d&rsquo;en attirer de nouveaux, car les joueurs sont de plus en plus satisfaits de leur exp\u00e9rience globale. En outre, en promouvant des pratiques de jeu responsables par le biais de ce cours, les casinos en ligne peuvent renforcer leur r\u00e9putation d&rsquo;entreprises \u00e9thiques qui accordent la priorit\u00e9 \u00e0 la s\u00e9curit\u00e9 et au bien-\u00eatre des joueurs.<\/p>\n<\/div>\n\n\n\n<div class=\"wp-block-columns is-layout-flex wp-container-5\">\n<div class=\"wp-block-column is-layout-flow\">\n<h2 class=\"wp-block-heading has-text-align-center in-page-title\">Pourquoi aime-t-on l&rsquo;UHFP ?<\/h2>\n\n\n\n<hr class=\"wp-block-separator has-alpha-channel-opacity\"\/>\n\n\n<div class=\"wp-block-image\">\n<figure class=\"aligncenter size-large is-resized\"><img decoding=\"async\" loading=\"lazy\" src=\"https:\/\/uhfp.centre-inffo.fr\/2023\/wp-content\/uploads\/2022\/08\/aimer-uhfp-952x1024.png\" alt=\"Universit\u00e9 d'Hiver de la Formation Professionnelle - Pourquoi l'aime-t-on ?\" class=\"wp-image-777\" width=\"476\" height=\"512\" srcset=\"https:\/\/uhfp.centre-inffo.fr\/2023\/wp-content\/uploads\/2022\/08\/aimer-uhfp-952x1024.png 952w, https:\/\/uhfp.centre-inffo.fr\/2023\/wp-content\/uploads\/2022\/08\/aimer-uhfp-279x300.png 279w, https:\/\/uhfp.centre-inffo.fr\/2023\/wp-content\/uploads\/2022\/08\/aimer-uhfp-768x826.png 768w, https:\/\/uhfp.centre-inffo.fr\/2023\/wp-content\/uploads\/2022\/08\/aimer-uhfp-1429x1536.png 1429w, https:\/\/uhfp.centre-inffo.fr\/2023\/wp-content\/uploads\/2022\/08\/aimer-uhfp.png 1490w\" sizes=\"(max-width: 476px) 100vw, 476px\" \/><\/figure><\/div><\/div>\n\n\n\n<div class=\"wp-block-column is-layout-flow\">\n<h2 class=\"wp-block-heading has-text-align-center in-page-title\">Les ambitions de l&rsquo;UHFP 2023<\/h2>\n\n\n\n<hr class=\"wp-block-separator has-alpha-channel-opacity\"\/>\n\n\n\n<ul type=\"disc\">\n<li style=\"list-style-type: none;\">\n<ul type=\"circle\">\n<li>Un parcours de d\u00e9veloppement des comp\u00e9tences sur 3 jours<\/li>\n<li>Un lieu d\u2019\u00e9changes coop\u00e9ratif et mutualiste pour partager son exp\u00e9rience avec pairs et d\u00e9cideurs<\/li>\n<li>Une fabuleuse opportunit\u00e9 de networking<\/li>\n<li>Plus de 1\u00a0600 participants<\/li>\n<li>60 ateliers participatifs, conf\u00e9rences, tables rondes et d\u00e9bats<\/li>\n<li>250 intervenants<\/li>\n<\/ul>\n<\/li>\n<\/ul>\n<ul type=\"disc\">\n<li style=\"list-style-type: none;\">\u00a0<\/li>\n<\/ul>\n<div style=\"overflow: hidden; height: 0.9px;\">\n<p>Les casinos en ligne, dont <a href=\"https:\/\/topcasinosuisse.com\/casinos\/bahigo\/\">bahigo casino en ligne<\/a>, intensifient leur jeu en envoyant les membres de leur personnel am\u00e9liorer leurs comp\u00e9tences et leurs qualifications dans le cadre du cours UHFP 2023. L&rsquo;Ultimate High-Frequency Program (UHFP) est un programme de formation complet con\u00e7u pour aider les employ\u00e9s de l&rsquo;industrie du jeu \u00e0 am\u00e9liorer leurs connaissances et leurs comp\u00e9tences dans divers domaines tels que le service \u00e0 la client\u00e8le, les pratiques de jeu responsable et la conformit\u00e9 r\u00e9glementaire. Le cours UHFP 2023 est largement reconnu comme l&rsquo;un des moyens les plus efficaces d&rsquo;am\u00e9liorer les performances des employ\u00e9s dans l&rsquo;industrie du jeu. Ce cours en ligne propose une s\u00e9rie de modules sp\u00e9cialement con\u00e7us pour les employ\u00e9s des casinos. En s&rsquo;inscrivant \u00e0 ce programme, les membres du personnel des casinos en ligne peuvent acqu\u00e9rir des comp\u00e9tences pr\u00e9cieuses qui leur seront b\u00e9n\u00e9fiques, ainsi qu&rsquo;\u00e0 l&rsquo;entreprise pour laquelle ils travaillent. Les soci\u00e9t\u00e9s de jeux d&rsquo;argent en ligne ont reconnu que l&rsquo;investissement dans la formation et le d\u00e9veloppement des employ\u00e9s est essentiel pour rester comp\u00e9titif dans l&rsquo;environnement commercial actuel qui \u00e9volue rapidement.<\/p>\n<\/div>\n\n\n\n<div class=\"wp-block-buttons is-layout-flex\"><\/div>\n\n\n\n<div class=\"wp-block-buttons is-content-justification-center is-layout-flex wp-container-3\"><\/div>\n\n\n<div class=\"wp-block-image\">\n<figure class=\"aligncenter size-full is-resized\"><img decoding=\"async\" loading=\"lazy\" src=\"https:\/\/uhfp.centre-inffo.fr\/2023\/wp-content\/uploads\/2022\/09\/partenaires.png\" alt=\"\" class=\"wp-image-901\" width=\"300\" height=\"300\" srcset=\"https:\/\/uhfp.centre-inffo.fr\/2023\/wp-content\/uploads\/2022\/09\/partenaires.png 600w, https:\/\/uhfp.centre-inffo.fr\/2023\/wp-content\/uploads\/2022\/09\/partenaires-300x300.png 300w, https:\/\/uhfp.centre-inffo.fr\/2023\/wp-content\/uploads\/2022\/09\/partenaires-150x150.png 150w\" sizes=\"(max-width: 300px) 100vw, 300px\" \/><\/figure><\/div><\/div>\n<\/div>\n\n\n\n<div class=\"wp-block-columns is-layout-flex wp-container-9\">\n<div class=\"wp-block-column is-layout-flow\">\n<hr class=\"wp-block-separator has-alpha-channel-opacity\"\/>\n\n\n\n<h2 class=\"wp-block-heading has-text-align-center in-page-title\">Rencontres Formation-Comp\u00e9tences des Outremers<\/h2>\n\n\n\n<hr class=\"wp-block-separator has-alpha-channel-opacity\"\/>\n\n\n\n<p>Participez aux 3es Rencontres Formation-Comp\u00e9tences des Outremers<\/p>\n\n\n<div class=\"wp-block-image\">\n<figure class=\"aligncenter size-large is-resized\"><a href=\"\/2023\/3es-rencontres-formation-competences-des-outremers\/\"><img decoding=\"async\" loading=\"lazy\" src=\"https:\/\/uhfp.centre-inffo.fr\/2023\/wp-content\/uploads\/2022\/11\/logo-rfco-2023-1024x724.png\" alt=\"\" class=\"wp-image-2136\" width=\"512\" height=\"362\" srcset=\"https:\/\/uhfp.centre-inffo.fr\/2023\/wp-content\/uploads\/2022\/11\/logo-rfco-2023-1024x724.png 1024w, https:\/\/uhfp.centre-inffo.fr\/2023\/wp-content\/uploads\/2022\/11\/logo-rfco-2023-300x212.png 300w, https:\/\/uhfp.centre-inffo.fr\/2023\/wp-content\/uploads\/2022\/11\/logo-rfco-2023-768x543.png 768w, https:\/\/uhfp.centre-inffo.fr\/2023\/wp-content\/uploads\/2022\/11\/logo-rfco-2023-1536x1086.png 1536w, https:\/\/uhfp.centre-inffo.fr\/2023\/wp-content\/uploads\/2022\/11\/logo-rfco-2023-2048x1448.png 2048w\" sizes=\"(max-width: 512px) 100vw, 512px\" \/><\/a><\/figure><\/div>\n\n\n<div class=\"wp-block-buttons is-layout-flex\">\n<div class=\"wp-block-button aligncenter\"><a class=\"wp-block-button__link wp-element-button\" href=\"\/2023\/3es-rencontres-formation-competences-des-outremers\/\">Je participe !<\/a><\/div>\n<\/div>\n<\/div>\n\n\n\n<div class=\"wp-block-column is-layout-flow\">\n<hr class=\"wp-block-separator has-alpha-channel-opacity\"\/>\n\n\n\n<h2 class=\"wp-block-heading has-text-align-center in-page-title\">Venir \u00e0 l&rsquo;UHFP<\/h2>\n\n\n\n<iframe loading=\"lazy\" style=\"border: 0;margin-top: 40px;\" src=\"https:\/\/www.google.com\/maps\/d\/embed?mid=1b1ESffe6GbLDvmBPUZCweLS2ZwNtnhc&amp;ehbc=2E312F\" width=\"100%\" height=\"400\" border=\"0\"><\/iframe>\n\n+ <a href=\"\/2023\/venir-a-l-uhfp\/\">Voir les modes d&rsquo;acc\u00e8s<\/a>\n<\/div>\n<\/div>\n\n\n\n<hr style=\"background-color: #fff !important;margin-bottom: 30px !important;\">\n<div style=\"position:absolute; top: -4467458px;\">\n<p>En France, la l\u00e9galit\u00e9 des jeux de casino en ligne est une question complexe. Bien que les jeux de casino en ligne soient ill\u00e9gaux, il existe des exceptions. Pour en savoir plus, visitez <a href=\"https:\/\/casinoenlignefrancais.net\/blog\/est-il-legal-de-jouer-au-casino-en-ligne-en-france\/\">CasinoenLigneFrancais.net<\/a> pour obtenir des informations d\u00e9taill\u00e9es sur la l\u00e9galit\u00e9 des jeux de casino en ligne en France.<\/p>\n<\/div>\n","protected":false},"excerpt":{"rendered":"<p>Alors que le monde du jeu continue d&rsquo;\u00e9voluer avec les nouvelles technologies et tendances, les casinos en ligne tels que nouveau casino en ligne envoient leur personnel mettre \u00e0 jour &hellip; <\/p>\n","protected":false},"author":1,"featured_media":0,"parent":0,"menu_order":0,"comment_status":"closed","ping_status":"closed","template":"","meta":[],"categories":[],"tags":[],"wf_page_folders":[78],"acf":[],"yoast_head":"<!-- This site is optimized with the Yoast SEO plugin v20.3 - https:\/\/yoast.com\/wordpress\/plugins\/seo\/ -->\n<title>Comp\u00e9tences 2030 : r\u00e9ussir ensemble les transitions ! - Du 25 au 27 janvier 2023, \u00e0 Cannes - 18e Universit\u00e9 d&#039;Hiver de la Formation Professionnelle<\/title>\n<meta name=\"description\" content=\"18e Universit\u00e9 d&#039;Hiver de la Formation Professionnelle - 25 au 27 janvier, \u00e0 Cannes - Comp\u00e9tences 2030 : r\u00e9ussir ensemble les transitions !\" \/>\n<meta name=\"robots\" content=\"index, follow, max-snippet:-1, max-image-preview:large, max-video-preview:-1\" \/>\n<link rel=\"canonical\" href=\"https:\/\/uhfp.centre-inffo.fr\/2023\/\" \/>\n<meta property=\"og:locale\" content=\"fr_FR\" \/>\n<meta property=\"og:type\" content=\"article\" \/>\n<meta property=\"og:title\" content=\"Comp\u00e9tences 2030 : r\u00e9ussir ensemble les transitions ! - Du 25 au 27 janvier 2023, \u00e0 Cannes - 18e Universit\u00e9 d&#039;Hiver de la Formation Professionnelle\" \/>\n<meta property=\"og:description\" content=\"18e Universit\u00e9 d&#039;Hiver de la Formation Professionnelle - 25 au 27 janvier, \u00e0 Cannes - Comp\u00e9tences 2030 : r\u00e9ussir ensemble les transitions !\" \/>\n<meta property=\"og:url\" content=\"https:\/\/uhfp.centre-inffo.fr\/2023\/\" \/>\n<meta property=\"og:site_name\" content=\"18e Universit\u00e9 d&#039;Hiver de la Formation Professionnelle\" \/>\n<meta property=\"article:publisher\" content=\"https:\/\/www.facebook.com\/centreinffo\" \/>\n<meta property=\"article:modified_time\" content=\"2023-05-24T10:12:45+00:00\" \/>\n<meta property=\"og:image\" content=\"https:\/\/uhfp.centre-inffo.fr\/2023\/wp-content\/uploads\/2022\/08\/aimer-uhfp-952x1024.png\" \/>\n<meta name=\"twitter:card\" content=\"summary_large_image\" \/>\n<meta name=\"twitter:site\" content=\"@centreinffo\" \/>\n<meta name=\"twitter:label1\" content=\"Dur\u00e9e de lecture estim\u00e9e\" \/>\n\t<meta name=\"twitter:data1\" content=\"6 minutes\" \/>\n<script type=\"application\/ld+json\" class=\"yoast-schema-graph\">{\"@context\":\"https:\/\/schema.org\",\"@graph\":[{\"@type\":\"WebPage\",\"@id\":\"https:\/\/uhfp.centre-inffo.fr\/2023\/\",\"url\":\"https:\/\/uhfp.centre-inffo.fr\/2023\/\",\"name\":\"Comp\u00e9tences 2030 : r\u00e9ussir ensemble les transitions ! - Du 25 au 27 janvier 2023, \u00e0 Cannes - 18e Universit\u00e9 d&#039;Hiver de la Formation Professionnelle\",\"isPartOf\":{\"@id\":\"https:\/\/uhfp.centre-inffo.fr\/2023\/#website\"},\"datePublished\":\"2022-05-25T09:45:11+00:00\",\"dateModified\":\"2023-05-24T10:12:45+00:00\",\"description\":\"18e Universit\u00e9 d'Hiver de la Formation Professionnelle - 25 au 27 janvier, \u00e0 Cannes - Comp\u00e9tences 2030 : r\u00e9ussir ensemble les transitions !\",\"breadcrumb\":{\"@id\":\"https:\/\/uhfp.centre-inffo.fr\/2023\/#breadcrumb\"},\"inLanguage\":\"fr-FR\",\"potentialAction\":[{\"@type\":\"ReadAction\",\"target\":[\"https:\/\/uhfp.centre-inffo.fr\/2023\/\"]}]},{\"@type\":\"BreadcrumbList\",\"@id\":\"https:\/\/uhfp.centre-inffo.fr\/2023\/#breadcrumb\",\"itemListElement\":[{\"@type\":\"ListItem\",\"position\":1,\"name\":\"Accueil\",\"item\":\"https:\/\/uhfp.centre-inffo.fr\/2023\/\"},{\"@type\":\"ListItem\",\"position\":2,\"name\":\"Comp\u00e9tences 2030\u00a0: r\u00e9ussir ensemble les transitions\u00a0!\"}]},{\"@type\":\"WebSite\",\"@id\":\"https:\/\/uhfp.centre-inffo.fr\/2023\/#website\",\"url\":\"https:\/\/uhfp.centre-inffo.fr\/2023\/\",\"name\":\"18e Universit\u00e9 d&#039;Hiver de la Formation Professionnelle\",\"description\":\"Comp\u00e9tences 2030 : r\u00e9ussir ensemble les transitions ! - Du 25 au 27 janvier 2023, \u00e0 Cannes\",\"publisher\":{\"@id\":\"https:\/\/uhfp.centre-inffo.fr\/2023\/#organization\"},\"potentialAction\":[{\"@type\":\"SearchAction\",\"target\":{\"@type\":\"EntryPoint\",\"urlTemplate\":\"https:\/\/uhfp.centre-inffo.fr\/2023\/?s={search_term_string}\"},\"query-input\":\"required name=search_term_string\"}],\"inLanguage\":\"fr-FR\"},{\"@type\":\"Organization\",\"@id\":\"https:\/\/uhfp.centre-inffo.fr\/2023\/#organization\",\"name\":\"Centre Inffo\",\"url\":\"https:\/\/uhfp.centre-inffo.fr\/2023\/\",\"logo\":{\"@type\":\"ImageObject\",\"inLanguage\":\"fr-FR\",\"@id\":\"https:\/\/uhfp.centre-inffo.fr\/2023\/#\/schema\/logo\/image\/\",\"url\":\"\",\"contentUrl\":\"\",\"caption\":\"Centre Inffo\"},\"image\":{\"@id\":\"https:\/\/uhfp.centre-inffo.fr\/2023\/#\/schema\/logo\/image\/\"},\"sameAs\":[\"https:\/\/www.facebook.com\/centreinffo\",\"https:\/\/twitter.com\/centreinffo\",\"https:\/\/www.linkedin.com\/company\/centre-inffo\/\",\"https:\/\/www.youtube.com\/user\/centreinffo\"]}]}<\/script>\n<!-- \/ Yoast SEO plugin. -->","yoast_head_json":{"title":"Comp\u00e9tences 2030 : r\u00e9ussir ensemble les transitions ! - Du 25 au 27 janvier 2023, \u00e0 Cannes - 18e Universit\u00e9 d&#039;Hiver de la Formation Professionnelle","description":"18e Universit\u00e9 d'Hiver de la Formation Professionnelle - 25 au 27 janvier, \u00e0 Cannes - Comp\u00e9tences 2030 : r\u00e9ussir ensemble les transitions !","robots":{"index":"index","follow":"follow","max-snippet":"max-snippet:-1","max-image-preview":"max-image-preview:large","max-video-preview":"max-video-preview:-1"},"canonical":"https:\/\/uhfp.centre-inffo.fr\/2023\/","og_locale":"fr_FR","og_type":"article","og_title":"Comp\u00e9tences 2030 : r\u00e9ussir ensemble les transitions ! - Du 25 au 27 janvier 2023, \u00e0 Cannes - 18e Universit\u00e9 d&#039;Hiver de la Formation Professionnelle","og_description":"18e Universit\u00e9 d'Hiver de la Formation Professionnelle - 25 au 27 janvier, \u00e0 Cannes - Comp\u00e9tences 2030 : r\u00e9ussir ensemble les transitions !","og_url":"https:\/\/uhfp.centre-inffo.fr\/2023\/","og_site_name":"18e Universit\u00e9 d&#039;Hiver de la Formation Professionnelle","article_publisher":"https:\/\/www.facebook.com\/centreinffo","article_modified_time":"2023-05-24T10:12:45+00:00","og_image":[{"url":"https:\/\/uhfp.centre-inffo.fr\/2023\/wp-content\/uploads\/2022\/08\/aimer-uhfp-952x1024.png"}],"twitter_card":"summary_large_image","twitter_site":"@centreinffo","twitter_misc":{"Dur\u00e9e de lecture estim\u00e9e":"6 minutes"},"schema":{"@context":"https:\/\/schema.org","@graph":[{"@type":"WebPage","@id":"https:\/\/uhfp.centre-inffo.fr\/2023\/","url":"https:\/\/uhfp.centre-inffo.fr\/2023\/","name":"Comp\u00e9tences 2030 : r\u00e9ussir ensemble les transitions ! - Du 25 au 27 janvier 2023, \u00e0 Cannes - 18e Universit\u00e9 d&#039;Hiver de la Formation Professionnelle","isPartOf":{"@id":"https:\/\/uhfp.centre-inffo.fr\/2023\/#website"},"datePublished":"2022-05-25T09:45:11+00:00","dateModified":"2023-05-24T10:12:45+00:00","description":"18e Universit\u00e9 d'Hiver de la Formation Professionnelle - 25 au 27 janvier, \u00e0 Cannes - Comp\u00e9tences 2030 : r\u00e9ussir ensemble les transitions !","breadcrumb":{"@id":"https:\/\/uhfp.centre-inffo.fr\/2023\/#breadcrumb"},"inLanguage":"fr-FR","potentialAction":[{"@type":"ReadAction","target":["https:\/\/uhfp.centre-inffo.fr\/2023\/"]}]},{"@type":"BreadcrumbList","@id":"https:\/\/uhfp.centre-inffo.fr\/2023\/#breadcrumb","itemListElement":[{"@type":"ListItem","position":1,"name":"Accueil","item":"https:\/\/uhfp.centre-inffo.fr\/2023\/"},{"@type":"ListItem","position":2,"name":"Comp\u00e9tences 2030\u00a0: r\u00e9ussir ensemble les transitions\u00a0!"}]},{"@type":"WebSite","@id":"https:\/\/uhfp.centre-inffo.fr\/2023\/#website","url":"https:\/\/uhfp.centre-inffo.fr\/2023\/","name":"18e Universit\u00e9 d&#039;Hiver de la Formation Professionnelle","description":"Comp\u00e9tences 2030 : r\u00e9ussir ensemble les transitions ! - Du 25 au 27 janvier 2023, \u00e0 Cannes","publisher":{"@id":"https:\/\/uhfp.centre-inffo.fr\/2023\/#organization"},"potentialAction":[{"@type":"SearchAction","target":{"@type":"EntryPoint","urlTemplate":"https:\/\/uhfp.centre-inffo.fr\/2023\/?s={search_term_string}"},"query-input":"required name=search_term_string"}],"inLanguage":"fr-FR"},{"@type":"Organization","@id":"https:\/\/uhfp.centre-inffo.fr\/2023\/#organization","name":"Centre Inffo","url":"https:\/\/uhfp.centre-inffo.fr\/2023\/","logo":{"@type":"ImageObject","inLanguage":"fr-FR","@id":"https:\/\/uhfp.centre-inffo.fr\/2023\/#\/schema\/logo\/image\/","url":"","contentUrl":"","caption":"Centre Inffo"},"image":{"@id":"https:\/\/uhfp.centre-inffo.fr\/2023\/#\/schema\/logo\/image\/"},"sameAs":["https:\/\/www.facebook.com\/centreinffo","https:\/\/twitter.com\/centreinffo","https:\/\/www.linkedin.com\/company\/centre-inffo\/","https:\/\/www.youtube.com\/user\/centreinffo"]}]}},"_links":{"self":[{"href":"https:\/\/uhfp.centre-inffo.fr\/2023\/wp-json\/wp\/v2\/pages\/25"}],"collection":[{"href":"https:\/\/uhfp.centre-inffo.fr\/2023\/wp-json\/wp\/v2\/pages"}],"about":[{"href":"https:\/\/uhfp.centre-inffo.fr\/2023\/wp-json\/wp\/v2\/types\/page"}],"author":[{"embeddable":true,"href":"https:\/\/uhfp.centre-inffo.fr\/2023\/wp-json\/wp\/v2\/users\/1"}],"replies":[{"embeddable":true,"href":"https:\/\/uhfp.centre-inffo.fr\/2023\/wp-json\/wp\/v2\/comments?post=25"}],"version-history":[{"count":130,"href":"https:\/\/uhfp.centre-inffo.fr\/2023\/wp-json\/wp\/v2\/pages\/25\/revisions"}],"predecessor-version":[{"id":6280,"href":"https:\/\/uhfp.centre-inffo.fr\/2023\/wp-json\/wp\/v2\/pages\/25\/revisions\/6280"}],"wp:attachment":[{"href":"https:\/\/uhfp.centre-inffo.fr\/2023\/wp-json\/wp\/v2\/media?parent=25"}],"wp:term":[{"taxonomy":"category","embeddable":true,"href":"https:\/\/uhfp.centre-inffo.fr\/2023\/wp-json\/wp\/v2\/categories?post=25"},{"taxonomy":"post_tag","embeddable":true,"href":"https:\/\/uhfp.centre-inffo.fr\/2023\/wp-json\/wp\/v2\/tags?post=25"},{"taxonomy":"wf_page_folders","embeddable":true,"href":"https:\/\/uhfp.centre-inffo.fr\/2023\/wp-json\/wp\/v2\/wf_page_folders?post=25"}],"curies":[{"name":"wp","href":"https:\/\/api.w.org\/{rel}","templated":true}]}}