{"id":2832,"date":"2022-12-06T10:00:00","date_gmt":"2022-12-06T09:00:00","guid":{"rendered":"https:\/\/uhfp.centre-inffo.fr\/2023\/?page_id=2832"},"modified":"2022-12-30T10:24:55","modified_gmt":"2022-12-30T09:24:55","slug":"huguenin-genie","status":"publish","type":"page","link":"https:\/\/uhfp.centre-inffo.fr\/2023\/huguenin-genie\/","title":{"rendered":"Huguenin-G\u00e9nie"},"content":{"rendered":"\n<p>Dipl\u00f4m\u00e9 d\u2019une \u00e9cole de commerce et titulaire d\u2019un mast\u00e8re en ing\u00e9nierie de la<br>formation, Philippe HUGUENIN-GENIE a d\u00e9but\u00e9 sa carri\u00e8re en 1992 au FAFSEA<br>(ex-OPCA de l\u2019agriculture), comme d\u00e9l\u00e9gu\u00e9 r\u00e9gional Pays de la Loire, Bretagne, puis<br>Aquitaine.<\/p>\n\n\n\n<p>En 2003, il rejoint l\u2019Opcareg Ile-de-France en tant que directeur financier, avant de<br>prendre la direction g\u00e9n\u00e9rale de l\u2019organisme, devenu entre-temps Opcalia Ile-deFrance.<\/p>\n\n\n\n<p>En 2012, il \u00e9volue vers les fonctions de directeur adjoint d\u2019Opcalia, puis de directeur<br>g\u00e9n\u00e9ral en 2014.<\/p>\n\n\n\n<p>Fin 2015, il rejoint le Forco, devenu l\u2019Opcommerce le 1er avril 2019, en tant que<br>d\u00e9l\u00e9gu\u00e9 g\u00e9n\u00e9ral. Aujourd\u2019hui, l\u2019Opcommerce, l\u2019Op\u00e9rateur de comp\u00e9tences du<br>commerce, rassemble 20 branches professionnelles du commerce, ce qui repr\u00e9sente<br>pr\u00e8s de 100 000 entreprises et 1,7 millions de salari\u00e9s.<\/p>\n\n\n\n<h3 class=\"in-page-title wp-block-heading\">Intervention<\/h3>\n\n\n\n<ul>\n<li><a href=\"\/2023\/d3-41-tr-lappui-des-opco-aux-entreprises-dans-lapproche-des-transitions\/\">D3.41 TR : L&rsquo;appui des Opco aux entreprises dans l&rsquo;approche des transitions<\/a><\/li>\n<\/ul>\n","protected":false},"excerpt":{"rendered":"<p>Dipl\u00f4m\u00e9 d\u2019une \u00e9cole de commerce et titulaire d\u2019un mast\u00e8re en ing\u00e9nierie de laformation, Philippe HUGUENIN-GENIE a d\u00e9but\u00e9 sa carri\u00e8re en 1992 au FAFSEA(ex-OPCA de l\u2019agriculture), comme d\u00e9l\u00e9gu\u00e9 r\u00e9gional Pays de &hellip; <\/p>\n","protected":false},"author":1,"featured_media":2839,"parent":0,"menu_order":0,"comment_status":"closed","ping_status":"closed","template":"","meta":[],"categories":[6],"tags":[],"wf_page_folders":[92],"acf":[],"yoast_head":"<!-- This site is optimized with the Yoast SEO plugin v20.3 - https:\/\/yoast.com\/wordpress\/plugins\/seo\/ -->\n<title>Huguenin-G\u00e9nie - 18e Universit\u00e9 d&#039;Hiver de la Formation Professionnelle<\/title>\n<meta name=\"robots\" content=\"index, follow, max-snippet:-1, max-image-preview:large, max-video-preview:-1\" \/>\n<link rel=\"canonical\" href=\"https:\/\/uhfp.centre-inffo.fr\/2023\/huguenin-genie\/\" \/>\n<meta property=\"og:locale\" content=\"fr_FR\" \/>\n<meta property=\"og:type\" content=\"article\" \/>\n<meta property=\"og:title\" content=\"Huguenin-G\u00e9nie - 18e Universit\u00e9 d&#039;Hiver de la Formation Professionnelle\" \/>\n<meta property=\"og:description\" content=\"Dipl\u00f4m\u00e9 d\u2019une \u00e9cole de commerce et titulaire d\u2019un mast\u00e8re en ing\u00e9nierie de laformation, Philippe HUGUENIN-GENIE a d\u00e9but\u00e9 sa carri\u00e8re en 1992 au FAFSEA(ex-OPCA de l\u2019agriculture), comme d\u00e9l\u00e9gu\u00e9 r\u00e9gional Pays de &hellip;\" \/>\n<meta property=\"og:url\" content=\"https:\/\/uhfp.centre-inffo.fr\/2023\/huguenin-genie\/\" \/>\n<meta property=\"og:site_name\" content=\"18e Universit\u00e9 d&#039;Hiver de la Formation Professionnelle\" \/>\n<meta property=\"article:publisher\" content=\"https:\/\/www.facebook.com\/centreinffo\" \/>\n<meta property=\"article:modified_time\" content=\"2022-12-30T09:24:55+00:00\" \/>\n<meta property=\"og:image\" content=\"https:\/\/uhfp.centre-inffo.fr\/2023\/wp-content\/uploads\/2022\/12\/huguenin-genie.jpg\" \/>\n\t<meta property=\"og:image:width\" content=\"800\" \/>\n\t<meta property=\"og:image:height\" content=\"800\" \/>\n\t<meta property=\"og:image:type\" content=\"image\/jpeg\" \/>\n<meta name=\"twitter:card\" content=\"summary_large_image\" \/>\n<meta name=\"twitter:site\" content=\"@centreinffo\" \/>\n<meta name=\"twitter:label1\" content=\"Dur\u00e9e de lecture estim\u00e9e\" \/>\n\t<meta name=\"twitter:data1\" content=\"1 minute\" \/>\n<script type=\"application\/ld+json\" class=\"yoast-schema-graph\">{\"@context\":\"https:\/\/schema.org\",\"@graph\":[{\"@type\":\"WebPage\",\"@id\":\"https:\/\/uhfp.centre-inffo.fr\/2023\/huguenin-genie\/\",\"url\":\"https:\/\/uhfp.centre-inffo.fr\/2023\/huguenin-genie\/\",\"name\":\"Huguenin-G\u00e9nie - 18e Universit\u00e9 d&#039;Hiver de la Formation Professionnelle\",\"isPartOf\":{\"@id\":\"https:\/\/uhfp.centre-inffo.fr\/2023\/#website\"},\"datePublished\":\"2022-12-06T09:00:00+00:00\",\"dateModified\":\"2022-12-30T09:24:55+00:00\",\"breadcrumb\":{\"@id\":\"https:\/\/uhfp.centre-inffo.fr\/2023\/huguenin-genie\/#breadcrumb\"},\"inLanguage\":\"fr-FR\",\"potentialAction\":[{\"@type\":\"ReadAction\",\"target\":[\"https:\/\/uhfp.centre-inffo.fr\/2023\/huguenin-genie\/\"]}]},{\"@type\":\"BreadcrumbList\",\"@id\":\"https:\/\/uhfp.centre-inffo.fr\/2023\/huguenin-genie\/#breadcrumb\",\"itemListElement\":[{\"@type\":\"ListItem\",\"position\":1,\"name\":\"Accueil\",\"item\":\"https:\/\/uhfp.centre-inffo.fr\/2023\/\"},{\"@type\":\"ListItem\",\"position\":2,\"name\":\"Intervenants\",\"item\":\"https:\/\/uhfp.centre-inffo.fr\/2023\/rubrique\/intervenants\/\"},{\"@type\":\"ListItem\",\"position\":3,\"name\":\"Huguenin-G\u00e9nie\"}]},{\"@type\":\"WebSite\",\"@id\":\"https:\/\/uhfp.centre-inffo.fr\/2023\/#website\",\"url\":\"https:\/\/uhfp.centre-inffo.fr\/2023\/\",\"name\":\"18e Universit\u00e9 d&#039;Hiver de la Formation Professionnelle\",\"description\":\"Comp\u00e9tences 2030 : r\u00e9ussir ensemble les transitions ! - Du 25 au 27 janvier 2023, \u00e0 Cannes\",\"publisher\":{\"@id\":\"https:\/\/uhfp.centre-inffo.fr\/2023\/#organization\"},\"potentialAction\":[{\"@type\":\"SearchAction\",\"target\":{\"@type\":\"EntryPoint\",\"urlTemplate\":\"https:\/\/uhfp.centre-inffo.fr\/2023\/?s={search_term_string}\"},\"query-input\":\"required name=search_term_string\"}],\"inLanguage\":\"fr-FR\"},{\"@type\":\"Organization\",\"@id\":\"https:\/\/uhfp.centre-inffo.fr\/2023\/#organization\",\"name\":\"Centre Inffo\",\"url\":\"https:\/\/uhfp.centre-inffo.fr\/2023\/\",\"logo\":{\"@type\":\"ImageObject\",\"inLanguage\":\"fr-FR\",\"@id\":\"https:\/\/uhfp.centre-inffo.fr\/2023\/#\/schema\/logo\/image\/\",\"url\":\"\",\"contentUrl\":\"\",\"caption\":\"Centre Inffo\"},\"image\":{\"@id\":\"https:\/\/uhfp.centre-inffo.fr\/2023\/#\/schema\/logo\/image\/\"},\"sameAs\":[\"https:\/\/www.facebook.com\/centreinffo\",\"https:\/\/twitter.com\/centreinffo\",\"https:\/\/www.linkedin.com\/company\/centre-inffo\/\",\"https:\/\/www.youtube.com\/user\/centreinffo\"]}]}<\/script>\n<!-- \/ Yoast SEO plugin. -->","yoast_head_json":{"title":"Huguenin-G\u00e9nie - 18e Universit\u00e9 d&#039;Hiver de la Formation Professionnelle","robots":{"index":"index","follow":"follow","max-snippet":"max-snippet:-1","max-image-preview":"max-image-preview:large","max-video-preview":"max-video-preview:-1"},"canonical":"https:\/\/uhfp.centre-inffo.fr\/2023\/huguenin-genie\/","og_locale":"fr_FR","og_type":"article","og_title":"Huguenin-G\u00e9nie - 18e Universit\u00e9 d&#039;Hiver de la Formation Professionnelle","og_description":"Dipl\u00f4m\u00e9 d\u2019une \u00e9cole de commerce et titulaire d\u2019un mast\u00e8re en ing\u00e9nierie de laformation, Philippe HUGUENIN-GENIE a d\u00e9but\u00e9 sa carri\u00e8re en 1992 au FAFSEA(ex-OPCA de l\u2019agriculture), comme d\u00e9l\u00e9gu\u00e9 r\u00e9gional Pays de &hellip;","og_url":"https:\/\/uhfp.centre-inffo.fr\/2023\/huguenin-genie\/","og_site_name":"18e Universit\u00e9 d&#039;Hiver de la Formation Professionnelle","article_publisher":"https:\/\/www.facebook.com\/centreinffo","article_modified_time":"2022-12-30T09:24:55+00:00","og_image":[{"width":800,"height":800,"url":"https:\/\/uhfp.centre-inffo.fr\/2023\/wp-content\/uploads\/2022\/12\/huguenin-genie.jpg","type":"image\/jpeg"}],"twitter_card":"summary_large_image","twitter_site":"@centreinffo","twitter_misc":{"Dur\u00e9e de lecture estim\u00e9e":"1 minute"},"schema":{"@context":"https:\/\/schema.org","@graph":[{"@type":"WebPage","@id":"https:\/\/uhfp.centre-inffo.fr\/2023\/huguenin-genie\/","url":"https:\/\/uhfp.centre-inffo.fr\/2023\/huguenin-genie\/","name":"Huguenin-G\u00e9nie - 18e Universit\u00e9 d&#039;Hiver de la Formation Professionnelle","isPartOf":{"@id":"https:\/\/uhfp.centre-inffo.fr\/2023\/#website"},"datePublished":"2022-12-06T09:00:00+00:00","dateModified":"2022-12-30T09:24:55+00:00","breadcrumb":{"@id":"https:\/\/uhfp.centre-inffo.fr\/2023\/huguenin-genie\/#breadcrumb"},"inLanguage":"fr-FR","potentialAction":[{"@type":"ReadAction","target":["https:\/\/uhfp.centre-inffo.fr\/2023\/huguenin-genie\/"]}]},{"@type":"BreadcrumbList","@id":"https:\/\/uhfp.centre-inffo.fr\/2023\/huguenin-genie\/#breadcrumb","itemListElement":[{"@type":"ListItem","position":1,"name":"Accueil","item":"https:\/\/uhfp.centre-inffo.fr\/2023\/"},{"@type":"ListItem","position":2,"name":"Intervenants","item":"https:\/\/uhfp.centre-inffo.fr\/2023\/rubrique\/intervenants\/"},{"@type":"ListItem","position":3,"name":"Huguenin-G\u00e9nie"}]},{"@type":"WebSite","@id":"https:\/\/uhfp.centre-inffo.fr\/2023\/#website","url":"https:\/\/uhfp.centre-inffo.fr\/2023\/","name":"18e Universit\u00e9 d&#039;Hiver de la Formation Professionnelle","description":"Comp\u00e9tences 2030 : r\u00e9ussir ensemble les transitions ! - Du 25 au 27 janvier 2023, \u00e0 Cannes","publisher":{"@id":"https:\/\/uhfp.centre-inffo.fr\/2023\/#organization"},"potentialAction":[{"@type":"SearchAction","target":{"@type":"EntryPoint","urlTemplate":"https:\/\/uhfp.centre-inffo.fr\/2023\/?s={search_term_string}"},"query-input":"required name=search_term_string"}],"inLanguage":"fr-FR"},{"@type":"Organization","@id":"https:\/\/uhfp.centre-inffo.fr\/2023\/#organization","name":"Centre Inffo","url":"https:\/\/uhfp.centre-inffo.fr\/2023\/","logo":{"@type":"ImageObject","inLanguage":"fr-FR","@id":"https:\/\/uhfp.centre-inffo.fr\/2023\/#\/schema\/logo\/image\/","url":"","contentUrl":"","caption":"Centre Inffo"},"image":{"@id":"https:\/\/uhfp.centre-inffo.fr\/2023\/#\/schema\/logo\/image\/"},"sameAs":["https:\/\/www.facebook.com\/centreinffo","https:\/\/twitter.com\/centreinffo","https:\/\/www.linkedin.com\/company\/centre-inffo\/","https:\/\/www.youtube.com\/user\/centreinffo"]}]}},"_links":{"self":[{"href":"https:\/\/uhfp.centre-inffo.fr\/2023\/wp-json\/wp\/v2\/pages\/2832"}],"collection":[{"href":"https:\/\/uhfp.centre-inffo.fr\/2023\/wp-json\/wp\/v2\/pages"}],"about":[{"href":"https:\/\/uhfp.centre-inffo.fr\/2023\/wp-json\/wp\/v2\/types\/page"}],"author":[{"embeddable":true,"href":"https:\/\/uhfp.centre-inffo.fr\/2023\/wp-json\/wp\/v2\/users\/1"}],"replies":[{"embeddable":true,"href":"https:\/\/uhfp.centre-inffo.fr\/2023\/wp-json\/wp\/v2\/comments?post=2832"}],"version-history":[{"count":6,"href":"https:\/\/uhfp.centre-inffo.fr\/2023\/wp-json\/wp\/v2\/pages\/2832\/revisions"}],"predecessor-version":[{"id":3044,"href":"https:\/\/uhfp.centre-inffo.fr\/2023\/wp-json\/wp\/v2\/pages\/2832\/revisions\/3044"}],"wp:featuredmedia":[{"embeddable":true,"href":"https:\/\/uhfp.centre-inffo.fr\/2023\/wp-json\/wp\/v2\/media\/2839"}],"wp:attachment":[{"href":"https:\/\/uhfp.centre-inffo.fr\/2023\/wp-json\/wp\/v2\/media?parent=2832"}],"wp:term":[{"taxonomy":"category","embeddable":true,"href":"https:\/\/uhfp.centre-inffo.fr\/2023\/wp-json\/wp\/v2\/categories?post=2832"},{"taxonomy":"post_tag","embeddable":true,"href":"https:\/\/uhfp.centre-inffo.fr\/2023\/wp-json\/wp\/v2\/tags?post=2832"},{"taxonomy":"wf_page_folders","embeddable":true,"href":"https:\/\/uhfp.centre-inffo.fr\/2023\/wp-json\/wp\/v2\/wf_page_folders?post=2832"}],"curies":[{"name":"wp","href":"https:\/\/api.w.org\/{rel}","templated":true}]}}