{"id":2869,"date":"2022-12-10T03:30:00","date_gmt":"2022-12-10T02:30:00","guid":{"rendered":"https:\/\/uhfp.centre-inffo.fr\/2023\/?page_id=2869"},"modified":"2023-01-06T14:32:52","modified_gmt":"2023-01-06T13:32:52","slug":"cepede","status":"publish","type":"page","link":"https:\/\/uhfp.centre-inffo.fr\/2023\/cepede\/","title":{"rendered":"C\u00e9p\u00e8de"},"content":{"rendered":"\n<p>Jean-Philippe C\u00e9p\u00e8de est le Directeur juridique, Direction Droit de la formation professionnelle, \u00e0 Centre Inffo (Centre pour le d\u00e9veloppement de l\u2019<strong>Inf<\/strong>ormation sur la <strong>fo<\/strong>rmation permanente). Il a en charge le pilotage et l\u2019animation des publications juridiques, des prestations d\u2019expertises, de formations et de conf\u00e9rences de Centre Inffo. Sp\u00e9cialiste du droit de la formation professionnelle depuis de nombreuses ann\u00e9es, il est le r\u00e9dacteur en chef des <a href=\"https:\/\/www.centre-inffo.fr\/les-services-fiches-pratiques\">Fiches pratiques de la formation continue<\/a> et intervient r\u00e9guli\u00e8rement sur la pr\u00e9sentation de la formation professionnelle. Il a \u00e9t\u00e9 l\u2019un des animateurs des groupes de travail de la concertation apprentissage pr\u00e9sid\u00e9e par Sylvie Brunet, lors de la r\u00e9forme de 2018.<\/p>\n\n\n\n<p>Il a particip\u00e9 ces derni\u00e8res ann\u00e9es notamment \u00e0 la r\u00e9daction de rapports sur l\u2019offre de formation et \u00e0 la r\u00e9alisation du film sur <a href=\"https:\/\/www.youtube.com\/watch?v=TOETflZd6cs\">les 40 ans de l\u2019accord national interprofessionnel de 1970<\/a>. Il est intervenu dans l\u2019Universit\u00e9 d\u2019hiver de la formation professionnelle de 2018 notamment en tant que grand t\u00e9moin du <a href=\"https:\/\/www.youtube.com\/watch?v=HY9ebIcinlU\">Club entreprises de 2018<\/a> et en 2019 dans un \u00abFigaro Classified\u00bb consacr\u00e9 \u00e0 la <a href=\"https:\/\/www.youtube.com\/watch?v=Fbj2CWlNnr8&amp;feature=youtu.be\">R\u00e9forme de la formation : les interrogations des entreprises un an apr\u00e8s !<\/a> Il est intervenu lors de l\u2019Universit\u00e9 d\u2019hiver de la formation professionnelle 2020 dans <a href=\"https:\/\/uhfp.centre-inffo.fr\/2020\/reforme-de-la-formation-point-detape-2020-et-perspectives\/\">l\u2019atelier B14 \u2013 R\u00e9forme \u2013 R\u00e9forme de la formation : point d\u2019\u00e9tape 2020 et perspectives<\/a> et la <a href=\"https:\/\/uhfp.centre-inffo.fr\/2020\/formation-dans-l-entreprise-quels-financements-en-plus-des-contributions-legales\/\">Table ronde C61 \u2013 \u00ab&nbsp;Formation dans l\u2019entreprise : quels financements en plus des contributions l\u00e9gales ?&nbsp;<\/a>\u00bb. Il a particip\u00e9 aux 50 ans de la loi de 1971 organis\u00e9 par Centre Inffo&nbsp;; il a pilot\u00e9 la table ronde \u00ab\u00a0<a href=\"https:\/\/www.youtube.com\/watch?v=Smx2FrO2gGk&amp;list=PLwQ_CR69LNwH7Rt7MSEGzT4Ym3kZ9U5X-\">1971-2021 La place de la n\u00e9gociation collective dans les 15 derni\u00e8res r\u00e9formes de la formation professionnelle. Et la prochaine ?<\/a>\u00a0\u00bb et anim\u00e9 <a href=\"https:\/\/www.youtube.com\/watch?v=sF1OcPMS75c&amp;list=PLwQ_CR69LNwHfpXQR-b-IhbeE9Vy6PnaH&amp;index=6\">l\u2019Atelier &#8211; Des Opca au Opco, les nouveaux op\u00e9rateurs d\u2019aujourd\u2019hui et de demain &#8211; LES 11 OPCO<\/a>.<\/p>\n\n\n\n<h3 class=\"wp-block-heading\">Pilotages<\/h3>\n\n\n\n<ul>\n<li><a href=\"https:\/\/uhfp.centre-inffo.fr\/2023\/b1-14-tr-la-formation-professionnelle-en-2023-enjeux-et-perspective\/\">B1.14 TR : O\u00f9 va la formation profes<\/a><a href=\"\/2023\/b1-14-tr-ou-va-la-formation-professionnelle\/\">sionnelle ?<\/a><\/li>\n\n\n\n<li><a href=\"\/2023\/d3-44-tr-apprentissage-alternance-quelle-regulation-pour-quelle-ambition\/\">D3. 44 TR : Apprentissage, alternance : quelle r\u00e9gulation, pour quelle ambition ?<\/a><\/li>\n\n\n\n<li><a href=\"https:\/\/uhfp.centre-inffo.fr\/2023\/e3-53-tr-transitions-professionnelles-quel-dispositif-ideal\/\">E3.53 TR : Transitions professionnelles : quel dispositif id\u00e9al ?<\/a><\/li>\n<\/ul>\n","protected":false},"excerpt":{"rendered":"<p>Jean-Philippe C\u00e9p\u00e8de est le Directeur juridique, Direction Droit de la formation professionnelle, \u00e0 Centre Inffo (Centre pour le d\u00e9veloppement de l\u2019Information sur la formation permanente). Il a en charge le &hellip; <\/p>\n","protected":false},"author":1,"featured_media":2874,"parent":0,"menu_order":0,"comment_status":"closed","ping_status":"closed","template":"","meta":[],"categories":[6],"tags":[],"wf_page_folders":[92],"acf":[],"yoast_head":"<!-- This site is optimized with the Yoast SEO plugin v20.3 - https:\/\/yoast.com\/wordpress\/plugins\/seo\/ -->\n<title>C\u00e9p\u00e8de - 18e Universit\u00e9 d&#039;Hiver de la Formation Professionnelle<\/title>\n<meta name=\"robots\" content=\"index, follow, max-snippet:-1, max-image-preview:large, max-video-preview:-1\" \/>\n<link rel=\"canonical\" href=\"https:\/\/uhfp.centre-inffo.fr\/2023\/cepede\/\" \/>\n<meta property=\"og:locale\" content=\"fr_FR\" \/>\n<meta property=\"og:type\" content=\"article\" \/>\n<meta property=\"og:title\" content=\"C\u00e9p\u00e8de - 18e Universit\u00e9 d&#039;Hiver de la Formation Professionnelle\" \/>\n<meta property=\"og:description\" content=\"Jean-Philippe C\u00e9p\u00e8de est le Directeur juridique, Direction Droit de la formation professionnelle, \u00e0 Centre Inffo (Centre pour le d\u00e9veloppement de l\u2019Information sur la formation permanente). Il a en charge le &hellip;\" \/>\n<meta property=\"og:url\" content=\"https:\/\/uhfp.centre-inffo.fr\/2023\/cepede\/\" \/>\n<meta property=\"og:site_name\" content=\"18e Universit\u00e9 d&#039;Hiver de la Formation Professionnelle\" \/>\n<meta property=\"article:publisher\" content=\"https:\/\/www.facebook.com\/centreinffo\" \/>\n<meta property=\"article:modified_time\" content=\"2023-01-06T13:32:52+00:00\" \/>\n<meta property=\"og:image\" content=\"https:\/\/uhfp.centre-inffo.fr\/2023\/wp-content\/uploads\/2022\/12\/cepede.jpg\" \/>\n\t<meta property=\"og:image:width\" content=\"400\" \/>\n\t<meta property=\"og:image:height\" content=\"400\" \/>\n\t<meta property=\"og:image:type\" content=\"image\/jpeg\" \/>\n<meta name=\"twitter:card\" content=\"summary_large_image\" \/>\n<meta name=\"twitter:site\" content=\"@centreinffo\" \/>\n<meta name=\"twitter:label1\" content=\"Dur\u00e9e de lecture estim\u00e9e\" \/>\n\t<meta name=\"twitter:data1\" content=\"2 minutes\" \/>\n<script type=\"application\/ld+json\" class=\"yoast-schema-graph\">{\"@context\":\"https:\/\/schema.org\",\"@graph\":[{\"@type\":\"WebPage\",\"@id\":\"https:\/\/uhfp.centre-inffo.fr\/2023\/cepede\/\",\"url\":\"https:\/\/uhfp.centre-inffo.fr\/2023\/cepede\/\",\"name\":\"C\u00e9p\u00e8de - 18e Universit\u00e9 d&#039;Hiver de la Formation Professionnelle\",\"isPartOf\":{\"@id\":\"https:\/\/uhfp.centre-inffo.fr\/2023\/#website\"},\"datePublished\":\"2022-12-10T02:30:00+00:00\",\"dateModified\":\"2023-01-06T13:32:52+00:00\",\"breadcrumb\":{\"@id\":\"https:\/\/uhfp.centre-inffo.fr\/2023\/cepede\/#breadcrumb\"},\"inLanguage\":\"fr-FR\",\"potentialAction\":[{\"@type\":\"ReadAction\",\"target\":[\"https:\/\/uhfp.centre-inffo.fr\/2023\/cepede\/\"]}]},{\"@type\":\"BreadcrumbList\",\"@id\":\"https:\/\/uhfp.centre-inffo.fr\/2023\/cepede\/#breadcrumb\",\"itemListElement\":[{\"@type\":\"ListItem\",\"position\":1,\"name\":\"Accueil\",\"item\":\"https:\/\/uhfp.centre-inffo.fr\/2023\/\"},{\"@type\":\"ListItem\",\"position\":2,\"name\":\"Intervenants\",\"item\":\"https:\/\/uhfp.centre-inffo.fr\/2023\/rubrique\/intervenants\/\"},{\"@type\":\"ListItem\",\"position\":3,\"name\":\"C\u00e9p\u00e8de\"}]},{\"@type\":\"WebSite\",\"@id\":\"https:\/\/uhfp.centre-inffo.fr\/2023\/#website\",\"url\":\"https:\/\/uhfp.centre-inffo.fr\/2023\/\",\"name\":\"18e Universit\u00e9 d&#039;Hiver de la Formation Professionnelle\",\"description\":\"Comp\u00e9tences 2030 : r\u00e9ussir ensemble les transitions ! - Du 25 au 27 janvier 2023, \u00e0 Cannes\",\"publisher\":{\"@id\":\"https:\/\/uhfp.centre-inffo.fr\/2023\/#organization\"},\"potentialAction\":[{\"@type\":\"SearchAction\",\"target\":{\"@type\":\"EntryPoint\",\"urlTemplate\":\"https:\/\/uhfp.centre-inffo.fr\/2023\/?s={search_term_string}\"},\"query-input\":\"required name=search_term_string\"}],\"inLanguage\":\"fr-FR\"},{\"@type\":\"Organization\",\"@id\":\"https:\/\/uhfp.centre-inffo.fr\/2023\/#organization\",\"name\":\"Centre Inffo\",\"url\":\"https:\/\/uhfp.centre-inffo.fr\/2023\/\",\"logo\":{\"@type\":\"ImageObject\",\"inLanguage\":\"fr-FR\",\"@id\":\"https:\/\/uhfp.centre-inffo.fr\/2023\/#\/schema\/logo\/image\/\",\"url\":\"\",\"contentUrl\":\"\",\"caption\":\"Centre Inffo\"},\"image\":{\"@id\":\"https:\/\/uhfp.centre-inffo.fr\/2023\/#\/schema\/logo\/image\/\"},\"sameAs\":[\"https:\/\/www.facebook.com\/centreinffo\",\"https:\/\/twitter.com\/centreinffo\",\"https:\/\/www.linkedin.com\/company\/centre-inffo\/\",\"https:\/\/www.youtube.com\/user\/centreinffo\"]}]}<\/script>\n<!-- \/ Yoast SEO plugin. -->","yoast_head_json":{"title":"C\u00e9p\u00e8de - 18e Universit\u00e9 d&#039;Hiver de la Formation Professionnelle","robots":{"index":"index","follow":"follow","max-snippet":"max-snippet:-1","max-image-preview":"max-image-preview:large","max-video-preview":"max-video-preview:-1"},"canonical":"https:\/\/uhfp.centre-inffo.fr\/2023\/cepede\/","og_locale":"fr_FR","og_type":"article","og_title":"C\u00e9p\u00e8de - 18e Universit\u00e9 d&#039;Hiver de la Formation Professionnelle","og_description":"Jean-Philippe C\u00e9p\u00e8de est le Directeur juridique, Direction Droit de la formation professionnelle, \u00e0 Centre Inffo (Centre pour le d\u00e9veloppement de l\u2019Information sur la formation permanente). Il a en charge le &hellip;","og_url":"https:\/\/uhfp.centre-inffo.fr\/2023\/cepede\/","og_site_name":"18e Universit\u00e9 d&#039;Hiver de la Formation Professionnelle","article_publisher":"https:\/\/www.facebook.com\/centreinffo","article_modified_time":"2023-01-06T13:32:52+00:00","og_image":[{"width":400,"height":400,"url":"https:\/\/uhfp.centre-inffo.fr\/2023\/wp-content\/uploads\/2022\/12\/cepede.jpg","type":"image\/jpeg"}],"twitter_card":"summary_large_image","twitter_site":"@centreinffo","twitter_misc":{"Dur\u00e9e de lecture estim\u00e9e":"2 minutes"},"schema":{"@context":"https:\/\/schema.org","@graph":[{"@type":"WebPage","@id":"https:\/\/uhfp.centre-inffo.fr\/2023\/cepede\/","url":"https:\/\/uhfp.centre-inffo.fr\/2023\/cepede\/","name":"C\u00e9p\u00e8de - 18e Universit\u00e9 d&#039;Hiver de la Formation Professionnelle","isPartOf":{"@id":"https:\/\/uhfp.centre-inffo.fr\/2023\/#website"},"datePublished":"2022-12-10T02:30:00+00:00","dateModified":"2023-01-06T13:32:52+00:00","breadcrumb":{"@id":"https:\/\/uhfp.centre-inffo.fr\/2023\/cepede\/#breadcrumb"},"inLanguage":"fr-FR","potentialAction":[{"@type":"ReadAction","target":["https:\/\/uhfp.centre-inffo.fr\/2023\/cepede\/"]}]},{"@type":"BreadcrumbList","@id":"https:\/\/uhfp.centre-inffo.fr\/2023\/cepede\/#breadcrumb","itemListElement":[{"@type":"ListItem","position":1,"name":"Accueil","item":"https:\/\/uhfp.centre-inffo.fr\/2023\/"},{"@type":"ListItem","position":2,"name":"Intervenants","item":"https:\/\/uhfp.centre-inffo.fr\/2023\/rubrique\/intervenants\/"},{"@type":"ListItem","position":3,"name":"C\u00e9p\u00e8de"}]},{"@type":"WebSite","@id":"https:\/\/uhfp.centre-inffo.fr\/2023\/#website","url":"https:\/\/uhfp.centre-inffo.fr\/2023\/","name":"18e Universit\u00e9 d&#039;Hiver de la Formation Professionnelle","description":"Comp\u00e9tences 2030 : r\u00e9ussir ensemble les transitions ! - Du 25 au 27 janvier 2023, \u00e0 Cannes","publisher":{"@id":"https:\/\/uhfp.centre-inffo.fr\/2023\/#organization"},"potentialAction":[{"@type":"SearchAction","target":{"@type":"EntryPoint","urlTemplate":"https:\/\/uhfp.centre-inffo.fr\/2023\/?s={search_term_string}"},"query-input":"required name=search_term_string"}],"inLanguage":"fr-FR"},{"@type":"Organization","@id":"https:\/\/uhfp.centre-inffo.fr\/2023\/#organization","name":"Centre Inffo","url":"https:\/\/uhfp.centre-inffo.fr\/2023\/","logo":{"@type":"ImageObject","inLanguage":"fr-FR","@id":"https:\/\/uhfp.centre-inffo.fr\/2023\/#\/schema\/logo\/image\/","url":"","contentUrl":"","caption":"Centre Inffo"},"image":{"@id":"https:\/\/uhfp.centre-inffo.fr\/2023\/#\/schema\/logo\/image\/"},"sameAs":["https:\/\/www.facebook.com\/centreinffo","https:\/\/twitter.com\/centreinffo","https:\/\/www.linkedin.com\/company\/centre-inffo\/","https:\/\/www.youtube.com\/user\/centreinffo"]}]}},"_links":{"self":[{"href":"https:\/\/uhfp.centre-inffo.fr\/2023\/wp-json\/wp\/v2\/pages\/2869"}],"collection":[{"href":"https:\/\/uhfp.centre-inffo.fr\/2023\/wp-json\/wp\/v2\/pages"}],"about":[{"href":"https:\/\/uhfp.centre-inffo.fr\/2023\/wp-json\/wp\/v2\/types\/page"}],"author":[{"embeddable":true,"href":"https:\/\/uhfp.centre-inffo.fr\/2023\/wp-json\/wp\/v2\/users\/1"}],"replies":[{"embeddable":true,"href":"https:\/\/uhfp.centre-inffo.fr\/2023\/wp-json\/wp\/v2\/comments?post=2869"}],"version-history":[{"count":9,"href":"https:\/\/uhfp.centre-inffo.fr\/2023\/wp-json\/wp\/v2\/pages\/2869\/revisions"}],"predecessor-version":[{"id":4533,"href":"https:\/\/uhfp.centre-inffo.fr\/2023\/wp-json\/wp\/v2\/pages\/2869\/revisions\/4533"}],"wp:featuredmedia":[{"embeddable":true,"href":"https:\/\/uhfp.centre-inffo.fr\/2023\/wp-json\/wp\/v2\/media\/2874"}],"wp:attachment":[{"href":"https:\/\/uhfp.centre-inffo.fr\/2023\/wp-json\/wp\/v2\/media?parent=2869"}],"wp:term":[{"taxonomy":"category","embeddable":true,"href":"https:\/\/uhfp.centre-inffo.fr\/2023\/wp-json\/wp\/v2\/categories?post=2869"},{"taxonomy":"post_tag","embeddable":true,"href":"https:\/\/uhfp.centre-inffo.fr\/2023\/wp-json\/wp\/v2\/tags?post=2869"},{"taxonomy":"wf_page_folders","embeddable":true,"href":"https:\/\/uhfp.centre-inffo.fr\/2023\/wp-json\/wp\/v2\/wf_page_folders?post=2869"}],"curies":[{"name":"wp","href":"https:\/\/api.w.org\/{rel}","templated":true}]}}