{"id":2893,"date":"2022-12-13T16:27:00","date_gmt":"2022-12-13T15:27:00","guid":{"rendered":"https:\/\/uhfp.centre-inffo.fr\/2023\/?page_id=2893"},"modified":"2023-02-14T15:45:59","modified_gmt":"2023-02-14T14:45:59","slug":"a3-4-at-le-learning-lab-inrae-formation-nantes-universite-facilitateur-des-transitions","status":"publish","type":"page","link":"https:\/\/uhfp.centre-inffo.fr\/2023\/a3-4-at-le-learning-lab-inrae-formation-nantes-universite-facilitateur-des-transitions\/","title":{"rendered":"A3.4 AT : Le Learning Lab INRAE Formation-Nantes Universit\u00e9 facilitateur des transitions"},"content":{"rendered":"\n<div class=\"wp-block-buttons is-content-justification-center is-layout-flex wp-container-1\">\n<div class=\"wp-block-button\"><a class=\"wp-block-button__link wp-element-button\" href=\"\/2023\/wp-content\/uploads\/2023\/02\/A3.4-AT.pdf\">T\u00e9l\u00e9charger la pr\u00e9sentation (.pdf)<\/a><\/div>\n<\/div>\n\n\n\n<hr class=\"wp-block-separator has-alpha-channel-opacity\"\/>\n\n\n\n<p><span class=\"TextRun Highlight SCXW239891633 BCX0\" lang=\"FR-FR\" xml:lang=\"FR-FR\" data-contrast=\"none\"><span class=\"NormalTextRun SCXW239891633 BCX0\">L&rsquo;atelier permettra de pr\u00e9senter la cr\u00e9ation du Learning <\/span><span class=\"NormalTextRun SpellingErrorV2Themed SCXW239891633 BCX0\">Lab<\/span><span class=\"NormalTextRun SCXW239891633 BCX0\"> National INRAE FORMATION et de partager ses activit\u00e9s. Ce <\/span><span class=\"NormalTextRun SpellingErrorV2Themed SCXW239891633 BCX0\">Lab<\/span><span class=\"NormalTextRun SCXW239891633 BCX0\">, fruit d&rsquo;un partenariat avec Nantes Universit\u00e9, est un facilitateur des transitions dans l&rsquo;\u00e9cosyst\u00e8me de la Formation Tout au Long de la Vie. Le <\/span><span class=\"NormalTextRun SpellingErrorV2Themed SCXW239891633 BCX0\">Lab<\/span><span class=\"NormalTextRun SCXW239891633 BCX0\"> impulse, autour du Plan de d\u00e9veloppement des Comp\u00e9tences d&rsquo;INRAE, des dynamiques d&rsquo;innovation en mati\u00e8re d&rsquo;<\/span><span class=\"NormalTextRun SpellingErrorV2Themed SCXW239891633 BCX0\">apprenance<\/span><span class=\"NormalTextRun SCXW239891633 BCX0\">.<\/span><\/span><span class=\"LineBreakBlob BlobObject DragDrop SCXW239891633 BCX0\"><span class=\"SCXW239891633 BCX0\">&nbsp;<\/span><\/span><\/p>\n\n\n\n<p><span class=\"TextRun Highlight SCXW239891633 BCX0\" lang=\"FR-FR\" xml:lang=\"FR-FR\" data-contrast=\"none\"><span class=\"NormalTextRun SCXW239891633 BCX0\">Le <\/span><span class=\"NormalTextRun SpellingErrorV2Themed SCXW239891633 BCX0\">Lab<\/span><span class=\"NormalTextRun SCXW239891633 BCX0\"> vise \u00e0 accompagner le sch\u00e9ma strat\u00e9gique INRAE 2030 en termes de comp\u00e9tences tout en associant d&rsquo;autres partenaires de l&rsquo;ESR. <\/span><span class=\"NormalTextRun ContextualSpellingAndGrammarErrorV2Themed SCXW239891633 BCX0\">Au del\u00e0<\/span><span class=\"NormalTextRun SCXW239891633 BCX0\"> des membres fondateurs (INRAE et Nantes Universit\u00e9), des \u00e9tablissements et structures soutiennent d\u00e9j\u00e0 l&rsquo;activit\u00e9 du <\/span><span class=\"NormalTextRun SpellingErrorV2Themed SCXW239891633 BCX0\">Lab<\/span><span class=\"NormalTextRun SCXW239891633 BCX0\"> : Universit\u00e9 Paris-Nanterre, Universit\u00e9 Dauphine-PSL, CNAM, Centre <\/span><span class=\"NormalTextRun SpellingErrorV2Themed SCXW239891633 BCX0\">Inffo<\/span><span class=\"NormalTextRun SCXW239891633 BCX0\">&#8230;<\/span><\/span><span class=\"EOP SCXW239891633 BCX0\" data-ccp-props=\"{}\">\u00a0<\/span><\/p>\n\n\n\n<h3 class=\"wp-block-heading\">Objectifs p\u00e9dagogiques&nbsp;<\/h3>\n\n\n\n<ul>\n<li>D\u00e9limiter les contours du Learning Lab Inrae&nbsp;<\/li>\n\n\n\n<li>Associer la cr\u00e9ation du Learning lab \u00e0 un facilitateur des transitions&nbsp;<\/li>\n\n\n\n<li>Reconna\u00eetre ses dynamiques d\u2019innovation en mati\u00e8re d\u2019appartenance&nbsp;<\/li>\n<\/ul>\n\n\n\n<h3 class=\"wp-block-heading\">Intervenants<\/h3>\n\n\n\n<ul>\n<li><a href=\"\/2023\/bonomo\/\">Walter Bonomo<\/a> &#8211; Responsable formation et du Learning Lab &#8211; Nantes Universit\u00e9<\/li>\n\n\n\n<li>Florent Laroche &#8211; Vice-pr\u00e9sident, Nantes Universit\u00e9<\/li>\n\n\n\n<li><a href=\"\/2023\/lenoir\/\">Philippe Lenoir<\/a> &#8211; Responsable national de la formation &#8211; INRAE<\/li>\n\n\n\n<li><a href=\"\/2023\/rigalma\/\">Karim Rigalma<\/a> &#8211; Conseiller Scientifique pour la Formation tout au long de la Vie &#8211; INRAE<\/li>\n<\/ul>\n","protected":false},"excerpt":{"rendered":"<p>L&rsquo;atelier permettra de pr\u00e9senter la cr\u00e9ation du Learning Lab National INRAE FORMATION et de partager ses activit\u00e9s. Ce Lab, fruit d&rsquo;un partenariat avec Nantes Universit\u00e9, est un facilitateur des transitions &hellip; <\/p>\n","protected":false},"author":1,"featured_media":0,"parent":0,"menu_order":0,"comment_status":"closed","ping_status":"closed","template":"","meta":[],"categories":[40,38],"tags":[],"wf_page_folders":[87],"acf":[],"yoast_head":"<!-- This site is optimized with the Yoast SEO plugin v20.3 - https:\/\/yoast.com\/wordpress\/plugins\/seo\/ -->\n<title>A3.4 AT : Le Learning Lab INRAE Formation-Nantes Universit\u00e9 facilitateur des transitions - 18e Universit\u00e9 d&#039;Hiver de la Formation Professionnelle<\/title>\n<meta name=\"robots\" content=\"index, follow, max-snippet:-1, max-image-preview:large, max-video-preview:-1\" \/>\n<link rel=\"canonical\" href=\"https:\/\/uhfp.centre-inffo.fr\/2023\/a3-4-at-le-learning-lab-inrae-formation-nantes-universite-facilitateur-des-transitions\/\" \/>\n<meta property=\"og:locale\" content=\"fr_FR\" \/>\n<meta property=\"og:type\" content=\"article\" \/>\n<meta property=\"og:title\" content=\"A3.4 AT : Le Learning Lab INRAE Formation-Nantes Universit\u00e9 facilitateur des transitions - 18e Universit\u00e9 d&#039;Hiver de la Formation Professionnelle\" \/>\n<meta property=\"og:description\" content=\"L&rsquo;atelier permettra de pr\u00e9senter la cr\u00e9ation du Learning Lab National INRAE FORMATION et de partager ses activit\u00e9s. Ce Lab, fruit d&rsquo;un partenariat avec Nantes Universit\u00e9, est un facilitateur des transitions &hellip;\" \/>\n<meta property=\"og:url\" content=\"https:\/\/uhfp.centre-inffo.fr\/2023\/a3-4-at-le-learning-lab-inrae-formation-nantes-universite-facilitateur-des-transitions\/\" \/>\n<meta property=\"og:site_name\" content=\"18e Universit\u00e9 d&#039;Hiver de la Formation Professionnelle\" \/>\n<meta property=\"article:publisher\" content=\"https:\/\/www.facebook.com\/centreinffo\" \/>\n<meta property=\"article:modified_time\" content=\"2023-02-14T14:45:59+00:00\" \/>\n<meta name=\"twitter:card\" content=\"summary_large_image\" \/>\n<meta name=\"twitter:site\" content=\"@centreinffo\" \/>\n<meta name=\"twitter:label1\" content=\"Dur\u00e9e de lecture estim\u00e9e\" \/>\n\t<meta name=\"twitter:data1\" content=\"1 minute\" \/>\n<script type=\"application\/ld+json\" class=\"yoast-schema-graph\">{\"@context\":\"https:\/\/schema.org\",\"@graph\":[{\"@type\":\"WebPage\",\"@id\":\"https:\/\/uhfp.centre-inffo.fr\/2023\/a3-4-at-le-learning-lab-inrae-formation-nantes-universite-facilitateur-des-transitions\/\",\"url\":\"https:\/\/uhfp.centre-inffo.fr\/2023\/a3-4-at-le-learning-lab-inrae-formation-nantes-universite-facilitateur-des-transitions\/\",\"name\":\"A3.4 AT : Le Learning Lab INRAE Formation-Nantes Universit\u00e9 facilitateur des transitions - 18e Universit\u00e9 d&#039;Hiver de la Formation Professionnelle\",\"isPartOf\":{\"@id\":\"https:\/\/uhfp.centre-inffo.fr\/2023\/#website\"},\"datePublished\":\"2022-12-13T15:27:00+00:00\",\"dateModified\":\"2023-02-14T14:45:59+00:00\",\"breadcrumb\":{\"@id\":\"https:\/\/uhfp.centre-inffo.fr\/2023\/a3-4-at-le-learning-lab-inrae-formation-nantes-universite-facilitateur-des-transitions\/#breadcrumb\"},\"inLanguage\":\"fr-FR\",\"potentialAction\":[{\"@type\":\"ReadAction\",\"target\":[\"https:\/\/uhfp.centre-inffo.fr\/2023\/a3-4-at-le-learning-lab-inrae-formation-nantes-universite-facilitateur-des-transitions\/\"]}]},{\"@type\":\"BreadcrumbList\",\"@id\":\"https:\/\/uhfp.centre-inffo.fr\/2023\/a3-4-at-le-learning-lab-inrae-formation-nantes-universite-facilitateur-des-transitions\/#breadcrumb\",\"itemListElement\":[{\"@type\":\"ListItem\",\"position\":1,\"name\":\"Accueil\",\"item\":\"https:\/\/uhfp.centre-inffo.fr\/2023\/\"},{\"@type\":\"ListItem\",\"position\":2,\"name\":\"Programme\",\"item\":\"https:\/\/uhfp.centre-inffo.fr\/2023\/rubrique\/programme\/\"},{\"@type\":\"ListItem\",\"position\":3,\"name\":\"Jeudi 26 janvier\",\"item\":\"https:\/\/uhfp.centre-inffo.fr\/2023\/rubrique\/programme\/jeudi-26-janvier\/\"},{\"@type\":\"ListItem\",\"position\":4,\"name\":\"A3.4 AT : Le Learning Lab INRAE Formation-Nantes Universit\u00e9 facilitateur des transitions\"}]},{\"@type\":\"WebSite\",\"@id\":\"https:\/\/uhfp.centre-inffo.fr\/2023\/#website\",\"url\":\"https:\/\/uhfp.centre-inffo.fr\/2023\/\",\"name\":\"18e Universit\u00e9 d&#039;Hiver de la Formation Professionnelle\",\"description\":\"Comp\u00e9tences 2030 : r\u00e9ussir ensemble les transitions ! - Du 25 au 27 janvier 2023, \u00e0 Cannes\",\"publisher\":{\"@id\":\"https:\/\/uhfp.centre-inffo.fr\/2023\/#organization\"},\"potentialAction\":[{\"@type\":\"SearchAction\",\"target\":{\"@type\":\"EntryPoint\",\"urlTemplate\":\"https:\/\/uhfp.centre-inffo.fr\/2023\/?s={search_term_string}\"},\"query-input\":\"required name=search_term_string\"}],\"inLanguage\":\"fr-FR\"},{\"@type\":\"Organization\",\"@id\":\"https:\/\/uhfp.centre-inffo.fr\/2023\/#organization\",\"name\":\"Centre Inffo\",\"url\":\"https:\/\/uhfp.centre-inffo.fr\/2023\/\",\"logo\":{\"@type\":\"ImageObject\",\"inLanguage\":\"fr-FR\",\"@id\":\"https:\/\/uhfp.centre-inffo.fr\/2023\/#\/schema\/logo\/image\/\",\"url\":\"\",\"contentUrl\":\"\",\"caption\":\"Centre Inffo\"},\"image\":{\"@id\":\"https:\/\/uhfp.centre-inffo.fr\/2023\/#\/schema\/logo\/image\/\"},\"sameAs\":[\"https:\/\/www.facebook.com\/centreinffo\",\"https:\/\/twitter.com\/centreinffo\",\"https:\/\/www.linkedin.com\/company\/centre-inffo\/\",\"https:\/\/www.youtube.com\/user\/centreinffo\"]}]}<\/script>\n<!-- \/ Yoast SEO plugin. -->","yoast_head_json":{"title":"A3.4 AT : Le Learning Lab INRAE Formation-Nantes Universit\u00e9 facilitateur des transitions - 18e Universit\u00e9 d&#039;Hiver de la Formation Professionnelle","robots":{"index":"index","follow":"follow","max-snippet":"max-snippet:-1","max-image-preview":"max-image-preview:large","max-video-preview":"max-video-preview:-1"},"canonical":"https:\/\/uhfp.centre-inffo.fr\/2023\/a3-4-at-le-learning-lab-inrae-formation-nantes-universite-facilitateur-des-transitions\/","og_locale":"fr_FR","og_type":"article","og_title":"A3.4 AT : Le Learning Lab INRAE Formation-Nantes Universit\u00e9 facilitateur des transitions - 18e Universit\u00e9 d&#039;Hiver de la Formation Professionnelle","og_description":"L&rsquo;atelier permettra de pr\u00e9senter la cr\u00e9ation du Learning Lab National INRAE FORMATION et de partager ses activit\u00e9s. Ce Lab, fruit d&rsquo;un partenariat avec Nantes Universit\u00e9, est un facilitateur des transitions &hellip;","og_url":"https:\/\/uhfp.centre-inffo.fr\/2023\/a3-4-at-le-learning-lab-inrae-formation-nantes-universite-facilitateur-des-transitions\/","og_site_name":"18e Universit\u00e9 d&#039;Hiver de la Formation Professionnelle","article_publisher":"https:\/\/www.facebook.com\/centreinffo","article_modified_time":"2023-02-14T14:45:59+00:00","twitter_card":"summary_large_image","twitter_site":"@centreinffo","twitter_misc":{"Dur\u00e9e de lecture estim\u00e9e":"1 minute"},"schema":{"@context":"https:\/\/schema.org","@graph":[{"@type":"WebPage","@id":"https:\/\/uhfp.centre-inffo.fr\/2023\/a3-4-at-le-learning-lab-inrae-formation-nantes-universite-facilitateur-des-transitions\/","url":"https:\/\/uhfp.centre-inffo.fr\/2023\/a3-4-at-le-learning-lab-inrae-formation-nantes-universite-facilitateur-des-transitions\/","name":"A3.4 AT : Le Learning Lab INRAE Formation-Nantes Universit\u00e9 facilitateur des transitions - 18e Universit\u00e9 d&#039;Hiver de la Formation Professionnelle","isPartOf":{"@id":"https:\/\/uhfp.centre-inffo.fr\/2023\/#website"},"datePublished":"2022-12-13T15:27:00+00:00","dateModified":"2023-02-14T14:45:59+00:00","breadcrumb":{"@id":"https:\/\/uhfp.centre-inffo.fr\/2023\/a3-4-at-le-learning-lab-inrae-formation-nantes-universite-facilitateur-des-transitions\/#breadcrumb"},"inLanguage":"fr-FR","potentialAction":[{"@type":"ReadAction","target":["https:\/\/uhfp.centre-inffo.fr\/2023\/a3-4-at-le-learning-lab-inrae-formation-nantes-universite-facilitateur-des-transitions\/"]}]},{"@type":"BreadcrumbList","@id":"https:\/\/uhfp.centre-inffo.fr\/2023\/a3-4-at-le-learning-lab-inrae-formation-nantes-universite-facilitateur-des-transitions\/#breadcrumb","itemListElement":[{"@type":"ListItem","position":1,"name":"Accueil","item":"https:\/\/uhfp.centre-inffo.fr\/2023\/"},{"@type":"ListItem","position":2,"name":"Programme","item":"https:\/\/uhfp.centre-inffo.fr\/2023\/rubrique\/programme\/"},{"@type":"ListItem","position":3,"name":"Jeudi 26 janvier","item":"https:\/\/uhfp.centre-inffo.fr\/2023\/rubrique\/programme\/jeudi-26-janvier\/"},{"@type":"ListItem","position":4,"name":"A3.4 AT : Le Learning Lab INRAE Formation-Nantes Universit\u00e9 facilitateur des transitions"}]},{"@type":"WebSite","@id":"https:\/\/uhfp.centre-inffo.fr\/2023\/#website","url":"https:\/\/uhfp.centre-inffo.fr\/2023\/","name":"18e Universit\u00e9 d&#039;Hiver de la Formation Professionnelle","description":"Comp\u00e9tences 2030 : r\u00e9ussir ensemble les transitions ! - Du 25 au 27 janvier 2023, \u00e0 Cannes","publisher":{"@id":"https:\/\/uhfp.centre-inffo.fr\/2023\/#organization"},"potentialAction":[{"@type":"SearchAction","target":{"@type":"EntryPoint","urlTemplate":"https:\/\/uhfp.centre-inffo.fr\/2023\/?s={search_term_string}"},"query-input":"required name=search_term_string"}],"inLanguage":"fr-FR"},{"@type":"Organization","@id":"https:\/\/uhfp.centre-inffo.fr\/2023\/#organization","name":"Centre Inffo","url":"https:\/\/uhfp.centre-inffo.fr\/2023\/","logo":{"@type":"ImageObject","inLanguage":"fr-FR","@id":"https:\/\/uhfp.centre-inffo.fr\/2023\/#\/schema\/logo\/image\/","url":"","contentUrl":"","caption":"Centre Inffo"},"image":{"@id":"https:\/\/uhfp.centre-inffo.fr\/2023\/#\/schema\/logo\/image\/"},"sameAs":["https:\/\/www.facebook.com\/centreinffo","https:\/\/twitter.com\/centreinffo","https:\/\/www.linkedin.com\/company\/centre-inffo\/","https:\/\/www.youtube.com\/user\/centreinffo"]}]}},"_links":{"self":[{"href":"https:\/\/uhfp.centre-inffo.fr\/2023\/wp-json\/wp\/v2\/pages\/2893"}],"collection":[{"href":"https:\/\/uhfp.centre-inffo.fr\/2023\/wp-json\/wp\/v2\/pages"}],"about":[{"href":"https:\/\/uhfp.centre-inffo.fr\/2023\/wp-json\/wp\/v2\/types\/page"}],"author":[{"embeddable":true,"href":"https:\/\/uhfp.centre-inffo.fr\/2023\/wp-json\/wp\/v2\/users\/1"}],"replies":[{"embeddable":true,"href":"https:\/\/uhfp.centre-inffo.fr\/2023\/wp-json\/wp\/v2\/comments?post=2893"}],"version-history":[{"count":10,"href":"https:\/\/uhfp.centre-inffo.fr\/2023\/wp-json\/wp\/v2\/pages\/2893\/revisions"}],"predecessor-version":[{"id":6100,"href":"https:\/\/uhfp.centre-inffo.fr\/2023\/wp-json\/wp\/v2\/pages\/2893\/revisions\/6100"}],"wp:attachment":[{"href":"https:\/\/uhfp.centre-inffo.fr\/2023\/wp-json\/wp\/v2\/media?parent=2893"}],"wp:term":[{"taxonomy":"category","embeddable":true,"href":"https:\/\/uhfp.centre-inffo.fr\/2023\/wp-json\/wp\/v2\/categories?post=2893"},{"taxonomy":"post_tag","embeddable":true,"href":"https:\/\/uhfp.centre-inffo.fr\/2023\/wp-json\/wp\/v2\/tags?post=2893"},{"taxonomy":"wf_page_folders","embeddable":true,"href":"https:\/\/uhfp.centre-inffo.fr\/2023\/wp-json\/wp\/v2\/wf_page_folders?post=2893"}],"curies":[{"name":"wp","href":"https:\/\/api.w.org\/{rel}","templated":true}]}}