{"id":2957,"date":"2022-12-14T13:02:32","date_gmt":"2022-12-14T12:02:32","guid":{"rendered":"https:\/\/uhfp.centre-inffo.fr\/2023\/?page_id=2957"},"modified":"2023-02-17T10:49:35","modified_gmt":"2023-02-17T09:49:35","slug":"c4-31-at-deployer-pour-tous-une-education-au-developpement-durable","status":"publish","type":"page","link":"https:\/\/uhfp.centre-inffo.fr\/2023\/c4-31-at-deployer-pour-tous-une-education-au-developpement-durable\/","title":{"rendered":"C4.31 AT : D\u00e9ployer pour tous une \u00e9ducation au d\u00e9veloppement durable"},"content":{"rendered":"\n<div class=\"wp-block-buttons is-content-justification-center is-layout-flex wp-container-1\">\n<div class=\"wp-block-button\"><a class=\"wp-block-button__link wp-element-button\" href=\"\/2023\/wp-content\/uploads\/2023\/02\/C4.31-AT.pdf\">T\u00e9l\u00e9charger la pr\u00e9sentation (.pdf)<\/a><\/div>\n<\/div>\n\n\n\n<hr class=\"wp-block-separator has-alpha-channel-opacity\"\/>\n\n\n<p><span data-contrast=\"auto\">Nos modes de production et consommation nous exposent \u00e0 des d\u00e9fis uniques dans l\u2019histoire de l\u2019humanit\u00e9. Dans son dernier rapport, l&rsquo;universit\u00e9 de Cambridge en Angleterre conclue \u00e0 la possible extinction de l\u2019humanit\u00e9 au XXIIe si\u00e8cle si nous ne changeons pas radicalement de trajectoire concernant nos activit\u00e9s \u00e9conomiques.<\/span><\/p>\n<p><span data-contrast=\"auto\">Que faire ? A titre individuel nous nous sentons impuissants. Pourtant c&rsquo;est gr\u00e2ce \u00e0 une multitude de petits pas individuels, que nous r\u00e9ussirons \u00e0 construire le \u00ab\u00a0nouveau monde\u00a0\u00bb auquel nous aspirons. <\/span><span data-ccp-props=\"{&quot;469777462&quot;:[4020],&quot;469777927&quot;:[0],&quot;469777928&quot;:[1]}\">\u00a0<\/span><\/p>\n<p><span data-contrast=\"auto\">L\u2019outil p\u00e9dagogique con\u00e7u par Shamengo intitul\u00e9 <strong>\u00ab\u00a0booster votre \u00e9co-citoyennet\u00e9 \u00e0 travers 8 activit\u00e9s de la vie quotidienne\u00a0\u00bb<\/strong> nous redonne foi en l&rsquo;avenir, en activant notre pouvoir d&rsquo;agir de mani\u00e8re tr\u00e8s pratique. C&rsquo;est en d\u00e9couvrant toutes les solutions \u00e0 l&rsquo;oeuvre et en faisant appel au meilleur de nous-m\u00eames en tant que consommateur, producteur et r\u00e9gulateur que nous pourrons collectivement donner vie \u00e0 un nouveau r\u00e9cit de soci\u00e9t\u00e9. Chaque nouvelle civilisation s&rsquo;est toujours construite ainsi.<\/span><span data-ccp-props=\"{&quot;469777462&quot;:[4020],&quot;469777927&quot;:[0],&quot;469777928&quot;:[1]}\">\u00a0<\/span><\/p>\n<h3>Pilotes<\/h3>\n<ul>\n<li><a href=\"\/2023\/berthillier\/\">Catherine Berthillier<\/a> &#8211; Fondatrice, Ecole Shamengo<\/li>\n<li><a href=\"\/2023\/gilbert\/\">Na\u00efg Gilbert<\/a> &#8211; Charg\u00e9e de communication, Ecole Shamengo<\/li>\n<\/ul>","protected":false},"excerpt":{"rendered":"<p>Nos modes de production et consommation nous exposent \u00e0 des d\u00e9fis uniques dans l\u2019histoire de l\u2019humanit\u00e9. Dans son dernier rapport, l&rsquo;universit\u00e9 de Cambridge en Angleterre conclue \u00e0 la possible extinction &hellip; <\/p>\n","protected":false},"author":1,"featured_media":0,"parent":0,"menu_order":0,"comment_status":"closed","ping_status":"closed","template":"","meta":[],"categories":[40,38],"tags":[],"wf_page_folders":[87],"acf":[],"yoast_head":"<!-- This site is optimized with the Yoast SEO plugin v20.3 - https:\/\/yoast.com\/wordpress\/plugins\/seo\/ -->\n<title>C4.31 AT : D\u00e9ployer pour tous une \u00e9ducation au d\u00e9veloppement durable - 18e Universit\u00e9 d&#039;Hiver de la Formation Professionnelle<\/title>\n<meta name=\"robots\" content=\"index, follow, max-snippet:-1, max-image-preview:large, max-video-preview:-1\" \/>\n<link rel=\"canonical\" href=\"https:\/\/uhfp.centre-inffo.fr\/2023\/c4-31-at-deployer-pour-tous-une-education-au-developpement-durable\/\" \/>\n<meta property=\"og:locale\" content=\"fr_FR\" \/>\n<meta property=\"og:type\" content=\"article\" \/>\n<meta property=\"og:title\" content=\"C4.31 AT : D\u00e9ployer pour tous une \u00e9ducation au d\u00e9veloppement durable - 18e Universit\u00e9 d&#039;Hiver de la Formation Professionnelle\" \/>\n<meta property=\"og:description\" content=\"Nos modes de production et consommation nous exposent \u00e0 des d\u00e9fis uniques dans l\u2019histoire de l\u2019humanit\u00e9. Dans son dernier rapport, l&rsquo;universit\u00e9 de Cambridge en Angleterre conclue \u00e0 la possible extinction &hellip;\" \/>\n<meta property=\"og:url\" content=\"https:\/\/uhfp.centre-inffo.fr\/2023\/c4-31-at-deployer-pour-tous-une-education-au-developpement-durable\/\" \/>\n<meta property=\"og:site_name\" content=\"18e Universit\u00e9 d&#039;Hiver de la Formation Professionnelle\" \/>\n<meta property=\"article:publisher\" content=\"https:\/\/www.facebook.com\/centreinffo\" \/>\n<meta property=\"article:modified_time\" content=\"2023-02-17T09:49:35+00:00\" \/>\n<meta name=\"twitter:card\" content=\"summary_large_image\" \/>\n<meta name=\"twitter:site\" content=\"@centreinffo\" \/>\n<meta name=\"twitter:label1\" content=\"Dur\u00e9e de lecture estim\u00e9e\" \/>\n\t<meta name=\"twitter:data1\" content=\"1 minute\" \/>\n<script type=\"application\/ld+json\" class=\"yoast-schema-graph\">{\"@context\":\"https:\/\/schema.org\",\"@graph\":[{\"@type\":\"WebPage\",\"@id\":\"https:\/\/uhfp.centre-inffo.fr\/2023\/c4-31-at-deployer-pour-tous-une-education-au-developpement-durable\/\",\"url\":\"https:\/\/uhfp.centre-inffo.fr\/2023\/c4-31-at-deployer-pour-tous-une-education-au-developpement-durable\/\",\"name\":\"C4.31 AT : D\u00e9ployer pour tous une \u00e9ducation au d\u00e9veloppement durable - 18e Universit\u00e9 d&#039;Hiver de la Formation Professionnelle\",\"isPartOf\":{\"@id\":\"https:\/\/uhfp.centre-inffo.fr\/2023\/#website\"},\"datePublished\":\"2022-12-14T12:02:32+00:00\",\"dateModified\":\"2023-02-17T09:49:35+00:00\",\"breadcrumb\":{\"@id\":\"https:\/\/uhfp.centre-inffo.fr\/2023\/c4-31-at-deployer-pour-tous-une-education-au-developpement-durable\/#breadcrumb\"},\"inLanguage\":\"fr-FR\",\"potentialAction\":[{\"@type\":\"ReadAction\",\"target\":[\"https:\/\/uhfp.centre-inffo.fr\/2023\/c4-31-at-deployer-pour-tous-une-education-au-developpement-durable\/\"]}]},{\"@type\":\"BreadcrumbList\",\"@id\":\"https:\/\/uhfp.centre-inffo.fr\/2023\/c4-31-at-deployer-pour-tous-une-education-au-developpement-durable\/#breadcrumb\",\"itemListElement\":[{\"@type\":\"ListItem\",\"position\":1,\"name\":\"Accueil\",\"item\":\"https:\/\/uhfp.centre-inffo.fr\/2023\/\"},{\"@type\":\"ListItem\",\"position\":2,\"name\":\"Programme\",\"item\":\"https:\/\/uhfp.centre-inffo.fr\/2023\/rubrique\/programme\/\"},{\"@type\":\"ListItem\",\"position\":3,\"name\":\"Jeudi 26 janvier\",\"item\":\"https:\/\/uhfp.centre-inffo.fr\/2023\/rubrique\/programme\/jeudi-26-janvier\/\"},{\"@type\":\"ListItem\",\"position\":4,\"name\":\"C4.31 AT : D\u00e9ployer pour tous une \u00e9ducation au d\u00e9veloppement durable\"}]},{\"@type\":\"WebSite\",\"@id\":\"https:\/\/uhfp.centre-inffo.fr\/2023\/#website\",\"url\":\"https:\/\/uhfp.centre-inffo.fr\/2023\/\",\"name\":\"18e Universit\u00e9 d&#039;Hiver de la Formation Professionnelle\",\"description\":\"Comp\u00e9tences 2030 : r\u00e9ussir ensemble les transitions ! - Du 25 au 27 janvier 2023, \u00e0 Cannes\",\"publisher\":{\"@id\":\"https:\/\/uhfp.centre-inffo.fr\/2023\/#organization\"},\"potentialAction\":[{\"@type\":\"SearchAction\",\"target\":{\"@type\":\"EntryPoint\",\"urlTemplate\":\"https:\/\/uhfp.centre-inffo.fr\/2023\/?s={search_term_string}\"},\"query-input\":\"required name=search_term_string\"}],\"inLanguage\":\"fr-FR\"},{\"@type\":\"Organization\",\"@id\":\"https:\/\/uhfp.centre-inffo.fr\/2023\/#organization\",\"name\":\"Centre Inffo\",\"url\":\"https:\/\/uhfp.centre-inffo.fr\/2023\/\",\"logo\":{\"@type\":\"ImageObject\",\"inLanguage\":\"fr-FR\",\"@id\":\"https:\/\/uhfp.centre-inffo.fr\/2023\/#\/schema\/logo\/image\/\",\"url\":\"\",\"contentUrl\":\"\",\"caption\":\"Centre Inffo\"},\"image\":{\"@id\":\"https:\/\/uhfp.centre-inffo.fr\/2023\/#\/schema\/logo\/image\/\"},\"sameAs\":[\"https:\/\/www.facebook.com\/centreinffo\",\"https:\/\/twitter.com\/centreinffo\",\"https:\/\/www.linkedin.com\/company\/centre-inffo\/\",\"https:\/\/www.youtube.com\/user\/centreinffo\"]}]}<\/script>\n<!-- \/ Yoast SEO plugin. -->","yoast_head_json":{"title":"C4.31 AT : D\u00e9ployer pour tous une \u00e9ducation au d\u00e9veloppement durable - 18e Universit\u00e9 d&#039;Hiver de la Formation Professionnelle","robots":{"index":"index","follow":"follow","max-snippet":"max-snippet:-1","max-image-preview":"max-image-preview:large","max-video-preview":"max-video-preview:-1"},"canonical":"https:\/\/uhfp.centre-inffo.fr\/2023\/c4-31-at-deployer-pour-tous-une-education-au-developpement-durable\/","og_locale":"fr_FR","og_type":"article","og_title":"C4.31 AT : D\u00e9ployer pour tous une \u00e9ducation au d\u00e9veloppement durable - 18e Universit\u00e9 d&#039;Hiver de la Formation Professionnelle","og_description":"Nos modes de production et consommation nous exposent \u00e0 des d\u00e9fis uniques dans l\u2019histoire de l\u2019humanit\u00e9. Dans son dernier rapport, l&rsquo;universit\u00e9 de Cambridge en Angleterre conclue \u00e0 la possible extinction &hellip;","og_url":"https:\/\/uhfp.centre-inffo.fr\/2023\/c4-31-at-deployer-pour-tous-une-education-au-developpement-durable\/","og_site_name":"18e Universit\u00e9 d&#039;Hiver de la Formation Professionnelle","article_publisher":"https:\/\/www.facebook.com\/centreinffo","article_modified_time":"2023-02-17T09:49:35+00:00","twitter_card":"summary_large_image","twitter_site":"@centreinffo","twitter_misc":{"Dur\u00e9e de lecture estim\u00e9e":"1 minute"},"schema":{"@context":"https:\/\/schema.org","@graph":[{"@type":"WebPage","@id":"https:\/\/uhfp.centre-inffo.fr\/2023\/c4-31-at-deployer-pour-tous-une-education-au-developpement-durable\/","url":"https:\/\/uhfp.centre-inffo.fr\/2023\/c4-31-at-deployer-pour-tous-une-education-au-developpement-durable\/","name":"C4.31 AT : D\u00e9ployer pour tous une \u00e9ducation au d\u00e9veloppement durable - 18e Universit\u00e9 d&#039;Hiver de la Formation Professionnelle","isPartOf":{"@id":"https:\/\/uhfp.centre-inffo.fr\/2023\/#website"},"datePublished":"2022-12-14T12:02:32+00:00","dateModified":"2023-02-17T09:49:35+00:00","breadcrumb":{"@id":"https:\/\/uhfp.centre-inffo.fr\/2023\/c4-31-at-deployer-pour-tous-une-education-au-developpement-durable\/#breadcrumb"},"inLanguage":"fr-FR","potentialAction":[{"@type":"ReadAction","target":["https:\/\/uhfp.centre-inffo.fr\/2023\/c4-31-at-deployer-pour-tous-une-education-au-developpement-durable\/"]}]},{"@type":"BreadcrumbList","@id":"https:\/\/uhfp.centre-inffo.fr\/2023\/c4-31-at-deployer-pour-tous-une-education-au-developpement-durable\/#breadcrumb","itemListElement":[{"@type":"ListItem","position":1,"name":"Accueil","item":"https:\/\/uhfp.centre-inffo.fr\/2023\/"},{"@type":"ListItem","position":2,"name":"Programme","item":"https:\/\/uhfp.centre-inffo.fr\/2023\/rubrique\/programme\/"},{"@type":"ListItem","position":3,"name":"Jeudi 26 janvier","item":"https:\/\/uhfp.centre-inffo.fr\/2023\/rubrique\/programme\/jeudi-26-janvier\/"},{"@type":"ListItem","position":4,"name":"C4.31 AT : D\u00e9ployer pour tous une \u00e9ducation au d\u00e9veloppement durable"}]},{"@type":"WebSite","@id":"https:\/\/uhfp.centre-inffo.fr\/2023\/#website","url":"https:\/\/uhfp.centre-inffo.fr\/2023\/","name":"18e Universit\u00e9 d&#039;Hiver de la Formation Professionnelle","description":"Comp\u00e9tences 2030 : r\u00e9ussir ensemble les transitions ! - Du 25 au 27 janvier 2023, \u00e0 Cannes","publisher":{"@id":"https:\/\/uhfp.centre-inffo.fr\/2023\/#organization"},"potentialAction":[{"@type":"SearchAction","target":{"@type":"EntryPoint","urlTemplate":"https:\/\/uhfp.centre-inffo.fr\/2023\/?s={search_term_string}"},"query-input":"required name=search_term_string"}],"inLanguage":"fr-FR"},{"@type":"Organization","@id":"https:\/\/uhfp.centre-inffo.fr\/2023\/#organization","name":"Centre Inffo","url":"https:\/\/uhfp.centre-inffo.fr\/2023\/","logo":{"@type":"ImageObject","inLanguage":"fr-FR","@id":"https:\/\/uhfp.centre-inffo.fr\/2023\/#\/schema\/logo\/image\/","url":"","contentUrl":"","caption":"Centre Inffo"},"image":{"@id":"https:\/\/uhfp.centre-inffo.fr\/2023\/#\/schema\/logo\/image\/"},"sameAs":["https:\/\/www.facebook.com\/centreinffo","https:\/\/twitter.com\/centreinffo","https:\/\/www.linkedin.com\/company\/centre-inffo\/","https:\/\/www.youtube.com\/user\/centreinffo"]}]}},"_links":{"self":[{"href":"https:\/\/uhfp.centre-inffo.fr\/2023\/wp-json\/wp\/v2\/pages\/2957"}],"collection":[{"href":"https:\/\/uhfp.centre-inffo.fr\/2023\/wp-json\/wp\/v2\/pages"}],"about":[{"href":"https:\/\/uhfp.centre-inffo.fr\/2023\/wp-json\/wp\/v2\/types\/page"}],"author":[{"embeddable":true,"href":"https:\/\/uhfp.centre-inffo.fr\/2023\/wp-json\/wp\/v2\/users\/1"}],"replies":[{"embeddable":true,"href":"https:\/\/uhfp.centre-inffo.fr\/2023\/wp-json\/wp\/v2\/comments?post=2957"}],"version-history":[{"count":8,"href":"https:\/\/uhfp.centre-inffo.fr\/2023\/wp-json\/wp\/v2\/pages\/2957\/revisions"}],"predecessor-version":[{"id":6160,"href":"https:\/\/uhfp.centre-inffo.fr\/2023\/wp-json\/wp\/v2\/pages\/2957\/revisions\/6160"}],"wp:attachment":[{"href":"https:\/\/uhfp.centre-inffo.fr\/2023\/wp-json\/wp\/v2\/media?parent=2957"}],"wp:term":[{"taxonomy":"category","embeddable":true,"href":"https:\/\/uhfp.centre-inffo.fr\/2023\/wp-json\/wp\/v2\/categories?post=2957"},{"taxonomy":"post_tag","embeddable":true,"href":"https:\/\/uhfp.centre-inffo.fr\/2023\/wp-json\/wp\/v2\/tags?post=2957"},{"taxonomy":"wf_page_folders","embeddable":true,"href":"https:\/\/uhfp.centre-inffo.fr\/2023\/wp-json\/wp\/v2\/wf_page_folders?post=2957"}],"curies":[{"name":"wp","href":"https:\/\/api.w.org\/{rel}","templated":true}]}}