{"id":2963,"date":"2022-12-14T13:07:59","date_gmt":"2022-12-14T12:07:59","guid":{"rendered":"https:\/\/uhfp.centre-inffo.fr\/2023\/?page_id=2963"},"modified":"2023-02-24T11:00:41","modified_gmt":"2023-02-24T10:00:41","slug":"c4-33-at-transition-numerique-combattre-lillectronisme","status":"publish","type":"page","link":"https:\/\/uhfp.centre-inffo.fr\/2023\/c4-33-at-transition-numerique-combattre-lillectronisme\/","title":{"rendered":"C4.33 AT : Transition num\u00e9rique : combattre l&rsquo;illectronisme"},"content":{"rendered":"\n<div class=\"wp-block-columns is-layout-flex wp-container-5\">\n<div class=\"wp-block-column is-layout-flow\">\n<div class=\"wp-block-buttons is-layout-flex\">\n<div class=\"wp-block-button\"><a class=\"wp-block-button__link wp-element-button\" href=\"\/2023\/wp-content\/uploads\/2023\/02\/C4.33-AT-1.pdf\">T\u00e9l\u00e9charger la pr\u00e9sentation (.pdf)<\/a><\/div>\n<\/div>\n<\/div>\n\n\n\n<div class=\"wp-block-column is-layout-flow\">\n<div class=\"wp-block-buttons is-content-justification-right is-layout-flex wp-container-3\">\n<div class=\"wp-block-button\"><a class=\"wp-block-button__link wp-element-button\" href=\"\/2023\/wp-content\/uploads\/2023\/02\/C4.33-AT-2.pdf\">T\u00e9l\u00e9charger la post-production (.pdf)<\/a><\/div>\n<\/div>\n<\/div>\n<\/div>\n\n\n\n<hr class=\"wp-block-separator has-alpha-channel-opacity\"\/>\n\n\n<p class=\"x_MsoNormal\">L\u2019Agence E+, \u00e0 travers le dispositif de l\u2019Agenda Europ\u00e9en pour la Formation des Adultes, propose un guide pour outiller les acteurs qui accompagnent les TPE, PME et structures de la coh\u00e9sion sociale dans leurs transitions num\u00e9riques (<a title=\"https:\/\/agence.erasmusplus.fr\/publications\/le-referent-numerique-un-levier-pour-la-transformation-de-votre-territoire\/\" contenteditable=\"false\" href=\"https:\/\/agence.erasmusplus.fr\/publications\/le-referent-numerique-un-levier-pour-la-transformation-de-votre-territoire\/\" target=\"_blank\" rel=\"noopener\">Le r\u00e9f\u00e9rent num\u00e9rique, un levier pour la transformation de votre territoire). <\/a><br \/>Quels sont les obstacles face au num\u00e9rique dans le monde du travail ? Quels sont les enjeux de l\u2019accompagnement au num\u00e9rique ?<br \/>Apr\u00e8s un \u00e9tat des lieux, le guide de l\u2019AEFA propose des pistes concr\u00e8tes : une mise en avant de la fonction de r\u00e9f\u00e9rent num\u00e9rique et des ressources pour passer \u00e0 l\u2019action.<\/p>\n<p class=\"x_MsoNormal\">L\u2019objectif de cet atelier est de rep\u00e9rer les formes et situations d\u2019illectronisme, et de de proposer des outils pour passer \u00e0 l\u2019action en faveur de l\u2019inclusion num\u00e9rique.<\/p>\n<h3>Objectifs p\u00e9dagogiques<\/h3>\n<ul>\n<li>Rep\u00e9rer les situations d\u2019illectronisme<\/li>\n<li>Identifier les moyens d&rsquo;action et les outils disponibles pour combattre l&rsquo;illectronisme<\/li>\n<\/ul>\n<h3>Pilote<\/h3>\n<ul>\n<li><a href=\"\/2023\/paumier\/\">H\u00e9l\u00e8ne Paumier<\/a> &#8211; Consultante, experte AEFA, Agence Erasmus + France Education Formation<\/li>\n<\/ul>\n<h3>Intervenants<\/h3>\n<ul>\n<li><a href=\"\/2023\/botokro\/\">Arl\u00e8ne Botokro<\/a> &#8211; Account Manager Lead, Wooclap<\/li>\n<li><a href=\"\/2023\/fernandez\/\">Herv\u00e9 Fernandez<\/a> &#8211; Directeur, ANLCI<\/li>\n<\/ul>","protected":false},"excerpt":{"rendered":"<p>L\u2019Agence E+, \u00e0 travers le dispositif de l\u2019Agenda Europ\u00e9en pour la Formation des Adultes, propose un guide pour outiller les acteurs qui accompagnent les TPE, PME et structures de la &hellip; <\/p>\n","protected":false},"author":1,"featured_media":0,"parent":0,"menu_order":0,"comment_status":"closed","ping_status":"closed","template":"","meta":[],"categories":[40,38],"tags":[],"wf_page_folders":[87],"acf":[],"yoast_head":"<!-- This site is optimized with the Yoast SEO plugin v20.3 - https:\/\/yoast.com\/wordpress\/plugins\/seo\/ -->\n<title>C4.33 AT : Transition num\u00e9rique : combattre l&#039;illectronisme - 18e Universit\u00e9 d&#039;Hiver de la Formation Professionnelle<\/title>\n<meta name=\"robots\" content=\"index, follow, max-snippet:-1, max-image-preview:large, max-video-preview:-1\" \/>\n<link rel=\"canonical\" href=\"https:\/\/uhfp.centre-inffo.fr\/2023\/c4-33-at-transition-numerique-combattre-lillectronisme\/\" \/>\n<meta property=\"og:locale\" content=\"fr_FR\" \/>\n<meta property=\"og:type\" content=\"article\" \/>\n<meta property=\"og:title\" content=\"C4.33 AT : Transition num\u00e9rique : combattre l&#039;illectronisme - 18e Universit\u00e9 d&#039;Hiver de la Formation Professionnelle\" \/>\n<meta property=\"og:description\" content=\"L\u2019Agence E+, \u00e0 travers le dispositif de l\u2019Agenda Europ\u00e9en pour la Formation des Adultes, propose un guide pour outiller les acteurs qui accompagnent les TPE, PME et structures de la &hellip;\" \/>\n<meta property=\"og:url\" content=\"https:\/\/uhfp.centre-inffo.fr\/2023\/c4-33-at-transition-numerique-combattre-lillectronisme\/\" \/>\n<meta property=\"og:site_name\" content=\"18e Universit\u00e9 d&#039;Hiver de la Formation Professionnelle\" \/>\n<meta property=\"article:publisher\" content=\"https:\/\/www.facebook.com\/centreinffo\" \/>\n<meta property=\"article:modified_time\" content=\"2023-02-24T10:00:41+00:00\" \/>\n<meta name=\"twitter:card\" content=\"summary_large_image\" \/>\n<meta name=\"twitter:site\" content=\"@centreinffo\" \/>\n<meta name=\"twitter:label1\" content=\"Dur\u00e9e de lecture estim\u00e9e\" \/>\n\t<meta name=\"twitter:data1\" content=\"1 minute\" \/>\n<script type=\"application\/ld+json\" class=\"yoast-schema-graph\">{\"@context\":\"https:\/\/schema.org\",\"@graph\":[{\"@type\":\"WebPage\",\"@id\":\"https:\/\/uhfp.centre-inffo.fr\/2023\/c4-33-at-transition-numerique-combattre-lillectronisme\/\",\"url\":\"https:\/\/uhfp.centre-inffo.fr\/2023\/c4-33-at-transition-numerique-combattre-lillectronisme\/\",\"name\":\"C4.33 AT : Transition num\u00e9rique : combattre l'illectronisme - 18e Universit\u00e9 d&#039;Hiver de la Formation Professionnelle\",\"isPartOf\":{\"@id\":\"https:\/\/uhfp.centre-inffo.fr\/2023\/#website\"},\"datePublished\":\"2022-12-14T12:07:59+00:00\",\"dateModified\":\"2023-02-24T10:00:41+00:00\",\"breadcrumb\":{\"@id\":\"https:\/\/uhfp.centre-inffo.fr\/2023\/c4-33-at-transition-numerique-combattre-lillectronisme\/#breadcrumb\"},\"inLanguage\":\"fr-FR\",\"potentialAction\":[{\"@type\":\"ReadAction\",\"target\":[\"https:\/\/uhfp.centre-inffo.fr\/2023\/c4-33-at-transition-numerique-combattre-lillectronisme\/\"]}]},{\"@type\":\"BreadcrumbList\",\"@id\":\"https:\/\/uhfp.centre-inffo.fr\/2023\/c4-33-at-transition-numerique-combattre-lillectronisme\/#breadcrumb\",\"itemListElement\":[{\"@type\":\"ListItem\",\"position\":1,\"name\":\"Accueil\",\"item\":\"https:\/\/uhfp.centre-inffo.fr\/2023\/\"},{\"@type\":\"ListItem\",\"position\":2,\"name\":\"Programme\",\"item\":\"https:\/\/uhfp.centre-inffo.fr\/2023\/rubrique\/programme\/\"},{\"@type\":\"ListItem\",\"position\":3,\"name\":\"Jeudi 26 janvier\",\"item\":\"https:\/\/uhfp.centre-inffo.fr\/2023\/rubrique\/programme\/jeudi-26-janvier\/\"},{\"@type\":\"ListItem\",\"position\":4,\"name\":\"C4.33 AT : Transition num\u00e9rique : combattre l&rsquo;illectronisme\"}]},{\"@type\":\"WebSite\",\"@id\":\"https:\/\/uhfp.centre-inffo.fr\/2023\/#website\",\"url\":\"https:\/\/uhfp.centre-inffo.fr\/2023\/\",\"name\":\"18e Universit\u00e9 d&#039;Hiver de la Formation Professionnelle\",\"description\":\"Comp\u00e9tences 2030 : r\u00e9ussir ensemble les transitions ! - Du 25 au 27 janvier 2023, \u00e0 Cannes\",\"publisher\":{\"@id\":\"https:\/\/uhfp.centre-inffo.fr\/2023\/#organization\"},\"potentialAction\":[{\"@type\":\"SearchAction\",\"target\":{\"@type\":\"EntryPoint\",\"urlTemplate\":\"https:\/\/uhfp.centre-inffo.fr\/2023\/?s={search_term_string}\"},\"query-input\":\"required name=search_term_string\"}],\"inLanguage\":\"fr-FR\"},{\"@type\":\"Organization\",\"@id\":\"https:\/\/uhfp.centre-inffo.fr\/2023\/#organization\",\"name\":\"Centre Inffo\",\"url\":\"https:\/\/uhfp.centre-inffo.fr\/2023\/\",\"logo\":{\"@type\":\"ImageObject\",\"inLanguage\":\"fr-FR\",\"@id\":\"https:\/\/uhfp.centre-inffo.fr\/2023\/#\/schema\/logo\/image\/\",\"url\":\"\",\"contentUrl\":\"\",\"caption\":\"Centre Inffo\"},\"image\":{\"@id\":\"https:\/\/uhfp.centre-inffo.fr\/2023\/#\/schema\/logo\/image\/\"},\"sameAs\":[\"https:\/\/www.facebook.com\/centreinffo\",\"https:\/\/twitter.com\/centreinffo\",\"https:\/\/www.linkedin.com\/company\/centre-inffo\/\",\"https:\/\/www.youtube.com\/user\/centreinffo\"]}]}<\/script>\n<!-- \/ Yoast SEO plugin. -->","yoast_head_json":{"title":"C4.33 AT : Transition num\u00e9rique : combattre l'illectronisme - 18e Universit\u00e9 d&#039;Hiver de la Formation Professionnelle","robots":{"index":"index","follow":"follow","max-snippet":"max-snippet:-1","max-image-preview":"max-image-preview:large","max-video-preview":"max-video-preview:-1"},"canonical":"https:\/\/uhfp.centre-inffo.fr\/2023\/c4-33-at-transition-numerique-combattre-lillectronisme\/","og_locale":"fr_FR","og_type":"article","og_title":"C4.33 AT : Transition num\u00e9rique : combattre l'illectronisme - 18e Universit\u00e9 d&#039;Hiver de la Formation Professionnelle","og_description":"L\u2019Agence E+, \u00e0 travers le dispositif de l\u2019Agenda Europ\u00e9en pour la Formation des Adultes, propose un guide pour outiller les acteurs qui accompagnent les TPE, PME et structures de la &hellip;","og_url":"https:\/\/uhfp.centre-inffo.fr\/2023\/c4-33-at-transition-numerique-combattre-lillectronisme\/","og_site_name":"18e Universit\u00e9 d&#039;Hiver de la Formation Professionnelle","article_publisher":"https:\/\/www.facebook.com\/centreinffo","article_modified_time":"2023-02-24T10:00:41+00:00","twitter_card":"summary_large_image","twitter_site":"@centreinffo","twitter_misc":{"Dur\u00e9e de lecture estim\u00e9e":"1 minute"},"schema":{"@context":"https:\/\/schema.org","@graph":[{"@type":"WebPage","@id":"https:\/\/uhfp.centre-inffo.fr\/2023\/c4-33-at-transition-numerique-combattre-lillectronisme\/","url":"https:\/\/uhfp.centre-inffo.fr\/2023\/c4-33-at-transition-numerique-combattre-lillectronisme\/","name":"C4.33 AT : Transition num\u00e9rique : combattre l'illectronisme - 18e Universit\u00e9 d&#039;Hiver de la Formation Professionnelle","isPartOf":{"@id":"https:\/\/uhfp.centre-inffo.fr\/2023\/#website"},"datePublished":"2022-12-14T12:07:59+00:00","dateModified":"2023-02-24T10:00:41+00:00","breadcrumb":{"@id":"https:\/\/uhfp.centre-inffo.fr\/2023\/c4-33-at-transition-numerique-combattre-lillectronisme\/#breadcrumb"},"inLanguage":"fr-FR","potentialAction":[{"@type":"ReadAction","target":["https:\/\/uhfp.centre-inffo.fr\/2023\/c4-33-at-transition-numerique-combattre-lillectronisme\/"]}]},{"@type":"BreadcrumbList","@id":"https:\/\/uhfp.centre-inffo.fr\/2023\/c4-33-at-transition-numerique-combattre-lillectronisme\/#breadcrumb","itemListElement":[{"@type":"ListItem","position":1,"name":"Accueil","item":"https:\/\/uhfp.centre-inffo.fr\/2023\/"},{"@type":"ListItem","position":2,"name":"Programme","item":"https:\/\/uhfp.centre-inffo.fr\/2023\/rubrique\/programme\/"},{"@type":"ListItem","position":3,"name":"Jeudi 26 janvier","item":"https:\/\/uhfp.centre-inffo.fr\/2023\/rubrique\/programme\/jeudi-26-janvier\/"},{"@type":"ListItem","position":4,"name":"C4.33 AT : Transition num\u00e9rique : combattre l&rsquo;illectronisme"}]},{"@type":"WebSite","@id":"https:\/\/uhfp.centre-inffo.fr\/2023\/#website","url":"https:\/\/uhfp.centre-inffo.fr\/2023\/","name":"18e Universit\u00e9 d&#039;Hiver de la Formation Professionnelle","description":"Comp\u00e9tences 2030 : r\u00e9ussir ensemble les transitions ! - Du 25 au 27 janvier 2023, \u00e0 Cannes","publisher":{"@id":"https:\/\/uhfp.centre-inffo.fr\/2023\/#organization"},"potentialAction":[{"@type":"SearchAction","target":{"@type":"EntryPoint","urlTemplate":"https:\/\/uhfp.centre-inffo.fr\/2023\/?s={search_term_string}"},"query-input":"required name=search_term_string"}],"inLanguage":"fr-FR"},{"@type":"Organization","@id":"https:\/\/uhfp.centre-inffo.fr\/2023\/#organization","name":"Centre Inffo","url":"https:\/\/uhfp.centre-inffo.fr\/2023\/","logo":{"@type":"ImageObject","inLanguage":"fr-FR","@id":"https:\/\/uhfp.centre-inffo.fr\/2023\/#\/schema\/logo\/image\/","url":"","contentUrl":"","caption":"Centre Inffo"},"image":{"@id":"https:\/\/uhfp.centre-inffo.fr\/2023\/#\/schema\/logo\/image\/"},"sameAs":["https:\/\/www.facebook.com\/centreinffo","https:\/\/twitter.com\/centreinffo","https:\/\/www.linkedin.com\/company\/centre-inffo\/","https:\/\/www.youtube.com\/user\/centreinffo"]}]}},"_links":{"self":[{"href":"https:\/\/uhfp.centre-inffo.fr\/2023\/wp-json\/wp\/v2\/pages\/2963"}],"collection":[{"href":"https:\/\/uhfp.centre-inffo.fr\/2023\/wp-json\/wp\/v2\/pages"}],"about":[{"href":"https:\/\/uhfp.centre-inffo.fr\/2023\/wp-json\/wp\/v2\/types\/page"}],"author":[{"embeddable":true,"href":"https:\/\/uhfp.centre-inffo.fr\/2023\/wp-json\/wp\/v2\/users\/1"}],"replies":[{"embeddable":true,"href":"https:\/\/uhfp.centre-inffo.fr\/2023\/wp-json\/wp\/v2\/comments?post=2963"}],"version-history":[{"count":14,"href":"https:\/\/uhfp.centre-inffo.fr\/2023\/wp-json\/wp\/v2\/pages\/2963\/revisions"}],"predecessor-version":[{"id":6188,"href":"https:\/\/uhfp.centre-inffo.fr\/2023\/wp-json\/wp\/v2\/pages\/2963\/revisions\/6188"}],"wp:attachment":[{"href":"https:\/\/uhfp.centre-inffo.fr\/2023\/wp-json\/wp\/v2\/media?parent=2963"}],"wp:term":[{"taxonomy":"category","embeddable":true,"href":"https:\/\/uhfp.centre-inffo.fr\/2023\/wp-json\/wp\/v2\/categories?post=2963"},{"taxonomy":"post_tag","embeddable":true,"href":"https:\/\/uhfp.centre-inffo.fr\/2023\/wp-json\/wp\/v2\/tags?post=2963"},{"taxonomy":"wf_page_folders","embeddable":true,"href":"https:\/\/uhfp.centre-inffo.fr\/2023\/wp-json\/wp\/v2\/wf_page_folders?post=2963"}],"curies":[{"name":"wp","href":"https:\/\/api.w.org\/{rel}","templated":true}]}}