{"id":2983,"date":"2022-12-14T13:31:49","date_gmt":"2022-12-14T12:31:49","guid":{"rendered":"https:\/\/uhfp.centre-inffo.fr\/2023\/?page_id=2983"},"modified":"2023-02-17T09:53:44","modified_gmt":"2023-02-17T08:53:44","slug":"e2-58-at-metavers-gadget-ou-innovation-pedagogique-premier-retour-dexperience","status":"publish","type":"page","link":"https:\/\/uhfp.centre-inffo.fr\/2023\/e2-58-at-metavers-gadget-ou-innovation-pedagogique-premier-retour-dexperience\/","title":{"rendered":"E2.58 AT : M\u00e9tavers, gadget ou innovation p\u00e9dagogique ? Premier retour d&rsquo;exp\u00e9rience"},"content":{"rendered":"\n<div class=\"wp-block-buttons is-content-justification-center is-layout-flex wp-container-1\">\n<div class=\"wp-block-button\"><a class=\"wp-block-button__link wp-element-button\" href=\"\/2023\/wp-content\/uploads\/2023\/02\/E2.58-AT.pdf\">T\u00e9l\u00e9charger la pr\u00e9sentation (.pdf)<\/a><\/div>\n<\/div>\n\n\n\n<hr class=\"wp-block-separator has-alpha-channel-opacity\"\/>\n\n\n<p><span data-contrast=\"auto\">Cet atelier interactif pr\u00e9sente l\u2019\u00e9tat de l\u2019art des Metavers actuels puis se focalise sur les possibilit\u00e9s offertes par les Metavers p\u00e9dagogiques. Les \u00e9changes entre les participants et les animateurs permettront d\u2019enrichir la pr\u00e9sentation et de nourrir les d\u00e9bats sur ces avanc\u00e9es technologiques.<\/span><span data-ccp-props=\"{}\">\u00a0<\/span><\/p>\n<p><span data-contrast=\"auto\">Seront trait\u00e9es les questions suivantes :<\/span><span data-ccp-props=\"{}\">\u00a0<\/span><\/p>\n<ul>\n<li><span data-contrast=\"auto\">De quoi parle-t-on plus exactement au-del\u00e0 des projections futuristes ?<\/span><span data-ccp-props=\"{}\">\u00a0<\/span><\/li>\n<li><span data-contrast=\"auto\">Quels sont les investissements et les avanc\u00e9es technologiques en cours ?<\/span><span data-ccp-props=\"{}\">\u00a0<\/span><\/li>\n<li><span data-contrast=\"auto\">L\u2019impact du contexte actuel sur l\u2019\u00e9volution des pratiques professionnelles et p\u00e9dagogiques : digitalisation des activit\u00e9s, crises sanitaire et climatique, turbulence des march\u00e9s et des relations internationales, nouvelles g\u00e9n\u00e9rations, \u2026<\/span><span data-ccp-props=\"{}\">\u00a0<\/span><\/li>\n<li><span data-contrast=\"auto\">Le potentiel des Metavers p\u00e9dagogiques au service de la formation et des ressources humaines : cas d\u2019usages.<\/span><span data-ccp-props=\"{}\">\u00a0<\/span><\/li>\n<\/ul>\n<h3>Objectifs p\u00e9dagogiques<\/h3>\n<ul>\n<li>Identifier \u00e0 partir d\u2019un cas pratique les possibilit\u00e9s ouvertes par le M\u00e9tavers dans le domaine de la formation<\/li>\n<li>Identifier les conditions de r\u00e9ussite et points de vigilance pour d\u00e9velopper des formations en metavers<\/li>\n<li>Projeter \u00e0 partir du contexte actuel l\u2019impact sur l\u2019\u00e9volution des pratiques professionnelles et p\u00e9dagogiques et dans le champ des ressources humaines<\/li>\n<\/ul>\n<h3>Pilote<\/h3>\n<ul>\n<li><a href=\"\/2023\/crisan\/\">Stefan Crisan<\/a> &#8211; Directeur, Kwark Education<\/li>\n<\/ul>\n<h3>Intervenant<\/h3>\n<ul>\n<li><a href=\"\/2023\/delaunay-belleville\/\">Jean-Philippe Delaunay-Belleville<\/a> &#8211; Responsable des partenariats, Kwark Education<\/li>\n<\/ul>","protected":false},"excerpt":{"rendered":"<p>Cet atelier interactif pr\u00e9sente l\u2019\u00e9tat de l\u2019art des Metavers actuels puis se focalise sur les possibilit\u00e9s offertes par les Metavers p\u00e9dagogiques. Les \u00e9changes entre les participants et les animateurs permettront &hellip; <\/p>\n","protected":false},"author":1,"featured_media":0,"parent":0,"menu_order":0,"comment_status":"closed","ping_status":"closed","template":"","meta":[],"categories":[38,41],"tags":[],"wf_page_folders":[88],"acf":[],"yoast_head":"<!-- This site is optimized with the Yoast SEO plugin v20.3 - https:\/\/yoast.com\/wordpress\/plugins\/seo\/ -->\n<title>E2.58 AT : M\u00e9tavers, gadget ou innovation p\u00e9dagogique ? Premier retour d&#039;exp\u00e9rience - 18e Universit\u00e9 d&#039;Hiver de la Formation Professionnelle<\/title>\n<meta name=\"robots\" content=\"index, follow, max-snippet:-1, max-image-preview:large, max-video-preview:-1\" \/>\n<link rel=\"canonical\" href=\"https:\/\/uhfp.centre-inffo.fr\/2023\/e2-58-at-metavers-gadget-ou-innovation-pedagogique-premier-retour-dexperience\/\" \/>\n<meta property=\"og:locale\" content=\"fr_FR\" \/>\n<meta property=\"og:type\" content=\"article\" \/>\n<meta property=\"og:title\" content=\"E2.58 AT : M\u00e9tavers, gadget ou innovation p\u00e9dagogique ? Premier retour d&#039;exp\u00e9rience - 18e Universit\u00e9 d&#039;Hiver de la Formation Professionnelle\" \/>\n<meta property=\"og:description\" content=\"Cet atelier interactif pr\u00e9sente l\u2019\u00e9tat de l\u2019art des Metavers actuels puis se focalise sur les possibilit\u00e9s offertes par les Metavers p\u00e9dagogiques. Les \u00e9changes entre les participants et les animateurs permettront &hellip;\" \/>\n<meta property=\"og:url\" content=\"https:\/\/uhfp.centre-inffo.fr\/2023\/e2-58-at-metavers-gadget-ou-innovation-pedagogique-premier-retour-dexperience\/\" \/>\n<meta property=\"og:site_name\" content=\"18e Universit\u00e9 d&#039;Hiver de la Formation Professionnelle\" \/>\n<meta property=\"article:publisher\" content=\"https:\/\/www.facebook.com\/centreinffo\" \/>\n<meta property=\"article:modified_time\" content=\"2023-02-17T08:53:44+00:00\" \/>\n<meta name=\"twitter:card\" content=\"summary_large_image\" \/>\n<meta name=\"twitter:site\" content=\"@centreinffo\" \/>\n<meta name=\"twitter:label1\" content=\"Dur\u00e9e de lecture estim\u00e9e\" \/>\n\t<meta name=\"twitter:data1\" content=\"1 minute\" \/>\n<script type=\"application\/ld+json\" class=\"yoast-schema-graph\">{\"@context\":\"https:\/\/schema.org\",\"@graph\":[{\"@type\":\"WebPage\",\"@id\":\"https:\/\/uhfp.centre-inffo.fr\/2023\/e2-58-at-metavers-gadget-ou-innovation-pedagogique-premier-retour-dexperience\/\",\"url\":\"https:\/\/uhfp.centre-inffo.fr\/2023\/e2-58-at-metavers-gadget-ou-innovation-pedagogique-premier-retour-dexperience\/\",\"name\":\"E2.58 AT : M\u00e9tavers, gadget ou innovation p\u00e9dagogique ? Premier retour d'exp\u00e9rience - 18e Universit\u00e9 d&#039;Hiver de la Formation Professionnelle\",\"isPartOf\":{\"@id\":\"https:\/\/uhfp.centre-inffo.fr\/2023\/#website\"},\"datePublished\":\"2022-12-14T12:31:49+00:00\",\"dateModified\":\"2023-02-17T08:53:44+00:00\",\"breadcrumb\":{\"@id\":\"https:\/\/uhfp.centre-inffo.fr\/2023\/e2-58-at-metavers-gadget-ou-innovation-pedagogique-premier-retour-dexperience\/#breadcrumb\"},\"inLanguage\":\"fr-FR\",\"potentialAction\":[{\"@type\":\"ReadAction\",\"target\":[\"https:\/\/uhfp.centre-inffo.fr\/2023\/e2-58-at-metavers-gadget-ou-innovation-pedagogique-premier-retour-dexperience\/\"]}]},{\"@type\":\"BreadcrumbList\",\"@id\":\"https:\/\/uhfp.centre-inffo.fr\/2023\/e2-58-at-metavers-gadget-ou-innovation-pedagogique-premier-retour-dexperience\/#breadcrumb\",\"itemListElement\":[{\"@type\":\"ListItem\",\"position\":1,\"name\":\"Accueil\",\"item\":\"https:\/\/uhfp.centre-inffo.fr\/2023\/\"},{\"@type\":\"ListItem\",\"position\":2,\"name\":\"Programme\",\"item\":\"https:\/\/uhfp.centre-inffo.fr\/2023\/rubrique\/programme\/\"},{\"@type\":\"ListItem\",\"position\":3,\"name\":\"Vendredi 27 janvier\",\"item\":\"https:\/\/uhfp.centre-inffo.fr\/2023\/rubrique\/programme\/vendredi-27-janvier\/\"},{\"@type\":\"ListItem\",\"position\":4,\"name\":\"E2.58 AT : M\u00e9tavers, gadget ou innovation p\u00e9dagogique ? Premier retour d&rsquo;exp\u00e9rience\"}]},{\"@type\":\"WebSite\",\"@id\":\"https:\/\/uhfp.centre-inffo.fr\/2023\/#website\",\"url\":\"https:\/\/uhfp.centre-inffo.fr\/2023\/\",\"name\":\"18e Universit\u00e9 d&#039;Hiver de la Formation Professionnelle\",\"description\":\"Comp\u00e9tences 2030 : r\u00e9ussir ensemble les transitions ! - Du 25 au 27 janvier 2023, \u00e0 Cannes\",\"publisher\":{\"@id\":\"https:\/\/uhfp.centre-inffo.fr\/2023\/#organization\"},\"potentialAction\":[{\"@type\":\"SearchAction\",\"target\":{\"@type\":\"EntryPoint\",\"urlTemplate\":\"https:\/\/uhfp.centre-inffo.fr\/2023\/?s={search_term_string}\"},\"query-input\":\"required name=search_term_string\"}],\"inLanguage\":\"fr-FR\"},{\"@type\":\"Organization\",\"@id\":\"https:\/\/uhfp.centre-inffo.fr\/2023\/#organization\",\"name\":\"Centre Inffo\",\"url\":\"https:\/\/uhfp.centre-inffo.fr\/2023\/\",\"logo\":{\"@type\":\"ImageObject\",\"inLanguage\":\"fr-FR\",\"@id\":\"https:\/\/uhfp.centre-inffo.fr\/2023\/#\/schema\/logo\/image\/\",\"url\":\"\",\"contentUrl\":\"\",\"caption\":\"Centre Inffo\"},\"image\":{\"@id\":\"https:\/\/uhfp.centre-inffo.fr\/2023\/#\/schema\/logo\/image\/\"},\"sameAs\":[\"https:\/\/www.facebook.com\/centreinffo\",\"https:\/\/twitter.com\/centreinffo\",\"https:\/\/www.linkedin.com\/company\/centre-inffo\/\",\"https:\/\/www.youtube.com\/user\/centreinffo\"]}]}<\/script>\n<!-- \/ Yoast SEO plugin. -->","yoast_head_json":{"title":"E2.58 AT : M\u00e9tavers, gadget ou innovation p\u00e9dagogique ? Premier retour d'exp\u00e9rience - 18e Universit\u00e9 d&#039;Hiver de la Formation Professionnelle","robots":{"index":"index","follow":"follow","max-snippet":"max-snippet:-1","max-image-preview":"max-image-preview:large","max-video-preview":"max-video-preview:-1"},"canonical":"https:\/\/uhfp.centre-inffo.fr\/2023\/e2-58-at-metavers-gadget-ou-innovation-pedagogique-premier-retour-dexperience\/","og_locale":"fr_FR","og_type":"article","og_title":"E2.58 AT : M\u00e9tavers, gadget ou innovation p\u00e9dagogique ? Premier retour d'exp\u00e9rience - 18e Universit\u00e9 d&#039;Hiver de la Formation Professionnelle","og_description":"Cet atelier interactif pr\u00e9sente l\u2019\u00e9tat de l\u2019art des Metavers actuels puis se focalise sur les possibilit\u00e9s offertes par les Metavers p\u00e9dagogiques. Les \u00e9changes entre les participants et les animateurs permettront &hellip;","og_url":"https:\/\/uhfp.centre-inffo.fr\/2023\/e2-58-at-metavers-gadget-ou-innovation-pedagogique-premier-retour-dexperience\/","og_site_name":"18e Universit\u00e9 d&#039;Hiver de la Formation Professionnelle","article_publisher":"https:\/\/www.facebook.com\/centreinffo","article_modified_time":"2023-02-17T08:53:44+00:00","twitter_card":"summary_large_image","twitter_site":"@centreinffo","twitter_misc":{"Dur\u00e9e de lecture estim\u00e9e":"1 minute"},"schema":{"@context":"https:\/\/schema.org","@graph":[{"@type":"WebPage","@id":"https:\/\/uhfp.centre-inffo.fr\/2023\/e2-58-at-metavers-gadget-ou-innovation-pedagogique-premier-retour-dexperience\/","url":"https:\/\/uhfp.centre-inffo.fr\/2023\/e2-58-at-metavers-gadget-ou-innovation-pedagogique-premier-retour-dexperience\/","name":"E2.58 AT : M\u00e9tavers, gadget ou innovation p\u00e9dagogique ? Premier retour d'exp\u00e9rience - 18e Universit\u00e9 d&#039;Hiver de la Formation Professionnelle","isPartOf":{"@id":"https:\/\/uhfp.centre-inffo.fr\/2023\/#website"},"datePublished":"2022-12-14T12:31:49+00:00","dateModified":"2023-02-17T08:53:44+00:00","breadcrumb":{"@id":"https:\/\/uhfp.centre-inffo.fr\/2023\/e2-58-at-metavers-gadget-ou-innovation-pedagogique-premier-retour-dexperience\/#breadcrumb"},"inLanguage":"fr-FR","potentialAction":[{"@type":"ReadAction","target":["https:\/\/uhfp.centre-inffo.fr\/2023\/e2-58-at-metavers-gadget-ou-innovation-pedagogique-premier-retour-dexperience\/"]}]},{"@type":"BreadcrumbList","@id":"https:\/\/uhfp.centre-inffo.fr\/2023\/e2-58-at-metavers-gadget-ou-innovation-pedagogique-premier-retour-dexperience\/#breadcrumb","itemListElement":[{"@type":"ListItem","position":1,"name":"Accueil","item":"https:\/\/uhfp.centre-inffo.fr\/2023\/"},{"@type":"ListItem","position":2,"name":"Programme","item":"https:\/\/uhfp.centre-inffo.fr\/2023\/rubrique\/programme\/"},{"@type":"ListItem","position":3,"name":"Vendredi 27 janvier","item":"https:\/\/uhfp.centre-inffo.fr\/2023\/rubrique\/programme\/vendredi-27-janvier\/"},{"@type":"ListItem","position":4,"name":"E2.58 AT : M\u00e9tavers, gadget ou innovation p\u00e9dagogique ? Premier retour d&rsquo;exp\u00e9rience"}]},{"@type":"WebSite","@id":"https:\/\/uhfp.centre-inffo.fr\/2023\/#website","url":"https:\/\/uhfp.centre-inffo.fr\/2023\/","name":"18e Universit\u00e9 d&#039;Hiver de la Formation Professionnelle","description":"Comp\u00e9tences 2030 : r\u00e9ussir ensemble les transitions ! - Du 25 au 27 janvier 2023, \u00e0 Cannes","publisher":{"@id":"https:\/\/uhfp.centre-inffo.fr\/2023\/#organization"},"potentialAction":[{"@type":"SearchAction","target":{"@type":"EntryPoint","urlTemplate":"https:\/\/uhfp.centre-inffo.fr\/2023\/?s={search_term_string}"},"query-input":"required name=search_term_string"}],"inLanguage":"fr-FR"},{"@type":"Organization","@id":"https:\/\/uhfp.centre-inffo.fr\/2023\/#organization","name":"Centre Inffo","url":"https:\/\/uhfp.centre-inffo.fr\/2023\/","logo":{"@type":"ImageObject","inLanguage":"fr-FR","@id":"https:\/\/uhfp.centre-inffo.fr\/2023\/#\/schema\/logo\/image\/","url":"","contentUrl":"","caption":"Centre Inffo"},"image":{"@id":"https:\/\/uhfp.centre-inffo.fr\/2023\/#\/schema\/logo\/image\/"},"sameAs":["https:\/\/www.facebook.com\/centreinffo","https:\/\/twitter.com\/centreinffo","https:\/\/www.linkedin.com\/company\/centre-inffo\/","https:\/\/www.youtube.com\/user\/centreinffo"]}]}},"_links":{"self":[{"href":"https:\/\/uhfp.centre-inffo.fr\/2023\/wp-json\/wp\/v2\/pages\/2983"}],"collection":[{"href":"https:\/\/uhfp.centre-inffo.fr\/2023\/wp-json\/wp\/v2\/pages"}],"about":[{"href":"https:\/\/uhfp.centre-inffo.fr\/2023\/wp-json\/wp\/v2\/types\/page"}],"author":[{"embeddable":true,"href":"https:\/\/uhfp.centre-inffo.fr\/2023\/wp-json\/wp\/v2\/users\/1"}],"replies":[{"embeddable":true,"href":"https:\/\/uhfp.centre-inffo.fr\/2023\/wp-json\/wp\/v2\/comments?post=2983"}],"version-history":[{"count":13,"href":"https:\/\/uhfp.centre-inffo.fr\/2023\/wp-json\/wp\/v2\/pages\/2983\/revisions"}],"predecessor-version":[{"id":6154,"href":"https:\/\/uhfp.centre-inffo.fr\/2023\/wp-json\/wp\/v2\/pages\/2983\/revisions\/6154"}],"wp:attachment":[{"href":"https:\/\/uhfp.centre-inffo.fr\/2023\/wp-json\/wp\/v2\/media?parent=2983"}],"wp:term":[{"taxonomy":"category","embeddable":true,"href":"https:\/\/uhfp.centre-inffo.fr\/2023\/wp-json\/wp\/v2\/categories?post=2983"},{"taxonomy":"post_tag","embeddable":true,"href":"https:\/\/uhfp.centre-inffo.fr\/2023\/wp-json\/wp\/v2\/tags?post=2983"},{"taxonomy":"wf_page_folders","embeddable":true,"href":"https:\/\/uhfp.centre-inffo.fr\/2023\/wp-json\/wp\/v2\/wf_page_folders?post=2983"}],"curies":[{"name":"wp","href":"https:\/\/api.w.org\/{rel}","templated":true}]}}