{"id":3004,"date":"2022-12-14T15:24:15","date_gmt":"2022-12-14T14:24:15","guid":{"rendered":"https:\/\/uhfp.centre-inffo.fr\/2023\/?page_id=3004"},"modified":"2023-02-06T15:52:16","modified_gmt":"2023-02-06T14:52:16","slug":"b3-24-at-le-cep-levier-dun-parcours-sans-couture-de-lafest-a-la-vae","status":"publish","type":"page","link":"https:\/\/uhfp.centre-inffo.fr\/2023\/b3-24-at-le-cep-levier-dun-parcours-sans-couture-de-lafest-a-la-vae\/","title":{"rendered":"B3.24 AT : Le CEP, levier d\u2019un parcours sans couture de l\u2019Afest \u00e0 la VAE"},"content":{"rendered":"\n<div class=\"wp-block-buttons is-content-justification-center is-layout-flex wp-container-1\">\n<div class=\"wp-block-button\"><a class=\"wp-block-button__link wp-element-button\" href=\"\/2023\/wp-content\/uploads\/2023\/02\/B3.24-AT.pdf\">T\u00e9l\u00e9charger la pr\u00e9sentation (.pdf)<\/a><\/div>\n<\/div>\n\n\n\n<hr class=\"wp-block-separator has-alpha-channel-opacity\"\/>\n\n\n<p><span data-contrast=\"none\">Face aux enjeux des entreprises et des actifs, de d\u00e9veloppement des comp\u00e9tences et d\u2019accompagnement des transitions et de s\u00e9curisation des parcours professionnels, un moyen unique ne suffit pas.<\/span><span data-contrast=\"none\">\u00a0<\/span><span data-ccp-props=\"{}\">\u00a0<\/span><span data-contrast=\"none\">Un des leviers de parcours renouvel\u00e9s et sans couture, r\u00e9side dans la capacit\u00e9 \u00e0 articuler les moyens.<\/span><span data-contrast=\"none\">\u00a0\u00a0<\/span><span data-ccp-props=\"{}\">\u00a0<\/span><\/p>\n<p><span data-contrast=\"none\">Ainsi penser et pratiquer la compl\u00e9mentarit\u00e9 du CEP, de la VAE et de l\u2019AFEST repr\u00e9sentent<\/span><span data-contrast=\"none\">\u00a0<\/span><span data-ccp-props=\"{}\">\u00a0<\/span><span data-contrast=\"none\">une garantie de :<\/span><span data-ccp-props=\"{}\">\u00a0<\/span><\/p>\n<ul>\n<li><span data-contrast=\"none\">Solutions innovantes d\u2019accompagnement.<\/span><\/li>\n<li><span data-contrast=\"none\">S\u00e9curisation de parcours r\u00e9pondant aux transformations du monde du travail d\u2019aujourd\u2019hui.<\/span><span data-contrast=\"none\">\u00a0<\/span><\/li>\n<\/ul>\n<h3>Objectifs p\u00e9dagogiques\u00a0<span style=\"font-size: 1rem;\" data-ccp-props=\"{}\">\u00a0<\/span><\/h3>\n<p><span data-ccp-props=\"{}\">\u00a0<\/span><span data-contrast=\"none\">Cet atelier a pour objectif g\u00e9n\u00e9ral d\u2019\u00e9clairer les r\u00e9alit\u00e9s et les articulations possibles entre CEP, VAE et AFEST.<\/span><span data-contrast=\"none\">\u00a0<\/span><span data-ccp-props=\"{}\">\u00a0<\/span><\/p>\n<p><span data-contrast=\"none\">A l\u2019issue de cet atelier, les participants seront en capacit\u00e9 de :<\/span><span data-contrast=\"none\">\u00a0<\/span><span data-ccp-props=\"{}\">\u00a0<\/span><\/p>\n<ul>\n<li>d\u00e9finir et savoir communiquer sur les particularit\u00e9s et modalit\u00e9s du CEP, de la VAE et de l\u2019AFEST<\/li>\n<li>en distinguer les vis\u00e9es et en identifier les compl\u00e9mentarit\u00e9s<\/li>\n<li>se projeter sur des parcours mixant ces moyens au service d\u2019enjeux aussi divers que l\u2019Int\u00e9gration de nouveaux collaborateurs, la mobilit\u00e9 interne, la s\u00e9curisation des parcours professionnels&#8230;<\/li>\n<\/ul>\n<p><span data-contrast=\"none\">Afin de servir ces objectifs, les intervenants ont choisi de vous proposer des modalit\u00e9s p\u00e9dagogiques actives, \u201cjeu des 3 familles\u201d, \u201cmicro sondages\u201d, \u201c\u00e9tudes de cas\u201d pour partir de vos r\u00e9alit\u00e9s, vos repr\u00e9sentations, vos pratiques, les confronter et les mettre en perspective.<\/span><span data-ccp-props=\"{}\">\u00a0<\/span><\/p>\n<h3>Pilote<\/h3>\n<ul>\n<li><a href=\"\/2023\/paulou\/\">Fran\u00e7ois Paulou<\/a> &#8211; Pr\u00e9sident-Directeur G\u00e9n\u00e9ral, CATALYS Conseil<\/li>\n<\/ul>\n<h3>Intervenants<\/h3>\n<ul>\n<li><a href=\"\/2023\/chatelier\/\">C\u00e9line Chatelier<\/a> &#8211; Responsable du Lab innovation et de l&rsquo;organisme formation, CATALYS Conseil<\/li>\n<li><a href=\"\/2023\/habif\/\">Jacques-Alexandre Habif<\/a> &#8211; Fondateur &amp; Associ\u00e9, Perspectives &amp; Rebonds<\/li>\n<li><a href=\"\/2023\/herriou\/\">Yann-Firmin Herriou<\/a> &#8211; Fondateur &amp; Associ\u00e9, Perspectives &amp; Rebonds<\/li>\n<li><a href=\"\/2023\/sohier\/\">Emmanuelle Sohier<\/a> &#8211; Directrice de projet du Conseil en \u00e9volution professionnelle, CATALYS Conseil<\/li>\n<\/ul>","protected":false},"excerpt":{"rendered":"<p>Face aux enjeux des entreprises et des actifs, de d\u00e9veloppement des comp\u00e9tences et d\u2019accompagnement des transitions et de s\u00e9curisation des parcours professionnels, un moyen unique ne suffit pas.\u00a0\u00a0Un des leviers &hellip; <\/p>\n","protected":false},"author":1,"featured_media":0,"parent":0,"menu_order":0,"comment_status":"closed","ping_status":"closed","template":"","meta":[],"categories":[40,38],"tags":[],"wf_page_folders":[87],"acf":[],"yoast_head":"<!-- This site is optimized with the Yoast SEO plugin v20.3 - https:\/\/yoast.com\/wordpress\/plugins\/seo\/ -->\n<title>B3.24 AT : Le CEP, levier d\u2019un parcours sans couture de l\u2019Afest \u00e0 la VAE - 18e Universit\u00e9 d&#039;Hiver de la Formation Professionnelle<\/title>\n<meta name=\"robots\" content=\"index, follow, max-snippet:-1, max-image-preview:large, max-video-preview:-1\" \/>\n<link rel=\"canonical\" href=\"https:\/\/uhfp.centre-inffo.fr\/2023\/b3-24-at-le-cep-levier-dun-parcours-sans-couture-de-lafest-a-la-vae\/\" \/>\n<meta property=\"og:locale\" content=\"fr_FR\" \/>\n<meta property=\"og:type\" content=\"article\" \/>\n<meta property=\"og:title\" content=\"B3.24 AT : Le CEP, levier d\u2019un parcours sans couture de l\u2019Afest \u00e0 la VAE - 18e Universit\u00e9 d&#039;Hiver de la Formation Professionnelle\" \/>\n<meta property=\"og:description\" content=\"Face aux enjeux des entreprises et des actifs, de d\u00e9veloppement des comp\u00e9tences et d\u2019accompagnement des transitions et de s\u00e9curisation des parcours professionnels, un moyen unique ne suffit pas.\u00a0\u00a0Un des leviers &hellip;\" \/>\n<meta property=\"og:url\" content=\"https:\/\/uhfp.centre-inffo.fr\/2023\/b3-24-at-le-cep-levier-dun-parcours-sans-couture-de-lafest-a-la-vae\/\" \/>\n<meta property=\"og:site_name\" content=\"18e Universit\u00e9 d&#039;Hiver de la Formation Professionnelle\" \/>\n<meta property=\"article:publisher\" content=\"https:\/\/www.facebook.com\/centreinffo\" \/>\n<meta property=\"article:modified_time\" content=\"2023-02-06T14:52:16+00:00\" \/>\n<meta name=\"twitter:card\" content=\"summary_large_image\" \/>\n<meta name=\"twitter:site\" content=\"@centreinffo\" \/>\n<meta name=\"twitter:label1\" content=\"Dur\u00e9e de lecture estim\u00e9e\" \/>\n\t<meta name=\"twitter:data1\" content=\"2 minutes\" \/>\n<script type=\"application\/ld+json\" class=\"yoast-schema-graph\">{\"@context\":\"https:\/\/schema.org\",\"@graph\":[{\"@type\":\"WebPage\",\"@id\":\"https:\/\/uhfp.centre-inffo.fr\/2023\/b3-24-at-le-cep-levier-dun-parcours-sans-couture-de-lafest-a-la-vae\/\",\"url\":\"https:\/\/uhfp.centre-inffo.fr\/2023\/b3-24-at-le-cep-levier-dun-parcours-sans-couture-de-lafest-a-la-vae\/\",\"name\":\"B3.24 AT : Le CEP, levier d\u2019un parcours sans couture de l\u2019Afest \u00e0 la VAE - 18e Universit\u00e9 d&#039;Hiver de la Formation Professionnelle\",\"isPartOf\":{\"@id\":\"https:\/\/uhfp.centre-inffo.fr\/2023\/#website\"},\"datePublished\":\"2022-12-14T14:24:15+00:00\",\"dateModified\":\"2023-02-06T14:52:16+00:00\",\"breadcrumb\":{\"@id\":\"https:\/\/uhfp.centre-inffo.fr\/2023\/b3-24-at-le-cep-levier-dun-parcours-sans-couture-de-lafest-a-la-vae\/#breadcrumb\"},\"inLanguage\":\"fr-FR\",\"potentialAction\":[{\"@type\":\"ReadAction\",\"target\":[\"https:\/\/uhfp.centre-inffo.fr\/2023\/b3-24-at-le-cep-levier-dun-parcours-sans-couture-de-lafest-a-la-vae\/\"]}]},{\"@type\":\"BreadcrumbList\",\"@id\":\"https:\/\/uhfp.centre-inffo.fr\/2023\/b3-24-at-le-cep-levier-dun-parcours-sans-couture-de-lafest-a-la-vae\/#breadcrumb\",\"itemListElement\":[{\"@type\":\"ListItem\",\"position\":1,\"name\":\"Accueil\",\"item\":\"https:\/\/uhfp.centre-inffo.fr\/2023\/\"},{\"@type\":\"ListItem\",\"position\":2,\"name\":\"Programme\",\"item\":\"https:\/\/uhfp.centre-inffo.fr\/2023\/rubrique\/programme\/\"},{\"@type\":\"ListItem\",\"position\":3,\"name\":\"Jeudi 26 janvier\",\"item\":\"https:\/\/uhfp.centre-inffo.fr\/2023\/rubrique\/programme\/jeudi-26-janvier\/\"},{\"@type\":\"ListItem\",\"position\":4,\"name\":\"B3.24 AT : Le CEP, levier d\u2019un parcours sans couture de l\u2019Afest \u00e0 la VAE\"}]},{\"@type\":\"WebSite\",\"@id\":\"https:\/\/uhfp.centre-inffo.fr\/2023\/#website\",\"url\":\"https:\/\/uhfp.centre-inffo.fr\/2023\/\",\"name\":\"18e Universit\u00e9 d&#039;Hiver de la Formation Professionnelle\",\"description\":\"Comp\u00e9tences 2030 : r\u00e9ussir ensemble les transitions ! - Du 25 au 27 janvier 2023, \u00e0 Cannes\",\"publisher\":{\"@id\":\"https:\/\/uhfp.centre-inffo.fr\/2023\/#organization\"},\"potentialAction\":[{\"@type\":\"SearchAction\",\"target\":{\"@type\":\"EntryPoint\",\"urlTemplate\":\"https:\/\/uhfp.centre-inffo.fr\/2023\/?s={search_term_string}\"},\"query-input\":\"required name=search_term_string\"}],\"inLanguage\":\"fr-FR\"},{\"@type\":\"Organization\",\"@id\":\"https:\/\/uhfp.centre-inffo.fr\/2023\/#organization\",\"name\":\"Centre Inffo\",\"url\":\"https:\/\/uhfp.centre-inffo.fr\/2023\/\",\"logo\":{\"@type\":\"ImageObject\",\"inLanguage\":\"fr-FR\",\"@id\":\"https:\/\/uhfp.centre-inffo.fr\/2023\/#\/schema\/logo\/image\/\",\"url\":\"\",\"contentUrl\":\"\",\"caption\":\"Centre Inffo\"},\"image\":{\"@id\":\"https:\/\/uhfp.centre-inffo.fr\/2023\/#\/schema\/logo\/image\/\"},\"sameAs\":[\"https:\/\/www.facebook.com\/centreinffo\",\"https:\/\/twitter.com\/centreinffo\",\"https:\/\/www.linkedin.com\/company\/centre-inffo\/\",\"https:\/\/www.youtube.com\/user\/centreinffo\"]}]}<\/script>\n<!-- \/ Yoast SEO plugin. -->","yoast_head_json":{"title":"B3.24 AT : Le CEP, levier d\u2019un parcours sans couture de l\u2019Afest \u00e0 la VAE - 18e Universit\u00e9 d&#039;Hiver de la Formation Professionnelle","robots":{"index":"index","follow":"follow","max-snippet":"max-snippet:-1","max-image-preview":"max-image-preview:large","max-video-preview":"max-video-preview:-1"},"canonical":"https:\/\/uhfp.centre-inffo.fr\/2023\/b3-24-at-le-cep-levier-dun-parcours-sans-couture-de-lafest-a-la-vae\/","og_locale":"fr_FR","og_type":"article","og_title":"B3.24 AT : Le CEP, levier d\u2019un parcours sans couture de l\u2019Afest \u00e0 la VAE - 18e Universit\u00e9 d&#039;Hiver de la Formation Professionnelle","og_description":"Face aux enjeux des entreprises et des actifs, de d\u00e9veloppement des comp\u00e9tences et d\u2019accompagnement des transitions et de s\u00e9curisation des parcours professionnels, un moyen unique ne suffit pas.\u00a0\u00a0Un des leviers &hellip;","og_url":"https:\/\/uhfp.centre-inffo.fr\/2023\/b3-24-at-le-cep-levier-dun-parcours-sans-couture-de-lafest-a-la-vae\/","og_site_name":"18e Universit\u00e9 d&#039;Hiver de la Formation Professionnelle","article_publisher":"https:\/\/www.facebook.com\/centreinffo","article_modified_time":"2023-02-06T14:52:16+00:00","twitter_card":"summary_large_image","twitter_site":"@centreinffo","twitter_misc":{"Dur\u00e9e de lecture estim\u00e9e":"2 minutes"},"schema":{"@context":"https:\/\/schema.org","@graph":[{"@type":"WebPage","@id":"https:\/\/uhfp.centre-inffo.fr\/2023\/b3-24-at-le-cep-levier-dun-parcours-sans-couture-de-lafest-a-la-vae\/","url":"https:\/\/uhfp.centre-inffo.fr\/2023\/b3-24-at-le-cep-levier-dun-parcours-sans-couture-de-lafest-a-la-vae\/","name":"B3.24 AT : Le CEP, levier d\u2019un parcours sans couture de l\u2019Afest \u00e0 la VAE - 18e Universit\u00e9 d&#039;Hiver de la Formation Professionnelle","isPartOf":{"@id":"https:\/\/uhfp.centre-inffo.fr\/2023\/#website"},"datePublished":"2022-12-14T14:24:15+00:00","dateModified":"2023-02-06T14:52:16+00:00","breadcrumb":{"@id":"https:\/\/uhfp.centre-inffo.fr\/2023\/b3-24-at-le-cep-levier-dun-parcours-sans-couture-de-lafest-a-la-vae\/#breadcrumb"},"inLanguage":"fr-FR","potentialAction":[{"@type":"ReadAction","target":["https:\/\/uhfp.centre-inffo.fr\/2023\/b3-24-at-le-cep-levier-dun-parcours-sans-couture-de-lafest-a-la-vae\/"]}]},{"@type":"BreadcrumbList","@id":"https:\/\/uhfp.centre-inffo.fr\/2023\/b3-24-at-le-cep-levier-dun-parcours-sans-couture-de-lafest-a-la-vae\/#breadcrumb","itemListElement":[{"@type":"ListItem","position":1,"name":"Accueil","item":"https:\/\/uhfp.centre-inffo.fr\/2023\/"},{"@type":"ListItem","position":2,"name":"Programme","item":"https:\/\/uhfp.centre-inffo.fr\/2023\/rubrique\/programme\/"},{"@type":"ListItem","position":3,"name":"Jeudi 26 janvier","item":"https:\/\/uhfp.centre-inffo.fr\/2023\/rubrique\/programme\/jeudi-26-janvier\/"},{"@type":"ListItem","position":4,"name":"B3.24 AT : Le CEP, levier d\u2019un parcours sans couture de l\u2019Afest \u00e0 la VAE"}]},{"@type":"WebSite","@id":"https:\/\/uhfp.centre-inffo.fr\/2023\/#website","url":"https:\/\/uhfp.centre-inffo.fr\/2023\/","name":"18e Universit\u00e9 d&#039;Hiver de la Formation Professionnelle","description":"Comp\u00e9tences 2030 : r\u00e9ussir ensemble les transitions ! - Du 25 au 27 janvier 2023, \u00e0 Cannes","publisher":{"@id":"https:\/\/uhfp.centre-inffo.fr\/2023\/#organization"},"potentialAction":[{"@type":"SearchAction","target":{"@type":"EntryPoint","urlTemplate":"https:\/\/uhfp.centre-inffo.fr\/2023\/?s={search_term_string}"},"query-input":"required name=search_term_string"}],"inLanguage":"fr-FR"},{"@type":"Organization","@id":"https:\/\/uhfp.centre-inffo.fr\/2023\/#organization","name":"Centre Inffo","url":"https:\/\/uhfp.centre-inffo.fr\/2023\/","logo":{"@type":"ImageObject","inLanguage":"fr-FR","@id":"https:\/\/uhfp.centre-inffo.fr\/2023\/#\/schema\/logo\/image\/","url":"","contentUrl":"","caption":"Centre Inffo"},"image":{"@id":"https:\/\/uhfp.centre-inffo.fr\/2023\/#\/schema\/logo\/image\/"},"sameAs":["https:\/\/www.facebook.com\/centreinffo","https:\/\/twitter.com\/centreinffo","https:\/\/www.linkedin.com\/company\/centre-inffo\/","https:\/\/www.youtube.com\/user\/centreinffo"]}]}},"_links":{"self":[{"href":"https:\/\/uhfp.centre-inffo.fr\/2023\/wp-json\/wp\/v2\/pages\/3004"}],"collection":[{"href":"https:\/\/uhfp.centre-inffo.fr\/2023\/wp-json\/wp\/v2\/pages"}],"about":[{"href":"https:\/\/uhfp.centre-inffo.fr\/2023\/wp-json\/wp\/v2\/types\/page"}],"author":[{"embeddable":true,"href":"https:\/\/uhfp.centre-inffo.fr\/2023\/wp-json\/wp\/v2\/users\/1"}],"replies":[{"embeddable":true,"href":"https:\/\/uhfp.centre-inffo.fr\/2023\/wp-json\/wp\/v2\/comments?post=3004"}],"version-history":[{"count":12,"href":"https:\/\/uhfp.centre-inffo.fr\/2023\/wp-json\/wp\/v2\/pages\/3004\/revisions"}],"predecessor-version":[{"id":5988,"href":"https:\/\/uhfp.centre-inffo.fr\/2023\/wp-json\/wp\/v2\/pages\/3004\/revisions\/5988"}],"wp:attachment":[{"href":"https:\/\/uhfp.centre-inffo.fr\/2023\/wp-json\/wp\/v2\/media?parent=3004"}],"wp:term":[{"taxonomy":"category","embeddable":true,"href":"https:\/\/uhfp.centre-inffo.fr\/2023\/wp-json\/wp\/v2\/categories?post=3004"},{"taxonomy":"post_tag","embeddable":true,"href":"https:\/\/uhfp.centre-inffo.fr\/2023\/wp-json\/wp\/v2\/tags?post=3004"},{"taxonomy":"wf_page_folders","embeddable":true,"href":"https:\/\/uhfp.centre-inffo.fr\/2023\/wp-json\/wp\/v2\/wf_page_folders?post=3004"}],"curies":[{"name":"wp","href":"https:\/\/api.w.org\/{rel}","templated":true}]}}