{"id":3060,"date":"2022-12-14T16:27:35","date_gmt":"2022-12-14T15:27:35","guid":{"rendered":"https:\/\/uhfp.centre-inffo.fr\/2023\/?page_id=3060"},"modified":"2023-01-19T17:28:36","modified_gmt":"2023-01-19T16:28:36","slug":"e3-53-tr-ou-va-la-formation-professionnelle","status":"publish","type":"page","link":"https:\/\/uhfp.centre-inffo.fr\/2023\/e3-53-tr-ou-va-la-formation-professionnelle\/","title":{"rendered":"E3.53 TR : O\u00f9 va la formation professionnelle ?"},"content":{"rendered":"<p><span class=\"TextRun Highlight SCXW102687223 BCX0\" lang=\"FR-FR\" xml:lang=\"FR-FR\" data-contrast=\"auto\"><span class=\"NormalTextRun SCXW102687223 BCX0\">L\u2019acc\u00e9l\u00e9ration des mutations \u00e9conomiques engendre une augmentation des besoins de transitions professionnelles attendues par les entreprises et les individus, qu\u2019ils soient en emploi ou entre deux emplois. <\/span><\/span><\/p>\n<p><span class=\"TextRun Highlight SCXW102687223 BCX0\" lang=\"FR-FR\" xml:lang=\"FR-FR\" data-contrast=\"auto\"><span class=\"NormalTextRun SCXW102687223 BCX0\">Au-del\u00e0 des dispositifs de transition, de reconversion ou de promotion professionnelle pr\u00e9vus par la r\u00e9glementation, comment repenser les transitions professionnelles et leur organisation pour qu\u2019elles puissent r\u00e9pondre aux nouveaux besoins ? Les transitions professionnelles doivent-\u00eatre individuelles ou coconstruites avec les entreprises ? Doivent-elles ne donner acc\u00e8s qu\u2019\u00e0 certaines formations, certifiantes <\/span><span class=\"NormalTextRun SCXW102687223 BCX0\">par exemple, <\/span><span class=\"NormalTextRun SCXW102687223 BCX0\">ou <\/span><span class=\"NormalTextRun SCXW102687223 BCX0\">au contraire <\/span><span class=\"NormalTextRun SCXW102687223 BCX0\">s\u2019ouvrir<\/span><span class=\"NormalTextRun SCXW102687223 BCX0\"> \u00e0 d\u2019autres ? Quels r\u00f4les pourrait jouer le conseil en \u00e9volution professionnelle (CEP) dans la qualification du besoin de transition professionnelle ?<\/span><\/span><span class=\"EOP SCXW102687223 BCX0\" data-ccp-props=\"{}\">\u00a0<\/span><\/p>\n<h3>Objectifs p\u00e9dagogiques<\/h3>\n<ul>\n<li>Comprendre comment les dispositifs de transitions professionnelles pourraient \u00eatre repens\u00e9s dans leur organisation et leur financement afin de r\u00e9pondre simultan\u00e9ment aux besoins des personnes, des entreprises et des territoires<\/li>\n<li>Cerner les nouveaux r\u00f4les que pourrait jouer le conseil en \u00e9volution professionnelles dans la qualification du besoin de transition professionnelle<\/li>\n<\/ul>\n<h3>Animation<\/h3>\n<ul>\n<li><a href=\"\/2023\/cepede\/\">Jean-Philippe C\u00e9p\u00e8de<\/a> &#8211; Directeur Juridique Droit de la formation, Centre Inffo<\/li>\n<\/ul>\n<h3>Intervenants<\/h3>\n<ul>\n<li><a href=\"\/2023\/dessen-torres\/\">V\u00e9ronique Dessen-Torres<\/a> &#8211; Directrice Territoires Partenariats, France comp\u00e9tences<\/li>\n<li><a href=\"\/2023\/donne\/\">Vincent Donne<\/a> &#8211; Chef de projet Formation professionnelle et comp\u00e9tences, France strat\u00e9gie`<\/li>\n<li><a href=\"https:\/\/uhfp.centre-inffo.fr\/2023\/fethi\/\">Fouzi Fethi<\/a> &#8211; Directeur du p\u00f4le Droit et Politiques de Formation, Centre Inffo<\/li>\n<li><a href=\"\/2023\/foucard\/\">Jean-Fran\u00e7ois Foucard<\/a> &#8211; Secr\u00e9taire conf\u00e9d\u00e9ral en charge des parcours professionnels, de l&#8217;emploi et de la formation, CFE-CGC<\/li>\n<li>S\u00e9verine Garandeau-Martin &#8211; Vice-Pr\u00e9sidente, Certif&rsquo;Pro<\/li>\n<li><a href=\"\/2023\/morel\/\">Franck Morel<\/a> &#8211; Avocat associ\u00e9, Flichy-Grang\u00e9 Avocats<\/li>\n<li><a href=\"\/2023\/roche\/\">Max Roche<\/a> &#8211; MEDEF<\/li>\n<\/ul>\n<p>&nbsp;<\/p>\n","protected":false},"excerpt":{"rendered":"<p>L\u2019acc\u00e9l\u00e9ration des mutations \u00e9conomiques engendre une augmentation des besoins de transitions professionnelles attendues par les entreprises et les individus, qu\u2019ils soient en emploi ou entre deux emplois. Au-del\u00e0 des dispositifs &hellip; <\/p>\n","protected":false},"author":1,"featured_media":0,"parent":0,"menu_order":0,"comment_status":"closed","ping_status":"closed","template":"","meta":[],"categories":[38,41],"tags":[],"wf_page_folders":[88],"acf":[],"yoast_head":"<!-- This site is optimized with the Yoast SEO plugin v20.3 - https:\/\/yoast.com\/wordpress\/plugins\/seo\/ -->\n<title>E3.53 TR : O\u00f9 va la formation professionnelle ? - 18e Universit\u00e9 d&#039;Hiver de la Formation Professionnelle<\/title>\n<meta name=\"robots\" content=\"index, follow, max-snippet:-1, max-image-preview:large, max-video-preview:-1\" \/>\n<link rel=\"canonical\" href=\"https:\/\/uhfp.centre-inffo.fr\/2023\/e3-53-tr-ou-va-la-formation-professionnelle\/\" \/>\n<meta property=\"og:locale\" content=\"fr_FR\" \/>\n<meta property=\"og:type\" content=\"article\" \/>\n<meta property=\"og:title\" content=\"E3.53 TR : O\u00f9 va la formation professionnelle ? - 18e Universit\u00e9 d&#039;Hiver de la Formation Professionnelle\" \/>\n<meta property=\"og:description\" content=\"L\u2019acc\u00e9l\u00e9ration des mutations \u00e9conomiques engendre une augmentation des besoins de transitions professionnelles attendues par les entreprises et les individus, qu\u2019ils soient en emploi ou entre deux emplois. Au-del\u00e0 des dispositifs &hellip;\" \/>\n<meta property=\"og:url\" content=\"https:\/\/uhfp.centre-inffo.fr\/2023\/e3-53-tr-ou-va-la-formation-professionnelle\/\" \/>\n<meta property=\"og:site_name\" content=\"18e Universit\u00e9 d&#039;Hiver de la Formation Professionnelle\" \/>\n<meta property=\"article:publisher\" content=\"https:\/\/www.facebook.com\/centreinffo\" \/>\n<meta property=\"article:modified_time\" content=\"2023-01-19T16:28:36+00:00\" \/>\n<meta name=\"twitter:card\" content=\"summary_large_image\" \/>\n<meta name=\"twitter:site\" content=\"@centreinffo\" \/>\n<meta name=\"twitter:label1\" content=\"Dur\u00e9e de lecture estim\u00e9e\" \/>\n\t<meta name=\"twitter:data1\" content=\"2 minutes\" \/>\n<script type=\"application\/ld+json\" class=\"yoast-schema-graph\">{\"@context\":\"https:\/\/schema.org\",\"@graph\":[{\"@type\":\"WebPage\",\"@id\":\"https:\/\/uhfp.centre-inffo.fr\/2023\/e3-53-tr-ou-va-la-formation-professionnelle\/\",\"url\":\"https:\/\/uhfp.centre-inffo.fr\/2023\/e3-53-tr-ou-va-la-formation-professionnelle\/\",\"name\":\"E3.53 TR : O\u00f9 va la formation professionnelle ? - 18e Universit\u00e9 d&#039;Hiver de la Formation Professionnelle\",\"isPartOf\":{\"@id\":\"https:\/\/uhfp.centre-inffo.fr\/2023\/#website\"},\"datePublished\":\"2022-12-14T15:27:35+00:00\",\"dateModified\":\"2023-01-19T16:28:36+00:00\",\"breadcrumb\":{\"@id\":\"https:\/\/uhfp.centre-inffo.fr\/2023\/e3-53-tr-ou-va-la-formation-professionnelle\/#breadcrumb\"},\"inLanguage\":\"fr-FR\",\"potentialAction\":[{\"@type\":\"ReadAction\",\"target\":[\"https:\/\/uhfp.centre-inffo.fr\/2023\/e3-53-tr-ou-va-la-formation-professionnelle\/\"]}]},{\"@type\":\"BreadcrumbList\",\"@id\":\"https:\/\/uhfp.centre-inffo.fr\/2023\/e3-53-tr-ou-va-la-formation-professionnelle\/#breadcrumb\",\"itemListElement\":[{\"@type\":\"ListItem\",\"position\":1,\"name\":\"Accueil\",\"item\":\"https:\/\/uhfp.centre-inffo.fr\/2023\/\"},{\"@type\":\"ListItem\",\"position\":2,\"name\":\"Programme\",\"item\":\"https:\/\/uhfp.centre-inffo.fr\/2023\/rubrique\/programme\/\"},{\"@type\":\"ListItem\",\"position\":3,\"name\":\"Vendredi 27 janvier\",\"item\":\"https:\/\/uhfp.centre-inffo.fr\/2023\/rubrique\/programme\/vendredi-27-janvier\/\"},{\"@type\":\"ListItem\",\"position\":4,\"name\":\"E3.53 TR : O\u00f9 va la formation professionnelle ?\"}]},{\"@type\":\"WebSite\",\"@id\":\"https:\/\/uhfp.centre-inffo.fr\/2023\/#website\",\"url\":\"https:\/\/uhfp.centre-inffo.fr\/2023\/\",\"name\":\"18e Universit\u00e9 d&#039;Hiver de la Formation Professionnelle\",\"description\":\"Comp\u00e9tences 2030 : r\u00e9ussir ensemble les transitions ! - Du 25 au 27 janvier 2023, \u00e0 Cannes\",\"publisher\":{\"@id\":\"https:\/\/uhfp.centre-inffo.fr\/2023\/#organization\"},\"potentialAction\":[{\"@type\":\"SearchAction\",\"target\":{\"@type\":\"EntryPoint\",\"urlTemplate\":\"https:\/\/uhfp.centre-inffo.fr\/2023\/?s={search_term_string}\"},\"query-input\":\"required name=search_term_string\"}],\"inLanguage\":\"fr-FR\"},{\"@type\":\"Organization\",\"@id\":\"https:\/\/uhfp.centre-inffo.fr\/2023\/#organization\",\"name\":\"Centre Inffo\",\"url\":\"https:\/\/uhfp.centre-inffo.fr\/2023\/\",\"logo\":{\"@type\":\"ImageObject\",\"inLanguage\":\"fr-FR\",\"@id\":\"https:\/\/uhfp.centre-inffo.fr\/2023\/#\/schema\/logo\/image\/\",\"url\":\"\",\"contentUrl\":\"\",\"caption\":\"Centre Inffo\"},\"image\":{\"@id\":\"https:\/\/uhfp.centre-inffo.fr\/2023\/#\/schema\/logo\/image\/\"},\"sameAs\":[\"https:\/\/www.facebook.com\/centreinffo\",\"https:\/\/twitter.com\/centreinffo\",\"https:\/\/www.linkedin.com\/company\/centre-inffo\/\",\"https:\/\/www.youtube.com\/user\/centreinffo\"]}]}<\/script>\n<!-- \/ Yoast SEO plugin. -->","yoast_head_json":{"title":"E3.53 TR : O\u00f9 va la formation professionnelle ? - 18e Universit\u00e9 d&#039;Hiver de la Formation Professionnelle","robots":{"index":"index","follow":"follow","max-snippet":"max-snippet:-1","max-image-preview":"max-image-preview:large","max-video-preview":"max-video-preview:-1"},"canonical":"https:\/\/uhfp.centre-inffo.fr\/2023\/e3-53-tr-ou-va-la-formation-professionnelle\/","og_locale":"fr_FR","og_type":"article","og_title":"E3.53 TR : O\u00f9 va la formation professionnelle ? - 18e Universit\u00e9 d&#039;Hiver de la Formation Professionnelle","og_description":"L\u2019acc\u00e9l\u00e9ration des mutations \u00e9conomiques engendre une augmentation des besoins de transitions professionnelles attendues par les entreprises et les individus, qu\u2019ils soient en emploi ou entre deux emplois. Au-del\u00e0 des dispositifs &hellip;","og_url":"https:\/\/uhfp.centre-inffo.fr\/2023\/e3-53-tr-ou-va-la-formation-professionnelle\/","og_site_name":"18e Universit\u00e9 d&#039;Hiver de la Formation Professionnelle","article_publisher":"https:\/\/www.facebook.com\/centreinffo","article_modified_time":"2023-01-19T16:28:36+00:00","twitter_card":"summary_large_image","twitter_site":"@centreinffo","twitter_misc":{"Dur\u00e9e de lecture estim\u00e9e":"2 minutes"},"schema":{"@context":"https:\/\/schema.org","@graph":[{"@type":"WebPage","@id":"https:\/\/uhfp.centre-inffo.fr\/2023\/e3-53-tr-ou-va-la-formation-professionnelle\/","url":"https:\/\/uhfp.centre-inffo.fr\/2023\/e3-53-tr-ou-va-la-formation-professionnelle\/","name":"E3.53 TR : O\u00f9 va la formation professionnelle ? - 18e Universit\u00e9 d&#039;Hiver de la Formation Professionnelle","isPartOf":{"@id":"https:\/\/uhfp.centre-inffo.fr\/2023\/#website"},"datePublished":"2022-12-14T15:27:35+00:00","dateModified":"2023-01-19T16:28:36+00:00","breadcrumb":{"@id":"https:\/\/uhfp.centre-inffo.fr\/2023\/e3-53-tr-ou-va-la-formation-professionnelle\/#breadcrumb"},"inLanguage":"fr-FR","potentialAction":[{"@type":"ReadAction","target":["https:\/\/uhfp.centre-inffo.fr\/2023\/e3-53-tr-ou-va-la-formation-professionnelle\/"]}]},{"@type":"BreadcrumbList","@id":"https:\/\/uhfp.centre-inffo.fr\/2023\/e3-53-tr-ou-va-la-formation-professionnelle\/#breadcrumb","itemListElement":[{"@type":"ListItem","position":1,"name":"Accueil","item":"https:\/\/uhfp.centre-inffo.fr\/2023\/"},{"@type":"ListItem","position":2,"name":"Programme","item":"https:\/\/uhfp.centre-inffo.fr\/2023\/rubrique\/programme\/"},{"@type":"ListItem","position":3,"name":"Vendredi 27 janvier","item":"https:\/\/uhfp.centre-inffo.fr\/2023\/rubrique\/programme\/vendredi-27-janvier\/"},{"@type":"ListItem","position":4,"name":"E3.53 TR : O\u00f9 va la formation professionnelle ?"}]},{"@type":"WebSite","@id":"https:\/\/uhfp.centre-inffo.fr\/2023\/#website","url":"https:\/\/uhfp.centre-inffo.fr\/2023\/","name":"18e Universit\u00e9 d&#039;Hiver de la Formation Professionnelle","description":"Comp\u00e9tences 2030 : r\u00e9ussir ensemble les transitions ! - Du 25 au 27 janvier 2023, \u00e0 Cannes","publisher":{"@id":"https:\/\/uhfp.centre-inffo.fr\/2023\/#organization"},"potentialAction":[{"@type":"SearchAction","target":{"@type":"EntryPoint","urlTemplate":"https:\/\/uhfp.centre-inffo.fr\/2023\/?s={search_term_string}"},"query-input":"required name=search_term_string"}],"inLanguage":"fr-FR"},{"@type":"Organization","@id":"https:\/\/uhfp.centre-inffo.fr\/2023\/#organization","name":"Centre Inffo","url":"https:\/\/uhfp.centre-inffo.fr\/2023\/","logo":{"@type":"ImageObject","inLanguage":"fr-FR","@id":"https:\/\/uhfp.centre-inffo.fr\/2023\/#\/schema\/logo\/image\/","url":"","contentUrl":"","caption":"Centre Inffo"},"image":{"@id":"https:\/\/uhfp.centre-inffo.fr\/2023\/#\/schema\/logo\/image\/"},"sameAs":["https:\/\/www.facebook.com\/centreinffo","https:\/\/twitter.com\/centreinffo","https:\/\/www.linkedin.com\/company\/centre-inffo\/","https:\/\/www.youtube.com\/user\/centreinffo"]}]}},"_links":{"self":[{"href":"https:\/\/uhfp.centre-inffo.fr\/2023\/wp-json\/wp\/v2\/pages\/3060"}],"collection":[{"href":"https:\/\/uhfp.centre-inffo.fr\/2023\/wp-json\/wp\/v2\/pages"}],"about":[{"href":"https:\/\/uhfp.centre-inffo.fr\/2023\/wp-json\/wp\/v2\/types\/page"}],"author":[{"embeddable":true,"href":"https:\/\/uhfp.centre-inffo.fr\/2023\/wp-json\/wp\/v2\/users\/1"}],"replies":[{"embeddable":true,"href":"https:\/\/uhfp.centre-inffo.fr\/2023\/wp-json\/wp\/v2\/comments?post=3060"}],"version-history":[{"count":16,"href":"https:\/\/uhfp.centre-inffo.fr\/2023\/wp-json\/wp\/v2\/pages\/3060\/revisions"}],"predecessor-version":[{"id":5186,"href":"https:\/\/uhfp.centre-inffo.fr\/2023\/wp-json\/wp\/v2\/pages\/3060\/revisions\/5186"}],"wp:attachment":[{"href":"https:\/\/uhfp.centre-inffo.fr\/2023\/wp-json\/wp\/v2\/media?parent=3060"}],"wp:term":[{"taxonomy":"category","embeddable":true,"href":"https:\/\/uhfp.centre-inffo.fr\/2023\/wp-json\/wp\/v2\/categories?post=3060"},{"taxonomy":"post_tag","embeddable":true,"href":"https:\/\/uhfp.centre-inffo.fr\/2023\/wp-json\/wp\/v2\/tags?post=3060"},{"taxonomy":"wf_page_folders","embeddable":true,"href":"https:\/\/uhfp.centre-inffo.fr\/2023\/wp-json\/wp\/v2\/wf_page_folders?post=3060"}],"curies":[{"name":"wp","href":"https:\/\/api.w.org\/{rel}","templated":true}]}}