{"id":3101,"date":"2022-12-15T13:37:17","date_gmt":"2022-12-15T12:37:17","guid":{"rendered":"https:\/\/uhfp.centre-inffo.fr\/2023\/?page_id=3101"},"modified":"2023-02-17T10:50:41","modified_gmt":"2023-02-17T09:50:41","slug":"d3-49-at-accompagner-les-transitions-professionnelles-conditions-de-reussite-et-innovations","status":"publish","type":"page","link":"https:\/\/uhfp.centre-inffo.fr\/2023\/d3-49-at-accompagner-les-transitions-professionnelles-conditions-de-reussite-et-innovations\/","title":{"rendered":"D3.49 AT : Accompagner les transitions professionnelles : conditions de r\u00e9ussite et innovations"},"content":{"rendered":"\n<div class=\"wp-block-buttons is-content-justification-center is-layout-flex wp-container-1\">\n<div class=\"wp-block-button\"><a class=\"wp-block-button__link wp-element-button\" href=\"\/2023\/wp-content\/uploads\/2023\/02\/D3.49-AT.pdf\">T\u00e9l\u00e9charger la pr\u00e9sentation (.pdf)<\/a><\/div>\n<\/div>\n\n\n\n<hr class=\"wp-block-separator has-alpha-channel-opacity\"\/>\n\n\n<p><span data-contrast=\"none\">Cet atelier analyse les conditions de r\u00e9ussite de transitions professionnelles dans des contextes diff\u00e9rents.<\/span><span data-ccp-props=\"{}\">\u00a0<\/span><\/p>\n<p><strong>D\u00e9fense mobilit\u00e9\u202f : la reconversion des militaires\u00a0<\/strong><\/p>\n<p><span data-contrast=\"none\">Retour sur une \u00e9tude men\u00e9e en Grand Est, par l\u2019Universit\u00e9 de Nancy 2, Transitions pro et le soutien de la R\u00e9gio Grand Est\u202f: la premi\u00e8re condition de r\u00e9ussite est sans doute de recourir aux services d\u00e9livr\u00e9s par les professionnels et de mobiliser les dispositifs existants. Comment le professionnel de l&rsquo;accompagnement, l&rsquo;organisation dans laquelle il travaille, ou la commande institutionnelle influent sur la capacit\u00e9 de l&rsquo;individu \u00e0 conduire efficacement son parcours de transition ? Retour sur une \u00e9tude men\u00e9e en Grand Est.<\/span><span data-ccp-props=\"{}\">\u00a0<\/span><\/p>\n<h3>Objectifs p\u00e9dagogiques<\/h3>\n<ul>\n<li>Accompagner les transitions professionnelles<\/li>\n<li>Identifier les conditions de r\u00e9ussite et d&rsquo;innovation<\/li>\n<\/ul>\n<h3>Intervenants<\/h3>\n<ul>\n<li>Emmanuel Journot \u2013 R\u00e9gion Grand Est<\/li>\n<li><a href=\"\/2023\/lavielle-gutnik\/\">Nathalie Lavielle-Gutnik<\/a> \u2013 Universit\u00e9 Nancy 2<\/li>\n<li><a href=\"\/2023\/le-deley\/\">B\u00e9n\u00e9dicte Le Deley<\/a> \u2013 Directrice D\u00e9fense Mobilit\u00e9<\/li>\n<li><a href=\"\/2023\/lemaire\/\">Lionel Lemaire<\/a> \u2013 Transitions pro Grand-Est<\/li>\n<li><a href=\"\/2023\/monflier\/\">Karin Monflier<\/a> \u2013 Startup Getup<\/li>\n<\/ul>","protected":false},"excerpt":{"rendered":"<p>Cet atelier analyse les conditions de r\u00e9ussite de transitions professionnelles dans des contextes diff\u00e9rents.\u00a0 D\u00e9fense mobilit\u00e9\u202f : la reconversion des militaires\u00a0 Retour sur une \u00e9tude men\u00e9e en Grand Est, par &hellip; <\/p>\n","protected":false},"author":1,"featured_media":0,"parent":0,"menu_order":0,"comment_status":"closed","ping_status":"closed","template":"","meta":[],"categories":[40,38],"tags":[],"wf_page_folders":[87],"acf":[],"yoast_head":"<!-- This site is optimized with the Yoast SEO plugin v20.3 - https:\/\/yoast.com\/wordpress\/plugins\/seo\/ -->\n<title>D3.49 AT : Accompagner les transitions professionnelles : conditions de r\u00e9ussite et innovations - 18e Universit\u00e9 d&#039;Hiver de la Formation Professionnelle<\/title>\n<meta name=\"robots\" content=\"index, follow, max-snippet:-1, max-image-preview:large, max-video-preview:-1\" \/>\n<link rel=\"canonical\" href=\"https:\/\/uhfp.centre-inffo.fr\/2023\/d3-49-at-accompagner-les-transitions-professionnelles-conditions-de-reussite-et-innovations\/\" \/>\n<meta property=\"og:locale\" content=\"fr_FR\" \/>\n<meta property=\"og:type\" content=\"article\" \/>\n<meta property=\"og:title\" content=\"D3.49 AT : Accompagner les transitions professionnelles : conditions de r\u00e9ussite et innovations - 18e Universit\u00e9 d&#039;Hiver de la Formation Professionnelle\" \/>\n<meta property=\"og:description\" content=\"Cet atelier analyse les conditions de r\u00e9ussite de transitions professionnelles dans des contextes diff\u00e9rents.\u00a0 D\u00e9fense mobilit\u00e9\u202f : la reconversion des militaires\u00a0 Retour sur une \u00e9tude men\u00e9e en Grand Est, par &hellip;\" \/>\n<meta property=\"og:url\" content=\"https:\/\/uhfp.centre-inffo.fr\/2023\/d3-49-at-accompagner-les-transitions-professionnelles-conditions-de-reussite-et-innovations\/\" \/>\n<meta property=\"og:site_name\" content=\"18e Universit\u00e9 d&#039;Hiver de la Formation Professionnelle\" \/>\n<meta property=\"article:publisher\" content=\"https:\/\/www.facebook.com\/centreinffo\" \/>\n<meta property=\"article:modified_time\" content=\"2023-02-17T09:50:41+00:00\" \/>\n<meta name=\"twitter:card\" content=\"summary_large_image\" \/>\n<meta name=\"twitter:site\" content=\"@centreinffo\" \/>\n<meta name=\"twitter:label1\" content=\"Dur\u00e9e de lecture estim\u00e9e\" \/>\n\t<meta name=\"twitter:data1\" content=\"1 minute\" \/>\n<script type=\"application\/ld+json\" class=\"yoast-schema-graph\">{\"@context\":\"https:\/\/schema.org\",\"@graph\":[{\"@type\":\"WebPage\",\"@id\":\"https:\/\/uhfp.centre-inffo.fr\/2023\/d3-49-at-accompagner-les-transitions-professionnelles-conditions-de-reussite-et-innovations\/\",\"url\":\"https:\/\/uhfp.centre-inffo.fr\/2023\/d3-49-at-accompagner-les-transitions-professionnelles-conditions-de-reussite-et-innovations\/\",\"name\":\"D3.49 AT : Accompagner les transitions professionnelles : conditions de r\u00e9ussite et innovations - 18e Universit\u00e9 d&#039;Hiver de la Formation Professionnelle\",\"isPartOf\":{\"@id\":\"https:\/\/uhfp.centre-inffo.fr\/2023\/#website\"},\"datePublished\":\"2022-12-15T12:37:17+00:00\",\"dateModified\":\"2023-02-17T09:50:41+00:00\",\"breadcrumb\":{\"@id\":\"https:\/\/uhfp.centre-inffo.fr\/2023\/d3-49-at-accompagner-les-transitions-professionnelles-conditions-de-reussite-et-innovations\/#breadcrumb\"},\"inLanguage\":\"fr-FR\",\"potentialAction\":[{\"@type\":\"ReadAction\",\"target\":[\"https:\/\/uhfp.centre-inffo.fr\/2023\/d3-49-at-accompagner-les-transitions-professionnelles-conditions-de-reussite-et-innovations\/\"]}]},{\"@type\":\"BreadcrumbList\",\"@id\":\"https:\/\/uhfp.centre-inffo.fr\/2023\/d3-49-at-accompagner-les-transitions-professionnelles-conditions-de-reussite-et-innovations\/#breadcrumb\",\"itemListElement\":[{\"@type\":\"ListItem\",\"position\":1,\"name\":\"Accueil\",\"item\":\"https:\/\/uhfp.centre-inffo.fr\/2023\/\"},{\"@type\":\"ListItem\",\"position\":2,\"name\":\"Programme\",\"item\":\"https:\/\/uhfp.centre-inffo.fr\/2023\/rubrique\/programme\/\"},{\"@type\":\"ListItem\",\"position\":3,\"name\":\"Jeudi 26 janvier\",\"item\":\"https:\/\/uhfp.centre-inffo.fr\/2023\/rubrique\/programme\/jeudi-26-janvier\/\"},{\"@type\":\"ListItem\",\"position\":4,\"name\":\"D3.49 AT : Accompagner les transitions professionnelles : conditions de r\u00e9ussite et innovations\"}]},{\"@type\":\"WebSite\",\"@id\":\"https:\/\/uhfp.centre-inffo.fr\/2023\/#website\",\"url\":\"https:\/\/uhfp.centre-inffo.fr\/2023\/\",\"name\":\"18e Universit\u00e9 d&#039;Hiver de la Formation Professionnelle\",\"description\":\"Comp\u00e9tences 2030 : r\u00e9ussir ensemble les transitions ! - Du 25 au 27 janvier 2023, \u00e0 Cannes\",\"publisher\":{\"@id\":\"https:\/\/uhfp.centre-inffo.fr\/2023\/#organization\"},\"potentialAction\":[{\"@type\":\"SearchAction\",\"target\":{\"@type\":\"EntryPoint\",\"urlTemplate\":\"https:\/\/uhfp.centre-inffo.fr\/2023\/?s={search_term_string}\"},\"query-input\":\"required name=search_term_string\"}],\"inLanguage\":\"fr-FR\"},{\"@type\":\"Organization\",\"@id\":\"https:\/\/uhfp.centre-inffo.fr\/2023\/#organization\",\"name\":\"Centre Inffo\",\"url\":\"https:\/\/uhfp.centre-inffo.fr\/2023\/\",\"logo\":{\"@type\":\"ImageObject\",\"inLanguage\":\"fr-FR\",\"@id\":\"https:\/\/uhfp.centre-inffo.fr\/2023\/#\/schema\/logo\/image\/\",\"url\":\"\",\"contentUrl\":\"\",\"caption\":\"Centre Inffo\"},\"image\":{\"@id\":\"https:\/\/uhfp.centre-inffo.fr\/2023\/#\/schema\/logo\/image\/\"},\"sameAs\":[\"https:\/\/www.facebook.com\/centreinffo\",\"https:\/\/twitter.com\/centreinffo\",\"https:\/\/www.linkedin.com\/company\/centre-inffo\/\",\"https:\/\/www.youtube.com\/user\/centreinffo\"]}]}<\/script>\n<!-- \/ Yoast SEO plugin. -->","yoast_head_json":{"title":"D3.49 AT : Accompagner les transitions professionnelles : conditions de r\u00e9ussite et innovations - 18e Universit\u00e9 d&#039;Hiver de la Formation Professionnelle","robots":{"index":"index","follow":"follow","max-snippet":"max-snippet:-1","max-image-preview":"max-image-preview:large","max-video-preview":"max-video-preview:-1"},"canonical":"https:\/\/uhfp.centre-inffo.fr\/2023\/d3-49-at-accompagner-les-transitions-professionnelles-conditions-de-reussite-et-innovations\/","og_locale":"fr_FR","og_type":"article","og_title":"D3.49 AT : Accompagner les transitions professionnelles : conditions de r\u00e9ussite et innovations - 18e Universit\u00e9 d&#039;Hiver de la Formation Professionnelle","og_description":"Cet atelier analyse les conditions de r\u00e9ussite de transitions professionnelles dans des contextes diff\u00e9rents.\u00a0 D\u00e9fense mobilit\u00e9\u202f : la reconversion des militaires\u00a0 Retour sur une \u00e9tude men\u00e9e en Grand Est, par &hellip;","og_url":"https:\/\/uhfp.centre-inffo.fr\/2023\/d3-49-at-accompagner-les-transitions-professionnelles-conditions-de-reussite-et-innovations\/","og_site_name":"18e Universit\u00e9 d&#039;Hiver de la Formation Professionnelle","article_publisher":"https:\/\/www.facebook.com\/centreinffo","article_modified_time":"2023-02-17T09:50:41+00:00","twitter_card":"summary_large_image","twitter_site":"@centreinffo","twitter_misc":{"Dur\u00e9e de lecture estim\u00e9e":"1 minute"},"schema":{"@context":"https:\/\/schema.org","@graph":[{"@type":"WebPage","@id":"https:\/\/uhfp.centre-inffo.fr\/2023\/d3-49-at-accompagner-les-transitions-professionnelles-conditions-de-reussite-et-innovations\/","url":"https:\/\/uhfp.centre-inffo.fr\/2023\/d3-49-at-accompagner-les-transitions-professionnelles-conditions-de-reussite-et-innovations\/","name":"D3.49 AT : Accompagner les transitions professionnelles : conditions de r\u00e9ussite et innovations - 18e Universit\u00e9 d&#039;Hiver de la Formation Professionnelle","isPartOf":{"@id":"https:\/\/uhfp.centre-inffo.fr\/2023\/#website"},"datePublished":"2022-12-15T12:37:17+00:00","dateModified":"2023-02-17T09:50:41+00:00","breadcrumb":{"@id":"https:\/\/uhfp.centre-inffo.fr\/2023\/d3-49-at-accompagner-les-transitions-professionnelles-conditions-de-reussite-et-innovations\/#breadcrumb"},"inLanguage":"fr-FR","potentialAction":[{"@type":"ReadAction","target":["https:\/\/uhfp.centre-inffo.fr\/2023\/d3-49-at-accompagner-les-transitions-professionnelles-conditions-de-reussite-et-innovations\/"]}]},{"@type":"BreadcrumbList","@id":"https:\/\/uhfp.centre-inffo.fr\/2023\/d3-49-at-accompagner-les-transitions-professionnelles-conditions-de-reussite-et-innovations\/#breadcrumb","itemListElement":[{"@type":"ListItem","position":1,"name":"Accueil","item":"https:\/\/uhfp.centre-inffo.fr\/2023\/"},{"@type":"ListItem","position":2,"name":"Programme","item":"https:\/\/uhfp.centre-inffo.fr\/2023\/rubrique\/programme\/"},{"@type":"ListItem","position":3,"name":"Jeudi 26 janvier","item":"https:\/\/uhfp.centre-inffo.fr\/2023\/rubrique\/programme\/jeudi-26-janvier\/"},{"@type":"ListItem","position":4,"name":"D3.49 AT : Accompagner les transitions professionnelles : conditions de r\u00e9ussite et innovations"}]},{"@type":"WebSite","@id":"https:\/\/uhfp.centre-inffo.fr\/2023\/#website","url":"https:\/\/uhfp.centre-inffo.fr\/2023\/","name":"18e Universit\u00e9 d&#039;Hiver de la Formation Professionnelle","description":"Comp\u00e9tences 2030 : r\u00e9ussir ensemble les transitions ! - Du 25 au 27 janvier 2023, \u00e0 Cannes","publisher":{"@id":"https:\/\/uhfp.centre-inffo.fr\/2023\/#organization"},"potentialAction":[{"@type":"SearchAction","target":{"@type":"EntryPoint","urlTemplate":"https:\/\/uhfp.centre-inffo.fr\/2023\/?s={search_term_string}"},"query-input":"required name=search_term_string"}],"inLanguage":"fr-FR"},{"@type":"Organization","@id":"https:\/\/uhfp.centre-inffo.fr\/2023\/#organization","name":"Centre Inffo","url":"https:\/\/uhfp.centre-inffo.fr\/2023\/","logo":{"@type":"ImageObject","inLanguage":"fr-FR","@id":"https:\/\/uhfp.centre-inffo.fr\/2023\/#\/schema\/logo\/image\/","url":"","contentUrl":"","caption":"Centre Inffo"},"image":{"@id":"https:\/\/uhfp.centre-inffo.fr\/2023\/#\/schema\/logo\/image\/"},"sameAs":["https:\/\/www.facebook.com\/centreinffo","https:\/\/twitter.com\/centreinffo","https:\/\/www.linkedin.com\/company\/centre-inffo\/","https:\/\/www.youtube.com\/user\/centreinffo"]}]}},"_links":{"self":[{"href":"https:\/\/uhfp.centre-inffo.fr\/2023\/wp-json\/wp\/v2\/pages\/3101"}],"collection":[{"href":"https:\/\/uhfp.centre-inffo.fr\/2023\/wp-json\/wp\/v2\/pages"}],"about":[{"href":"https:\/\/uhfp.centre-inffo.fr\/2023\/wp-json\/wp\/v2\/types\/page"}],"author":[{"embeddable":true,"href":"https:\/\/uhfp.centre-inffo.fr\/2023\/wp-json\/wp\/v2\/users\/1"}],"replies":[{"embeddable":true,"href":"https:\/\/uhfp.centre-inffo.fr\/2023\/wp-json\/wp\/v2\/comments?post=3101"}],"version-history":[{"count":11,"href":"https:\/\/uhfp.centre-inffo.fr\/2023\/wp-json\/wp\/v2\/pages\/3101\/revisions"}],"predecessor-version":[{"id":6161,"href":"https:\/\/uhfp.centre-inffo.fr\/2023\/wp-json\/wp\/v2\/pages\/3101\/revisions\/6161"}],"wp:attachment":[{"href":"https:\/\/uhfp.centre-inffo.fr\/2023\/wp-json\/wp\/v2\/media?parent=3101"}],"wp:term":[{"taxonomy":"category","embeddable":true,"href":"https:\/\/uhfp.centre-inffo.fr\/2023\/wp-json\/wp\/v2\/categories?post=3101"},{"taxonomy":"post_tag","embeddable":true,"href":"https:\/\/uhfp.centre-inffo.fr\/2023\/wp-json\/wp\/v2\/tags?post=3101"},{"taxonomy":"wf_page_folders","embeddable":true,"href":"https:\/\/uhfp.centre-inffo.fr\/2023\/wp-json\/wp\/v2\/wf_page_folders?post=3101"}],"curies":[{"name":"wp","href":"https:\/\/api.w.org\/{rel}","templated":true}]}}