{"id":3453,"date":"2022-12-27T11:35:31","date_gmt":"2022-12-27T10:35:31","guid":{"rendered":"https:\/\/uhfp.centre-inffo.fr\/2023\/?page_id=3453"},"modified":"2023-02-17T10:48:20","modified_gmt":"2023-02-17T09:48:20","slug":"a2-8-at-linnovation-pedagogique-et-numerique-au-service-de-linclusion","status":"publish","type":"page","link":"https:\/\/uhfp.centre-inffo.fr\/2023\/a2-8-at-linnovation-pedagogique-et-numerique-au-service-de-linclusion\/","title":{"rendered":"A2.8 AT : L\u2019innovation p\u00e9dagogique et num\u00e9rique au service de l\u2019inclusion"},"content":{"rendered":"\n<div class=\"wp-block-buttons is-content-justification-center is-layout-flex wp-container-1\">\n<div class=\"wp-block-button\"><a class=\"wp-block-button__link wp-element-button\" href=\"\/2023\/wp-content\/uploads\/2023\/02\/A2.8-AT.pdf\">T\u00e9l\u00e9charger la pr\u00e9sentation (.pdf)<\/a><\/div>\n<\/div>\n\n\n\n<hr class=\"wp-block-separator has-alpha-channel-opacity\"\/>\n\n\n<ul>\n<li>Pr\u00e9sentation du R\u00e9seau E2C France et de son public accueilli<\/li>\n<li>Retour sur les origines de la d\u00e9marche APC et son inscription dans le plan strat\u00e9gique du R\u00e9seau E2C France<\/li>\n<li>Pr\u00e9sentation des sp\u00e9cificit\u00e9s de la d\u00e9marche l\u2019APC : Principes, paliers, R\u00e9f\u00e9rentiel<\/li>\n<li>Pr\u00e9sentation de la d\u00e9clinaison de la d\u00e9marche \u00e0 travers HORIZONS<\/li>\n<li>S\u00e9ance de questions-r\u00e9ponses<\/li>\n<li>\u00c9valuation \u00e0 chaud de l\u2019atelier par les participants<\/li>\n<\/ul>\n<h3>Objectifs p\u00e9dagogiques<\/h3>\n<ul>\n<li>Comprendre la signification de l\u2019\u2019inclusion au travers d\u2019une pratique de terrain<\/li>\n<li>Identifier la d\u00e9marche APC<\/li>\n<li>Reconna\u00eetre les diff\u00e9rentes \u00e9tapes d\u2019une d\u00e9marche d\u2019innovation p\u00e9dagogique et num\u00e9rique<\/li>\n<\/ul>\n<h3>Intervenants<\/h3>\n<ul>\n<li><a href=\"\/2023\/poncelet\/\">Alexandre Poncelet<\/a> &#8211; Directeur Qualit\u00e9, R\u00e9seau E2C France<\/li>\n<li><a href=\"\/2023\/teyras\/\">Florent Teyras<\/a> &#8211; DRH et Directeur de contrat, My-Serious-Game<\/li>\n<\/ul>","protected":false},"excerpt":{"rendered":"<p>Pr\u00e9sentation du R\u00e9seau E2C France et de son public accueilli Retour sur les origines de la d\u00e9marche APC et son inscription dans le plan strat\u00e9gique du R\u00e9seau E2C France Pr\u00e9sentation &hellip; <\/p>\n","protected":false},"author":2,"featured_media":0,"parent":0,"menu_order":0,"comment_status":"closed","ping_status":"closed","template":"","meta":[],"categories":[40,38],"tags":[],"wf_page_folders":[87],"acf":[],"yoast_head":"<!-- This site is optimized with the Yoast SEO plugin v20.3 - https:\/\/yoast.com\/wordpress\/plugins\/seo\/ -->\n<title>A2.8 AT : L\u2019innovation p\u00e9dagogique et num\u00e9rique au service de l\u2019inclusion - 18e Universit\u00e9 d&#039;Hiver de la Formation Professionnelle<\/title>\n<meta name=\"robots\" content=\"index, follow, max-snippet:-1, max-image-preview:large, max-video-preview:-1\" \/>\n<link rel=\"canonical\" href=\"https:\/\/uhfp.centre-inffo.fr\/2023\/a2-8-at-linnovation-pedagogique-et-numerique-au-service-de-linclusion\/\" \/>\n<meta property=\"og:locale\" content=\"fr_FR\" \/>\n<meta property=\"og:type\" content=\"article\" \/>\n<meta property=\"og:title\" content=\"A2.8 AT : L\u2019innovation p\u00e9dagogique et num\u00e9rique au service de l\u2019inclusion - 18e Universit\u00e9 d&#039;Hiver de la Formation Professionnelle\" \/>\n<meta property=\"og:description\" content=\"Pr\u00e9sentation du R\u00e9seau E2C France et de son public accueilli Retour sur les origines de la d\u00e9marche APC et son inscription dans le plan strat\u00e9gique du R\u00e9seau E2C France Pr\u00e9sentation &hellip;\" \/>\n<meta property=\"og:url\" content=\"https:\/\/uhfp.centre-inffo.fr\/2023\/a2-8-at-linnovation-pedagogique-et-numerique-au-service-de-linclusion\/\" \/>\n<meta property=\"og:site_name\" content=\"18e Universit\u00e9 d&#039;Hiver de la Formation Professionnelle\" \/>\n<meta property=\"article:publisher\" content=\"https:\/\/www.facebook.com\/centreinffo\" \/>\n<meta property=\"article:modified_time\" content=\"2023-02-17T09:48:20+00:00\" \/>\n<meta name=\"twitter:card\" content=\"summary_large_image\" \/>\n<meta name=\"twitter:site\" content=\"@centreinffo\" \/>\n<meta name=\"twitter:label1\" content=\"Dur\u00e9e de lecture estim\u00e9e\" \/>\n\t<meta name=\"twitter:data1\" content=\"1 minute\" \/>\n<script type=\"application\/ld+json\" class=\"yoast-schema-graph\">{\"@context\":\"https:\/\/schema.org\",\"@graph\":[{\"@type\":\"WebPage\",\"@id\":\"https:\/\/uhfp.centre-inffo.fr\/2023\/a2-8-at-linnovation-pedagogique-et-numerique-au-service-de-linclusion\/\",\"url\":\"https:\/\/uhfp.centre-inffo.fr\/2023\/a2-8-at-linnovation-pedagogique-et-numerique-au-service-de-linclusion\/\",\"name\":\"A2.8 AT : L\u2019innovation p\u00e9dagogique et num\u00e9rique au service de l\u2019inclusion - 18e Universit\u00e9 d&#039;Hiver de la Formation Professionnelle\",\"isPartOf\":{\"@id\":\"https:\/\/uhfp.centre-inffo.fr\/2023\/#website\"},\"datePublished\":\"2022-12-27T10:35:31+00:00\",\"dateModified\":\"2023-02-17T09:48:20+00:00\",\"breadcrumb\":{\"@id\":\"https:\/\/uhfp.centre-inffo.fr\/2023\/a2-8-at-linnovation-pedagogique-et-numerique-au-service-de-linclusion\/#breadcrumb\"},\"inLanguage\":\"fr-FR\",\"potentialAction\":[{\"@type\":\"ReadAction\",\"target\":[\"https:\/\/uhfp.centre-inffo.fr\/2023\/a2-8-at-linnovation-pedagogique-et-numerique-au-service-de-linclusion\/\"]}]},{\"@type\":\"BreadcrumbList\",\"@id\":\"https:\/\/uhfp.centre-inffo.fr\/2023\/a2-8-at-linnovation-pedagogique-et-numerique-au-service-de-linclusion\/#breadcrumb\",\"itemListElement\":[{\"@type\":\"ListItem\",\"position\":1,\"name\":\"Accueil\",\"item\":\"https:\/\/uhfp.centre-inffo.fr\/2023\/\"},{\"@type\":\"ListItem\",\"position\":2,\"name\":\"Programme\",\"item\":\"https:\/\/uhfp.centre-inffo.fr\/2023\/rubrique\/programme\/\"},{\"@type\":\"ListItem\",\"position\":3,\"name\":\"A2.8 AT : L\u2019innovation p\u00e9dagogique et num\u00e9rique au service de l\u2019inclusion\"}]},{\"@type\":\"WebSite\",\"@id\":\"https:\/\/uhfp.centre-inffo.fr\/2023\/#website\",\"url\":\"https:\/\/uhfp.centre-inffo.fr\/2023\/\",\"name\":\"18e Universit\u00e9 d&#039;Hiver de la Formation Professionnelle\",\"description\":\"Comp\u00e9tences 2030 : r\u00e9ussir ensemble les transitions ! - Du 25 au 27 janvier 2023, \u00e0 Cannes\",\"publisher\":{\"@id\":\"https:\/\/uhfp.centre-inffo.fr\/2023\/#organization\"},\"potentialAction\":[{\"@type\":\"SearchAction\",\"target\":{\"@type\":\"EntryPoint\",\"urlTemplate\":\"https:\/\/uhfp.centre-inffo.fr\/2023\/?s={search_term_string}\"},\"query-input\":\"required name=search_term_string\"}],\"inLanguage\":\"fr-FR\"},{\"@type\":\"Organization\",\"@id\":\"https:\/\/uhfp.centre-inffo.fr\/2023\/#organization\",\"name\":\"Centre Inffo\",\"url\":\"https:\/\/uhfp.centre-inffo.fr\/2023\/\",\"logo\":{\"@type\":\"ImageObject\",\"inLanguage\":\"fr-FR\",\"@id\":\"https:\/\/uhfp.centre-inffo.fr\/2023\/#\/schema\/logo\/image\/\",\"url\":\"\",\"contentUrl\":\"\",\"caption\":\"Centre Inffo\"},\"image\":{\"@id\":\"https:\/\/uhfp.centre-inffo.fr\/2023\/#\/schema\/logo\/image\/\"},\"sameAs\":[\"https:\/\/www.facebook.com\/centreinffo\",\"https:\/\/twitter.com\/centreinffo\",\"https:\/\/www.linkedin.com\/company\/centre-inffo\/\",\"https:\/\/www.youtube.com\/user\/centreinffo\"]}]}<\/script>\n<!-- \/ Yoast SEO plugin. -->","yoast_head_json":{"title":"A2.8 AT : L\u2019innovation p\u00e9dagogique et num\u00e9rique au service de l\u2019inclusion - 18e Universit\u00e9 d&#039;Hiver de la Formation Professionnelle","robots":{"index":"index","follow":"follow","max-snippet":"max-snippet:-1","max-image-preview":"max-image-preview:large","max-video-preview":"max-video-preview:-1"},"canonical":"https:\/\/uhfp.centre-inffo.fr\/2023\/a2-8-at-linnovation-pedagogique-et-numerique-au-service-de-linclusion\/","og_locale":"fr_FR","og_type":"article","og_title":"A2.8 AT : L\u2019innovation p\u00e9dagogique et num\u00e9rique au service de l\u2019inclusion - 18e Universit\u00e9 d&#039;Hiver de la Formation Professionnelle","og_description":"Pr\u00e9sentation du R\u00e9seau E2C France et de son public accueilli Retour sur les origines de la d\u00e9marche APC et son inscription dans le plan strat\u00e9gique du R\u00e9seau E2C France Pr\u00e9sentation &hellip;","og_url":"https:\/\/uhfp.centre-inffo.fr\/2023\/a2-8-at-linnovation-pedagogique-et-numerique-au-service-de-linclusion\/","og_site_name":"18e Universit\u00e9 d&#039;Hiver de la Formation Professionnelle","article_publisher":"https:\/\/www.facebook.com\/centreinffo","article_modified_time":"2023-02-17T09:48:20+00:00","twitter_card":"summary_large_image","twitter_site":"@centreinffo","twitter_misc":{"Dur\u00e9e de lecture estim\u00e9e":"1 minute"},"schema":{"@context":"https:\/\/schema.org","@graph":[{"@type":"WebPage","@id":"https:\/\/uhfp.centre-inffo.fr\/2023\/a2-8-at-linnovation-pedagogique-et-numerique-au-service-de-linclusion\/","url":"https:\/\/uhfp.centre-inffo.fr\/2023\/a2-8-at-linnovation-pedagogique-et-numerique-au-service-de-linclusion\/","name":"A2.8 AT : L\u2019innovation p\u00e9dagogique et num\u00e9rique au service de l\u2019inclusion - 18e Universit\u00e9 d&#039;Hiver de la Formation Professionnelle","isPartOf":{"@id":"https:\/\/uhfp.centre-inffo.fr\/2023\/#website"},"datePublished":"2022-12-27T10:35:31+00:00","dateModified":"2023-02-17T09:48:20+00:00","breadcrumb":{"@id":"https:\/\/uhfp.centre-inffo.fr\/2023\/a2-8-at-linnovation-pedagogique-et-numerique-au-service-de-linclusion\/#breadcrumb"},"inLanguage":"fr-FR","potentialAction":[{"@type":"ReadAction","target":["https:\/\/uhfp.centre-inffo.fr\/2023\/a2-8-at-linnovation-pedagogique-et-numerique-au-service-de-linclusion\/"]}]},{"@type":"BreadcrumbList","@id":"https:\/\/uhfp.centre-inffo.fr\/2023\/a2-8-at-linnovation-pedagogique-et-numerique-au-service-de-linclusion\/#breadcrumb","itemListElement":[{"@type":"ListItem","position":1,"name":"Accueil","item":"https:\/\/uhfp.centre-inffo.fr\/2023\/"},{"@type":"ListItem","position":2,"name":"Programme","item":"https:\/\/uhfp.centre-inffo.fr\/2023\/rubrique\/programme\/"},{"@type":"ListItem","position":3,"name":"A2.8 AT : L\u2019innovation p\u00e9dagogique et num\u00e9rique au service de l\u2019inclusion"}]},{"@type":"WebSite","@id":"https:\/\/uhfp.centre-inffo.fr\/2023\/#website","url":"https:\/\/uhfp.centre-inffo.fr\/2023\/","name":"18e Universit\u00e9 d&#039;Hiver de la Formation Professionnelle","description":"Comp\u00e9tences 2030 : r\u00e9ussir ensemble les transitions ! - Du 25 au 27 janvier 2023, \u00e0 Cannes","publisher":{"@id":"https:\/\/uhfp.centre-inffo.fr\/2023\/#organization"},"potentialAction":[{"@type":"SearchAction","target":{"@type":"EntryPoint","urlTemplate":"https:\/\/uhfp.centre-inffo.fr\/2023\/?s={search_term_string}"},"query-input":"required name=search_term_string"}],"inLanguage":"fr-FR"},{"@type":"Organization","@id":"https:\/\/uhfp.centre-inffo.fr\/2023\/#organization","name":"Centre Inffo","url":"https:\/\/uhfp.centre-inffo.fr\/2023\/","logo":{"@type":"ImageObject","inLanguage":"fr-FR","@id":"https:\/\/uhfp.centre-inffo.fr\/2023\/#\/schema\/logo\/image\/","url":"","contentUrl":"","caption":"Centre Inffo"},"image":{"@id":"https:\/\/uhfp.centre-inffo.fr\/2023\/#\/schema\/logo\/image\/"},"sameAs":["https:\/\/www.facebook.com\/centreinffo","https:\/\/twitter.com\/centreinffo","https:\/\/www.linkedin.com\/company\/centre-inffo\/","https:\/\/www.youtube.com\/user\/centreinffo"]}]}},"_links":{"self":[{"href":"https:\/\/uhfp.centre-inffo.fr\/2023\/wp-json\/wp\/v2\/pages\/3453"}],"collection":[{"href":"https:\/\/uhfp.centre-inffo.fr\/2023\/wp-json\/wp\/v2\/pages"}],"about":[{"href":"https:\/\/uhfp.centre-inffo.fr\/2023\/wp-json\/wp\/v2\/types\/page"}],"author":[{"embeddable":true,"href":"https:\/\/uhfp.centre-inffo.fr\/2023\/wp-json\/wp\/v2\/users\/2"}],"replies":[{"embeddable":true,"href":"https:\/\/uhfp.centre-inffo.fr\/2023\/wp-json\/wp\/v2\/comments?post=3453"}],"version-history":[{"count":10,"href":"https:\/\/uhfp.centre-inffo.fr\/2023\/wp-json\/wp\/v2\/pages\/3453\/revisions"}],"predecessor-version":[{"id":6159,"href":"https:\/\/uhfp.centre-inffo.fr\/2023\/wp-json\/wp\/v2\/pages\/3453\/revisions\/6159"}],"wp:attachment":[{"href":"https:\/\/uhfp.centre-inffo.fr\/2023\/wp-json\/wp\/v2\/media?parent=3453"}],"wp:term":[{"taxonomy":"category","embeddable":true,"href":"https:\/\/uhfp.centre-inffo.fr\/2023\/wp-json\/wp\/v2\/categories?post=3453"},{"taxonomy":"post_tag","embeddable":true,"href":"https:\/\/uhfp.centre-inffo.fr\/2023\/wp-json\/wp\/v2\/tags?post=3453"},{"taxonomy":"wf_page_folders","embeddable":true,"href":"https:\/\/uhfp.centre-inffo.fr\/2023\/wp-json\/wp\/v2\/wf_page_folders?post=3453"}],"curies":[{"name":"wp","href":"https:\/\/api.w.org\/{rel}","templated":true}]}}