{"id":3461,"date":"2022-12-27T11:41:20","date_gmt":"2022-12-27T10:41:20","guid":{"rendered":"https:\/\/uhfp.centre-inffo.fr\/2023\/?page_id=3461"},"modified":"2023-02-06T15:39:43","modified_gmt":"2023-02-06T14:39:43","slug":"a3-2-tr-afest-et-vae-enjeux-pour-lentreprise","status":"publish","type":"page","link":"https:\/\/uhfp.centre-inffo.fr\/2023\/a3-2-tr-afest-et-vae-enjeux-pour-lentreprise\/","title":{"rendered":"A3.2 TR &#8211; AFEST et VAE : enjeux pour l\u2019entreprise"},"content":{"rendered":"\n<div class=\"wp-block-buttons is-content-justification-center is-layout-flex wp-container-1\">\n<div class=\"wp-block-button\"><a class=\"wp-block-button__link wp-element-button\" href=\"\/2023\/wp-content\/uploads\/2023\/02\/A3.2-TR.pdf\">T\u00e9l\u00e9charger la pr\u00e9sentation (.pdf)<\/a><\/div>\n<\/div>\n\n\n\n<hr class=\"wp-block-separator has-alpha-channel-opacity\"\/>\n\n\n<p>Enjeux et int\u00e9r\u00eats de l&rsquo;AFEST pour les entreprises. D\u00e9cryptage et retour d&rsquo;exp\u00e9rience sur l&rsquo;AFEST pour un d\u00e9ploiement simple et efficace en entreprises, notamment celles de moins de 50 salari\u00e9s.<\/p>\n<h3>Objectifs p\u00e9dagogiques<\/h3>\n<ul>\n<li>D\u00e9crire les enjeux et int\u00e9r\u00eats de l\u2019AFEST pour les entreprises<\/li>\n<li>Identifier une m\u00e9thodologie de d\u00e9ploiement au sein des structures<\/li>\n<li>Faire une analogie avec les enjeux pour l\u2019entreprise de la VAE<\/li>\n<\/ul>\n<h3>Animation<\/h3>\n<ul>\n<li><a href=\"\/2023\/de-la-morandiere\/\">Sarah De la Morandi\u00e8re<\/a> &#8211; Consultante Ing\u00e9nierie et strat\u00e9gies de formation, Centre Inffo<\/li>\n<\/ul>\n<h3>Intervenant<\/h3>\n<ul>\n<li><a href=\"\/2023\/cournede\/\">Axel Cournede<\/a> &#8211; Conseiller formation professionnelle et apprentissage, Cabinet de Madame la ministre d\u00e9l\u00e9gu\u00e9e charg\u00e9e de l\u2019enseignement et de la formation professionnels<\/li>\n<li><a href=\"\/2023\/gerard\/\">Olivier G\u00e9rard<\/a> &#8211; Chef de projet, Minist\u00e8re du travail<\/li>\n<li><a href=\"https:\/\/uhfp.centre-inffo.fr\/2023\/herriou\/\">Yann-Firmin Herriou<\/a> &#8211; Fondateur &amp; Associ\u00e9, Perspectives &amp; Rebonds<\/li>\n<li><a href=\"\/2023\/savann\/\">Frank Savann<\/a> &#8211; Expert AEFA,\u00a0 Agence Erasmus + France Education Formation<\/li>\n<li><a href=\"\/2023\/venturini\/\">Maud Venturini<\/a> &#8211; Responsable du d\u00e9partement Ing\u00e9nierie de formation, P\u00f4le emploi<\/li>\n<\/ul>","protected":false},"excerpt":{"rendered":"<p>Enjeux et int\u00e9r\u00eats de l&rsquo;AFEST pour les entreprises. D\u00e9cryptage et retour d&rsquo;exp\u00e9rience sur l&rsquo;AFEST pour un d\u00e9ploiement simple et efficace en entreprises, notamment celles de moins de 50 salari\u00e9s. Objectifs &hellip; <\/p>\n","protected":false},"author":2,"featured_media":0,"parent":0,"menu_order":0,"comment_status":"closed","ping_status":"closed","template":"","meta":[],"categories":[40,38],"tags":[],"wf_page_folders":[87],"acf":[],"yoast_head":"<!-- This site is optimized with the Yoast SEO plugin v20.3 - https:\/\/yoast.com\/wordpress\/plugins\/seo\/ -->\n<title>A3.2 TR - AFEST et VAE : enjeux pour l\u2019entreprise - 18e Universit\u00e9 d&#039;Hiver de la Formation Professionnelle<\/title>\n<meta name=\"robots\" content=\"index, follow, max-snippet:-1, max-image-preview:large, max-video-preview:-1\" \/>\n<link rel=\"canonical\" href=\"https:\/\/uhfp.centre-inffo.fr\/2023\/a3-2-tr-afest-et-vae-enjeux-pour-lentreprise\/\" \/>\n<meta property=\"og:locale\" content=\"fr_FR\" \/>\n<meta property=\"og:type\" content=\"article\" \/>\n<meta property=\"og:title\" content=\"A3.2 TR - AFEST et VAE : enjeux pour l\u2019entreprise - 18e Universit\u00e9 d&#039;Hiver de la Formation Professionnelle\" \/>\n<meta property=\"og:description\" content=\"Enjeux et int\u00e9r\u00eats de l&rsquo;AFEST pour les entreprises. D\u00e9cryptage et retour d&rsquo;exp\u00e9rience sur l&rsquo;AFEST pour un d\u00e9ploiement simple et efficace en entreprises, notamment celles de moins de 50 salari\u00e9s. Objectifs &hellip;\" \/>\n<meta property=\"og:url\" content=\"https:\/\/uhfp.centre-inffo.fr\/2023\/a3-2-tr-afest-et-vae-enjeux-pour-lentreprise\/\" \/>\n<meta property=\"og:site_name\" content=\"18e Universit\u00e9 d&#039;Hiver de la Formation Professionnelle\" \/>\n<meta property=\"article:publisher\" content=\"https:\/\/www.facebook.com\/centreinffo\" \/>\n<meta property=\"article:modified_time\" content=\"2023-02-06T14:39:43+00:00\" \/>\n<meta name=\"twitter:card\" content=\"summary_large_image\" \/>\n<meta name=\"twitter:site\" content=\"@centreinffo\" \/>\n<meta name=\"twitter:label1\" content=\"Dur\u00e9e de lecture estim\u00e9e\" \/>\n\t<meta name=\"twitter:data1\" content=\"1 minute\" \/>\n<script type=\"application\/ld+json\" class=\"yoast-schema-graph\">{\"@context\":\"https:\/\/schema.org\",\"@graph\":[{\"@type\":\"WebPage\",\"@id\":\"https:\/\/uhfp.centre-inffo.fr\/2023\/a3-2-tr-afest-et-vae-enjeux-pour-lentreprise\/\",\"url\":\"https:\/\/uhfp.centre-inffo.fr\/2023\/a3-2-tr-afest-et-vae-enjeux-pour-lentreprise\/\",\"name\":\"A3.2 TR - AFEST et VAE : enjeux pour l\u2019entreprise - 18e Universit\u00e9 d&#039;Hiver de la Formation Professionnelle\",\"isPartOf\":{\"@id\":\"https:\/\/uhfp.centre-inffo.fr\/2023\/#website\"},\"datePublished\":\"2022-12-27T10:41:20+00:00\",\"dateModified\":\"2023-02-06T14:39:43+00:00\",\"breadcrumb\":{\"@id\":\"https:\/\/uhfp.centre-inffo.fr\/2023\/a3-2-tr-afest-et-vae-enjeux-pour-lentreprise\/#breadcrumb\"},\"inLanguage\":\"fr-FR\",\"potentialAction\":[{\"@type\":\"ReadAction\",\"target\":[\"https:\/\/uhfp.centre-inffo.fr\/2023\/a3-2-tr-afest-et-vae-enjeux-pour-lentreprise\/\"]}]},{\"@type\":\"BreadcrumbList\",\"@id\":\"https:\/\/uhfp.centre-inffo.fr\/2023\/a3-2-tr-afest-et-vae-enjeux-pour-lentreprise\/#breadcrumb\",\"itemListElement\":[{\"@type\":\"ListItem\",\"position\":1,\"name\":\"Accueil\",\"item\":\"https:\/\/uhfp.centre-inffo.fr\/2023\/\"},{\"@type\":\"ListItem\",\"position\":2,\"name\":\"Programme\",\"item\":\"https:\/\/uhfp.centre-inffo.fr\/2023\/rubrique\/programme\/\"},{\"@type\":\"ListItem\",\"position\":3,\"name\":\"A3.2 TR &#8211; AFEST et VAE : enjeux pour l\u2019entreprise\"}]},{\"@type\":\"WebSite\",\"@id\":\"https:\/\/uhfp.centre-inffo.fr\/2023\/#website\",\"url\":\"https:\/\/uhfp.centre-inffo.fr\/2023\/\",\"name\":\"18e Universit\u00e9 d&#039;Hiver de la Formation Professionnelle\",\"description\":\"Comp\u00e9tences 2030 : r\u00e9ussir ensemble les transitions ! - Du 25 au 27 janvier 2023, \u00e0 Cannes\",\"publisher\":{\"@id\":\"https:\/\/uhfp.centre-inffo.fr\/2023\/#organization\"},\"potentialAction\":[{\"@type\":\"SearchAction\",\"target\":{\"@type\":\"EntryPoint\",\"urlTemplate\":\"https:\/\/uhfp.centre-inffo.fr\/2023\/?s={search_term_string}\"},\"query-input\":\"required name=search_term_string\"}],\"inLanguage\":\"fr-FR\"},{\"@type\":\"Organization\",\"@id\":\"https:\/\/uhfp.centre-inffo.fr\/2023\/#organization\",\"name\":\"Centre Inffo\",\"url\":\"https:\/\/uhfp.centre-inffo.fr\/2023\/\",\"logo\":{\"@type\":\"ImageObject\",\"inLanguage\":\"fr-FR\",\"@id\":\"https:\/\/uhfp.centre-inffo.fr\/2023\/#\/schema\/logo\/image\/\",\"url\":\"\",\"contentUrl\":\"\",\"caption\":\"Centre Inffo\"},\"image\":{\"@id\":\"https:\/\/uhfp.centre-inffo.fr\/2023\/#\/schema\/logo\/image\/\"},\"sameAs\":[\"https:\/\/www.facebook.com\/centreinffo\",\"https:\/\/twitter.com\/centreinffo\",\"https:\/\/www.linkedin.com\/company\/centre-inffo\/\",\"https:\/\/www.youtube.com\/user\/centreinffo\"]}]}<\/script>\n<!-- \/ Yoast SEO plugin. -->","yoast_head_json":{"title":"A3.2 TR - AFEST et VAE : enjeux pour l\u2019entreprise - 18e Universit\u00e9 d&#039;Hiver de la Formation Professionnelle","robots":{"index":"index","follow":"follow","max-snippet":"max-snippet:-1","max-image-preview":"max-image-preview:large","max-video-preview":"max-video-preview:-1"},"canonical":"https:\/\/uhfp.centre-inffo.fr\/2023\/a3-2-tr-afest-et-vae-enjeux-pour-lentreprise\/","og_locale":"fr_FR","og_type":"article","og_title":"A3.2 TR - AFEST et VAE : enjeux pour l\u2019entreprise - 18e Universit\u00e9 d&#039;Hiver de la Formation Professionnelle","og_description":"Enjeux et int\u00e9r\u00eats de l&rsquo;AFEST pour les entreprises. D\u00e9cryptage et retour d&rsquo;exp\u00e9rience sur l&rsquo;AFEST pour un d\u00e9ploiement simple et efficace en entreprises, notamment celles de moins de 50 salari\u00e9s. Objectifs &hellip;","og_url":"https:\/\/uhfp.centre-inffo.fr\/2023\/a3-2-tr-afest-et-vae-enjeux-pour-lentreprise\/","og_site_name":"18e Universit\u00e9 d&#039;Hiver de la Formation Professionnelle","article_publisher":"https:\/\/www.facebook.com\/centreinffo","article_modified_time":"2023-02-06T14:39:43+00:00","twitter_card":"summary_large_image","twitter_site":"@centreinffo","twitter_misc":{"Dur\u00e9e de lecture estim\u00e9e":"1 minute"},"schema":{"@context":"https:\/\/schema.org","@graph":[{"@type":"WebPage","@id":"https:\/\/uhfp.centre-inffo.fr\/2023\/a3-2-tr-afest-et-vae-enjeux-pour-lentreprise\/","url":"https:\/\/uhfp.centre-inffo.fr\/2023\/a3-2-tr-afest-et-vae-enjeux-pour-lentreprise\/","name":"A3.2 TR - AFEST et VAE : enjeux pour l\u2019entreprise - 18e Universit\u00e9 d&#039;Hiver de la Formation Professionnelle","isPartOf":{"@id":"https:\/\/uhfp.centre-inffo.fr\/2023\/#website"},"datePublished":"2022-12-27T10:41:20+00:00","dateModified":"2023-02-06T14:39:43+00:00","breadcrumb":{"@id":"https:\/\/uhfp.centre-inffo.fr\/2023\/a3-2-tr-afest-et-vae-enjeux-pour-lentreprise\/#breadcrumb"},"inLanguage":"fr-FR","potentialAction":[{"@type":"ReadAction","target":["https:\/\/uhfp.centre-inffo.fr\/2023\/a3-2-tr-afest-et-vae-enjeux-pour-lentreprise\/"]}]},{"@type":"BreadcrumbList","@id":"https:\/\/uhfp.centre-inffo.fr\/2023\/a3-2-tr-afest-et-vae-enjeux-pour-lentreprise\/#breadcrumb","itemListElement":[{"@type":"ListItem","position":1,"name":"Accueil","item":"https:\/\/uhfp.centre-inffo.fr\/2023\/"},{"@type":"ListItem","position":2,"name":"Programme","item":"https:\/\/uhfp.centre-inffo.fr\/2023\/rubrique\/programme\/"},{"@type":"ListItem","position":3,"name":"A3.2 TR &#8211; AFEST et VAE : enjeux pour l\u2019entreprise"}]},{"@type":"WebSite","@id":"https:\/\/uhfp.centre-inffo.fr\/2023\/#website","url":"https:\/\/uhfp.centre-inffo.fr\/2023\/","name":"18e Universit\u00e9 d&#039;Hiver de la Formation Professionnelle","description":"Comp\u00e9tences 2030 : r\u00e9ussir ensemble les transitions ! - Du 25 au 27 janvier 2023, \u00e0 Cannes","publisher":{"@id":"https:\/\/uhfp.centre-inffo.fr\/2023\/#organization"},"potentialAction":[{"@type":"SearchAction","target":{"@type":"EntryPoint","urlTemplate":"https:\/\/uhfp.centre-inffo.fr\/2023\/?s={search_term_string}"},"query-input":"required name=search_term_string"}],"inLanguage":"fr-FR"},{"@type":"Organization","@id":"https:\/\/uhfp.centre-inffo.fr\/2023\/#organization","name":"Centre Inffo","url":"https:\/\/uhfp.centre-inffo.fr\/2023\/","logo":{"@type":"ImageObject","inLanguage":"fr-FR","@id":"https:\/\/uhfp.centre-inffo.fr\/2023\/#\/schema\/logo\/image\/","url":"","contentUrl":"","caption":"Centre Inffo"},"image":{"@id":"https:\/\/uhfp.centre-inffo.fr\/2023\/#\/schema\/logo\/image\/"},"sameAs":["https:\/\/www.facebook.com\/centreinffo","https:\/\/twitter.com\/centreinffo","https:\/\/www.linkedin.com\/company\/centre-inffo\/","https:\/\/www.youtube.com\/user\/centreinffo"]}]}},"_links":{"self":[{"href":"https:\/\/uhfp.centre-inffo.fr\/2023\/wp-json\/wp\/v2\/pages\/3461"}],"collection":[{"href":"https:\/\/uhfp.centre-inffo.fr\/2023\/wp-json\/wp\/v2\/pages"}],"about":[{"href":"https:\/\/uhfp.centre-inffo.fr\/2023\/wp-json\/wp\/v2\/types\/page"}],"author":[{"embeddable":true,"href":"https:\/\/uhfp.centre-inffo.fr\/2023\/wp-json\/wp\/v2\/users\/2"}],"replies":[{"embeddable":true,"href":"https:\/\/uhfp.centre-inffo.fr\/2023\/wp-json\/wp\/v2\/comments?post=3461"}],"version-history":[{"count":15,"href":"https:\/\/uhfp.centre-inffo.fr\/2023\/wp-json\/wp\/v2\/pages\/3461\/revisions"}],"predecessor-version":[{"id":5980,"href":"https:\/\/uhfp.centre-inffo.fr\/2023\/wp-json\/wp\/v2\/pages\/3461\/revisions\/5980"}],"wp:attachment":[{"href":"https:\/\/uhfp.centre-inffo.fr\/2023\/wp-json\/wp\/v2\/media?parent=3461"}],"wp:term":[{"taxonomy":"category","embeddable":true,"href":"https:\/\/uhfp.centre-inffo.fr\/2023\/wp-json\/wp\/v2\/categories?post=3461"},{"taxonomy":"post_tag","embeddable":true,"href":"https:\/\/uhfp.centre-inffo.fr\/2023\/wp-json\/wp\/v2\/tags?post=3461"},{"taxonomy":"wf_page_folders","embeddable":true,"href":"https:\/\/uhfp.centre-inffo.fr\/2023\/wp-json\/wp\/v2\/wf_page_folders?post=3461"}],"curies":[{"name":"wp","href":"https:\/\/api.w.org\/{rel}","templated":true}]}}