{"id":3473,"date":"2022-12-27T11:53:27","date_gmt":"2022-12-27T10:53:27","guid":{"rendered":"https:\/\/uhfp.centre-inffo.fr\/2023\/?page_id=3473"},"modified":"2023-01-10T14:37:57","modified_gmt":"2023-01-10T13:37:57","slug":"b1-16-tr-transition-demographique-quels-defis-pour-nos-societes-et-nos-emplois","status":"publish","type":"page","link":"https:\/\/uhfp.centre-inffo.fr\/2023\/b1-16-tr-transition-demographique-quels-defis-pour-nos-societes-et-nos-emplois\/","title":{"rendered":"B1.16 TR : Transition d\u00e9mographique : quels d\u00e9fis pour nos soci\u00e9t\u00e9s et nos emplois ?"},"content":{"rendered":"<p><span data-contrast=\"auto\">Vieillissement de la population, migrations \u00e9conomiques et politiques \u202f: cette table ronde \u00e9tudiera l\u2019effet des transitions d\u00e9mographiques sur l\u2019emploi, les m\u00e9tiers et les comp\u00e9tences. Elle donnera des \u00e9clairages sur<\/span><span data-ccp-props=\"{}\">\u00a0<\/span><\/p>\n<ul>\n<li data-leveltext=\"-\" data-font=\"Calibri\" data-listid=\"3\" data-list-defn-props=\"{&quot;335551671&quot;:13,&quot;335552541&quot;:1,&quot;335559684&quot;:-2,&quot;335559685&quot;:720,&quot;335559991&quot;:360,&quot;469769226&quot;:&quot;Calibri&quot;,&quot;469769242&quot;:[8226],&quot;469777803&quot;:&quot;left&quot;,&quot;469777804&quot;:&quot;-&quot;,&quot;469777815&quot;:&quot;hybridMultilevel&quot;}\" aria-setsize=\"-1\" data-aria-posinset=\"13\" data-aria-level=\"1\"><span data-contrast=\"auto\">Les recommandations de l\u2019OIT face aux transitions d\u00e9mographiques et la r\u00e9action des populations face aux transitions digitales et \u00e0 la d\u00e9carbonation<\/span><span data-ccp-props=\"{}\">\u00a0<\/span><\/li>\n<li data-leveltext=\"-\" data-font=\"Calibri\" data-listid=\"3\" data-list-defn-props=\"{&quot;335551671&quot;:13,&quot;335552541&quot;:1,&quot;335559684&quot;:-2,&quot;335559685&quot;:720,&quot;335559991&quot;:360,&quot;469769226&quot;:&quot;Calibri&quot;,&quot;469769242&quot;:[8226],&quot;469777803&quot;:&quot;left&quot;,&quot;469777804&quot;:&quot;-&quot;,&quot;469777815&quot;:&quot;hybridMultilevel&quot;}\" aria-setsize=\"-1\" data-aria-posinset=\"13\" data-aria-level=\"1\"><span data-contrast=\"auto\">L\u2019offre de formation sp\u00e9cifique destin\u00e9e aux populations r\u00e9fugi\u00e9es<\/span><span data-ccp-props=\"{}\">\u00a0<\/span><\/li>\n<li data-leveltext=\"-\" data-font=\"Calibri\" data-listid=\"3\" data-list-defn-props=\"{&quot;335551671&quot;:13,&quot;335552541&quot;:1,&quot;335559684&quot;:-2,&quot;335559685&quot;:720,&quot;335559991&quot;:360,&quot;469769226&quot;:&quot;Calibri&quot;,&quot;469769242&quot;:[8226],&quot;469777803&quot;:&quot;left&quot;,&quot;469777804&quot;:&quot;-&quot;,&quot;469777815&quot;:&quot;hybridMultilevel&quot;}\" aria-setsize=\"-1\" data-aria-posinset=\"13\" data-aria-level=\"1\"><span data-contrast=\"auto\">Des actions d\u00e9velopp\u00e9es par des entreprises pour faciliter ces transitions.<\/span><span data-ccp-props=\"{}\">\u00a0<\/span><\/li>\n<\/ul>\n<h3>Objectifs p\u00e9dagogiques<\/h3>\n<ul>\n<li>Illustrer les enjeux des transitions d\u00e9mographiques pour demain<\/li>\n<li>Comprendre leur impact sur l\u2019emploi, ls m\u00e9tiers et les comp\u00e9tences<\/li>\n<li>Identifier des mesures appropri\u00e9es \u00e0 ces mutations pour le d\u00e9veloppement des hommes et des organisation<\/li>\n<\/ul>\n<h3>Intervenants<\/h3>\n<ul>\n<li><a href=\"\/2023\/baudinet\/\">Laurent Baudinet<\/a> &#8211; Pr\u00e9sident, R\u00e9seau des Carif-Oref<\/li>\n<li><a href=\"\/2023\/karvar\/\">Anousheh Karvar<\/a> &#8211; OIT (Organisation Internationale du Travail)<\/li>\n<li><a href=\"\/2023\/martinot\/\">Bertrand Martinot<\/a> -SIACI Saint-Honor\u00e9<\/li>\n<li><a href=\"\/2023\/savantre\/\">Christine Savantr\u00e9<\/a> &#8211; UNSA<\/li>\n<\/ul>\n","protected":false},"excerpt":{"rendered":"<p>Vieillissement de la population, migrations \u00e9conomiques et politiques \u202f: cette table ronde \u00e9tudiera l\u2019effet des transitions d\u00e9mographiques sur l\u2019emploi, les m\u00e9tiers et les comp\u00e9tences. Elle donnera des \u00e9clairages sur\u00a0 Les &hellip; <\/p>\n","protected":false},"author":2,"featured_media":0,"parent":0,"menu_order":0,"comment_status":"closed","ping_status":"closed","template":"","meta":[],"categories":[40,38],"tags":[],"wf_page_folders":[87],"acf":[],"yoast_head":"<!-- This site is optimized with the Yoast SEO plugin v20.3 - https:\/\/yoast.com\/wordpress\/plugins\/seo\/ -->\n<title>B1.16 TR : Transition d\u00e9mographique : quels d\u00e9fis pour nos soci\u00e9t\u00e9s et nos emplois ? - 18e Universit\u00e9 d&#039;Hiver de la Formation Professionnelle<\/title>\n<meta name=\"robots\" content=\"index, follow, max-snippet:-1, max-image-preview:large, max-video-preview:-1\" \/>\n<link rel=\"canonical\" href=\"https:\/\/uhfp.centre-inffo.fr\/2023\/b1-16-tr-transition-demographique-quels-defis-pour-nos-societes-et-nos-emplois\/\" \/>\n<meta property=\"og:locale\" content=\"fr_FR\" \/>\n<meta property=\"og:type\" content=\"article\" \/>\n<meta property=\"og:title\" content=\"B1.16 TR : Transition d\u00e9mographique : quels d\u00e9fis pour nos soci\u00e9t\u00e9s et nos emplois ? - 18e Universit\u00e9 d&#039;Hiver de la Formation Professionnelle\" \/>\n<meta property=\"og:description\" content=\"Vieillissement de la population, migrations \u00e9conomiques et politiques \u202f: cette table ronde \u00e9tudiera l\u2019effet des transitions d\u00e9mographiques sur l\u2019emploi, les m\u00e9tiers et les comp\u00e9tences. Elle donnera des \u00e9clairages sur\u00a0 Les &hellip;\" \/>\n<meta property=\"og:url\" content=\"https:\/\/uhfp.centre-inffo.fr\/2023\/b1-16-tr-transition-demographique-quels-defis-pour-nos-societes-et-nos-emplois\/\" \/>\n<meta property=\"og:site_name\" content=\"18e Universit\u00e9 d&#039;Hiver de la Formation Professionnelle\" \/>\n<meta property=\"article:publisher\" content=\"https:\/\/www.facebook.com\/centreinffo\" \/>\n<meta property=\"article:modified_time\" content=\"2023-01-10T13:37:57+00:00\" \/>\n<meta name=\"twitter:card\" content=\"summary_large_image\" \/>\n<meta name=\"twitter:site\" content=\"@centreinffo\" \/>\n<meta name=\"twitter:label1\" content=\"Dur\u00e9e de lecture estim\u00e9e\" \/>\n\t<meta name=\"twitter:data1\" content=\"1 minute\" \/>\n<script type=\"application\/ld+json\" class=\"yoast-schema-graph\">{\"@context\":\"https:\/\/schema.org\",\"@graph\":[{\"@type\":\"WebPage\",\"@id\":\"https:\/\/uhfp.centre-inffo.fr\/2023\/b1-16-tr-transition-demographique-quels-defis-pour-nos-societes-et-nos-emplois\/\",\"url\":\"https:\/\/uhfp.centre-inffo.fr\/2023\/b1-16-tr-transition-demographique-quels-defis-pour-nos-societes-et-nos-emplois\/\",\"name\":\"B1.16 TR : Transition d\u00e9mographique : quels d\u00e9fis pour nos soci\u00e9t\u00e9s et nos emplois ? - 18e Universit\u00e9 d&#039;Hiver de la Formation Professionnelle\",\"isPartOf\":{\"@id\":\"https:\/\/uhfp.centre-inffo.fr\/2023\/#website\"},\"datePublished\":\"2022-12-27T10:53:27+00:00\",\"dateModified\":\"2023-01-10T13:37:57+00:00\",\"breadcrumb\":{\"@id\":\"https:\/\/uhfp.centre-inffo.fr\/2023\/b1-16-tr-transition-demographique-quels-defis-pour-nos-societes-et-nos-emplois\/#breadcrumb\"},\"inLanguage\":\"fr-FR\",\"potentialAction\":[{\"@type\":\"ReadAction\",\"target\":[\"https:\/\/uhfp.centre-inffo.fr\/2023\/b1-16-tr-transition-demographique-quels-defis-pour-nos-societes-et-nos-emplois\/\"]}]},{\"@type\":\"BreadcrumbList\",\"@id\":\"https:\/\/uhfp.centre-inffo.fr\/2023\/b1-16-tr-transition-demographique-quels-defis-pour-nos-societes-et-nos-emplois\/#breadcrumb\",\"itemListElement\":[{\"@type\":\"ListItem\",\"position\":1,\"name\":\"Accueil\",\"item\":\"https:\/\/uhfp.centre-inffo.fr\/2023\/\"},{\"@type\":\"ListItem\",\"position\":2,\"name\":\"Programme\",\"item\":\"https:\/\/uhfp.centre-inffo.fr\/2023\/rubrique\/programme\/\"},{\"@type\":\"ListItem\",\"position\":3,\"name\":\"B1.16 TR : Transition d\u00e9mographique : quels d\u00e9fis pour nos soci\u00e9t\u00e9s et nos emplois ?\"}]},{\"@type\":\"WebSite\",\"@id\":\"https:\/\/uhfp.centre-inffo.fr\/2023\/#website\",\"url\":\"https:\/\/uhfp.centre-inffo.fr\/2023\/\",\"name\":\"18e Universit\u00e9 d&#039;Hiver de la Formation Professionnelle\",\"description\":\"Comp\u00e9tences 2030 : r\u00e9ussir ensemble les transitions ! - Du 25 au 27 janvier 2023, \u00e0 Cannes\",\"publisher\":{\"@id\":\"https:\/\/uhfp.centre-inffo.fr\/2023\/#organization\"},\"potentialAction\":[{\"@type\":\"SearchAction\",\"target\":{\"@type\":\"EntryPoint\",\"urlTemplate\":\"https:\/\/uhfp.centre-inffo.fr\/2023\/?s={search_term_string}\"},\"query-input\":\"required name=search_term_string\"}],\"inLanguage\":\"fr-FR\"},{\"@type\":\"Organization\",\"@id\":\"https:\/\/uhfp.centre-inffo.fr\/2023\/#organization\",\"name\":\"Centre Inffo\",\"url\":\"https:\/\/uhfp.centre-inffo.fr\/2023\/\",\"logo\":{\"@type\":\"ImageObject\",\"inLanguage\":\"fr-FR\",\"@id\":\"https:\/\/uhfp.centre-inffo.fr\/2023\/#\/schema\/logo\/image\/\",\"url\":\"\",\"contentUrl\":\"\",\"caption\":\"Centre Inffo\"},\"image\":{\"@id\":\"https:\/\/uhfp.centre-inffo.fr\/2023\/#\/schema\/logo\/image\/\"},\"sameAs\":[\"https:\/\/www.facebook.com\/centreinffo\",\"https:\/\/twitter.com\/centreinffo\",\"https:\/\/www.linkedin.com\/company\/centre-inffo\/\",\"https:\/\/www.youtube.com\/user\/centreinffo\"]}]}<\/script>\n<!-- \/ Yoast SEO plugin. -->","yoast_head_json":{"title":"B1.16 TR : Transition d\u00e9mographique : quels d\u00e9fis pour nos soci\u00e9t\u00e9s et nos emplois ? - 18e Universit\u00e9 d&#039;Hiver de la Formation Professionnelle","robots":{"index":"index","follow":"follow","max-snippet":"max-snippet:-1","max-image-preview":"max-image-preview:large","max-video-preview":"max-video-preview:-1"},"canonical":"https:\/\/uhfp.centre-inffo.fr\/2023\/b1-16-tr-transition-demographique-quels-defis-pour-nos-societes-et-nos-emplois\/","og_locale":"fr_FR","og_type":"article","og_title":"B1.16 TR : Transition d\u00e9mographique : quels d\u00e9fis pour nos soci\u00e9t\u00e9s et nos emplois ? - 18e Universit\u00e9 d&#039;Hiver de la Formation Professionnelle","og_description":"Vieillissement de la population, migrations \u00e9conomiques et politiques \u202f: cette table ronde \u00e9tudiera l\u2019effet des transitions d\u00e9mographiques sur l\u2019emploi, les m\u00e9tiers et les comp\u00e9tences. Elle donnera des \u00e9clairages sur\u00a0 Les &hellip;","og_url":"https:\/\/uhfp.centre-inffo.fr\/2023\/b1-16-tr-transition-demographique-quels-defis-pour-nos-societes-et-nos-emplois\/","og_site_name":"18e Universit\u00e9 d&#039;Hiver de la Formation Professionnelle","article_publisher":"https:\/\/www.facebook.com\/centreinffo","article_modified_time":"2023-01-10T13:37:57+00:00","twitter_card":"summary_large_image","twitter_site":"@centreinffo","twitter_misc":{"Dur\u00e9e de lecture estim\u00e9e":"1 minute"},"schema":{"@context":"https:\/\/schema.org","@graph":[{"@type":"WebPage","@id":"https:\/\/uhfp.centre-inffo.fr\/2023\/b1-16-tr-transition-demographique-quels-defis-pour-nos-societes-et-nos-emplois\/","url":"https:\/\/uhfp.centre-inffo.fr\/2023\/b1-16-tr-transition-demographique-quels-defis-pour-nos-societes-et-nos-emplois\/","name":"B1.16 TR : Transition d\u00e9mographique : quels d\u00e9fis pour nos soci\u00e9t\u00e9s et nos emplois ? - 18e Universit\u00e9 d&#039;Hiver de la Formation Professionnelle","isPartOf":{"@id":"https:\/\/uhfp.centre-inffo.fr\/2023\/#website"},"datePublished":"2022-12-27T10:53:27+00:00","dateModified":"2023-01-10T13:37:57+00:00","breadcrumb":{"@id":"https:\/\/uhfp.centre-inffo.fr\/2023\/b1-16-tr-transition-demographique-quels-defis-pour-nos-societes-et-nos-emplois\/#breadcrumb"},"inLanguage":"fr-FR","potentialAction":[{"@type":"ReadAction","target":["https:\/\/uhfp.centre-inffo.fr\/2023\/b1-16-tr-transition-demographique-quels-defis-pour-nos-societes-et-nos-emplois\/"]}]},{"@type":"BreadcrumbList","@id":"https:\/\/uhfp.centre-inffo.fr\/2023\/b1-16-tr-transition-demographique-quels-defis-pour-nos-societes-et-nos-emplois\/#breadcrumb","itemListElement":[{"@type":"ListItem","position":1,"name":"Accueil","item":"https:\/\/uhfp.centre-inffo.fr\/2023\/"},{"@type":"ListItem","position":2,"name":"Programme","item":"https:\/\/uhfp.centre-inffo.fr\/2023\/rubrique\/programme\/"},{"@type":"ListItem","position":3,"name":"B1.16 TR : Transition d\u00e9mographique : quels d\u00e9fis pour nos soci\u00e9t\u00e9s et nos emplois ?"}]},{"@type":"WebSite","@id":"https:\/\/uhfp.centre-inffo.fr\/2023\/#website","url":"https:\/\/uhfp.centre-inffo.fr\/2023\/","name":"18e Universit\u00e9 d&#039;Hiver de la Formation Professionnelle","description":"Comp\u00e9tences 2030 : r\u00e9ussir ensemble les transitions ! - Du 25 au 27 janvier 2023, \u00e0 Cannes","publisher":{"@id":"https:\/\/uhfp.centre-inffo.fr\/2023\/#organization"},"potentialAction":[{"@type":"SearchAction","target":{"@type":"EntryPoint","urlTemplate":"https:\/\/uhfp.centre-inffo.fr\/2023\/?s={search_term_string}"},"query-input":"required name=search_term_string"}],"inLanguage":"fr-FR"},{"@type":"Organization","@id":"https:\/\/uhfp.centre-inffo.fr\/2023\/#organization","name":"Centre Inffo","url":"https:\/\/uhfp.centre-inffo.fr\/2023\/","logo":{"@type":"ImageObject","inLanguage":"fr-FR","@id":"https:\/\/uhfp.centre-inffo.fr\/2023\/#\/schema\/logo\/image\/","url":"","contentUrl":"","caption":"Centre Inffo"},"image":{"@id":"https:\/\/uhfp.centre-inffo.fr\/2023\/#\/schema\/logo\/image\/"},"sameAs":["https:\/\/www.facebook.com\/centreinffo","https:\/\/twitter.com\/centreinffo","https:\/\/www.linkedin.com\/company\/centre-inffo\/","https:\/\/www.youtube.com\/user\/centreinffo"]}]}},"_links":{"self":[{"href":"https:\/\/uhfp.centre-inffo.fr\/2023\/wp-json\/wp\/v2\/pages\/3473"}],"collection":[{"href":"https:\/\/uhfp.centre-inffo.fr\/2023\/wp-json\/wp\/v2\/pages"}],"about":[{"href":"https:\/\/uhfp.centre-inffo.fr\/2023\/wp-json\/wp\/v2\/types\/page"}],"author":[{"embeddable":true,"href":"https:\/\/uhfp.centre-inffo.fr\/2023\/wp-json\/wp\/v2\/users\/2"}],"replies":[{"embeddable":true,"href":"https:\/\/uhfp.centre-inffo.fr\/2023\/wp-json\/wp\/v2\/comments?post=3473"}],"version-history":[{"count":11,"href":"https:\/\/uhfp.centre-inffo.fr\/2023\/wp-json\/wp\/v2\/pages\/3473\/revisions"}],"predecessor-version":[{"id":4681,"href":"https:\/\/uhfp.centre-inffo.fr\/2023\/wp-json\/wp\/v2\/pages\/3473\/revisions\/4681"}],"wp:attachment":[{"href":"https:\/\/uhfp.centre-inffo.fr\/2023\/wp-json\/wp\/v2\/media?parent=3473"}],"wp:term":[{"taxonomy":"category","embeddable":true,"href":"https:\/\/uhfp.centre-inffo.fr\/2023\/wp-json\/wp\/v2\/categories?post=3473"},{"taxonomy":"post_tag","embeddable":true,"href":"https:\/\/uhfp.centre-inffo.fr\/2023\/wp-json\/wp\/v2\/tags?post=3473"},{"taxonomy":"wf_page_folders","embeddable":true,"href":"https:\/\/uhfp.centre-inffo.fr\/2023\/wp-json\/wp\/v2\/wf_page_folders?post=3473"}],"curies":[{"name":"wp","href":"https:\/\/api.w.org\/{rel}","templated":true}]}}