{"id":3509,"date":"2022-12-27T19:45:38","date_gmt":"2022-12-27T18:45:38","guid":{"rendered":"https:\/\/uhfp.centre-inffo.fr\/2023\/?page_id=3509"},"modified":"2023-02-17T10:51:41","modified_gmt":"2023-02-17T09:51:41","slug":"e4-59-at-rome-4-0-un-langage-partage-au-service-des-transitions","status":"publish","type":"page","link":"https:\/\/uhfp.centre-inffo.fr\/2023\/e4-59-at-rome-4-0-un-langage-partage-au-service-des-transitions\/","title":{"rendered":"E4.59 AT : ROME 4.0 : un langage partag\u00e9 au service des transitions"},"content":{"rendered":"\n<div class=\"wp-block-buttons is-content-justification-center is-layout-flex wp-container-1\">\n<div class=\"wp-block-button\"><a class=\"wp-block-button__link wp-element-button\" href=\"\/2023\/wp-content\/uploads\/2023\/02\/E4.59-AT.pdf\">T\u00e9l\u00e9charger la pr\u00e9sentation (.pdf)<\/a><\/div>\n<\/div>\n\n\n\n<hr class=\"wp-block-separator has-alpha-channel-opacity\"\/>\n\n\n<p><span data-contrast=\"auto\">L&rsquo;atelier sera l&rsquo;occasion de pr\u00e9senter le ROME 4.0 qui remplacera le ROME V3 d\u00e8s le mois de mars 2023.<\/span><span data-ccp-props=\"{&quot;469777462&quot;:[3096],&quot;469777927&quot;:[0],&quot;469777928&quot;:[1]}\">\u00a0<\/span><\/p>\n<p><span data-contrast=\"auto\">Le nouveau ROME 4.0 est essentiellement constitu\u00e9 d&rsquo;un r\u00e9f\u00e9rentiel de comp\u00e9tences tr\u00e8s sensiblement restructur\u00e9 (alimentant des fiches m\u00e9tiers) pens\u00e9 pour servir de langage partag\u00e9 et faciliter l\u2019identification des comp\u00e9tences transf\u00e9rables d\u2019un m\u00e9tier \u00e0 l\u2019autre.\u00a0<\/span><span data-ccp-props=\"{&quot;469777462&quot;:[3096],&quot;469777927&quot;:[0],&quot;469777928&quot;:[1]}\">\u00a0<\/span><\/p>\n<p><span data-contrast=\"auto\">Associ\u00e9s au nouveau ROME seront pr\u00e9sent\u00e9s les services (site internet d\u00e9di\u00e9, analyse des passerelles, plateforme collaborative pour contribuer \u00e0 actualiser le ROME\u2026), qui vont accompagner la mise \u00e0 disposition du ROME 4.0 ainsi que la dynamique partenariale et participative qui sera install\u00e9e \u00e0 partir du printemps 2023 autour de ce langage partag\u00e9<\/span><span data-ccp-props=\"{&quot;469777462&quot;:[3096],&quot;469777927&quot;:[0],&quot;469777928&quot;:[1]}\">\u00a0<\/span><\/p>\n<h3>Objectifs p\u00e9dagogiques<\/h3>\n<ul>\n<li data-leveltext=\"-\" data-font=\"Calibri\" data-listid=\"1\" data-list-defn-props=\"{&quot;335551671&quot;:3,&quot;335552541&quot;:1,&quot;335559684&quot;:-2,&quot;335559685&quot;:720,&quot;335559991&quot;:360,&quot;469769226&quot;:&quot;Calibri&quot;,&quot;469769242&quot;:[8226],&quot;469777803&quot;:&quot;left&quot;,&quot;469777804&quot;:&quot;-&quot;,&quot;469777815&quot;:&quot;hybridMultilevel&quot;}\" aria-setsize=\"-1\" data-aria-posinset=\"3\" data-aria-level=\"1\"><span data-contrast=\"auto\">Identifier les \u00e9volutions et objectifs de cette nouvelle version\u00a0\u00a0<\/span><span data-ccp-props=\"{&quot;469777462&quot;:[3096],&quot;469777927&quot;:[0],&quot;469777928&quot;:[1]}\">\u00a0<\/span><\/li>\n<li data-leveltext=\"-\" data-font=\"Calibri\" data-listid=\"1\" data-list-defn-props=\"{&quot;335551671&quot;:3,&quot;335552541&quot;:1,&quot;335559684&quot;:-2,&quot;335559685&quot;:720,&quot;335559991&quot;:360,&quot;469769226&quot;:&quot;Calibri&quot;,&quot;469769242&quot;:[8226],&quot;469777803&quot;:&quot;left&quot;,&quot;469777804&quot;:&quot;-&quot;,&quot;469777815&quot;:&quot;hybridMultilevel&quot;}\" aria-setsize=\"-1\" data-aria-posinset=\"3\" data-aria-level=\"1\"><span data-contrast=\"auto\">Rep\u00e9rer les usages du ROME 4.0 utiles \u00e0 votre activit\u00e9<\/span><span data-ccp-props=\"{&quot;469777462&quot;:[3096],&quot;469777927&quot;:[0],&quot;469777928&quot;:[1]}\">\u00a0<\/span><\/li>\n<\/ul>\n<h3>Intervenants<\/h3>\n<ul>\n<li><a href=\"\/2023\/beauvois\/\/2023\/beauvois\/\/2023\/beauvois\/\">Catherine Beauvois<\/a> &#8211; Directrice du projet \u00ab\u00a0Comp\u00e9tences 4.0\u00a0\u00bb, P\u00f4le Emploi<\/li>\n<li><a href=\"\/2023\/bertrand\/\">Ludovic Bertrand<\/a> &#8211; Directeur, R\u00e9seau Carif-Oref<\/li>\n<\/ul>","protected":false},"excerpt":{"rendered":"<p>L&rsquo;atelier sera l&rsquo;occasion de pr\u00e9senter le ROME 4.0 qui remplacera le ROME V3 d\u00e8s le mois de mars 2023.\u00a0 Le nouveau ROME 4.0 est essentiellement constitu\u00e9 d&rsquo;un r\u00e9f\u00e9rentiel de comp\u00e9tences &hellip; <\/p>\n","protected":false},"author":2,"featured_media":0,"parent":0,"menu_order":0,"comment_status":"closed","ping_status":"closed","template":"","meta":[],"categories":[38,41],"tags":[],"wf_page_folders":[88],"acf":[],"yoast_head":"<!-- This site is optimized with the Yoast SEO plugin v20.3 - https:\/\/yoast.com\/wordpress\/plugins\/seo\/ -->\n<title>E4.59 AT : ROME 4.0 : un langage partag\u00e9 au service des transitions - 18e Universit\u00e9 d&#039;Hiver de la Formation Professionnelle<\/title>\n<meta name=\"robots\" content=\"index, follow, max-snippet:-1, max-image-preview:large, max-video-preview:-1\" \/>\n<link rel=\"canonical\" href=\"https:\/\/uhfp.centre-inffo.fr\/2023\/e4-59-at-rome-4-0-un-langage-partage-au-service-des-transitions\/\" \/>\n<meta property=\"og:locale\" content=\"fr_FR\" \/>\n<meta property=\"og:type\" content=\"article\" \/>\n<meta property=\"og:title\" content=\"E4.59 AT : ROME 4.0 : un langage partag\u00e9 au service des transitions - 18e Universit\u00e9 d&#039;Hiver de la Formation Professionnelle\" \/>\n<meta property=\"og:description\" content=\"L&rsquo;atelier sera l&rsquo;occasion de pr\u00e9senter le ROME 4.0 qui remplacera le ROME V3 d\u00e8s le mois de mars 2023.\u00a0 Le nouveau ROME 4.0 est essentiellement constitu\u00e9 d&rsquo;un r\u00e9f\u00e9rentiel de comp\u00e9tences &hellip;\" \/>\n<meta property=\"og:url\" content=\"https:\/\/uhfp.centre-inffo.fr\/2023\/e4-59-at-rome-4-0-un-langage-partage-au-service-des-transitions\/\" \/>\n<meta property=\"og:site_name\" content=\"18e Universit\u00e9 d&#039;Hiver de la Formation Professionnelle\" \/>\n<meta property=\"article:publisher\" content=\"https:\/\/www.facebook.com\/centreinffo\" \/>\n<meta property=\"article:modified_time\" content=\"2023-02-17T09:51:41+00:00\" \/>\n<meta name=\"twitter:card\" content=\"summary_large_image\" \/>\n<meta name=\"twitter:site\" content=\"@centreinffo\" \/>\n<meta name=\"twitter:label1\" content=\"Dur\u00e9e de lecture estim\u00e9e\" \/>\n\t<meta name=\"twitter:data1\" content=\"1 minute\" \/>\n<script type=\"application\/ld+json\" class=\"yoast-schema-graph\">{\"@context\":\"https:\/\/schema.org\",\"@graph\":[{\"@type\":\"WebPage\",\"@id\":\"https:\/\/uhfp.centre-inffo.fr\/2023\/e4-59-at-rome-4-0-un-langage-partage-au-service-des-transitions\/\",\"url\":\"https:\/\/uhfp.centre-inffo.fr\/2023\/e4-59-at-rome-4-0-un-langage-partage-au-service-des-transitions\/\",\"name\":\"E4.59 AT : ROME 4.0 : un langage partag\u00e9 au service des transitions - 18e Universit\u00e9 d&#039;Hiver de la Formation Professionnelle\",\"isPartOf\":{\"@id\":\"https:\/\/uhfp.centre-inffo.fr\/2023\/#website\"},\"datePublished\":\"2022-12-27T18:45:38+00:00\",\"dateModified\":\"2023-02-17T09:51:41+00:00\",\"breadcrumb\":{\"@id\":\"https:\/\/uhfp.centre-inffo.fr\/2023\/e4-59-at-rome-4-0-un-langage-partage-au-service-des-transitions\/#breadcrumb\"},\"inLanguage\":\"fr-FR\",\"potentialAction\":[{\"@type\":\"ReadAction\",\"target\":[\"https:\/\/uhfp.centre-inffo.fr\/2023\/e4-59-at-rome-4-0-un-langage-partage-au-service-des-transitions\/\"]}]},{\"@type\":\"BreadcrumbList\",\"@id\":\"https:\/\/uhfp.centre-inffo.fr\/2023\/e4-59-at-rome-4-0-un-langage-partage-au-service-des-transitions\/#breadcrumb\",\"itemListElement\":[{\"@type\":\"ListItem\",\"position\":1,\"name\":\"Accueil\",\"item\":\"https:\/\/uhfp.centre-inffo.fr\/2023\/\"},{\"@type\":\"ListItem\",\"position\":2,\"name\":\"Programme\",\"item\":\"https:\/\/uhfp.centre-inffo.fr\/2023\/rubrique\/programme\/\"},{\"@type\":\"ListItem\",\"position\":3,\"name\":\"E4.59 AT : ROME 4.0 : un langage partag\u00e9 au service des transitions\"}]},{\"@type\":\"WebSite\",\"@id\":\"https:\/\/uhfp.centre-inffo.fr\/2023\/#website\",\"url\":\"https:\/\/uhfp.centre-inffo.fr\/2023\/\",\"name\":\"18e Universit\u00e9 d&#039;Hiver de la Formation Professionnelle\",\"description\":\"Comp\u00e9tences 2030 : r\u00e9ussir ensemble les transitions ! - Du 25 au 27 janvier 2023, \u00e0 Cannes\",\"publisher\":{\"@id\":\"https:\/\/uhfp.centre-inffo.fr\/2023\/#organization\"},\"potentialAction\":[{\"@type\":\"SearchAction\",\"target\":{\"@type\":\"EntryPoint\",\"urlTemplate\":\"https:\/\/uhfp.centre-inffo.fr\/2023\/?s={search_term_string}\"},\"query-input\":\"required name=search_term_string\"}],\"inLanguage\":\"fr-FR\"},{\"@type\":\"Organization\",\"@id\":\"https:\/\/uhfp.centre-inffo.fr\/2023\/#organization\",\"name\":\"Centre Inffo\",\"url\":\"https:\/\/uhfp.centre-inffo.fr\/2023\/\",\"logo\":{\"@type\":\"ImageObject\",\"inLanguage\":\"fr-FR\",\"@id\":\"https:\/\/uhfp.centre-inffo.fr\/2023\/#\/schema\/logo\/image\/\",\"url\":\"\",\"contentUrl\":\"\",\"caption\":\"Centre Inffo\"},\"image\":{\"@id\":\"https:\/\/uhfp.centre-inffo.fr\/2023\/#\/schema\/logo\/image\/\"},\"sameAs\":[\"https:\/\/www.facebook.com\/centreinffo\",\"https:\/\/twitter.com\/centreinffo\",\"https:\/\/www.linkedin.com\/company\/centre-inffo\/\",\"https:\/\/www.youtube.com\/user\/centreinffo\"]}]}<\/script>\n<!-- \/ Yoast SEO plugin. -->","yoast_head_json":{"title":"E4.59 AT : ROME 4.0 : un langage partag\u00e9 au service des transitions - 18e Universit\u00e9 d&#039;Hiver de la Formation Professionnelle","robots":{"index":"index","follow":"follow","max-snippet":"max-snippet:-1","max-image-preview":"max-image-preview:large","max-video-preview":"max-video-preview:-1"},"canonical":"https:\/\/uhfp.centre-inffo.fr\/2023\/e4-59-at-rome-4-0-un-langage-partage-au-service-des-transitions\/","og_locale":"fr_FR","og_type":"article","og_title":"E4.59 AT : ROME 4.0 : un langage partag\u00e9 au service des transitions - 18e Universit\u00e9 d&#039;Hiver de la Formation Professionnelle","og_description":"L&rsquo;atelier sera l&rsquo;occasion de pr\u00e9senter le ROME 4.0 qui remplacera le ROME V3 d\u00e8s le mois de mars 2023.\u00a0 Le nouveau ROME 4.0 est essentiellement constitu\u00e9 d&rsquo;un r\u00e9f\u00e9rentiel de comp\u00e9tences &hellip;","og_url":"https:\/\/uhfp.centre-inffo.fr\/2023\/e4-59-at-rome-4-0-un-langage-partage-au-service-des-transitions\/","og_site_name":"18e Universit\u00e9 d&#039;Hiver de la Formation Professionnelle","article_publisher":"https:\/\/www.facebook.com\/centreinffo","article_modified_time":"2023-02-17T09:51:41+00:00","twitter_card":"summary_large_image","twitter_site":"@centreinffo","twitter_misc":{"Dur\u00e9e de lecture estim\u00e9e":"1 minute"},"schema":{"@context":"https:\/\/schema.org","@graph":[{"@type":"WebPage","@id":"https:\/\/uhfp.centre-inffo.fr\/2023\/e4-59-at-rome-4-0-un-langage-partage-au-service-des-transitions\/","url":"https:\/\/uhfp.centre-inffo.fr\/2023\/e4-59-at-rome-4-0-un-langage-partage-au-service-des-transitions\/","name":"E4.59 AT : ROME 4.0 : un langage partag\u00e9 au service des transitions - 18e Universit\u00e9 d&#039;Hiver de la Formation Professionnelle","isPartOf":{"@id":"https:\/\/uhfp.centre-inffo.fr\/2023\/#website"},"datePublished":"2022-12-27T18:45:38+00:00","dateModified":"2023-02-17T09:51:41+00:00","breadcrumb":{"@id":"https:\/\/uhfp.centre-inffo.fr\/2023\/e4-59-at-rome-4-0-un-langage-partage-au-service-des-transitions\/#breadcrumb"},"inLanguage":"fr-FR","potentialAction":[{"@type":"ReadAction","target":["https:\/\/uhfp.centre-inffo.fr\/2023\/e4-59-at-rome-4-0-un-langage-partage-au-service-des-transitions\/"]}]},{"@type":"BreadcrumbList","@id":"https:\/\/uhfp.centre-inffo.fr\/2023\/e4-59-at-rome-4-0-un-langage-partage-au-service-des-transitions\/#breadcrumb","itemListElement":[{"@type":"ListItem","position":1,"name":"Accueil","item":"https:\/\/uhfp.centre-inffo.fr\/2023\/"},{"@type":"ListItem","position":2,"name":"Programme","item":"https:\/\/uhfp.centre-inffo.fr\/2023\/rubrique\/programme\/"},{"@type":"ListItem","position":3,"name":"E4.59 AT : ROME 4.0 : un langage partag\u00e9 au service des transitions"}]},{"@type":"WebSite","@id":"https:\/\/uhfp.centre-inffo.fr\/2023\/#website","url":"https:\/\/uhfp.centre-inffo.fr\/2023\/","name":"18e Universit\u00e9 d&#039;Hiver de la Formation Professionnelle","description":"Comp\u00e9tences 2030 : r\u00e9ussir ensemble les transitions ! - Du 25 au 27 janvier 2023, \u00e0 Cannes","publisher":{"@id":"https:\/\/uhfp.centre-inffo.fr\/2023\/#organization"},"potentialAction":[{"@type":"SearchAction","target":{"@type":"EntryPoint","urlTemplate":"https:\/\/uhfp.centre-inffo.fr\/2023\/?s={search_term_string}"},"query-input":"required name=search_term_string"}],"inLanguage":"fr-FR"},{"@type":"Organization","@id":"https:\/\/uhfp.centre-inffo.fr\/2023\/#organization","name":"Centre Inffo","url":"https:\/\/uhfp.centre-inffo.fr\/2023\/","logo":{"@type":"ImageObject","inLanguage":"fr-FR","@id":"https:\/\/uhfp.centre-inffo.fr\/2023\/#\/schema\/logo\/image\/","url":"","contentUrl":"","caption":"Centre Inffo"},"image":{"@id":"https:\/\/uhfp.centre-inffo.fr\/2023\/#\/schema\/logo\/image\/"},"sameAs":["https:\/\/www.facebook.com\/centreinffo","https:\/\/twitter.com\/centreinffo","https:\/\/www.linkedin.com\/company\/centre-inffo\/","https:\/\/www.youtube.com\/user\/centreinffo"]}]}},"_links":{"self":[{"href":"https:\/\/uhfp.centre-inffo.fr\/2023\/wp-json\/wp\/v2\/pages\/3509"}],"collection":[{"href":"https:\/\/uhfp.centre-inffo.fr\/2023\/wp-json\/wp\/v2\/pages"}],"about":[{"href":"https:\/\/uhfp.centre-inffo.fr\/2023\/wp-json\/wp\/v2\/types\/page"}],"author":[{"embeddable":true,"href":"https:\/\/uhfp.centre-inffo.fr\/2023\/wp-json\/wp\/v2\/users\/2"}],"replies":[{"embeddable":true,"href":"https:\/\/uhfp.centre-inffo.fr\/2023\/wp-json\/wp\/v2\/comments?post=3509"}],"version-history":[{"count":4,"href":"https:\/\/uhfp.centre-inffo.fr\/2023\/wp-json\/wp\/v2\/pages\/3509\/revisions"}],"predecessor-version":[{"id":6162,"href":"https:\/\/uhfp.centre-inffo.fr\/2023\/wp-json\/wp\/v2\/pages\/3509\/revisions\/6162"}],"wp:attachment":[{"href":"https:\/\/uhfp.centre-inffo.fr\/2023\/wp-json\/wp\/v2\/media?parent=3509"}],"wp:term":[{"taxonomy":"category","embeddable":true,"href":"https:\/\/uhfp.centre-inffo.fr\/2023\/wp-json\/wp\/v2\/categories?post=3509"},{"taxonomy":"post_tag","embeddable":true,"href":"https:\/\/uhfp.centre-inffo.fr\/2023\/wp-json\/wp\/v2\/tags?post=3509"},{"taxonomy":"wf_page_folders","embeddable":true,"href":"https:\/\/uhfp.centre-inffo.fr\/2023\/wp-json\/wp\/v2\/wf_page_folders?post=3509"}],"curies":[{"name":"wp","href":"https:\/\/api.w.org\/{rel}","templated":true}]}}