{"id":3511,"date":"2022-12-27T19:47:53","date_gmt":"2022-12-27T18:47:53","guid":{"rendered":"https:\/\/uhfp.centre-inffo.fr\/2023\/?page_id=3511"},"modified":"2023-01-10T15:10:53","modified_gmt":"2023-01-10T14:10:53","slug":"e4-64-at-illettrisme-en-entreprise-initier-des-parcours-de-competences","status":"publish","type":"page","link":"https:\/\/uhfp.centre-inffo.fr\/2023\/e4-64-at-illettrisme-en-entreprise-initier-des-parcours-de-competences\/","title":{"rendered":"E4.64 AT : Illettrisme en entreprise : initier des parcours de comp\u00e9tences"},"content":{"rendered":"<p>Avec les moyens du Plan d\u2019investissement dans les comp\u00e9tences, l\u2019ANLCI a men\u00e9 un projet pilote associant 11 entreprises de taille tr\u00e8s diff\u00e9rentes qui souhaitaient d\u00e9velopper les comp\u00e9tences de base de leurs salari\u00e9s. Les entreprises partenaires sensibilis\u00e9es gr\u00e2ce \u00e0 l\u2019outil Ev@gill (Sodexo, Burger King, Disneyland Paris, \u2026) ont \u00e9t\u00e9 solidement accompagn\u00e9es dans la mise en place d\u2019un plan de formation de base pour leurs salari\u00e9s en situation d\u2019illettrisme.<\/p>\n<p>Ce programme a permis de mettre en lumi\u00e8re les leviers sur lesquels l\u2019entreprise peut s\u2019appuyer pour mettre en place des solutions de formation, mais aussi les freins, les obstacles, et la mani\u00e8re de les franchir pour pouvoir agir. L&rsquo;atelier proposera l&rsquo;acc\u00e8s au service Ev@gill et apportera le t\u00e9moignage d&rsquo;entreprises impliqu\u00e9es dans le projet, qui analyseront leurs principes d\u2019action.<\/p>\n<h3>Objectifs p\u00e9dagogiques<\/h3>\n<ul>\n<li>Partager l&rsquo;acc\u00e8s au service Ev@gill<\/li>\n<li>Identifier les cl\u00e9s de r\u00e9ussite et points de vigilance d&rsquo;une action de formation de base pour les salari\u00e9s confront\u00e9s \u00e0 l&rsquo;illettrisme.<\/li>\n<\/ul>\n<h3>Intervenants<\/h3>\n<ul>\n<li><a href=\"\/2023\/fernandez\/\">Herv\u00e9 Fernandez<\/a> &#8211; Directeur ANLCI &#8211; Evagil<\/li>\n<\/ul>\n","protected":false},"excerpt":{"rendered":"<p>Avec les moyens du Plan d\u2019investissement dans les comp\u00e9tences, l\u2019ANLCI a men\u00e9 un projet pilote associant 11 entreprises de taille tr\u00e8s diff\u00e9rentes qui souhaitaient d\u00e9velopper les comp\u00e9tences de base de &hellip; <\/p>\n","protected":false},"author":2,"featured_media":0,"parent":0,"menu_order":0,"comment_status":"closed","ping_status":"closed","template":"","meta":[],"categories":[38,41],"tags":[],"wf_page_folders":[88],"acf":[],"yoast_head":"<!-- This site is optimized with the Yoast SEO plugin v20.3 - https:\/\/yoast.com\/wordpress\/plugins\/seo\/ -->\n<title>E4.64 AT : Illettrisme en entreprise : initier des parcours de comp\u00e9tences - 18e Universit\u00e9 d&#039;Hiver de la Formation Professionnelle<\/title>\n<meta name=\"robots\" content=\"index, follow, max-snippet:-1, max-image-preview:large, max-video-preview:-1\" \/>\n<link rel=\"canonical\" href=\"https:\/\/uhfp.centre-inffo.fr\/2023\/e4-64-at-illettrisme-en-entreprise-initier-des-parcours-de-competences\/\" \/>\n<meta property=\"og:locale\" content=\"fr_FR\" \/>\n<meta property=\"og:type\" content=\"article\" \/>\n<meta property=\"og:title\" content=\"E4.64 AT : Illettrisme en entreprise : initier des parcours de comp\u00e9tences - 18e Universit\u00e9 d&#039;Hiver de la Formation Professionnelle\" \/>\n<meta property=\"og:description\" content=\"Avec les moyens du Plan d\u2019investissement dans les comp\u00e9tences, l\u2019ANLCI a men\u00e9 un projet pilote associant 11 entreprises de taille tr\u00e8s diff\u00e9rentes qui souhaitaient d\u00e9velopper les comp\u00e9tences de base de &hellip;\" \/>\n<meta property=\"og:url\" content=\"https:\/\/uhfp.centre-inffo.fr\/2023\/e4-64-at-illettrisme-en-entreprise-initier-des-parcours-de-competences\/\" \/>\n<meta property=\"og:site_name\" content=\"18e Universit\u00e9 d&#039;Hiver de la Formation Professionnelle\" \/>\n<meta property=\"article:publisher\" content=\"https:\/\/www.facebook.com\/centreinffo\" \/>\n<meta property=\"article:modified_time\" content=\"2023-01-10T14:10:53+00:00\" \/>\n<meta name=\"twitter:card\" content=\"summary_large_image\" \/>\n<meta name=\"twitter:site\" content=\"@centreinffo\" \/>\n<meta name=\"twitter:label1\" content=\"Dur\u00e9e de lecture estim\u00e9e\" \/>\n\t<meta name=\"twitter:data1\" content=\"1 minute\" \/>\n<script type=\"application\/ld+json\" class=\"yoast-schema-graph\">{\"@context\":\"https:\/\/schema.org\",\"@graph\":[{\"@type\":\"WebPage\",\"@id\":\"https:\/\/uhfp.centre-inffo.fr\/2023\/e4-64-at-illettrisme-en-entreprise-initier-des-parcours-de-competences\/\",\"url\":\"https:\/\/uhfp.centre-inffo.fr\/2023\/e4-64-at-illettrisme-en-entreprise-initier-des-parcours-de-competences\/\",\"name\":\"E4.64 AT : Illettrisme en entreprise : initier des parcours de comp\u00e9tences - 18e Universit\u00e9 d&#039;Hiver de la Formation Professionnelle\",\"isPartOf\":{\"@id\":\"https:\/\/uhfp.centre-inffo.fr\/2023\/#website\"},\"datePublished\":\"2022-12-27T18:47:53+00:00\",\"dateModified\":\"2023-01-10T14:10:53+00:00\",\"breadcrumb\":{\"@id\":\"https:\/\/uhfp.centre-inffo.fr\/2023\/e4-64-at-illettrisme-en-entreprise-initier-des-parcours-de-competences\/#breadcrumb\"},\"inLanguage\":\"fr-FR\",\"potentialAction\":[{\"@type\":\"ReadAction\",\"target\":[\"https:\/\/uhfp.centre-inffo.fr\/2023\/e4-64-at-illettrisme-en-entreprise-initier-des-parcours-de-competences\/\"]}]},{\"@type\":\"BreadcrumbList\",\"@id\":\"https:\/\/uhfp.centre-inffo.fr\/2023\/e4-64-at-illettrisme-en-entreprise-initier-des-parcours-de-competences\/#breadcrumb\",\"itemListElement\":[{\"@type\":\"ListItem\",\"position\":1,\"name\":\"Accueil\",\"item\":\"https:\/\/uhfp.centre-inffo.fr\/2023\/\"},{\"@type\":\"ListItem\",\"position\":2,\"name\":\"Programme\",\"item\":\"https:\/\/uhfp.centre-inffo.fr\/2023\/rubrique\/programme\/\"},{\"@type\":\"ListItem\",\"position\":3,\"name\":\"E4.64 AT : Illettrisme en entreprise : initier des parcours de comp\u00e9tences\"}]},{\"@type\":\"WebSite\",\"@id\":\"https:\/\/uhfp.centre-inffo.fr\/2023\/#website\",\"url\":\"https:\/\/uhfp.centre-inffo.fr\/2023\/\",\"name\":\"18e Universit\u00e9 d&#039;Hiver de la Formation Professionnelle\",\"description\":\"Comp\u00e9tences 2030 : r\u00e9ussir ensemble les transitions ! - Du 25 au 27 janvier 2023, \u00e0 Cannes\",\"publisher\":{\"@id\":\"https:\/\/uhfp.centre-inffo.fr\/2023\/#organization\"},\"potentialAction\":[{\"@type\":\"SearchAction\",\"target\":{\"@type\":\"EntryPoint\",\"urlTemplate\":\"https:\/\/uhfp.centre-inffo.fr\/2023\/?s={search_term_string}\"},\"query-input\":\"required name=search_term_string\"}],\"inLanguage\":\"fr-FR\"},{\"@type\":\"Organization\",\"@id\":\"https:\/\/uhfp.centre-inffo.fr\/2023\/#organization\",\"name\":\"Centre Inffo\",\"url\":\"https:\/\/uhfp.centre-inffo.fr\/2023\/\",\"logo\":{\"@type\":\"ImageObject\",\"inLanguage\":\"fr-FR\",\"@id\":\"https:\/\/uhfp.centre-inffo.fr\/2023\/#\/schema\/logo\/image\/\",\"url\":\"\",\"contentUrl\":\"\",\"caption\":\"Centre Inffo\"},\"image\":{\"@id\":\"https:\/\/uhfp.centre-inffo.fr\/2023\/#\/schema\/logo\/image\/\"},\"sameAs\":[\"https:\/\/www.facebook.com\/centreinffo\",\"https:\/\/twitter.com\/centreinffo\",\"https:\/\/www.linkedin.com\/company\/centre-inffo\/\",\"https:\/\/www.youtube.com\/user\/centreinffo\"]}]}<\/script>\n<!-- \/ Yoast SEO plugin. -->","yoast_head_json":{"title":"E4.64 AT : Illettrisme en entreprise : initier des parcours de comp\u00e9tences - 18e Universit\u00e9 d&#039;Hiver de la Formation Professionnelle","robots":{"index":"index","follow":"follow","max-snippet":"max-snippet:-1","max-image-preview":"max-image-preview:large","max-video-preview":"max-video-preview:-1"},"canonical":"https:\/\/uhfp.centre-inffo.fr\/2023\/e4-64-at-illettrisme-en-entreprise-initier-des-parcours-de-competences\/","og_locale":"fr_FR","og_type":"article","og_title":"E4.64 AT : Illettrisme en entreprise : initier des parcours de comp\u00e9tences - 18e Universit\u00e9 d&#039;Hiver de la Formation Professionnelle","og_description":"Avec les moyens du Plan d\u2019investissement dans les comp\u00e9tences, l\u2019ANLCI a men\u00e9 un projet pilote associant 11 entreprises de taille tr\u00e8s diff\u00e9rentes qui souhaitaient d\u00e9velopper les comp\u00e9tences de base de &hellip;","og_url":"https:\/\/uhfp.centre-inffo.fr\/2023\/e4-64-at-illettrisme-en-entreprise-initier-des-parcours-de-competences\/","og_site_name":"18e Universit\u00e9 d&#039;Hiver de la Formation Professionnelle","article_publisher":"https:\/\/www.facebook.com\/centreinffo","article_modified_time":"2023-01-10T14:10:53+00:00","twitter_card":"summary_large_image","twitter_site":"@centreinffo","twitter_misc":{"Dur\u00e9e de lecture estim\u00e9e":"1 minute"},"schema":{"@context":"https:\/\/schema.org","@graph":[{"@type":"WebPage","@id":"https:\/\/uhfp.centre-inffo.fr\/2023\/e4-64-at-illettrisme-en-entreprise-initier-des-parcours-de-competences\/","url":"https:\/\/uhfp.centre-inffo.fr\/2023\/e4-64-at-illettrisme-en-entreprise-initier-des-parcours-de-competences\/","name":"E4.64 AT : Illettrisme en entreprise : initier des parcours de comp\u00e9tences - 18e Universit\u00e9 d&#039;Hiver de la Formation Professionnelle","isPartOf":{"@id":"https:\/\/uhfp.centre-inffo.fr\/2023\/#website"},"datePublished":"2022-12-27T18:47:53+00:00","dateModified":"2023-01-10T14:10:53+00:00","breadcrumb":{"@id":"https:\/\/uhfp.centre-inffo.fr\/2023\/e4-64-at-illettrisme-en-entreprise-initier-des-parcours-de-competences\/#breadcrumb"},"inLanguage":"fr-FR","potentialAction":[{"@type":"ReadAction","target":["https:\/\/uhfp.centre-inffo.fr\/2023\/e4-64-at-illettrisme-en-entreprise-initier-des-parcours-de-competences\/"]}]},{"@type":"BreadcrumbList","@id":"https:\/\/uhfp.centre-inffo.fr\/2023\/e4-64-at-illettrisme-en-entreprise-initier-des-parcours-de-competences\/#breadcrumb","itemListElement":[{"@type":"ListItem","position":1,"name":"Accueil","item":"https:\/\/uhfp.centre-inffo.fr\/2023\/"},{"@type":"ListItem","position":2,"name":"Programme","item":"https:\/\/uhfp.centre-inffo.fr\/2023\/rubrique\/programme\/"},{"@type":"ListItem","position":3,"name":"E4.64 AT : Illettrisme en entreprise : initier des parcours de comp\u00e9tences"}]},{"@type":"WebSite","@id":"https:\/\/uhfp.centre-inffo.fr\/2023\/#website","url":"https:\/\/uhfp.centre-inffo.fr\/2023\/","name":"18e Universit\u00e9 d&#039;Hiver de la Formation Professionnelle","description":"Comp\u00e9tences 2030 : r\u00e9ussir ensemble les transitions ! - Du 25 au 27 janvier 2023, \u00e0 Cannes","publisher":{"@id":"https:\/\/uhfp.centre-inffo.fr\/2023\/#organization"},"potentialAction":[{"@type":"SearchAction","target":{"@type":"EntryPoint","urlTemplate":"https:\/\/uhfp.centre-inffo.fr\/2023\/?s={search_term_string}"},"query-input":"required name=search_term_string"}],"inLanguage":"fr-FR"},{"@type":"Organization","@id":"https:\/\/uhfp.centre-inffo.fr\/2023\/#organization","name":"Centre Inffo","url":"https:\/\/uhfp.centre-inffo.fr\/2023\/","logo":{"@type":"ImageObject","inLanguage":"fr-FR","@id":"https:\/\/uhfp.centre-inffo.fr\/2023\/#\/schema\/logo\/image\/","url":"","contentUrl":"","caption":"Centre Inffo"},"image":{"@id":"https:\/\/uhfp.centre-inffo.fr\/2023\/#\/schema\/logo\/image\/"},"sameAs":["https:\/\/www.facebook.com\/centreinffo","https:\/\/twitter.com\/centreinffo","https:\/\/www.linkedin.com\/company\/centre-inffo\/","https:\/\/www.youtube.com\/user\/centreinffo"]}]}},"_links":{"self":[{"href":"https:\/\/uhfp.centre-inffo.fr\/2023\/wp-json\/wp\/v2\/pages\/3511"}],"collection":[{"href":"https:\/\/uhfp.centre-inffo.fr\/2023\/wp-json\/wp\/v2\/pages"}],"about":[{"href":"https:\/\/uhfp.centre-inffo.fr\/2023\/wp-json\/wp\/v2\/types\/page"}],"author":[{"embeddable":true,"href":"https:\/\/uhfp.centre-inffo.fr\/2023\/wp-json\/wp\/v2\/users\/2"}],"replies":[{"embeddable":true,"href":"https:\/\/uhfp.centre-inffo.fr\/2023\/wp-json\/wp\/v2\/comments?post=3511"}],"version-history":[{"count":5,"href":"https:\/\/uhfp.centre-inffo.fr\/2023\/wp-json\/wp\/v2\/pages\/3511\/revisions"}],"predecessor-version":[{"id":4725,"href":"https:\/\/uhfp.centre-inffo.fr\/2023\/wp-json\/wp\/v2\/pages\/3511\/revisions\/4725"}],"wp:attachment":[{"href":"https:\/\/uhfp.centre-inffo.fr\/2023\/wp-json\/wp\/v2\/media?parent=3511"}],"wp:term":[{"taxonomy":"category","embeddable":true,"href":"https:\/\/uhfp.centre-inffo.fr\/2023\/wp-json\/wp\/v2\/categories?post=3511"},{"taxonomy":"post_tag","embeddable":true,"href":"https:\/\/uhfp.centre-inffo.fr\/2023\/wp-json\/wp\/v2\/tags?post=3511"},{"taxonomy":"wf_page_folders","embeddable":true,"href":"https:\/\/uhfp.centre-inffo.fr\/2023\/wp-json\/wp\/v2\/wf_page_folders?post=3511"}],"curies":[{"name":"wp","href":"https:\/\/api.w.org\/{rel}","templated":true}]}}