{"id":4050,"date":"2022-12-11T03:50:26","date_gmt":"2022-12-11T02:50:26","guid":{"rendered":"https:\/\/uhfp.centre-inffo.fr\/2023\/?page_id=4050"},"modified":"2023-01-04T14:04:23","modified_gmt":"2023-01-04T13:04:23","slug":"bismuth","status":"publish","type":"page","link":"https:\/\/uhfp.centre-inffo.fr\/2023\/bismuth\/","title":{"rendered":"Bismuth"},"content":{"rendered":"<p><strong>Coach corporate senior \/ <\/strong><strong>Superviseur certifi\u00e9\u00a0\u00a0\u00a0\u00a0\u00a0\u00a0 <\/strong><\/p>\n<p>Pr\u00e9sident de la commission recherche de l\u2019EMCC (f\u00e9d\u00e9ration de coach)<br \/>\nMembre du chercheur collectif de SOL, Society Of Learning (association pour le d\u00e9veloppement de l\u2019entreprise apprenante)<\/p>\n<h4>Domaines d\u2019Expertise<\/h4>\n<ul>\n<li>Formateur AFEST<\/li>\n<li>Supervision de coach, de manager et de formateurs<\/li>\n<li>Accompagnement des entreprises \u00e0 la mise en place des d\u00e9marches d\u2019organisation apprenante<\/li>\n<li>Coaching corporate<\/li>\n<li>Formation de coach et de superviseur<\/li>\n<li>Audit et recherche<\/li>\n<li>Cr\u00e9ateur des groupes de coprofessionnalisation\u00a9<\/li>\n<\/ul>\n<h4>Formations, dipl\u00f4mes et certifications<\/h4>\n<ul>\n<li>Master II CNAM formation des adultes<\/li>\n<li>Master PNL<\/li>\n<li>Hypnose Ericksonnienne<\/li>\n<li>Coach certifi\u00e9<\/li>\n<li>Superviseur certifi\u00e9<\/li>\n<\/ul>\n<h4>Articles<\/h4>\n<ul>\n<li><strong>Faire de son entreprise une organisation apprenante<br \/>\n<\/strong><a href=\"https:\/\/www.linkedin.com\/pulse\/faire-de-son-entreprise-une-organisation-apprenante-denis-bismuth\/?published=t\">https:\/\/www.linkedin.com\/pulse\/faire-de-son-entreprise-une-organisation-apprenante-denis-bismuth\/?published=t<\/a><\/li>\n<li><strong>La supervision des pratiques professionnelles<br \/>\n<\/strong><a href=\"http:\/\/denisbismuth.over-blog.com\/2019\/04\/la-supervision-des-pratiques-professionnelles.html\">http:\/\/denisbismuth.over-blog.com\/2019\/04\/la-supervision-des-pratiques-professionnelles.html<\/a><\/li>\n<li><strong>Supervision professionnalisation et professionnalit\u00e9.<br \/>\n<\/strong><a href=\"http:\/\/la-recherche-emcc.over-blog.com\/2019\/07\/supervision-professionnalisation-et-professionnalite.html\">http:\/\/la-recherche-emcc.over-blog.com\/2019\/07\/supervision-professionnalisation-et-professionnalite.html<\/a><\/li>\n<li><strong>L\u2019h\u00f4pital apprenant<br \/>\n<\/strong><a href=\"https:\/\/managersante.com\/2020\/08\/21\/l-hopital-apprenant-la-solution-en-situation-de-crise-le-changement-organisationnel-partie-1-par-denis-bismuth\/\">https:\/\/managersante.com\/2020\/08\/21\/l-hopital-apprenant-la-solution-en-situation-de-crise-le-changement-organisationnel-partie-1-par-denis-bismuth\/<\/a><\/li>\n<li><strong>La formation\u00a0: une r\u00e9volution silencieuse.<br \/>\n<\/strong><a href=\"https:\/\/www.linkedin.com\/pulse\/la-formation-une-r\u00e9volution-silencieuse-denis-bismuth\/?published=t\">https:\/\/www.linkedin.com\/pulse\/la-formation-une-r\u00e9volution-silencieuse-denis-bismuth\/?published=t<\/a><\/li>\n<li><strong>A quoi servent les modes manag\u00e9riales\u00a0?<br \/>\n<\/strong><a href=\"https:\/\/www.linkedin.com\/pulse\/quoi-servent-les-modes-manag%C3%A9riales-denis-bismuth\/\">https:\/\/www.linkedin.com\/pulse\/quoi-servent-les-modes-manag%C3%A9riales-denis-bismuth\/<\/a><\/li>\n<li><strong>Peut-on repenser le travail pour d\u00e9velopper l\u2019adaptabilit\u00e9 des structures de sant\u00e9 ?<\/strong><br \/>\n<a href=\"https:\/\/managersante.com\/2021\/01\/08\/peut-on-repenser-le-travail-pour-developper-ladaptabilite-des-institutions-de-sante-denis-bismuth-nous-en-parle\/\">https:\/\/managersante.com\/2021\/01\/08\/peut-on-repenser-le-travail-pour-developper-ladaptabilite-des-institutions-de-sante-denis-bismuth-nous-en-parle\/<\/a><\/li>\n<li><strong>Gestion des conflits en entreprise\u00a0: conflit de valeur ou conflit d\u2019usage\u00a0?<br \/>\n<\/strong><a href=\"https:\/\/www.linkedin.com\/pulse\/la-gestion-des-conflits-en-entreprise-conflit-de-valeurs-bismuth\/\">https:\/\/www.linkedin.com\/pulse\/la-gestion-des-conflits-en-entreprise-conflit-de-valeurs-bismuth\/<\/a><\/li>\n<li><strong>Vers un nouveau contrat de travail : le contrat d\u2019autonomie<br \/>\n<\/strong><a href=\"http:\/\/www.hbrfrance.fr\/chroniques-experts\/2016\/09\/12075-vers-un-nouveau-contrat-de-travail-le-contrat-dautonomie\/\">http:\/\/www.hbrfrance.fr\/chroniques-experts\/2016\/09\/12075-vers-un-nouveau-contrat-de-travail-le-contrat-dautonomie\/<\/a><\/li>\n<li><strong>Recruter dans un monde qui change.<br \/>\n<\/strong><a href=\"https:\/\/www.linkedin.com\/pulse\/recruter-dans-un-monde-qui-change-denis-bismuth?trk=hp-feed-article-title-comment\">https:\/\/www.linkedin.com\/pulse\/recruter-dans-un-monde-qui-change-denis-bismuth?trk=hp-feed-article-title-comment<\/a><\/li>\n<li><strong>Charge mentale, responsabilisation et engagement<br \/>\n<\/strong><a href=\"https:\/\/www.linkedin.com\/pulse\/charge-mentale-responsabilisation-engagement-denis-bismuth?trk=mp-reader-card\">https:\/\/www.linkedin.com\/pulse\/charge-mentale-responsabilisation-engagement-denis-bismuth?trk=mp-reader-card<\/a><\/li>\n<\/ul>\n<h3>Intervention<\/h3>\n<ul>\n<li><a href=\"https:\/\/uhfp.centre-inffo.fr\/2023\/a4-7-at-favoriser-les-apprentissages-de-demain-par-une-organisation-apprenante\/\">A4.7 AT Favoriser les apprentissages de demain par une organisation apprenante<\/a><\/li>\n<\/ul>\n","protected":false},"excerpt":{"rendered":"<p>Coach corporate senior \/ Superviseur certifi\u00e9\u00a0\u00a0\u00a0\u00a0\u00a0\u00a0 Pr\u00e9sident de la commission recherche de l\u2019EMCC (f\u00e9d\u00e9ration de coach) Membre du chercheur collectif de SOL, Society Of Learning (association pour le d\u00e9veloppement de &hellip; <\/p>\n","protected":false},"author":2,"featured_media":4247,"parent":0,"menu_order":0,"comment_status":"closed","ping_status":"closed","template":"","meta":[],"categories":[6],"tags":[],"wf_page_folders":[92],"acf":[],"yoast_head":"<!-- This site is optimized with the Yoast SEO plugin v20.3 - https:\/\/yoast.com\/wordpress\/plugins\/seo\/ -->\n<title>Bismuth - 18e Universit\u00e9 d&#039;Hiver de la Formation Professionnelle<\/title>\n<meta name=\"robots\" content=\"index, follow, max-snippet:-1, max-image-preview:large, max-video-preview:-1\" \/>\n<link rel=\"canonical\" href=\"https:\/\/uhfp.centre-inffo.fr\/2023\/bismuth\/\" \/>\n<meta property=\"og:locale\" content=\"fr_FR\" \/>\n<meta property=\"og:type\" content=\"article\" \/>\n<meta property=\"og:title\" content=\"Bismuth - 18e Universit\u00e9 d&#039;Hiver de la Formation Professionnelle\" \/>\n<meta property=\"og:description\" content=\"Coach corporate senior \/ Superviseur certifi\u00e9\u00a0\u00a0\u00a0\u00a0\u00a0\u00a0 Pr\u00e9sident de la commission recherche de l\u2019EMCC (f\u00e9d\u00e9ration de coach) Membre du chercheur collectif de SOL, Society Of Learning (association pour le d\u00e9veloppement de &hellip;\" \/>\n<meta property=\"og:url\" content=\"https:\/\/uhfp.centre-inffo.fr\/2023\/bismuth\/\" \/>\n<meta property=\"og:site_name\" content=\"18e Universit\u00e9 d&#039;Hiver de la Formation Professionnelle\" \/>\n<meta property=\"article:publisher\" content=\"https:\/\/www.facebook.com\/centreinffo\" \/>\n<meta property=\"article:modified_time\" content=\"2023-01-04T13:04:23+00:00\" \/>\n<meta property=\"og:image\" content=\"https:\/\/uhfp.centre-inffo.fr\/2023\/wp-content\/uploads\/2023\/01\/bismuth.jpg\" \/>\n\t<meta property=\"og:image:width\" content=\"800\" \/>\n\t<meta property=\"og:image:height\" content=\"800\" \/>\n\t<meta property=\"og:image:type\" content=\"image\/jpeg\" \/>\n<meta name=\"twitter:card\" content=\"summary_large_image\" \/>\n<meta name=\"twitter:site\" content=\"@centreinffo\" \/>\n<meta name=\"twitter:label1\" content=\"Dur\u00e9e de lecture estim\u00e9e\" \/>\n\t<meta name=\"twitter:data1\" content=\"1 minute\" \/>\n<script type=\"application\/ld+json\" class=\"yoast-schema-graph\">{\"@context\":\"https:\/\/schema.org\",\"@graph\":[{\"@type\":\"WebPage\",\"@id\":\"https:\/\/uhfp.centre-inffo.fr\/2023\/bismuth\/\",\"url\":\"https:\/\/uhfp.centre-inffo.fr\/2023\/bismuth\/\",\"name\":\"Bismuth - 18e Universit\u00e9 d&#039;Hiver de la Formation Professionnelle\",\"isPartOf\":{\"@id\":\"https:\/\/uhfp.centre-inffo.fr\/2023\/#website\"},\"datePublished\":\"2022-12-11T02:50:26+00:00\",\"dateModified\":\"2023-01-04T13:04:23+00:00\",\"breadcrumb\":{\"@id\":\"https:\/\/uhfp.centre-inffo.fr\/2023\/bismuth\/#breadcrumb\"},\"inLanguage\":\"fr-FR\",\"potentialAction\":[{\"@type\":\"ReadAction\",\"target\":[\"https:\/\/uhfp.centre-inffo.fr\/2023\/bismuth\/\"]}]},{\"@type\":\"BreadcrumbList\",\"@id\":\"https:\/\/uhfp.centre-inffo.fr\/2023\/bismuth\/#breadcrumb\",\"itemListElement\":[{\"@type\":\"ListItem\",\"position\":1,\"name\":\"Accueil\",\"item\":\"https:\/\/uhfp.centre-inffo.fr\/2023\/\"},{\"@type\":\"ListItem\",\"position\":2,\"name\":\"Intervenants\",\"item\":\"https:\/\/uhfp.centre-inffo.fr\/2023\/rubrique\/intervenants\/\"},{\"@type\":\"ListItem\",\"position\":3,\"name\":\"Bismuth\"}]},{\"@type\":\"WebSite\",\"@id\":\"https:\/\/uhfp.centre-inffo.fr\/2023\/#website\",\"url\":\"https:\/\/uhfp.centre-inffo.fr\/2023\/\",\"name\":\"18e Universit\u00e9 d&#039;Hiver de la Formation Professionnelle\",\"description\":\"Comp\u00e9tences 2030 : r\u00e9ussir ensemble les transitions ! - Du 25 au 27 janvier 2023, \u00e0 Cannes\",\"publisher\":{\"@id\":\"https:\/\/uhfp.centre-inffo.fr\/2023\/#organization\"},\"potentialAction\":[{\"@type\":\"SearchAction\",\"target\":{\"@type\":\"EntryPoint\",\"urlTemplate\":\"https:\/\/uhfp.centre-inffo.fr\/2023\/?s={search_term_string}\"},\"query-input\":\"required name=search_term_string\"}],\"inLanguage\":\"fr-FR\"},{\"@type\":\"Organization\",\"@id\":\"https:\/\/uhfp.centre-inffo.fr\/2023\/#organization\",\"name\":\"Centre Inffo\",\"url\":\"https:\/\/uhfp.centre-inffo.fr\/2023\/\",\"logo\":{\"@type\":\"ImageObject\",\"inLanguage\":\"fr-FR\",\"@id\":\"https:\/\/uhfp.centre-inffo.fr\/2023\/#\/schema\/logo\/image\/\",\"url\":\"\",\"contentUrl\":\"\",\"caption\":\"Centre Inffo\"},\"image\":{\"@id\":\"https:\/\/uhfp.centre-inffo.fr\/2023\/#\/schema\/logo\/image\/\"},\"sameAs\":[\"https:\/\/www.facebook.com\/centreinffo\",\"https:\/\/twitter.com\/centreinffo\",\"https:\/\/www.linkedin.com\/company\/centre-inffo\/\",\"https:\/\/www.youtube.com\/user\/centreinffo\"]}]}<\/script>\n<!-- \/ Yoast SEO plugin. -->","yoast_head_json":{"title":"Bismuth - 18e Universit\u00e9 d&#039;Hiver de la Formation Professionnelle","robots":{"index":"index","follow":"follow","max-snippet":"max-snippet:-1","max-image-preview":"max-image-preview:large","max-video-preview":"max-video-preview:-1"},"canonical":"https:\/\/uhfp.centre-inffo.fr\/2023\/bismuth\/","og_locale":"fr_FR","og_type":"article","og_title":"Bismuth - 18e Universit\u00e9 d&#039;Hiver de la Formation Professionnelle","og_description":"Coach corporate senior \/ Superviseur certifi\u00e9\u00a0\u00a0\u00a0\u00a0\u00a0\u00a0 Pr\u00e9sident de la commission recherche de l\u2019EMCC (f\u00e9d\u00e9ration de coach) Membre du chercheur collectif de SOL, Society Of Learning (association pour le d\u00e9veloppement de &hellip;","og_url":"https:\/\/uhfp.centre-inffo.fr\/2023\/bismuth\/","og_site_name":"18e Universit\u00e9 d&#039;Hiver de la Formation Professionnelle","article_publisher":"https:\/\/www.facebook.com\/centreinffo","article_modified_time":"2023-01-04T13:04:23+00:00","og_image":[{"width":800,"height":800,"url":"https:\/\/uhfp.centre-inffo.fr\/2023\/wp-content\/uploads\/2023\/01\/bismuth.jpg","type":"image\/jpeg"}],"twitter_card":"summary_large_image","twitter_site":"@centreinffo","twitter_misc":{"Dur\u00e9e de lecture estim\u00e9e":"1 minute"},"schema":{"@context":"https:\/\/schema.org","@graph":[{"@type":"WebPage","@id":"https:\/\/uhfp.centre-inffo.fr\/2023\/bismuth\/","url":"https:\/\/uhfp.centre-inffo.fr\/2023\/bismuth\/","name":"Bismuth - 18e Universit\u00e9 d&#039;Hiver de la Formation Professionnelle","isPartOf":{"@id":"https:\/\/uhfp.centre-inffo.fr\/2023\/#website"},"datePublished":"2022-12-11T02:50:26+00:00","dateModified":"2023-01-04T13:04:23+00:00","breadcrumb":{"@id":"https:\/\/uhfp.centre-inffo.fr\/2023\/bismuth\/#breadcrumb"},"inLanguage":"fr-FR","potentialAction":[{"@type":"ReadAction","target":["https:\/\/uhfp.centre-inffo.fr\/2023\/bismuth\/"]}]},{"@type":"BreadcrumbList","@id":"https:\/\/uhfp.centre-inffo.fr\/2023\/bismuth\/#breadcrumb","itemListElement":[{"@type":"ListItem","position":1,"name":"Accueil","item":"https:\/\/uhfp.centre-inffo.fr\/2023\/"},{"@type":"ListItem","position":2,"name":"Intervenants","item":"https:\/\/uhfp.centre-inffo.fr\/2023\/rubrique\/intervenants\/"},{"@type":"ListItem","position":3,"name":"Bismuth"}]},{"@type":"WebSite","@id":"https:\/\/uhfp.centre-inffo.fr\/2023\/#website","url":"https:\/\/uhfp.centre-inffo.fr\/2023\/","name":"18e Universit\u00e9 d&#039;Hiver de la Formation Professionnelle","description":"Comp\u00e9tences 2030 : r\u00e9ussir ensemble les transitions ! - Du 25 au 27 janvier 2023, \u00e0 Cannes","publisher":{"@id":"https:\/\/uhfp.centre-inffo.fr\/2023\/#organization"},"potentialAction":[{"@type":"SearchAction","target":{"@type":"EntryPoint","urlTemplate":"https:\/\/uhfp.centre-inffo.fr\/2023\/?s={search_term_string}"},"query-input":"required name=search_term_string"}],"inLanguage":"fr-FR"},{"@type":"Organization","@id":"https:\/\/uhfp.centre-inffo.fr\/2023\/#organization","name":"Centre Inffo","url":"https:\/\/uhfp.centre-inffo.fr\/2023\/","logo":{"@type":"ImageObject","inLanguage":"fr-FR","@id":"https:\/\/uhfp.centre-inffo.fr\/2023\/#\/schema\/logo\/image\/","url":"","contentUrl":"","caption":"Centre Inffo"},"image":{"@id":"https:\/\/uhfp.centre-inffo.fr\/2023\/#\/schema\/logo\/image\/"},"sameAs":["https:\/\/www.facebook.com\/centreinffo","https:\/\/twitter.com\/centreinffo","https:\/\/www.linkedin.com\/company\/centre-inffo\/","https:\/\/www.youtube.com\/user\/centreinffo"]}]}},"_links":{"self":[{"href":"https:\/\/uhfp.centre-inffo.fr\/2023\/wp-json\/wp\/v2\/pages\/4050"}],"collection":[{"href":"https:\/\/uhfp.centre-inffo.fr\/2023\/wp-json\/wp\/v2\/pages"}],"about":[{"href":"https:\/\/uhfp.centre-inffo.fr\/2023\/wp-json\/wp\/v2\/types\/page"}],"author":[{"embeddable":true,"href":"https:\/\/uhfp.centre-inffo.fr\/2023\/wp-json\/wp\/v2\/users\/2"}],"replies":[{"embeddable":true,"href":"https:\/\/uhfp.centre-inffo.fr\/2023\/wp-json\/wp\/v2\/comments?post=4050"}],"version-history":[{"count":9,"href":"https:\/\/uhfp.centre-inffo.fr\/2023\/wp-json\/wp\/v2\/pages\/4050\/revisions"}],"predecessor-version":[{"id":4250,"href":"https:\/\/uhfp.centre-inffo.fr\/2023\/wp-json\/wp\/v2\/pages\/4050\/revisions\/4250"}],"wp:featuredmedia":[{"embeddable":true,"href":"https:\/\/uhfp.centre-inffo.fr\/2023\/wp-json\/wp\/v2\/media\/4247"}],"wp:attachment":[{"href":"https:\/\/uhfp.centre-inffo.fr\/2023\/wp-json\/wp\/v2\/media?parent=4050"}],"wp:term":[{"taxonomy":"category","embeddable":true,"href":"https:\/\/uhfp.centre-inffo.fr\/2023\/wp-json\/wp\/v2\/categories?post=4050"},{"taxonomy":"post_tag","embeddable":true,"href":"https:\/\/uhfp.centre-inffo.fr\/2023\/wp-json\/wp\/v2\/tags?post=4050"},{"taxonomy":"wf_page_folders","embeddable":true,"href":"https:\/\/uhfp.centre-inffo.fr\/2023\/wp-json\/wp\/v2\/wf_page_folders?post=4050"}],"curies":[{"name":"wp","href":"https:\/\/api.w.org\/{rel}","templated":true}]}}