{"id":4339,"date":"2023-01-04T16:28:46","date_gmt":"2023-01-04T15:28:46","guid":{"rendered":"https:\/\/uhfp.centre-inffo.fr\/2023\/?page_id=4339"},"modified":"2023-02-06T16:15:21","modified_gmt":"2023-02-06T15:15:21","slug":"e2-62-at-cfa-et-innovations","status":"publish","type":"page","link":"https:\/\/uhfp.centre-inffo.fr\/2023\/e2-62-at-cfa-et-innovations\/","title":{"rendered":"E2.62 AT &#8211; CFA et innovations"},"content":{"rendered":"\n<div class=\"wp-block-buttons is-content-justification-center is-layout-flex wp-container-1\">\n<div class=\"wp-block-button\"><a class=\"wp-block-button__link wp-element-button\" href=\"\/2023\/wp-content\/uploads\/2023\/02\/E2.62-AT.pdf\">T\u00e9l\u00e9charger la pr\u00e9sentation (.pdf)<\/a><\/div>\n<\/div>\n\n\n\n<hr class=\"wp-block-separator has-alpha-channel-opacity\"\/>\n\n\n<p><span data-contrast=\"auto\">Plusieurs exp\u00e9riences\u202f: <\/span> <span data-ccp-props=\"{&quot;469777462&quot;:[3096],&quot;469777927&quot;:[0],&quot;469777928&quot;:[1]}\">\u00a0<\/span><span data-contrast=\"auto\">la place et les usages des modalit\u00e9s de formation immersives dans le monde de la formation aux m\u00e9tiers des secteurs du B\u00e2timent et des Travaux Publics.<\/span><span data-ccp-props=\"{}\">\u00a0<\/span><\/p>\n<h3>Objectifs p\u00e9dagogiques<\/h3>\n<ul>\n<li>Comprendre la notion de CFA \u00e0 partir de la r\u00e9forme de 2018<\/li>\n<li>D\u00e9couvrir l\u2019entreprise innovante cr\u00e9atrice de CFA<\/li>\n<li>D\u00e9finir comment l\u2019hybridation est un outil au service des CFA<\/li>\n<li>Identifier le r\u00f4le pr\u00e9pond\u00e9rant de l\u2019ing\u00e9nierie p\u00e9dagogique<\/li>\n<li>Comment financer les innovations<\/li>\n<\/ul>\n<h3>Intervenants<\/h3>\n<ul>\n<li><a href=\"\/2023\/carrier\/\">Mathieu Carrier<\/a> &#8211; Directeur Ing\u00e9nierie et Innovation, Atlas<\/li>\n<li>Olivier Kirsch<\/li>\n<li>Marc Poncin<\/li>\n<\/ul>\n<p><!--\n\n\n<ul>\n \t\n\n<li><a href=\"\/2023\/miche\/\">Pascal Mich\u00e9<\/a> - Responsable du p\u00f4le Ing\u00e9nierie et Innovation p\u00e9dagogique, CCCA-BTP<\/li>\n\n\n \t\n\n<li><a href=\"\/2023\/rivier\/\">Nicolas Rivier<\/a> - Directeur de l'Alternance &amp; de la Transformation, Opco Atlas<\/li>\n\n\n<\/ul>\n\n\n--><\/p>","protected":false},"excerpt":{"rendered":"<p>Plusieurs exp\u00e9riences\u202f: \u00a0la place et les usages des modalit\u00e9s de formation immersives dans le monde de la formation aux m\u00e9tiers des secteurs du B\u00e2timent et des Travaux Publics.\u00a0 Objectifs p\u00e9dagogiques &hellip; <\/p>\n","protected":false},"author":1,"featured_media":0,"parent":0,"menu_order":0,"comment_status":"closed","ping_status":"closed","template":"","meta":[],"categories":[38,41],"tags":[],"wf_page_folders":[87],"acf":[],"yoast_head":"<!-- This site is optimized with the Yoast SEO plugin v20.3 - https:\/\/yoast.com\/wordpress\/plugins\/seo\/ -->\n<title>E2.62 AT - CFA et innovations - 18e Universit\u00e9 d&#039;Hiver de la Formation Professionnelle<\/title>\n<meta name=\"robots\" content=\"index, follow, max-snippet:-1, max-image-preview:large, max-video-preview:-1\" \/>\n<link rel=\"canonical\" href=\"https:\/\/uhfp.centre-inffo.fr\/2023\/e2-62-at-cfa-et-innovations\/\" \/>\n<meta property=\"og:locale\" content=\"fr_FR\" \/>\n<meta property=\"og:type\" content=\"article\" \/>\n<meta property=\"og:title\" content=\"E2.62 AT - CFA et innovations - 18e Universit\u00e9 d&#039;Hiver de la Formation Professionnelle\" \/>\n<meta property=\"og:description\" content=\"Plusieurs exp\u00e9riences\u202f: \u00a0la place et les usages des modalit\u00e9s de formation immersives dans le monde de la formation aux m\u00e9tiers des secteurs du B\u00e2timent et des Travaux Publics.\u00a0 Objectifs p\u00e9dagogiques &hellip;\" \/>\n<meta property=\"og:url\" content=\"https:\/\/uhfp.centre-inffo.fr\/2023\/e2-62-at-cfa-et-innovations\/\" \/>\n<meta property=\"og:site_name\" content=\"18e Universit\u00e9 d&#039;Hiver de la Formation Professionnelle\" \/>\n<meta property=\"article:publisher\" content=\"https:\/\/www.facebook.com\/centreinffo\" \/>\n<meta property=\"article:modified_time\" content=\"2023-02-06T15:15:21+00:00\" \/>\n<meta name=\"twitter:card\" content=\"summary_large_image\" \/>\n<meta name=\"twitter:site\" content=\"@centreinffo\" \/>\n<meta name=\"twitter:label1\" content=\"Dur\u00e9e de lecture estim\u00e9e\" \/>\n\t<meta name=\"twitter:data1\" content=\"1 minute\" \/>\n<script type=\"application\/ld+json\" class=\"yoast-schema-graph\">{\"@context\":\"https:\/\/schema.org\",\"@graph\":[{\"@type\":\"WebPage\",\"@id\":\"https:\/\/uhfp.centre-inffo.fr\/2023\/e2-62-at-cfa-et-innovations\/\",\"url\":\"https:\/\/uhfp.centre-inffo.fr\/2023\/e2-62-at-cfa-et-innovations\/\",\"name\":\"E2.62 AT - CFA et innovations - 18e Universit\u00e9 d&#039;Hiver de la Formation Professionnelle\",\"isPartOf\":{\"@id\":\"https:\/\/uhfp.centre-inffo.fr\/2023\/#website\"},\"datePublished\":\"2023-01-04T15:28:46+00:00\",\"dateModified\":\"2023-02-06T15:15:21+00:00\",\"breadcrumb\":{\"@id\":\"https:\/\/uhfp.centre-inffo.fr\/2023\/e2-62-at-cfa-et-innovations\/#breadcrumb\"},\"inLanguage\":\"fr-FR\",\"potentialAction\":[{\"@type\":\"ReadAction\",\"target\":[\"https:\/\/uhfp.centre-inffo.fr\/2023\/e2-62-at-cfa-et-innovations\/\"]}]},{\"@type\":\"BreadcrumbList\",\"@id\":\"https:\/\/uhfp.centre-inffo.fr\/2023\/e2-62-at-cfa-et-innovations\/#breadcrumb\",\"itemListElement\":[{\"@type\":\"ListItem\",\"position\":1,\"name\":\"Accueil\",\"item\":\"https:\/\/uhfp.centre-inffo.fr\/2023\/\"},{\"@type\":\"ListItem\",\"position\":2,\"name\":\"Programme\",\"item\":\"https:\/\/uhfp.centre-inffo.fr\/2023\/rubrique\/programme\/\"},{\"@type\":\"ListItem\",\"position\":3,\"name\":\"Vendredi 27 janvier\",\"item\":\"https:\/\/uhfp.centre-inffo.fr\/2023\/rubrique\/programme\/vendredi-27-janvier\/\"},{\"@type\":\"ListItem\",\"position\":4,\"name\":\"E2.62 AT &#8211; CFA et innovations\"}]},{\"@type\":\"WebSite\",\"@id\":\"https:\/\/uhfp.centre-inffo.fr\/2023\/#website\",\"url\":\"https:\/\/uhfp.centre-inffo.fr\/2023\/\",\"name\":\"18e Universit\u00e9 d&#039;Hiver de la Formation Professionnelle\",\"description\":\"Comp\u00e9tences 2030 : r\u00e9ussir ensemble les transitions ! - Du 25 au 27 janvier 2023, \u00e0 Cannes\",\"publisher\":{\"@id\":\"https:\/\/uhfp.centre-inffo.fr\/2023\/#organization\"},\"potentialAction\":[{\"@type\":\"SearchAction\",\"target\":{\"@type\":\"EntryPoint\",\"urlTemplate\":\"https:\/\/uhfp.centre-inffo.fr\/2023\/?s={search_term_string}\"},\"query-input\":\"required name=search_term_string\"}],\"inLanguage\":\"fr-FR\"},{\"@type\":\"Organization\",\"@id\":\"https:\/\/uhfp.centre-inffo.fr\/2023\/#organization\",\"name\":\"Centre Inffo\",\"url\":\"https:\/\/uhfp.centre-inffo.fr\/2023\/\",\"logo\":{\"@type\":\"ImageObject\",\"inLanguage\":\"fr-FR\",\"@id\":\"https:\/\/uhfp.centre-inffo.fr\/2023\/#\/schema\/logo\/image\/\",\"url\":\"\",\"contentUrl\":\"\",\"caption\":\"Centre Inffo\"},\"image\":{\"@id\":\"https:\/\/uhfp.centre-inffo.fr\/2023\/#\/schema\/logo\/image\/\"},\"sameAs\":[\"https:\/\/www.facebook.com\/centreinffo\",\"https:\/\/twitter.com\/centreinffo\",\"https:\/\/www.linkedin.com\/company\/centre-inffo\/\",\"https:\/\/www.youtube.com\/user\/centreinffo\"]}]}<\/script>\n<!-- \/ Yoast SEO plugin. -->","yoast_head_json":{"title":"E2.62 AT - CFA et innovations - 18e Universit\u00e9 d&#039;Hiver de la Formation Professionnelle","robots":{"index":"index","follow":"follow","max-snippet":"max-snippet:-1","max-image-preview":"max-image-preview:large","max-video-preview":"max-video-preview:-1"},"canonical":"https:\/\/uhfp.centre-inffo.fr\/2023\/e2-62-at-cfa-et-innovations\/","og_locale":"fr_FR","og_type":"article","og_title":"E2.62 AT - CFA et innovations - 18e Universit\u00e9 d&#039;Hiver de la Formation Professionnelle","og_description":"Plusieurs exp\u00e9riences\u202f: \u00a0la place et les usages des modalit\u00e9s de formation immersives dans le monde de la formation aux m\u00e9tiers des secteurs du B\u00e2timent et des Travaux Publics.\u00a0 Objectifs p\u00e9dagogiques &hellip;","og_url":"https:\/\/uhfp.centre-inffo.fr\/2023\/e2-62-at-cfa-et-innovations\/","og_site_name":"18e Universit\u00e9 d&#039;Hiver de la Formation Professionnelle","article_publisher":"https:\/\/www.facebook.com\/centreinffo","article_modified_time":"2023-02-06T15:15:21+00:00","twitter_card":"summary_large_image","twitter_site":"@centreinffo","twitter_misc":{"Dur\u00e9e de lecture estim\u00e9e":"1 minute"},"schema":{"@context":"https:\/\/schema.org","@graph":[{"@type":"WebPage","@id":"https:\/\/uhfp.centre-inffo.fr\/2023\/e2-62-at-cfa-et-innovations\/","url":"https:\/\/uhfp.centre-inffo.fr\/2023\/e2-62-at-cfa-et-innovations\/","name":"E2.62 AT - CFA et innovations - 18e Universit\u00e9 d&#039;Hiver de la Formation Professionnelle","isPartOf":{"@id":"https:\/\/uhfp.centre-inffo.fr\/2023\/#website"},"datePublished":"2023-01-04T15:28:46+00:00","dateModified":"2023-02-06T15:15:21+00:00","breadcrumb":{"@id":"https:\/\/uhfp.centre-inffo.fr\/2023\/e2-62-at-cfa-et-innovations\/#breadcrumb"},"inLanguage":"fr-FR","potentialAction":[{"@type":"ReadAction","target":["https:\/\/uhfp.centre-inffo.fr\/2023\/e2-62-at-cfa-et-innovations\/"]}]},{"@type":"BreadcrumbList","@id":"https:\/\/uhfp.centre-inffo.fr\/2023\/e2-62-at-cfa-et-innovations\/#breadcrumb","itemListElement":[{"@type":"ListItem","position":1,"name":"Accueil","item":"https:\/\/uhfp.centre-inffo.fr\/2023\/"},{"@type":"ListItem","position":2,"name":"Programme","item":"https:\/\/uhfp.centre-inffo.fr\/2023\/rubrique\/programme\/"},{"@type":"ListItem","position":3,"name":"Vendredi 27 janvier","item":"https:\/\/uhfp.centre-inffo.fr\/2023\/rubrique\/programme\/vendredi-27-janvier\/"},{"@type":"ListItem","position":4,"name":"E2.62 AT &#8211; CFA et innovations"}]},{"@type":"WebSite","@id":"https:\/\/uhfp.centre-inffo.fr\/2023\/#website","url":"https:\/\/uhfp.centre-inffo.fr\/2023\/","name":"18e Universit\u00e9 d&#039;Hiver de la Formation Professionnelle","description":"Comp\u00e9tences 2030 : r\u00e9ussir ensemble les transitions ! - Du 25 au 27 janvier 2023, \u00e0 Cannes","publisher":{"@id":"https:\/\/uhfp.centre-inffo.fr\/2023\/#organization"},"potentialAction":[{"@type":"SearchAction","target":{"@type":"EntryPoint","urlTemplate":"https:\/\/uhfp.centre-inffo.fr\/2023\/?s={search_term_string}"},"query-input":"required name=search_term_string"}],"inLanguage":"fr-FR"},{"@type":"Organization","@id":"https:\/\/uhfp.centre-inffo.fr\/2023\/#organization","name":"Centre Inffo","url":"https:\/\/uhfp.centre-inffo.fr\/2023\/","logo":{"@type":"ImageObject","inLanguage":"fr-FR","@id":"https:\/\/uhfp.centre-inffo.fr\/2023\/#\/schema\/logo\/image\/","url":"","contentUrl":"","caption":"Centre Inffo"},"image":{"@id":"https:\/\/uhfp.centre-inffo.fr\/2023\/#\/schema\/logo\/image\/"},"sameAs":["https:\/\/www.facebook.com\/centreinffo","https:\/\/twitter.com\/centreinffo","https:\/\/www.linkedin.com\/company\/centre-inffo\/","https:\/\/www.youtube.com\/user\/centreinffo"]}]}},"_links":{"self":[{"href":"https:\/\/uhfp.centre-inffo.fr\/2023\/wp-json\/wp\/v2\/pages\/4339"}],"collection":[{"href":"https:\/\/uhfp.centre-inffo.fr\/2023\/wp-json\/wp\/v2\/pages"}],"about":[{"href":"https:\/\/uhfp.centre-inffo.fr\/2023\/wp-json\/wp\/v2\/types\/page"}],"author":[{"embeddable":true,"href":"https:\/\/uhfp.centre-inffo.fr\/2023\/wp-json\/wp\/v2\/users\/1"}],"replies":[{"embeddable":true,"href":"https:\/\/uhfp.centre-inffo.fr\/2023\/wp-json\/wp\/v2\/comments?post=4339"}],"version-history":[{"count":11,"href":"https:\/\/uhfp.centre-inffo.fr\/2023\/wp-json\/wp\/v2\/pages\/4339\/revisions"}],"predecessor-version":[{"id":6001,"href":"https:\/\/uhfp.centre-inffo.fr\/2023\/wp-json\/wp\/v2\/pages\/4339\/revisions\/6001"}],"wp:attachment":[{"href":"https:\/\/uhfp.centre-inffo.fr\/2023\/wp-json\/wp\/v2\/media?parent=4339"}],"wp:term":[{"taxonomy":"category","embeddable":true,"href":"https:\/\/uhfp.centre-inffo.fr\/2023\/wp-json\/wp\/v2\/categories?post=4339"},{"taxonomy":"post_tag","embeddable":true,"href":"https:\/\/uhfp.centre-inffo.fr\/2023\/wp-json\/wp\/v2\/tags?post=4339"},{"taxonomy":"wf_page_folders","embeddable":true,"href":"https:\/\/uhfp.centre-inffo.fr\/2023\/wp-json\/wp\/v2\/wf_page_folders?post=4339"}],"curies":[{"name":"wp","href":"https:\/\/api.w.org\/{rel}","templated":true}]}}