{"id":4485,"date":"2023-01-06T12:29:49","date_gmt":"2023-01-06T11:29:49","guid":{"rendered":"https:\/\/uhfp.centre-inffo.fr\/2023\/?page_id=4485"},"modified":"2023-02-06T16:08:15","modified_gmt":"2023-02-06T15:08:15","slug":"c4-32-at-soltea-le-nouveau-portail-du-solde-de-la-taxe-dapprentissage","status":"publish","type":"page","link":"https:\/\/uhfp.centre-inffo.fr\/2023\/c4-32-at-soltea-le-nouveau-portail-du-solde-de-la-taxe-dapprentissage\/","title":{"rendered":"C4.32 AT &#8211; SOLT\u00e9A, le nouveau portail du solde de la taxe d\u2019apprentissage"},"content":{"rendered":"\n<div class=\"wp-block-buttons is-content-justification-center is-layout-flex wp-container-1\">\n<div class=\"wp-block-button\"><a class=\"wp-block-button__link wp-element-button\" href=\"\/2023\/wp-content\/uploads\/2023\/02\/C4.32-AT.pdf\">T\u00e9l\u00e9charger la pr\u00e9sentation (.pdf)<\/a><\/div>\n<\/div>\n\n\n\n<hr class=\"wp-block-separator has-alpha-channel-opacity\"\/>\n\n\n<h3>Objectifs p\u00e9dagogiques<\/h3>\n<ul>\n<li>Comprendre le fonctionnement et les objectifs de SOLT\u00e9A, nouveau portail du solde de la taxe d&rsquo;apprentissage<\/li>\n<li>D\u00e9couvrir les parcours \u00e9tablissement et parcours employeur par le biais de maquettes dynamiques<\/li>\n<\/ul>\n<h3>Intervenants<\/h3>\n<ul>\n<li><a href=\"\/2023\/belanger\/\">S\u00e9gol\u00e8ne &#8211; Belanger<\/a> &#8211; Caisse des d\u00e9p\u00f4ts &#8211; Direction de la formation professionnelle<\/li>\n<li><a href=\"\/2023\/brivet\/\">Philippe Brivet<\/a> &#8211; Directeur de projets partenariats, Caisse des d\u00e9p\u00f4ts &#8211; Direction de la formation professionnelle<\/li>\n<li>Carine Garchery &#8211; Caisse des d\u00e9p\u00f4ts-Direction de la formation professionnelle<\/li>\n<\/ul>","protected":false},"excerpt":{"rendered":"<p>Objectifs p\u00e9dagogiques Comprendre le fonctionnement et les objectifs de SOLT\u00e9A, nouveau portail du solde de la taxe d&rsquo;apprentissage D\u00e9couvrir les parcours \u00e9tablissement et parcours employeur par le biais de maquettes &hellip; <\/p>\n","protected":false},"author":1,"featured_media":0,"parent":0,"menu_order":0,"comment_status":"closed","ping_status":"closed","template":"","meta":[],"categories":[40,38],"tags":[],"wf_page_folders":[87],"acf":[],"yoast_head":"<!-- This site is optimized with the Yoast SEO plugin v20.3 - https:\/\/yoast.com\/wordpress\/plugins\/seo\/ -->\n<title>C4.32 AT - SOLT\u00e9A, le nouveau portail du solde de la taxe d\u2019apprentissage - 18e Universit\u00e9 d&#039;Hiver de la Formation Professionnelle<\/title>\n<meta name=\"robots\" content=\"index, follow, max-snippet:-1, max-image-preview:large, max-video-preview:-1\" \/>\n<link rel=\"canonical\" href=\"https:\/\/uhfp.centre-inffo.fr\/2023\/c4-32-at-soltea-le-nouveau-portail-du-solde-de-la-taxe-dapprentissage\/\" \/>\n<meta property=\"og:locale\" content=\"fr_FR\" \/>\n<meta property=\"og:type\" content=\"article\" \/>\n<meta property=\"og:title\" content=\"C4.32 AT - SOLT\u00e9A, le nouveau portail du solde de la taxe d\u2019apprentissage - 18e Universit\u00e9 d&#039;Hiver de la Formation Professionnelle\" \/>\n<meta property=\"og:description\" content=\"Objectifs p\u00e9dagogiques Comprendre le fonctionnement et les objectifs de SOLT\u00e9A, nouveau portail du solde de la taxe d&rsquo;apprentissage D\u00e9couvrir les parcours \u00e9tablissement et parcours employeur par le biais de maquettes &hellip;\" \/>\n<meta property=\"og:url\" content=\"https:\/\/uhfp.centre-inffo.fr\/2023\/c4-32-at-soltea-le-nouveau-portail-du-solde-de-la-taxe-dapprentissage\/\" \/>\n<meta property=\"og:site_name\" content=\"18e Universit\u00e9 d&#039;Hiver de la Formation Professionnelle\" \/>\n<meta property=\"article:publisher\" content=\"https:\/\/www.facebook.com\/centreinffo\" \/>\n<meta property=\"article:modified_time\" content=\"2023-02-06T15:08:15+00:00\" \/>\n<meta name=\"twitter:card\" content=\"summary_large_image\" \/>\n<meta name=\"twitter:site\" content=\"@centreinffo\" \/>\n<meta name=\"twitter:label1\" content=\"Dur\u00e9e de lecture estim\u00e9e\" \/>\n\t<meta name=\"twitter:data1\" content=\"1 minute\" \/>\n<script type=\"application\/ld+json\" class=\"yoast-schema-graph\">{\"@context\":\"https:\/\/schema.org\",\"@graph\":[{\"@type\":\"WebPage\",\"@id\":\"https:\/\/uhfp.centre-inffo.fr\/2023\/c4-32-at-soltea-le-nouveau-portail-du-solde-de-la-taxe-dapprentissage\/\",\"url\":\"https:\/\/uhfp.centre-inffo.fr\/2023\/c4-32-at-soltea-le-nouveau-portail-du-solde-de-la-taxe-dapprentissage\/\",\"name\":\"C4.32 AT - SOLT\u00e9A, le nouveau portail du solde de la taxe d\u2019apprentissage - 18e Universit\u00e9 d&#039;Hiver de la Formation Professionnelle\",\"isPartOf\":{\"@id\":\"https:\/\/uhfp.centre-inffo.fr\/2023\/#website\"},\"datePublished\":\"2023-01-06T11:29:49+00:00\",\"dateModified\":\"2023-02-06T15:08:15+00:00\",\"breadcrumb\":{\"@id\":\"https:\/\/uhfp.centre-inffo.fr\/2023\/c4-32-at-soltea-le-nouveau-portail-du-solde-de-la-taxe-dapprentissage\/#breadcrumb\"},\"inLanguage\":\"fr-FR\",\"potentialAction\":[{\"@type\":\"ReadAction\",\"target\":[\"https:\/\/uhfp.centre-inffo.fr\/2023\/c4-32-at-soltea-le-nouveau-portail-du-solde-de-la-taxe-dapprentissage\/\"]}]},{\"@type\":\"BreadcrumbList\",\"@id\":\"https:\/\/uhfp.centre-inffo.fr\/2023\/c4-32-at-soltea-le-nouveau-portail-du-solde-de-la-taxe-dapprentissage\/#breadcrumb\",\"itemListElement\":[{\"@type\":\"ListItem\",\"position\":1,\"name\":\"Accueil\",\"item\":\"https:\/\/uhfp.centre-inffo.fr\/2023\/\"},{\"@type\":\"ListItem\",\"position\":2,\"name\":\"Programme\",\"item\":\"https:\/\/uhfp.centre-inffo.fr\/2023\/rubrique\/programme\/\"},{\"@type\":\"ListItem\",\"position\":3,\"name\":\"Jeudi 26 janvier\",\"item\":\"https:\/\/uhfp.centre-inffo.fr\/2023\/rubrique\/programme\/jeudi-26-janvier\/\"},{\"@type\":\"ListItem\",\"position\":4,\"name\":\"C4.32 AT &#8211; SOLT\u00e9A, le nouveau portail du solde de la taxe d\u2019apprentissage\"}]},{\"@type\":\"WebSite\",\"@id\":\"https:\/\/uhfp.centre-inffo.fr\/2023\/#website\",\"url\":\"https:\/\/uhfp.centre-inffo.fr\/2023\/\",\"name\":\"18e Universit\u00e9 d&#039;Hiver de la Formation Professionnelle\",\"description\":\"Comp\u00e9tences 2030 : r\u00e9ussir ensemble les transitions ! - Du 25 au 27 janvier 2023, \u00e0 Cannes\",\"publisher\":{\"@id\":\"https:\/\/uhfp.centre-inffo.fr\/2023\/#organization\"},\"potentialAction\":[{\"@type\":\"SearchAction\",\"target\":{\"@type\":\"EntryPoint\",\"urlTemplate\":\"https:\/\/uhfp.centre-inffo.fr\/2023\/?s={search_term_string}\"},\"query-input\":\"required name=search_term_string\"}],\"inLanguage\":\"fr-FR\"},{\"@type\":\"Organization\",\"@id\":\"https:\/\/uhfp.centre-inffo.fr\/2023\/#organization\",\"name\":\"Centre Inffo\",\"url\":\"https:\/\/uhfp.centre-inffo.fr\/2023\/\",\"logo\":{\"@type\":\"ImageObject\",\"inLanguage\":\"fr-FR\",\"@id\":\"https:\/\/uhfp.centre-inffo.fr\/2023\/#\/schema\/logo\/image\/\",\"url\":\"\",\"contentUrl\":\"\",\"caption\":\"Centre Inffo\"},\"image\":{\"@id\":\"https:\/\/uhfp.centre-inffo.fr\/2023\/#\/schema\/logo\/image\/\"},\"sameAs\":[\"https:\/\/www.facebook.com\/centreinffo\",\"https:\/\/twitter.com\/centreinffo\",\"https:\/\/www.linkedin.com\/company\/centre-inffo\/\",\"https:\/\/www.youtube.com\/user\/centreinffo\"]}]}<\/script>\n<!-- \/ Yoast SEO plugin. -->","yoast_head_json":{"title":"C4.32 AT - SOLT\u00e9A, le nouveau portail du solde de la taxe d\u2019apprentissage - 18e Universit\u00e9 d&#039;Hiver de la Formation Professionnelle","robots":{"index":"index","follow":"follow","max-snippet":"max-snippet:-1","max-image-preview":"max-image-preview:large","max-video-preview":"max-video-preview:-1"},"canonical":"https:\/\/uhfp.centre-inffo.fr\/2023\/c4-32-at-soltea-le-nouveau-portail-du-solde-de-la-taxe-dapprentissage\/","og_locale":"fr_FR","og_type":"article","og_title":"C4.32 AT - SOLT\u00e9A, le nouveau portail du solde de la taxe d\u2019apprentissage - 18e Universit\u00e9 d&#039;Hiver de la Formation Professionnelle","og_description":"Objectifs p\u00e9dagogiques Comprendre le fonctionnement et les objectifs de SOLT\u00e9A, nouveau portail du solde de la taxe d&rsquo;apprentissage D\u00e9couvrir les parcours \u00e9tablissement et parcours employeur par le biais de maquettes &hellip;","og_url":"https:\/\/uhfp.centre-inffo.fr\/2023\/c4-32-at-soltea-le-nouveau-portail-du-solde-de-la-taxe-dapprentissage\/","og_site_name":"18e Universit\u00e9 d&#039;Hiver de la Formation Professionnelle","article_publisher":"https:\/\/www.facebook.com\/centreinffo","article_modified_time":"2023-02-06T15:08:15+00:00","twitter_card":"summary_large_image","twitter_site":"@centreinffo","twitter_misc":{"Dur\u00e9e de lecture estim\u00e9e":"1 minute"},"schema":{"@context":"https:\/\/schema.org","@graph":[{"@type":"WebPage","@id":"https:\/\/uhfp.centre-inffo.fr\/2023\/c4-32-at-soltea-le-nouveau-portail-du-solde-de-la-taxe-dapprentissage\/","url":"https:\/\/uhfp.centre-inffo.fr\/2023\/c4-32-at-soltea-le-nouveau-portail-du-solde-de-la-taxe-dapprentissage\/","name":"C4.32 AT - SOLT\u00e9A, le nouveau portail du solde de la taxe d\u2019apprentissage - 18e Universit\u00e9 d&#039;Hiver de la Formation Professionnelle","isPartOf":{"@id":"https:\/\/uhfp.centre-inffo.fr\/2023\/#website"},"datePublished":"2023-01-06T11:29:49+00:00","dateModified":"2023-02-06T15:08:15+00:00","breadcrumb":{"@id":"https:\/\/uhfp.centre-inffo.fr\/2023\/c4-32-at-soltea-le-nouveau-portail-du-solde-de-la-taxe-dapprentissage\/#breadcrumb"},"inLanguage":"fr-FR","potentialAction":[{"@type":"ReadAction","target":["https:\/\/uhfp.centre-inffo.fr\/2023\/c4-32-at-soltea-le-nouveau-portail-du-solde-de-la-taxe-dapprentissage\/"]}]},{"@type":"BreadcrumbList","@id":"https:\/\/uhfp.centre-inffo.fr\/2023\/c4-32-at-soltea-le-nouveau-portail-du-solde-de-la-taxe-dapprentissage\/#breadcrumb","itemListElement":[{"@type":"ListItem","position":1,"name":"Accueil","item":"https:\/\/uhfp.centre-inffo.fr\/2023\/"},{"@type":"ListItem","position":2,"name":"Programme","item":"https:\/\/uhfp.centre-inffo.fr\/2023\/rubrique\/programme\/"},{"@type":"ListItem","position":3,"name":"Jeudi 26 janvier","item":"https:\/\/uhfp.centre-inffo.fr\/2023\/rubrique\/programme\/jeudi-26-janvier\/"},{"@type":"ListItem","position":4,"name":"C4.32 AT &#8211; SOLT\u00e9A, le nouveau portail du solde de la taxe d\u2019apprentissage"}]},{"@type":"WebSite","@id":"https:\/\/uhfp.centre-inffo.fr\/2023\/#website","url":"https:\/\/uhfp.centre-inffo.fr\/2023\/","name":"18e Universit\u00e9 d&#039;Hiver de la Formation Professionnelle","description":"Comp\u00e9tences 2030 : r\u00e9ussir ensemble les transitions ! - Du 25 au 27 janvier 2023, \u00e0 Cannes","publisher":{"@id":"https:\/\/uhfp.centre-inffo.fr\/2023\/#organization"},"potentialAction":[{"@type":"SearchAction","target":{"@type":"EntryPoint","urlTemplate":"https:\/\/uhfp.centre-inffo.fr\/2023\/?s={search_term_string}"},"query-input":"required name=search_term_string"}],"inLanguage":"fr-FR"},{"@type":"Organization","@id":"https:\/\/uhfp.centre-inffo.fr\/2023\/#organization","name":"Centre Inffo","url":"https:\/\/uhfp.centre-inffo.fr\/2023\/","logo":{"@type":"ImageObject","inLanguage":"fr-FR","@id":"https:\/\/uhfp.centre-inffo.fr\/2023\/#\/schema\/logo\/image\/","url":"","contentUrl":"","caption":"Centre Inffo"},"image":{"@id":"https:\/\/uhfp.centre-inffo.fr\/2023\/#\/schema\/logo\/image\/"},"sameAs":["https:\/\/www.facebook.com\/centreinffo","https:\/\/twitter.com\/centreinffo","https:\/\/www.linkedin.com\/company\/centre-inffo\/","https:\/\/www.youtube.com\/user\/centreinffo"]}]}},"_links":{"self":[{"href":"https:\/\/uhfp.centre-inffo.fr\/2023\/wp-json\/wp\/v2\/pages\/4485"}],"collection":[{"href":"https:\/\/uhfp.centre-inffo.fr\/2023\/wp-json\/wp\/v2\/pages"}],"about":[{"href":"https:\/\/uhfp.centre-inffo.fr\/2023\/wp-json\/wp\/v2\/types\/page"}],"author":[{"embeddable":true,"href":"https:\/\/uhfp.centre-inffo.fr\/2023\/wp-json\/wp\/v2\/users\/1"}],"replies":[{"embeddable":true,"href":"https:\/\/uhfp.centre-inffo.fr\/2023\/wp-json\/wp\/v2\/comments?post=4485"}],"version-history":[{"count":6,"href":"https:\/\/uhfp.centre-inffo.fr\/2023\/wp-json\/wp\/v2\/pages\/4485\/revisions"}],"predecessor-version":[{"id":5996,"href":"https:\/\/uhfp.centre-inffo.fr\/2023\/wp-json\/wp\/v2\/pages\/4485\/revisions\/5996"}],"wp:attachment":[{"href":"https:\/\/uhfp.centre-inffo.fr\/2023\/wp-json\/wp\/v2\/media?parent=4485"}],"wp:term":[{"taxonomy":"category","embeddable":true,"href":"https:\/\/uhfp.centre-inffo.fr\/2023\/wp-json\/wp\/v2\/categories?post=4485"},{"taxonomy":"post_tag","embeddable":true,"href":"https:\/\/uhfp.centre-inffo.fr\/2023\/wp-json\/wp\/v2\/tags?post=4485"},{"taxonomy":"wf_page_folders","embeddable":true,"href":"https:\/\/uhfp.centre-inffo.fr\/2023\/wp-json\/wp\/v2\/wf_page_folders?post=4485"}],"curies":[{"name":"wp","href":"https:\/\/api.w.org\/{rel}","templated":true}]}}