{"id":4523,"date":"2023-01-06T14:25:01","date_gmt":"2023-01-06T13:25:01","guid":{"rendered":"https:\/\/uhfp.centre-inffo.fr\/2023\/?page_id=4523"},"modified":"2023-01-25T09:30:32","modified_gmt":"2023-01-25T08:30:32","slug":"d3-43-tr-faire-vivre-sa-certification-qualiopi","status":"publish","type":"page","link":"https:\/\/uhfp.centre-inffo.fr\/2023\/d3-43-tr-faire-vivre-sa-certification-qualiopi\/","title":{"rendered":"D3.43 TR &#8211; Faire vivre sa certification Qualiopi"},"content":{"rendered":"<p>Un an apr\u00e8s l\u2019entr\u00e9e en vigueur de l\u2019obligation de certification pour les organismes d\u00e9sireux de b\u00e9n\u00e9ficier des fonds publics et mutualis\u00e9s, un bilan quantitatif et qualitatif par les diff\u00e9rentes parties prenantes permettra \u00e0 la fois d\u2019 appr\u00e9hender la trajectoire du dispositif face aux objectifs \u00e0 venir des pouvoirs publics et d\u2019estimer ses conditions de mise en \u0153uvre par les prestataires\u00a0: conformit\u00e9 subie ou levier choisi de performance et de d\u00e9veloppement.<\/p>\n<h3>Animation<\/h3>\n<ul>\n<li><a href=\"\/2023\/lebigre\/\">Lo\u00efc Lebigre<\/a> &#8211; Consultant, Centre Inffo<\/li>\n<\/ul>\n<h3>Intervenants<\/h3>\n<ul>\n<li>Val\u00e9rie Bruneteau &#8211; DGEFP<\/li>\n<li><a href=\"\/2023\/muret\/\">Arnaud Muret<\/a> &#8211; Directeur g\u00e9n\u00e9ral, Opco EP<\/li>\n<li>St\u00e9phane R\u00e9my &#8211; Sous-directeur des politiques de formation et du contr\u00f4le, DGEFP<\/li>\n<\/ul>\n<h3>Certificateurs<\/h3>\n<ul>\n<li><a href=\"\/2023\/venturini\/\">Maud Venturini<\/a> &#8211; Responsable du d\u00e9partement Ing\u00e9nierie de formation &#8211; P\u00f4le emploi<\/li>\n<\/ul>\n<h3>Financeurs<\/h3>\n<ul>\n<li>Julien Nizri &#8211; Afnor<\/li>\n<li>Farida Brioua-Temimi &#8211; ISQ<\/li>\n<li>Vincent Capoen &#8211; ICPF<\/li>\n<\/ul>\n<h3>Prestataires<\/h3>\n<ul>\n<li>Sophie Roques &#8211; Acteurs de la comp\u00e9tence<\/li>\n<li>Jeanine Chapot &#8211; Vice-pr\u00e9sidente du Synofdes<\/li>\n<li><a href=\"\/2023\/poncelet\/\">Alexandre Poncelet<\/a> &#8211; Directeur Qualit\u00e9, R\u00e9seau E2C France<\/li>\n<li>Bruno Aubry &#8211; Compagnons du devoir<\/li>\n<\/ul>\n","protected":false},"excerpt":{"rendered":"<p>Un an apr\u00e8s l\u2019entr\u00e9e en vigueur de l\u2019obligation de certification pour les organismes d\u00e9sireux de b\u00e9n\u00e9ficier des fonds publics et mutualis\u00e9s, un bilan quantitatif et qualitatif par les diff\u00e9rentes parties &hellip; <\/p>\n","protected":false},"author":1,"featured_media":0,"parent":0,"menu_order":0,"comment_status":"closed","ping_status":"closed","template":"","meta":[],"categories":[40,38],"tags":[],"wf_page_folders":[87],"acf":[],"yoast_head":"<!-- This site is optimized with the Yoast SEO plugin v20.3 - https:\/\/yoast.com\/wordpress\/plugins\/seo\/ -->\n<title>D3.43 TR - Faire vivre sa certification Qualiopi - 18e Universit\u00e9 d&#039;Hiver de la Formation Professionnelle<\/title>\n<meta name=\"robots\" content=\"index, follow, max-snippet:-1, max-image-preview:large, max-video-preview:-1\" \/>\n<link rel=\"canonical\" href=\"https:\/\/uhfp.centre-inffo.fr\/2023\/d3-43-tr-faire-vivre-sa-certification-qualiopi\/\" \/>\n<meta property=\"og:locale\" content=\"fr_FR\" \/>\n<meta property=\"og:type\" content=\"article\" \/>\n<meta property=\"og:title\" content=\"D3.43 TR - Faire vivre sa certification Qualiopi - 18e Universit\u00e9 d&#039;Hiver de la Formation Professionnelle\" \/>\n<meta property=\"og:description\" content=\"Un an apr\u00e8s l\u2019entr\u00e9e en vigueur de l\u2019obligation de certification pour les organismes d\u00e9sireux de b\u00e9n\u00e9ficier des fonds publics et mutualis\u00e9s, un bilan quantitatif et qualitatif par les diff\u00e9rentes parties &hellip;\" \/>\n<meta property=\"og:url\" content=\"https:\/\/uhfp.centre-inffo.fr\/2023\/d3-43-tr-faire-vivre-sa-certification-qualiopi\/\" \/>\n<meta property=\"og:site_name\" content=\"18e Universit\u00e9 d&#039;Hiver de la Formation Professionnelle\" \/>\n<meta property=\"article:publisher\" content=\"https:\/\/www.facebook.com\/centreinffo\" \/>\n<meta property=\"article:modified_time\" content=\"2023-01-25T08:30:32+00:00\" \/>\n<meta name=\"twitter:card\" content=\"summary_large_image\" \/>\n<meta name=\"twitter:site\" content=\"@centreinffo\" \/>\n<meta name=\"twitter:label1\" content=\"Dur\u00e9e de lecture estim\u00e9e\" \/>\n\t<meta name=\"twitter:data1\" content=\"1 minute\" \/>\n<script type=\"application\/ld+json\" class=\"yoast-schema-graph\">{\"@context\":\"https:\/\/schema.org\",\"@graph\":[{\"@type\":\"WebPage\",\"@id\":\"https:\/\/uhfp.centre-inffo.fr\/2023\/d3-43-tr-faire-vivre-sa-certification-qualiopi\/\",\"url\":\"https:\/\/uhfp.centre-inffo.fr\/2023\/d3-43-tr-faire-vivre-sa-certification-qualiopi\/\",\"name\":\"D3.43 TR - Faire vivre sa certification Qualiopi - 18e Universit\u00e9 d&#039;Hiver de la Formation Professionnelle\",\"isPartOf\":{\"@id\":\"https:\/\/uhfp.centre-inffo.fr\/2023\/#website\"},\"datePublished\":\"2023-01-06T13:25:01+00:00\",\"dateModified\":\"2023-01-25T08:30:32+00:00\",\"breadcrumb\":{\"@id\":\"https:\/\/uhfp.centre-inffo.fr\/2023\/d3-43-tr-faire-vivre-sa-certification-qualiopi\/#breadcrumb\"},\"inLanguage\":\"fr-FR\",\"potentialAction\":[{\"@type\":\"ReadAction\",\"target\":[\"https:\/\/uhfp.centre-inffo.fr\/2023\/d3-43-tr-faire-vivre-sa-certification-qualiopi\/\"]}]},{\"@type\":\"BreadcrumbList\",\"@id\":\"https:\/\/uhfp.centre-inffo.fr\/2023\/d3-43-tr-faire-vivre-sa-certification-qualiopi\/#breadcrumb\",\"itemListElement\":[{\"@type\":\"ListItem\",\"position\":1,\"name\":\"Accueil\",\"item\":\"https:\/\/uhfp.centre-inffo.fr\/2023\/\"},{\"@type\":\"ListItem\",\"position\":2,\"name\":\"Programme\",\"item\":\"https:\/\/uhfp.centre-inffo.fr\/2023\/rubrique\/programme\/\"},{\"@type\":\"ListItem\",\"position\":3,\"name\":\"Jeudi 26 janvier\",\"item\":\"https:\/\/uhfp.centre-inffo.fr\/2023\/rubrique\/programme\/jeudi-26-janvier\/\"},{\"@type\":\"ListItem\",\"position\":4,\"name\":\"D3.43 TR &#8211; Faire vivre sa certification Qualiopi\"}]},{\"@type\":\"WebSite\",\"@id\":\"https:\/\/uhfp.centre-inffo.fr\/2023\/#website\",\"url\":\"https:\/\/uhfp.centre-inffo.fr\/2023\/\",\"name\":\"18e Universit\u00e9 d&#039;Hiver de la Formation Professionnelle\",\"description\":\"Comp\u00e9tences 2030 : r\u00e9ussir ensemble les transitions ! - Du 25 au 27 janvier 2023, \u00e0 Cannes\",\"publisher\":{\"@id\":\"https:\/\/uhfp.centre-inffo.fr\/2023\/#organization\"},\"potentialAction\":[{\"@type\":\"SearchAction\",\"target\":{\"@type\":\"EntryPoint\",\"urlTemplate\":\"https:\/\/uhfp.centre-inffo.fr\/2023\/?s={search_term_string}\"},\"query-input\":\"required name=search_term_string\"}],\"inLanguage\":\"fr-FR\"},{\"@type\":\"Organization\",\"@id\":\"https:\/\/uhfp.centre-inffo.fr\/2023\/#organization\",\"name\":\"Centre Inffo\",\"url\":\"https:\/\/uhfp.centre-inffo.fr\/2023\/\",\"logo\":{\"@type\":\"ImageObject\",\"inLanguage\":\"fr-FR\",\"@id\":\"https:\/\/uhfp.centre-inffo.fr\/2023\/#\/schema\/logo\/image\/\",\"url\":\"\",\"contentUrl\":\"\",\"caption\":\"Centre Inffo\"},\"image\":{\"@id\":\"https:\/\/uhfp.centre-inffo.fr\/2023\/#\/schema\/logo\/image\/\"},\"sameAs\":[\"https:\/\/www.facebook.com\/centreinffo\",\"https:\/\/twitter.com\/centreinffo\",\"https:\/\/www.linkedin.com\/company\/centre-inffo\/\",\"https:\/\/www.youtube.com\/user\/centreinffo\"]}]}<\/script>\n<!-- \/ Yoast SEO plugin. -->","yoast_head_json":{"title":"D3.43 TR - Faire vivre sa certification Qualiopi - 18e Universit\u00e9 d&#039;Hiver de la Formation Professionnelle","robots":{"index":"index","follow":"follow","max-snippet":"max-snippet:-1","max-image-preview":"max-image-preview:large","max-video-preview":"max-video-preview:-1"},"canonical":"https:\/\/uhfp.centre-inffo.fr\/2023\/d3-43-tr-faire-vivre-sa-certification-qualiopi\/","og_locale":"fr_FR","og_type":"article","og_title":"D3.43 TR - Faire vivre sa certification Qualiopi - 18e Universit\u00e9 d&#039;Hiver de la Formation Professionnelle","og_description":"Un an apr\u00e8s l\u2019entr\u00e9e en vigueur de l\u2019obligation de certification pour les organismes d\u00e9sireux de b\u00e9n\u00e9ficier des fonds publics et mutualis\u00e9s, un bilan quantitatif et qualitatif par les diff\u00e9rentes parties &hellip;","og_url":"https:\/\/uhfp.centre-inffo.fr\/2023\/d3-43-tr-faire-vivre-sa-certification-qualiopi\/","og_site_name":"18e Universit\u00e9 d&#039;Hiver de la Formation Professionnelle","article_publisher":"https:\/\/www.facebook.com\/centreinffo","article_modified_time":"2023-01-25T08:30:32+00:00","twitter_card":"summary_large_image","twitter_site":"@centreinffo","twitter_misc":{"Dur\u00e9e de lecture estim\u00e9e":"1 minute"},"schema":{"@context":"https:\/\/schema.org","@graph":[{"@type":"WebPage","@id":"https:\/\/uhfp.centre-inffo.fr\/2023\/d3-43-tr-faire-vivre-sa-certification-qualiopi\/","url":"https:\/\/uhfp.centre-inffo.fr\/2023\/d3-43-tr-faire-vivre-sa-certification-qualiopi\/","name":"D3.43 TR - Faire vivre sa certification Qualiopi - 18e Universit\u00e9 d&#039;Hiver de la Formation Professionnelle","isPartOf":{"@id":"https:\/\/uhfp.centre-inffo.fr\/2023\/#website"},"datePublished":"2023-01-06T13:25:01+00:00","dateModified":"2023-01-25T08:30:32+00:00","breadcrumb":{"@id":"https:\/\/uhfp.centre-inffo.fr\/2023\/d3-43-tr-faire-vivre-sa-certification-qualiopi\/#breadcrumb"},"inLanguage":"fr-FR","potentialAction":[{"@type":"ReadAction","target":["https:\/\/uhfp.centre-inffo.fr\/2023\/d3-43-tr-faire-vivre-sa-certification-qualiopi\/"]}]},{"@type":"BreadcrumbList","@id":"https:\/\/uhfp.centre-inffo.fr\/2023\/d3-43-tr-faire-vivre-sa-certification-qualiopi\/#breadcrumb","itemListElement":[{"@type":"ListItem","position":1,"name":"Accueil","item":"https:\/\/uhfp.centre-inffo.fr\/2023\/"},{"@type":"ListItem","position":2,"name":"Programme","item":"https:\/\/uhfp.centre-inffo.fr\/2023\/rubrique\/programme\/"},{"@type":"ListItem","position":3,"name":"Jeudi 26 janvier","item":"https:\/\/uhfp.centre-inffo.fr\/2023\/rubrique\/programme\/jeudi-26-janvier\/"},{"@type":"ListItem","position":4,"name":"D3.43 TR &#8211; Faire vivre sa certification Qualiopi"}]},{"@type":"WebSite","@id":"https:\/\/uhfp.centre-inffo.fr\/2023\/#website","url":"https:\/\/uhfp.centre-inffo.fr\/2023\/","name":"18e Universit\u00e9 d&#039;Hiver de la Formation Professionnelle","description":"Comp\u00e9tences 2030 : r\u00e9ussir ensemble les transitions ! - Du 25 au 27 janvier 2023, \u00e0 Cannes","publisher":{"@id":"https:\/\/uhfp.centre-inffo.fr\/2023\/#organization"},"potentialAction":[{"@type":"SearchAction","target":{"@type":"EntryPoint","urlTemplate":"https:\/\/uhfp.centre-inffo.fr\/2023\/?s={search_term_string}"},"query-input":"required name=search_term_string"}],"inLanguage":"fr-FR"},{"@type":"Organization","@id":"https:\/\/uhfp.centre-inffo.fr\/2023\/#organization","name":"Centre Inffo","url":"https:\/\/uhfp.centre-inffo.fr\/2023\/","logo":{"@type":"ImageObject","inLanguage":"fr-FR","@id":"https:\/\/uhfp.centre-inffo.fr\/2023\/#\/schema\/logo\/image\/","url":"","contentUrl":"","caption":"Centre Inffo"},"image":{"@id":"https:\/\/uhfp.centre-inffo.fr\/2023\/#\/schema\/logo\/image\/"},"sameAs":["https:\/\/www.facebook.com\/centreinffo","https:\/\/twitter.com\/centreinffo","https:\/\/www.linkedin.com\/company\/centre-inffo\/","https:\/\/www.youtube.com\/user\/centreinffo"]}]}},"_links":{"self":[{"href":"https:\/\/uhfp.centre-inffo.fr\/2023\/wp-json\/wp\/v2\/pages\/4523"}],"collection":[{"href":"https:\/\/uhfp.centre-inffo.fr\/2023\/wp-json\/wp\/v2\/pages"}],"about":[{"href":"https:\/\/uhfp.centre-inffo.fr\/2023\/wp-json\/wp\/v2\/types\/page"}],"author":[{"embeddable":true,"href":"https:\/\/uhfp.centre-inffo.fr\/2023\/wp-json\/wp\/v2\/users\/1"}],"replies":[{"embeddable":true,"href":"https:\/\/uhfp.centre-inffo.fr\/2023\/wp-json\/wp\/v2\/comments?post=4523"}],"version-history":[{"count":17,"href":"https:\/\/uhfp.centre-inffo.fr\/2023\/wp-json\/wp\/v2\/pages\/4523\/revisions"}],"predecessor-version":[{"id":5351,"href":"https:\/\/uhfp.centre-inffo.fr\/2023\/wp-json\/wp\/v2\/pages\/4523\/revisions\/5351"}],"wp:attachment":[{"href":"https:\/\/uhfp.centre-inffo.fr\/2023\/wp-json\/wp\/v2\/media?parent=4523"}],"wp:term":[{"taxonomy":"category","embeddable":true,"href":"https:\/\/uhfp.centre-inffo.fr\/2023\/wp-json\/wp\/v2\/categories?post=4523"},{"taxonomy":"post_tag","embeddable":true,"href":"https:\/\/uhfp.centre-inffo.fr\/2023\/wp-json\/wp\/v2\/tags?post=4523"},{"taxonomy":"wf_page_folders","embeddable":true,"href":"https:\/\/uhfp.centre-inffo.fr\/2023\/wp-json\/wp\/v2\/wf_page_folders?post=4523"}],"curies":[{"name":"wp","href":"https:\/\/api.w.org\/{rel}","templated":true}]}}