{"id":4549,"date":"2023-01-06T14:46:13","date_gmt":"2023-01-06T13:46:13","guid":{"rendered":"https:\/\/uhfp.centre-inffo.fr\/2023\/?page_id=4549"},"modified":"2023-02-06T16:13:56","modified_gmt":"2023-02-06T15:13:56","slug":"d3-51-at-le-plan-de-developpement-des-competences-au-service-de-la-croissance-de-lentreprise","status":"publish","type":"page","link":"https:\/\/uhfp.centre-inffo.fr\/2023\/d3-51-at-le-plan-de-developpement-des-competences-au-service-de-la-croissance-de-lentreprise\/","title":{"rendered":"D3.51 AT &#8211; Le plan de d\u00e9veloppement des comp\u00e9tences, au service de la croissance de l\u2019entreprise"},"content":{"rendered":"\n<div class=\"wp-block-buttons is-content-justification-center is-layout-flex wp-container-1\">\n<div class=\"wp-block-button\"><a class=\"wp-block-button__link wp-element-button\" href=\"\/2023\/wp-content\/uploads\/2023\/02\/D3.51-AT.pdf\">T\u00e9l\u00e9charger la pr\u00e9sentation (.pdf)<\/a><\/div>\n<\/div>\n\n\n\n<hr class=\"wp-block-separator has-alpha-channel-opacity\"\/>\n\n\n<h3>Objectifs p\u00e9dagogiques<\/h3>\n<p>L\u2019atelier se fixe pour objectif \u00e0 l\u2019endroit des participants de permettre de\u00a0:<\/p>\n<ul>\n<li>Situer l\u2019enjeu du PDC pour faire face aux transitions en cours et \u00e0 venir<\/li>\n<li>S\u2019approprier l\u2019environnement r\u00e9glementaire en vigueur<\/li>\n<li>Identifier des leviers d\u2019am\u00e9lioration des pratiques en mati\u00e8re de formation des salari\u00e9s via le PDC<\/li>\n<li>Formaliser des propositions d\u2019\u00e9volution des pratiques de n\u00e9gociation au sein des entreprises et des branches<\/li>\n<\/ul>\n<h3>Pilotage<\/h3>\n<ul>\n<li><a href=\"\/2023\/guezou\/\">Patrice Gu\u00e9zou<\/a> &#8211; Directeur Strat\u00e9gie comp\u00e9tences &#8211; S\u00e9maphores<\/li>\n<\/ul>\n<h3>Intervenants<\/h3>\n<p>Dans le cadre de la tenue de cette conf\u00e9rence-d\u00e9bat, nous proposons le casting suivant :<\/p>\n<ul>\n<li><strong style=\"font-size: 1rem;\">Un key note speaker <\/strong><span style=\"font-size: 1rem;\">: <a href=\"\/2023\/sauvat\/\">Estelle Sauvat<\/a><\/span><\/li>\n<li>Un <strong style=\"font-size: 1rem;\">intervenant sp\u00e9cialiste<\/strong><span style=\"font-size: 1rem;\"> du droit de la formation\u00a0: <a href=\"\/2023\/willems\/\">Jean-Pierre Willems<\/a><\/span><\/li>\n<li>Un <strong>repr\u00e9sentant de S\u00e9maphores<\/strong>\/Groupe Alpha\u00a0: <a href=\"\/2023\/bonnin\/\">Philippe Bonnin<\/a><\/li>\n<li>Un <strong>repr\u00e9sentant d\u2019entreprise <\/strong>: <a href=\"\/2023\/mottard\/\">Arnaud Mottard<\/a>, Directeur LEARNING France de Suez.<\/li>\n<li>Un <strong>repr\u00e9sentant des partenaires sociaux <\/strong>: Vanessa Jereb, UNSA<\/li>\n<li>Une <strong>intervention film\u00e9e <\/strong>: Antoine Remond, CEP, Groupe ALPHA<\/li>\n<\/ul>\n<h3>D\u00e9roul\u00e9 de l\u2019animation<\/h3>\n<table border=\"1\">\n<tbody>\n<tr>\n<td width=\"25%\"><strong>Timing<\/strong><\/td>\n<td width=\"25%\"><strong>El\u00e9ments cl\u00e9s<\/strong><\/td>\n<td width=\"25%\"><strong>Intervenants<\/strong><\/td>\n<td width=\"25%\"><strong>Ressources<\/strong><\/td>\n<\/tr>\n<tr>\n<td>16h30-16h35\n<p>\u00a0<\/p>\n<p>(5\u2019)<\/p>\n<\/td>\n<td>Ouverture de l\u2019atelier\u00a0:\n<p>\u00a0<\/p>\n<p>Enjeux, objectifs, d\u00e9roulement, intervenants, modalit\u00e9s de participation et d\u2019\u00e9valuation<\/p>\n<\/td>\n<td>Patrice Gu\u00e9zou<\/td>\n<td>2 \u00e0 3 Slides<\/td>\n<\/tr>\n<tr>\n<td>16h35-16h45\n<p>\u00a0<\/p>\n<p>(10\u2019)<\/p>\n<\/td>\n<td>Key note\u00a0:\n<p>\u00a0<\/p>\n<p>Mise en perspective et expos\u00e9 des enjeux cl\u00e9s de la probl\u00e9matique retenue<\/p>\n<\/td>\n<td>Estelle Sauvat<\/td>\n<td>5 \u00e0 6 Slides<\/td>\n<\/tr>\n<tr>\n<td>16h45-17h10\n<p>\u00a0<\/p>\n<p>(25\u2019)<\/p>\n<p>\u00a0<\/p>\n<p>\u00a0<\/p>\n<p>\u00a0<\/p>\n<\/td>\n<td>1<sup>er<\/sup> tour de table :\n<p>\u00a0<\/p>\n<p>Quels sont <strong>les principaux d\u00e9fis<\/strong> \u00e0 relever au sein d\u2019une entreprise du point de vue du d\u00e9veloppement des comp\u00e9tences\u00a0?<\/p>\n<p>Quels sont <strong>les principaux leviers<\/strong> \u00e0 port\u00e9e de main des praticiens en l\u2019\u00e9tat actuel de la l\u00e9gislation\u00a0?<\/p>\n<\/td>\n<td>\u00a0\n<p>\u00a0<\/p>\n<p>Jean-Pierre Willems &#8211; Consultant<\/p>\n<p>Arnaud Motard \u2013 SUEZ<\/p>\n<p>Philippe Bonnin, SEMAPHORES<\/p>\n<p>\u00a0<\/p>\n<\/td>\n<td style=\"width: 251.18px;\">\u00a0<\/td>\n<\/tr>\n<tr>\n<td style=\"width: 170.758px;\">17h10 \u2013 17h15\n<p>\u00a0<\/p>\n<p>(5\u2019)<\/p>\n<\/td>\n<td>Apport informatif sur la signature des accords d\u2019entreprise et de branches en mati\u00e8re de formation et de d\u00e9veloppement des comp\u00e9tences en France (en Europe ?)<\/td>\n<td>Antoine R\u00e9mond, Directeur du CEP, Groupe Alpha<\/td>\n<td>Intervention film\u00e9e<\/td>\n<\/tr>\n<tr>\n<td>17h15-17h40\n<p>\u00a0<\/p>\n<p>(25\u2019)<\/p>\n<p>\u00a0<\/p>\n<p>\u00a0<\/p>\n<\/td>\n<td>2<sup>e<\/sup> tour de table\u00a0:\n<p>\u00a0<\/p>\n<p>Quelles conclusions tirez-vous de la pr\u00e9sentation de cet environnement contractuel relatif \u00e0 la formation ?<\/p>\n<p>Quels enseignements, <strong>quelles recommandations pour l\u2019action<\/strong>, <em>\u00e0 l\u2019or\u00e9e d\u2019une \u00e9volution de la l\u00e9gislation fran\u00e7aise<\/em>, entendez-vous formuler \u00e0 destination de la communaut\u00e9 des professionnels de la formation professionnelle, acteurs cl\u00e9s du d\u00e9fi des transitions professionnelles\u00a0des personnes, des entreprises, des territoires ?<\/p>\n<\/td>\n<td style=\"width: 269.102px;\">\u00a0\n<p>\u00a0<\/p>\n<p>Jean-Pierre Willems &#8211; Consultant<\/p>\n<p>Arnaud Motard \u2013 SUEZ<\/p>\n<p>Philippe Bonnin, SEMAPHORES<\/p>\n<\/td>\n<td>\u00a0<\/td>\n<\/tr>\n<tr>\n<td>17h40-17h50\n<p>\u00a0<\/p>\n<p>(10\u2019)<\/p>\n<\/td>\n<td>Question-d\u00e9bat avec l\u2019assistance<\/td>\n<td>\u00a0<\/td>\n<td>\u00a0<\/td>\n<\/tr>\n<tr>\n<td>17h50-17h55\n<p>\u00a0<\/p>\n<p>(5\u2019)<\/p>\n<\/td>\n<td>Proposition de synth\u00e8se et recommandations m\u00e9thodologiques<\/td>\n<td>Patrice Gu\u00e9zou<\/td>\n<td>3 \u00e0 4 slides<\/td>\n<\/tr>\n<tr>\n<td>17h55-18h\n<p>\u00a0<\/p>\n<p>(5\u2019)<\/p>\n<p>\u00a0<\/p>\n<\/td>\n<td>Lancement de l\u2019\u00e9valuation de l\u2019atelier\n<p>\u00a0<\/p>\n<p>Remerciements des participants, des intervenants, des organisateurs<\/p>\n<\/td>\n<td>Patrice Gu\u00e9zou<\/td>\n<td>Syst\u00e8me d\u2019\u00e9valuation transmis par Centre Inffo sur la base d\u2019un questionnaire standard<\/td>\n<\/tr>\n<\/tbody>\n<\/table>\n<p>\u00a0<\/p>","protected":false},"excerpt":{"rendered":"<p>Objectifs p\u00e9dagogiques L\u2019atelier se fixe pour objectif \u00e0 l\u2019endroit des participants de permettre de\u00a0: Situer l\u2019enjeu du PDC pour faire face aux transitions en cours et \u00e0 venir S\u2019approprier l\u2019environnement &hellip; <\/p>\n","protected":false},"author":1,"featured_media":0,"parent":0,"menu_order":0,"comment_status":"closed","ping_status":"closed","template":"","meta":[],"categories":[40,38],"tags":[],"wf_page_folders":[87],"acf":[],"yoast_head":"<!-- This site is optimized with the Yoast SEO plugin v20.3 - https:\/\/yoast.com\/wordpress\/plugins\/seo\/ -->\n<title>D3.51 AT - Le plan de d\u00e9veloppement des comp\u00e9tences, au service de la croissance de l\u2019entreprise - 18e Universit\u00e9 d&#039;Hiver de la Formation Professionnelle<\/title>\n<meta name=\"robots\" content=\"index, follow, max-snippet:-1, max-image-preview:large, max-video-preview:-1\" \/>\n<link rel=\"canonical\" href=\"https:\/\/uhfp.centre-inffo.fr\/2023\/d3-51-at-le-plan-de-developpement-des-competences-au-service-de-la-croissance-de-lentreprise\/\" \/>\n<meta property=\"og:locale\" content=\"fr_FR\" \/>\n<meta property=\"og:type\" content=\"article\" \/>\n<meta property=\"og:title\" content=\"D3.51 AT - Le plan de d\u00e9veloppement des comp\u00e9tences, au service de la croissance de l\u2019entreprise - 18e Universit\u00e9 d&#039;Hiver de la Formation Professionnelle\" \/>\n<meta property=\"og:description\" content=\"Objectifs p\u00e9dagogiques L\u2019atelier se fixe pour objectif \u00e0 l\u2019endroit des participants de permettre de\u00a0: Situer l\u2019enjeu du PDC pour faire face aux transitions en cours et \u00e0 venir S\u2019approprier l\u2019environnement &hellip;\" \/>\n<meta property=\"og:url\" content=\"https:\/\/uhfp.centre-inffo.fr\/2023\/d3-51-at-le-plan-de-developpement-des-competences-au-service-de-la-croissance-de-lentreprise\/\" \/>\n<meta property=\"og:site_name\" content=\"18e Universit\u00e9 d&#039;Hiver de la Formation Professionnelle\" \/>\n<meta property=\"article:publisher\" content=\"https:\/\/www.facebook.com\/centreinffo\" \/>\n<meta property=\"article:modified_time\" content=\"2023-02-06T15:13:56+00:00\" \/>\n<meta name=\"twitter:card\" content=\"summary_large_image\" \/>\n<meta name=\"twitter:site\" content=\"@centreinffo\" \/>\n<meta name=\"twitter:label1\" content=\"Dur\u00e9e de lecture estim\u00e9e\" \/>\n\t<meta name=\"twitter:data1\" content=\"3 minutes\" \/>\n<script type=\"application\/ld+json\" class=\"yoast-schema-graph\">{\"@context\":\"https:\/\/schema.org\",\"@graph\":[{\"@type\":\"WebPage\",\"@id\":\"https:\/\/uhfp.centre-inffo.fr\/2023\/d3-51-at-le-plan-de-developpement-des-competences-au-service-de-la-croissance-de-lentreprise\/\",\"url\":\"https:\/\/uhfp.centre-inffo.fr\/2023\/d3-51-at-le-plan-de-developpement-des-competences-au-service-de-la-croissance-de-lentreprise\/\",\"name\":\"D3.51 AT - Le plan de d\u00e9veloppement des comp\u00e9tences, au service de la croissance de l\u2019entreprise - 18e Universit\u00e9 d&#039;Hiver de la Formation Professionnelle\",\"isPartOf\":{\"@id\":\"https:\/\/uhfp.centre-inffo.fr\/2023\/#website\"},\"datePublished\":\"2023-01-06T13:46:13+00:00\",\"dateModified\":\"2023-02-06T15:13:56+00:00\",\"breadcrumb\":{\"@id\":\"https:\/\/uhfp.centre-inffo.fr\/2023\/d3-51-at-le-plan-de-developpement-des-competences-au-service-de-la-croissance-de-lentreprise\/#breadcrumb\"},\"inLanguage\":\"fr-FR\",\"potentialAction\":[{\"@type\":\"ReadAction\",\"target\":[\"https:\/\/uhfp.centre-inffo.fr\/2023\/d3-51-at-le-plan-de-developpement-des-competences-au-service-de-la-croissance-de-lentreprise\/\"]}]},{\"@type\":\"BreadcrumbList\",\"@id\":\"https:\/\/uhfp.centre-inffo.fr\/2023\/d3-51-at-le-plan-de-developpement-des-competences-au-service-de-la-croissance-de-lentreprise\/#breadcrumb\",\"itemListElement\":[{\"@type\":\"ListItem\",\"position\":1,\"name\":\"Accueil\",\"item\":\"https:\/\/uhfp.centre-inffo.fr\/2023\/\"},{\"@type\":\"ListItem\",\"position\":2,\"name\":\"Programme\",\"item\":\"https:\/\/uhfp.centre-inffo.fr\/2023\/rubrique\/programme\/\"},{\"@type\":\"ListItem\",\"position\":3,\"name\":\"Jeudi 26 janvier\",\"item\":\"https:\/\/uhfp.centre-inffo.fr\/2023\/rubrique\/programme\/jeudi-26-janvier\/\"},{\"@type\":\"ListItem\",\"position\":4,\"name\":\"D3.51 AT &#8211; Le plan de d\u00e9veloppement des comp\u00e9tences, au service de la croissance de l\u2019entreprise\"}]},{\"@type\":\"WebSite\",\"@id\":\"https:\/\/uhfp.centre-inffo.fr\/2023\/#website\",\"url\":\"https:\/\/uhfp.centre-inffo.fr\/2023\/\",\"name\":\"18e Universit\u00e9 d&#039;Hiver de la Formation Professionnelle\",\"description\":\"Comp\u00e9tences 2030 : r\u00e9ussir ensemble les transitions ! - Du 25 au 27 janvier 2023, \u00e0 Cannes\",\"publisher\":{\"@id\":\"https:\/\/uhfp.centre-inffo.fr\/2023\/#organization\"},\"potentialAction\":[{\"@type\":\"SearchAction\",\"target\":{\"@type\":\"EntryPoint\",\"urlTemplate\":\"https:\/\/uhfp.centre-inffo.fr\/2023\/?s={search_term_string}\"},\"query-input\":\"required name=search_term_string\"}],\"inLanguage\":\"fr-FR\"},{\"@type\":\"Organization\",\"@id\":\"https:\/\/uhfp.centre-inffo.fr\/2023\/#organization\",\"name\":\"Centre Inffo\",\"url\":\"https:\/\/uhfp.centre-inffo.fr\/2023\/\",\"logo\":{\"@type\":\"ImageObject\",\"inLanguage\":\"fr-FR\",\"@id\":\"https:\/\/uhfp.centre-inffo.fr\/2023\/#\/schema\/logo\/image\/\",\"url\":\"\",\"contentUrl\":\"\",\"caption\":\"Centre Inffo\"},\"image\":{\"@id\":\"https:\/\/uhfp.centre-inffo.fr\/2023\/#\/schema\/logo\/image\/\"},\"sameAs\":[\"https:\/\/www.facebook.com\/centreinffo\",\"https:\/\/twitter.com\/centreinffo\",\"https:\/\/www.linkedin.com\/company\/centre-inffo\/\",\"https:\/\/www.youtube.com\/user\/centreinffo\"]}]}<\/script>\n<!-- \/ Yoast SEO plugin. -->","yoast_head_json":{"title":"D3.51 AT - Le plan de d\u00e9veloppement des comp\u00e9tences, au service de la croissance de l\u2019entreprise - 18e Universit\u00e9 d&#039;Hiver de la Formation Professionnelle","robots":{"index":"index","follow":"follow","max-snippet":"max-snippet:-1","max-image-preview":"max-image-preview:large","max-video-preview":"max-video-preview:-1"},"canonical":"https:\/\/uhfp.centre-inffo.fr\/2023\/d3-51-at-le-plan-de-developpement-des-competences-au-service-de-la-croissance-de-lentreprise\/","og_locale":"fr_FR","og_type":"article","og_title":"D3.51 AT - Le plan de d\u00e9veloppement des comp\u00e9tences, au service de la croissance de l\u2019entreprise - 18e Universit\u00e9 d&#039;Hiver de la Formation Professionnelle","og_description":"Objectifs p\u00e9dagogiques L\u2019atelier se fixe pour objectif \u00e0 l\u2019endroit des participants de permettre de\u00a0: Situer l\u2019enjeu du PDC pour faire face aux transitions en cours et \u00e0 venir S\u2019approprier l\u2019environnement &hellip;","og_url":"https:\/\/uhfp.centre-inffo.fr\/2023\/d3-51-at-le-plan-de-developpement-des-competences-au-service-de-la-croissance-de-lentreprise\/","og_site_name":"18e Universit\u00e9 d&#039;Hiver de la Formation Professionnelle","article_publisher":"https:\/\/www.facebook.com\/centreinffo","article_modified_time":"2023-02-06T15:13:56+00:00","twitter_card":"summary_large_image","twitter_site":"@centreinffo","twitter_misc":{"Dur\u00e9e de lecture estim\u00e9e":"3 minutes"},"schema":{"@context":"https:\/\/schema.org","@graph":[{"@type":"WebPage","@id":"https:\/\/uhfp.centre-inffo.fr\/2023\/d3-51-at-le-plan-de-developpement-des-competences-au-service-de-la-croissance-de-lentreprise\/","url":"https:\/\/uhfp.centre-inffo.fr\/2023\/d3-51-at-le-plan-de-developpement-des-competences-au-service-de-la-croissance-de-lentreprise\/","name":"D3.51 AT - Le plan de d\u00e9veloppement des comp\u00e9tences, au service de la croissance de l\u2019entreprise - 18e Universit\u00e9 d&#039;Hiver de la Formation Professionnelle","isPartOf":{"@id":"https:\/\/uhfp.centre-inffo.fr\/2023\/#website"},"datePublished":"2023-01-06T13:46:13+00:00","dateModified":"2023-02-06T15:13:56+00:00","breadcrumb":{"@id":"https:\/\/uhfp.centre-inffo.fr\/2023\/d3-51-at-le-plan-de-developpement-des-competences-au-service-de-la-croissance-de-lentreprise\/#breadcrumb"},"inLanguage":"fr-FR","potentialAction":[{"@type":"ReadAction","target":["https:\/\/uhfp.centre-inffo.fr\/2023\/d3-51-at-le-plan-de-developpement-des-competences-au-service-de-la-croissance-de-lentreprise\/"]}]},{"@type":"BreadcrumbList","@id":"https:\/\/uhfp.centre-inffo.fr\/2023\/d3-51-at-le-plan-de-developpement-des-competences-au-service-de-la-croissance-de-lentreprise\/#breadcrumb","itemListElement":[{"@type":"ListItem","position":1,"name":"Accueil","item":"https:\/\/uhfp.centre-inffo.fr\/2023\/"},{"@type":"ListItem","position":2,"name":"Programme","item":"https:\/\/uhfp.centre-inffo.fr\/2023\/rubrique\/programme\/"},{"@type":"ListItem","position":3,"name":"Jeudi 26 janvier","item":"https:\/\/uhfp.centre-inffo.fr\/2023\/rubrique\/programme\/jeudi-26-janvier\/"},{"@type":"ListItem","position":4,"name":"D3.51 AT &#8211; Le plan de d\u00e9veloppement des comp\u00e9tences, au service de la croissance de l\u2019entreprise"}]},{"@type":"WebSite","@id":"https:\/\/uhfp.centre-inffo.fr\/2023\/#website","url":"https:\/\/uhfp.centre-inffo.fr\/2023\/","name":"18e Universit\u00e9 d&#039;Hiver de la Formation Professionnelle","description":"Comp\u00e9tences 2030 : r\u00e9ussir ensemble les transitions ! - Du 25 au 27 janvier 2023, \u00e0 Cannes","publisher":{"@id":"https:\/\/uhfp.centre-inffo.fr\/2023\/#organization"},"potentialAction":[{"@type":"SearchAction","target":{"@type":"EntryPoint","urlTemplate":"https:\/\/uhfp.centre-inffo.fr\/2023\/?s={search_term_string}"},"query-input":"required name=search_term_string"}],"inLanguage":"fr-FR"},{"@type":"Organization","@id":"https:\/\/uhfp.centre-inffo.fr\/2023\/#organization","name":"Centre Inffo","url":"https:\/\/uhfp.centre-inffo.fr\/2023\/","logo":{"@type":"ImageObject","inLanguage":"fr-FR","@id":"https:\/\/uhfp.centre-inffo.fr\/2023\/#\/schema\/logo\/image\/","url":"","contentUrl":"","caption":"Centre Inffo"},"image":{"@id":"https:\/\/uhfp.centre-inffo.fr\/2023\/#\/schema\/logo\/image\/"},"sameAs":["https:\/\/www.facebook.com\/centreinffo","https:\/\/twitter.com\/centreinffo","https:\/\/www.linkedin.com\/company\/centre-inffo\/","https:\/\/www.youtube.com\/user\/centreinffo"]}]}},"_links":{"self":[{"href":"https:\/\/uhfp.centre-inffo.fr\/2023\/wp-json\/wp\/v2\/pages\/4549"}],"collection":[{"href":"https:\/\/uhfp.centre-inffo.fr\/2023\/wp-json\/wp\/v2\/pages"}],"about":[{"href":"https:\/\/uhfp.centre-inffo.fr\/2023\/wp-json\/wp\/v2\/types\/page"}],"author":[{"embeddable":true,"href":"https:\/\/uhfp.centre-inffo.fr\/2023\/wp-json\/wp\/v2\/users\/1"}],"replies":[{"embeddable":true,"href":"https:\/\/uhfp.centre-inffo.fr\/2023\/wp-json\/wp\/v2\/comments?post=4549"}],"version-history":[{"count":11,"href":"https:\/\/uhfp.centre-inffo.fr\/2023\/wp-json\/wp\/v2\/pages\/4549\/revisions"}],"predecessor-version":[{"id":6000,"href":"https:\/\/uhfp.centre-inffo.fr\/2023\/wp-json\/wp\/v2\/pages\/4549\/revisions\/6000"}],"wp:attachment":[{"href":"https:\/\/uhfp.centre-inffo.fr\/2023\/wp-json\/wp\/v2\/media?parent=4549"}],"wp:term":[{"taxonomy":"category","embeddable":true,"href":"https:\/\/uhfp.centre-inffo.fr\/2023\/wp-json\/wp\/v2\/categories?post=4549"},{"taxonomy":"post_tag","embeddable":true,"href":"https:\/\/uhfp.centre-inffo.fr\/2023\/wp-json\/wp\/v2\/tags?post=4549"},{"taxonomy":"wf_page_folders","embeddable":true,"href":"https:\/\/uhfp.centre-inffo.fr\/2023\/wp-json\/wp\/v2\/wf_page_folders?post=4549"}],"curies":[{"name":"wp","href":"https:\/\/api.w.org\/{rel}","templated":true}]}}