{"id":4569,"date":"2023-01-06T15:05:30","date_gmt":"2023-01-06T14:05:30","guid":{"rendered":"https:\/\/uhfp.centre-inffo.fr\/2023\/?page_id=4569"},"modified":"2023-01-25T09:46:09","modified_gmt":"2023-01-25T08:46:09","slug":"e3-55-tr-certification-professionnelle-evolutions-et-nouvelles-perspectives","status":"publish","type":"page","link":"https:\/\/uhfp.centre-inffo.fr\/2023\/e3-55-tr-certification-professionnelle-evolutions-et-nouvelles-perspectives\/","title":{"rendered":"E3.55 TR &#8211; Certification professionnelle : \u00e9volutions et nouvelles perspectives"},"content":{"rendered":"<h3>Animation<\/h3>\n<ul>\n<li>Maryline Gesbert -Responsable D\u00e9partement Observatoire, Centre Inffo<\/li>\n<\/ul>\n<h3>Intervenants<\/h3>\n<ul>\n<li class=\"top-card-layout__title font-sans text-lg papabear:text-xl font-bold leading-open text-color-text mb-0\"><span style=\"font-size: 12pt;\">Nicolas Bizeul &#8211; Consultant en ing\u00e9nierie et politiques formation, Centre Inffo<\/span><\/li>\n<li class=\"top-card-layout__title font-sans text-lg papabear:text-xl font-bold leading-open text-color-text mb-0\">Jeanine Chapot &#8211; Vice-pr\u00e9sidente, Synofdes<\/li>\n<li><a href=\"\/2023\/derre\/\">David Derre<\/a> &#8211; Directeur emploi-formation, UIMM<\/li>\n<li><a href=\"\/2023\/fethi\/\">Fouzi Fethi<\/a> &#8211; Directeur du p\u00f4le Droit et Politiques de Formation, Centre Inffo<\/li>\n<li><a href=\"\/2023\/houzel\/\">Guillaume Houzel<\/a> &#8211; Conseiller sp\u00e9cial de la ministre Carole Grandjean<\/li>\n<\/ul>\n","protected":false},"excerpt":{"rendered":"<p>Animation Maryline Gesbert -Responsable D\u00e9partement Observatoire, Centre Inffo Intervenants Nicolas Bizeul &#8211; Consultant en ing\u00e9nierie et politiques formation, Centre Inffo Jeanine Chapot &#8211; Vice-pr\u00e9sidente, Synofdes David Derre &#8211; Directeur emploi-formation, &hellip; <\/p>\n","protected":false},"author":1,"featured_media":0,"parent":0,"menu_order":0,"comment_status":"closed","ping_status":"closed","template":"","meta":[],"categories":[38,41],"tags":[],"wf_page_folders":[88],"acf":[],"yoast_head":"<!-- This site is optimized with the Yoast SEO plugin v20.3 - https:\/\/yoast.com\/wordpress\/plugins\/seo\/ -->\n<title>E3.55 TR - Certification professionnelle : \u00e9volutions et nouvelles perspectives - 18e Universit\u00e9 d&#039;Hiver de la Formation Professionnelle<\/title>\n<meta name=\"robots\" content=\"index, follow, max-snippet:-1, max-image-preview:large, max-video-preview:-1\" \/>\n<link rel=\"canonical\" href=\"https:\/\/uhfp.centre-inffo.fr\/2023\/e3-55-tr-certification-professionnelle-evolutions-et-nouvelles-perspectives\/\" \/>\n<meta property=\"og:locale\" content=\"fr_FR\" \/>\n<meta property=\"og:type\" content=\"article\" \/>\n<meta property=\"og:title\" content=\"E3.55 TR - Certification professionnelle : \u00e9volutions et nouvelles perspectives - 18e Universit\u00e9 d&#039;Hiver de la Formation Professionnelle\" \/>\n<meta property=\"og:description\" content=\"Animation Maryline Gesbert -Responsable D\u00e9partement Observatoire, Centre Inffo Intervenants Nicolas Bizeul &#8211; Consultant en ing\u00e9nierie et politiques formation, Centre Inffo Jeanine Chapot &#8211; Vice-pr\u00e9sidente, Synofdes David Derre &#8211; Directeur emploi-formation, &hellip;\" \/>\n<meta property=\"og:url\" content=\"https:\/\/uhfp.centre-inffo.fr\/2023\/e3-55-tr-certification-professionnelle-evolutions-et-nouvelles-perspectives\/\" \/>\n<meta property=\"og:site_name\" content=\"18e Universit\u00e9 d&#039;Hiver de la Formation Professionnelle\" \/>\n<meta property=\"article:publisher\" content=\"https:\/\/www.facebook.com\/centreinffo\" \/>\n<meta property=\"article:modified_time\" content=\"2023-01-25T08:46:09+00:00\" \/>\n<meta name=\"twitter:card\" content=\"summary_large_image\" \/>\n<meta name=\"twitter:site\" content=\"@centreinffo\" \/>\n<meta name=\"twitter:label1\" content=\"Dur\u00e9e de lecture estim\u00e9e\" \/>\n\t<meta name=\"twitter:data1\" content=\"1 minute\" \/>\n<script type=\"application\/ld+json\" class=\"yoast-schema-graph\">{\"@context\":\"https:\/\/schema.org\",\"@graph\":[{\"@type\":\"WebPage\",\"@id\":\"https:\/\/uhfp.centre-inffo.fr\/2023\/e3-55-tr-certification-professionnelle-evolutions-et-nouvelles-perspectives\/\",\"url\":\"https:\/\/uhfp.centre-inffo.fr\/2023\/e3-55-tr-certification-professionnelle-evolutions-et-nouvelles-perspectives\/\",\"name\":\"E3.55 TR - Certification professionnelle : \u00e9volutions et nouvelles perspectives - 18e Universit\u00e9 d&#039;Hiver de la Formation Professionnelle\",\"isPartOf\":{\"@id\":\"https:\/\/uhfp.centre-inffo.fr\/2023\/#website\"},\"datePublished\":\"2023-01-06T14:05:30+00:00\",\"dateModified\":\"2023-01-25T08:46:09+00:00\",\"breadcrumb\":{\"@id\":\"https:\/\/uhfp.centre-inffo.fr\/2023\/e3-55-tr-certification-professionnelle-evolutions-et-nouvelles-perspectives\/#breadcrumb\"},\"inLanguage\":\"fr-FR\",\"potentialAction\":[{\"@type\":\"ReadAction\",\"target\":[\"https:\/\/uhfp.centre-inffo.fr\/2023\/e3-55-tr-certification-professionnelle-evolutions-et-nouvelles-perspectives\/\"]}]},{\"@type\":\"BreadcrumbList\",\"@id\":\"https:\/\/uhfp.centre-inffo.fr\/2023\/e3-55-tr-certification-professionnelle-evolutions-et-nouvelles-perspectives\/#breadcrumb\",\"itemListElement\":[{\"@type\":\"ListItem\",\"position\":1,\"name\":\"Accueil\",\"item\":\"https:\/\/uhfp.centre-inffo.fr\/2023\/\"},{\"@type\":\"ListItem\",\"position\":2,\"name\":\"Programme\",\"item\":\"https:\/\/uhfp.centre-inffo.fr\/2023\/rubrique\/programme\/\"},{\"@type\":\"ListItem\",\"position\":3,\"name\":\"E3.55 TR &#8211; Certification professionnelle : \u00e9volutions et nouvelles perspectives\"}]},{\"@type\":\"WebSite\",\"@id\":\"https:\/\/uhfp.centre-inffo.fr\/2023\/#website\",\"url\":\"https:\/\/uhfp.centre-inffo.fr\/2023\/\",\"name\":\"18e Universit\u00e9 d&#039;Hiver de la Formation Professionnelle\",\"description\":\"Comp\u00e9tences 2030 : r\u00e9ussir ensemble les transitions ! - Du 25 au 27 janvier 2023, \u00e0 Cannes\",\"publisher\":{\"@id\":\"https:\/\/uhfp.centre-inffo.fr\/2023\/#organization\"},\"potentialAction\":[{\"@type\":\"SearchAction\",\"target\":{\"@type\":\"EntryPoint\",\"urlTemplate\":\"https:\/\/uhfp.centre-inffo.fr\/2023\/?s={search_term_string}\"},\"query-input\":\"required name=search_term_string\"}],\"inLanguage\":\"fr-FR\"},{\"@type\":\"Organization\",\"@id\":\"https:\/\/uhfp.centre-inffo.fr\/2023\/#organization\",\"name\":\"Centre Inffo\",\"url\":\"https:\/\/uhfp.centre-inffo.fr\/2023\/\",\"logo\":{\"@type\":\"ImageObject\",\"inLanguage\":\"fr-FR\",\"@id\":\"https:\/\/uhfp.centre-inffo.fr\/2023\/#\/schema\/logo\/image\/\",\"url\":\"\",\"contentUrl\":\"\",\"caption\":\"Centre Inffo\"},\"image\":{\"@id\":\"https:\/\/uhfp.centre-inffo.fr\/2023\/#\/schema\/logo\/image\/\"},\"sameAs\":[\"https:\/\/www.facebook.com\/centreinffo\",\"https:\/\/twitter.com\/centreinffo\",\"https:\/\/www.linkedin.com\/company\/centre-inffo\/\",\"https:\/\/www.youtube.com\/user\/centreinffo\"]}]}<\/script>\n<!-- \/ Yoast SEO plugin. -->","yoast_head_json":{"title":"E3.55 TR - Certification professionnelle : \u00e9volutions et nouvelles perspectives - 18e Universit\u00e9 d&#039;Hiver de la Formation Professionnelle","robots":{"index":"index","follow":"follow","max-snippet":"max-snippet:-1","max-image-preview":"max-image-preview:large","max-video-preview":"max-video-preview:-1"},"canonical":"https:\/\/uhfp.centre-inffo.fr\/2023\/e3-55-tr-certification-professionnelle-evolutions-et-nouvelles-perspectives\/","og_locale":"fr_FR","og_type":"article","og_title":"E3.55 TR - Certification professionnelle : \u00e9volutions et nouvelles perspectives - 18e Universit\u00e9 d&#039;Hiver de la Formation Professionnelle","og_description":"Animation Maryline Gesbert -Responsable D\u00e9partement Observatoire, Centre Inffo Intervenants Nicolas Bizeul &#8211; Consultant en ing\u00e9nierie et politiques formation, Centre Inffo Jeanine Chapot &#8211; Vice-pr\u00e9sidente, Synofdes David Derre &#8211; Directeur emploi-formation, &hellip;","og_url":"https:\/\/uhfp.centre-inffo.fr\/2023\/e3-55-tr-certification-professionnelle-evolutions-et-nouvelles-perspectives\/","og_site_name":"18e Universit\u00e9 d&#039;Hiver de la Formation Professionnelle","article_publisher":"https:\/\/www.facebook.com\/centreinffo","article_modified_time":"2023-01-25T08:46:09+00:00","twitter_card":"summary_large_image","twitter_site":"@centreinffo","twitter_misc":{"Dur\u00e9e de lecture estim\u00e9e":"1 minute"},"schema":{"@context":"https:\/\/schema.org","@graph":[{"@type":"WebPage","@id":"https:\/\/uhfp.centre-inffo.fr\/2023\/e3-55-tr-certification-professionnelle-evolutions-et-nouvelles-perspectives\/","url":"https:\/\/uhfp.centre-inffo.fr\/2023\/e3-55-tr-certification-professionnelle-evolutions-et-nouvelles-perspectives\/","name":"E3.55 TR - Certification professionnelle : \u00e9volutions et nouvelles perspectives - 18e Universit\u00e9 d&#039;Hiver de la Formation Professionnelle","isPartOf":{"@id":"https:\/\/uhfp.centre-inffo.fr\/2023\/#website"},"datePublished":"2023-01-06T14:05:30+00:00","dateModified":"2023-01-25T08:46:09+00:00","breadcrumb":{"@id":"https:\/\/uhfp.centre-inffo.fr\/2023\/e3-55-tr-certification-professionnelle-evolutions-et-nouvelles-perspectives\/#breadcrumb"},"inLanguage":"fr-FR","potentialAction":[{"@type":"ReadAction","target":["https:\/\/uhfp.centre-inffo.fr\/2023\/e3-55-tr-certification-professionnelle-evolutions-et-nouvelles-perspectives\/"]}]},{"@type":"BreadcrumbList","@id":"https:\/\/uhfp.centre-inffo.fr\/2023\/e3-55-tr-certification-professionnelle-evolutions-et-nouvelles-perspectives\/#breadcrumb","itemListElement":[{"@type":"ListItem","position":1,"name":"Accueil","item":"https:\/\/uhfp.centre-inffo.fr\/2023\/"},{"@type":"ListItem","position":2,"name":"Programme","item":"https:\/\/uhfp.centre-inffo.fr\/2023\/rubrique\/programme\/"},{"@type":"ListItem","position":3,"name":"E3.55 TR &#8211; Certification professionnelle : \u00e9volutions et nouvelles perspectives"}]},{"@type":"WebSite","@id":"https:\/\/uhfp.centre-inffo.fr\/2023\/#website","url":"https:\/\/uhfp.centre-inffo.fr\/2023\/","name":"18e Universit\u00e9 d&#039;Hiver de la Formation Professionnelle","description":"Comp\u00e9tences 2030 : r\u00e9ussir ensemble les transitions ! - Du 25 au 27 janvier 2023, \u00e0 Cannes","publisher":{"@id":"https:\/\/uhfp.centre-inffo.fr\/2023\/#organization"},"potentialAction":[{"@type":"SearchAction","target":{"@type":"EntryPoint","urlTemplate":"https:\/\/uhfp.centre-inffo.fr\/2023\/?s={search_term_string}"},"query-input":"required name=search_term_string"}],"inLanguage":"fr-FR"},{"@type":"Organization","@id":"https:\/\/uhfp.centre-inffo.fr\/2023\/#organization","name":"Centre Inffo","url":"https:\/\/uhfp.centre-inffo.fr\/2023\/","logo":{"@type":"ImageObject","inLanguage":"fr-FR","@id":"https:\/\/uhfp.centre-inffo.fr\/2023\/#\/schema\/logo\/image\/","url":"","contentUrl":"","caption":"Centre Inffo"},"image":{"@id":"https:\/\/uhfp.centre-inffo.fr\/2023\/#\/schema\/logo\/image\/"},"sameAs":["https:\/\/www.facebook.com\/centreinffo","https:\/\/twitter.com\/centreinffo","https:\/\/www.linkedin.com\/company\/centre-inffo\/","https:\/\/www.youtube.com\/user\/centreinffo"]}]}},"_links":{"self":[{"href":"https:\/\/uhfp.centre-inffo.fr\/2023\/wp-json\/wp\/v2\/pages\/4569"}],"collection":[{"href":"https:\/\/uhfp.centre-inffo.fr\/2023\/wp-json\/wp\/v2\/pages"}],"about":[{"href":"https:\/\/uhfp.centre-inffo.fr\/2023\/wp-json\/wp\/v2\/types\/page"}],"author":[{"embeddable":true,"href":"https:\/\/uhfp.centre-inffo.fr\/2023\/wp-json\/wp\/v2\/users\/1"}],"replies":[{"embeddable":true,"href":"https:\/\/uhfp.centre-inffo.fr\/2023\/wp-json\/wp\/v2\/comments?post=4569"}],"version-history":[{"count":11,"href":"https:\/\/uhfp.centre-inffo.fr\/2023\/wp-json\/wp\/v2\/pages\/4569\/revisions"}],"predecessor-version":[{"id":5362,"href":"https:\/\/uhfp.centre-inffo.fr\/2023\/wp-json\/wp\/v2\/pages\/4569\/revisions\/5362"}],"wp:attachment":[{"href":"https:\/\/uhfp.centre-inffo.fr\/2023\/wp-json\/wp\/v2\/media?parent=4569"}],"wp:term":[{"taxonomy":"category","embeddable":true,"href":"https:\/\/uhfp.centre-inffo.fr\/2023\/wp-json\/wp\/v2\/categories?post=4569"},{"taxonomy":"post_tag","embeddable":true,"href":"https:\/\/uhfp.centre-inffo.fr\/2023\/wp-json\/wp\/v2\/tags?post=4569"},{"taxonomy":"wf_page_folders","embeddable":true,"href":"https:\/\/uhfp.centre-inffo.fr\/2023\/wp-json\/wp\/v2\/wf_page_folders?post=4569"}],"curies":[{"name":"wp","href":"https:\/\/api.w.org\/{rel}","templated":true}]}}