{"id":4593,"date":"2023-01-06T15:38:09","date_gmt":"2023-01-06T14:38:09","guid":{"rendered":"https:\/\/uhfp.centre-inffo.fr\/2023\/?page_id=4593"},"modified":"2023-01-10T15:08:49","modified_gmt":"2023-01-10T14:08:49","slug":"e4-61-at-accompagner-les-evolutions-professionnelles","status":"publish","type":"page","link":"https:\/\/uhfp.centre-inffo.fr\/2023\/e4-61-at-accompagner-les-evolutions-professionnelles\/","title":{"rendered":"E4.61 AT &#8211; Accompagner les \u00e9volutions professionnelles"},"content":{"rendered":"<p>Cet atelier vise \u00e0 \u00e9clairer les r\u00e9alit\u00e9s et les articulations possibles entre les diff\u00e9rents acteurs de l\u2019accompagnement aux \u00e9volutions professionnelles notamment \u00e0 travers un focus sur les exp\u00e9riences du CEP et de la Cit\u00e9 des m\u00e9tiers deux approches sp\u00e9cifiques.<\/p>\n<p>A cette occasion nous verrons :<\/p>\n<ul>\n<li>Comment accompagner des actifs en qu\u00eate de changement dans un monde qui change ?<\/li>\n<li>En quoi cet accompagnement s\u2019av\u00e8re toujours plus n\u00e9cessaire face \u00e0 une demande et un besoin croissants ?<\/li>\n<\/ul>\n<p>Parmi les \u00e9l\u00e9ments de r\u00e9ponse possibles nous \u00e9voquerons les dynamiques collaboratives entre les diff\u00e9rents acteurs ainsi que les invariants communs caract\u00e9risant leurs approches.<\/p>\n<p>Pour r\u00e9pondre \u00e0 ces probl\u00e9matiques nous mobiliserons des modalit\u00e9s p\u00e9dagogiques interactives \u00ab\u00a0affirmations chocs\u00a0\u00bb, \u00ab\u00a0illustrations de parcours\u00a0\u00bb&#8230;<\/p>\n<h3>Intervenants<\/h3>\n<ul>\n<li><a href=\"\/2023\/fraizy\/\">Jean-Jo\u00ebl Fraizy<\/a> &#8211; Directeur, CIBC Alpes-Provence<\/li>\n<li>Un(e) repr\u00e9sentant(e) de l&rsquo;Apec<\/li>\n<li>Un(e) repr\u00e9sentant(e) de la Cit\u00e9 des m\u00e9tiers<\/li>\n<\/ul>\n","protected":false},"excerpt":{"rendered":"<p>Cet atelier vise \u00e0 \u00e9clairer les r\u00e9alit\u00e9s et les articulations possibles entre les diff\u00e9rents acteurs de l\u2019accompagnement aux \u00e9volutions professionnelles notamment \u00e0 travers un focus sur les exp\u00e9riences du CEP &hellip; <\/p>\n","protected":false},"author":1,"featured_media":0,"parent":0,"menu_order":0,"comment_status":"closed","ping_status":"closed","template":"","meta":[],"categories":[38,41],"tags":[],"wf_page_folders":[88],"acf":[],"yoast_head":"<!-- This site is optimized with the Yoast SEO plugin v20.3 - https:\/\/yoast.com\/wordpress\/plugins\/seo\/ -->\n<title>E4.61 AT - Accompagner les \u00e9volutions professionnelles - 18e Universit\u00e9 d&#039;Hiver de la Formation Professionnelle<\/title>\n<meta name=\"robots\" content=\"index, follow, max-snippet:-1, max-image-preview:large, max-video-preview:-1\" \/>\n<link rel=\"canonical\" href=\"https:\/\/uhfp.centre-inffo.fr\/2023\/e4-61-at-accompagner-les-evolutions-professionnelles\/\" \/>\n<meta property=\"og:locale\" content=\"fr_FR\" \/>\n<meta property=\"og:type\" content=\"article\" \/>\n<meta property=\"og:title\" content=\"E4.61 AT - Accompagner les \u00e9volutions professionnelles - 18e Universit\u00e9 d&#039;Hiver de la Formation Professionnelle\" \/>\n<meta property=\"og:description\" content=\"Cet atelier vise \u00e0 \u00e9clairer les r\u00e9alit\u00e9s et les articulations possibles entre les diff\u00e9rents acteurs de l\u2019accompagnement aux \u00e9volutions professionnelles notamment \u00e0 travers un focus sur les exp\u00e9riences du CEP &hellip;\" \/>\n<meta property=\"og:url\" content=\"https:\/\/uhfp.centre-inffo.fr\/2023\/e4-61-at-accompagner-les-evolutions-professionnelles\/\" \/>\n<meta property=\"og:site_name\" content=\"18e Universit\u00e9 d&#039;Hiver de la Formation Professionnelle\" \/>\n<meta property=\"article:publisher\" content=\"https:\/\/www.facebook.com\/centreinffo\" \/>\n<meta property=\"article:modified_time\" content=\"2023-01-10T14:08:49+00:00\" \/>\n<meta name=\"twitter:card\" content=\"summary_large_image\" \/>\n<meta name=\"twitter:site\" content=\"@centreinffo\" \/>\n<meta name=\"twitter:label1\" content=\"Dur\u00e9e de lecture estim\u00e9e\" \/>\n\t<meta name=\"twitter:data1\" content=\"1 minute\" \/>\n<script type=\"application\/ld+json\" class=\"yoast-schema-graph\">{\"@context\":\"https:\/\/schema.org\",\"@graph\":[{\"@type\":\"WebPage\",\"@id\":\"https:\/\/uhfp.centre-inffo.fr\/2023\/e4-61-at-accompagner-les-evolutions-professionnelles\/\",\"url\":\"https:\/\/uhfp.centre-inffo.fr\/2023\/e4-61-at-accompagner-les-evolutions-professionnelles\/\",\"name\":\"E4.61 AT - Accompagner les \u00e9volutions professionnelles - 18e Universit\u00e9 d&#039;Hiver de la Formation Professionnelle\",\"isPartOf\":{\"@id\":\"https:\/\/uhfp.centre-inffo.fr\/2023\/#website\"},\"datePublished\":\"2023-01-06T14:38:09+00:00\",\"dateModified\":\"2023-01-10T14:08:49+00:00\",\"breadcrumb\":{\"@id\":\"https:\/\/uhfp.centre-inffo.fr\/2023\/e4-61-at-accompagner-les-evolutions-professionnelles\/#breadcrumb\"},\"inLanguage\":\"fr-FR\",\"potentialAction\":[{\"@type\":\"ReadAction\",\"target\":[\"https:\/\/uhfp.centre-inffo.fr\/2023\/e4-61-at-accompagner-les-evolutions-professionnelles\/\"]}]},{\"@type\":\"BreadcrumbList\",\"@id\":\"https:\/\/uhfp.centre-inffo.fr\/2023\/e4-61-at-accompagner-les-evolutions-professionnelles\/#breadcrumb\",\"itemListElement\":[{\"@type\":\"ListItem\",\"position\":1,\"name\":\"Accueil\",\"item\":\"https:\/\/uhfp.centre-inffo.fr\/2023\/\"},{\"@type\":\"ListItem\",\"position\":2,\"name\":\"Programme\",\"item\":\"https:\/\/uhfp.centre-inffo.fr\/2023\/rubrique\/programme\/\"},{\"@type\":\"ListItem\",\"position\":3,\"name\":\"Vendredi 27 janvier\",\"item\":\"https:\/\/uhfp.centre-inffo.fr\/2023\/rubrique\/programme\/vendredi-27-janvier\/\"},{\"@type\":\"ListItem\",\"position\":4,\"name\":\"E4.61 AT &#8211; Accompagner les \u00e9volutions professionnelles\"}]},{\"@type\":\"WebSite\",\"@id\":\"https:\/\/uhfp.centre-inffo.fr\/2023\/#website\",\"url\":\"https:\/\/uhfp.centre-inffo.fr\/2023\/\",\"name\":\"18e Universit\u00e9 d&#039;Hiver de la Formation Professionnelle\",\"description\":\"Comp\u00e9tences 2030 : r\u00e9ussir ensemble les transitions ! - Du 25 au 27 janvier 2023, \u00e0 Cannes\",\"publisher\":{\"@id\":\"https:\/\/uhfp.centre-inffo.fr\/2023\/#organization\"},\"potentialAction\":[{\"@type\":\"SearchAction\",\"target\":{\"@type\":\"EntryPoint\",\"urlTemplate\":\"https:\/\/uhfp.centre-inffo.fr\/2023\/?s={search_term_string}\"},\"query-input\":\"required name=search_term_string\"}],\"inLanguage\":\"fr-FR\"},{\"@type\":\"Organization\",\"@id\":\"https:\/\/uhfp.centre-inffo.fr\/2023\/#organization\",\"name\":\"Centre Inffo\",\"url\":\"https:\/\/uhfp.centre-inffo.fr\/2023\/\",\"logo\":{\"@type\":\"ImageObject\",\"inLanguage\":\"fr-FR\",\"@id\":\"https:\/\/uhfp.centre-inffo.fr\/2023\/#\/schema\/logo\/image\/\",\"url\":\"\",\"contentUrl\":\"\",\"caption\":\"Centre Inffo\"},\"image\":{\"@id\":\"https:\/\/uhfp.centre-inffo.fr\/2023\/#\/schema\/logo\/image\/\"},\"sameAs\":[\"https:\/\/www.facebook.com\/centreinffo\",\"https:\/\/twitter.com\/centreinffo\",\"https:\/\/www.linkedin.com\/company\/centre-inffo\/\",\"https:\/\/www.youtube.com\/user\/centreinffo\"]}]}<\/script>\n<!-- \/ Yoast SEO plugin. -->","yoast_head_json":{"title":"E4.61 AT - Accompagner les \u00e9volutions professionnelles - 18e Universit\u00e9 d&#039;Hiver de la Formation Professionnelle","robots":{"index":"index","follow":"follow","max-snippet":"max-snippet:-1","max-image-preview":"max-image-preview:large","max-video-preview":"max-video-preview:-1"},"canonical":"https:\/\/uhfp.centre-inffo.fr\/2023\/e4-61-at-accompagner-les-evolutions-professionnelles\/","og_locale":"fr_FR","og_type":"article","og_title":"E4.61 AT - Accompagner les \u00e9volutions professionnelles - 18e Universit\u00e9 d&#039;Hiver de la Formation Professionnelle","og_description":"Cet atelier vise \u00e0 \u00e9clairer les r\u00e9alit\u00e9s et les articulations possibles entre les diff\u00e9rents acteurs de l\u2019accompagnement aux \u00e9volutions professionnelles notamment \u00e0 travers un focus sur les exp\u00e9riences du CEP &hellip;","og_url":"https:\/\/uhfp.centre-inffo.fr\/2023\/e4-61-at-accompagner-les-evolutions-professionnelles\/","og_site_name":"18e Universit\u00e9 d&#039;Hiver de la Formation Professionnelle","article_publisher":"https:\/\/www.facebook.com\/centreinffo","article_modified_time":"2023-01-10T14:08:49+00:00","twitter_card":"summary_large_image","twitter_site":"@centreinffo","twitter_misc":{"Dur\u00e9e de lecture estim\u00e9e":"1 minute"},"schema":{"@context":"https:\/\/schema.org","@graph":[{"@type":"WebPage","@id":"https:\/\/uhfp.centre-inffo.fr\/2023\/e4-61-at-accompagner-les-evolutions-professionnelles\/","url":"https:\/\/uhfp.centre-inffo.fr\/2023\/e4-61-at-accompagner-les-evolutions-professionnelles\/","name":"E4.61 AT - Accompagner les \u00e9volutions professionnelles - 18e Universit\u00e9 d&#039;Hiver de la Formation Professionnelle","isPartOf":{"@id":"https:\/\/uhfp.centre-inffo.fr\/2023\/#website"},"datePublished":"2023-01-06T14:38:09+00:00","dateModified":"2023-01-10T14:08:49+00:00","breadcrumb":{"@id":"https:\/\/uhfp.centre-inffo.fr\/2023\/e4-61-at-accompagner-les-evolutions-professionnelles\/#breadcrumb"},"inLanguage":"fr-FR","potentialAction":[{"@type":"ReadAction","target":["https:\/\/uhfp.centre-inffo.fr\/2023\/e4-61-at-accompagner-les-evolutions-professionnelles\/"]}]},{"@type":"BreadcrumbList","@id":"https:\/\/uhfp.centre-inffo.fr\/2023\/e4-61-at-accompagner-les-evolutions-professionnelles\/#breadcrumb","itemListElement":[{"@type":"ListItem","position":1,"name":"Accueil","item":"https:\/\/uhfp.centre-inffo.fr\/2023\/"},{"@type":"ListItem","position":2,"name":"Programme","item":"https:\/\/uhfp.centre-inffo.fr\/2023\/rubrique\/programme\/"},{"@type":"ListItem","position":3,"name":"Vendredi 27 janvier","item":"https:\/\/uhfp.centre-inffo.fr\/2023\/rubrique\/programme\/vendredi-27-janvier\/"},{"@type":"ListItem","position":4,"name":"E4.61 AT &#8211; Accompagner les \u00e9volutions professionnelles"}]},{"@type":"WebSite","@id":"https:\/\/uhfp.centre-inffo.fr\/2023\/#website","url":"https:\/\/uhfp.centre-inffo.fr\/2023\/","name":"18e Universit\u00e9 d&#039;Hiver de la Formation Professionnelle","description":"Comp\u00e9tences 2030 : r\u00e9ussir ensemble les transitions ! - Du 25 au 27 janvier 2023, \u00e0 Cannes","publisher":{"@id":"https:\/\/uhfp.centre-inffo.fr\/2023\/#organization"},"potentialAction":[{"@type":"SearchAction","target":{"@type":"EntryPoint","urlTemplate":"https:\/\/uhfp.centre-inffo.fr\/2023\/?s={search_term_string}"},"query-input":"required name=search_term_string"}],"inLanguage":"fr-FR"},{"@type":"Organization","@id":"https:\/\/uhfp.centre-inffo.fr\/2023\/#organization","name":"Centre Inffo","url":"https:\/\/uhfp.centre-inffo.fr\/2023\/","logo":{"@type":"ImageObject","inLanguage":"fr-FR","@id":"https:\/\/uhfp.centre-inffo.fr\/2023\/#\/schema\/logo\/image\/","url":"","contentUrl":"","caption":"Centre Inffo"},"image":{"@id":"https:\/\/uhfp.centre-inffo.fr\/2023\/#\/schema\/logo\/image\/"},"sameAs":["https:\/\/www.facebook.com\/centreinffo","https:\/\/twitter.com\/centreinffo","https:\/\/www.linkedin.com\/company\/centre-inffo\/","https:\/\/www.youtube.com\/user\/centreinffo"]}]}},"_links":{"self":[{"href":"https:\/\/uhfp.centre-inffo.fr\/2023\/wp-json\/wp\/v2\/pages\/4593"}],"collection":[{"href":"https:\/\/uhfp.centre-inffo.fr\/2023\/wp-json\/wp\/v2\/pages"}],"about":[{"href":"https:\/\/uhfp.centre-inffo.fr\/2023\/wp-json\/wp\/v2\/types\/page"}],"author":[{"embeddable":true,"href":"https:\/\/uhfp.centre-inffo.fr\/2023\/wp-json\/wp\/v2\/users\/1"}],"replies":[{"embeddable":true,"href":"https:\/\/uhfp.centre-inffo.fr\/2023\/wp-json\/wp\/v2\/comments?post=4593"}],"version-history":[{"count":12,"href":"https:\/\/uhfp.centre-inffo.fr\/2023\/wp-json\/wp\/v2\/pages\/4593\/revisions"}],"predecessor-version":[{"id":4721,"href":"https:\/\/uhfp.centre-inffo.fr\/2023\/wp-json\/wp\/v2\/pages\/4593\/revisions\/4721"}],"wp:attachment":[{"href":"https:\/\/uhfp.centre-inffo.fr\/2023\/wp-json\/wp\/v2\/media?parent=4593"}],"wp:term":[{"taxonomy":"category","embeddable":true,"href":"https:\/\/uhfp.centre-inffo.fr\/2023\/wp-json\/wp\/v2\/categories?post=4593"},{"taxonomy":"post_tag","embeddable":true,"href":"https:\/\/uhfp.centre-inffo.fr\/2023\/wp-json\/wp\/v2\/tags?post=4593"},{"taxonomy":"wf_page_folders","embeddable":true,"href":"https:\/\/uhfp.centre-inffo.fr\/2023\/wp-json\/wp\/v2\/wf_page_folders?post=4593"}],"curies":[{"name":"wp","href":"https:\/\/api.w.org\/{rel}","templated":true}]}}