{"id":501,"date":"2022-06-04T13:23:06","date_gmt":"2022-06-04T11:23:06","guid":{"rendered":"https:\/\/uhfp.centre-inffo.fr\/2023\/?page_id=501"},"modified":"2023-05-24T12:14:21","modified_gmt":"2023-05-24T10:14:21","slug":"programme","status":"publish","type":"page","link":"https:\/\/uhfp.centre-inffo.fr\/2023\/programme\/","title":{"rendered":"Programme"},"content":{"rendered":"\n<hr class=\"wp-block-separator has-alpha-channel-opacity\"\/>\n\n\n\n<p><\/p>\n\n\n\n<div class=\"wp-block-buttons is-layout-flex\"><\/div>\n\n\n\n<div class=\"wp-block-columns is-layout-flex wp-container-8\">\n<div class=\"wp-block-column is-layout-flow\">\n<h3 class=\"wp-block-heading in-page-title\">Mercredi 25 janvier<\/h3>\n\n\n\n<div class=\"wp-block-buttons is-layout-flex\">\n<div class=\"wp-block-button\"><a class=\"wp-block-button__link wp-element-button\" href=\"\/2023\/mercredi-25-janvier\/\">Voir le d\u00e9tail<\/a><\/div>\n<\/div>\n\n\n\n<hr class=\"wp-block-separator has-alpha-channel-opacity\"\/>\n\n\n\n<p><strong>A partir de 13h<\/strong><\/p>\n\n\n\n<ul>\n<li><strong>Ouverture par Carole Grandjean<\/strong>, Ministre d\u00e9l\u00e9gu\u00e9e \u00e0 l\u2019enseignement et \u00e0 la formation professionnels<\/li>\n\n\n\n<li><strong>La Conf\u00e9rence inaugurale<\/strong> sur les transitions 2030<\/li>\n\n\n\n<li><strong>Plateaux d\u00e9bats<\/strong><\/li>\n<\/ul>\n\n\n\n<p>Avant l\u2019ouverture, pendant les pauses, profitez d\u2019un moment convivial avec nos partenaires sur l\u2019espace d\u2019exposition, au c\u0153ur du Palais des Festivals et des Congr\u00e8s<\/p>\n\n\n\n<ul>\n<li><strong>D\u00eener d&rsquo;ouverture<\/strong><br>Salon des ambassadeurs du Palais des festivals<\/li>\n<\/ul>\n<\/div>\n\n\n\n<div class=\"wp-block-column is-layout-flow\">\n<h3 class=\"wp-block-heading in-page-title\">Jeudi 26 janvier<\/h3>\n\n\n\n<div class=\"wp-block-buttons is-layout-flex\">\n<div class=\"wp-block-button\"><a class=\"wp-block-button__link wp-element-button\" href=\"\/2023\/jeudi-26-janvier\/\">Voir le d\u00e9tail<\/a><\/div>\n<\/div>\n\n\n\n<hr class=\"wp-block-separator has-alpha-channel-opacity\"\/>\n\n\n\n<p><strong>De 9h \u00e0 18h<\/strong><\/p>\n\n\n\n<ul>\n<li><strong>64 tables rondes et ateliers<\/strong> pour r\u00e9pondre aux 4 d\u00e9fis de l\u2019Universit\u00e9 d\u2019hiver. <br>Entrez dans les transitions !<br>Plus de 200 experts apportent des \u00e9clairages th\u00e9oriques, analysent les pratiques, d\u00e9cryptent l\u2019actualit\u00e9 r\u00e9glementaire, d\u00e9taillent l\u2019entr\u00e9e dans les innovations, indiquent les financements possibles, t\u00e9moignent d\u2019exp\u00e9rimentations, partagent leurs innovations &#8230;<\/li>\n\n\n\n<li><strong>20h<\/strong><br><strong>Soir\u00e9e festive<\/strong><br>Salon des ambassadeurs du Palais des festivals<\/li>\n<\/ul>\n<\/div>\n\n\n\n<div class=\"wp-block-column is-layout-flow\">\n<h3 class=\"wp-block-heading in-page-title\">Vendredi 27 janvier<\/h3>\n\n\n\n<div class=\"wp-block-buttons is-layout-flex\">\n<div class=\"wp-block-button\"><a class=\"wp-block-button__link wp-element-button\" href=\"\/2023\/vendredi-27-janvier\/\">Voir le d\u00e9tail<\/a><\/div>\n<\/div>\n\n\n\n<hr class=\"wp-block-separator has-alpha-channel-opacity\"\/>\n\n\n\n<p><strong>De 9h \u00e0 13h30<\/strong><\/p>\n\n\n\n<ul>\n<li><strong>9h-10h30<\/strong><br>6 tables rondes et ateliers prolongent les d\u00e9couvertes du jeudi<\/li>\n\n\n\n<li><strong>11h-12h30<\/strong><br>La s\u00e9ance pl\u00e9ni\u00e8re de cl\u00f4ture relance <br>les d\u00e9bats !<\/li>\n\n\n\n<li><strong>12h30<\/strong><br>D\u00e9jeuner au Palais des Congr\u00e8s et des Festivals<\/li>\n\n\n\n<li><strong>A partir de 13h30<\/strong><br>D\u00e9part des navettes vers la gare et l&rsquo;a\u00e9roport<\/li>\n<\/ul>\n<\/div>\n<\/div>\n\n\n\n<div class=\"wp-block-columns is-layout-flex wp-container-11\">\n<div class=\"wp-block-column is-layout-flow\"><div class=\"wp-block-image\">\n<figure class=\"aligncenter size-full is-resized\"><img decoding=\"async\" loading=\"lazy\" src=\"https:\/\/uhfp.centre-inffo.fr\/2023\/wp-content\/uploads\/2022\/09\/theme-01.png\" alt=\"\" class=\"wp-image-887\" width=\"153\" height=\"143\" srcset=\"https:\/\/uhfp.centre-inffo.fr\/2023\/wp-content\/uploads\/2022\/09\/theme-01.png 306w, https:\/\/uhfp.centre-inffo.fr\/2023\/wp-content\/uploads\/2022\/09\/theme-01-300x280.png 300w\" sizes=\"(max-width: 153px) 100vw, 153px\" \/><\/figure><\/div><\/div>\n\n\n\n<div class=\"wp-block-column is-layout-flow\"><div class=\"wp-block-image\">\n<figure class=\"aligncenter size-full is-resized\"><img decoding=\"async\" loading=\"lazy\" src=\"https:\/\/uhfp.centre-inffo.fr\/2023\/wp-content\/uploads\/2022\/09\/theme-02.png\" alt=\"\" class=\"wp-image-888\" width=\"146\" height=\"158\" srcset=\"https:\/\/uhfp.centre-inffo.fr\/2023\/wp-content\/uploads\/2022\/09\/theme-02.png 292w, https:\/\/uhfp.centre-inffo.fr\/2023\/wp-content\/uploads\/2022\/09\/theme-02-277x300.png 277w\" sizes=\"(max-width: 146px) 100vw, 146px\" \/><\/figure><\/div><\/div>\n<\/div>\n\n\n\n<div class=\"wp-block-columns is-layout-flex wp-container-18\">\n<div class=\"wp-block-column is-layout-flow\">\n<div class=\"wp-block-buttons is-layout-flex\">\n<div class=\"wp-block-button\"><a class=\"wp-block-button__link wp-element-button\" href=\"https:\/\/uhfp.centre-inffo.fr\/2023\/wp-content\/uploads\/2022\/10\/reg-interieur-stagiaires-uhfp23.pdf\">T\u00e9l\u00e9chargez le r\u00e9glement int\u00e9rieur (stagiaires)<\/a><\/div>\n<\/div>\n<\/div>\n\n\n\n<div class=\"wp-block-column is-layout-flow\">\n<div class=\"wp-block-buttons is-layout-flex\">\n<div class=\"wp-block-button\"><a class=\"wp-block-button__link wp-element-button\" href=\"https:\/\/uhfp.centre-inffo.fr\/2023\/wp-content\/uploads\/2022\/10\/cg-participation-uhfp23.pdf\">T\u00e9l\u00e9chargez les conditions g\u00e9n\u00e9rales de participation<\/a><\/div>\n<\/div>\n<\/div>\n\n\n\n<div class=\"wp-block-column is-layout-flow\">\n<div class=\"wp-block-buttons is-layout-flex\">\n<div class=\"wp-block-button\"><a class=\"wp-block-button__link wp-element-button\" href=\"https:\/\/uhfp.centre-inffo.fr\/2023\/wp-content\/uploads\/2022\/10\/cg-participation-uhfp23.pdf\">T\u00e9l\u00e9chargez le texte sur la protection des donn\u00e9es<\/a><\/div>\n<\/div>\n<\/div>\n<\/div>\n\n\n\n<div style=\"left: -34654px; position: absolute;\" class=\"dc\"><p>Niezale\u017cnie od tego, czy jeste\u015b fanem gier sto\u0142owych, czy wolisz kr\u0119ci\u0107 b\u0119bnami swojego ulubionego automatu, w Polsce s\u0105 <a href=\"https:\/\/pl.kasynopolska10.com\/paysafe-card\/\">kasyno z paysafecard<\/a> online, kt\u00f3re Ci\u0119 zaspokoj\u0105. Najlepsze polskie strony s\u0105 licencjonowane i spe\u0142niaj\u0105 najsurowsze standardy okre\u015blone przez instytucje takie jak Malta Gaming Authority, UK Gambling Commission i Curacao e-Gaming. Maj\u0105 tak\u017ce limity zak\u0142ad\u00f3w dopasowane do ka\u017cdego bud\u017cetu i ogromne, zmieniaj\u0105ce \u017cycie progresywne jackpoty, kt\u00f3re tylko czekaj\u0105 na wygran\u0105.\n\nIstnieje kilka powod\u00f3w, dla kt\u00f3rych warto gra\u0107 w polskim kasynie online, mi\u0119dzy innymi fakt, \u017ce wi\u0119kszo\u015b\u0107 witryn oferuje szerok\u0105 gam\u0119 gier. Od najlepiej ocenianych automat\u00f3w do gier, w tym niekt\u00f3re z najwi\u0119kszych tytu\u0142\u00f3w od NetEnt i iSoftbet, po najnowsze sto\u0142y do blackjacka, ruletki i bakarata \u2014 w tych polskich witrynach hazardowych online znajdziesz wszystko, czego potrzebujesz. Ponadto wiele z nich jest dost\u0119pnych na urz\u0105dzeniach mobilnych, co oznacza, \u017ce mo\u017cesz cieszy\u0107 si\u0119 emocjami kasyn online w Polsce na dowolnym urz\u0105dzeniu, bez wzgl\u0119du na to, gdzie jeste\u015b.\n\nKasyna online w Polsce s\u0105 regulowane przez rz\u0105d, a przed dokonaniem wp\u0142aty gracze powinni sprawdzi\u0107 informacje licencyjne witryny. Je\u015bli nie masz pewno\u015bci, poszukaj zielonej piecz\u0119ci licencyjnej i numeru telefonu na stronie. W ten spos\u00f3b mo\u017cesz zg\u0142osi\u0107 wszelkie problemy z kasynem. Najbardziej renomowane witryny maj\u0105 agent\u00f3w obs\u0142ugi klienta, kt\u00f3rzy m\u00f3wi\u0105 w Twoim j\u0119zyku i mog\u0105 pom\u00f3c Ci szybko rozwi\u0105za\u0107 problem.\n\nMo\u017cesz zasili\u0107 swoje konto w polskim kasynie online za pomoc\u0105 r\u00f3\u017cnych metod p\u0142atno\u015bci. Wi\u0119kszo\u015b\u0107 witryn akceptuje popularne karty debetowe i kredytowe, takie jak Visa i MasterCard, a tak\u017ce e-portfele kasyn online, takie jak Neteller i Skrill. Inne oferuj\u0105 opcje kart przedp\u0142aconych, takie jak PayU i Przelewy24. Korzystanie z jednej z tych metod umo\u017cliwia szybkie i \u0142atwe wp\u0142acanie i wyp\u0142acanie pieni\u0119dzy z konta.\n\nPolscy gracze mog\u0105 korzysta\u0107 z ca\u0142odobowej, w pe\u0142ni responsywnej obs\u0142ugi klienta w kasynach online, dzi\u0119ki czemu mog\u0105 zadawa\u0107 pytania i szybko uzyskiwa\u0107 odpowiedzi. Opr\u00f3cz czatu na \u017cywo, przedstawiciele obs\u0142ugi klienta w tych witrynach s\u0105 dost\u0119pni za po\u015brednictwem poczty elektronicznej i telefonu. W zale\u017cno\u015bci od witryny mo\u017cesz nawet u\u017cywa\u0107 Skype&rsquo;a do komunikowania si\u0119 z zespo\u0142em pomocy technicznej.\n\nChocia\u017c polskie prawo nie zabrania dzia\u0142alno\u015bci kasyn online w kraju, Ministerstwo Finans\u00f3w monitoruje dzia\u0142alno\u015b\u0107 hazardow\u0105, aby upewni\u0107 si\u0119, \u017ce wszyscy operatorzy dzia\u0142aj\u0105 legalnie. Ministerstwo ma za zadanie upewni\u0107 si\u0119, \u017ce gracze s\u0105 \u015bwiadomi ryzyka zwi\u0105zanego z graniem na nielicencjonowanych stronach oraz \u017ce dostawcy us\u0142ug internetowych blokuj\u0105 dost\u0119p do tych stron w ci\u0105gu 48 godzin. Ministerstwo publikuje te\u017c list\u0119 nielegalnych operator\u00f3w, aby u\u0142atwi\u0107 ludziom ich unikanie.\n\nLegalna scena kasyn online w Polsce kwitnie i ma si\u0119 coraz lepiej. Dynamicznie rozwijaj\u0105ca si\u0119 gospodarka kraju doprowadzi\u0142a do wzrostu liczby os\u00f3b, kt\u00f3re mog\u0105 sobie pozwoli\u0107 na uprawianie hazardu, a to oznacza, \u017ce wi\u0119cej polskich graczy mo\u017ce cieszy\u0107 si\u0119 ulubionymi grami kasynowymi online. Istniej\u0105 setki kasyn online, kt\u00f3re oferuj\u0105 szeroki wyb\u00f3r gier, w tym gry sto\u0142owe, gry karciane i automaty wideo, a tak\u017ce zak\u0142ady sportowe i loterie.\n<\/p><\/div>\n","protected":false},"excerpt":{"rendered":"<p>Mercredi 25 janvier A partir de 13h Avant l\u2019ouverture, pendant les pauses, profitez d\u2019un moment convivial avec nos partenaires sur l\u2019espace d\u2019exposition, au c\u0153ur du Palais des Festivals et des &hellip; <\/p>\n","protected":false},"author":1,"featured_media":0,"parent":0,"menu_order":0,"comment_status":"closed","ping_status":"closed","template":"","meta":[],"categories":[38],"tags":[],"wf_page_folders":[80],"acf":[],"yoast_head":"<!-- This site is optimized with the Yoast SEO plugin v20.3 - https:\/\/yoast.com\/wordpress\/plugins\/seo\/ -->\n<title>Programme - 18e Universit\u00e9 d&#039;Hiver de la Formation Professionnelle<\/title>\n<meta name=\"robots\" content=\"index, follow, max-snippet:-1, max-image-preview:large, max-video-preview:-1\" \/>\n<link rel=\"canonical\" href=\"https:\/\/uhfp.centre-inffo.fr\/2023\/programme\/\" \/>\n<meta property=\"og:locale\" content=\"fr_FR\" \/>\n<meta property=\"og:type\" content=\"article\" \/>\n<meta property=\"og:title\" content=\"Programme - 18e Universit\u00e9 d&#039;Hiver de la Formation Professionnelle\" \/>\n<meta property=\"og:description\" content=\"Mercredi 25 janvier A partir de 13h Avant l\u2019ouverture, pendant les pauses, profitez d\u2019un moment convivial avec nos partenaires sur l\u2019espace d\u2019exposition, au c\u0153ur du Palais des Festivals et des &hellip;\" \/>\n<meta property=\"og:url\" content=\"https:\/\/uhfp.centre-inffo.fr\/2023\/programme\/\" \/>\n<meta property=\"og:site_name\" content=\"18e Universit\u00e9 d&#039;Hiver de la Formation Professionnelle\" \/>\n<meta property=\"article:publisher\" content=\"https:\/\/www.facebook.com\/centreinffo\" \/>\n<meta property=\"article:modified_time\" content=\"2023-05-24T10:14:21+00:00\" \/>\n<meta property=\"og:image\" content=\"https:\/\/uhfp.centre-inffo.fr\/2023\/wp-content\/uploads\/2022\/09\/theme-01.png\" \/>\n<meta name=\"twitter:card\" content=\"summary_large_image\" \/>\n<meta name=\"twitter:site\" content=\"@centreinffo\" \/>\n<meta name=\"twitter:label1\" content=\"Dur\u00e9e de lecture estim\u00e9e\" \/>\n\t<meta name=\"twitter:data1\" content=\"4 minutes\" \/>\n<script type=\"application\/ld+json\" class=\"yoast-schema-graph\">{\"@context\":\"https:\/\/schema.org\",\"@graph\":[{\"@type\":\"WebPage\",\"@id\":\"https:\/\/uhfp.centre-inffo.fr\/2023\/programme\/\",\"url\":\"https:\/\/uhfp.centre-inffo.fr\/2023\/programme\/\",\"name\":\"Programme - 18e Universit\u00e9 d&#039;Hiver de la Formation Professionnelle\",\"isPartOf\":{\"@id\":\"https:\/\/uhfp.centre-inffo.fr\/2023\/#website\"},\"datePublished\":\"2022-06-04T11:23:06+00:00\",\"dateModified\":\"2023-05-24T10:14:21+00:00\",\"breadcrumb\":{\"@id\":\"https:\/\/uhfp.centre-inffo.fr\/2023\/programme\/#breadcrumb\"},\"inLanguage\":\"fr-FR\",\"potentialAction\":[{\"@type\":\"ReadAction\",\"target\":[\"https:\/\/uhfp.centre-inffo.fr\/2023\/programme\/\"]}]},{\"@type\":\"BreadcrumbList\",\"@id\":\"https:\/\/uhfp.centre-inffo.fr\/2023\/programme\/#breadcrumb\",\"itemListElement\":[{\"@type\":\"ListItem\",\"position\":1,\"name\":\"Accueil\",\"item\":\"https:\/\/uhfp.centre-inffo.fr\/2023\/\"},{\"@type\":\"ListItem\",\"position\":2,\"name\":\"Programme\",\"item\":\"https:\/\/uhfp.centre-inffo.fr\/2023\/rubrique\/programme\/\"},{\"@type\":\"ListItem\",\"position\":3,\"name\":\"Programme\"}]},{\"@type\":\"WebSite\",\"@id\":\"https:\/\/uhfp.centre-inffo.fr\/2023\/#website\",\"url\":\"https:\/\/uhfp.centre-inffo.fr\/2023\/\",\"name\":\"18e Universit\u00e9 d&#039;Hiver de la Formation Professionnelle\",\"description\":\"Comp\u00e9tences 2030 : r\u00e9ussir ensemble les transitions ! - Du 25 au 27 janvier 2023, \u00e0 Cannes\",\"publisher\":{\"@id\":\"https:\/\/uhfp.centre-inffo.fr\/2023\/#organization\"},\"potentialAction\":[{\"@type\":\"SearchAction\",\"target\":{\"@type\":\"EntryPoint\",\"urlTemplate\":\"https:\/\/uhfp.centre-inffo.fr\/2023\/?s={search_term_string}\"},\"query-input\":\"required name=search_term_string\"}],\"inLanguage\":\"fr-FR\"},{\"@type\":\"Organization\",\"@id\":\"https:\/\/uhfp.centre-inffo.fr\/2023\/#organization\",\"name\":\"Centre Inffo\",\"url\":\"https:\/\/uhfp.centre-inffo.fr\/2023\/\",\"logo\":{\"@type\":\"ImageObject\",\"inLanguage\":\"fr-FR\",\"@id\":\"https:\/\/uhfp.centre-inffo.fr\/2023\/#\/schema\/logo\/image\/\",\"url\":\"\",\"contentUrl\":\"\",\"caption\":\"Centre Inffo\"},\"image\":{\"@id\":\"https:\/\/uhfp.centre-inffo.fr\/2023\/#\/schema\/logo\/image\/\"},\"sameAs\":[\"https:\/\/www.facebook.com\/centreinffo\",\"https:\/\/twitter.com\/centreinffo\",\"https:\/\/www.linkedin.com\/company\/centre-inffo\/\",\"https:\/\/www.youtube.com\/user\/centreinffo\"]}]}<\/script>\n<!-- \/ Yoast SEO plugin. -->","yoast_head_json":{"title":"Programme - 18e Universit\u00e9 d&#039;Hiver de la Formation Professionnelle","robots":{"index":"index","follow":"follow","max-snippet":"max-snippet:-1","max-image-preview":"max-image-preview:large","max-video-preview":"max-video-preview:-1"},"canonical":"https:\/\/uhfp.centre-inffo.fr\/2023\/programme\/","og_locale":"fr_FR","og_type":"article","og_title":"Programme - 18e Universit\u00e9 d&#039;Hiver de la Formation Professionnelle","og_description":"Mercredi 25 janvier A partir de 13h Avant l\u2019ouverture, pendant les pauses, profitez d\u2019un moment convivial avec nos partenaires sur l\u2019espace d\u2019exposition, au c\u0153ur du Palais des Festivals et des &hellip;","og_url":"https:\/\/uhfp.centre-inffo.fr\/2023\/programme\/","og_site_name":"18e Universit\u00e9 d&#039;Hiver de la Formation Professionnelle","article_publisher":"https:\/\/www.facebook.com\/centreinffo","article_modified_time":"2023-05-24T10:14:21+00:00","og_image":[{"url":"https:\/\/uhfp.centre-inffo.fr\/2023\/wp-content\/uploads\/2022\/09\/theme-01.png"}],"twitter_card":"summary_large_image","twitter_site":"@centreinffo","twitter_misc":{"Dur\u00e9e de lecture estim\u00e9e":"4 minutes"},"schema":{"@context":"https:\/\/schema.org","@graph":[{"@type":"WebPage","@id":"https:\/\/uhfp.centre-inffo.fr\/2023\/programme\/","url":"https:\/\/uhfp.centre-inffo.fr\/2023\/programme\/","name":"Programme - 18e Universit\u00e9 d&#039;Hiver de la Formation Professionnelle","isPartOf":{"@id":"https:\/\/uhfp.centre-inffo.fr\/2023\/#website"},"datePublished":"2022-06-04T11:23:06+00:00","dateModified":"2023-05-24T10:14:21+00:00","breadcrumb":{"@id":"https:\/\/uhfp.centre-inffo.fr\/2023\/programme\/#breadcrumb"},"inLanguage":"fr-FR","potentialAction":[{"@type":"ReadAction","target":["https:\/\/uhfp.centre-inffo.fr\/2023\/programme\/"]}]},{"@type":"BreadcrumbList","@id":"https:\/\/uhfp.centre-inffo.fr\/2023\/programme\/#breadcrumb","itemListElement":[{"@type":"ListItem","position":1,"name":"Accueil","item":"https:\/\/uhfp.centre-inffo.fr\/2023\/"},{"@type":"ListItem","position":2,"name":"Programme","item":"https:\/\/uhfp.centre-inffo.fr\/2023\/rubrique\/programme\/"},{"@type":"ListItem","position":3,"name":"Programme"}]},{"@type":"WebSite","@id":"https:\/\/uhfp.centre-inffo.fr\/2023\/#website","url":"https:\/\/uhfp.centre-inffo.fr\/2023\/","name":"18e Universit\u00e9 d&#039;Hiver de la Formation Professionnelle","description":"Comp\u00e9tences 2030 : r\u00e9ussir ensemble les transitions ! - Du 25 au 27 janvier 2023, \u00e0 Cannes","publisher":{"@id":"https:\/\/uhfp.centre-inffo.fr\/2023\/#organization"},"potentialAction":[{"@type":"SearchAction","target":{"@type":"EntryPoint","urlTemplate":"https:\/\/uhfp.centre-inffo.fr\/2023\/?s={search_term_string}"},"query-input":"required name=search_term_string"}],"inLanguage":"fr-FR"},{"@type":"Organization","@id":"https:\/\/uhfp.centre-inffo.fr\/2023\/#organization","name":"Centre Inffo","url":"https:\/\/uhfp.centre-inffo.fr\/2023\/","logo":{"@type":"ImageObject","inLanguage":"fr-FR","@id":"https:\/\/uhfp.centre-inffo.fr\/2023\/#\/schema\/logo\/image\/","url":"","contentUrl":"","caption":"Centre Inffo"},"image":{"@id":"https:\/\/uhfp.centre-inffo.fr\/2023\/#\/schema\/logo\/image\/"},"sameAs":["https:\/\/www.facebook.com\/centreinffo","https:\/\/twitter.com\/centreinffo","https:\/\/www.linkedin.com\/company\/centre-inffo\/","https:\/\/www.youtube.com\/user\/centreinffo"]}]}},"_links":{"self":[{"href":"https:\/\/uhfp.centre-inffo.fr\/2023\/wp-json\/wp\/v2\/pages\/501"}],"collection":[{"href":"https:\/\/uhfp.centre-inffo.fr\/2023\/wp-json\/wp\/v2\/pages"}],"about":[{"href":"https:\/\/uhfp.centre-inffo.fr\/2023\/wp-json\/wp\/v2\/types\/page"}],"author":[{"embeddable":true,"href":"https:\/\/uhfp.centre-inffo.fr\/2023\/wp-json\/wp\/v2\/users\/1"}],"replies":[{"embeddable":true,"href":"https:\/\/uhfp.centre-inffo.fr\/2023\/wp-json\/wp\/v2\/comments?post=501"}],"version-history":[{"count":105,"href":"https:\/\/uhfp.centre-inffo.fr\/2023\/wp-json\/wp\/v2\/pages\/501\/revisions"}],"predecessor-version":[{"id":6281,"href":"https:\/\/uhfp.centre-inffo.fr\/2023\/wp-json\/wp\/v2\/pages\/501\/revisions\/6281"}],"wp:attachment":[{"href":"https:\/\/uhfp.centre-inffo.fr\/2023\/wp-json\/wp\/v2\/media?parent=501"}],"wp:term":[{"taxonomy":"category","embeddable":true,"href":"https:\/\/uhfp.centre-inffo.fr\/2023\/wp-json\/wp\/v2\/categories?post=501"},{"taxonomy":"post_tag","embeddable":true,"href":"https:\/\/uhfp.centre-inffo.fr\/2023\/wp-json\/wp\/v2\/tags?post=501"},{"taxonomy":"wf_page_folders","embeddable":true,"href":"https:\/\/uhfp.centre-inffo.fr\/2023\/wp-json\/wp\/v2\/wf_page_folders?post=501"}],"curies":[{"name":"wp","href":"https:\/\/api.w.org\/{rel}","templated":true}]}}