{"id":5031,"date":"2022-12-10T02:05:12","date_gmt":"2022-12-10T01:05:12","guid":{"rendered":"https:\/\/uhfp.centre-inffo.fr\/2023\/?page_id=5031"},"modified":"2023-01-18T13:47:54","modified_gmt":"2023-01-18T12:47:54","slug":"chatelier","status":"publish","type":"page","link":"https:\/\/uhfp.centre-inffo.fr\/2023\/chatelier\/","title":{"rendered":"Chatelier"},"content":{"rendered":"<p>Psychosociologue de m\u00e9tier et form\u00e9e \u00e0 l\u2019ergonomie, elle s\u2019est sp\u00e9cialis\u00e9e dans l\u2019intervention en entreprise, l\u2019accompagnement des changements et la formation de formateurs et d\u2019adultes.<br \/>\nC\u00e9line a une expertise de 25 ann\u00e9es d\u2019accompagnement des organisations sur les questions de d\u00e9veloppement des comp\u00e9tences, de formation, de dialogue professionnel et de vie au travail.<\/p>\n<p>Elle a forg\u00e9 son exp\u00e9rience d\u2019ing\u00e9nierie formation et p\u00e9dagogique en tant que responsable p\u00e9dagogique 5 ans puis directrice 5 ans d\u2019un organisme de formationappui-conseil. Durant cette p\u00e9riode elle a particuli\u00e8rement d\u00e9velopp\u00e9 des dispositifs de formation sur les questions de structuration et renouvellement des ressources et fonctionnement collectifs, sur le fonctionnement et les moyens du dialogue social en entreprise, et la formation des repr\u00e9sentants du personnel \u00e0 l\u2019analyse des conditions de travail, des risques psycho-sociaux et au d\u00e9veloppement de dynamiques de qualit\u00e9 de vie au travail.<\/p>\n<p>Elle a d\u00e9velopp\u00e9 son expertise et sa lecture du monde du travail en s\u2019appuyant sur le pilotage, durant 4 ann\u00e9es, d\u2019un dispositif d\u2019enqu\u00eates \u00ab vie au travail \u00bb aupr\u00e8s de plus de 20000 salari\u00e9s, et sur ses engagements et responsabilit\u00e9s de vice-pr\u00e9sidente de l\u2019ARACT des Pays de la Loire et de membre du conseil d\u2019administration de l\u2019ISSTO de Rennes. Elle fait du dialogue social et du dialogue professionnel les leviers des dynamiques de changement et de performance des entreprises.<\/p>\n<p>Au sein de CATALYS Conseil elle est responsable du Lab innovation, de l\u2019organisme de formation et du conseil aux entreprise en d\u00e9veloppement des comp\u00e9tences par les dynamiques de formation interne et AFEST.<\/p>\n<p>Elle est une experte reconnue en mati\u00e8re de politiques RH et manag\u00e9riale, elle accompagne les dynamiques comp\u00e9tences, formation et d\u2019organisation apprenante des entreprises. Elle fait des dialogues professionnel et dialogue social les leviers des changements dans les organisations de travail.<\/p>\n<p>Ses domaines de pr\u00e9dilection :<\/p>\n<ul>\n<li>Politiques RH, GEPP et QVCT : accompagnement d\u2019enqu\u00eates aupr\u00e8s de plus de 1000 salari\u00e9s<\/li>\n<li>Ing\u00e9nierie des comp\u00e9tences et architecture des parcours professionnels<\/li>\n<li>Ing\u00e9nierie formation et p\u00e9dagogique &#8211; AFEST<\/li>\n<li>Dialogue social et dialogue professionnel en entreprise<\/li>\n<\/ul>\n<p>Elle a \u00e9galement d\u00e9velopp\u00e9 pour le cabinet un dispositif d\u2019accompagnement des parcours atypiques (b\u00e9n\u00e9voles, salari\u00e9s repr\u00e9sentants du personnel, mandat\u00e9s politiques), permettant la formalisation et la valorisation des comp\u00e9tences issues de la militance au service de projets professionnels. Dans ce cadre elle dirige le d\u00e9ploiement pour ce public du distanciel MyCatalys, compl\u00e9mentaire \u00e0 l\u2019accompagnement pr\u00e9sentiel, afin d\u2019optimiser le rebond professionnel et les reconversions.<\/p>\n<h3>Intervention<\/h3>\n<ul>\n<li><a href=\"\/2023\/b3-24-at-le-cep-levier-dun-parcours-sans-couture-de-lafest-a-la-vae\/\">B3.24 AT : Le CEP, levier d\u2019un parcours sans couture de l\u2019Afest \u00e0 la VAE<\/a><\/li>\n<\/ul>\n","protected":false},"excerpt":{"rendered":"<p>Psychosociologue de m\u00e9tier et form\u00e9e \u00e0 l\u2019ergonomie, elle s\u2019est sp\u00e9cialis\u00e9e dans l\u2019intervention en entreprise, l\u2019accompagnement des changements et la formation de formateurs et d\u2019adultes. C\u00e9line a une expertise de 25 &hellip; <\/p>\n","protected":false},"author":1,"featured_media":5035,"parent":0,"menu_order":0,"comment_status":"closed","ping_status":"closed","template":"","meta":[],"categories":[6],"tags":[],"wf_page_folders":[92],"acf":[],"yoast_head":"<!-- This site is optimized with the Yoast SEO plugin v20.3 - https:\/\/yoast.com\/wordpress\/plugins\/seo\/ -->\n<title>Chatelier - 18e Universit\u00e9 d&#039;Hiver de la Formation Professionnelle<\/title>\n<meta name=\"robots\" content=\"index, follow, max-snippet:-1, max-image-preview:large, max-video-preview:-1\" \/>\n<link rel=\"canonical\" href=\"https:\/\/uhfp.centre-inffo.fr\/2023\/chatelier\/\" \/>\n<meta property=\"og:locale\" content=\"fr_FR\" \/>\n<meta property=\"og:type\" content=\"article\" \/>\n<meta property=\"og:title\" content=\"Chatelier - 18e Universit\u00e9 d&#039;Hiver de la Formation Professionnelle\" \/>\n<meta property=\"og:description\" content=\"Psychosociologue de m\u00e9tier et form\u00e9e \u00e0 l\u2019ergonomie, elle s\u2019est sp\u00e9cialis\u00e9e dans l\u2019intervention en entreprise, l\u2019accompagnement des changements et la formation de formateurs et d\u2019adultes. C\u00e9line a une expertise de 25 &hellip;\" \/>\n<meta property=\"og:url\" content=\"https:\/\/uhfp.centre-inffo.fr\/2023\/chatelier\/\" \/>\n<meta property=\"og:site_name\" content=\"18e Universit\u00e9 d&#039;Hiver de la Formation Professionnelle\" \/>\n<meta property=\"article:publisher\" content=\"https:\/\/www.facebook.com\/centreinffo\" \/>\n<meta property=\"article:modified_time\" content=\"2023-01-18T12:47:54+00:00\" \/>\n<meta property=\"og:image\" content=\"https:\/\/uhfp.centre-inffo.fr\/2023\/wp-content\/uploads\/2023\/01\/chatelier.jpg\" \/>\n\t<meta property=\"og:image:width\" content=\"300\" \/>\n\t<meta property=\"og:image:height\" content=\"300\" \/>\n\t<meta property=\"og:image:type\" content=\"image\/jpeg\" \/>\n<meta name=\"twitter:card\" content=\"summary_large_image\" \/>\n<meta name=\"twitter:site\" content=\"@centreinffo\" \/>\n<meta name=\"twitter:label1\" content=\"Dur\u00e9e de lecture estim\u00e9e\" \/>\n\t<meta name=\"twitter:data1\" content=\"3 minutes\" \/>\n<script type=\"application\/ld+json\" class=\"yoast-schema-graph\">{\"@context\":\"https:\/\/schema.org\",\"@graph\":[{\"@type\":\"WebPage\",\"@id\":\"https:\/\/uhfp.centre-inffo.fr\/2023\/chatelier\/\",\"url\":\"https:\/\/uhfp.centre-inffo.fr\/2023\/chatelier\/\",\"name\":\"Chatelier - 18e Universit\u00e9 d&#039;Hiver de la Formation Professionnelle\",\"isPartOf\":{\"@id\":\"https:\/\/uhfp.centre-inffo.fr\/2023\/#website\"},\"datePublished\":\"2022-12-10T01:05:12+00:00\",\"dateModified\":\"2023-01-18T12:47:54+00:00\",\"breadcrumb\":{\"@id\":\"https:\/\/uhfp.centre-inffo.fr\/2023\/chatelier\/#breadcrumb\"},\"inLanguage\":\"fr-FR\",\"potentialAction\":[{\"@type\":\"ReadAction\",\"target\":[\"https:\/\/uhfp.centre-inffo.fr\/2023\/chatelier\/\"]}]},{\"@type\":\"BreadcrumbList\",\"@id\":\"https:\/\/uhfp.centre-inffo.fr\/2023\/chatelier\/#breadcrumb\",\"itemListElement\":[{\"@type\":\"ListItem\",\"position\":1,\"name\":\"Accueil\",\"item\":\"https:\/\/uhfp.centre-inffo.fr\/2023\/\"},{\"@type\":\"ListItem\",\"position\":2,\"name\":\"Intervenants\",\"item\":\"https:\/\/uhfp.centre-inffo.fr\/2023\/rubrique\/intervenants\/\"},{\"@type\":\"ListItem\",\"position\":3,\"name\":\"Chatelier\"}]},{\"@type\":\"WebSite\",\"@id\":\"https:\/\/uhfp.centre-inffo.fr\/2023\/#website\",\"url\":\"https:\/\/uhfp.centre-inffo.fr\/2023\/\",\"name\":\"18e Universit\u00e9 d&#039;Hiver de la Formation Professionnelle\",\"description\":\"Comp\u00e9tences 2030 : r\u00e9ussir ensemble les transitions ! - Du 25 au 27 janvier 2023, \u00e0 Cannes\",\"publisher\":{\"@id\":\"https:\/\/uhfp.centre-inffo.fr\/2023\/#organization\"},\"potentialAction\":[{\"@type\":\"SearchAction\",\"target\":{\"@type\":\"EntryPoint\",\"urlTemplate\":\"https:\/\/uhfp.centre-inffo.fr\/2023\/?s={search_term_string}\"},\"query-input\":\"required name=search_term_string\"}],\"inLanguage\":\"fr-FR\"},{\"@type\":\"Organization\",\"@id\":\"https:\/\/uhfp.centre-inffo.fr\/2023\/#organization\",\"name\":\"Centre Inffo\",\"url\":\"https:\/\/uhfp.centre-inffo.fr\/2023\/\",\"logo\":{\"@type\":\"ImageObject\",\"inLanguage\":\"fr-FR\",\"@id\":\"https:\/\/uhfp.centre-inffo.fr\/2023\/#\/schema\/logo\/image\/\",\"url\":\"\",\"contentUrl\":\"\",\"caption\":\"Centre Inffo\"},\"image\":{\"@id\":\"https:\/\/uhfp.centre-inffo.fr\/2023\/#\/schema\/logo\/image\/\"},\"sameAs\":[\"https:\/\/www.facebook.com\/centreinffo\",\"https:\/\/twitter.com\/centreinffo\",\"https:\/\/www.linkedin.com\/company\/centre-inffo\/\",\"https:\/\/www.youtube.com\/user\/centreinffo\"]}]}<\/script>\n<!-- \/ Yoast SEO plugin. -->","yoast_head_json":{"title":"Chatelier - 18e Universit\u00e9 d&#039;Hiver de la Formation Professionnelle","robots":{"index":"index","follow":"follow","max-snippet":"max-snippet:-1","max-image-preview":"max-image-preview:large","max-video-preview":"max-video-preview:-1"},"canonical":"https:\/\/uhfp.centre-inffo.fr\/2023\/chatelier\/","og_locale":"fr_FR","og_type":"article","og_title":"Chatelier - 18e Universit\u00e9 d&#039;Hiver de la Formation Professionnelle","og_description":"Psychosociologue de m\u00e9tier et form\u00e9e \u00e0 l\u2019ergonomie, elle s\u2019est sp\u00e9cialis\u00e9e dans l\u2019intervention en entreprise, l\u2019accompagnement des changements et la formation de formateurs et d\u2019adultes. C\u00e9line a une expertise de 25 &hellip;","og_url":"https:\/\/uhfp.centre-inffo.fr\/2023\/chatelier\/","og_site_name":"18e Universit\u00e9 d&#039;Hiver de la Formation Professionnelle","article_publisher":"https:\/\/www.facebook.com\/centreinffo","article_modified_time":"2023-01-18T12:47:54+00:00","og_image":[{"width":300,"height":300,"url":"https:\/\/uhfp.centre-inffo.fr\/2023\/wp-content\/uploads\/2023\/01\/chatelier.jpg","type":"image\/jpeg"}],"twitter_card":"summary_large_image","twitter_site":"@centreinffo","twitter_misc":{"Dur\u00e9e de lecture estim\u00e9e":"3 minutes"},"schema":{"@context":"https:\/\/schema.org","@graph":[{"@type":"WebPage","@id":"https:\/\/uhfp.centre-inffo.fr\/2023\/chatelier\/","url":"https:\/\/uhfp.centre-inffo.fr\/2023\/chatelier\/","name":"Chatelier - 18e Universit\u00e9 d&#039;Hiver de la Formation Professionnelle","isPartOf":{"@id":"https:\/\/uhfp.centre-inffo.fr\/2023\/#website"},"datePublished":"2022-12-10T01:05:12+00:00","dateModified":"2023-01-18T12:47:54+00:00","breadcrumb":{"@id":"https:\/\/uhfp.centre-inffo.fr\/2023\/chatelier\/#breadcrumb"},"inLanguage":"fr-FR","potentialAction":[{"@type":"ReadAction","target":["https:\/\/uhfp.centre-inffo.fr\/2023\/chatelier\/"]}]},{"@type":"BreadcrumbList","@id":"https:\/\/uhfp.centre-inffo.fr\/2023\/chatelier\/#breadcrumb","itemListElement":[{"@type":"ListItem","position":1,"name":"Accueil","item":"https:\/\/uhfp.centre-inffo.fr\/2023\/"},{"@type":"ListItem","position":2,"name":"Intervenants","item":"https:\/\/uhfp.centre-inffo.fr\/2023\/rubrique\/intervenants\/"},{"@type":"ListItem","position":3,"name":"Chatelier"}]},{"@type":"WebSite","@id":"https:\/\/uhfp.centre-inffo.fr\/2023\/#website","url":"https:\/\/uhfp.centre-inffo.fr\/2023\/","name":"18e Universit\u00e9 d&#039;Hiver de la Formation Professionnelle","description":"Comp\u00e9tences 2030 : r\u00e9ussir ensemble les transitions ! - Du 25 au 27 janvier 2023, \u00e0 Cannes","publisher":{"@id":"https:\/\/uhfp.centre-inffo.fr\/2023\/#organization"},"potentialAction":[{"@type":"SearchAction","target":{"@type":"EntryPoint","urlTemplate":"https:\/\/uhfp.centre-inffo.fr\/2023\/?s={search_term_string}"},"query-input":"required name=search_term_string"}],"inLanguage":"fr-FR"},{"@type":"Organization","@id":"https:\/\/uhfp.centre-inffo.fr\/2023\/#organization","name":"Centre Inffo","url":"https:\/\/uhfp.centre-inffo.fr\/2023\/","logo":{"@type":"ImageObject","inLanguage":"fr-FR","@id":"https:\/\/uhfp.centre-inffo.fr\/2023\/#\/schema\/logo\/image\/","url":"","contentUrl":"","caption":"Centre Inffo"},"image":{"@id":"https:\/\/uhfp.centre-inffo.fr\/2023\/#\/schema\/logo\/image\/"},"sameAs":["https:\/\/www.facebook.com\/centreinffo","https:\/\/twitter.com\/centreinffo","https:\/\/www.linkedin.com\/company\/centre-inffo\/","https:\/\/www.youtube.com\/user\/centreinffo"]}]}},"_links":{"self":[{"href":"https:\/\/uhfp.centre-inffo.fr\/2023\/wp-json\/wp\/v2\/pages\/5031"}],"collection":[{"href":"https:\/\/uhfp.centre-inffo.fr\/2023\/wp-json\/wp\/v2\/pages"}],"about":[{"href":"https:\/\/uhfp.centre-inffo.fr\/2023\/wp-json\/wp\/v2\/types\/page"}],"author":[{"embeddable":true,"href":"https:\/\/uhfp.centre-inffo.fr\/2023\/wp-json\/wp\/v2\/users\/1"}],"replies":[{"embeddable":true,"href":"https:\/\/uhfp.centre-inffo.fr\/2023\/wp-json\/wp\/v2\/comments?post=5031"}],"version-history":[{"count":3,"href":"https:\/\/uhfp.centre-inffo.fr\/2023\/wp-json\/wp\/v2\/pages\/5031\/revisions"}],"predecessor-version":[{"id":5034,"href":"https:\/\/uhfp.centre-inffo.fr\/2023\/wp-json\/wp\/v2\/pages\/5031\/revisions\/5034"}],"wp:featuredmedia":[{"embeddable":true,"href":"https:\/\/uhfp.centre-inffo.fr\/2023\/wp-json\/wp\/v2\/media\/5035"}],"wp:attachment":[{"href":"https:\/\/uhfp.centre-inffo.fr\/2023\/wp-json\/wp\/v2\/media?parent=5031"}],"wp:term":[{"taxonomy":"category","embeddable":true,"href":"https:\/\/uhfp.centre-inffo.fr\/2023\/wp-json\/wp\/v2\/categories?post=5031"},{"taxonomy":"post_tag","embeddable":true,"href":"https:\/\/uhfp.centre-inffo.fr\/2023\/wp-json\/wp\/v2\/tags?post=5031"},{"taxonomy":"wf_page_folders","embeddable":true,"href":"https:\/\/uhfp.centre-inffo.fr\/2023\/wp-json\/wp\/v2\/wf_page_folders?post=5031"}],"curies":[{"name":"wp","href":"https:\/\/api.w.org\/{rel}","templated":true}]}}