{"id":5327,"date":"2023-01-25T09:40:24","date_gmt":"2023-01-25T08:40:24","guid":{"rendered":"https:\/\/uhfp.centre-inffo.fr\/2023\/?page_id=5327"},"modified":"2023-02-14T13:48:37","modified_gmt":"2023-02-14T12:48:37","slug":"les-replays","status":"publish","type":"page","link":"https:\/\/uhfp.centre-inffo.fr\/2023\/les-replays\/","title":{"rendered":"UHFP 2023 : les replays"},"content":{"rendered":"\n<hr class=\"wp-block-separator has-alpha-channel-opacity\"\/>\n\n\n\n<div class=\"wp-block-columns is-layout-flex wp-container-4\">\n<div class=\"wp-block-column is-layout-flow\">\n<ul>\n<li><a href=\"#25\"><strong>Mercredi 25 janvier<\/strong><\/a><br><br><\/li>\n\n\n\n<li><a href=\"#26\"><strong>Jeudi 26 janvier<\/strong><\/a><br><br><\/li>\n\n\n\n<li><strong><a href=\"#27\">Vendredi 27 janvier<\/a><\/strong><\/li>\n<\/ul>\n<\/div>\n\n\n\n<div class=\"wp-block-column is-layout-flow\">\n<hr style=\"background-color: #fff !important;margin-bottom: 30px !important;\">\n\n\n\n<div class=\"wp-block-buttons is-content-justification-right is-layout-flex wp-container-2\">\n<div class=\"wp-block-button\"><a class=\"wp-block-button__link wp-element-button\" href=\"https:\/\/www.youtube.com\/user\/centreinffo\">Centre Inffo sur YouTube<\/a><\/div>\n<\/div>\n<\/div>\n<\/div>\n\n\n\n<hr class=\"wp-block-separator has-alpha-channel-opacity\"\/>\n\n\n\n<a name=\"25\" id=\"25\"><\/a>\n\n\n\n<h2 class=\"has-large-font-size wp-block-heading\">Mercredi 25 janvier<\/h2>\n\n\n\n<hr class=\"wp-block-separator has-alpha-channel-opacity\"\/>\n\n\n\n<div class=\"wp-block-columns is-layout-flex wp-container-7\">\n<div class=\"wp-block-column is-layout-flow\">\n<hr style=\"background-color: #fff !important;margin-bottom: 37px !important;\">\n\n\n\n<h3 class=\"has-medium-font-size wp-block-heading\">Ouverture<\/h3>\n\n\n\n<iframe loading=\"lazy\" style=\"border: 1px solid #ff5100;\" width=\"100%\" height=\"300\" src=\"https:\/\/www.youtube.com\/embed\/wZptWv4eMAY\" title=\"YouTube video player\" frameborder=\"0\" allow=\"accelerometer; autoplay; clipboard-write; encrypted-media; gyroscope; picture-in-picture; web-share\" allowfullscreen=\"\"><\/iframe>\n<\/div>\n\n\n\n<div class=\"wp-block-column is-layout-flow\">\n<h3 class=\"has-medium-font-size wp-block-heading\">L\u2019Europe des comp\u00e9tences &#8211; Nicolas Schmit, Commissaire europ\u00e9en Emploi, Affaires sociales et Insertion <\/h3>\n\n\n\n<iframe loading=\"lazy\" style=\"border: 1px solid #ff5100;\" width=\"100%\" height=\"300\" src=\"https:\/\/www.youtube.com\/embed\/cHDkFeNR99U\" title=\"YouTube video player\" frameborder=\"0\" allow=\"accelerometer; autoplay; clipboard-write; encrypted-media; gyroscope; picture-in-picture; web-share\" allowfullscreen=\"\"><\/iframe>\n<\/div>\n<\/div>\n\n\n\n<div class=\"wp-block-columns is-layout-flex wp-container-10\">\n<div class=\"wp-block-column is-layout-flow\">\n<h3 class=\"has-medium-font-size wp-block-heading\">Discours de Carole Grandjean, Ministre de l&rsquo;Enseignement et de la Formation<\/h3>\n\n\n\n<iframe loading=\"lazy\" style=\"border: 1px solid #ff5100;\" width=\"100%\" height=\"300\" src=\"https:\/\/www.youtube.com\/embed\/1YKgjobJ6_g\" title=\"YouTube video player\" frameborder=\"0\" allow=\"accelerometer; autoplay; clipboard-write; encrypted-media; gyroscope; picture-in-picture; web-share\" allowfullscreen=\"\"><\/iframe>\n<\/div>\n\n\n\n<div class=\"wp-block-column is-layout-flow\">\n<h3 class=\"has-medium-font-size wp-block-heading\">Conf\u00e9rence inaugurale : 6 portes pour adapter les comp\u00e9tences aux transitions<\/h3>\n\n\n\n<iframe loading=\"lazy\" style=\"border: 1px solid #ff5100;\" width=\"100%\" height=\"300\" src=\"https:\/\/www.youtube.com\/embed\/6R5z3N223Ck\" title=\"YouTube video player\" frameborder=\"0\" allow=\"accelerometer; autoplay; clipboard-write; encrypted-media; gyroscope; picture-in-picture; web-share\" allowfullscreen=\"\"><\/iframe>\n<\/div>\n<\/div>\n\n\n\n<div class=\"wp-block-columns is-layout-flex wp-container-13\">\n<div class=\"wp-block-column is-layout-flow\">\n<h3 class=\"has-medium-font-size wp-block-heading\">Comp\u00e9tences d\u2019avenir&nbsp;: contraintes et opportunit\u00e9s des transitions<\/h3>\n\n\n\n<iframe loading=\"lazy\" style=\"border: 1px solid #ff5100;\" width=\"100%\" height=\"300\" src=\"https:\/\/www.youtube.com\/embed\/HV_Mi_5QRFg\" title=\"YouTube video player\" frameborder=\"0\" allow=\"accelerometer; autoplay; clipboard-write; encrypted-media; gyroscope; picture-in-picture; web-share\" allowfullscreen=\"\"><\/iframe>\n<\/div>\n\n\n\n<div class=\"wp-block-column is-layout-flow\">\n<h3 class=\"has-medium-font-size wp-block-heading\">La 18e UHFP, en bref &#8211; Pascale Romenteau, Directrice g\u00e9n\u00e9rale de Centre inffo<\/h3>\n\n\n\n<iframe loading=\"lazy\" style=\"border: 1px solid #ff5100;\" width=\"100%\" height=\"300\" src=\"https:\/\/www.youtube.com\/embed\/Y9ok9tPZRb4\" title=\"YouTube video player\" frameborder=\"0\" allow=\"accelerometer; autoplay; clipboard-write; encrypted-media; gyroscope; picture-in-picture; web-share\" allowfullscreen=\"\"><\/iframe>\n<\/div>\n<\/div>\n\n\n\n<hr class=\"wp-block-separator has-alpha-channel-opacity\"\/>\n\n\n\n<a name=\"26\" id=\"26\"><\/a>\n\n\n\n<h2 class=\"has-large-font-size wp-block-heading\">Jeudi 26 janvier<\/h2>\n\n\n\n<hr class=\"wp-block-separator has-alpha-channel-opacity\"\/>\n\n\n\n<div class=\"wp-block-columns is-layout-flex wp-container-16\">\n<div class=\"wp-block-column is-layout-flow\">\n<hr style=\"background-color: #fff !important;margin-bottom: 37px !important;\">\n\n\n\n<h3 class=\"has-medium-font-size wp-block-heading\">AFEST et VAE : enjeux pour l\u2019entreprise<\/h3>\n\n\n\n<iframe loading=\"lazy\" style=\"border: 1px solid #ff5100;\" width=\"100%\" height=\"300\" src=\"https:\/\/www.youtube.com\/embed\/k9y-KCrNbAI\" title=\"YouTube video player\" frameborder=\"0\" allow=\"accelerometer; autoplay; clipboard-write; encrypted-media; gyroscope; picture-in-picture; web-share\" allowfullscreen=\"\"><\/iframe>\n<\/div>\n\n\n\n<div class=\"wp-block-column is-layout-flow\">\n<h3 class=\"has-medium-font-size wp-block-heading\">La formation professionnelle en 2023 : enjeux et perspectives<\/h3>\n\n\n\n<iframe loading=\"lazy\" style=\"border: 1px solid #ff5100;\" width=\"100%\" height=\"300\" src=\"https:\/\/www.youtube.com\/embed\/jZAO1-QObF4\" title=\"YouTube video player\" frameborder=\"0\" allow=\"accelerometer; autoplay; clipboard-write; encrypted-media; gyroscope; picture-in-picture; web-share\" allowfullscreen=\"\"><\/iframe>\n<\/div>\n<\/div>\n\n\n\n<div class=\"wp-block-columns is-layout-flex wp-container-19\">\n<div class=\"wp-block-column is-layout-flow\">\n<hr style=\"background-color: #fff !important;margin-bottom: 37px !important;\">\n\n\n\n<h3 class=\"has-medium-font-size wp-block-heading\">Orientation et entr\u00e9e en formation professionnelle<\/h3>\n\n\n\n<iframe loading=\"lazy\" style=\"border: 1px solid #ff5100;\" width=\"100%\" height=\"300\" src=\"https:\/\/www.youtube.com\/embed\/Tg7q1mcRTS8\" title=\"YouTube video player\" frameborder=\"0\" allow=\"accelerometer; autoplay; clipboard-write; encrypted-media; gyroscope; picture-in-picture; web-share\" allowfullscreen=\"\"><\/iframe>\n<\/div>\n\n\n\n<div class=\"wp-block-column is-layout-flow\">\n<h3 class=\"has-medium-font-size wp-block-heading\">Apprentissage, alternance : quelle r\u00e9gulation, pour quelle ambition ?<\/h3>\n\n\n\n<iframe loading=\"lazy\" style=\"border: 1px solid #ff5100;\" width=\"100%\" height=\"300\" src=\"https:\/\/www.youtube.com\/embed\/YGzpjy-sHsw\" title=\"YouTube video player\" frameborder=\"0\" allow=\"accelerometer; autoplay; clipboard-write; encrypted-media; gyroscope; picture-in-picture; web-share\" allowfullscreen=\"\"><\/iframe>\n<\/div>\n<\/div>\n\n\n\n<hr class=\"wp-block-separator has-alpha-channel-opacity\"\/>\n\n\n\n<a name=\"27\" id=\"27\"><\/a>\n\n\n\n<h2 class=\"has-large-font-size wp-block-heading\">Vendredi 27 janvier<\/h2>\n\n\n\n<hr class=\"wp-block-separator has-alpha-channel-opacity\"\/>\n\n\n\n<div class=\"wp-block-columns is-layout-flex wp-container-22\">\n<div class=\"wp-block-column is-layout-flow\">\n<hr style=\"background-color: #fff !important;margin-bottom: 37px !important;\">\n\n\n\n<h3 class=\"has-medium-font-size wp-block-heading\">Transitions professionnelles&nbsp;: quel dispositif id\u00e9al ?<\/h3>\n\n\n\n<iframe loading=\"lazy\" style=\"border: 1px solid #ff5100;\" width=\"100%\" height=\"300\" src=\"https:\/\/www.youtube.com\/embed\/ZtIRjGozfBg\" title=\"YouTube video player\" frameborder=\"0\" allow=\"accelerometer; autoplay; clipboard-write; encrypted-media; gyroscope; picture-in-picture; web-share\" allowfullscreen=\"\"><\/iframe>\n<\/div>\n\n\n\n<div class=\"wp-block-column is-layout-flow\">\n<h3 class=\"has-medium-font-size wp-block-heading\">3 jours plus tard quels engagements pour quelles transitions ?<\/h3>\n\n\n\n<iframe loading=\"lazy\" style=\"border: 1px solid #ff5100;\" width=\"100%\" height=\"300\" src=\"https:\/\/www.youtube.com\/embed\/cw3xfiz6ORs\" title=\"YouTube video player\" frameborder=\"0\" allow=\"accelerometer; autoplay; clipboard-write; encrypted-media; gyroscope; picture-in-picture; web-share\" allowfullscreen=\"\"><\/iframe>\n<\/div>\n<\/div>\n\n\n\n<div class=\"wp-block-columns is-layout-flex wp-container-25\">\n<div class=\"wp-block-column is-layout-flow\">\n<h3 class=\"has-medium-font-size wp-block-heading\">Cl\u00f4ture &#8211; Roland Lescure, Ministre d\u00e9l\u00e9gu\u00e9 aupr\u00e8s du ministre de l&rsquo;\u00c9conomie, des Finances et de la Souverainet\u00e9 industrielle et num\u00e9rique, charg\u00e9 de l&rsquo;Industrie<\/h3>\n\n\n\n<iframe loading=\"lazy\" style=\"border: 1px solid #ff5100;\" width=\"100%\" height=\"300\" src=\"https:\/\/www.youtube.com\/embed\/mY991bn6zHU\" title=\"YouTube video player\" frameborder=\"0\" allow=\"accelerometer; autoplay; clipboard-write; encrypted-media; gyroscope; picture-in-picture; web-share\" allowfullscreen=\"\"><\/iframe>\n<\/div>\n\n\n\n<div class=\"wp-block-column is-layout-flow\">\n<hr style=\"background-color: #fff !important;margin-bottom: 68px !important;\">\n\n\n\n<h3 class=\"has-medium-font-size wp-block-heading\">Cl\u00f4ture &#8211; David Lisnard, Maire de Cannes<\/h3>\n\n\n\n<iframe loading=\"lazy\" style=\"border: 1px solid #ff5100;\" width=\"100%\" height=\"300\" src=\"https:\/\/www.youtube.com\/embed\/igItydBBDv8\" title=\"YouTube video player\" frameborder=\"0\" allow=\"accelerometer; autoplay; clipboard-write; encrypted-media; gyroscope; picture-in-picture; web-share\" allowfullscreen=\"\"><\/iframe>\n<\/div>\n<\/div>\n\n\n\n<div class=\"wp-block-columns is-layout-flex wp-container-28\">\n<div class=\"wp-block-column is-layout-flow\">\n<h3 class=\"has-medium-font-size wp-block-heading\">Cl\u00f4ture &#8211; Bruno Lucas, D\u00e9l\u00e9gu\u00e9 g\u00e9n\u00e9ral \u00e0 l\u2019emploi et \u00e0 la formation professionnelle<\/h3>\n\n\n\n<iframe loading=\"lazy\" style=\"border: 1px solid #ff5100;\" width=\"100%\" height=\"300\" src=\"https:\/\/www.youtube.com\/embed\/IZWPcMqQv18\" title=\"YouTube video player\" frameborder=\"0\" allow=\"accelerometer; autoplay; clipboard-write; encrypted-media; gyroscope; picture-in-picture; web-share\" allowfullscreen=\"\"><\/iframe>\n<\/div>\n\n\n\n<div class=\"wp-block-column is-layout-flow\">\n<h3 class=\"has-medium-font-size wp-block-heading\">Cl\u00f4ture, clap de fin &#8211; Pascale Romenteau et l\u2019\u00e9quipe de Centre Inffo<\/h3>\n\n\n\n<iframe loading=\"lazy\" style=\"border: 1px solid #ff5100;\" width=\"100%\" height=\"300\" src=\"https:\/\/www.youtube.com\/embed\/OEac63HgXIE\" title=\"YouTube video player\" frameborder=\"0\" allow=\"accelerometer; autoplay; clipboard-write; encrypted-media; gyroscope; picture-in-picture; web-share\" allowfullscreen=\"\"><\/iframe>\n<\/div>\n<\/div>\n\n\n\n<div class=\"wp-block-buttons is-content-justification-right is-layout-flex wp-container-29\"><\/div>\n","protected":false},"excerpt":{"rendered":"<p>Mercredi 25 janvier Ouverture L\u2019Europe des comp\u00e9tences &#8211; Nicolas Schmit, Commissaire europ\u00e9en Emploi, Affaires sociales et Insertion Discours de Carole Grandjean, Ministre de l&rsquo;Enseignement et de la Formation Conf\u00e9rence inaugurale &hellip; <\/p>\n","protected":false},"author":1,"featured_media":0,"parent":0,"menu_order":0,"comment_status":"closed","ping_status":"closed","template":"","meta":[],"categories":[94],"tags":[],"wf_page_folders":[101],"acf":[],"yoast_head":"<!-- This site is optimized with the Yoast SEO plugin v20.3 - https:\/\/yoast.com\/wordpress\/plugins\/seo\/ -->\n<title>UHFP 2023 : les replays - 18e Universit\u00e9 d&#039;Hiver de la Formation Professionnelle<\/title>\n<meta name=\"robots\" content=\"index, follow, max-snippet:-1, max-image-preview:large, max-video-preview:-1\" \/>\n<link rel=\"canonical\" href=\"https:\/\/uhfp.centre-inffo.fr\/2023\/les-replays\/\" \/>\n<meta property=\"og:locale\" content=\"fr_FR\" \/>\n<meta property=\"og:type\" content=\"article\" \/>\n<meta property=\"og:title\" content=\"UHFP 2023 : les replays - 18e Universit\u00e9 d&#039;Hiver de la Formation Professionnelle\" \/>\n<meta property=\"og:description\" content=\"Mercredi 25 janvier Ouverture L\u2019Europe des comp\u00e9tences &#8211; Nicolas Schmit, Commissaire europ\u00e9en Emploi, Affaires sociales et Insertion Discours de Carole Grandjean, Ministre de l&rsquo;Enseignement et de la Formation Conf\u00e9rence inaugurale &hellip;\" \/>\n<meta property=\"og:url\" content=\"https:\/\/uhfp.centre-inffo.fr\/2023\/les-replays\/\" \/>\n<meta property=\"og:site_name\" content=\"18e Universit\u00e9 d&#039;Hiver de la Formation Professionnelle\" \/>\n<meta property=\"article:publisher\" content=\"https:\/\/www.facebook.com\/centreinffo\" \/>\n<meta property=\"article:modified_time\" content=\"2023-02-14T12:48:37+00:00\" \/>\n<meta name=\"twitter:card\" content=\"summary_large_image\" \/>\n<meta name=\"twitter:site\" content=\"@centreinffo\" \/>\n<meta name=\"twitter:label1\" content=\"Dur\u00e9e de lecture estim\u00e9e\" \/>\n\t<meta name=\"twitter:data1\" content=\"1 minute\" \/>\n<script type=\"application\/ld+json\" class=\"yoast-schema-graph\">{\"@context\":\"https:\/\/schema.org\",\"@graph\":[{\"@type\":\"WebPage\",\"@id\":\"https:\/\/uhfp.centre-inffo.fr\/2023\/les-replays\/\",\"url\":\"https:\/\/uhfp.centre-inffo.fr\/2023\/les-replays\/\",\"name\":\"UHFP 2023 : les replays - 18e Universit\u00e9 d&#039;Hiver de la Formation Professionnelle\",\"isPartOf\":{\"@id\":\"https:\/\/uhfp.centre-inffo.fr\/2023\/#website\"},\"datePublished\":\"2023-01-25T08:40:24+00:00\",\"dateModified\":\"2023-02-14T12:48:37+00:00\",\"breadcrumb\":{\"@id\":\"https:\/\/uhfp.centre-inffo.fr\/2023\/les-replays\/#breadcrumb\"},\"inLanguage\":\"fr-FR\",\"potentialAction\":[{\"@type\":\"ReadAction\",\"target\":[\"https:\/\/uhfp.centre-inffo.fr\/2023\/les-replays\/\"]}]},{\"@type\":\"BreadcrumbList\",\"@id\":\"https:\/\/uhfp.centre-inffo.fr\/2023\/les-replays\/#breadcrumb\",\"itemListElement\":[{\"@type\":\"ListItem\",\"position\":1,\"name\":\"Accueil\",\"item\":\"https:\/\/uhfp.centre-inffo.fr\/2023\/\"},{\"@type\":\"ListItem\",\"position\":2,\"name\":\"Vid\u00e9os\",\"item\":\"https:\/\/uhfp.centre-inffo.fr\/2023\/rubrique\/videos\/\"},{\"@type\":\"ListItem\",\"position\":3,\"name\":\"UHFP 2023 : les replays\"}]},{\"@type\":\"WebSite\",\"@id\":\"https:\/\/uhfp.centre-inffo.fr\/2023\/#website\",\"url\":\"https:\/\/uhfp.centre-inffo.fr\/2023\/\",\"name\":\"18e Universit\u00e9 d&#039;Hiver de la Formation Professionnelle\",\"description\":\"Comp\u00e9tences 2030 : r\u00e9ussir ensemble les transitions ! - Du 25 au 27 janvier 2023, \u00e0 Cannes\",\"publisher\":{\"@id\":\"https:\/\/uhfp.centre-inffo.fr\/2023\/#organization\"},\"potentialAction\":[{\"@type\":\"SearchAction\",\"target\":{\"@type\":\"EntryPoint\",\"urlTemplate\":\"https:\/\/uhfp.centre-inffo.fr\/2023\/?s={search_term_string}\"},\"query-input\":\"required name=search_term_string\"}],\"inLanguage\":\"fr-FR\"},{\"@type\":\"Organization\",\"@id\":\"https:\/\/uhfp.centre-inffo.fr\/2023\/#organization\",\"name\":\"Centre Inffo\",\"url\":\"https:\/\/uhfp.centre-inffo.fr\/2023\/\",\"logo\":{\"@type\":\"ImageObject\",\"inLanguage\":\"fr-FR\",\"@id\":\"https:\/\/uhfp.centre-inffo.fr\/2023\/#\/schema\/logo\/image\/\",\"url\":\"\",\"contentUrl\":\"\",\"caption\":\"Centre Inffo\"},\"image\":{\"@id\":\"https:\/\/uhfp.centre-inffo.fr\/2023\/#\/schema\/logo\/image\/\"},\"sameAs\":[\"https:\/\/www.facebook.com\/centreinffo\",\"https:\/\/twitter.com\/centreinffo\",\"https:\/\/www.linkedin.com\/company\/centre-inffo\/\",\"https:\/\/www.youtube.com\/user\/centreinffo\"]}]}<\/script>\n<!-- \/ Yoast SEO plugin. -->","yoast_head_json":{"title":"UHFP 2023 : les replays - 18e Universit\u00e9 d&#039;Hiver de la Formation Professionnelle","robots":{"index":"index","follow":"follow","max-snippet":"max-snippet:-1","max-image-preview":"max-image-preview:large","max-video-preview":"max-video-preview:-1"},"canonical":"https:\/\/uhfp.centre-inffo.fr\/2023\/les-replays\/","og_locale":"fr_FR","og_type":"article","og_title":"UHFP 2023 : les replays - 18e Universit\u00e9 d&#039;Hiver de la Formation Professionnelle","og_description":"Mercredi 25 janvier Ouverture L\u2019Europe des comp\u00e9tences &#8211; Nicolas Schmit, Commissaire europ\u00e9en Emploi, Affaires sociales et Insertion Discours de Carole Grandjean, Ministre de l&rsquo;Enseignement et de la Formation Conf\u00e9rence inaugurale &hellip;","og_url":"https:\/\/uhfp.centre-inffo.fr\/2023\/les-replays\/","og_site_name":"18e Universit\u00e9 d&#039;Hiver de la Formation Professionnelle","article_publisher":"https:\/\/www.facebook.com\/centreinffo","article_modified_time":"2023-02-14T12:48:37+00:00","twitter_card":"summary_large_image","twitter_site":"@centreinffo","twitter_misc":{"Dur\u00e9e de lecture estim\u00e9e":"1 minute"},"schema":{"@context":"https:\/\/schema.org","@graph":[{"@type":"WebPage","@id":"https:\/\/uhfp.centre-inffo.fr\/2023\/les-replays\/","url":"https:\/\/uhfp.centre-inffo.fr\/2023\/les-replays\/","name":"UHFP 2023 : les replays - 18e Universit\u00e9 d&#039;Hiver de la Formation Professionnelle","isPartOf":{"@id":"https:\/\/uhfp.centre-inffo.fr\/2023\/#website"},"datePublished":"2023-01-25T08:40:24+00:00","dateModified":"2023-02-14T12:48:37+00:00","breadcrumb":{"@id":"https:\/\/uhfp.centre-inffo.fr\/2023\/les-replays\/#breadcrumb"},"inLanguage":"fr-FR","potentialAction":[{"@type":"ReadAction","target":["https:\/\/uhfp.centre-inffo.fr\/2023\/les-replays\/"]}]},{"@type":"BreadcrumbList","@id":"https:\/\/uhfp.centre-inffo.fr\/2023\/les-replays\/#breadcrumb","itemListElement":[{"@type":"ListItem","position":1,"name":"Accueil","item":"https:\/\/uhfp.centre-inffo.fr\/2023\/"},{"@type":"ListItem","position":2,"name":"Vid\u00e9os","item":"https:\/\/uhfp.centre-inffo.fr\/2023\/rubrique\/videos\/"},{"@type":"ListItem","position":3,"name":"UHFP 2023 : les replays"}]},{"@type":"WebSite","@id":"https:\/\/uhfp.centre-inffo.fr\/2023\/#website","url":"https:\/\/uhfp.centre-inffo.fr\/2023\/","name":"18e Universit\u00e9 d&#039;Hiver de la Formation Professionnelle","description":"Comp\u00e9tences 2030 : r\u00e9ussir ensemble les transitions ! - Du 25 au 27 janvier 2023, \u00e0 Cannes","publisher":{"@id":"https:\/\/uhfp.centre-inffo.fr\/2023\/#organization"},"potentialAction":[{"@type":"SearchAction","target":{"@type":"EntryPoint","urlTemplate":"https:\/\/uhfp.centre-inffo.fr\/2023\/?s={search_term_string}"},"query-input":"required name=search_term_string"}],"inLanguage":"fr-FR"},{"@type":"Organization","@id":"https:\/\/uhfp.centre-inffo.fr\/2023\/#organization","name":"Centre Inffo","url":"https:\/\/uhfp.centre-inffo.fr\/2023\/","logo":{"@type":"ImageObject","inLanguage":"fr-FR","@id":"https:\/\/uhfp.centre-inffo.fr\/2023\/#\/schema\/logo\/image\/","url":"","contentUrl":"","caption":"Centre Inffo"},"image":{"@id":"https:\/\/uhfp.centre-inffo.fr\/2023\/#\/schema\/logo\/image\/"},"sameAs":["https:\/\/www.facebook.com\/centreinffo","https:\/\/twitter.com\/centreinffo","https:\/\/www.linkedin.com\/company\/centre-inffo\/","https:\/\/www.youtube.com\/user\/centreinffo"]}]}},"_links":{"self":[{"href":"https:\/\/uhfp.centre-inffo.fr\/2023\/wp-json\/wp\/v2\/pages\/5327"}],"collection":[{"href":"https:\/\/uhfp.centre-inffo.fr\/2023\/wp-json\/wp\/v2\/pages"}],"about":[{"href":"https:\/\/uhfp.centre-inffo.fr\/2023\/wp-json\/wp\/v2\/types\/page"}],"author":[{"embeddable":true,"href":"https:\/\/uhfp.centre-inffo.fr\/2023\/wp-json\/wp\/v2\/users\/1"}],"replies":[{"embeddable":true,"href":"https:\/\/uhfp.centre-inffo.fr\/2023\/wp-json\/wp\/v2\/comments?post=5327"}],"version-history":[{"count":86,"href":"https:\/\/uhfp.centre-inffo.fr\/2023\/wp-json\/wp\/v2\/pages\/5327\/revisions"}],"predecessor-version":[{"id":5933,"href":"https:\/\/uhfp.centre-inffo.fr\/2023\/wp-json\/wp\/v2\/pages\/5327\/revisions\/5933"}],"wp:attachment":[{"href":"https:\/\/uhfp.centre-inffo.fr\/2023\/wp-json\/wp\/v2\/media?parent=5327"}],"wp:term":[{"taxonomy":"category","embeddable":true,"href":"https:\/\/uhfp.centre-inffo.fr\/2023\/wp-json\/wp\/v2\/categories?post=5327"},{"taxonomy":"post_tag","embeddable":true,"href":"https:\/\/uhfp.centre-inffo.fr\/2023\/wp-json\/wp\/v2\/tags?post=5327"},{"taxonomy":"wf_page_folders","embeddable":true,"href":"https:\/\/uhfp.centre-inffo.fr\/2023\/wp-json\/wp\/v2\/wf_page_folders?post=5327"}],"curies":[{"name":"wp","href":"https:\/\/api.w.org\/{rel}","templated":true}]}}