{"id":6011,"date":"2023-02-08T15:08:06","date_gmt":"2023-02-08T14:08:06","guid":{"rendered":"https:\/\/uhfp.centre-inffo.fr\/2023\/?page_id=6011"},"modified":"2023-02-15T17:32:50","modified_gmt":"2023-02-15T16:32:50","slug":"emissions-tv","status":"publish","type":"page","link":"https:\/\/uhfp.centre-inffo.fr\/2023\/emissions-tv\/","title":{"rendered":"Emissions TV"},"content":{"rendered":"\n<hr class=\"wp-block-separator has-alpha-channel-opacity\"\/>\n\n\n\n<h2 class=\"wp-block-heading\">Demain TV &#8211; Le journal de la formation sp\u00e9cial 18e UHFP<a href=\"https:\/\/www.youtube.com\/@centreinffo\"><\/a><\/h2>\n\n\n\n<hr class=\"wp-block-separator has-alpha-channel-opacity\"\/>\n\n\n\n<div class=\"wp-block-columns is-layout-flex wp-container-3\">\n<div class=\"wp-block-column is-layout-flow\">\n<h3 class=\"wp-block-heading\">Carole Grandjean &#8211; Ministre de l&rsquo;Education et de la formtion professionnelle<\/h3>\n\n\n\n<iframe loading=\"lazy\" style=\"border: 1px solid #ff5100;\" width=\"100%\" height=\"300\" src=\"https:\/\/www.youtube.com\/embed\/uazjQ5TAtX0\" title=\"YouTube video player\" frameborder=\"0\" allow=\"accelerometer; autoplay; clipboard-write; encrypted-media; gyroscope; picture-in-picture; web-share\" allowfullscreen=\"\"><\/iframe>\n<\/div>\n\n\n\n<div class=\"wp-block-column is-layout-flow\">\n<h3 class=\"wp-block-heading\">Fabrice Yeghiayan &#8211; Directeur national du d\u00e9veloppement, AFPA<\/h3>\n\n\n\n<iframe loading=\"lazy\" style=\"border: 1px solid #ff5100;\" width=\"100%\" height=\"300\" src=\"https:\/\/www.youtube.com\/embed\/GdFLdQlz4nQ\" title=\"YouTube video player\" frameborder=\"0\" allow=\"accelerometer; autoplay; clipboard-write; encrypted-media; gyroscope; picture-in-picture; web-share\" allowfullscreen=\"\"><\/iframe>\n<\/div>\n<\/div>\n\n\n\n<div class=\"wp-block-columns is-layout-flex wp-container-6\">\n<div class=\"wp-block-column is-layout-flow\">\n<h3 class=\"wp-block-heading\">Roxane Pauty, Charg\u00e9e d\u2019investissement au P\u00f4le formation professionnelle &#8211; Direction de l\u2019investissement et Benoit S\u00e9n\u00e9chal, Responsable du P\u00f4le formation professionnelle &#8211; Direction de l\u2019investissement, Banque des territoires<\/h3>\n\n\n\n<iframe loading=\"lazy\" style=\"border: 1px solid #ff5100;\" width=\"100%\" height=\"300\" src=\"https:\/\/www.youtube.com\/embed\/DnMo7UsdAj8\" title=\"YouTube video player\" frameborder=\"0\" allow=\"accelerometer; autoplay; clipboard-write; encrypted-media; gyroscope; picture-in-picture; web-share\" allowfullscreen=\"\"><\/iframe>\n<\/div>\n\n\n\n<div class=\"wp-block-column is-layout-flow\">\n<hr style=\"background-color: #fff !important;margin-bottom: 98px !important;\">\n\n\n\n<h3 class=\"wp-block-heading\">Christopher Sullivan &#8211; Directeur g\u00e9n\u00e9ra, ICDL<\/h3>\n\n\n\n<iframe loading=\"lazy\" style=\"border: 1px solid #ff5100;\" width=\"100%\" height=\"300\" src=\"https:\/\/www.youtube.com\/embed\/z1dIJb2HKxg\" title=\"YouTube video player\" frameborder=\"0\" allow=\"accelerometer; autoplay; clipboard-write; encrypted-media; gyroscope; picture-in-picture; web-share\" allowfullscreen=\"\"><\/iframe>\n<\/div>\n<\/div>\n\n\n\n<div class=\"wp-block-columns is-layout-flex wp-container-9\">\n<div class=\"wp-block-column is-layout-flow\">\n<hr style=\"background-color: #fff !important;margin-bottom: 98px !important;\">\n\n\n\n<h3 class=\"wp-block-heading\">Alexis Akinyemi &#8211; Responsable de Diagoriente Analytics<\/h3>\n\n\n\n<iframe loading=\"lazy\" style=\"border: 1px solid #ff5100;\" width=\"100%\" height=\"300\" src=\"https:\/\/www.youtube.com\/embed\/JxmvJNK19q4\" title=\"YouTube video player\" frameborder=\"0\" allow=\"accelerometer; autoplay; clipboard-write; encrypted-media; gyroscope; picture-in-picture; web-share\" allowfullscreen=\"\"><\/iframe>\n<\/div>\n\n\n\n<div class=\"wp-block-column is-layout-flow\">\n<h3 class=\"wp-block-heading\">Catherine Beauvois, Directrice du Projet Comp\u00e9tences 4.0 &#8211; Direction G\u00e9n\u00e9rale et Herv\u00e9 Jouanneau, Directeur ad int\u00e9rim de la direction du d\u00e9veloppement des comp\u00e9tences dans les territoires &#8211; Direction G\u00e9n\u00e9rale, P\u00f4le Emploi<\/h3>\n\n\n\n<iframe loading=\"lazy\" style=\"border: 1px solid #ff5100;\" width=\"100%\" height=\"300\" src=\"https:\/\/www.youtube.com\/embed\/V_UoClnW4qQ\" title=\"YouTube video player\" frameborder=\"0\" allow=\"accelerometer; autoplay; clipboard-write; encrypted-media; gyroscope; picture-in-picture; web-share\" allowfullscreen=\"\"><\/iframe>\n<\/div>\n<\/div>\n\n\n\n<div class=\"wp-block-columns is-layout-flex wp-container-12\">\n<div class=\"wp-block-column is-layout-flow\">\n<h3 class=\"wp-block-heading\">Vincent Capo\u00ebn &#8211; Directeur g\u00e9n\u00e9ral d\u00e9l\u00e9gu\u00e9, ICPF<\/h3>\n\n\n\n<iframe loading=\"lazy\" style=\"border: 1px solid #ff5100;\" width=\"100%\" height=\"300\" src=\"https:\/\/www.youtube.com\/embed\/-eqvjqL2t-8\" title=\"YouTube video player\" frameborder=\"0\" allow=\"accelerometer; autoplay; clipboard-write; encrypted-media; gyroscope; picture-in-picture; web-share\" allowfullscreen=\"\"><\/iframe>\n<\/div>\n\n\n\n<div class=\"wp-block-column is-layout-flow\">\n<h3 class=\"wp-block-heading\">Jean-Christophe Chamayou &#8211; Pr\u00e9sident, Lafayette Associ\u00e9s<\/h3>\n\n\n\n<iframe loading=\"lazy\" style=\"border: 1px solid #ff5100;\" width=\"100%\" height=\"300\" src=\"https:\/\/www.youtube.com\/embed\/YaTUN8LhWj8\" title=\"YouTube video player\" frameborder=\"0\" allow=\"accelerometer; autoplay; clipboard-write; encrypted-media; gyroscope; picture-in-picture; web-share\" allowfullscreen=\"\"><\/iframe>\n<\/div>\n<\/div>\n\n\n\n<div class=\"wp-block-columns is-layout-flex wp-container-15\">\n<div class=\"wp-block-column is-layout-flow\">\n<h3 class=\"wp-block-heading\">Julien Nizri &#8211; Directeur g\u00e9n\u00e9ral, Afnor Certification<\/h3>\n\n\n\n<iframe loading=\"lazy\" style=\"border: 1px solid #ff5100;\" width=\"100%\" height=\"300\" src=\"https:\/\/www.youtube.com\/embed\/USYq22AbGPg\" title=\"YouTube video player\" frameborder=\"0\" allow=\"accelerometer; autoplay; clipboard-write; encrypted-media; gyroscope; picture-in-picture; web-share\" allowfullscreen=\"\"><\/iframe>\n<\/div>\n\n\n\n<div class=\"wp-block-column is-layout-flow\">\n<h3 class=\"wp-block-heading\">Dominique Faivre-Pierret &#8211; D\u00e9l\u00e9gu\u00e9e g\u00e9n\u00e9rale, ANFA<\/h3>\n\n\n\n<iframe loading=\"lazy\" style=\"border: 1px solid #ff5100;\" width=\"100%\" height=\"300\" src=\"https:\/\/www.youtube.com\/embed\/wTzWbOPH__c\" title=\"YouTube video player\" frameborder=\"0\" allow=\"accelerometer; autoplay; clipboard-write; encrypted-media; gyroscope; picture-in-picture; web-share\" allowfullscreen=\"\"><\/iframe>\n<\/div>\n<\/div>\n\n\n\n<div class=\"wp-block-columns is-layout-flex wp-container-18\">\n<div class=\"wp-block-column is-layout-flow\">\n<h3 class=\"wp-block-heading\">Michel Yahiel, Directeur des politiques sociales Et Laurent Durain, Directeur de la formation professionnelle et des comp\u00e9tences, Caisse des d\u00e9p\u00f4ts<\/h3>\n\n\n\n<iframe loading=\"lazy\" style=\"border: 1px solid #ff5100;\" width=\"100%\" height=\"300\" src=\"https:\/\/www.youtube.com\/embed\/bR6BeQ6MNVg\" title=\"YouTube video player\" frameborder=\"0\" allow=\"accelerometer; autoplay; clipboard-write; encrypted-media; gyroscope; picture-in-picture; web-share\" allowfullscreen=\"\"><\/iframe>\n<\/div>\n\n\n\n<div class=\"wp-block-column is-layout-flow\">\n<hr style=\"background-color: #fff !important;margin-bottom: 37px !important;\">\n\n\n\n<h3 class=\"wp-block-heading\">Alexandre Carpentier &#8211; Directeur g\u00e9n\u00e9ral, Groupe AKSIS MOOVEUS<\/h3>\n\n\n\n<iframe loading=\"lazy\" style=\"border: 1px solid #ff5100;\" width=\"100%\" height=\"300\" src=\"https:\/\/www.youtube.com\/embed\/7gb8cyRXkD0\" title=\"YouTube video player\" frameborder=\"0\" allow=\"accelerometer; autoplay; clipboard-write; encrypted-media; gyroscope; picture-in-picture; web-share\" allowfullscreen=\"\"><\/iframe>\n<\/div>\n<\/div>\n\n\n\n<div class=\"wp-block-columns is-layout-flex wp-container-21\">\n<div class=\"wp-block-column is-layout-flow\">\n<h3 class=\"wp-block-heading\">Armelle Robert Directrice partenariat, alternance et DROM, D\u00e9l\u00e9gu\u00e9e R\u00e9gionale Antilles-Guyane Et Arnaud Muret, Directeur g\u00e9n\u00e9ral, OPCO EP<\/h3>\n\n\n\n<iframe loading=\"lazy\" style=\"border: 1px solid #ff5100;\" width=\"100%\" height=\"300\" src=\"https:\/\/www.youtube.com\/embed\/tighHSMllFk\" title=\"YouTube video player\" frameborder=\"0\" allow=\"accelerometer; autoplay; clipboard-write; encrypted-media; gyroscope; picture-in-picture; web-share\" allowfullscreen=\"\"><\/iframe>\n<\/div>\n\n\n\n<div class=\"wp-block-column is-layout-flow\">\n<hr style=\"background-color: #fff !important;margin-bottom: 37px !important;\">\n\n\n\n<h3 class=\"wp-block-heading\">S\u00e9verine Garandeau-Martin, Vice-Pr\u00e9sidente et Max Roche, Pr\u00e9sident, Certif Pro<\/h3>\n\n\n\n<iframe loading=\"lazy\" style=\"border: 1px solid #ff5100;\" width=\"100%\" height=\"300\" src=\"https:\/\/www.youtube.com\/embed\/4EqM8TdVPiA\" title=\"YouTube video player\" frameborder=\"0\" allow=\"accelerometer; autoplay; clipboard-write; encrypted-media; gyroscope; picture-in-picture; web-share\" allowfullscreen=\"\"><\/iframe>\n<\/div>\n<\/div>\n\n\n\n<div class=\"wp-block-columns is-layout-flex wp-container-24\">\n<div class=\"wp-block-column is-layout-flow\">\n<h3 class=\"wp-block-heading\">Pierre Beaulier &#8211; Directeur g\u00e9n\u00e9ral, Galileo Global Education Entreprises<\/h3>\n\n\n\n<iframe loading=\"lazy\" style=\"border: 1px solid #ff5100;\" width=\"100%\" height=\"300\" src=\"https:\/\/www.youtube.com\/embed\/8kNBw7zwOdI\" title=\"YouTube video player\" frameborder=\"0\" allow=\"accelerometer; autoplay; clipboard-write; encrypted-media; gyroscope; picture-in-picture; web-share\" allowfullscreen=\"\"><\/iframe>\n<\/div>\n\n\n\n<div class=\"wp-block-column is-layout-flow\">\n<hr style=\"background-color: #fff !important;margin-bottom: 37px !important;\">\n\n\n\n<h3 class=\"wp-block-heading\">Pierre Pariente &#8211; Pr\u00e9sident, ISQ<\/h3>\n\n\n\n<iframe loading=\"lazy\" style=\"border: 1px solid #ff5100;\" width=\"100%\" height=\"300\" src=\"https:\/\/www.youtube.com\/embed\/-sqSfZZqmeA\" title=\"YouTube video player\" frameborder=\"0\" allow=\"accelerometer; autoplay; clipboard-write; encrypted-media; gyroscope; picture-in-picture; web-share\" allowfullscreen=\"\"><\/iframe>\n<\/div>\n<\/div>\n","protected":false},"excerpt":{"rendered":"<p>Demain TV &#8211; Le journal de la formation sp\u00e9cial 18e UHFP Carole Grandjean &#8211; Ministre de l&rsquo;Education et de la formtion professionnelle Fabrice Yeghiayan &#8211; Directeur national du d\u00e9veloppement, AFPA &hellip; <\/p>\n","protected":false},"author":1,"featured_media":0,"parent":0,"menu_order":0,"comment_status":"closed","ping_status":"closed","template":"","meta":[],"categories":[94],"tags":[],"wf_page_folders":[96],"acf":[],"yoast_head":"<!-- This site is optimized with the Yoast SEO plugin v20.3 - https:\/\/yoast.com\/wordpress\/plugins\/seo\/ -->\n<title>Emissions TV - 18e Universit\u00e9 d&#039;Hiver de la Formation Professionnelle<\/title>\n<meta name=\"robots\" content=\"index, follow, max-snippet:-1, max-image-preview:large, max-video-preview:-1\" \/>\n<link rel=\"canonical\" href=\"https:\/\/uhfp.centre-inffo.fr\/2023\/emissions-tv\/\" \/>\n<meta property=\"og:locale\" content=\"fr_FR\" \/>\n<meta property=\"og:type\" content=\"article\" \/>\n<meta property=\"og:title\" content=\"Emissions TV - 18e Universit\u00e9 d&#039;Hiver de la Formation Professionnelle\" \/>\n<meta property=\"og:description\" content=\"Demain TV &#8211; Le journal de la formation sp\u00e9cial 18e UHFP Carole Grandjean &#8211; Ministre de l&rsquo;Education et de la formtion professionnelle Fabrice Yeghiayan &#8211; Directeur national du d\u00e9veloppement, AFPA &hellip;\" \/>\n<meta property=\"og:url\" content=\"https:\/\/uhfp.centre-inffo.fr\/2023\/emissions-tv\/\" \/>\n<meta property=\"og:site_name\" content=\"18e Universit\u00e9 d&#039;Hiver de la Formation Professionnelle\" \/>\n<meta property=\"article:publisher\" content=\"https:\/\/www.facebook.com\/centreinffo\" \/>\n<meta property=\"article:modified_time\" content=\"2023-02-15T16:32:50+00:00\" \/>\n<meta name=\"twitter:card\" content=\"summary_large_image\" \/>\n<meta name=\"twitter:site\" content=\"@centreinffo\" \/>\n<meta name=\"twitter:label1\" content=\"Dur\u00e9e de lecture estim\u00e9e\" \/>\n\t<meta name=\"twitter:data1\" content=\"1 minute\" \/>\n<script type=\"application\/ld+json\" class=\"yoast-schema-graph\">{\"@context\":\"https:\/\/schema.org\",\"@graph\":[{\"@type\":\"WebPage\",\"@id\":\"https:\/\/uhfp.centre-inffo.fr\/2023\/emissions-tv\/\",\"url\":\"https:\/\/uhfp.centre-inffo.fr\/2023\/emissions-tv\/\",\"name\":\"Emissions TV - 18e Universit\u00e9 d&#039;Hiver de la Formation Professionnelle\",\"isPartOf\":{\"@id\":\"https:\/\/uhfp.centre-inffo.fr\/2023\/#website\"},\"datePublished\":\"2023-02-08T14:08:06+00:00\",\"dateModified\":\"2023-02-15T16:32:50+00:00\",\"breadcrumb\":{\"@id\":\"https:\/\/uhfp.centre-inffo.fr\/2023\/emissions-tv\/#breadcrumb\"},\"inLanguage\":\"fr-FR\",\"potentialAction\":[{\"@type\":\"ReadAction\",\"target\":[\"https:\/\/uhfp.centre-inffo.fr\/2023\/emissions-tv\/\"]}]},{\"@type\":\"BreadcrumbList\",\"@id\":\"https:\/\/uhfp.centre-inffo.fr\/2023\/emissions-tv\/#breadcrumb\",\"itemListElement\":[{\"@type\":\"ListItem\",\"position\":1,\"name\":\"Accueil\",\"item\":\"https:\/\/uhfp.centre-inffo.fr\/2023\/\"},{\"@type\":\"ListItem\",\"position\":2,\"name\":\"Vid\u00e9os\",\"item\":\"https:\/\/uhfp.centre-inffo.fr\/2023\/rubrique\/videos\/\"},{\"@type\":\"ListItem\",\"position\":3,\"name\":\"Emissions TV\"}]},{\"@type\":\"WebSite\",\"@id\":\"https:\/\/uhfp.centre-inffo.fr\/2023\/#website\",\"url\":\"https:\/\/uhfp.centre-inffo.fr\/2023\/\",\"name\":\"18e Universit\u00e9 d&#039;Hiver de la Formation Professionnelle\",\"description\":\"Comp\u00e9tences 2030 : r\u00e9ussir ensemble les transitions ! - Du 25 au 27 janvier 2023, \u00e0 Cannes\",\"publisher\":{\"@id\":\"https:\/\/uhfp.centre-inffo.fr\/2023\/#organization\"},\"potentialAction\":[{\"@type\":\"SearchAction\",\"target\":{\"@type\":\"EntryPoint\",\"urlTemplate\":\"https:\/\/uhfp.centre-inffo.fr\/2023\/?s={search_term_string}\"},\"query-input\":\"required name=search_term_string\"}],\"inLanguage\":\"fr-FR\"},{\"@type\":\"Organization\",\"@id\":\"https:\/\/uhfp.centre-inffo.fr\/2023\/#organization\",\"name\":\"Centre Inffo\",\"url\":\"https:\/\/uhfp.centre-inffo.fr\/2023\/\",\"logo\":{\"@type\":\"ImageObject\",\"inLanguage\":\"fr-FR\",\"@id\":\"https:\/\/uhfp.centre-inffo.fr\/2023\/#\/schema\/logo\/image\/\",\"url\":\"\",\"contentUrl\":\"\",\"caption\":\"Centre Inffo\"},\"image\":{\"@id\":\"https:\/\/uhfp.centre-inffo.fr\/2023\/#\/schema\/logo\/image\/\"},\"sameAs\":[\"https:\/\/www.facebook.com\/centreinffo\",\"https:\/\/twitter.com\/centreinffo\",\"https:\/\/www.linkedin.com\/company\/centre-inffo\/\",\"https:\/\/www.youtube.com\/user\/centreinffo\"]}]}<\/script>\n<!-- \/ Yoast SEO plugin. -->","yoast_head_json":{"title":"Emissions TV - 18e Universit\u00e9 d&#039;Hiver de la Formation Professionnelle","robots":{"index":"index","follow":"follow","max-snippet":"max-snippet:-1","max-image-preview":"max-image-preview:large","max-video-preview":"max-video-preview:-1"},"canonical":"https:\/\/uhfp.centre-inffo.fr\/2023\/emissions-tv\/","og_locale":"fr_FR","og_type":"article","og_title":"Emissions TV - 18e Universit\u00e9 d&#039;Hiver de la Formation Professionnelle","og_description":"Demain TV &#8211; Le journal de la formation sp\u00e9cial 18e UHFP Carole Grandjean &#8211; Ministre de l&rsquo;Education et de la formtion professionnelle Fabrice Yeghiayan &#8211; Directeur national du d\u00e9veloppement, AFPA &hellip;","og_url":"https:\/\/uhfp.centre-inffo.fr\/2023\/emissions-tv\/","og_site_name":"18e Universit\u00e9 d&#039;Hiver de la Formation Professionnelle","article_publisher":"https:\/\/www.facebook.com\/centreinffo","article_modified_time":"2023-02-15T16:32:50+00:00","twitter_card":"summary_large_image","twitter_site":"@centreinffo","twitter_misc":{"Dur\u00e9e de lecture estim\u00e9e":"1 minute"},"schema":{"@context":"https:\/\/schema.org","@graph":[{"@type":"WebPage","@id":"https:\/\/uhfp.centre-inffo.fr\/2023\/emissions-tv\/","url":"https:\/\/uhfp.centre-inffo.fr\/2023\/emissions-tv\/","name":"Emissions TV - 18e Universit\u00e9 d&#039;Hiver de la Formation Professionnelle","isPartOf":{"@id":"https:\/\/uhfp.centre-inffo.fr\/2023\/#website"},"datePublished":"2023-02-08T14:08:06+00:00","dateModified":"2023-02-15T16:32:50+00:00","breadcrumb":{"@id":"https:\/\/uhfp.centre-inffo.fr\/2023\/emissions-tv\/#breadcrumb"},"inLanguage":"fr-FR","potentialAction":[{"@type":"ReadAction","target":["https:\/\/uhfp.centre-inffo.fr\/2023\/emissions-tv\/"]}]},{"@type":"BreadcrumbList","@id":"https:\/\/uhfp.centre-inffo.fr\/2023\/emissions-tv\/#breadcrumb","itemListElement":[{"@type":"ListItem","position":1,"name":"Accueil","item":"https:\/\/uhfp.centre-inffo.fr\/2023\/"},{"@type":"ListItem","position":2,"name":"Vid\u00e9os","item":"https:\/\/uhfp.centre-inffo.fr\/2023\/rubrique\/videos\/"},{"@type":"ListItem","position":3,"name":"Emissions TV"}]},{"@type":"WebSite","@id":"https:\/\/uhfp.centre-inffo.fr\/2023\/#website","url":"https:\/\/uhfp.centre-inffo.fr\/2023\/","name":"18e Universit\u00e9 d&#039;Hiver de la Formation Professionnelle","description":"Comp\u00e9tences 2030 : r\u00e9ussir ensemble les transitions ! - Du 25 au 27 janvier 2023, \u00e0 Cannes","publisher":{"@id":"https:\/\/uhfp.centre-inffo.fr\/2023\/#organization"},"potentialAction":[{"@type":"SearchAction","target":{"@type":"EntryPoint","urlTemplate":"https:\/\/uhfp.centre-inffo.fr\/2023\/?s={search_term_string}"},"query-input":"required name=search_term_string"}],"inLanguage":"fr-FR"},{"@type":"Organization","@id":"https:\/\/uhfp.centre-inffo.fr\/2023\/#organization","name":"Centre Inffo","url":"https:\/\/uhfp.centre-inffo.fr\/2023\/","logo":{"@type":"ImageObject","inLanguage":"fr-FR","@id":"https:\/\/uhfp.centre-inffo.fr\/2023\/#\/schema\/logo\/image\/","url":"","contentUrl":"","caption":"Centre Inffo"},"image":{"@id":"https:\/\/uhfp.centre-inffo.fr\/2023\/#\/schema\/logo\/image\/"},"sameAs":["https:\/\/www.facebook.com\/centreinffo","https:\/\/twitter.com\/centreinffo","https:\/\/www.linkedin.com\/company\/centre-inffo\/","https:\/\/www.youtube.com\/user\/centreinffo"]}]}},"_links":{"self":[{"href":"https:\/\/uhfp.centre-inffo.fr\/2023\/wp-json\/wp\/v2\/pages\/6011"}],"collection":[{"href":"https:\/\/uhfp.centre-inffo.fr\/2023\/wp-json\/wp\/v2\/pages"}],"about":[{"href":"https:\/\/uhfp.centre-inffo.fr\/2023\/wp-json\/wp\/v2\/types\/page"}],"author":[{"embeddable":true,"href":"https:\/\/uhfp.centre-inffo.fr\/2023\/wp-json\/wp\/v2\/users\/1"}],"replies":[{"embeddable":true,"href":"https:\/\/uhfp.centre-inffo.fr\/2023\/wp-json\/wp\/v2\/comments?post=6011"}],"version-history":[{"count":32,"href":"https:\/\/uhfp.centre-inffo.fr\/2023\/wp-json\/wp\/v2\/pages\/6011\/revisions"}],"predecessor-version":[{"id":6059,"href":"https:\/\/uhfp.centre-inffo.fr\/2023\/wp-json\/wp\/v2\/pages\/6011\/revisions\/6059"}],"wp:attachment":[{"href":"https:\/\/uhfp.centre-inffo.fr\/2023\/wp-json\/wp\/v2\/media?parent=6011"}],"wp:term":[{"taxonomy":"category","embeddable":true,"href":"https:\/\/uhfp.centre-inffo.fr\/2023\/wp-json\/wp\/v2\/categories?post=6011"},{"taxonomy":"post_tag","embeddable":true,"href":"https:\/\/uhfp.centre-inffo.fr\/2023\/wp-json\/wp\/v2\/tags?post=6011"},{"taxonomy":"wf_page_folders","embeddable":true,"href":"https:\/\/uhfp.centre-inffo.fr\/2023\/wp-json\/wp\/v2\/wf_page_folders?post=6011"}],"curies":[{"name":"wp","href":"https:\/\/api.w.org\/{rel}","templated":true}]}}