{"id":6105,"date":"2023-02-15T14:45:42","date_gmt":"2023-02-15T13:45:42","guid":{"rendered":"https:\/\/uhfp.centre-inffo.fr\/2023\/?page_id=6105"},"modified":"2023-10-04T12:19:10","modified_gmt":"2023-10-04T10:19:10","slug":"telecharger-les-presentations-des-ateliers","status":"publish","type":"page","link":"https:\/\/uhfp.centre-inffo.fr\/2023\/telecharger-les-presentations-des-ateliers\/","title":{"rendered":"T\u00e9l\u00e9charger les pr\u00e9sentations des ateliers"},"content":{"rendered":"\n<hr class=\"wp-block-separator has-alpha-channel-opacity\"\/>\n\n\n\n<p>Retrouvez en t\u00e9l\u00e9chargement les pr\u00e9sentations des intervenants par atelier ou table ronde, au format .pdf.<\/p>\n\n\n\n<hr class=\"wp-block-separator has-alpha-channel-opacity\"\/>\n\n\n\n<h3 class=\"wp-block-heading\">Jeudi 26 janvier<\/h3>\n\n\n\n<hr class=\"wp-block-separator has-alpha-channel-opacity\"\/>\n\n\n\n<ul>\n<li class=\"margin-b-10\">A2.6 AT &#8211; <a href=\"\/2023\/wp-content\/uploads\/2023\/02\/A2.6-AT.pdf\">Quelle R&amp;D de la formation professionnelle ?<\/a><\/li>\n\n\n\n<li class=\"margin-b-10\">A2.8 AT &#8211; <a href=\"\/2023\/wp-content\/uploads\/2023\/02\/A2.8-AT.pdf\">L\u2019innovation p\u00e9dagogique et num\u00e9rique au service de l\u2019inclusion<\/a><\/li>\n\n\n\n<li class=\"margin-b-10\">A2.12 AT &#8211; <a href=\"\/2023\/wp-content\/uploads\/2023\/02\/A2.12-AT.pdf\">L\u2019Europe de la formation au c\u0153ur des transitions<\/a><\/li>\n\n\n\n<li class=\"margin-b-10\">A3.2 TR &#8211; <a href=\"https:\/\/uhfp.centre-inffo.fr\/2023\/wp-content\/uploads\/2023\/02\/A3.2-TR.pdf\">Afest et VAE : enjeux pour l\u2019entreprise<\/a><\/li>\n\n\n\n<li class=\"margin-b-10\">A3.4 AT &#8211; <a href=\"\/2023\/wp-content\/uploads\/2023\/02\/A3.4-AT.pdf\">Le Learning Lab INRAE formation-Nantes Universit\u00e9, facilitateur des transitions<\/a><\/li>\n\n\n\n<li class=\"margin-b-10\">A3.5 AT &#8211; <a href=\"\/2023\/wp-content\/uploads\/2023\/02\/A3.5-AT.pdf\">Comment la Banque des Territoires investit dans la formation professionnelle \u00e0 impact<\/a><\/li>\n\n\n\n<li class=\"margin-b-10\">A4.7 AT &#8211; <a href=\"\/2023\/wp-content\/uploads\/2023\/02\/A4.7-AT.pdf\">Favoriser les apprentissages de demain par une organisation apprenante<\/a><\/li>\n\n\n\n<li class=\"margin-b-10\">A4.9 AT &#8211; <a href=\"\/2023\/wp-content\/uploads\/2023\/02\/A4.9-AT.pdf\">Cr\u00e9er son offre de d\u00e9veloppement et de transformation des comp\u00e9tences<\/a><\/li>\n\n\n\n<li class=\"margin-b-10\">A3.13 AT &#8211; <a href=\"https:\/\/uhfp.centre-inffo.fr\/2023\/wp-content\/uploads\/2023\/02\/A3.13-AT.pdf\">Faciliter l\u2019acc\u00e8s aux m\u00e9tiers en tension<\/a><\/li>\n<\/ul>\n\n\n\n<hr class=\"wp-block-separator has-alpha-channel-opacity\"\/>\n\n\n\n<ul>\n<li class=\"margin-b-10\">B1.15 TR &#8211; <a href=\"\/2023\/wp-content\/uploads\/2023\/02\/B1.15-TR.pdf\">Les leviers pour accompagner les transitions : RSE, apprenance\u2026<\/a><\/li>\n\n\n\n<li class=\"margin-b-10\">B1.18 TR &#8211; <a href=\"\/2023\/wp-content\/uploads\/2023\/02\/B1.18-TR.pdf\">Les transitions culturelles \u00e0 l\u2019intersection des transformations<\/a><\/li>\n\n\n\n<li class=\"margin-b-10\">B2.19 AT &#8211; <a href=\"\/2023\/wp-content\/uploads\/2023\/02\/B2.19AT.pdf\">Transitions : le r\u00f4le de la formation professionnelle dans la r\u00e9industrialisation des territoires<\/a><\/li>\n\n\n\n<li class=\"margin-b-10\">B3.20 AT &#8211; <a href=\"\/2023\/wp-content\/uploads\/2023\/02\/B3.20-AT.pdf\">La reconversion professionnelle au service de la GTEC<\/a><\/li>\n\n\n\n<li class=\"margin-b-10\">B3.21 AT &#8211; <a href=\"\/2023\/wp-content\/uploads\/2023\/02\/B3.21-AT.pdf\">Les certifications au service des transitions professionnelles<\/a><\/li>\n\n\n\n<li class=\"margin-b-10\">B3.23 AT &#8211; <a href=\"\/2023\/wp-content\/uploads\/2023\/02\/B3.23-AT.pdf\">Les certifications RNCP pour les parcours en entreprise : int\u00e9r\u00eat ou superflu\u202f?<\/a><\/li>\n\n\n\n<li class=\"margin-b-10\">B3.24 AT &#8211; <a href=\"\/2023\/wp-content\/uploads\/2023\/02\/B3.24-AT.pdf\">Le CEP, levier d\u2019un parcours sans couture de l\u2019Afest \u00e0 la VAE<\/a><\/li>\n\n\n\n<li class=\"margin-b-10\">B4.25 AT &#8211; <a href=\"\/2023\/wp-content\/uploads\/2023\/02\/B4.25-AT.pdf\">Immergez-vous dans les comp\u00e9tences 2030 gr\u00e2ce au Design Fiction<\/a><\/li>\n<\/ul>\n\n\n\n<hr class=\"wp-block-separator has-alpha-channel-opacity\"\/>\n\n\n\n<ul>\n<li class=\"margin-b-10\">C2.34 AT &#8211; <a href=\"\/2023\/wp-content\/uploads\/2023\/02\/C2.34-AT.pdf\">D\u00e9mocratiser l\u2019innovation par les outils no-code, mythe ou r\u00e9alit\u00e9 ?<\/a><\/li>\n\n\n\n<li>C3.36 AT &#8211; &nbsp;<a href=\"\/2023\/wp-content\/uploads\/2023\/02\/C3.36-AT.pdf\">Repenser les transitions professionnelles pour r\u00e9pondre aux enjeux individuels et collectifs&nbsp;<\/a><\/li>\n\n\n\n<li class=\"margin-b-10\">C3.37 AT &#8211; <a href=\"\/2023\/wp-content\/uploads\/2023\/02\/C3.37-AT.pdf\">Utiliser l\u2019intelligence num\u00e9rique pour travailler les mobilit\u00e9s professionnelles<\/a>\n<ul>\n<li><a href=\"\/2023\/wp-content\/uploads\/2023\/02\/C3.37-AT-P-Chaumette.pdf\">Pascal Chaumette<\/a><\/li>\n\n\n\n<li><a href=\"\/2023\/wp-content\/uploads\/2023\/02\/C3.37-AT-L-Houtin.pdf\">Laur\u00e8ne Houtin<\/a><\/li>\n<\/ul>\n<\/li>\n\n\n\n<li class=\"margin-b-10\">C3.38 AT &#8211; <a href=\"\/2023\/wp-content\/uploads\/2023\/02\/C3.38-AT.pdf\">Panorama de l\u2019actualit\u00e9 juridique : apprentissage, CPF, VAE\u2026<\/a><\/li>\n\n\n\n<li class=\"margin-b-10\">C4.29 AT &#8211; <a href=\"\/2023\/wp-content\/uploads\/2023\/02\/C4.29-AT.pdf\">Hybrid\u2019Action : un cadre national pour soutenir et accompagner l\u2019hybridation de la formation<\/a>\n<ul>\n<li><a href=\"\/2023\/wp-content\/uploads\/2023\/02\/C4.29-AT-Retour.pdf\">Retour sur l&rsquo;atelier<\/a><\/li>\n<\/ul>\n<\/li>\n\n\n\n<li>C4.31 AT &#8211; <a href=\"\/2023\/wp-content\/uploads\/2023\/02\/C4.31-AT.pdf\">D\u00e9ployer pour tous une \u00e9ducation au d\u00e9veloppement durable<\/a><\/li>\n\n\n\n<li class=\"margin-b-10\">C4.32 AT &#8211; <a href=\"https:\/\/uhfp.centre-inffo.fr\/2023\/c4-32-at-soltea-le-nouveau-portail-du-solde-de-la-taxe-dapprentissage\/\">SOLT\u00e9A, le nouveau portail du solde de la taxe d\u2019apprentissage<\/a><\/li>\n\n\n\n<li class=\"margin-b-10\">C4.33 AT &#8211; <a href=\"\/2023\/wp-content\/uploads\/2023\/02\/C4.33-AT-1.pdf\">Transition num\u00e9rique : combattre l\u2019illectronisme<\/a>\n<ul>\n<li class=\"margin-b-10\"><a href=\"\/2023\/wp-content\/uploads\/2023\/02\/C4.33-AT-2.pdf\">Post-production<\/a><\/li>\n<\/ul>\n<\/li>\n\n\n\n<li class=\"margin-b-10\">C4.39 AT &#8211; <a href=\"\/2023\/wp-content\/uploads\/2023\/02\/C4.39-AT.pdf\">Quels outils juridiques en soutien de la reconversion professionnelle ?<\/a><\/li>\n<\/ul>\n\n\n\n<hr class=\"wp-block-separator has-alpha-channel-opacity\"\/>\n\n\n\n<ul>\n<li class=\"margin-b-10\">D2.46 AT &#8211; <a href=\"https:\/\/uhfp.centre-inffo.fr\/2023\/d2-46-at-linnovation-au-service-de-la-qualite-des-cfa\/\">L\u2019innovation au service de la qualit\u00e9 des CFA<\/a><\/li>\n\n\n\n<li class=\"margin-b-10\">D2.47 AT &#8211; <a href=\"\/2023\/wp-content\/uploads\/2023\/02\/D2.47-AT-01.pdf\">Soutenir et d\u00e9ployer l\u2019innovation en formation : investissement public et initiatives priv\u00e9es<\/a>\n<ul>\n<li><a href=\"\/2023\/wp-content\/uploads\/2023\/02\/D2.47-AT-02.pdf\">Bilan de l&rsquo;atelier<\/a><\/li>\n<\/ul>\n<\/li>\n\n\n\n<li>D3.41 TR &#8211; <a href=\"\/2023\/wp-content\/uploads\/2023\/02\/D3.41-AT.pdf\">L\u2019appui des Opco aux entreprises dans l\u2019approche des transitions<\/a><\/li>\n\n\n\n<li>D3.49 AT &#8211; <a href=\"\/2023\/wp-content\/uploads\/2023\/02\/D3.49-AT.pdf\">Accompagner les transitions professionnelles : conditions de r\u00e9ussite et innovations<\/a><\/li>\n\n\n\n<li class=\"margin-b-10\">D3.51 AT &#8211; <a href=\"\/2023\/wp-content\/uploads\/2023\/02\/D3.51-AT.pdf\">Le plan de d\u00e9veloppement des comp\u00e9tences, au service de la croissance de l\u2019entreprise<\/a><\/li>\n<\/ul>\n\n\n\n<hr class=\"wp-block-separator has-alpha-channel-opacity\"\/>\n\n\n\n<h3 class=\"wp-block-heading\">Vendredi 27 janvier<\/h3>\n\n\n\n<hr class=\"wp-block-separator has-alpha-channel-opacity\"\/>\n\n\n\n<ul>\n<li class=\"margin-b-10\">E2.58 AT &#8211; <a href=\"\/2023\/wp-content\/uploads\/2023\/02\/E2.58-AT.pdf\">M\u00e9tavers, gadget ou innovation p\u00e9dagogique ? Premier retour d&rsquo;exp\u00e9rience<\/a><\/li>\n\n\n\n<li class=\"margin-b-10\">E2.62 AT &#8211; <a href=\"\/2023\/wp-content\/uploads\/2023\/02\/E2.62-AT.pdf\">CFA et innovation<\/a><\/li>\n\n\n\n<li class=\"margin-b-10\">E3.54 TR &#8211; <a href=\"\/2023\/wp-content\/uploads\/2023\/02\/E3.54-TR.pdf\">Comment les outils de blockchain, badges num\u00e9riques et IA d\u00e9veloppent les comp\u00e9tences<\/a><\/li>\n\n\n\n<li class=\"margin-b-10\">E3.63 AT &#8211; <a href=\"\/2023\/wp-content\/uploads\/2023\/02\/E3.63.pdf\">Qualiopi : la certification facteur de management et d\u2019inclusion<\/a><\/li>\n\n\n\n<li class=\"margin-b-10\">E4.57 AT &#8211; <a href=\"\/2023\/wp-content\/uploads\/2023\/02\/E4.57-AT.pdf\">L\u2019Afest : des r\u00e9alit\u00e9s plurielles \u00e0 l\u2019\u00e9preuve du terrain<\/a><\/li>\n\n\n\n<li class=\"margin-b-10\">E4.59 AT &#8211; <a href=\"\/2023\/wp-content\/uploads\/2023\/02\/E4.59-AT.pdf\">ROME 4.0 : un langage partag\u00e9 au service des transitions<\/a><\/li>\n<\/ul>\n","protected":false},"excerpt":{"rendered":"<p>Retrouvez en t\u00e9l\u00e9chargement les pr\u00e9sentations des intervenants par atelier ou table ronde, au format .pdf. Jeudi 26 janvier Vendredi 27 janvier<\/p>\n","protected":false},"author":1,"featured_media":0,"parent":0,"menu_order":0,"comment_status":"closed","ping_status":"closed","template":"","meta":[],"categories":[],"tags":[],"wf_page_folders":[],"acf":[],"yoast_head":"<!-- This site is optimized with the Yoast SEO plugin v20.3 - https:\/\/yoast.com\/wordpress\/plugins\/seo\/ -->\n<title>T\u00e9l\u00e9charger les pr\u00e9sentations des ateliers - 18e Universit\u00e9 d&#039;Hiver de la Formation Professionnelle<\/title>\n<meta name=\"robots\" content=\"index, follow, max-snippet:-1, max-image-preview:large, max-video-preview:-1\" \/>\n<link rel=\"canonical\" href=\"https:\/\/uhfp.centre-inffo.fr\/2023\/telecharger-les-presentations-des-ateliers\/\" \/>\n<meta property=\"og:locale\" content=\"fr_FR\" \/>\n<meta property=\"og:type\" content=\"article\" \/>\n<meta property=\"og:title\" content=\"T\u00e9l\u00e9charger les pr\u00e9sentations des ateliers - 18e Universit\u00e9 d&#039;Hiver de la Formation Professionnelle\" \/>\n<meta property=\"og:description\" content=\"Retrouvez en t\u00e9l\u00e9chargement les pr\u00e9sentations des intervenants par atelier ou table ronde, au format .pdf. Jeudi 26 janvier Vendredi 27 janvier\" \/>\n<meta property=\"og:url\" content=\"https:\/\/uhfp.centre-inffo.fr\/2023\/telecharger-les-presentations-des-ateliers\/\" \/>\n<meta property=\"og:site_name\" content=\"18e Universit\u00e9 d&#039;Hiver de la Formation Professionnelle\" \/>\n<meta property=\"article:publisher\" content=\"https:\/\/www.facebook.com\/centreinffo\" \/>\n<meta property=\"article:modified_time\" content=\"2023-10-04T10:19:10+00:00\" \/>\n<meta name=\"twitter:card\" content=\"summary_large_image\" \/>\n<meta name=\"twitter:site\" content=\"@centreinffo\" \/>\n<meta name=\"twitter:label1\" content=\"Dur\u00e9e de lecture estim\u00e9e\" \/>\n\t<meta name=\"twitter:data1\" content=\"3 minutes\" \/>\n<script type=\"application\/ld+json\" class=\"yoast-schema-graph\">{\"@context\":\"https:\/\/schema.org\",\"@graph\":[{\"@type\":\"WebPage\",\"@id\":\"https:\/\/uhfp.centre-inffo.fr\/2023\/telecharger-les-presentations-des-ateliers\/\",\"url\":\"https:\/\/uhfp.centre-inffo.fr\/2023\/telecharger-les-presentations-des-ateliers\/\",\"name\":\"T\u00e9l\u00e9charger les pr\u00e9sentations des ateliers - 18e Universit\u00e9 d&#039;Hiver de la Formation Professionnelle\",\"isPartOf\":{\"@id\":\"https:\/\/uhfp.centre-inffo.fr\/2023\/#website\"},\"datePublished\":\"2023-02-15T13:45:42+00:00\",\"dateModified\":\"2023-10-04T10:19:10+00:00\",\"breadcrumb\":{\"@id\":\"https:\/\/uhfp.centre-inffo.fr\/2023\/telecharger-les-presentations-des-ateliers\/#breadcrumb\"},\"inLanguage\":\"fr-FR\",\"potentialAction\":[{\"@type\":\"ReadAction\",\"target\":[\"https:\/\/uhfp.centre-inffo.fr\/2023\/telecharger-les-presentations-des-ateliers\/\"]}]},{\"@type\":\"BreadcrumbList\",\"@id\":\"https:\/\/uhfp.centre-inffo.fr\/2023\/telecharger-les-presentations-des-ateliers\/#breadcrumb\",\"itemListElement\":[{\"@type\":\"ListItem\",\"position\":1,\"name\":\"Accueil\",\"item\":\"https:\/\/uhfp.centre-inffo.fr\/2023\/\"},{\"@type\":\"ListItem\",\"position\":2,\"name\":\"T\u00e9l\u00e9charger les pr\u00e9sentations des ateliers\"}]},{\"@type\":\"WebSite\",\"@id\":\"https:\/\/uhfp.centre-inffo.fr\/2023\/#website\",\"url\":\"https:\/\/uhfp.centre-inffo.fr\/2023\/\",\"name\":\"18e Universit\u00e9 d&#039;Hiver de la Formation Professionnelle\",\"description\":\"Comp\u00e9tences 2030 : r\u00e9ussir ensemble les transitions ! - Du 25 au 27 janvier 2023, \u00e0 Cannes\",\"publisher\":{\"@id\":\"https:\/\/uhfp.centre-inffo.fr\/2023\/#organization\"},\"potentialAction\":[{\"@type\":\"SearchAction\",\"target\":{\"@type\":\"EntryPoint\",\"urlTemplate\":\"https:\/\/uhfp.centre-inffo.fr\/2023\/?s={search_term_string}\"},\"query-input\":\"required name=search_term_string\"}],\"inLanguage\":\"fr-FR\"},{\"@type\":\"Organization\",\"@id\":\"https:\/\/uhfp.centre-inffo.fr\/2023\/#organization\",\"name\":\"Centre Inffo\",\"url\":\"https:\/\/uhfp.centre-inffo.fr\/2023\/\",\"logo\":{\"@type\":\"ImageObject\",\"inLanguage\":\"fr-FR\",\"@id\":\"https:\/\/uhfp.centre-inffo.fr\/2023\/#\/schema\/logo\/image\/\",\"url\":\"\",\"contentUrl\":\"\",\"caption\":\"Centre Inffo\"},\"image\":{\"@id\":\"https:\/\/uhfp.centre-inffo.fr\/2023\/#\/schema\/logo\/image\/\"},\"sameAs\":[\"https:\/\/www.facebook.com\/centreinffo\",\"https:\/\/twitter.com\/centreinffo\",\"https:\/\/www.linkedin.com\/company\/centre-inffo\/\",\"https:\/\/www.youtube.com\/user\/centreinffo\"]}]}<\/script>\n<!-- \/ Yoast SEO plugin. -->","yoast_head_json":{"title":"T\u00e9l\u00e9charger les pr\u00e9sentations des ateliers - 18e Universit\u00e9 d&#039;Hiver de la Formation Professionnelle","robots":{"index":"index","follow":"follow","max-snippet":"max-snippet:-1","max-image-preview":"max-image-preview:large","max-video-preview":"max-video-preview:-1"},"canonical":"https:\/\/uhfp.centre-inffo.fr\/2023\/telecharger-les-presentations-des-ateliers\/","og_locale":"fr_FR","og_type":"article","og_title":"T\u00e9l\u00e9charger les pr\u00e9sentations des ateliers - 18e Universit\u00e9 d&#039;Hiver de la Formation Professionnelle","og_description":"Retrouvez en t\u00e9l\u00e9chargement les pr\u00e9sentations des intervenants par atelier ou table ronde, au format .pdf. Jeudi 26 janvier Vendredi 27 janvier","og_url":"https:\/\/uhfp.centre-inffo.fr\/2023\/telecharger-les-presentations-des-ateliers\/","og_site_name":"18e Universit\u00e9 d&#039;Hiver de la Formation Professionnelle","article_publisher":"https:\/\/www.facebook.com\/centreinffo","article_modified_time":"2023-10-04T10:19:10+00:00","twitter_card":"summary_large_image","twitter_site":"@centreinffo","twitter_misc":{"Dur\u00e9e de lecture estim\u00e9e":"3 minutes"},"schema":{"@context":"https:\/\/schema.org","@graph":[{"@type":"WebPage","@id":"https:\/\/uhfp.centre-inffo.fr\/2023\/telecharger-les-presentations-des-ateliers\/","url":"https:\/\/uhfp.centre-inffo.fr\/2023\/telecharger-les-presentations-des-ateliers\/","name":"T\u00e9l\u00e9charger les pr\u00e9sentations des ateliers - 18e Universit\u00e9 d&#039;Hiver de la Formation Professionnelle","isPartOf":{"@id":"https:\/\/uhfp.centre-inffo.fr\/2023\/#website"},"datePublished":"2023-02-15T13:45:42+00:00","dateModified":"2023-10-04T10:19:10+00:00","breadcrumb":{"@id":"https:\/\/uhfp.centre-inffo.fr\/2023\/telecharger-les-presentations-des-ateliers\/#breadcrumb"},"inLanguage":"fr-FR","potentialAction":[{"@type":"ReadAction","target":["https:\/\/uhfp.centre-inffo.fr\/2023\/telecharger-les-presentations-des-ateliers\/"]}]},{"@type":"BreadcrumbList","@id":"https:\/\/uhfp.centre-inffo.fr\/2023\/telecharger-les-presentations-des-ateliers\/#breadcrumb","itemListElement":[{"@type":"ListItem","position":1,"name":"Accueil","item":"https:\/\/uhfp.centre-inffo.fr\/2023\/"},{"@type":"ListItem","position":2,"name":"T\u00e9l\u00e9charger les pr\u00e9sentations des ateliers"}]},{"@type":"WebSite","@id":"https:\/\/uhfp.centre-inffo.fr\/2023\/#website","url":"https:\/\/uhfp.centre-inffo.fr\/2023\/","name":"18e Universit\u00e9 d&#039;Hiver de la Formation Professionnelle","description":"Comp\u00e9tences 2030 : r\u00e9ussir ensemble les transitions ! - Du 25 au 27 janvier 2023, \u00e0 Cannes","publisher":{"@id":"https:\/\/uhfp.centre-inffo.fr\/2023\/#organization"},"potentialAction":[{"@type":"SearchAction","target":{"@type":"EntryPoint","urlTemplate":"https:\/\/uhfp.centre-inffo.fr\/2023\/?s={search_term_string}"},"query-input":"required name=search_term_string"}],"inLanguage":"fr-FR"},{"@type":"Organization","@id":"https:\/\/uhfp.centre-inffo.fr\/2023\/#organization","name":"Centre Inffo","url":"https:\/\/uhfp.centre-inffo.fr\/2023\/","logo":{"@type":"ImageObject","inLanguage":"fr-FR","@id":"https:\/\/uhfp.centre-inffo.fr\/2023\/#\/schema\/logo\/image\/","url":"","contentUrl":"","caption":"Centre Inffo"},"image":{"@id":"https:\/\/uhfp.centre-inffo.fr\/2023\/#\/schema\/logo\/image\/"},"sameAs":["https:\/\/www.facebook.com\/centreinffo","https:\/\/twitter.com\/centreinffo","https:\/\/www.linkedin.com\/company\/centre-inffo\/","https:\/\/www.youtube.com\/user\/centreinffo"]}]}},"_links":{"self":[{"href":"https:\/\/uhfp.centre-inffo.fr\/2023\/wp-json\/wp\/v2\/pages\/6105"}],"collection":[{"href":"https:\/\/uhfp.centre-inffo.fr\/2023\/wp-json\/wp\/v2\/pages"}],"about":[{"href":"https:\/\/uhfp.centre-inffo.fr\/2023\/wp-json\/wp\/v2\/types\/page"}],"author":[{"embeddable":true,"href":"https:\/\/uhfp.centre-inffo.fr\/2023\/wp-json\/wp\/v2\/users\/1"}],"replies":[{"embeddable":true,"href":"https:\/\/uhfp.centre-inffo.fr\/2023\/wp-json\/wp\/v2\/comments?post=6105"}],"version-history":[{"count":46,"href":"https:\/\/uhfp.centre-inffo.fr\/2023\/wp-json\/wp\/v2\/pages\/6105\/revisions"}],"predecessor-version":[{"id":6312,"href":"https:\/\/uhfp.centre-inffo.fr\/2023\/wp-json\/wp\/v2\/pages\/6105\/revisions\/6312"}],"wp:attachment":[{"href":"https:\/\/uhfp.centre-inffo.fr\/2023\/wp-json\/wp\/v2\/media?parent=6105"}],"wp:term":[{"taxonomy":"category","embeddable":true,"href":"https:\/\/uhfp.centre-inffo.fr\/2023\/wp-json\/wp\/v2\/categories?post=6105"},{"taxonomy":"post_tag","embeddable":true,"href":"https:\/\/uhfp.centre-inffo.fr\/2023\/wp-json\/wp\/v2\/tags?post=6105"},{"taxonomy":"wf_page_folders","embeddable":true,"href":"https:\/\/uhfp.centre-inffo.fr\/2023\/wp-json\/wp\/v2\/wf_page_folders?post=6105"}],"curies":[{"name":"wp","href":"https:\/\/api.w.org\/{rel}","templated":true}]}}