{"id":951,"date":"2022-10-03T16:07:11","date_gmt":"2022-10-03T14:07:11","guid":{"rendered":"https:\/\/uhfp.centre-inffo.fr\/2023\/?page_id=951"},"modified":"2022-10-04T14:20:45","modified_gmt":"2022-10-04T12:20:45","slug":"la-18e-edition","status":"publish","type":"page","link":"https:\/\/uhfp.centre-inffo.fr\/2023\/la-18e-edition\/","title":{"rendered":"La 18<sup>e <\/sup>\u00e9dition"},"content":{"rendered":"\n<hr class=\"wp-block-separator has-alpha-channel-opacity\"\/>\n\n\n\n<h3 class=\"in-page-title wp-block-heading\">\u00ab&nbsp;Comp\u00e9tences 2030&nbsp;: r\u00e9ussir ensemble les transitions&nbsp;!&nbsp;\u00bb<\/h3>\n\n\n\n<hr class=\"wp-block-separator has-alpha-channel-opacity\"\/>\n\n\n\n<h4 class=\"in-page-title wp-block-heading\">\u00catre acteur du sc\u00e9nario de nos vies<\/h4>\n\n\n\n<p>Notre soci\u00e9t\u00e9 est confront\u00e9e \u00e0 de multiples transitions : \u00e9cologiques, num\u00e9riques, d\u00e9mographiques, \u00e9conomiques&#8230; D\u2019ici 2030, les m\u00e9tiers et leurs environnements, les organisations, les besoins comme les usages se transformeront, parfois radicalement. D\u00e8s \u00e0 pr\u00e9sent, l\u2019acc\u00e9l\u00e9ration des mutations interpelle tous les d\u00e9cideurs : il s\u2019agit de devenir acteur de ce changement !<\/p>\n\n\n\n<p>L\u2019 UHFP 2023 sera l\u2019agora o\u00f9 vont se partager et m\u00eame se concevoir de nouvelles offres au service du d\u00e9veloppement des comp\u00e9tences et de la comp\u00e9titivit\u00e9 de la France.<\/p>\n\n\n\n<h4 class=\"in-page-title wp-block-heading\">Venez monter les marches du Palais des Festivals et des Congr\u00e8s !<\/h4>\n\n\n\n<p>Venez, aux premi\u00e8res loges, partager vos expertises, recherches, exp\u00e9rimentations et pr\u00e9senter vos approches innovantes. Un tel partage est la condition sine qua non pour r\u00e9ussir ensemble les transitions et construire une France solidaire et comp\u00e9titive.<\/p>\n\n\n\n<hr class=\"wp-block-separator has-alpha-channel-opacity\"\/>\n\n\n\n<h3 class=\"in-page-title wp-block-heading\">4 d\u00e9fis sous les feux de la rampe pour r\u00e9ussir les transitions ensemble<\/h3>\n\n\n\n<hr class=\"wp-block-separator has-alpha-channel-opacity\"\/>\n\n\n\n<div class=\"wp-block-buttons is-layout-flex\"><\/div>\n\n\n\n<div class=\"wp-block-columns is-layout-flex wp-container-4\">\n<div class=\"wp-block-column is-layout-flow\">\n<h4 class=\"in-page-title wp-block-heading\"><strong>D\u00c9VELOPPER<\/strong><br>une culture partag\u00e9e des transitions en cours et \u00e0 venir<\/h4>\n\n\n\n<ul><li>S\u2019approprier la vision strat\u00e9gique nationale et europ\u00e9enne des transitions \u00e9cologique, num\u00e9rique, d\u00e9mographique, \u00e9conomique et culturelle et leurs impacts<\/li><li>Embarquer dans les transitions tous les actifs,en emploi ou en recherche d\u2019emploi<\/li><li>Se rendre capable de penser et d\u2019articuler dans l\u2019action les contraintes et les solutions<\/li><\/ul>\n<\/div>\n\n\n\n<div class=\"wp-block-column is-layout-flow\">\n<h4 class=\"in-page-title wp-block-heading\"><strong>INVESTIR<\/strong><br>la comp\u00e9tence, les \u00e9volutions professionnelles<br>et les nouveaux m\u00e9tiers<\/h4>\n\n\n\n<ul id=\"block-bd04c595-36dd-44a3-9095-dd9f7a2c14d4\"><li>Savoir o\u00f9 et comment identifier les nouveaux m\u00e9tiers<\/li><li>D\u00e9couvrir de nouvelles formes de gestion des comp\u00e9tences<\/li><li>Faire \u00e9voluer les certifications au service des transitions<\/li><\/ul>\n<\/div>\n<\/div>\n\n\n\n<div class=\"wp-block-columns is-layout-flex wp-container-9\">\n<div class=\"wp-block-column is-layout-flow\"><div class=\"wp-block-image\">\n<figure class=\"aligncenter size-full is-resized\"><img decoding=\"async\" loading=\"lazy\" src=\"https:\/\/uhfp.centre-inffo.fr\/2023\/wp-content\/uploads\/2022\/09\/theme-01.png\" alt=\"\" class=\"wp-image-887\" width=\"153\" height=\"143\" srcset=\"https:\/\/uhfp.centre-inffo.fr\/2023\/wp-content\/uploads\/2022\/09\/theme-01.png 306w, https:\/\/uhfp.centre-inffo.fr\/2023\/wp-content\/uploads\/2022\/09\/theme-01-300x280.png 300w\" sizes=\"(max-width: 153px) 100vw, 153px\" \/><\/figure><\/div><\/div>\n\n\n\n<div class=\"wp-block-column is-layout-flow\">\n<div class=\"wp-block-buttons is-content-justification-center is-layout-flex wp-container-6\">\n<div class=\"wp-block-button aligncenter\"><a class=\"wp-block-button__link\" href=\"\/2023\/programme\/\">Voir le programme<\/a><\/div>\n<\/div>\n<\/div>\n\n\n\n<div class=\"wp-block-column is-layout-flow\"><div class=\"wp-block-image\">\n<figure class=\"aligncenter size-full is-resized\"><img decoding=\"async\" loading=\"lazy\" src=\"https:\/\/uhfp.centre-inffo.fr\/2023\/wp-content\/uploads\/2022\/09\/theme-02.png\" alt=\"\" class=\"wp-image-888\" width=\"146\" height=\"158\" srcset=\"https:\/\/uhfp.centre-inffo.fr\/2023\/wp-content\/uploads\/2022\/09\/theme-02.png 292w, https:\/\/uhfp.centre-inffo.fr\/2023\/wp-content\/uploads\/2022\/09\/theme-02-277x300.png 277w\" sizes=\"(max-width: 146px) 100vw, 146px\" \/><\/figure><\/div><\/div>\n<\/div>\n\n\n\n<div class=\"wp-block-columns is-layout-flex wp-container-12\">\n<div class=\"wp-block-column is-layout-flow\">\n<h4 class=\"in-page-title wp-block-heading\"><strong>D\u00c9CLENCHER et SOUTENIR<\/strong><br>l\u2019innovation sociale, technologique<br>et organisationnelle<\/h4>\n\n\n\n<ul><li>Conna\u00eetre les caract\u00e9ristiques des innovations dans le champ du d\u00e9veloppement des comp\u00e9tences<\/li><li>Identifier les acteurs-cl\u00e9s, les soutiens financiers et organisationnels pour int\u00e9grer l\u2019innovation dans ses projets<\/li><li>D\u00e9couvrir le conditions de r\u00e9ussite pour mener \u00e0 bien un projet innovant<\/li><\/ul>\n<\/div>\n\n\n\n<div class=\"wp-block-column is-layout-flow\">\n<h4 class=\"in-page-title wp-block-heading\"><strong>ENCOURAGER<\/strong><br>la professionnalisation des acteurs<br>du d\u00e9veloppement des comp\u00e9tences<\/h4>\n\n\n\n<ul><li>Identifier le r\u00f4le et les outils des acteurs pour faciliter l\u2019appropriation des transitions<\/li><li>Accompagner et poursuivre l\u2019hybridation de la formation<\/li><li>S\u2019approprier le cadre r\u00e9glementaire comme outil facilitateur des transitions<\/li><\/ul>\n<\/div>\n<\/div>\n","protected":false},"excerpt":{"rendered":"<p>\u00ab&nbsp;Comp\u00e9tences 2030&nbsp;: r\u00e9ussir ensemble les transitions&nbsp;!&nbsp;\u00bb \u00catre acteur du sc\u00e9nario de nos vies Notre soci\u00e9t\u00e9 est confront\u00e9e \u00e0 de multiples transitions : \u00e9cologiques, num\u00e9riques, d\u00e9mographiques, \u00e9conomiques&#8230; D\u2019ici 2030, les m\u00e9tiers &hellip; <\/p>\n","protected":false},"author":1,"featured_media":0,"parent":0,"menu_order":0,"comment_status":"closed","ping_status":"closed","template":"","meta":[],"categories":[76],"tags":[],"wf_page_folders":[79],"acf":[],"yoast_head":"<!-- This site is optimized with the Yoast SEO plugin v20.3 - https:\/\/yoast.com\/wordpress\/plugins\/seo\/ -->\n<title>La 18e \u00e9dition - 18e Universit\u00e9 d&#039;Hiver de la Formation Professionnelle<\/title>\n<meta name=\"robots\" content=\"index, follow, max-snippet:-1, max-image-preview:large, max-video-preview:-1\" \/>\n<link rel=\"canonical\" href=\"https:\/\/uhfp.centre-inffo.fr\/2023\/la-18e-edition\/\" \/>\n<meta property=\"og:locale\" content=\"fr_FR\" \/>\n<meta property=\"og:type\" content=\"article\" \/>\n<meta property=\"og:title\" content=\"La 18e \u00e9dition - 18e Universit\u00e9 d&#039;Hiver de la Formation Professionnelle\" \/>\n<meta property=\"og:description\" content=\"\u00ab&nbsp;Comp\u00e9tences 2030&nbsp;: r\u00e9ussir ensemble les transitions&nbsp;!&nbsp;\u00bb \u00catre acteur du sc\u00e9nario de nos vies Notre soci\u00e9t\u00e9 est confront\u00e9e \u00e0 de multiples transitions : \u00e9cologiques, num\u00e9riques, d\u00e9mographiques, \u00e9conomiques&#8230; D\u2019ici 2030, les m\u00e9tiers &hellip;\" \/>\n<meta property=\"og:url\" content=\"https:\/\/uhfp.centre-inffo.fr\/2023\/la-18e-edition\/\" \/>\n<meta property=\"og:site_name\" content=\"18e Universit\u00e9 d&#039;Hiver de la Formation Professionnelle\" \/>\n<meta property=\"article:publisher\" content=\"https:\/\/www.facebook.com\/centreinffo\" \/>\n<meta property=\"article:modified_time\" content=\"2022-10-04T12:20:45+00:00\" \/>\n<meta property=\"og:image\" content=\"https:\/\/uhfp.centre-inffo.fr\/2023\/wp-content\/uploads\/2022\/09\/theme-01.png\" \/>\n<meta name=\"twitter:card\" content=\"summary_large_image\" \/>\n<meta name=\"twitter:site\" content=\"@centreinffo\" \/>\n<meta name=\"twitter:label1\" content=\"Dur\u00e9e de lecture estim\u00e9e\" \/>\n\t<meta name=\"twitter:data1\" content=\"3 minutes\" \/>\n<script type=\"application\/ld+json\" class=\"yoast-schema-graph\">{\"@context\":\"https:\/\/schema.org\",\"@graph\":[{\"@type\":\"WebPage\",\"@id\":\"https:\/\/uhfp.centre-inffo.fr\/2023\/la-18e-edition\/\",\"url\":\"https:\/\/uhfp.centre-inffo.fr\/2023\/la-18e-edition\/\",\"name\":\"La 18e \u00e9dition - 18e Universit\u00e9 d&#039;Hiver de la Formation Professionnelle\",\"isPartOf\":{\"@id\":\"https:\/\/uhfp.centre-inffo.fr\/2023\/#website\"},\"datePublished\":\"2022-10-03T14:07:11+00:00\",\"dateModified\":\"2022-10-04T12:20:45+00:00\",\"breadcrumb\":{\"@id\":\"https:\/\/uhfp.centre-inffo.fr\/2023\/la-18e-edition\/#breadcrumb\"},\"inLanguage\":\"fr-FR\",\"potentialAction\":[{\"@type\":\"ReadAction\",\"target\":[\"https:\/\/uhfp.centre-inffo.fr\/2023\/la-18e-edition\/\"]}]},{\"@type\":\"BreadcrumbList\",\"@id\":\"https:\/\/uhfp.centre-inffo.fr\/2023\/la-18e-edition\/#breadcrumb\",\"itemListElement\":[{\"@type\":\"ListItem\",\"position\":1,\"name\":\"Accueil\",\"item\":\"https:\/\/uhfp.centre-inffo.fr\/2023\/\"},{\"@type\":\"ListItem\",\"position\":2,\"name\":\"L'UHFP\",\"item\":\"https:\/\/uhfp.centre-inffo.fr\/2023\/rubrique\/luhfp\/\"},{\"@type\":\"ListItem\",\"position\":3,\"name\":\"La 18e \u00e9dition\"}]},{\"@type\":\"WebSite\",\"@id\":\"https:\/\/uhfp.centre-inffo.fr\/2023\/#website\",\"url\":\"https:\/\/uhfp.centre-inffo.fr\/2023\/\",\"name\":\"18e Universit\u00e9 d&#039;Hiver de la Formation Professionnelle\",\"description\":\"Comp\u00e9tences 2030 : r\u00e9ussir ensemble les transitions ! - Du 25 au 27 janvier 2023, \u00e0 Cannes\",\"publisher\":{\"@id\":\"https:\/\/uhfp.centre-inffo.fr\/2023\/#organization\"},\"potentialAction\":[{\"@type\":\"SearchAction\",\"target\":{\"@type\":\"EntryPoint\",\"urlTemplate\":\"https:\/\/uhfp.centre-inffo.fr\/2023\/?s={search_term_string}\"},\"query-input\":\"required name=search_term_string\"}],\"inLanguage\":\"fr-FR\"},{\"@type\":\"Organization\",\"@id\":\"https:\/\/uhfp.centre-inffo.fr\/2023\/#organization\",\"name\":\"Centre Inffo\",\"url\":\"https:\/\/uhfp.centre-inffo.fr\/2023\/\",\"logo\":{\"@type\":\"ImageObject\",\"inLanguage\":\"fr-FR\",\"@id\":\"https:\/\/uhfp.centre-inffo.fr\/2023\/#\/schema\/logo\/image\/\",\"url\":\"\",\"contentUrl\":\"\",\"caption\":\"Centre Inffo\"},\"image\":{\"@id\":\"https:\/\/uhfp.centre-inffo.fr\/2023\/#\/schema\/logo\/image\/\"},\"sameAs\":[\"https:\/\/www.facebook.com\/centreinffo\",\"https:\/\/twitter.com\/centreinffo\",\"https:\/\/www.linkedin.com\/company\/centre-inffo\/\",\"https:\/\/www.youtube.com\/user\/centreinffo\"]}]}<\/script>\n<!-- \/ Yoast SEO plugin. -->","yoast_head_json":{"title":"La 18e \u00e9dition - 18e Universit\u00e9 d&#039;Hiver de la Formation Professionnelle","robots":{"index":"index","follow":"follow","max-snippet":"max-snippet:-1","max-image-preview":"max-image-preview:large","max-video-preview":"max-video-preview:-1"},"canonical":"https:\/\/uhfp.centre-inffo.fr\/2023\/la-18e-edition\/","og_locale":"fr_FR","og_type":"article","og_title":"La 18e \u00e9dition - 18e Universit\u00e9 d&#039;Hiver de la Formation Professionnelle","og_description":"\u00ab&nbsp;Comp\u00e9tences 2030&nbsp;: r\u00e9ussir ensemble les transitions&nbsp;!&nbsp;\u00bb \u00catre acteur du sc\u00e9nario de nos vies Notre soci\u00e9t\u00e9 est confront\u00e9e \u00e0 de multiples transitions : \u00e9cologiques, num\u00e9riques, d\u00e9mographiques, \u00e9conomiques&#8230; D\u2019ici 2030, les m\u00e9tiers &hellip;","og_url":"https:\/\/uhfp.centre-inffo.fr\/2023\/la-18e-edition\/","og_site_name":"18e Universit\u00e9 d&#039;Hiver de la Formation Professionnelle","article_publisher":"https:\/\/www.facebook.com\/centreinffo","article_modified_time":"2022-10-04T12:20:45+00:00","og_image":[{"url":"https:\/\/uhfp.centre-inffo.fr\/2023\/wp-content\/uploads\/2022\/09\/theme-01.png"}],"twitter_card":"summary_large_image","twitter_site":"@centreinffo","twitter_misc":{"Dur\u00e9e de lecture estim\u00e9e":"3 minutes"},"schema":{"@context":"https:\/\/schema.org","@graph":[{"@type":"WebPage","@id":"https:\/\/uhfp.centre-inffo.fr\/2023\/la-18e-edition\/","url":"https:\/\/uhfp.centre-inffo.fr\/2023\/la-18e-edition\/","name":"La 18e \u00e9dition - 18e Universit\u00e9 d&#039;Hiver de la Formation Professionnelle","isPartOf":{"@id":"https:\/\/uhfp.centre-inffo.fr\/2023\/#website"},"datePublished":"2022-10-03T14:07:11+00:00","dateModified":"2022-10-04T12:20:45+00:00","breadcrumb":{"@id":"https:\/\/uhfp.centre-inffo.fr\/2023\/la-18e-edition\/#breadcrumb"},"inLanguage":"fr-FR","potentialAction":[{"@type":"ReadAction","target":["https:\/\/uhfp.centre-inffo.fr\/2023\/la-18e-edition\/"]}]},{"@type":"BreadcrumbList","@id":"https:\/\/uhfp.centre-inffo.fr\/2023\/la-18e-edition\/#breadcrumb","itemListElement":[{"@type":"ListItem","position":1,"name":"Accueil","item":"https:\/\/uhfp.centre-inffo.fr\/2023\/"},{"@type":"ListItem","position":2,"name":"L'UHFP","item":"https:\/\/uhfp.centre-inffo.fr\/2023\/rubrique\/luhfp\/"},{"@type":"ListItem","position":3,"name":"La 18e \u00e9dition"}]},{"@type":"WebSite","@id":"https:\/\/uhfp.centre-inffo.fr\/2023\/#website","url":"https:\/\/uhfp.centre-inffo.fr\/2023\/","name":"18e Universit\u00e9 d&#039;Hiver de la Formation Professionnelle","description":"Comp\u00e9tences 2030 : r\u00e9ussir ensemble les transitions ! - Du 25 au 27 janvier 2023, \u00e0 Cannes","publisher":{"@id":"https:\/\/uhfp.centre-inffo.fr\/2023\/#organization"},"potentialAction":[{"@type":"SearchAction","target":{"@type":"EntryPoint","urlTemplate":"https:\/\/uhfp.centre-inffo.fr\/2023\/?s={search_term_string}"},"query-input":"required name=search_term_string"}],"inLanguage":"fr-FR"},{"@type":"Organization","@id":"https:\/\/uhfp.centre-inffo.fr\/2023\/#organization","name":"Centre Inffo","url":"https:\/\/uhfp.centre-inffo.fr\/2023\/","logo":{"@type":"ImageObject","inLanguage":"fr-FR","@id":"https:\/\/uhfp.centre-inffo.fr\/2023\/#\/schema\/logo\/image\/","url":"","contentUrl":"","caption":"Centre Inffo"},"image":{"@id":"https:\/\/uhfp.centre-inffo.fr\/2023\/#\/schema\/logo\/image\/"},"sameAs":["https:\/\/www.facebook.com\/centreinffo","https:\/\/twitter.com\/centreinffo","https:\/\/www.linkedin.com\/company\/centre-inffo\/","https:\/\/www.youtube.com\/user\/centreinffo"]}]}},"_links":{"self":[{"href":"https:\/\/uhfp.centre-inffo.fr\/2023\/wp-json\/wp\/v2\/pages\/951"}],"collection":[{"href":"https:\/\/uhfp.centre-inffo.fr\/2023\/wp-json\/wp\/v2\/pages"}],"about":[{"href":"https:\/\/uhfp.centre-inffo.fr\/2023\/wp-json\/wp\/v2\/types\/page"}],"author":[{"embeddable":true,"href":"https:\/\/uhfp.centre-inffo.fr\/2023\/wp-json\/wp\/v2\/users\/1"}],"replies":[{"embeddable":true,"href":"https:\/\/uhfp.centre-inffo.fr\/2023\/wp-json\/wp\/v2\/comments?post=951"}],"version-history":[{"count":13,"href":"https:\/\/uhfp.centre-inffo.fr\/2023\/wp-json\/wp\/v2\/pages\/951\/revisions"}],"predecessor-version":[{"id":1025,"href":"https:\/\/uhfp.centre-inffo.fr\/2023\/wp-json\/wp\/v2\/pages\/951\/revisions\/1025"}],"wp:attachment":[{"href":"https:\/\/uhfp.centre-inffo.fr\/2023\/wp-json\/wp\/v2\/media?parent=951"}],"wp:term":[{"taxonomy":"category","embeddable":true,"href":"https:\/\/uhfp.centre-inffo.fr\/2023\/wp-json\/wp\/v2\/categories?post=951"},{"taxonomy":"post_tag","embeddable":true,"href":"https:\/\/uhfp.centre-inffo.fr\/2023\/wp-json\/wp\/v2\/tags?post=951"},{"taxonomy":"wf_page_folders","embeddable":true,"href":"https:\/\/uhfp.centre-inffo.fr\/2023\/wp-json\/wp\/v2\/wf_page_folders?post=951"}],"curies":[{"name":"wp","href":"https:\/\/api.w.org\/{rel}","templated":true}]}}