{"id":963,"date":"2022-10-03T16:29:49","date_gmt":"2022-10-03T14:29:49","guid":{"rendered":"https:\/\/uhfp.centre-inffo.fr\/2023\/?page_id=963"},"modified":"2023-01-23T12:57:14","modified_gmt":"2023-01-23T11:57:14","slug":"choisir-luhfp-comme-action-de-formation","status":"publish","type":"page","link":"https:\/\/uhfp.centre-inffo.fr\/2023\/choisir-luhfp-comme-action-de-formation\/","title":{"rendered":"Choisir l\u2019UHFP comme action de formation"},"content":{"rendered":"\n<hr class=\"wp-block-separator has-alpha-channel-opacity\"\/>\n\n\n\n<p>L\u2019Universit\u00e9 est organis\u00e9e comme un parcours de d\u00e9veloppement de comp\u00e9tences, d\u2019une dur\u00e9e de 14 heures.<\/p>\n\n\n\n<p>Si vous choisissez de participer \u00e0 l\u2019UHFP en tant qu\u2019action de formation, vous serez amen\u00e9(e) \u00e0 le pr\u00e9ciser lors de votre inscription sur notre plateforme. Une convention de formation vous sera adress\u00e9e ensuite.<\/p>\n\n\n\n<div class=\"wp-block-buttons is-content-justification-center is-layout-flex wp-container-1\">\n<div class=\"wp-block-button\"><a class=\"wp-block-button__link wp-element-button\" href=\"https:\/\/uhfp.centre-inffo.fr\/2023\/wp-content\/uploads\/2022\/10\/reg-interieur-stagiaires-uhfp23.pdf\">T\u00e9l\u00e9chargez le r\u00e8glement int\u00e9rieur <\/a><\/div>\n<\/div>\n\n\n<div class=\"wp-block-image\">\n<figure class=\"aligncenter size-full is-resized\"><img decoding=\"async\" loading=\"lazy\" src=\"https:\/\/uhfp.centre-inffo.fr\/2023\/wp-content\/uploads\/2022\/09\/partenaires.png\" alt=\"\" class=\"wp-image-901\" width=\"300\" height=\"300\" srcset=\"https:\/\/uhfp.centre-inffo.fr\/2023\/wp-content\/uploads\/2022\/09\/partenaires.png 600w, https:\/\/uhfp.centre-inffo.fr\/2023\/wp-content\/uploads\/2022\/09\/partenaires-300x300.png 300w, https:\/\/uhfp.centre-inffo.fr\/2023\/wp-content\/uploads\/2022\/09\/partenaires-150x150.png 150w\" sizes=\"(max-width: 300px) 100vw, 300px\" \/><\/figure><\/div>\n\n\n<h3 class=\"in-page-title wp-block-heading\">L\u2019UHFP 2023 : 4 objectifs de formation<\/h3>\n\n\n\n<ul>\n<li>Identifier les enjeux des transitions en cours et leurs impacts sur votre activit\u00e9<\/li>\n\n\n\n<li>D\u00e9tecter les investissements et soutiens adapt\u00e9s \u00e0 l\u2019\u00e9volution de votre \u00e9cosyst\u00e8me<\/li>\n\n\n\n<li>Proposer des pistes d\u2019actions en tant que facilitateur des transitions<\/li>\n\n\n\n<li>Rep\u00e9rer les transformations du cadre r\u00e8glementaire \u00e0 venir<\/li>\n<\/ul>\n\n\n\n<p>Par ailleurs, chaque s\u00e9quence de l\u2019UHFP (atelier ou table ronde) comportera des objectifs op\u00e9rationnels sp\u00e9cifiques.<\/p>\n\n\n\n<h3 class=\"in-page-title wp-block-heading\">&nbsp;Le public attendu<\/h3>\n\n\n\n<p>Tous professionnels impliqu\u00e9s dans la d\u00e9cision, le financement, la gestion et la mise en \u0153uvre de dispositifs de d\u00e9veloppement des comp\u00e9tences :<\/p>\n\n\n\n<ul>\n<li>Directeurs(trices) de ressources humaines des secteurs public et priv\u00e9<\/li>\n\n\n\n<li>Responsables de formation en entreprise, gestionnaires de talents<\/li>\n\n\n\n<li>Responsables d&rsquo;organismes publics et priv\u00e9s de d\u00e9veloppement des comp\u00e9tences<\/li>\n\n\n\n<li>Conseillers et conseill\u00e8res aupr\u00e8s d&rsquo;entreprises formateurs<\/li>\n\n\n\n<li>Consultants<\/li>\n\n\n\n<li>Acteurs de l&rsquo;accueil information orientation et accompagnement des adultes repr\u00e9sentants d&rsquo;organisations d&#8217;employeurs ou de salari\u00e9s<\/li>\n\n\n\n<li>Chercheurs<\/li>\n<\/ul>\n\n\n\n<h3 class=\"in-page-title wp-block-heading\">Pr\u00e9requis<\/h3>\n\n\n\n<p>Exercer son activit\u00e9 dans, ou en relation avec, le secteur du d\u00e9veloppement des comp\u00e9tences<\/p>\n\n\n\n<h3 class=\"in-page-title wp-block-heading\">&nbsp;Les intervenants sont<\/h3>\n\n\n\n<ul>\n<li>Des consultants exp\u00e9riment\u00e9s de Centre Inffo<\/li>\n\n\n\n<li>Des d\u00e9cideurs publics, paritaires et priv\u00e9s des strat\u00e9gies de d\u00e9veloppement des comp\u00e9tences<\/li>\n\n\n\n<li>Des experts et praticiens de la formation, de l\u2019apprentissage et de l\u2019accompagnement des adultes<\/li>\n\n\n\n<li>Des acteurs de l\u2019innovation (start-ups &#8230;)<\/li>\n\n\n\n<li>Des universitaires, chercheurs et observateurs<\/li>\n<\/ul>\n\n\n\n<h3 class=\"in-page-title wp-block-heading\">&nbsp;Moyens p\u00e9dagogiques<\/h3>\n\n\n\n<p>Combinaison de s\u00e9quences avec :<\/p>\n\n\n\n<ul>\n<li>Expos\u00e9s (suivis de questions-r\u00e9ponses)<\/li>\n\n\n\n<li>Travaux pratiques th\u00e9matiques<\/li>\n\n\n\n<li>Acc\u00e8s en ligne aux ressources p\u00e9dagogiques et documentaires<\/li>\n<\/ul>\n\n\n\n<h3 class=\"in-page-title wp-block-heading\">Modalit\u00e9s d\u2019\u00e9valuation<\/h3>\n\n\n\n<p>L\u2019atteinte des objectifs du parcours de formation est \u00a0\u00e9valu\u00e9e par un r\u00e9f\u00e9rent p\u00e9dagogique de Centre Inffo \u00e0 partir d\u2019un test d\u2019\u00e9valuation des acquis en fin d\u2019UHFP (int\u00e9gr\u00e9 dans la questionnaire de satisfaction)\u00a0jalonn\u00e9e par le recueil des appr\u00e9ciations des participants \u00e0 l\u2019issue des s\u00e9quences.<em>\u00a0<\/em>Le positionnement amont est effectu\u00e9 par la v\u00e9rification du profil des inscrits au parcours de formation.<\/p>\n\n\n\n<h3 class=\"in-page-title wp-block-heading\">Tarif<\/h3>\n\n\n\n<ul>\n<li>Montant HT :&nbsp;<strong>1 560 \u20ac<\/strong><\/li>\n\n\n\n<li>Montant TTC :&nbsp;<strong>1 872 \u20ac<\/strong><br>R\u00e9partition des frais :\n<ul>\n<li><em>Frais p\u00e9dagogiques : 960 \u20ac<\/em><\/li>\n\n\n\n<li><em>Co\u00fbts annexes :&nbsp; 600 \u20ac<\/em><\/li>\n<\/ul>\n<\/li>\n<\/ul>\n\n\n\n<h3 class=\"in-page-title wp-block-heading\">Modalit\u00e9s de sanction<\/h3>\n\n\n\n<p>Remise d\u2019une attestation de fin de formation<\/p>\n\n\n\n<hr class=\"wp-block-separator has-alpha-channel-opacity\"\/>\n\n\n\n<div class=\"wp-block-columns is-layout-flex wp-container-6\">\n<div class=\"wp-block-column is-layout-flow\">\n<div class=\"wp-block-buttons is-content-justification-right is-layout-flex wp-container-2\">\n<div class=\"wp-block-button\"><a class=\"wp-block-button__link wp-element-button\" href=\"https:\/\/secure.key4events.com\/key4register\/content.aspx?e=1531&amp;c=15665\">Je m&rsquo;inscris !<\/a><\/div>\n<\/div>\n<\/div>\n\n\n\n<div class=\"wp-block-column is-layout-flow\">\n<div class=\"wp-block-buttons is-layout-flex\">\n<div class=\"wp-block-button\"><a class=\"wp-block-button__link wp-element-button\" href=\"https:\/\/uhfp.centre-inffo.fr\/2023\/wp-content\/uploads\/2022\/10\/financement-inscription.pdf\">Comment financer mon inscription (.pdf) ?<\/a><\/div>\n<\/div>\n<\/div>\n<\/div>\n","protected":false},"excerpt":{"rendered":"<p>L\u2019Universit\u00e9 est organis\u00e9e comme un parcours de d\u00e9veloppement de comp\u00e9tences, d\u2019une dur\u00e9e de 14 heures. Si vous choisissez de participer \u00e0 l\u2019UHFP en tant qu\u2019action de formation, vous serez amen\u00e9(e) &hellip; <\/p>\n","protected":false},"author":1,"featured_media":0,"parent":0,"menu_order":0,"comment_status":"closed","ping_status":"closed","template":"","meta":[],"categories":[76],"tags":[],"wf_page_folders":[79],"acf":[],"yoast_head":"<!-- This site is optimized with the Yoast SEO plugin v20.3 - https:\/\/yoast.com\/wordpress\/plugins\/seo\/ -->\n<title>Choisir l\u2019UHFP comme action de formation - 18e Universit\u00e9 d&#039;Hiver de la Formation Professionnelle<\/title>\n<meta name=\"robots\" content=\"index, follow, max-snippet:-1, max-image-preview:large, max-video-preview:-1\" \/>\n<link rel=\"canonical\" href=\"https:\/\/uhfp.centre-inffo.fr\/2023\/choisir-luhfp-comme-action-de-formation\/\" \/>\n<meta property=\"og:locale\" content=\"fr_FR\" \/>\n<meta property=\"og:type\" content=\"article\" \/>\n<meta property=\"og:title\" content=\"Choisir l\u2019UHFP comme action de formation - 18e Universit\u00e9 d&#039;Hiver de la Formation Professionnelle\" \/>\n<meta property=\"og:description\" content=\"L\u2019Universit\u00e9 est organis\u00e9e comme un parcours de d\u00e9veloppement de comp\u00e9tences, d\u2019une dur\u00e9e de 14 heures. Si vous choisissez de participer \u00e0 l\u2019UHFP en tant qu\u2019action de formation, vous serez amen\u00e9(e) &hellip;\" \/>\n<meta property=\"og:url\" content=\"https:\/\/uhfp.centre-inffo.fr\/2023\/choisir-luhfp-comme-action-de-formation\/\" \/>\n<meta property=\"og:site_name\" content=\"18e Universit\u00e9 d&#039;Hiver de la Formation Professionnelle\" \/>\n<meta property=\"article:publisher\" content=\"https:\/\/www.facebook.com\/centreinffo\" \/>\n<meta property=\"article:modified_time\" content=\"2023-01-23T11:57:14+00:00\" \/>\n<meta property=\"og:image\" content=\"https:\/\/uhfp.centre-inffo.fr\/2023\/wp-content\/uploads\/2022\/09\/partenaires.png\" \/>\n<meta name=\"twitter:card\" content=\"summary_large_image\" \/>\n<meta name=\"twitter:site\" content=\"@centreinffo\" \/>\n<meta name=\"twitter:label1\" content=\"Dur\u00e9e de lecture estim\u00e9e\" \/>\n\t<meta name=\"twitter:data1\" content=\"3 minutes\" \/>\n<script type=\"application\/ld+json\" class=\"yoast-schema-graph\">{\"@context\":\"https:\/\/schema.org\",\"@graph\":[{\"@type\":\"WebPage\",\"@id\":\"https:\/\/uhfp.centre-inffo.fr\/2023\/choisir-luhfp-comme-action-de-formation\/\",\"url\":\"https:\/\/uhfp.centre-inffo.fr\/2023\/choisir-luhfp-comme-action-de-formation\/\",\"name\":\"Choisir l\u2019UHFP comme action de formation - 18e Universit\u00e9 d&#039;Hiver de la Formation Professionnelle\",\"isPartOf\":{\"@id\":\"https:\/\/uhfp.centre-inffo.fr\/2023\/#website\"},\"datePublished\":\"2022-10-03T14:29:49+00:00\",\"dateModified\":\"2023-01-23T11:57:14+00:00\",\"breadcrumb\":{\"@id\":\"https:\/\/uhfp.centre-inffo.fr\/2023\/choisir-luhfp-comme-action-de-formation\/#breadcrumb\"},\"inLanguage\":\"fr-FR\",\"potentialAction\":[{\"@type\":\"ReadAction\",\"target\":[\"https:\/\/uhfp.centre-inffo.fr\/2023\/choisir-luhfp-comme-action-de-formation\/\"]}]},{\"@type\":\"BreadcrumbList\",\"@id\":\"https:\/\/uhfp.centre-inffo.fr\/2023\/choisir-luhfp-comme-action-de-formation\/#breadcrumb\",\"itemListElement\":[{\"@type\":\"ListItem\",\"position\":1,\"name\":\"Accueil\",\"item\":\"https:\/\/uhfp.centre-inffo.fr\/2023\/\"},{\"@type\":\"ListItem\",\"position\":2,\"name\":\"L'UHFP\",\"item\":\"https:\/\/uhfp.centre-inffo.fr\/2023\/rubrique\/luhfp\/\"},{\"@type\":\"ListItem\",\"position\":3,\"name\":\"Choisir l\u2019UHFP comme action de formation\"}]},{\"@type\":\"WebSite\",\"@id\":\"https:\/\/uhfp.centre-inffo.fr\/2023\/#website\",\"url\":\"https:\/\/uhfp.centre-inffo.fr\/2023\/\",\"name\":\"18e Universit\u00e9 d&#039;Hiver de la Formation Professionnelle\",\"description\":\"Comp\u00e9tences 2030 : r\u00e9ussir ensemble les transitions ! - Du 25 au 27 janvier 2023, \u00e0 Cannes\",\"publisher\":{\"@id\":\"https:\/\/uhfp.centre-inffo.fr\/2023\/#organization\"},\"potentialAction\":[{\"@type\":\"SearchAction\",\"target\":{\"@type\":\"EntryPoint\",\"urlTemplate\":\"https:\/\/uhfp.centre-inffo.fr\/2023\/?s={search_term_string}\"},\"query-input\":\"required name=search_term_string\"}],\"inLanguage\":\"fr-FR\"},{\"@type\":\"Organization\",\"@id\":\"https:\/\/uhfp.centre-inffo.fr\/2023\/#organization\",\"name\":\"Centre Inffo\",\"url\":\"https:\/\/uhfp.centre-inffo.fr\/2023\/\",\"logo\":{\"@type\":\"ImageObject\",\"inLanguage\":\"fr-FR\",\"@id\":\"https:\/\/uhfp.centre-inffo.fr\/2023\/#\/schema\/logo\/image\/\",\"url\":\"\",\"contentUrl\":\"\",\"caption\":\"Centre Inffo\"},\"image\":{\"@id\":\"https:\/\/uhfp.centre-inffo.fr\/2023\/#\/schema\/logo\/image\/\"},\"sameAs\":[\"https:\/\/www.facebook.com\/centreinffo\",\"https:\/\/twitter.com\/centreinffo\",\"https:\/\/www.linkedin.com\/company\/centre-inffo\/\",\"https:\/\/www.youtube.com\/user\/centreinffo\"]}]}<\/script>\n<!-- \/ Yoast SEO plugin. -->","yoast_head_json":{"title":"Choisir l\u2019UHFP comme action de formation - 18e Universit\u00e9 d&#039;Hiver de la Formation Professionnelle","robots":{"index":"index","follow":"follow","max-snippet":"max-snippet:-1","max-image-preview":"max-image-preview:large","max-video-preview":"max-video-preview:-1"},"canonical":"https:\/\/uhfp.centre-inffo.fr\/2023\/choisir-luhfp-comme-action-de-formation\/","og_locale":"fr_FR","og_type":"article","og_title":"Choisir l\u2019UHFP comme action de formation - 18e Universit\u00e9 d&#039;Hiver de la Formation Professionnelle","og_description":"L\u2019Universit\u00e9 est organis\u00e9e comme un parcours de d\u00e9veloppement de comp\u00e9tences, d\u2019une dur\u00e9e de 14 heures. Si vous choisissez de participer \u00e0 l\u2019UHFP en tant qu\u2019action de formation, vous serez amen\u00e9(e) &hellip;","og_url":"https:\/\/uhfp.centre-inffo.fr\/2023\/choisir-luhfp-comme-action-de-formation\/","og_site_name":"18e Universit\u00e9 d&#039;Hiver de la Formation Professionnelle","article_publisher":"https:\/\/www.facebook.com\/centreinffo","article_modified_time":"2023-01-23T11:57:14+00:00","og_image":[{"url":"https:\/\/uhfp.centre-inffo.fr\/2023\/wp-content\/uploads\/2022\/09\/partenaires.png"}],"twitter_card":"summary_large_image","twitter_site":"@centreinffo","twitter_misc":{"Dur\u00e9e de lecture estim\u00e9e":"3 minutes"},"schema":{"@context":"https:\/\/schema.org","@graph":[{"@type":"WebPage","@id":"https:\/\/uhfp.centre-inffo.fr\/2023\/choisir-luhfp-comme-action-de-formation\/","url":"https:\/\/uhfp.centre-inffo.fr\/2023\/choisir-luhfp-comme-action-de-formation\/","name":"Choisir l\u2019UHFP comme action de formation - 18e Universit\u00e9 d&#039;Hiver de la Formation Professionnelle","isPartOf":{"@id":"https:\/\/uhfp.centre-inffo.fr\/2023\/#website"},"datePublished":"2022-10-03T14:29:49+00:00","dateModified":"2023-01-23T11:57:14+00:00","breadcrumb":{"@id":"https:\/\/uhfp.centre-inffo.fr\/2023\/choisir-luhfp-comme-action-de-formation\/#breadcrumb"},"inLanguage":"fr-FR","potentialAction":[{"@type":"ReadAction","target":["https:\/\/uhfp.centre-inffo.fr\/2023\/choisir-luhfp-comme-action-de-formation\/"]}]},{"@type":"BreadcrumbList","@id":"https:\/\/uhfp.centre-inffo.fr\/2023\/choisir-luhfp-comme-action-de-formation\/#breadcrumb","itemListElement":[{"@type":"ListItem","position":1,"name":"Accueil","item":"https:\/\/uhfp.centre-inffo.fr\/2023\/"},{"@type":"ListItem","position":2,"name":"L'UHFP","item":"https:\/\/uhfp.centre-inffo.fr\/2023\/rubrique\/luhfp\/"},{"@type":"ListItem","position":3,"name":"Choisir l\u2019UHFP comme action de formation"}]},{"@type":"WebSite","@id":"https:\/\/uhfp.centre-inffo.fr\/2023\/#website","url":"https:\/\/uhfp.centre-inffo.fr\/2023\/","name":"18e Universit\u00e9 d&#039;Hiver de la Formation Professionnelle","description":"Comp\u00e9tences 2030 : r\u00e9ussir ensemble les transitions ! - Du 25 au 27 janvier 2023, \u00e0 Cannes","publisher":{"@id":"https:\/\/uhfp.centre-inffo.fr\/2023\/#organization"},"potentialAction":[{"@type":"SearchAction","target":{"@type":"EntryPoint","urlTemplate":"https:\/\/uhfp.centre-inffo.fr\/2023\/?s={search_term_string}"},"query-input":"required name=search_term_string"}],"inLanguage":"fr-FR"},{"@type":"Organization","@id":"https:\/\/uhfp.centre-inffo.fr\/2023\/#organization","name":"Centre Inffo","url":"https:\/\/uhfp.centre-inffo.fr\/2023\/","logo":{"@type":"ImageObject","inLanguage":"fr-FR","@id":"https:\/\/uhfp.centre-inffo.fr\/2023\/#\/schema\/logo\/image\/","url":"","contentUrl":"","caption":"Centre Inffo"},"image":{"@id":"https:\/\/uhfp.centre-inffo.fr\/2023\/#\/schema\/logo\/image\/"},"sameAs":["https:\/\/www.facebook.com\/centreinffo","https:\/\/twitter.com\/centreinffo","https:\/\/www.linkedin.com\/company\/centre-inffo\/","https:\/\/www.youtube.com\/user\/centreinffo"]}]}},"_links":{"self":[{"href":"https:\/\/uhfp.centre-inffo.fr\/2023\/wp-json\/wp\/v2\/pages\/963"}],"collection":[{"href":"https:\/\/uhfp.centre-inffo.fr\/2023\/wp-json\/wp\/v2\/pages"}],"about":[{"href":"https:\/\/uhfp.centre-inffo.fr\/2023\/wp-json\/wp\/v2\/types\/page"}],"author":[{"embeddable":true,"href":"https:\/\/uhfp.centre-inffo.fr\/2023\/wp-json\/wp\/v2\/users\/1"}],"replies":[{"embeddable":true,"href":"https:\/\/uhfp.centre-inffo.fr\/2023\/wp-json\/wp\/v2\/comments?post=963"}],"version-history":[{"count":17,"href":"https:\/\/uhfp.centre-inffo.fr\/2023\/wp-json\/wp\/v2\/pages\/963\/revisions"}],"predecessor-version":[{"id":5245,"href":"https:\/\/uhfp.centre-inffo.fr\/2023\/wp-json\/wp\/v2\/pages\/963\/revisions\/5245"}],"wp:attachment":[{"href":"https:\/\/uhfp.centre-inffo.fr\/2023\/wp-json\/wp\/v2\/media?parent=963"}],"wp:term":[{"taxonomy":"category","embeddable":true,"href":"https:\/\/uhfp.centre-inffo.fr\/2023\/wp-json\/wp\/v2\/categories?post=963"},{"taxonomy":"post_tag","embeddable":true,"href":"https:\/\/uhfp.centre-inffo.fr\/2023\/wp-json\/wp\/v2\/tags?post=963"},{"taxonomy":"wf_page_folders","embeddable":true,"href":"https:\/\/uhfp.centre-inffo.fr\/2023\/wp-json\/wp\/v2\/wf_page_folders?post=963"}],"curies":[{"name":"wp","href":"https:\/\/api.w.org\/{rel}","templated":true}]}}