{"id":972,"date":"2022-10-03T16:36:25","date_gmt":"2022-10-03T14:36:25","guid":{"rendered":"https:\/\/uhfp.centre-inffo.fr\/2023\/?page_id=972"},"modified":"2022-12-07T16:58:14","modified_gmt":"2022-12-07T15:58:14","slug":"bilan-2020","status":"publish","type":"page","link":"https:\/\/uhfp.centre-inffo.fr\/2023\/bilan-2020\/","title":{"rendered":"Bilan de l&rsquo;\u00e9dition 2020"},"content":{"rendered":"\n<hr class=\"wp-block-separator has-alpha-channel-opacity\"\/>\n\n\n\n<div class=\"wp-block-columns is-layout-flex wp-container-3\">\n<div class=\"wp-block-column is-layout-flow\"><div class=\"wp-block-image\">\n<figure class=\"aligncenter size-full is-resized\"><img decoding=\"async\" loading=\"lazy\" src=\"https:\/\/uhfp.centre-inffo.fr\/2023\/wp-content\/uploads\/2022\/09\/theme-01.png\" alt=\"\" class=\"wp-image-887\" width=\"153\" height=\"143\" srcset=\"https:\/\/uhfp.centre-inffo.fr\/2023\/wp-content\/uploads\/2022\/09\/theme-01.png 306w, https:\/\/uhfp.centre-inffo.fr\/2023\/wp-content\/uploads\/2022\/09\/theme-01-300x280.png 300w\" sizes=\"(max-width: 153px) 100vw, 153px\" \/><\/figure><\/div>\n\n\n<ul>\n<li><strong>1 350 participants<\/strong><\/li>\n\n\n\n<li><strong>56 partenaires financiers dont 42 exposants<\/strong><\/li>\n\n\n\n<li><strong>70 ateliers, tables rondes et conf\u00e9rences<\/strong><\/li>\n\n\n\n<li><strong>250 intervenants et experts<\/strong><\/li>\n<\/ul>\n<\/div>\n\n\n\n<div class=\"wp-block-column is-layout-flow\">\n<h4 class=\"in-page-title wp-block-heading\">Une forte mobilisation des m\u00e9dias<\/h4>\n\n\n\n<ul>\n<li>3 points presse<\/li>\n\n\n\n<li>4 partenariats m\u00e9dias<\/li>\n\n\n\n<li>30 journalistes pr\u00e9sents<br>(presse nationale, presse sp\u00e9cialis\u00e9e, PQR)<\/li>\n\n\n\n<li>+35 interviews<\/li>\n\n\n\n<li>&#8230; et 100 retomb\u00e9es presse<\/li>\n<\/ul>\n<\/div>\n<\/div>\n\n\n\n<div class=\"wp-block-columns is-layout-flex wp-container-6\">\n<div class=\"wp-block-column is-layout-flow\">\n<h4 class=\"in-page-title wp-block-heading\">75 % des participants exercent des fonctions d\u2019influence<\/h4>\n\n\n\n<p>250 personnalit\u00e9s et experts ont assur\u00e9 la qualit\u00e9 et le succ\u00e8s de cette 17e \u00e9dition lors de 70 conf\u00e9rences et tables rondes sur le th\u00e8me de<br>\u00ab La comp\u00e9tence \u00e0 port\u00e9e de tous ! \u00bb<\/p>\n<\/div>\n\n\n\n<div class=\"wp-block-column is-layout-flow\">\n<h4 class=\"in-page-title wp-block-heading\">Une promotion active sur les r\u00e9seaux sociaux<\/h4>\n\n\n\n<ul>\n<li>+ de 150 posts envoy\u00e9s r\u00e9guli\u00e8rement \u00e0 100 000 abonn\u00e9s des r\u00e9seaux sociaux de Centre Inffo<\/li>\n\n\n\n<li>+ de 80 banni\u00e8res<\/li>\n\n\n\n<li>20 vid\u00e9os promotionnelles et interviews<\/li>\n\n\n\n<li>Linkedin : 50K impressions<\/li>\n\n\n\n<li>Live-tweet de pl\u00e9ni\u00e8res et ateliers<\/li>\n<\/ul>\n<\/div>\n<\/div>\n\n\n\n<h4 class=\"in-page-title wp-block-heading\">UHFP 2020 &#8211; Vid\u00e9o best-of<\/h4>\n\n\n\n<iframe loading=\"lazy\" width=\"100%\" height=\"425\" src=\"https:\/\/www.youtube.com\/embed\/Ozf9n1Vjkjg\" title=\"YouTube video player\" frameborder=\"0\" allow=\"accelerometer; autoplay; clipboard-write; encrypted-media; gyroscope; picture-in-picture\" allowfullscreen=\"\"><\/iframe>\n","protected":false},"excerpt":{"rendered":"<p>Une forte mobilisation des m\u00e9dias 75 % des participants exercent des fonctions d\u2019influence 250 personnalit\u00e9s et experts ont assur\u00e9 la qualit\u00e9 et le succ\u00e8s de cette 17e \u00e9dition lors de &hellip; <\/p>\n","protected":false},"author":1,"featured_media":0,"parent":0,"menu_order":0,"comment_status":"closed","ping_status":"closed","template":"","meta":[],"categories":[76],"tags":[],"wf_page_folders":[79],"acf":[],"yoast_head":"<!-- This site is optimized with the Yoast SEO plugin v20.3 - https:\/\/yoast.com\/wordpress\/plugins\/seo\/ -->\n<title>Bilan de l&#039;\u00e9dition 2020 - 18e Universit\u00e9 d&#039;Hiver de la Formation Professionnelle<\/title>\n<meta name=\"robots\" content=\"index, follow, max-snippet:-1, max-image-preview:large, max-video-preview:-1\" \/>\n<link rel=\"canonical\" href=\"https:\/\/uhfp.centre-inffo.fr\/2023\/bilan-2020\/\" \/>\n<meta property=\"og:locale\" content=\"fr_FR\" \/>\n<meta property=\"og:type\" content=\"article\" \/>\n<meta property=\"og:title\" content=\"Bilan de l&#039;\u00e9dition 2020 - 18e Universit\u00e9 d&#039;Hiver de la Formation Professionnelle\" \/>\n<meta property=\"og:description\" content=\"Une forte mobilisation des m\u00e9dias 75 % des participants exercent des fonctions d\u2019influence 250 personnalit\u00e9s et experts ont assur\u00e9 la qualit\u00e9 et le succ\u00e8s de cette 17e \u00e9dition lors de &hellip;\" \/>\n<meta property=\"og:url\" content=\"https:\/\/uhfp.centre-inffo.fr\/2023\/bilan-2020\/\" \/>\n<meta property=\"og:site_name\" content=\"18e Universit\u00e9 d&#039;Hiver de la Formation Professionnelle\" \/>\n<meta property=\"article:publisher\" content=\"https:\/\/www.facebook.com\/centreinffo\" \/>\n<meta property=\"article:modified_time\" content=\"2022-12-07T15:58:14+00:00\" \/>\n<meta property=\"og:image\" content=\"https:\/\/uhfp.centre-inffo.fr\/2023\/wp-content\/uploads\/2022\/09\/theme-01.png\" \/>\n<meta name=\"twitter:card\" content=\"summary_large_image\" \/>\n<meta name=\"twitter:site\" content=\"@centreinffo\" \/>\n<meta name=\"twitter:label1\" content=\"Dur\u00e9e de lecture estim\u00e9e\" \/>\n\t<meta name=\"twitter:data1\" content=\"1 minute\" \/>\n<script type=\"application\/ld+json\" class=\"yoast-schema-graph\">{\"@context\":\"https:\/\/schema.org\",\"@graph\":[{\"@type\":\"WebPage\",\"@id\":\"https:\/\/uhfp.centre-inffo.fr\/2023\/bilan-2020\/\",\"url\":\"https:\/\/uhfp.centre-inffo.fr\/2023\/bilan-2020\/\",\"name\":\"Bilan de l'\u00e9dition 2020 - 18e Universit\u00e9 d&#039;Hiver de la Formation Professionnelle\",\"isPartOf\":{\"@id\":\"https:\/\/uhfp.centre-inffo.fr\/2023\/#website\"},\"datePublished\":\"2022-10-03T14:36:25+00:00\",\"dateModified\":\"2022-12-07T15:58:14+00:00\",\"breadcrumb\":{\"@id\":\"https:\/\/uhfp.centre-inffo.fr\/2023\/bilan-2020\/#breadcrumb\"},\"inLanguage\":\"fr-FR\",\"potentialAction\":[{\"@type\":\"ReadAction\",\"target\":[\"https:\/\/uhfp.centre-inffo.fr\/2023\/bilan-2020\/\"]}]},{\"@type\":\"BreadcrumbList\",\"@id\":\"https:\/\/uhfp.centre-inffo.fr\/2023\/bilan-2020\/#breadcrumb\",\"itemListElement\":[{\"@type\":\"ListItem\",\"position\":1,\"name\":\"Accueil\",\"item\":\"https:\/\/uhfp.centre-inffo.fr\/2023\/\"},{\"@type\":\"ListItem\",\"position\":2,\"name\":\"L'UHFP\",\"item\":\"https:\/\/uhfp.centre-inffo.fr\/2023\/rubrique\/luhfp\/\"},{\"@type\":\"ListItem\",\"position\":3,\"name\":\"Bilan de l&rsquo;\u00e9dition 2020\"}]},{\"@type\":\"WebSite\",\"@id\":\"https:\/\/uhfp.centre-inffo.fr\/2023\/#website\",\"url\":\"https:\/\/uhfp.centre-inffo.fr\/2023\/\",\"name\":\"18e Universit\u00e9 d&#039;Hiver de la Formation Professionnelle\",\"description\":\"Comp\u00e9tences 2030 : r\u00e9ussir ensemble les transitions ! - Du 25 au 27 janvier 2023, \u00e0 Cannes\",\"publisher\":{\"@id\":\"https:\/\/uhfp.centre-inffo.fr\/2023\/#organization\"},\"potentialAction\":[{\"@type\":\"SearchAction\",\"target\":{\"@type\":\"EntryPoint\",\"urlTemplate\":\"https:\/\/uhfp.centre-inffo.fr\/2023\/?s={search_term_string}\"},\"query-input\":\"required name=search_term_string\"}],\"inLanguage\":\"fr-FR\"},{\"@type\":\"Organization\",\"@id\":\"https:\/\/uhfp.centre-inffo.fr\/2023\/#organization\",\"name\":\"Centre Inffo\",\"url\":\"https:\/\/uhfp.centre-inffo.fr\/2023\/\",\"logo\":{\"@type\":\"ImageObject\",\"inLanguage\":\"fr-FR\",\"@id\":\"https:\/\/uhfp.centre-inffo.fr\/2023\/#\/schema\/logo\/image\/\",\"url\":\"\",\"contentUrl\":\"\",\"caption\":\"Centre Inffo\"},\"image\":{\"@id\":\"https:\/\/uhfp.centre-inffo.fr\/2023\/#\/schema\/logo\/image\/\"},\"sameAs\":[\"https:\/\/www.facebook.com\/centreinffo\",\"https:\/\/twitter.com\/centreinffo\",\"https:\/\/www.linkedin.com\/company\/centre-inffo\/\",\"https:\/\/www.youtube.com\/user\/centreinffo\"]}]}<\/script>\n<!-- \/ Yoast SEO plugin. -->","yoast_head_json":{"title":"Bilan de l'\u00e9dition 2020 - 18e Universit\u00e9 d&#039;Hiver de la Formation Professionnelle","robots":{"index":"index","follow":"follow","max-snippet":"max-snippet:-1","max-image-preview":"max-image-preview:large","max-video-preview":"max-video-preview:-1"},"canonical":"https:\/\/uhfp.centre-inffo.fr\/2023\/bilan-2020\/","og_locale":"fr_FR","og_type":"article","og_title":"Bilan de l'\u00e9dition 2020 - 18e Universit\u00e9 d&#039;Hiver de la Formation Professionnelle","og_description":"Une forte mobilisation des m\u00e9dias 75 % des participants exercent des fonctions d\u2019influence 250 personnalit\u00e9s et experts ont assur\u00e9 la qualit\u00e9 et le succ\u00e8s de cette 17e \u00e9dition lors de &hellip;","og_url":"https:\/\/uhfp.centre-inffo.fr\/2023\/bilan-2020\/","og_site_name":"18e Universit\u00e9 d&#039;Hiver de la Formation Professionnelle","article_publisher":"https:\/\/www.facebook.com\/centreinffo","article_modified_time":"2022-12-07T15:58:14+00:00","og_image":[{"url":"https:\/\/uhfp.centre-inffo.fr\/2023\/wp-content\/uploads\/2022\/09\/theme-01.png"}],"twitter_card":"summary_large_image","twitter_site":"@centreinffo","twitter_misc":{"Dur\u00e9e de lecture estim\u00e9e":"1 minute"},"schema":{"@context":"https:\/\/schema.org","@graph":[{"@type":"WebPage","@id":"https:\/\/uhfp.centre-inffo.fr\/2023\/bilan-2020\/","url":"https:\/\/uhfp.centre-inffo.fr\/2023\/bilan-2020\/","name":"Bilan de l'\u00e9dition 2020 - 18e Universit\u00e9 d&#039;Hiver de la Formation Professionnelle","isPartOf":{"@id":"https:\/\/uhfp.centre-inffo.fr\/2023\/#website"},"datePublished":"2022-10-03T14:36:25+00:00","dateModified":"2022-12-07T15:58:14+00:00","breadcrumb":{"@id":"https:\/\/uhfp.centre-inffo.fr\/2023\/bilan-2020\/#breadcrumb"},"inLanguage":"fr-FR","potentialAction":[{"@type":"ReadAction","target":["https:\/\/uhfp.centre-inffo.fr\/2023\/bilan-2020\/"]}]},{"@type":"BreadcrumbList","@id":"https:\/\/uhfp.centre-inffo.fr\/2023\/bilan-2020\/#breadcrumb","itemListElement":[{"@type":"ListItem","position":1,"name":"Accueil","item":"https:\/\/uhfp.centre-inffo.fr\/2023\/"},{"@type":"ListItem","position":2,"name":"L'UHFP","item":"https:\/\/uhfp.centre-inffo.fr\/2023\/rubrique\/luhfp\/"},{"@type":"ListItem","position":3,"name":"Bilan de l&rsquo;\u00e9dition 2020"}]},{"@type":"WebSite","@id":"https:\/\/uhfp.centre-inffo.fr\/2023\/#website","url":"https:\/\/uhfp.centre-inffo.fr\/2023\/","name":"18e Universit\u00e9 d&#039;Hiver de la Formation Professionnelle","description":"Comp\u00e9tences 2030 : r\u00e9ussir ensemble les transitions ! - Du 25 au 27 janvier 2023, \u00e0 Cannes","publisher":{"@id":"https:\/\/uhfp.centre-inffo.fr\/2023\/#organization"},"potentialAction":[{"@type":"SearchAction","target":{"@type":"EntryPoint","urlTemplate":"https:\/\/uhfp.centre-inffo.fr\/2023\/?s={search_term_string}"},"query-input":"required name=search_term_string"}],"inLanguage":"fr-FR"},{"@type":"Organization","@id":"https:\/\/uhfp.centre-inffo.fr\/2023\/#organization","name":"Centre Inffo","url":"https:\/\/uhfp.centre-inffo.fr\/2023\/","logo":{"@type":"ImageObject","inLanguage":"fr-FR","@id":"https:\/\/uhfp.centre-inffo.fr\/2023\/#\/schema\/logo\/image\/","url":"","contentUrl":"","caption":"Centre Inffo"},"image":{"@id":"https:\/\/uhfp.centre-inffo.fr\/2023\/#\/schema\/logo\/image\/"},"sameAs":["https:\/\/www.facebook.com\/centreinffo","https:\/\/twitter.com\/centreinffo","https:\/\/www.linkedin.com\/company\/centre-inffo\/","https:\/\/www.youtube.com\/user\/centreinffo"]}]}},"_links":{"self":[{"href":"https:\/\/uhfp.centre-inffo.fr\/2023\/wp-json\/wp\/v2\/pages\/972"}],"collection":[{"href":"https:\/\/uhfp.centre-inffo.fr\/2023\/wp-json\/wp\/v2\/pages"}],"about":[{"href":"https:\/\/uhfp.centre-inffo.fr\/2023\/wp-json\/wp\/v2\/types\/page"}],"author":[{"embeddable":true,"href":"https:\/\/uhfp.centre-inffo.fr\/2023\/wp-json\/wp\/v2\/users\/1"}],"replies":[{"embeddable":true,"href":"https:\/\/uhfp.centre-inffo.fr\/2023\/wp-json\/wp\/v2\/comments?post=972"}],"version-history":[{"count":21,"href":"https:\/\/uhfp.centre-inffo.fr\/2023\/wp-json\/wp\/v2\/pages\/972\/revisions"}],"predecessor-version":[{"id":2532,"href":"https:\/\/uhfp.centre-inffo.fr\/2023\/wp-json\/wp\/v2\/pages\/972\/revisions\/2532"}],"wp:attachment":[{"href":"https:\/\/uhfp.centre-inffo.fr\/2023\/wp-json\/wp\/v2\/media?parent=972"}],"wp:term":[{"taxonomy":"category","embeddable":true,"href":"https:\/\/uhfp.centre-inffo.fr\/2023\/wp-json\/wp\/v2\/categories?post=972"},{"taxonomy":"post_tag","embeddable":true,"href":"https:\/\/uhfp.centre-inffo.fr\/2023\/wp-json\/wp\/v2\/tags?post=972"},{"taxonomy":"wf_page_folders","embeddable":true,"href":"https:\/\/uhfp.centre-inffo.fr\/2023\/wp-json\/wp\/v2\/wf_page_folders?post=972"}],"curies":[{"name":"wp","href":"https:\/\/api.w.org\/{rel}","templated":true}]}}