{"id":4472,"date":"2023-07-21T10:07:00","date_gmt":"2023-07-21T08:07:00","guid":{"rendered":"https:\/\/uhfp.centre-inffo.fr\/2025\/?page_id=4472"},"modified":"2025-01-06T12:37:13","modified_gmt":"2025-01-06T11:37:13","slug":"raphael-grasset","status":"publish","type":"page","link":"https:\/\/uhfp.centre-inffo.fr\/2025\/raphael-grasset\/","title":{"rendered":"Rapha\u00ebl Grasset"},"content":{"rendered":"\n<hr class=\"wp-block-separator has-alpha-channel-opacity\"\/>\n\n\n\n<p>Chercheur, enseignant et entrepreneur dans le domaine des sciences cognitives, Rapha\u00ebl \u00e9tudie depuis plus de 15 ans comment les gens apprennent et comment les aider \u00e0 mieux apprendre. <\/p>\n\n\n\n<p>En 2020, il fonde Traindy, un studio d&rsquo;innovation p\u00e9dagogique pour booster l&rsquo;engagement et l&rsquo;autonomie des apprenants.<\/p>\n\n\n\n<h2 class=\"wp-block-heading\">Intervention<\/h2>\n\n\n\n<ul class=\"list-has-margin\">\n<li><strong><em>D43.1TR<\/em><\/strong><br><a href=\"https:\/\/uhfp.centre-inffo.fr\/2025\/developper-un-esprit-critique-face-a-lia\/\">D\u00e9velopper un esprit critique face \u00e0 l\u2019IA<\/a><\/li>\n<\/ul>\n","protected":false},"excerpt":{"rendered":"<p>Chercheur, enseignant et entrepreneur dans le domaine des sciences cognitives, Rapha\u00ebl \u00e9tudie depuis plus de 15 ans comment les gens apprennent et comment les aider \u00e0 mieux apprendre. En 2020, il fonde Traindy, un studio d&rsquo;innovation p\u00e9dagogique pour booster l&rsquo;engagement et l&rsquo;autonomie des apprenants. Intervention<\/p>\n","protected":false},"author":2,"featured_media":4475,"parent":0,"menu_order":0,"comment_status":"closed","ping_status":"closed","template":"","meta":{"_acf_changed":false,"footnotes":""},"categories":[9],"tags":[],"acf":[],"yoast_head":"<!-- This site is optimized with the Yoast SEO plugin v22.4 - https:\/\/yoast.com\/wordpress\/plugins\/seo\/ -->\n<title>Rapha\u00ebl Grasset - 19e Universit\u00e9 d&#039;Hiver de la Formation Professionnelle<\/title>\n<meta name=\"robots\" content=\"index, follow, max-snippet:-1, max-image-preview:large, max-video-preview:-1\" \/>\n<link rel=\"canonical\" href=\"https:\/\/uhfp.centre-inffo.fr\/2025\/raphael-grasset\/\" \/>\n<meta property=\"og:locale\" content=\"fr_FR\" \/>\n<meta property=\"og:type\" content=\"article\" \/>\n<meta property=\"og:title\" content=\"Rapha\u00ebl Grasset - 19e Universit\u00e9 d&#039;Hiver de la Formation Professionnelle\" \/>\n<meta property=\"og:description\" content=\"Chercheur, enseignant et entrepreneur dans le domaine des sciences cognitives, Rapha\u00ebl \u00e9tudie depuis plus de 15 ans comment les gens apprennent et comment les aider \u00e0 mieux apprendre. En 2020, il fonde Traindy, un studio d&rsquo;innovation p\u00e9dagogique pour booster l&rsquo;engagement et l&rsquo;autonomie des apprenants. Intervention\" \/>\n<meta property=\"og:url\" content=\"https:\/\/uhfp.centre-inffo.fr\/2025\/raphael-grasset\/\" \/>\n<meta property=\"og:site_name\" content=\"19e Universit\u00e9 d&#039;Hiver de la Formation Professionnelle\" \/>\n<meta property=\"article:publisher\" content=\"https:\/\/www.facebook.com\/centreinffo\" \/>\n<meta property=\"article:modified_time\" content=\"2025-01-06T11:37:13+00:00\" \/>\n<meta property=\"og:image\" content=\"https:\/\/uhfp.centre-inffo.fr\/2025\/wp-content\/uploads\/2024\/11\/grasset.jpg\" \/>\n\t<meta property=\"og:image:width\" content=\"1080\" \/>\n\t<meta property=\"og:image:height\" content=\"1080\" \/>\n\t<meta property=\"og:image:type\" content=\"image\/jpeg\" \/>\n<meta name=\"twitter:card\" content=\"summary_large_image\" \/>\n<meta name=\"twitter:site\" content=\"@centreinffo\" \/>\n<meta name=\"twitter:label1\" content=\"Dur\u00e9e de lecture estim\u00e9e\" \/>\n\t<meta name=\"twitter:data1\" content=\"1 minute\" \/>\n<script type=\"application\/ld+json\" class=\"yoast-schema-graph\">{\"@context\":\"https:\/\/schema.org\",\"@graph\":[{\"@type\":\"WebPage\",\"@id\":\"https:\/\/uhfp.centre-inffo.fr\/2025\/raphael-grasset\/\",\"url\":\"https:\/\/uhfp.centre-inffo.fr\/2025\/raphael-grasset\/\",\"name\":\"Rapha\u00ebl Grasset - 19e Universit\u00e9 d&#039;Hiver de la Formation Professionnelle\",\"isPartOf\":{\"@id\":\"https:\/\/uhfp.centre-inffo.fr\/2025\/#website\"},\"primaryImageOfPage\":{\"@id\":\"https:\/\/uhfp.centre-inffo.fr\/2025\/raphael-grasset\/#primaryimage\"},\"image\":{\"@id\":\"https:\/\/uhfp.centre-inffo.fr\/2025\/raphael-grasset\/#primaryimage\"},\"thumbnailUrl\":\"https:\/\/uhfp.centre-inffo.fr\/2025\/wp-content\/uploads\/2024\/11\/grasset.jpg\",\"datePublished\":\"2023-07-21T08:07:00+00:00\",\"dateModified\":\"2025-01-06T11:37:13+00:00\",\"breadcrumb\":{\"@id\":\"https:\/\/uhfp.centre-inffo.fr\/2025\/raphael-grasset\/#breadcrumb\"},\"inLanguage\":\"fr-FR\",\"potentialAction\":[{\"@type\":\"ReadAction\",\"target\":[\"https:\/\/uhfp.centre-inffo.fr\/2025\/raphael-grasset\/\"]}]},{\"@type\":\"ImageObject\",\"inLanguage\":\"fr-FR\",\"@id\":\"https:\/\/uhfp.centre-inffo.fr\/2025\/raphael-grasset\/#primaryimage\",\"url\":\"https:\/\/uhfp.centre-inffo.fr\/2025\/wp-content\/uploads\/2024\/11\/grasset.jpg\",\"contentUrl\":\"https:\/\/uhfp.centre-inffo.fr\/2025\/wp-content\/uploads\/2024\/11\/grasset.jpg\",\"width\":1080,\"height\":1080},{\"@type\":\"BreadcrumbList\",\"@id\":\"https:\/\/uhfp.centre-inffo.fr\/2025\/raphael-grasset\/#breadcrumb\",\"itemListElement\":[{\"@type\":\"ListItem\",\"position\":1,\"name\":\"Accueil\",\"item\":\"https:\/\/uhfp.centre-inffo.fr\/2025\/\"},{\"@type\":\"ListItem\",\"position\":2,\"name\":\"Intervenants\",\"item\":\"https:\/\/uhfp.centre-inffo.fr\/2025\/rubrique\/intervenants\/\"},{\"@type\":\"ListItem\",\"position\":3,\"name\":\"Rapha\u00ebl Grasset\"}]},{\"@type\":\"WebSite\",\"@id\":\"https:\/\/uhfp.centre-inffo.fr\/2025\/#website\",\"url\":\"https:\/\/uhfp.centre-inffo.fr\/2025\/\",\"name\":\"19e Universit\u00e9 d'Hiver de la Formation Professionnelle\",\"description\":\"Du 22 au 24 janvier 2025, au Palais des Festivals de Cannes\",\"publisher\":{\"@id\":\"https:\/\/uhfp.centre-inffo.fr\/2025\/#organization\"},\"alternateName\":\"19e UHFP\",\"potentialAction\":[{\"@type\":\"SearchAction\",\"target\":{\"@type\":\"EntryPoint\",\"urlTemplate\":\"https:\/\/uhfp.centre-inffo.fr\/2025\/?s={search_term_string}\"},\"query-input\":\"required name=search_term_string\"}],\"inLanguage\":\"fr-FR\"},{\"@type\":\"Organization\",\"@id\":\"https:\/\/uhfp.centre-inffo.fr\/2025\/#organization\",\"name\":\"Centre Inffo\",\"url\":\"https:\/\/uhfp.centre-inffo.fr\/2025\/\",\"logo\":{\"@type\":\"ImageObject\",\"inLanguage\":\"fr-FR\",\"@id\":\"https:\/\/uhfp.centre-inffo.fr\/2025\/#\/schema\/logo\/image\/\",\"url\":\"https:\/\/uhfp.centre-inffo.fr\/2025\/wp-content\/uploads\/2024\/02\/logo-19e-uhfp.png\",\"contentUrl\":\"https:\/\/uhfp.centre-inffo.fr\/2025\/wp-content\/uploads\/2024\/02\/logo-19e-uhfp.png\",\"width\":842,\"height\":595,\"caption\":\"Centre Inffo\"},\"image\":{\"@id\":\"https:\/\/uhfp.centre-inffo.fr\/2025\/#\/schema\/logo\/image\/\"},\"sameAs\":[\"https:\/\/www.facebook.com\/centreinffo\",\"https:\/\/twitter.com\/centreinffo\",\"https:\/\/www.linkedin.com\/company\/centre-inffo\/\",\"https:\/\/www.youtube.com\/user\/centreinffo\"]}]}<\/script>\n<!-- \/ Yoast SEO plugin. -->","yoast_head_json":{"title":"Rapha\u00ebl Grasset - 19e Universit\u00e9 d&#039;Hiver de la Formation Professionnelle","robots":{"index":"index","follow":"follow","max-snippet":"max-snippet:-1","max-image-preview":"max-image-preview:large","max-video-preview":"max-video-preview:-1"},"canonical":"https:\/\/uhfp.centre-inffo.fr\/2025\/raphael-grasset\/","og_locale":"fr_FR","og_type":"article","og_title":"Rapha\u00ebl Grasset - 19e Universit\u00e9 d&#039;Hiver de la Formation Professionnelle","og_description":"Chercheur, enseignant et entrepreneur dans le domaine des sciences cognitives, Rapha\u00ebl \u00e9tudie depuis plus de 15 ans comment les gens apprennent et comment les aider \u00e0 mieux apprendre. En 2020, il fonde Traindy, un studio d&rsquo;innovation p\u00e9dagogique pour booster l&rsquo;engagement et l&rsquo;autonomie des apprenants. Intervention","og_url":"https:\/\/uhfp.centre-inffo.fr\/2025\/raphael-grasset\/","og_site_name":"19e Universit\u00e9 d&#039;Hiver de la Formation Professionnelle","article_publisher":"https:\/\/www.facebook.com\/centreinffo","article_modified_time":"2025-01-06T11:37:13+00:00","og_image":[{"width":1080,"height":1080,"url":"https:\/\/uhfp.centre-inffo.fr\/2025\/wp-content\/uploads\/2024\/11\/grasset.jpg","type":"image\/jpeg"}],"twitter_card":"summary_large_image","twitter_site":"@centreinffo","twitter_misc":{"Dur\u00e9e de lecture estim\u00e9e":"1 minute"},"schema":{"@context":"https:\/\/schema.org","@graph":[{"@type":"WebPage","@id":"https:\/\/uhfp.centre-inffo.fr\/2025\/raphael-grasset\/","url":"https:\/\/uhfp.centre-inffo.fr\/2025\/raphael-grasset\/","name":"Rapha\u00ebl Grasset - 19e Universit\u00e9 d&#039;Hiver de la Formation Professionnelle","isPartOf":{"@id":"https:\/\/uhfp.centre-inffo.fr\/2025\/#website"},"primaryImageOfPage":{"@id":"https:\/\/uhfp.centre-inffo.fr\/2025\/raphael-grasset\/#primaryimage"},"image":{"@id":"https:\/\/uhfp.centre-inffo.fr\/2025\/raphael-grasset\/#primaryimage"},"thumbnailUrl":"https:\/\/uhfp.centre-inffo.fr\/2025\/wp-content\/uploads\/2024\/11\/grasset.jpg","datePublished":"2023-07-21T08:07:00+00:00","dateModified":"2025-01-06T11:37:13+00:00","breadcrumb":{"@id":"https:\/\/uhfp.centre-inffo.fr\/2025\/raphael-grasset\/#breadcrumb"},"inLanguage":"fr-FR","potentialAction":[{"@type":"ReadAction","target":["https:\/\/uhfp.centre-inffo.fr\/2025\/raphael-grasset\/"]}]},{"@type":"ImageObject","inLanguage":"fr-FR","@id":"https:\/\/uhfp.centre-inffo.fr\/2025\/raphael-grasset\/#primaryimage","url":"https:\/\/uhfp.centre-inffo.fr\/2025\/wp-content\/uploads\/2024\/11\/grasset.jpg","contentUrl":"https:\/\/uhfp.centre-inffo.fr\/2025\/wp-content\/uploads\/2024\/11\/grasset.jpg","width":1080,"height":1080},{"@type":"BreadcrumbList","@id":"https:\/\/uhfp.centre-inffo.fr\/2025\/raphael-grasset\/#breadcrumb","itemListElement":[{"@type":"ListItem","position":1,"name":"Accueil","item":"https:\/\/uhfp.centre-inffo.fr\/2025\/"},{"@type":"ListItem","position":2,"name":"Intervenants","item":"https:\/\/uhfp.centre-inffo.fr\/2025\/rubrique\/intervenants\/"},{"@type":"ListItem","position":3,"name":"Rapha\u00ebl Grasset"}]},{"@type":"WebSite","@id":"https:\/\/uhfp.centre-inffo.fr\/2025\/#website","url":"https:\/\/uhfp.centre-inffo.fr\/2025\/","name":"19e Universit\u00e9 d'Hiver de la Formation Professionnelle","description":"Du 22 au 24 janvier 2025, au Palais des Festivals de Cannes","publisher":{"@id":"https:\/\/uhfp.centre-inffo.fr\/2025\/#organization"},"alternateName":"19e UHFP","potentialAction":[{"@type":"SearchAction","target":{"@type":"EntryPoint","urlTemplate":"https:\/\/uhfp.centre-inffo.fr\/2025\/?s={search_term_string}"},"query-input":"required name=search_term_string"}],"inLanguage":"fr-FR"},{"@type":"Organization","@id":"https:\/\/uhfp.centre-inffo.fr\/2025\/#organization","name":"Centre Inffo","url":"https:\/\/uhfp.centre-inffo.fr\/2025\/","logo":{"@type":"ImageObject","inLanguage":"fr-FR","@id":"https:\/\/uhfp.centre-inffo.fr\/2025\/#\/schema\/logo\/image\/","url":"https:\/\/uhfp.centre-inffo.fr\/2025\/wp-content\/uploads\/2024\/02\/logo-19e-uhfp.png","contentUrl":"https:\/\/uhfp.centre-inffo.fr\/2025\/wp-content\/uploads\/2024\/02\/logo-19e-uhfp.png","width":842,"height":595,"caption":"Centre Inffo"},"image":{"@id":"https:\/\/uhfp.centre-inffo.fr\/2025\/#\/schema\/logo\/image\/"},"sameAs":["https:\/\/www.facebook.com\/centreinffo","https:\/\/twitter.com\/centreinffo","https:\/\/www.linkedin.com\/company\/centre-inffo\/","https:\/\/www.youtube.com\/user\/centreinffo"]}]}},"_links":{"self":[{"href":"https:\/\/uhfp.centre-inffo.fr\/2025\/wp-json\/wp\/v2\/pages\/4472"}],"collection":[{"href":"https:\/\/uhfp.centre-inffo.fr\/2025\/wp-json\/wp\/v2\/pages"}],"about":[{"href":"https:\/\/uhfp.centre-inffo.fr\/2025\/wp-json\/wp\/v2\/types\/page"}],"author":[{"embeddable":true,"href":"https:\/\/uhfp.centre-inffo.fr\/2025\/wp-json\/wp\/v2\/users\/2"}],"replies":[{"embeddable":true,"href":"https:\/\/uhfp.centre-inffo.fr\/2025\/wp-json\/wp\/v2\/comments?post=4472"}],"version-history":[{"count":9,"href":"https:\/\/uhfp.centre-inffo.fr\/2025\/wp-json\/wp\/v2\/pages\/4472\/revisions"}],"predecessor-version":[{"id":7240,"href":"https:\/\/uhfp.centre-inffo.fr\/2025\/wp-json\/wp\/v2\/pages\/4472\/revisions\/7240"}],"wp:featuredmedia":[{"embeddable":true,"href":"https:\/\/uhfp.centre-inffo.fr\/2025\/wp-json\/wp\/v2\/media\/4475"}],"wp:attachment":[{"href":"https:\/\/uhfp.centre-inffo.fr\/2025\/wp-json\/wp\/v2\/media?parent=4472"}],"wp:term":[{"taxonomy":"category","embeddable":true,"href":"https:\/\/uhfp.centre-inffo.fr\/2025\/wp-json\/wp\/v2\/categories?post=4472"},{"taxonomy":"post_tag","embeddable":true,"href":"https:\/\/uhfp.centre-inffo.fr\/2025\/wp-json\/wp\/v2\/tags?post=4472"}],"curies":[{"name":"wp","href":"https:\/\/api.w.org\/{rel}","templated":true}]}}