{"id":4584,"date":"2024-11-25T09:35:57","date_gmt":"2024-11-25T08:35:57","guid":{"rendered":"https:\/\/uhfp.centre-inffo.fr\/2025\/?page_id=4584"},"modified":"2025-01-22T11:53:08","modified_gmt":"2025-01-22T10:53:08","slug":"linfluence-et-lusage-des-reseaux-sociaux-instructifs-ou-intrusifs","status":"publish","type":"page","link":"https:\/\/uhfp.centre-inffo.fr\/2025\/linfluence-et-lusage-des-reseaux-sociaux-instructifs-ou-intrusifs\/","title":{"rendered":"L\u2019influence et l\u2019usage des r\u00e9seaux sociaux : instructifs ou intrusifs ?"},"content":{"rendered":"\n<hr class=\"wp-block-separator has-alpha-channel-opacity\"\/>\n\n\n\n<p>Les r\u00e9seaux sociaux red\u00e9finissent l&rsquo;acc\u00e8s au savoir, d\u00e9mocratisant les apprentissages gr\u00e2ce \u00e0 des formats innovants et accessibles. Pourtant, entre polarisation des contenus, d\u00e9sinformation et absence de certification, ils interrogent leur place dans l\u2019\u00e9cosyst\u00e8me \u00e9ducatif. Alors que cr\u00e9ateurs de contenu et influenceurs s\u00e9duisent des publics souvent \u00e9loign\u00e9s des dispositifs traditionnels, comment ces plateformes transforment-elles la transmission des comp\u00e9tences ? Et surtout, quelles opportunit\u00e9s et limites pr\u00e9sentent-elles pour les acteurs de la formation professionnelle ? Venez d\u00e9battre de ces enjeux cl\u00e9s \u00e0 l\u2019\u00e8re des algorithmes et des bulles de filtre.<\/p>\n\n\n\n<div class=\"wp-block-group display-none\"><div class=\"wp-block-group__inner-container is-layout-constrained wp-block-group-is-layout-constrained\">\n<p>Cette table ronde invite les participants \u00e0 explorer les impacts des r\u00e9seaux sociaux dans le d\u00e9veloppement des comp\u00e9tences et la formation continue. \u00c0 travers une s\u00e9rie de questions interactives et un d\u00e9bat aliment\u00e9 par des experts, le public sera invit\u00e9 \u00e0 confronter les points de vue et \u00e0 identifier des pistes pour un usage pertinent et \u00e9quilibr\u00e9 des r\u00e9seaux sociaux.<\/p>\n\n\n\n<h2 class=\"wp-block-heading\">Probl\u00e9matique<\/h2>\n\n\n\n<p>Les r\u00e9seaux sociaux red\u00e9finissent notre mani\u00e8re d\u2019apprendre et de travailler, offrant des opportunit\u00e9s uniques pour d\u00e9velopper des comp\u00e9tences. Mais ces outils soul\u00e8vent aussi des d\u00e9fis : biais des algorithmes, contenus sensationnalistes, et int\u00e9gration complexe dans des parcours p\u00e9dagogiques structur\u00e9s. Comment exploiter leur potentiel tout en ma\u00eetrisant leurs limites pour un apprentissage durable et pertinent ?<\/p>\n<\/div><\/div>\n\n\n\n<h2 class=\"wp-block-heading\">Objectif<\/h2>\n\n\n\n<p>Comprendre l\u2019influence des r\u00e9seaux sociaux sur les modes d\u2019apprentissage en identifiant leurs apports et leurs limites dans le cadre de la formation professionnelle<\/p>\n\n\n\n<h2 class=\"wp-block-heading\">Intervenants<\/h2>\n\n\n\n<ul class=\"list-has-margin\">\n<li><a href=\"https:\/\/uhfp.centre-inffo.fr\/2025\/laurent-durain\/\">Laurent Durain<\/a><br><em>Directeur g\u00e9n\u00e9ral &#8211; Tr\u00ebma<\/em><\/li>\n\n\n\n<li><a href=\"https:\/\/uhfp.centre-inffo.fr\/2025\/kristel-lambolez\/\">Kristel Lambolez<\/a><br><em>Pr\u00e9sidente &#8211; Ever Raimondi Conseil et Strat\u00e9gies<\/em> &#8211; JOBSFERIC<\/li>\n<\/ul>\n\n\n\n<h2 class=\"wp-block-heading\">Animation<\/h2>\n\n\n\n<ul class=\"List-has-margin\">\n<li><a href=\"https:\/\/uhfp.centre-inffo.fr\/2025\/leila-chaal\/\">Le\u00efla Cha\u00e2l<\/a><br><em>Fondatrice &#8211; Apprenance Lab<\/em><\/li>\n<\/ul>\n","protected":false},"excerpt":{"rendered":"<p>Les r\u00e9seaux sociaux red\u00e9finissent l&rsquo;acc\u00e8s au savoir, d\u00e9mocratisant les apprentissages gr\u00e2ce \u00e0 des formats innovants et accessibles. Pourtant, entre polarisation des contenus, d\u00e9sinformation et absence de certification, ils interrogent leur place dans l\u2019\u00e9cosyst\u00e8me \u00e9ducatif. Alors que cr\u00e9ateurs de contenu et influenceurs s\u00e9duisent des publics souvent \u00e9loign\u00e9s des dispositifs traditionnels, comment ces plateformes transforment-elles la transmission &#8230; <a title=\"L\u2019influence et l\u2019usage des r\u00e9seaux sociaux : instructifs ou intrusifs ?\" class=\"read-more\" href=\"https:\/\/uhfp.centre-inffo.fr\/2025\/linfluence-et-lusage-des-reseaux-sociaux-instructifs-ou-intrusifs\/\" aria-label=\"Read more about L\u2019influence et l\u2019usage des r\u00e9seaux sociaux : instructifs ou intrusifs ?\">Lire la suite<\/a><\/p>\n","protected":false},"author":2,"featured_media":0,"parent":0,"menu_order":0,"comment_status":"closed","ping_status":"closed","template":"","meta":{"_acf_changed":false,"footnotes":""},"categories":[12,6],"tags":[26],"acf":[],"yoast_head":"<!-- This site is optimized with the Yoast SEO plugin v22.4 - https:\/\/yoast.com\/wordpress\/plugins\/seo\/ -->\n<title>L\u2019influence et l\u2019usage des r\u00e9seaux sociaux : instructifs ou intrusifs ? - 19e Universit\u00e9 d&#039;Hiver de la Formation Professionnelle<\/title>\n<meta name=\"robots\" content=\"index, follow, max-snippet:-1, max-image-preview:large, max-video-preview:-1\" \/>\n<link rel=\"canonical\" href=\"https:\/\/uhfp.centre-inffo.fr\/2025\/linfluence-et-lusage-des-reseaux-sociaux-instructifs-ou-intrusifs\/\" \/>\n<meta property=\"og:locale\" content=\"fr_FR\" \/>\n<meta property=\"og:type\" content=\"article\" \/>\n<meta property=\"og:title\" content=\"L\u2019influence et l\u2019usage des r\u00e9seaux sociaux : instructifs ou intrusifs ? - 19e Universit\u00e9 d&#039;Hiver de la Formation Professionnelle\" \/>\n<meta property=\"og:description\" content=\"Les r\u00e9seaux sociaux red\u00e9finissent l&rsquo;acc\u00e8s au savoir, d\u00e9mocratisant les apprentissages gr\u00e2ce \u00e0 des formats innovants et accessibles. Pourtant, entre polarisation des contenus, d\u00e9sinformation et absence de certification, ils interrogent leur place dans l\u2019\u00e9cosyst\u00e8me \u00e9ducatif. Alors que cr\u00e9ateurs de contenu et influenceurs s\u00e9duisent des publics souvent \u00e9loign\u00e9s des dispositifs traditionnels, comment ces plateformes transforment-elles la transmission ... Lire la suite\" \/>\n<meta property=\"og:url\" content=\"https:\/\/uhfp.centre-inffo.fr\/2025\/linfluence-et-lusage-des-reseaux-sociaux-instructifs-ou-intrusifs\/\" \/>\n<meta property=\"og:site_name\" content=\"19e Universit\u00e9 d&#039;Hiver de la Formation Professionnelle\" \/>\n<meta property=\"article:publisher\" content=\"https:\/\/www.facebook.com\/centreinffo\" \/>\n<meta property=\"article:modified_time\" content=\"2025-01-22T10:53:08+00:00\" \/>\n<meta name=\"twitter:card\" content=\"summary_large_image\" \/>\n<meta name=\"twitter:site\" content=\"@centreinffo\" \/>\n<meta name=\"twitter:label1\" content=\"Dur\u00e9e de lecture estim\u00e9e\" \/>\n\t<meta name=\"twitter:data1\" content=\"2 minutes\" \/>\n<script type=\"application\/ld+json\" class=\"yoast-schema-graph\">{\"@context\":\"https:\/\/schema.org\",\"@graph\":[{\"@type\":\"WebPage\",\"@id\":\"https:\/\/uhfp.centre-inffo.fr\/2025\/linfluence-et-lusage-des-reseaux-sociaux-instructifs-ou-intrusifs\/\",\"url\":\"https:\/\/uhfp.centre-inffo.fr\/2025\/linfluence-et-lusage-des-reseaux-sociaux-instructifs-ou-intrusifs\/\",\"name\":\"L\u2019influence et l\u2019usage des r\u00e9seaux sociaux : instructifs ou intrusifs ? - 19e Universit\u00e9 d&#039;Hiver de la Formation Professionnelle\",\"isPartOf\":{\"@id\":\"https:\/\/uhfp.centre-inffo.fr\/2025\/#website\"},\"datePublished\":\"2024-11-25T08:35:57+00:00\",\"dateModified\":\"2025-01-22T10:53:08+00:00\",\"breadcrumb\":{\"@id\":\"https:\/\/uhfp.centre-inffo.fr\/2025\/linfluence-et-lusage-des-reseaux-sociaux-instructifs-ou-intrusifs\/#breadcrumb\"},\"inLanguage\":\"fr-FR\",\"potentialAction\":[{\"@type\":\"ReadAction\",\"target\":[\"https:\/\/uhfp.centre-inffo.fr\/2025\/linfluence-et-lusage-des-reseaux-sociaux-instructifs-ou-intrusifs\/\"]}]},{\"@type\":\"BreadcrumbList\",\"@id\":\"https:\/\/uhfp.centre-inffo.fr\/2025\/linfluence-et-lusage-des-reseaux-sociaux-instructifs-ou-intrusifs\/#breadcrumb\",\"itemListElement\":[{\"@type\":\"ListItem\",\"position\":1,\"name\":\"Accueil\",\"item\":\"https:\/\/uhfp.centre-inffo.fr\/2025\/\"},{\"@type\":\"ListItem\",\"position\":2,\"name\":\"Programme\",\"item\":\"https:\/\/uhfp.centre-inffo.fr\/2025\/rubrique\/programme\/\"},{\"@type\":\"ListItem\",\"position\":3,\"name\":\"Jeudi 23 janvier\",\"item\":\"https:\/\/uhfp.centre-inffo.fr\/2025\/rubrique\/programme\/jeudi-23-janvier\/\"},{\"@type\":\"ListItem\",\"position\":4,\"name\":\"L\u2019influence et l\u2019usage des r\u00e9seaux sociaux : instructifs ou intrusifs ?\"}]},{\"@type\":\"WebSite\",\"@id\":\"https:\/\/uhfp.centre-inffo.fr\/2025\/#website\",\"url\":\"https:\/\/uhfp.centre-inffo.fr\/2025\/\",\"name\":\"19e Universit\u00e9 d'Hiver de la Formation Professionnelle\",\"description\":\"Du 22 au 24 janvier 2025, au Palais des Festivals de Cannes\",\"publisher\":{\"@id\":\"https:\/\/uhfp.centre-inffo.fr\/2025\/#organization\"},\"alternateName\":\"19e UHFP\",\"potentialAction\":[{\"@type\":\"SearchAction\",\"target\":{\"@type\":\"EntryPoint\",\"urlTemplate\":\"https:\/\/uhfp.centre-inffo.fr\/2025\/?s={search_term_string}\"},\"query-input\":\"required name=search_term_string\"}],\"inLanguage\":\"fr-FR\"},{\"@type\":\"Organization\",\"@id\":\"https:\/\/uhfp.centre-inffo.fr\/2025\/#organization\",\"name\":\"Centre Inffo\",\"url\":\"https:\/\/uhfp.centre-inffo.fr\/2025\/\",\"logo\":{\"@type\":\"ImageObject\",\"inLanguage\":\"fr-FR\",\"@id\":\"https:\/\/uhfp.centre-inffo.fr\/2025\/#\/schema\/logo\/image\/\",\"url\":\"https:\/\/uhfp.centre-inffo.fr\/2025\/wp-content\/uploads\/2024\/02\/logo-19e-uhfp.png\",\"contentUrl\":\"https:\/\/uhfp.centre-inffo.fr\/2025\/wp-content\/uploads\/2024\/02\/logo-19e-uhfp.png\",\"width\":842,\"height\":595,\"caption\":\"Centre Inffo\"},\"image\":{\"@id\":\"https:\/\/uhfp.centre-inffo.fr\/2025\/#\/schema\/logo\/image\/\"},\"sameAs\":[\"https:\/\/www.facebook.com\/centreinffo\",\"https:\/\/twitter.com\/centreinffo\",\"https:\/\/www.linkedin.com\/company\/centre-inffo\/\",\"https:\/\/www.youtube.com\/user\/centreinffo\"]}]}<\/script>\n<!-- \/ Yoast SEO plugin. -->","yoast_head_json":{"title":"L\u2019influence et l\u2019usage des r\u00e9seaux sociaux : instructifs ou intrusifs ? - 19e Universit\u00e9 d&#039;Hiver de la Formation Professionnelle","robots":{"index":"index","follow":"follow","max-snippet":"max-snippet:-1","max-image-preview":"max-image-preview:large","max-video-preview":"max-video-preview:-1"},"canonical":"https:\/\/uhfp.centre-inffo.fr\/2025\/linfluence-et-lusage-des-reseaux-sociaux-instructifs-ou-intrusifs\/","og_locale":"fr_FR","og_type":"article","og_title":"L\u2019influence et l\u2019usage des r\u00e9seaux sociaux : instructifs ou intrusifs ? - 19e Universit\u00e9 d&#039;Hiver de la Formation Professionnelle","og_description":"Les r\u00e9seaux sociaux red\u00e9finissent l&rsquo;acc\u00e8s au savoir, d\u00e9mocratisant les apprentissages gr\u00e2ce \u00e0 des formats innovants et accessibles. Pourtant, entre polarisation des contenus, d\u00e9sinformation et absence de certification, ils interrogent leur place dans l\u2019\u00e9cosyst\u00e8me \u00e9ducatif. Alors que cr\u00e9ateurs de contenu et influenceurs s\u00e9duisent des publics souvent \u00e9loign\u00e9s des dispositifs traditionnels, comment ces plateformes transforment-elles la transmission ... Lire la suite","og_url":"https:\/\/uhfp.centre-inffo.fr\/2025\/linfluence-et-lusage-des-reseaux-sociaux-instructifs-ou-intrusifs\/","og_site_name":"19e Universit\u00e9 d&#039;Hiver de la Formation Professionnelle","article_publisher":"https:\/\/www.facebook.com\/centreinffo","article_modified_time":"2025-01-22T10:53:08+00:00","twitter_card":"summary_large_image","twitter_site":"@centreinffo","twitter_misc":{"Dur\u00e9e de lecture estim\u00e9e":"2 minutes"},"schema":{"@context":"https:\/\/schema.org","@graph":[{"@type":"WebPage","@id":"https:\/\/uhfp.centre-inffo.fr\/2025\/linfluence-et-lusage-des-reseaux-sociaux-instructifs-ou-intrusifs\/","url":"https:\/\/uhfp.centre-inffo.fr\/2025\/linfluence-et-lusage-des-reseaux-sociaux-instructifs-ou-intrusifs\/","name":"L\u2019influence et l\u2019usage des r\u00e9seaux sociaux : instructifs ou intrusifs ? - 19e Universit\u00e9 d&#039;Hiver de la Formation Professionnelle","isPartOf":{"@id":"https:\/\/uhfp.centre-inffo.fr\/2025\/#website"},"datePublished":"2024-11-25T08:35:57+00:00","dateModified":"2025-01-22T10:53:08+00:00","breadcrumb":{"@id":"https:\/\/uhfp.centre-inffo.fr\/2025\/linfluence-et-lusage-des-reseaux-sociaux-instructifs-ou-intrusifs\/#breadcrumb"},"inLanguage":"fr-FR","potentialAction":[{"@type":"ReadAction","target":["https:\/\/uhfp.centre-inffo.fr\/2025\/linfluence-et-lusage-des-reseaux-sociaux-instructifs-ou-intrusifs\/"]}]},{"@type":"BreadcrumbList","@id":"https:\/\/uhfp.centre-inffo.fr\/2025\/linfluence-et-lusage-des-reseaux-sociaux-instructifs-ou-intrusifs\/#breadcrumb","itemListElement":[{"@type":"ListItem","position":1,"name":"Accueil","item":"https:\/\/uhfp.centre-inffo.fr\/2025\/"},{"@type":"ListItem","position":2,"name":"Programme","item":"https:\/\/uhfp.centre-inffo.fr\/2025\/rubrique\/programme\/"},{"@type":"ListItem","position":3,"name":"Jeudi 23 janvier","item":"https:\/\/uhfp.centre-inffo.fr\/2025\/rubrique\/programme\/jeudi-23-janvier\/"},{"@type":"ListItem","position":4,"name":"L\u2019influence et l\u2019usage des r\u00e9seaux sociaux : instructifs ou intrusifs ?"}]},{"@type":"WebSite","@id":"https:\/\/uhfp.centre-inffo.fr\/2025\/#website","url":"https:\/\/uhfp.centre-inffo.fr\/2025\/","name":"19e Universit\u00e9 d'Hiver de la Formation Professionnelle","description":"Du 22 au 24 janvier 2025, au Palais des Festivals de Cannes","publisher":{"@id":"https:\/\/uhfp.centre-inffo.fr\/2025\/#organization"},"alternateName":"19e UHFP","potentialAction":[{"@type":"SearchAction","target":{"@type":"EntryPoint","urlTemplate":"https:\/\/uhfp.centre-inffo.fr\/2025\/?s={search_term_string}"},"query-input":"required name=search_term_string"}],"inLanguage":"fr-FR"},{"@type":"Organization","@id":"https:\/\/uhfp.centre-inffo.fr\/2025\/#organization","name":"Centre Inffo","url":"https:\/\/uhfp.centre-inffo.fr\/2025\/","logo":{"@type":"ImageObject","inLanguage":"fr-FR","@id":"https:\/\/uhfp.centre-inffo.fr\/2025\/#\/schema\/logo\/image\/","url":"https:\/\/uhfp.centre-inffo.fr\/2025\/wp-content\/uploads\/2024\/02\/logo-19e-uhfp.png","contentUrl":"https:\/\/uhfp.centre-inffo.fr\/2025\/wp-content\/uploads\/2024\/02\/logo-19e-uhfp.png","width":842,"height":595,"caption":"Centre Inffo"},"image":{"@id":"https:\/\/uhfp.centre-inffo.fr\/2025\/#\/schema\/logo\/image\/"},"sameAs":["https:\/\/www.facebook.com\/centreinffo","https:\/\/twitter.com\/centreinffo","https:\/\/www.linkedin.com\/company\/centre-inffo\/","https:\/\/www.youtube.com\/user\/centreinffo"]}]}},"_links":{"self":[{"href":"https:\/\/uhfp.centre-inffo.fr\/2025\/wp-json\/wp\/v2\/pages\/4584"}],"collection":[{"href":"https:\/\/uhfp.centre-inffo.fr\/2025\/wp-json\/wp\/v2\/pages"}],"about":[{"href":"https:\/\/uhfp.centre-inffo.fr\/2025\/wp-json\/wp\/v2\/types\/page"}],"author":[{"embeddable":true,"href":"https:\/\/uhfp.centre-inffo.fr\/2025\/wp-json\/wp\/v2\/users\/2"}],"replies":[{"embeddable":true,"href":"https:\/\/uhfp.centre-inffo.fr\/2025\/wp-json\/wp\/v2\/comments?post=4584"}],"version-history":[{"count":17,"href":"https:\/\/uhfp.centre-inffo.fr\/2025\/wp-json\/wp\/v2\/pages\/4584\/revisions"}],"predecessor-version":[{"id":8994,"href":"https:\/\/uhfp.centre-inffo.fr\/2025\/wp-json\/wp\/v2\/pages\/4584\/revisions\/8994"}],"wp:attachment":[{"href":"https:\/\/uhfp.centre-inffo.fr\/2025\/wp-json\/wp\/v2\/media?parent=4584"}],"wp:term":[{"taxonomy":"category","embeddable":true,"href":"https:\/\/uhfp.centre-inffo.fr\/2025\/wp-json\/wp\/v2\/categories?post=4584"},{"taxonomy":"post_tag","embeddable":true,"href":"https:\/\/uhfp.centre-inffo.fr\/2025\/wp-json\/wp\/v2\/tags?post=4584"}],"curies":[{"name":"wp","href":"https:\/\/api.w.org\/{rel}","templated":true}]}}