{"id":4592,"date":"2024-11-25T09:41:20","date_gmt":"2024-11-25T08:41:20","guid":{"rendered":"https:\/\/uhfp.centre-inffo.fr\/2025\/?page_id=4592"},"modified":"2025-01-20T13:11:21","modified_gmt":"2025-01-20T12:11:21","slug":"la-mobilite-des-apprentis-un-passeport-pour-lexcellence-et-legalite-des-chances","status":"publish","type":"page","link":"https:\/\/uhfp.centre-inffo.fr\/2025\/la-mobilite-des-apprentis-un-passeport-pour-lexcellence-et-legalite-des-chances\/","title":{"rendered":"La mobilit\u00e9 des apprentis : un passeport pour l&rsquo;excellence et l&rsquo;\u00e9galit\u00e9 des chances"},"content":{"rendered":"\n<hr class=\"wp-block-separator has-alpha-channel-opacity\"\/>\n\n\n\n<h5 class=\"wp-block-heading\">\n<i class=\"fa-solid fa-user\" style=\"background-color: #fff;color: #aaa;border: 1px solid red;border-radius: 20px;padding: 6px 7px;\"><\/i>&nbsp;\nPartenaire &#8211; Opco EP\n<\/h5>\n\n\n\n<p>Cet atelier explore les plus values offertes par la mobilit\u00e9 europ\u00e9enne et internationale pour les parties prenantes, ainsi que les moyens de s\u00e9curiser sa mise en \u0153uvre. \u00c0 travers des interventions d&rsquo;experts et des t\u00e9moignages, les participants s\u2019approprieront des cl\u00e9s pour renforcer l\u2019impact des parcours de formation en apprentissage gr\u00e2ce \u00e0 la mobilit\u00e9.<\/p>\n\n\n\n<h3 class=\"wp-block-heading\">Objectif<\/h3>\n\n\n\n<p class=\"list-has-margin\">Renforcer l\u2019impact de l\u2019apprentissage pour les diff\u00e9rentes parties prenantes en inscrivant la mobilit\u00e9 en Europe et \u00e0 l\u2019International dans les parcours.<\/p>\n\n\n\n<h2 class=\"wp-block-heading\">Interventions<\/h2>\n\n\n\n<ul class=\"list-has-margin\">\n<li><a href=\"\/2025\/armelle-robert\/\">Armelle Robert<\/a>&nbsp;<br><em>Directrice du D\u00e9veloppement des Comp\u00e9tences et du R\u00e9seau &#8211; Opco EP<\/em><\/li>\n\n\n\n<li><a href=\"\/2025\/jean-arthuis\/\">Jean Arthuis<\/a><br><em>Pr\u00e9sident Fondateur &#8211; Euro App Mobility<\/em><br><em> (Ancien ministre et d\u00e9put\u00e9 europ\u00e9en) <\/em><\/li>\n\n\n\n<li><a href=\"https:\/\/uhfp.centre-inffo.fr\/2025\/florence-dumontier\/\">Florence Dumontier<\/a><br><em>Directrice Europe et relations internationales \u2013 France Travail<\/em><\/li>\n\n\n\n<li><a href=\"\/2025\/philippe-perfetti\/\">Philippe Perfetti<\/a><br><em><em>Charg\u00e9 de mission aupr\u00e8s du Directeur G\u00e9n\u00e9ral<\/em> <em>&#8211; CMA France<\/em><\/em><\/li>\n\n\n\n<li>T\u00e9moignages<br><em>Jeunes apprentis et CFA<\/em><\/li>\n<\/ul>\n","protected":false},"excerpt":{"rendered":"<p>&nbsp; Partenaire &#8211; Opco EP Cet atelier explore les plus values offertes par la mobilit\u00e9 europ\u00e9enne et internationale pour les parties prenantes, ainsi que les moyens de s\u00e9curiser sa mise en \u0153uvre. \u00c0 travers des interventions d&rsquo;experts et des t\u00e9moignages, les participants s\u2019approprieront des cl\u00e9s pour renforcer l\u2019impact des parcours de formation en apprentissage gr\u00e2ce &#8230; <a title=\"La mobilit\u00e9 des apprentis : un passeport pour l&rsquo;excellence et l&rsquo;\u00e9galit\u00e9 des chances\" class=\"read-more\" href=\"https:\/\/uhfp.centre-inffo.fr\/2025\/la-mobilite-des-apprentis-un-passeport-pour-lexcellence-et-legalite-des-chances\/\" aria-label=\"Read more about La mobilit\u00e9 des apprentis : un passeport pour l&rsquo;excellence et l&rsquo;\u00e9galit\u00e9 des chances\">Lire la suite<\/a><\/p>\n","protected":false},"author":2,"featured_media":0,"parent":0,"menu_order":0,"comment_status":"closed","ping_status":"closed","template":"","meta":{"_acf_changed":false,"footnotes":""},"categories":[12,6],"tags":[26],"acf":[],"yoast_head":"<!-- This site is optimized with the Yoast SEO plugin v22.4 - https:\/\/yoast.com\/wordpress\/plugins\/seo\/ -->\n<title>La mobilit\u00e9 des apprentis : un passeport pour l&#039;excellence et l&#039;\u00e9galit\u00e9 des chances - 19e Universit\u00e9 d&#039;Hiver de la Formation Professionnelle<\/title>\n<meta name=\"robots\" content=\"index, follow, max-snippet:-1, max-image-preview:large, max-video-preview:-1\" \/>\n<link rel=\"canonical\" href=\"https:\/\/uhfp.centre-inffo.fr\/2025\/la-mobilite-des-apprentis-un-passeport-pour-lexcellence-et-legalite-des-chances\/\" \/>\n<meta property=\"og:locale\" content=\"fr_FR\" \/>\n<meta property=\"og:type\" content=\"article\" \/>\n<meta property=\"og:title\" content=\"La mobilit\u00e9 des apprentis : un passeport pour l&#039;excellence et l&#039;\u00e9galit\u00e9 des chances - 19e Universit\u00e9 d&#039;Hiver de la Formation Professionnelle\" \/>\n<meta property=\"og:description\" content=\"&nbsp; Partenaire &#8211; Opco EP Cet atelier explore les plus values offertes par la mobilit\u00e9 europ\u00e9enne et internationale pour les parties prenantes, ainsi que les moyens de s\u00e9curiser sa mise en \u0153uvre. \u00c0 travers des interventions d&rsquo;experts et des t\u00e9moignages, les participants s\u2019approprieront des cl\u00e9s pour renforcer l\u2019impact des parcours de formation en apprentissage gr\u00e2ce ... Lire la suite\" \/>\n<meta property=\"og:url\" content=\"https:\/\/uhfp.centre-inffo.fr\/2025\/la-mobilite-des-apprentis-un-passeport-pour-lexcellence-et-legalite-des-chances\/\" \/>\n<meta property=\"og:site_name\" content=\"19e Universit\u00e9 d&#039;Hiver de la Formation Professionnelle\" \/>\n<meta property=\"article:publisher\" content=\"https:\/\/www.facebook.com\/centreinffo\" \/>\n<meta property=\"article:modified_time\" content=\"2025-01-20T12:11:21+00:00\" \/>\n<meta name=\"twitter:card\" content=\"summary_large_image\" \/>\n<meta name=\"twitter:site\" content=\"@centreinffo\" \/>\n<meta name=\"twitter:label1\" content=\"Dur\u00e9e de lecture estim\u00e9e\" \/>\n\t<meta name=\"twitter:data1\" content=\"1 minute\" \/>\n<script type=\"application\/ld+json\" class=\"yoast-schema-graph\">{\"@context\":\"https:\/\/schema.org\",\"@graph\":[{\"@type\":\"WebPage\",\"@id\":\"https:\/\/uhfp.centre-inffo.fr\/2025\/la-mobilite-des-apprentis-un-passeport-pour-lexcellence-et-legalite-des-chances\/\",\"url\":\"https:\/\/uhfp.centre-inffo.fr\/2025\/la-mobilite-des-apprentis-un-passeport-pour-lexcellence-et-legalite-des-chances\/\",\"name\":\"La mobilit\u00e9 des apprentis : un passeport pour l'excellence et l'\u00e9galit\u00e9 des chances - 19e Universit\u00e9 d&#039;Hiver de la Formation Professionnelle\",\"isPartOf\":{\"@id\":\"https:\/\/uhfp.centre-inffo.fr\/2025\/#website\"},\"datePublished\":\"2024-11-25T08:41:20+00:00\",\"dateModified\":\"2025-01-20T12:11:21+00:00\",\"breadcrumb\":{\"@id\":\"https:\/\/uhfp.centre-inffo.fr\/2025\/la-mobilite-des-apprentis-un-passeport-pour-lexcellence-et-legalite-des-chances\/#breadcrumb\"},\"inLanguage\":\"fr-FR\",\"potentialAction\":[{\"@type\":\"ReadAction\",\"target\":[\"https:\/\/uhfp.centre-inffo.fr\/2025\/la-mobilite-des-apprentis-un-passeport-pour-lexcellence-et-legalite-des-chances\/\"]}]},{\"@type\":\"BreadcrumbList\",\"@id\":\"https:\/\/uhfp.centre-inffo.fr\/2025\/la-mobilite-des-apprentis-un-passeport-pour-lexcellence-et-legalite-des-chances\/#breadcrumb\",\"itemListElement\":[{\"@type\":\"ListItem\",\"position\":1,\"name\":\"Accueil\",\"item\":\"https:\/\/uhfp.centre-inffo.fr\/2025\/\"},{\"@type\":\"ListItem\",\"position\":2,\"name\":\"Programme\",\"item\":\"https:\/\/uhfp.centre-inffo.fr\/2025\/rubrique\/programme\/\"},{\"@type\":\"ListItem\",\"position\":3,\"name\":\"Jeudi 23 janvier\",\"item\":\"https:\/\/uhfp.centre-inffo.fr\/2025\/rubrique\/programme\/jeudi-23-janvier\/\"},{\"@type\":\"ListItem\",\"position\":4,\"name\":\"La mobilit\u00e9 des apprentis : un passeport pour l&rsquo;excellence et l&rsquo;\u00e9galit\u00e9 des chances\"}]},{\"@type\":\"WebSite\",\"@id\":\"https:\/\/uhfp.centre-inffo.fr\/2025\/#website\",\"url\":\"https:\/\/uhfp.centre-inffo.fr\/2025\/\",\"name\":\"19e Universit\u00e9 d'Hiver de la Formation Professionnelle\",\"description\":\"Du 22 au 24 janvier 2025, au Palais des Festivals de Cannes\",\"publisher\":{\"@id\":\"https:\/\/uhfp.centre-inffo.fr\/2025\/#organization\"},\"alternateName\":\"19e UHFP\",\"potentialAction\":[{\"@type\":\"SearchAction\",\"target\":{\"@type\":\"EntryPoint\",\"urlTemplate\":\"https:\/\/uhfp.centre-inffo.fr\/2025\/?s={search_term_string}\"},\"query-input\":\"required name=search_term_string\"}],\"inLanguage\":\"fr-FR\"},{\"@type\":\"Organization\",\"@id\":\"https:\/\/uhfp.centre-inffo.fr\/2025\/#organization\",\"name\":\"Centre Inffo\",\"url\":\"https:\/\/uhfp.centre-inffo.fr\/2025\/\",\"logo\":{\"@type\":\"ImageObject\",\"inLanguage\":\"fr-FR\",\"@id\":\"https:\/\/uhfp.centre-inffo.fr\/2025\/#\/schema\/logo\/image\/\",\"url\":\"https:\/\/uhfp.centre-inffo.fr\/2025\/wp-content\/uploads\/2024\/02\/logo-19e-uhfp.png\",\"contentUrl\":\"https:\/\/uhfp.centre-inffo.fr\/2025\/wp-content\/uploads\/2024\/02\/logo-19e-uhfp.png\",\"width\":842,\"height\":595,\"caption\":\"Centre Inffo\"},\"image\":{\"@id\":\"https:\/\/uhfp.centre-inffo.fr\/2025\/#\/schema\/logo\/image\/\"},\"sameAs\":[\"https:\/\/www.facebook.com\/centreinffo\",\"https:\/\/twitter.com\/centreinffo\",\"https:\/\/www.linkedin.com\/company\/centre-inffo\/\",\"https:\/\/www.youtube.com\/user\/centreinffo\"]}]}<\/script>\n<!-- \/ Yoast SEO plugin. -->","yoast_head_json":{"title":"La mobilit\u00e9 des apprentis : un passeport pour l'excellence et l'\u00e9galit\u00e9 des chances - 19e Universit\u00e9 d&#039;Hiver de la Formation Professionnelle","robots":{"index":"index","follow":"follow","max-snippet":"max-snippet:-1","max-image-preview":"max-image-preview:large","max-video-preview":"max-video-preview:-1"},"canonical":"https:\/\/uhfp.centre-inffo.fr\/2025\/la-mobilite-des-apprentis-un-passeport-pour-lexcellence-et-legalite-des-chances\/","og_locale":"fr_FR","og_type":"article","og_title":"La mobilit\u00e9 des apprentis : un passeport pour l'excellence et l'\u00e9galit\u00e9 des chances - 19e Universit\u00e9 d&#039;Hiver de la Formation Professionnelle","og_description":"&nbsp; Partenaire &#8211; Opco EP Cet atelier explore les plus values offertes par la mobilit\u00e9 europ\u00e9enne et internationale pour les parties prenantes, ainsi que les moyens de s\u00e9curiser sa mise en \u0153uvre. \u00c0 travers des interventions d&rsquo;experts et des t\u00e9moignages, les participants s\u2019approprieront des cl\u00e9s pour renforcer l\u2019impact des parcours de formation en apprentissage gr\u00e2ce ... Lire la suite","og_url":"https:\/\/uhfp.centre-inffo.fr\/2025\/la-mobilite-des-apprentis-un-passeport-pour-lexcellence-et-legalite-des-chances\/","og_site_name":"19e Universit\u00e9 d&#039;Hiver de la Formation Professionnelle","article_publisher":"https:\/\/www.facebook.com\/centreinffo","article_modified_time":"2025-01-20T12:11:21+00:00","twitter_card":"summary_large_image","twitter_site":"@centreinffo","twitter_misc":{"Dur\u00e9e de lecture estim\u00e9e":"1 minute"},"schema":{"@context":"https:\/\/schema.org","@graph":[{"@type":"WebPage","@id":"https:\/\/uhfp.centre-inffo.fr\/2025\/la-mobilite-des-apprentis-un-passeport-pour-lexcellence-et-legalite-des-chances\/","url":"https:\/\/uhfp.centre-inffo.fr\/2025\/la-mobilite-des-apprentis-un-passeport-pour-lexcellence-et-legalite-des-chances\/","name":"La mobilit\u00e9 des apprentis : un passeport pour l'excellence et l'\u00e9galit\u00e9 des chances - 19e Universit\u00e9 d&#039;Hiver de la Formation Professionnelle","isPartOf":{"@id":"https:\/\/uhfp.centre-inffo.fr\/2025\/#website"},"datePublished":"2024-11-25T08:41:20+00:00","dateModified":"2025-01-20T12:11:21+00:00","breadcrumb":{"@id":"https:\/\/uhfp.centre-inffo.fr\/2025\/la-mobilite-des-apprentis-un-passeport-pour-lexcellence-et-legalite-des-chances\/#breadcrumb"},"inLanguage":"fr-FR","potentialAction":[{"@type":"ReadAction","target":["https:\/\/uhfp.centre-inffo.fr\/2025\/la-mobilite-des-apprentis-un-passeport-pour-lexcellence-et-legalite-des-chances\/"]}]},{"@type":"BreadcrumbList","@id":"https:\/\/uhfp.centre-inffo.fr\/2025\/la-mobilite-des-apprentis-un-passeport-pour-lexcellence-et-legalite-des-chances\/#breadcrumb","itemListElement":[{"@type":"ListItem","position":1,"name":"Accueil","item":"https:\/\/uhfp.centre-inffo.fr\/2025\/"},{"@type":"ListItem","position":2,"name":"Programme","item":"https:\/\/uhfp.centre-inffo.fr\/2025\/rubrique\/programme\/"},{"@type":"ListItem","position":3,"name":"Jeudi 23 janvier","item":"https:\/\/uhfp.centre-inffo.fr\/2025\/rubrique\/programme\/jeudi-23-janvier\/"},{"@type":"ListItem","position":4,"name":"La mobilit\u00e9 des apprentis : un passeport pour l&rsquo;excellence et l&rsquo;\u00e9galit\u00e9 des chances"}]},{"@type":"WebSite","@id":"https:\/\/uhfp.centre-inffo.fr\/2025\/#website","url":"https:\/\/uhfp.centre-inffo.fr\/2025\/","name":"19e Universit\u00e9 d'Hiver de la Formation Professionnelle","description":"Du 22 au 24 janvier 2025, au Palais des Festivals de Cannes","publisher":{"@id":"https:\/\/uhfp.centre-inffo.fr\/2025\/#organization"},"alternateName":"19e UHFP","potentialAction":[{"@type":"SearchAction","target":{"@type":"EntryPoint","urlTemplate":"https:\/\/uhfp.centre-inffo.fr\/2025\/?s={search_term_string}"},"query-input":"required name=search_term_string"}],"inLanguage":"fr-FR"},{"@type":"Organization","@id":"https:\/\/uhfp.centre-inffo.fr\/2025\/#organization","name":"Centre Inffo","url":"https:\/\/uhfp.centre-inffo.fr\/2025\/","logo":{"@type":"ImageObject","inLanguage":"fr-FR","@id":"https:\/\/uhfp.centre-inffo.fr\/2025\/#\/schema\/logo\/image\/","url":"https:\/\/uhfp.centre-inffo.fr\/2025\/wp-content\/uploads\/2024\/02\/logo-19e-uhfp.png","contentUrl":"https:\/\/uhfp.centre-inffo.fr\/2025\/wp-content\/uploads\/2024\/02\/logo-19e-uhfp.png","width":842,"height":595,"caption":"Centre Inffo"},"image":{"@id":"https:\/\/uhfp.centre-inffo.fr\/2025\/#\/schema\/logo\/image\/"},"sameAs":["https:\/\/www.facebook.com\/centreinffo","https:\/\/twitter.com\/centreinffo","https:\/\/www.linkedin.com\/company\/centre-inffo\/","https:\/\/www.youtube.com\/user\/centreinffo"]}]}},"_links":{"self":[{"href":"https:\/\/uhfp.centre-inffo.fr\/2025\/wp-json\/wp\/v2\/pages\/4592"}],"collection":[{"href":"https:\/\/uhfp.centre-inffo.fr\/2025\/wp-json\/wp\/v2\/pages"}],"about":[{"href":"https:\/\/uhfp.centre-inffo.fr\/2025\/wp-json\/wp\/v2\/types\/page"}],"author":[{"embeddable":true,"href":"https:\/\/uhfp.centre-inffo.fr\/2025\/wp-json\/wp\/v2\/users\/2"}],"replies":[{"embeddable":true,"href":"https:\/\/uhfp.centre-inffo.fr\/2025\/wp-json\/wp\/v2\/comments?post=4592"}],"version-history":[{"count":15,"href":"https:\/\/uhfp.centre-inffo.fr\/2025\/wp-json\/wp\/v2\/pages\/4592\/revisions"}],"predecessor-version":[{"id":8456,"href":"https:\/\/uhfp.centre-inffo.fr\/2025\/wp-json\/wp\/v2\/pages\/4592\/revisions\/8456"}],"wp:attachment":[{"href":"https:\/\/uhfp.centre-inffo.fr\/2025\/wp-json\/wp\/v2\/media?parent=4592"}],"wp:term":[{"taxonomy":"category","embeddable":true,"href":"https:\/\/uhfp.centre-inffo.fr\/2025\/wp-json\/wp\/v2\/categories?post=4592"},{"taxonomy":"post_tag","embeddable":true,"href":"https:\/\/uhfp.centre-inffo.fr\/2025\/wp-json\/wp\/v2\/tags?post=4592"}],"curies":[{"name":"wp","href":"https:\/\/api.w.org\/{rel}","templated":true}]}}