{"id":4596,"date":"2024-11-25T09:44:04","date_gmt":"2024-11-25T08:44:04","guid":{"rendered":"https:\/\/uhfp.centre-inffo.fr\/2025\/?page_id=4596"},"modified":"2025-01-20T13:17:05","modified_gmt":"2025-01-20T12:17:05","slug":"digitalisation-et-modernisation-de-loffre-de-formation","status":"publish","type":"page","link":"https:\/\/uhfp.centre-inffo.fr\/2025\/digitalisation-et-modernisation-de-loffre-de-formation\/","title":{"rendered":"Digitalisation et modernisation de l&rsquo;offre de formation"},"content":{"rendered":"\n<hr class=\"wp-block-separator has-alpha-channel-opacity\"\/>\n\n\n\n<p>En quelques ann\u00e9es le secteur de l\u2019offre de formation s\u2019est beaucoup transform\u00e9. Pour se diversifier et r\u00e9pondre aux besoins de publics tr\u00e8s diff\u00e9rents, il a int\u00e9gr\u00e9 les \u00ab nouvelles \u00bb technologies, notamment sous l\u2019impulsion des grands programmes d\u2019investissement de l\u2019Etat et des R\u00e9gions (PIA, PIC et PRIC, CMA, France 2030). Metaverse, r\u00e9alit\u00e9 virtuelle, intelligence artificielle et IA g\u00e9n\u00e9rative font d\u00e9sormais partie int\u00e9grante des dispositifs de formation. Pour autant, l\u2019offre n\u2019est pas uniforme. Ainsi, des parcours int\u00e9gralement num\u00e9riques (digital learning) coexistent avec des parcours mixtes (blended learning) et des parcours sans mediation technologique.<\/p>\n\n\n\n<p>A partir d\u2019observations sur l\u2019\u00e9tat de la digitalisation de l\u2019offre de formation et de l\u2019exp\u00e9rience des diff\u00e9rents intervenants, cette table ronde apportera des r\u00e9ponses aux questions suivantes :<\/p>\n\n\n\n<ul class=\"list-has-margin\">\n<li>Comment des innovations technologiques telles que l&rsquo;intelligence artificielle et la r\u00e9alit\u00e9 virtuelle technologiques peuvent-elles enrichir les m\u00e9thodes p\u00e9dagogiques les parcours de formation, l\u2019acc\u00e8s aux certifications professionnelles et am\u00e9liorer l\u2019exp\u00e9rience apprenante ?<\/li>\n\n\n\n<li>Quels en sont les b\u00e9n\u00e9fices et les limites ?<\/li>\n\n\n\n<li>De quels soutiens les prestataires de d\u00e9veloppement des comp\u00e9tences peuvent-ils b\u00e9n\u00e9ficier pour r\u00e9ussir leur digitalisation? Comment accompagner les formateurs dans l\u2019\u00e9laboration et la ma\u00eetrise de parcours digitaux ?<\/li>\n\n\n\n<li>Comment adapter l\u2019offre de formation sans risque d\u2019exclusion pour les publics les plus \u00e9loign\u00e9s du num\u00e9rique ?<\/li>\n<\/ul>\n\n\n\n<h2 class=\"wp-block-heading\">Objectifs<\/h2>\n\n\n\n<ul class=\"list-has-margin\">\n<li>Rep\u00e9rer les points de vigilance et conditions de r\u00e9ussite de la digitalisation de l\u2019offre de formation<\/li>\n\n\n\n<li>Identifier les ressources disponibles pour aider \u00e0 digitaliser une offre de formation<\/li>\n<\/ul>\n\n\n\n<h2 class=\"wp-block-heading\">Intervention<\/h2>\n\n\n\n<ul class=\"list-has-margin\">\n<li><a href=\"https:\/\/uhfp.centre-inffo.fr\/2025\/aurelia-bolle\/\">Aur\u00e9lia Boll\u00e9<\/a><br><em>D\u00e9l\u00e9gu\u00e9e G\u00e9n\u00e9rale &#8211; AINOA &#8211; Les innovateurs en formation<\/em><\/li>\n\n\n\n<li><a href=\"https:\/\/uhfp.centre-inffo.fr\/2025\/brice-cristoforetti\/\">Brice Cristoforetti<\/a><br><em>Charg\u00e9 de mission Professionnalisation &#8211; CARIF OREF Auvergne-Rh\u00f4ne-Alpes<\/em><\/li>\n\n\n\n<li><a href=\"https:\/\/uhfp.centre-inffo.fr\/2025\/thomas-edesa\/\">Thomas Edesa<\/a><br><em>Expert &#8211; Groupe de travail inclusion num\u00e9rique \/ num\u00e9rique responsable &#8211; AEFA &#8211; Agence Erasmus+<\/em><\/li>\n\n\n\n<li><a href=\"https:\/\/uhfp.centre-inffo.fr\/2025\/sophie-torre\/\">Sophie Torre<\/a><br><em>Directrice g\u00e9n\u00e9rale &#8211; Groupe Kwark<\/em><\/li>\n<\/ul>\n\n\n\n<h2 class=\"wp-block-heading\">Animation<\/h2>\n\n\n\n<ul>\n<li><a href=\"https:\/\/uhfp.centre-inffo.fr\/2025\/hubert-grandjean\/\">Hubert Grandjean<\/a><br>Owner &#8211; AFDEC\u00a0<\/li>\n<\/ul>\n","protected":false},"excerpt":{"rendered":"<p>En quelques ann\u00e9es le secteur de l\u2019offre de formation s\u2019est beaucoup transform\u00e9. Pour se diversifier et r\u00e9pondre aux besoins de publics tr\u00e8s diff\u00e9rents, il a int\u00e9gr\u00e9 les \u00ab nouvelles \u00bb technologies, notamment sous l\u2019impulsion des grands programmes d\u2019investissement de l\u2019Etat et des R\u00e9gions (PIA, PIC et PRIC, CMA, France 2030). Metaverse, r\u00e9alit\u00e9 virtuelle, intelligence artificielle &#8230; <a title=\"Digitalisation et modernisation de l&rsquo;offre de formation\" class=\"read-more\" href=\"https:\/\/uhfp.centre-inffo.fr\/2025\/digitalisation-et-modernisation-de-loffre-de-formation\/\" aria-label=\"Read more about Digitalisation et modernisation de l&rsquo;offre de formation\">Lire la suite<\/a><\/p>\n","protected":false},"author":2,"featured_media":0,"parent":0,"menu_order":0,"comment_status":"closed","ping_status":"closed","template":"","meta":{"_acf_changed":false,"footnotes":""},"categories":[12,6],"tags":[29],"acf":[],"yoast_head":"<!-- This site is optimized with the Yoast SEO plugin v22.4 - https:\/\/yoast.com\/wordpress\/plugins\/seo\/ -->\n<title>Digitalisation et modernisation de l&#039;offre de formation - 19e Universit\u00e9 d&#039;Hiver de la Formation Professionnelle<\/title>\n<meta name=\"robots\" content=\"index, follow, max-snippet:-1, max-image-preview:large, max-video-preview:-1\" \/>\n<link rel=\"canonical\" href=\"https:\/\/uhfp.centre-inffo.fr\/2025\/digitalisation-et-modernisation-de-loffre-de-formation\/\" \/>\n<meta property=\"og:locale\" content=\"fr_FR\" \/>\n<meta property=\"og:type\" content=\"article\" \/>\n<meta property=\"og:title\" content=\"Digitalisation et modernisation de l&#039;offre de formation - 19e Universit\u00e9 d&#039;Hiver de la Formation Professionnelle\" \/>\n<meta property=\"og:description\" content=\"En quelques ann\u00e9es le secteur de l\u2019offre de formation s\u2019est beaucoup transform\u00e9. Pour se diversifier et r\u00e9pondre aux besoins de publics tr\u00e8s diff\u00e9rents, il a int\u00e9gr\u00e9 les \u00ab nouvelles \u00bb technologies, notamment sous l\u2019impulsion des grands programmes d\u2019investissement de l\u2019Etat et des R\u00e9gions (PIA, PIC et PRIC, CMA, France 2030). Metaverse, r\u00e9alit\u00e9 virtuelle, intelligence artificielle ... Lire la suite\" \/>\n<meta property=\"og:url\" content=\"https:\/\/uhfp.centre-inffo.fr\/2025\/digitalisation-et-modernisation-de-loffre-de-formation\/\" \/>\n<meta property=\"og:site_name\" content=\"19e Universit\u00e9 d&#039;Hiver de la Formation Professionnelle\" \/>\n<meta property=\"article:publisher\" content=\"https:\/\/www.facebook.com\/centreinffo\" \/>\n<meta property=\"article:modified_time\" content=\"2025-01-20T12:17:05+00:00\" \/>\n<meta name=\"twitter:card\" content=\"summary_large_image\" \/>\n<meta name=\"twitter:site\" content=\"@centreinffo\" \/>\n<meta name=\"twitter:label1\" content=\"Dur\u00e9e de lecture estim\u00e9e\" \/>\n\t<meta name=\"twitter:data1\" content=\"2 minutes\" \/>\n<script type=\"application\/ld+json\" class=\"yoast-schema-graph\">{\"@context\":\"https:\/\/schema.org\",\"@graph\":[{\"@type\":\"WebPage\",\"@id\":\"https:\/\/uhfp.centre-inffo.fr\/2025\/digitalisation-et-modernisation-de-loffre-de-formation\/\",\"url\":\"https:\/\/uhfp.centre-inffo.fr\/2025\/digitalisation-et-modernisation-de-loffre-de-formation\/\",\"name\":\"Digitalisation et modernisation de l'offre de formation - 19e Universit\u00e9 d&#039;Hiver de la Formation Professionnelle\",\"isPartOf\":{\"@id\":\"https:\/\/uhfp.centre-inffo.fr\/2025\/#website\"},\"datePublished\":\"2024-11-25T08:44:04+00:00\",\"dateModified\":\"2025-01-20T12:17:05+00:00\",\"breadcrumb\":{\"@id\":\"https:\/\/uhfp.centre-inffo.fr\/2025\/digitalisation-et-modernisation-de-loffre-de-formation\/#breadcrumb\"},\"inLanguage\":\"fr-FR\",\"potentialAction\":[{\"@type\":\"ReadAction\",\"target\":[\"https:\/\/uhfp.centre-inffo.fr\/2025\/digitalisation-et-modernisation-de-loffre-de-formation\/\"]}]},{\"@type\":\"BreadcrumbList\",\"@id\":\"https:\/\/uhfp.centre-inffo.fr\/2025\/digitalisation-et-modernisation-de-loffre-de-formation\/#breadcrumb\",\"itemListElement\":[{\"@type\":\"ListItem\",\"position\":1,\"name\":\"Accueil\",\"item\":\"https:\/\/uhfp.centre-inffo.fr\/2025\/\"},{\"@type\":\"ListItem\",\"position\":2,\"name\":\"Programme\",\"item\":\"https:\/\/uhfp.centre-inffo.fr\/2025\/rubrique\/programme\/\"},{\"@type\":\"ListItem\",\"position\":3,\"name\":\"Jeudi 23 janvier\",\"item\":\"https:\/\/uhfp.centre-inffo.fr\/2025\/rubrique\/programme\/jeudi-23-janvier\/\"},{\"@type\":\"ListItem\",\"position\":4,\"name\":\"Digitalisation et modernisation de l&rsquo;offre de formation\"}]},{\"@type\":\"WebSite\",\"@id\":\"https:\/\/uhfp.centre-inffo.fr\/2025\/#website\",\"url\":\"https:\/\/uhfp.centre-inffo.fr\/2025\/\",\"name\":\"19e Universit\u00e9 d'Hiver de la Formation Professionnelle\",\"description\":\"Du 22 au 24 janvier 2025, au Palais des Festivals de Cannes\",\"publisher\":{\"@id\":\"https:\/\/uhfp.centre-inffo.fr\/2025\/#organization\"},\"alternateName\":\"19e UHFP\",\"potentialAction\":[{\"@type\":\"SearchAction\",\"target\":{\"@type\":\"EntryPoint\",\"urlTemplate\":\"https:\/\/uhfp.centre-inffo.fr\/2025\/?s={search_term_string}\"},\"query-input\":\"required name=search_term_string\"}],\"inLanguage\":\"fr-FR\"},{\"@type\":\"Organization\",\"@id\":\"https:\/\/uhfp.centre-inffo.fr\/2025\/#organization\",\"name\":\"Centre Inffo\",\"url\":\"https:\/\/uhfp.centre-inffo.fr\/2025\/\",\"logo\":{\"@type\":\"ImageObject\",\"inLanguage\":\"fr-FR\",\"@id\":\"https:\/\/uhfp.centre-inffo.fr\/2025\/#\/schema\/logo\/image\/\",\"url\":\"https:\/\/uhfp.centre-inffo.fr\/2025\/wp-content\/uploads\/2024\/02\/logo-19e-uhfp.png\",\"contentUrl\":\"https:\/\/uhfp.centre-inffo.fr\/2025\/wp-content\/uploads\/2024\/02\/logo-19e-uhfp.png\",\"width\":842,\"height\":595,\"caption\":\"Centre Inffo\"},\"image\":{\"@id\":\"https:\/\/uhfp.centre-inffo.fr\/2025\/#\/schema\/logo\/image\/\"},\"sameAs\":[\"https:\/\/www.facebook.com\/centreinffo\",\"https:\/\/twitter.com\/centreinffo\",\"https:\/\/www.linkedin.com\/company\/centre-inffo\/\",\"https:\/\/www.youtube.com\/user\/centreinffo\"]}]}<\/script>\n<!-- \/ Yoast SEO plugin. -->","yoast_head_json":{"title":"Digitalisation et modernisation de l'offre de formation - 19e Universit\u00e9 d&#039;Hiver de la Formation Professionnelle","robots":{"index":"index","follow":"follow","max-snippet":"max-snippet:-1","max-image-preview":"max-image-preview:large","max-video-preview":"max-video-preview:-1"},"canonical":"https:\/\/uhfp.centre-inffo.fr\/2025\/digitalisation-et-modernisation-de-loffre-de-formation\/","og_locale":"fr_FR","og_type":"article","og_title":"Digitalisation et modernisation de l'offre de formation - 19e Universit\u00e9 d&#039;Hiver de la Formation Professionnelle","og_description":"En quelques ann\u00e9es le secteur de l\u2019offre de formation s\u2019est beaucoup transform\u00e9. Pour se diversifier et r\u00e9pondre aux besoins de publics tr\u00e8s diff\u00e9rents, il a int\u00e9gr\u00e9 les \u00ab nouvelles \u00bb technologies, notamment sous l\u2019impulsion des grands programmes d\u2019investissement de l\u2019Etat et des R\u00e9gions (PIA, PIC et PRIC, CMA, France 2030). Metaverse, r\u00e9alit\u00e9 virtuelle, intelligence artificielle ... Lire la suite","og_url":"https:\/\/uhfp.centre-inffo.fr\/2025\/digitalisation-et-modernisation-de-loffre-de-formation\/","og_site_name":"19e Universit\u00e9 d&#039;Hiver de la Formation Professionnelle","article_publisher":"https:\/\/www.facebook.com\/centreinffo","article_modified_time":"2025-01-20T12:17:05+00:00","twitter_card":"summary_large_image","twitter_site":"@centreinffo","twitter_misc":{"Dur\u00e9e de lecture estim\u00e9e":"2 minutes"},"schema":{"@context":"https:\/\/schema.org","@graph":[{"@type":"WebPage","@id":"https:\/\/uhfp.centre-inffo.fr\/2025\/digitalisation-et-modernisation-de-loffre-de-formation\/","url":"https:\/\/uhfp.centre-inffo.fr\/2025\/digitalisation-et-modernisation-de-loffre-de-formation\/","name":"Digitalisation et modernisation de l'offre de formation - 19e Universit\u00e9 d&#039;Hiver de la Formation Professionnelle","isPartOf":{"@id":"https:\/\/uhfp.centre-inffo.fr\/2025\/#website"},"datePublished":"2024-11-25T08:44:04+00:00","dateModified":"2025-01-20T12:17:05+00:00","breadcrumb":{"@id":"https:\/\/uhfp.centre-inffo.fr\/2025\/digitalisation-et-modernisation-de-loffre-de-formation\/#breadcrumb"},"inLanguage":"fr-FR","potentialAction":[{"@type":"ReadAction","target":["https:\/\/uhfp.centre-inffo.fr\/2025\/digitalisation-et-modernisation-de-loffre-de-formation\/"]}]},{"@type":"BreadcrumbList","@id":"https:\/\/uhfp.centre-inffo.fr\/2025\/digitalisation-et-modernisation-de-loffre-de-formation\/#breadcrumb","itemListElement":[{"@type":"ListItem","position":1,"name":"Accueil","item":"https:\/\/uhfp.centre-inffo.fr\/2025\/"},{"@type":"ListItem","position":2,"name":"Programme","item":"https:\/\/uhfp.centre-inffo.fr\/2025\/rubrique\/programme\/"},{"@type":"ListItem","position":3,"name":"Jeudi 23 janvier","item":"https:\/\/uhfp.centre-inffo.fr\/2025\/rubrique\/programme\/jeudi-23-janvier\/"},{"@type":"ListItem","position":4,"name":"Digitalisation et modernisation de l&rsquo;offre de formation"}]},{"@type":"WebSite","@id":"https:\/\/uhfp.centre-inffo.fr\/2025\/#website","url":"https:\/\/uhfp.centre-inffo.fr\/2025\/","name":"19e Universit\u00e9 d'Hiver de la Formation Professionnelle","description":"Du 22 au 24 janvier 2025, au Palais des Festivals de Cannes","publisher":{"@id":"https:\/\/uhfp.centre-inffo.fr\/2025\/#organization"},"alternateName":"19e UHFP","potentialAction":[{"@type":"SearchAction","target":{"@type":"EntryPoint","urlTemplate":"https:\/\/uhfp.centre-inffo.fr\/2025\/?s={search_term_string}"},"query-input":"required name=search_term_string"}],"inLanguage":"fr-FR"},{"@type":"Organization","@id":"https:\/\/uhfp.centre-inffo.fr\/2025\/#organization","name":"Centre Inffo","url":"https:\/\/uhfp.centre-inffo.fr\/2025\/","logo":{"@type":"ImageObject","inLanguage":"fr-FR","@id":"https:\/\/uhfp.centre-inffo.fr\/2025\/#\/schema\/logo\/image\/","url":"https:\/\/uhfp.centre-inffo.fr\/2025\/wp-content\/uploads\/2024\/02\/logo-19e-uhfp.png","contentUrl":"https:\/\/uhfp.centre-inffo.fr\/2025\/wp-content\/uploads\/2024\/02\/logo-19e-uhfp.png","width":842,"height":595,"caption":"Centre Inffo"},"image":{"@id":"https:\/\/uhfp.centre-inffo.fr\/2025\/#\/schema\/logo\/image\/"},"sameAs":["https:\/\/www.facebook.com\/centreinffo","https:\/\/twitter.com\/centreinffo","https:\/\/www.linkedin.com\/company\/centre-inffo\/","https:\/\/www.youtube.com\/user\/centreinffo"]}]}},"_links":{"self":[{"href":"https:\/\/uhfp.centre-inffo.fr\/2025\/wp-json\/wp\/v2\/pages\/4596"}],"collection":[{"href":"https:\/\/uhfp.centre-inffo.fr\/2025\/wp-json\/wp\/v2\/pages"}],"about":[{"href":"https:\/\/uhfp.centre-inffo.fr\/2025\/wp-json\/wp\/v2\/types\/page"}],"author":[{"embeddable":true,"href":"https:\/\/uhfp.centre-inffo.fr\/2025\/wp-json\/wp\/v2\/users\/2"}],"replies":[{"embeddable":true,"href":"https:\/\/uhfp.centre-inffo.fr\/2025\/wp-json\/wp\/v2\/comments?post=4596"}],"version-history":[{"count":13,"href":"https:\/\/uhfp.centre-inffo.fr\/2025\/wp-json\/wp\/v2\/pages\/4596\/revisions"}],"predecessor-version":[{"id":8461,"href":"https:\/\/uhfp.centre-inffo.fr\/2025\/wp-json\/wp\/v2\/pages\/4596\/revisions\/8461"}],"wp:attachment":[{"href":"https:\/\/uhfp.centre-inffo.fr\/2025\/wp-json\/wp\/v2\/media?parent=4596"}],"wp:term":[{"taxonomy":"category","embeddable":true,"href":"https:\/\/uhfp.centre-inffo.fr\/2025\/wp-json\/wp\/v2\/categories?post=4596"},{"taxonomy":"post_tag","embeddable":true,"href":"https:\/\/uhfp.centre-inffo.fr\/2025\/wp-json\/wp\/v2\/tags?post=4596"}],"curies":[{"name":"wp","href":"https:\/\/api.w.org\/{rel}","templated":true}]}}