{"id":4607,"date":"2024-11-25T09:53:02","date_gmt":"2024-11-25T08:53:02","guid":{"rendered":"https:\/\/uhfp.centre-inffo.fr\/2025\/?page_id=4607"},"modified":"2025-01-20T16:04:51","modified_gmt":"2025-01-20T15:04:51","slug":"concevoir-et-mettre-en-oeuvre-une-certification-juste-fiable-et-equitable-les-bonnes-pratiques-de-la-certification-toeic","status":"publish","type":"page","link":"https:\/\/uhfp.centre-inffo.fr\/2025\/concevoir-et-mettre-en-oeuvre-une-certification-juste-fiable-et-equitable-les-bonnes-pratiques-de-la-certification-toeic\/","title":{"rendered":"Concevoir et mettre en \u0153uvre une certification juste, fiable et \u00e9quitable : les bonnes pratiques de la certification TOEIC"},"content":{"rendered":"\n<hr class=\"wp-block-separator has-alpha-channel-opacity\"\/>\n\n\n\n<h5 class=\"wp-block-heading\">\n<i class=\"fa-solid fa-user\" style=\"background-color: #fff;color: #aaa;border: 1px solid red;border-radius: 20px;padding: 6px 7px;\"><\/i>&nbsp;\nPartenaire &#8211; ETS EMEA\n<\/h5>\n\n\n\n<p>Cette table ronde est con\u00e7ue pour explorer les meilleures pratiques en mati\u00e8re de conception et d&rsquo;ex\u00e9cution de certifications justes, fiables et \u00e9quitables. Les participants examineront les cl\u00e9s pour en garantir la qualit\u00e9 \u00e0 travers les t\u00e9moignages, les partages d\u2019expertise et les engagements pr\u00e9sent\u00e9s par ETS, cr\u00e9ateur des tests TOEIC.<\/p>\n\n\n\n<h2 class=\"wp-block-heading\">Objectif<\/h2>\n\n\n\n<p>Explorer les bonnes pratiques pour concevoir des certifications accessibles et \u00e9quitables et assurer leur qualit\u00e9 lors de la r\u00e9alisation des \u00e9valuations.<\/p>\n\n\n\n<h2 class=\"wp-block-heading\">Interventions<\/h2>\n\n\n\n<ul class=\"list-has-margin\">\n<li><a href=\"\/2025\/fadila-arar\/\">Fadila Arar<\/a><br><em>Directrice Commerciale Europe &#8211; ETS EMEA<\/em><\/li>\n\n\n\n<li><a href=\"\/2025\/celestina-cardoz-maury\/\">Celestina Cardoz-Maury<\/a><br><em>Responsable des Relations Acad\u00e9miques &#8211; ETS EMEA<\/em><\/li>\n\n\n\n<li><a href=\"\/2025\/laurence-carlinet\/\">Laurence Carlinet<\/a><br><em>Secr\u00e9taire G\u00e9n\u00e9rale &#8211; ETS EMEA<\/em><\/li>\n\n\n\n<li><a href=\"\/2025\/helen-pattio-combe\/\">Helen Pattio Combe<\/a><br><em>Responsable p\u00e9dagogique nationale langues et cultures &#8211; Quest Education Group<\/em><\/li>\n<\/ul>\n","protected":false},"excerpt":{"rendered":"<p>&nbsp; Partenaire &#8211; ETS EMEA Cette table ronde est con\u00e7ue pour explorer les meilleures pratiques en mati\u00e8re de conception et d&rsquo;ex\u00e9cution de certifications justes, fiables et \u00e9quitables. Les participants examineront les cl\u00e9s pour en garantir la qualit\u00e9 \u00e0 travers les t\u00e9moignages, les partages d\u2019expertise et les engagements pr\u00e9sent\u00e9s par ETS, cr\u00e9ateur des tests TOEIC. Objectif &#8230; <a title=\"Concevoir et mettre en \u0153uvre une certification juste, fiable et \u00e9quitable : les bonnes pratiques de la certification TOEIC\" class=\"read-more\" href=\"https:\/\/uhfp.centre-inffo.fr\/2025\/concevoir-et-mettre-en-oeuvre-une-certification-juste-fiable-et-equitable-les-bonnes-pratiques-de-la-certification-toeic\/\" aria-label=\"Read more about Concevoir et mettre en \u0153uvre une certification juste, fiable et \u00e9quitable : les bonnes pratiques de la certification TOEIC\">Lire la suite<\/a><\/p>\n","protected":false},"author":2,"featured_media":0,"parent":0,"menu_order":0,"comment_status":"closed","ping_status":"closed","template":"","meta":{"_acf_changed":false,"footnotes":""},"categories":[12,6],"tags":[28],"acf":[],"yoast_head":"<!-- This site is optimized with the Yoast SEO plugin v22.4 - https:\/\/yoast.com\/wordpress\/plugins\/seo\/ -->\n<title>Concevoir et mettre en \u0153uvre une certification juste, fiable et \u00e9quitable : les bonnes pratiques de la certification TOEIC - 19e Universit\u00e9 d&#039;Hiver de la Formation Professionnelle<\/title>\n<meta name=\"robots\" content=\"index, follow, max-snippet:-1, max-image-preview:large, max-video-preview:-1\" \/>\n<link rel=\"canonical\" href=\"https:\/\/uhfp.centre-inffo.fr\/2025\/concevoir-et-mettre-en-oeuvre-une-certification-juste-fiable-et-equitable-les-bonnes-pratiques-de-la-certification-toeic\/\" \/>\n<meta property=\"og:locale\" content=\"fr_FR\" \/>\n<meta property=\"og:type\" content=\"article\" \/>\n<meta property=\"og:title\" content=\"Concevoir et mettre en \u0153uvre une certification juste, fiable et \u00e9quitable : les bonnes pratiques de la certification TOEIC - 19e Universit\u00e9 d&#039;Hiver de la Formation Professionnelle\" \/>\n<meta property=\"og:description\" content=\"&nbsp; Partenaire &#8211; ETS EMEA Cette table ronde est con\u00e7ue pour explorer les meilleures pratiques en mati\u00e8re de conception et d&rsquo;ex\u00e9cution de certifications justes, fiables et \u00e9quitables. Les participants examineront les cl\u00e9s pour en garantir la qualit\u00e9 \u00e0 travers les t\u00e9moignages, les partages d\u2019expertise et les engagements pr\u00e9sent\u00e9s par ETS, cr\u00e9ateur des tests TOEIC. Objectif ... Lire la suite\" \/>\n<meta property=\"og:url\" content=\"https:\/\/uhfp.centre-inffo.fr\/2025\/concevoir-et-mettre-en-oeuvre-une-certification-juste-fiable-et-equitable-les-bonnes-pratiques-de-la-certification-toeic\/\" \/>\n<meta property=\"og:site_name\" content=\"19e Universit\u00e9 d&#039;Hiver de la Formation Professionnelle\" \/>\n<meta property=\"article:publisher\" content=\"https:\/\/www.facebook.com\/centreinffo\" \/>\n<meta property=\"article:modified_time\" content=\"2025-01-20T15:04:51+00:00\" \/>\n<meta name=\"twitter:card\" content=\"summary_large_image\" \/>\n<meta name=\"twitter:site\" content=\"@centreinffo\" \/>\n<meta name=\"twitter:label1\" content=\"Dur\u00e9e de lecture estim\u00e9e\" \/>\n\t<meta name=\"twitter:data1\" content=\"1 minute\" \/>\n<script type=\"application\/ld+json\" class=\"yoast-schema-graph\">{\"@context\":\"https:\/\/schema.org\",\"@graph\":[{\"@type\":\"WebPage\",\"@id\":\"https:\/\/uhfp.centre-inffo.fr\/2025\/concevoir-et-mettre-en-oeuvre-une-certification-juste-fiable-et-equitable-les-bonnes-pratiques-de-la-certification-toeic\/\",\"url\":\"https:\/\/uhfp.centre-inffo.fr\/2025\/concevoir-et-mettre-en-oeuvre-une-certification-juste-fiable-et-equitable-les-bonnes-pratiques-de-la-certification-toeic\/\",\"name\":\"Concevoir et mettre en \u0153uvre une certification juste, fiable et \u00e9quitable : les bonnes pratiques de la certification TOEIC - 19e Universit\u00e9 d&#039;Hiver de la Formation Professionnelle\",\"isPartOf\":{\"@id\":\"https:\/\/uhfp.centre-inffo.fr\/2025\/#website\"},\"datePublished\":\"2024-11-25T08:53:02+00:00\",\"dateModified\":\"2025-01-20T15:04:51+00:00\",\"breadcrumb\":{\"@id\":\"https:\/\/uhfp.centre-inffo.fr\/2025\/concevoir-et-mettre-en-oeuvre-une-certification-juste-fiable-et-equitable-les-bonnes-pratiques-de-la-certification-toeic\/#breadcrumb\"},\"inLanguage\":\"fr-FR\",\"potentialAction\":[{\"@type\":\"ReadAction\",\"target\":[\"https:\/\/uhfp.centre-inffo.fr\/2025\/concevoir-et-mettre-en-oeuvre-une-certification-juste-fiable-et-equitable-les-bonnes-pratiques-de-la-certification-toeic\/\"]}]},{\"@type\":\"BreadcrumbList\",\"@id\":\"https:\/\/uhfp.centre-inffo.fr\/2025\/concevoir-et-mettre-en-oeuvre-une-certification-juste-fiable-et-equitable-les-bonnes-pratiques-de-la-certification-toeic\/#breadcrumb\",\"itemListElement\":[{\"@type\":\"ListItem\",\"position\":1,\"name\":\"Accueil\",\"item\":\"https:\/\/uhfp.centre-inffo.fr\/2025\/\"},{\"@type\":\"ListItem\",\"position\":2,\"name\":\"Programme\",\"item\":\"https:\/\/uhfp.centre-inffo.fr\/2025\/rubrique\/programme\/\"},{\"@type\":\"ListItem\",\"position\":3,\"name\":\"Jeudi 23 janvier\",\"item\":\"https:\/\/uhfp.centre-inffo.fr\/2025\/rubrique\/programme\/jeudi-23-janvier\/\"},{\"@type\":\"ListItem\",\"position\":4,\"name\":\"Concevoir et mettre en \u0153uvre une certification juste, fiable et \u00e9quitable : les bonnes pratiques de la certification TOEIC\"}]},{\"@type\":\"WebSite\",\"@id\":\"https:\/\/uhfp.centre-inffo.fr\/2025\/#website\",\"url\":\"https:\/\/uhfp.centre-inffo.fr\/2025\/\",\"name\":\"19e Universit\u00e9 d'Hiver de la Formation Professionnelle\",\"description\":\"Du 22 au 24 janvier 2025, au Palais des Festivals de Cannes\",\"publisher\":{\"@id\":\"https:\/\/uhfp.centre-inffo.fr\/2025\/#organization\"},\"alternateName\":\"19e UHFP\",\"potentialAction\":[{\"@type\":\"SearchAction\",\"target\":{\"@type\":\"EntryPoint\",\"urlTemplate\":\"https:\/\/uhfp.centre-inffo.fr\/2025\/?s={search_term_string}\"},\"query-input\":\"required name=search_term_string\"}],\"inLanguage\":\"fr-FR\"},{\"@type\":\"Organization\",\"@id\":\"https:\/\/uhfp.centre-inffo.fr\/2025\/#organization\",\"name\":\"Centre Inffo\",\"url\":\"https:\/\/uhfp.centre-inffo.fr\/2025\/\",\"logo\":{\"@type\":\"ImageObject\",\"inLanguage\":\"fr-FR\",\"@id\":\"https:\/\/uhfp.centre-inffo.fr\/2025\/#\/schema\/logo\/image\/\",\"url\":\"https:\/\/uhfp.centre-inffo.fr\/2025\/wp-content\/uploads\/2024\/02\/logo-19e-uhfp.png\",\"contentUrl\":\"https:\/\/uhfp.centre-inffo.fr\/2025\/wp-content\/uploads\/2024\/02\/logo-19e-uhfp.png\",\"width\":842,\"height\":595,\"caption\":\"Centre Inffo\"},\"image\":{\"@id\":\"https:\/\/uhfp.centre-inffo.fr\/2025\/#\/schema\/logo\/image\/\"},\"sameAs\":[\"https:\/\/www.facebook.com\/centreinffo\",\"https:\/\/twitter.com\/centreinffo\",\"https:\/\/www.linkedin.com\/company\/centre-inffo\/\",\"https:\/\/www.youtube.com\/user\/centreinffo\"]}]}<\/script>\n<!-- \/ Yoast SEO plugin. -->","yoast_head_json":{"title":"Concevoir et mettre en \u0153uvre une certification juste, fiable et \u00e9quitable : les bonnes pratiques de la certification TOEIC - 19e Universit\u00e9 d&#039;Hiver de la Formation Professionnelle","robots":{"index":"index","follow":"follow","max-snippet":"max-snippet:-1","max-image-preview":"max-image-preview:large","max-video-preview":"max-video-preview:-1"},"canonical":"https:\/\/uhfp.centre-inffo.fr\/2025\/concevoir-et-mettre-en-oeuvre-une-certification-juste-fiable-et-equitable-les-bonnes-pratiques-de-la-certification-toeic\/","og_locale":"fr_FR","og_type":"article","og_title":"Concevoir et mettre en \u0153uvre une certification juste, fiable et \u00e9quitable : les bonnes pratiques de la certification TOEIC - 19e Universit\u00e9 d&#039;Hiver de la Formation Professionnelle","og_description":"&nbsp; Partenaire &#8211; ETS EMEA Cette table ronde est con\u00e7ue pour explorer les meilleures pratiques en mati\u00e8re de conception et d&rsquo;ex\u00e9cution de certifications justes, fiables et \u00e9quitables. Les participants examineront les cl\u00e9s pour en garantir la qualit\u00e9 \u00e0 travers les t\u00e9moignages, les partages d\u2019expertise et les engagements pr\u00e9sent\u00e9s par ETS, cr\u00e9ateur des tests TOEIC. Objectif ... Lire la suite","og_url":"https:\/\/uhfp.centre-inffo.fr\/2025\/concevoir-et-mettre-en-oeuvre-une-certification-juste-fiable-et-equitable-les-bonnes-pratiques-de-la-certification-toeic\/","og_site_name":"19e Universit\u00e9 d&#039;Hiver de la Formation Professionnelle","article_publisher":"https:\/\/www.facebook.com\/centreinffo","article_modified_time":"2025-01-20T15:04:51+00:00","twitter_card":"summary_large_image","twitter_site":"@centreinffo","twitter_misc":{"Dur\u00e9e de lecture estim\u00e9e":"1 minute"},"schema":{"@context":"https:\/\/schema.org","@graph":[{"@type":"WebPage","@id":"https:\/\/uhfp.centre-inffo.fr\/2025\/concevoir-et-mettre-en-oeuvre-une-certification-juste-fiable-et-equitable-les-bonnes-pratiques-de-la-certification-toeic\/","url":"https:\/\/uhfp.centre-inffo.fr\/2025\/concevoir-et-mettre-en-oeuvre-une-certification-juste-fiable-et-equitable-les-bonnes-pratiques-de-la-certification-toeic\/","name":"Concevoir et mettre en \u0153uvre une certification juste, fiable et \u00e9quitable : les bonnes pratiques de la certification TOEIC - 19e Universit\u00e9 d&#039;Hiver de la Formation Professionnelle","isPartOf":{"@id":"https:\/\/uhfp.centre-inffo.fr\/2025\/#website"},"datePublished":"2024-11-25T08:53:02+00:00","dateModified":"2025-01-20T15:04:51+00:00","breadcrumb":{"@id":"https:\/\/uhfp.centre-inffo.fr\/2025\/concevoir-et-mettre-en-oeuvre-une-certification-juste-fiable-et-equitable-les-bonnes-pratiques-de-la-certification-toeic\/#breadcrumb"},"inLanguage":"fr-FR","potentialAction":[{"@type":"ReadAction","target":["https:\/\/uhfp.centre-inffo.fr\/2025\/concevoir-et-mettre-en-oeuvre-une-certification-juste-fiable-et-equitable-les-bonnes-pratiques-de-la-certification-toeic\/"]}]},{"@type":"BreadcrumbList","@id":"https:\/\/uhfp.centre-inffo.fr\/2025\/concevoir-et-mettre-en-oeuvre-une-certification-juste-fiable-et-equitable-les-bonnes-pratiques-de-la-certification-toeic\/#breadcrumb","itemListElement":[{"@type":"ListItem","position":1,"name":"Accueil","item":"https:\/\/uhfp.centre-inffo.fr\/2025\/"},{"@type":"ListItem","position":2,"name":"Programme","item":"https:\/\/uhfp.centre-inffo.fr\/2025\/rubrique\/programme\/"},{"@type":"ListItem","position":3,"name":"Jeudi 23 janvier","item":"https:\/\/uhfp.centre-inffo.fr\/2025\/rubrique\/programme\/jeudi-23-janvier\/"},{"@type":"ListItem","position":4,"name":"Concevoir et mettre en \u0153uvre une certification juste, fiable et \u00e9quitable : les bonnes pratiques de la certification TOEIC"}]},{"@type":"WebSite","@id":"https:\/\/uhfp.centre-inffo.fr\/2025\/#website","url":"https:\/\/uhfp.centre-inffo.fr\/2025\/","name":"19e Universit\u00e9 d'Hiver de la Formation Professionnelle","description":"Du 22 au 24 janvier 2025, au Palais des Festivals de Cannes","publisher":{"@id":"https:\/\/uhfp.centre-inffo.fr\/2025\/#organization"},"alternateName":"19e UHFP","potentialAction":[{"@type":"SearchAction","target":{"@type":"EntryPoint","urlTemplate":"https:\/\/uhfp.centre-inffo.fr\/2025\/?s={search_term_string}"},"query-input":"required name=search_term_string"}],"inLanguage":"fr-FR"},{"@type":"Organization","@id":"https:\/\/uhfp.centre-inffo.fr\/2025\/#organization","name":"Centre Inffo","url":"https:\/\/uhfp.centre-inffo.fr\/2025\/","logo":{"@type":"ImageObject","inLanguage":"fr-FR","@id":"https:\/\/uhfp.centre-inffo.fr\/2025\/#\/schema\/logo\/image\/","url":"https:\/\/uhfp.centre-inffo.fr\/2025\/wp-content\/uploads\/2024\/02\/logo-19e-uhfp.png","contentUrl":"https:\/\/uhfp.centre-inffo.fr\/2025\/wp-content\/uploads\/2024\/02\/logo-19e-uhfp.png","width":842,"height":595,"caption":"Centre Inffo"},"image":{"@id":"https:\/\/uhfp.centre-inffo.fr\/2025\/#\/schema\/logo\/image\/"},"sameAs":["https:\/\/www.facebook.com\/centreinffo","https:\/\/twitter.com\/centreinffo","https:\/\/www.linkedin.com\/company\/centre-inffo\/","https:\/\/www.youtube.com\/user\/centreinffo"]}]}},"_links":{"self":[{"href":"https:\/\/uhfp.centre-inffo.fr\/2025\/wp-json\/wp\/v2\/pages\/4607"}],"collection":[{"href":"https:\/\/uhfp.centre-inffo.fr\/2025\/wp-json\/wp\/v2\/pages"}],"about":[{"href":"https:\/\/uhfp.centre-inffo.fr\/2025\/wp-json\/wp\/v2\/types\/page"}],"author":[{"embeddable":true,"href":"https:\/\/uhfp.centre-inffo.fr\/2025\/wp-json\/wp\/v2\/users\/2"}],"replies":[{"embeddable":true,"href":"https:\/\/uhfp.centre-inffo.fr\/2025\/wp-json\/wp\/v2\/comments?post=4607"}],"version-history":[{"count":16,"href":"https:\/\/uhfp.centre-inffo.fr\/2025\/wp-json\/wp\/v2\/pages\/4607\/revisions"}],"predecessor-version":[{"id":8623,"href":"https:\/\/uhfp.centre-inffo.fr\/2025\/wp-json\/wp\/v2\/pages\/4607\/revisions\/8623"}],"wp:attachment":[{"href":"https:\/\/uhfp.centre-inffo.fr\/2025\/wp-json\/wp\/v2\/media?parent=4607"}],"wp:term":[{"taxonomy":"category","embeddable":true,"href":"https:\/\/uhfp.centre-inffo.fr\/2025\/wp-json\/wp\/v2\/categories?post=4607"},{"taxonomy":"post_tag","embeddable":true,"href":"https:\/\/uhfp.centre-inffo.fr\/2025\/wp-json\/wp\/v2\/tags?post=4607"}],"curies":[{"name":"wp","href":"https:\/\/api.w.org\/{rel}","templated":true}]}}