{"id":4629,"date":"2024-11-25T10:09:34","date_gmt":"2024-11-25T09:09:34","guid":{"rendered":"https:\/\/uhfp.centre-inffo.fr\/2025\/?page_id=4629"},"modified":"2025-01-20T14:00:09","modified_gmt":"2025-01-20T13:00:09","slug":"regulation-du-marche-de-la-formation-comment-faire-mieux-avec-moins","status":"publish","type":"page","link":"https:\/\/uhfp.centre-inffo.fr\/2025\/regulation-du-marche-de-la-formation-comment-faire-mieux-avec-moins\/","title":{"rendered":"R\u00e9gulation du march\u00e9 de la formation : comment faire mieux avec moins ?"},"content":{"rendered":"\n<hr class=\"wp-block-separator has-alpha-channel-opacity\"\/>\n\n\n\n<p>En 2025, sous la pression de contraintes budg\u00e9taires, le secteur de la formation professionnelle atteint un moment critique. Comment \u00e9lever les exigences qualit\u00e9 tout en r\u00e9duisant les financements disponibles ? Les discussions s\u2019orientent vers plusieurs pistes : une r\u00e9vision des niveaux de prise en charge de l\u2019apprentissage, une r\u00e9\u00e9valuation \u00e9ventuelle du ticket mod\u00e9rateur li\u00e9 au CPF, ou encore l\u2019adoption d\u2019une approche collaborative pour le contr\u00f4le du syst\u00e8me qualit\u00e9.<\/p>\n\n\n\n<p>L\u2019enjeu est de taille : maximiser l\u2019impact des investissements en formation tout en renfor\u00e7ant la surveillance et l\u2019am\u00e9lioration des dispositifs. Au c\u0153ur des d\u00e9bats \u00e9merge une question fondamentale : comment faire mieux avec moins, sans compromettre les r\u00e9sultats attendus ?<\/p>\n\n\n\n<p>Pour r\u00e9pondre \u00e0 cette probl\u00e9matique, cette table ronde rassemblera les principaux acteurs du secteur, incluant le Minist\u00e8re du Travail, France Comp\u00e9tences, les financeurs et les prestataires de formation, afin de r\u00e9fl\u00e9chir collectivement aux solutions \u00e0 mettre en \u0153uvre en 2025.<\/p>\n\n\n\n<h2 class=\"wp-block-heading\">Objectif<\/h2>\n\n\n\n<ul class=\"list-has-margin\">\n<li>Comprendre les enjeux et les orientations des politiques publiques en mati\u00e8re de formation professionnelle en 2025<\/li>\n<\/ul>\n\n\n\n<h2 class=\"wp-block-heading\">Interventions<\/h2>\n\n\n\n<ul class=\"list-has-margin\">\n<li><a href=\"https:\/\/uhfp.centre-inffo.fr\/2025\/patrick-chemin\/\">Patrick Chemin<\/a><br><em>Secr\u00e9taire g\u00e9n\u00e9ral &#8211; Association ouvri\u00e8re des Compagnons du devoir et du Tour de France<\/em><\/li>\n\n\n\n<li><a href=\"\/2025\/fouzi-fethi\/\">Fouzi Fethi<\/a><br><em>Responsable du p\u00f4le \u00ab\u00a0droit et politiques de formation\u00a0\u00bb &#8211; Centre Inffo<\/em><\/li>\n\n\n\n<li><a href=\"https:\/\/uhfp.centre-inffo.fr\/2025\/jean-patrick-gille\/\">Jean-Patrick Gille<\/a><br><em>Vice-Pr\u00e9sident d\u00e9l\u00e9gu\u00e9 \u00e0 l\u2019Emploi, la Formation Professionnelle, l\u2019Orientation et l\u2019Insertion \u2013 Conseil R\u00e9gional du Centre-Val de Loire<\/em><\/li>\n\n\n\n<li><a href=\"https:\/\/uhfp.centre-inffo.fr\/2025\/julien-gondard\/\">Julien Gondard<\/a><br><em>Directeur g\u00e9n\u00e9ral &#8211; CMA France<\/em><\/li>\n\n\n\n<li><a href=\"https:\/\/uhfp.centre-inffo.fr\/2025\/stephane-lardy\/\">St\u00e9phane Lardy<\/a><br><em>Directeur g\u00e9n\u00e9ral &#8211; France comp\u00e9tences<\/em><\/li>\n\n\n\n<li><a href=\"https:\/\/uhfp.centre-inffo.fr\/2025\/aline-mougenot\/\">Aline Mougenot<\/a><br><em>Cheffe de file conf\u00e9d\u00e9rale &#8211; CFTC formation et apprentissage\u00a0<\/em><\/li>\n\n\n\n<li><a href=\"https:\/\/uhfp.centre-inffo.fr\/2025\/sandrine-mourey\/\">Sandrine Mourey<\/a><br><em>Charg\u00e9e\u00a0au bureau conf\u00e9d\u00e9ral de la n\u00e9gociation collective et d\u00e9mocratie sociale &#8211; CGT<\/em><\/li>\n\n\n\n<li><a href=\"https:\/\/uhfp.centre-inffo.fr\/2025\/laurent-munerot\/\">Laurent Munerot<\/a><br><em>Vice-pr\u00e9sident &#8211; U2P<\/em><\/li>\n\n\n\n<li><a href=\"https:\/\/uhfp.centre-inffo.fr\/2025\/stephane-remy\/\">St\u00e9phane R\u00e9my<\/a><br><em>Sous-directeur des politiques de formation et du contr\u00f4le &#8211; DGEFP<\/em><\/li>\n\n\n\n<li><a href=\"\/2025\/thierry-teboul\/\">Thierry Teboul<\/a><br><em>Directeur g\u00e9n\u00e9ral &#8211; Afdas<\/em><\/li>\n<\/ul>\n\n\n\n<h2 class=\"wp-block-heading\">Animation<\/h2>\n\n\n\n<ul class=\"list-has-margin\">\n<li><a href=\"https:\/\/uhfp.centre-inffo.fr\/2025\/valerie-michelet\/\">Val\u00e9rie Michelet<\/a><br><em>Juriste s\u00e9nior &#8211; Centre Inffo<\/em><\/li>\n<\/ul>\n","protected":false},"excerpt":{"rendered":"<p>En 2025, sous la pression de contraintes budg\u00e9taires, le secteur de la formation professionnelle atteint un moment critique. Comment \u00e9lever les exigences qualit\u00e9 tout en r\u00e9duisant les financements disponibles ? Les discussions s\u2019orientent vers plusieurs pistes : une r\u00e9vision des niveaux de prise en charge de l\u2019apprentissage, une r\u00e9\u00e9valuation \u00e9ventuelle du ticket mod\u00e9rateur li\u00e9 au &#8230; <a title=\"R\u00e9gulation du march\u00e9 de la formation : comment faire mieux avec moins ?\" class=\"read-more\" href=\"https:\/\/uhfp.centre-inffo.fr\/2025\/regulation-du-marche-de-la-formation-comment-faire-mieux-avec-moins\/\" aria-label=\"Read more about R\u00e9gulation du march\u00e9 de la formation : comment faire mieux avec moins ?\">Lire la suite<\/a><\/p>\n","protected":false},"author":2,"featured_media":0,"parent":0,"menu_order":0,"comment_status":"closed","ping_status":"closed","template":"","meta":{"_acf_changed":false,"footnotes":""},"categories":[12,6],"tags":[29],"acf":[],"yoast_head":"<!-- This site is optimized with the Yoast SEO plugin v22.4 - https:\/\/yoast.com\/wordpress\/plugins\/seo\/ -->\n<title>R\u00e9gulation du march\u00e9 de la formation : comment faire mieux avec moins ? - 19e Universit\u00e9 d&#039;Hiver de la Formation Professionnelle<\/title>\n<meta name=\"robots\" content=\"index, follow, max-snippet:-1, max-image-preview:large, max-video-preview:-1\" \/>\n<link rel=\"canonical\" href=\"https:\/\/uhfp.centre-inffo.fr\/2025\/regulation-du-marche-de-la-formation-comment-faire-mieux-avec-moins\/\" \/>\n<meta property=\"og:locale\" content=\"fr_FR\" \/>\n<meta property=\"og:type\" content=\"article\" \/>\n<meta property=\"og:title\" content=\"R\u00e9gulation du march\u00e9 de la formation : comment faire mieux avec moins ? - 19e Universit\u00e9 d&#039;Hiver de la Formation Professionnelle\" \/>\n<meta property=\"og:description\" content=\"En 2025, sous la pression de contraintes budg\u00e9taires, le secteur de la formation professionnelle atteint un moment critique. Comment \u00e9lever les exigences qualit\u00e9 tout en r\u00e9duisant les financements disponibles ? Les discussions s\u2019orientent vers plusieurs pistes : une r\u00e9vision des niveaux de prise en charge de l\u2019apprentissage, une r\u00e9\u00e9valuation \u00e9ventuelle du ticket mod\u00e9rateur li\u00e9 au ... Lire la suite\" \/>\n<meta property=\"og:url\" content=\"https:\/\/uhfp.centre-inffo.fr\/2025\/regulation-du-marche-de-la-formation-comment-faire-mieux-avec-moins\/\" \/>\n<meta property=\"og:site_name\" content=\"19e Universit\u00e9 d&#039;Hiver de la Formation Professionnelle\" \/>\n<meta property=\"article:publisher\" content=\"https:\/\/www.facebook.com\/centreinffo\" \/>\n<meta property=\"article:modified_time\" content=\"2025-01-20T13:00:09+00:00\" \/>\n<meta name=\"twitter:card\" content=\"summary_large_image\" \/>\n<meta name=\"twitter:site\" content=\"@centreinffo\" \/>\n<meta name=\"twitter:label1\" content=\"Dur\u00e9e de lecture estim\u00e9e\" \/>\n\t<meta name=\"twitter:data1\" content=\"2 minutes\" \/>\n<script type=\"application\/ld+json\" class=\"yoast-schema-graph\">{\"@context\":\"https:\/\/schema.org\",\"@graph\":[{\"@type\":\"WebPage\",\"@id\":\"https:\/\/uhfp.centre-inffo.fr\/2025\/regulation-du-marche-de-la-formation-comment-faire-mieux-avec-moins\/\",\"url\":\"https:\/\/uhfp.centre-inffo.fr\/2025\/regulation-du-marche-de-la-formation-comment-faire-mieux-avec-moins\/\",\"name\":\"R\u00e9gulation du march\u00e9 de la formation : comment faire mieux avec moins ? - 19e Universit\u00e9 d&#039;Hiver de la Formation Professionnelle\",\"isPartOf\":{\"@id\":\"https:\/\/uhfp.centre-inffo.fr\/2025\/#website\"},\"datePublished\":\"2024-11-25T09:09:34+00:00\",\"dateModified\":\"2025-01-20T13:00:09+00:00\",\"breadcrumb\":{\"@id\":\"https:\/\/uhfp.centre-inffo.fr\/2025\/regulation-du-marche-de-la-formation-comment-faire-mieux-avec-moins\/#breadcrumb\"},\"inLanguage\":\"fr-FR\",\"potentialAction\":[{\"@type\":\"ReadAction\",\"target\":[\"https:\/\/uhfp.centre-inffo.fr\/2025\/regulation-du-marche-de-la-formation-comment-faire-mieux-avec-moins\/\"]}]},{\"@type\":\"BreadcrumbList\",\"@id\":\"https:\/\/uhfp.centre-inffo.fr\/2025\/regulation-du-marche-de-la-formation-comment-faire-mieux-avec-moins\/#breadcrumb\",\"itemListElement\":[{\"@type\":\"ListItem\",\"position\":1,\"name\":\"Accueil\",\"item\":\"https:\/\/uhfp.centre-inffo.fr\/2025\/\"},{\"@type\":\"ListItem\",\"position\":2,\"name\":\"Programme\",\"item\":\"https:\/\/uhfp.centre-inffo.fr\/2025\/rubrique\/programme\/\"},{\"@type\":\"ListItem\",\"position\":3,\"name\":\"Jeudi 23 janvier\",\"item\":\"https:\/\/uhfp.centre-inffo.fr\/2025\/rubrique\/programme\/jeudi-23-janvier\/\"},{\"@type\":\"ListItem\",\"position\":4,\"name\":\"R\u00e9gulation du march\u00e9 de la formation : comment faire mieux avec moins ?\"}]},{\"@type\":\"WebSite\",\"@id\":\"https:\/\/uhfp.centre-inffo.fr\/2025\/#website\",\"url\":\"https:\/\/uhfp.centre-inffo.fr\/2025\/\",\"name\":\"19e Universit\u00e9 d'Hiver de la Formation Professionnelle\",\"description\":\"Du 22 au 24 janvier 2025, au Palais des Festivals de Cannes\",\"publisher\":{\"@id\":\"https:\/\/uhfp.centre-inffo.fr\/2025\/#organization\"},\"alternateName\":\"19e UHFP\",\"potentialAction\":[{\"@type\":\"SearchAction\",\"target\":{\"@type\":\"EntryPoint\",\"urlTemplate\":\"https:\/\/uhfp.centre-inffo.fr\/2025\/?s={search_term_string}\"},\"query-input\":\"required name=search_term_string\"}],\"inLanguage\":\"fr-FR\"},{\"@type\":\"Organization\",\"@id\":\"https:\/\/uhfp.centre-inffo.fr\/2025\/#organization\",\"name\":\"Centre Inffo\",\"url\":\"https:\/\/uhfp.centre-inffo.fr\/2025\/\",\"logo\":{\"@type\":\"ImageObject\",\"inLanguage\":\"fr-FR\",\"@id\":\"https:\/\/uhfp.centre-inffo.fr\/2025\/#\/schema\/logo\/image\/\",\"url\":\"https:\/\/uhfp.centre-inffo.fr\/2025\/wp-content\/uploads\/2024\/02\/logo-19e-uhfp.png\",\"contentUrl\":\"https:\/\/uhfp.centre-inffo.fr\/2025\/wp-content\/uploads\/2024\/02\/logo-19e-uhfp.png\",\"width\":842,\"height\":595,\"caption\":\"Centre Inffo\"},\"image\":{\"@id\":\"https:\/\/uhfp.centre-inffo.fr\/2025\/#\/schema\/logo\/image\/\"},\"sameAs\":[\"https:\/\/www.facebook.com\/centreinffo\",\"https:\/\/twitter.com\/centreinffo\",\"https:\/\/www.linkedin.com\/company\/centre-inffo\/\",\"https:\/\/www.youtube.com\/user\/centreinffo\"]}]}<\/script>\n<!-- \/ Yoast SEO plugin. -->","yoast_head_json":{"title":"R\u00e9gulation du march\u00e9 de la formation : comment faire mieux avec moins ? - 19e Universit\u00e9 d&#039;Hiver de la Formation Professionnelle","robots":{"index":"index","follow":"follow","max-snippet":"max-snippet:-1","max-image-preview":"max-image-preview:large","max-video-preview":"max-video-preview:-1"},"canonical":"https:\/\/uhfp.centre-inffo.fr\/2025\/regulation-du-marche-de-la-formation-comment-faire-mieux-avec-moins\/","og_locale":"fr_FR","og_type":"article","og_title":"R\u00e9gulation du march\u00e9 de la formation : comment faire mieux avec moins ? - 19e Universit\u00e9 d&#039;Hiver de la Formation Professionnelle","og_description":"En 2025, sous la pression de contraintes budg\u00e9taires, le secteur de la formation professionnelle atteint un moment critique. Comment \u00e9lever les exigences qualit\u00e9 tout en r\u00e9duisant les financements disponibles ? Les discussions s\u2019orientent vers plusieurs pistes : une r\u00e9vision des niveaux de prise en charge de l\u2019apprentissage, une r\u00e9\u00e9valuation \u00e9ventuelle du ticket mod\u00e9rateur li\u00e9 au ... Lire la suite","og_url":"https:\/\/uhfp.centre-inffo.fr\/2025\/regulation-du-marche-de-la-formation-comment-faire-mieux-avec-moins\/","og_site_name":"19e Universit\u00e9 d&#039;Hiver de la Formation Professionnelle","article_publisher":"https:\/\/www.facebook.com\/centreinffo","article_modified_time":"2025-01-20T13:00:09+00:00","twitter_card":"summary_large_image","twitter_site":"@centreinffo","twitter_misc":{"Dur\u00e9e de lecture estim\u00e9e":"2 minutes"},"schema":{"@context":"https:\/\/schema.org","@graph":[{"@type":"WebPage","@id":"https:\/\/uhfp.centre-inffo.fr\/2025\/regulation-du-marche-de-la-formation-comment-faire-mieux-avec-moins\/","url":"https:\/\/uhfp.centre-inffo.fr\/2025\/regulation-du-marche-de-la-formation-comment-faire-mieux-avec-moins\/","name":"R\u00e9gulation du march\u00e9 de la formation : comment faire mieux avec moins ? - 19e Universit\u00e9 d&#039;Hiver de la Formation Professionnelle","isPartOf":{"@id":"https:\/\/uhfp.centre-inffo.fr\/2025\/#website"},"datePublished":"2024-11-25T09:09:34+00:00","dateModified":"2025-01-20T13:00:09+00:00","breadcrumb":{"@id":"https:\/\/uhfp.centre-inffo.fr\/2025\/regulation-du-marche-de-la-formation-comment-faire-mieux-avec-moins\/#breadcrumb"},"inLanguage":"fr-FR","potentialAction":[{"@type":"ReadAction","target":["https:\/\/uhfp.centre-inffo.fr\/2025\/regulation-du-marche-de-la-formation-comment-faire-mieux-avec-moins\/"]}]},{"@type":"BreadcrumbList","@id":"https:\/\/uhfp.centre-inffo.fr\/2025\/regulation-du-marche-de-la-formation-comment-faire-mieux-avec-moins\/#breadcrumb","itemListElement":[{"@type":"ListItem","position":1,"name":"Accueil","item":"https:\/\/uhfp.centre-inffo.fr\/2025\/"},{"@type":"ListItem","position":2,"name":"Programme","item":"https:\/\/uhfp.centre-inffo.fr\/2025\/rubrique\/programme\/"},{"@type":"ListItem","position":3,"name":"Jeudi 23 janvier","item":"https:\/\/uhfp.centre-inffo.fr\/2025\/rubrique\/programme\/jeudi-23-janvier\/"},{"@type":"ListItem","position":4,"name":"R\u00e9gulation du march\u00e9 de la formation : comment faire mieux avec moins ?"}]},{"@type":"WebSite","@id":"https:\/\/uhfp.centre-inffo.fr\/2025\/#website","url":"https:\/\/uhfp.centre-inffo.fr\/2025\/","name":"19e Universit\u00e9 d'Hiver de la Formation Professionnelle","description":"Du 22 au 24 janvier 2025, au Palais des Festivals de Cannes","publisher":{"@id":"https:\/\/uhfp.centre-inffo.fr\/2025\/#organization"},"alternateName":"19e UHFP","potentialAction":[{"@type":"SearchAction","target":{"@type":"EntryPoint","urlTemplate":"https:\/\/uhfp.centre-inffo.fr\/2025\/?s={search_term_string}"},"query-input":"required name=search_term_string"}],"inLanguage":"fr-FR"},{"@type":"Organization","@id":"https:\/\/uhfp.centre-inffo.fr\/2025\/#organization","name":"Centre Inffo","url":"https:\/\/uhfp.centre-inffo.fr\/2025\/","logo":{"@type":"ImageObject","inLanguage":"fr-FR","@id":"https:\/\/uhfp.centre-inffo.fr\/2025\/#\/schema\/logo\/image\/","url":"https:\/\/uhfp.centre-inffo.fr\/2025\/wp-content\/uploads\/2024\/02\/logo-19e-uhfp.png","contentUrl":"https:\/\/uhfp.centre-inffo.fr\/2025\/wp-content\/uploads\/2024\/02\/logo-19e-uhfp.png","width":842,"height":595,"caption":"Centre Inffo"},"image":{"@id":"https:\/\/uhfp.centre-inffo.fr\/2025\/#\/schema\/logo\/image\/"},"sameAs":["https:\/\/www.facebook.com\/centreinffo","https:\/\/twitter.com\/centreinffo","https:\/\/www.linkedin.com\/company\/centre-inffo\/","https:\/\/www.youtube.com\/user\/centreinffo"]}]}},"_links":{"self":[{"href":"https:\/\/uhfp.centre-inffo.fr\/2025\/wp-json\/wp\/v2\/pages\/4629"}],"collection":[{"href":"https:\/\/uhfp.centre-inffo.fr\/2025\/wp-json\/wp\/v2\/pages"}],"about":[{"href":"https:\/\/uhfp.centre-inffo.fr\/2025\/wp-json\/wp\/v2\/types\/page"}],"author":[{"embeddable":true,"href":"https:\/\/uhfp.centre-inffo.fr\/2025\/wp-json\/wp\/v2\/users\/2"}],"replies":[{"embeddable":true,"href":"https:\/\/uhfp.centre-inffo.fr\/2025\/wp-json\/wp\/v2\/comments?post=4629"}],"version-history":[{"count":27,"href":"https:\/\/uhfp.centre-inffo.fr\/2025\/wp-json\/wp\/v2\/pages\/4629\/revisions"}],"predecessor-version":[{"id":8500,"href":"https:\/\/uhfp.centre-inffo.fr\/2025\/wp-json\/wp\/v2\/pages\/4629\/revisions\/8500"}],"wp:attachment":[{"href":"https:\/\/uhfp.centre-inffo.fr\/2025\/wp-json\/wp\/v2\/media?parent=4629"}],"wp:term":[{"taxonomy":"category","embeddable":true,"href":"https:\/\/uhfp.centre-inffo.fr\/2025\/wp-json\/wp\/v2\/categories?post=4629"},{"taxonomy":"post_tag","embeddable":true,"href":"https:\/\/uhfp.centre-inffo.fr\/2025\/wp-json\/wp\/v2\/tags?post=4629"}],"curies":[{"name":"wp","href":"https:\/\/api.w.org\/{rel}","templated":true}]}}