{"id":4635,"date":"2024-11-25T10:16:21","date_gmt":"2024-11-25T09:16:21","guid":{"rendered":"https:\/\/uhfp.centre-inffo.fr\/2025\/?page_id=4635"},"modified":"2025-01-22T11:29:48","modified_gmt":"2025-01-22T10:29:48","slug":"lemancipation-a-laune-des-solidarites-publiques","status":"publish","type":"page","link":"https:\/\/uhfp.centre-inffo.fr\/2025\/lemancipation-a-laune-des-solidarites-publiques\/","title":{"rendered":"Emancipation : l\u2019insertion \u00e0 l\u2019aune des solidarit\u00e9s publiques"},"content":{"rendered":"\n<hr class=\"wp-block-separator has-alpha-channel-opacity\"\/>\n\n\n\n<p>Lors de cette table ronde, seront pr\u00e9sent\u00e9s des strat\u00e9gies, dispositifs ou actions, publics ou parapublics, en faveur du d\u00e9veloppement des comp\u00e9tences des personnes les plus \u00e9loign\u00e9es de l\u2019emploi.<\/p>\n\n\n\n<h2 class=\"wp-block-heading\">Probl\u00e9matique<\/h2>\n\n\n\n<p>Les derni\u00e8res r\u00e9formes de la formation professionnelle ont port\u00e9 en grande partie sur la \u00ab bonne utilisation \u00bb des fonds publics, ou encore l\u2019individu acteur de son parcours. Cependant, la formation professionnelle c\u2019est aussi l\u2019acc\u00e8s \u00e0 la formation pour tous. L\u2019accompagnement des personnes rencontrant des difficult\u00e9s reste indispensable.<\/p>\n\n\n\n<p>Comment les acteurs publics ou parapublics permettent aux apprenants d&rsquo;acqu\u00e9rir les comp\u00e9tences n\u00e9cessaires tout au long de leur vie, les rendant ainsi aptes \u00e0 s\u2019adapter \u00e0 un monde en constante \u00e9volution ?<\/p>\n\n\n\n<p>Comment former des individus comp\u00e9tents, mais aussi des citoyens critiques et solidaires pour r\u00e9pondre aux d\u00e9fis du monde actuel ?<\/p>\n\n\n\n<h2 class=\"wp-block-heading\">Objectif<\/h2>\n\n\n\n<ul class=\"list-has-margin\">\n<li>Comprendre les enjeux et les types de solidarit\u00e9, illustr\u00e9s par des cas concrets d\u2019accompagnement<\/li>\n\n\n\n<li>Appr\u00e9hender les strat\u00e9gies et actions d\u00e9velopp\u00e9es par les acteurs publics ou parapublics, en fonction de la situation du b\u00e9n\u00e9ficiaire<\/li>\n\n\n\n<li>D\u00e9couvrir les strat\u00e9gies et actions \u00ab formation professionnelle \u00bb pour y r\u00e9pondre<\/li>\n<\/ul>\n\n\n\n<h2 class=\"wp-block-heading\">Interventions<\/h2>\n\n\n\n<ul class=\"list-has-margin\">\n<li><a href=\"https:\/\/uhfp.centre-inffo.fr\/2025\/emeraude-bensahnoun\/\">Emeraude Bensahnoun<\/a><br><em>Pour le r\u00e9seau APP,&nbsp;directrice de l&rsquo;ADEP&nbsp;(APP de Roubaix)<\/em><\/li>\n\n\n\n<li><a href=\"\/2025\/nelly-fesseau\/\">Nelly Fesseau<\/a><br><em>Directrice &#8211; Agence Erasmus+ France \u00c9ducation Formation<\/em><\/li>\n\n\n\n<li><a href=\"\/2025\/colonel-guillaume-larabi\/\">Colonel Guillaume Larabi<\/a><br><em>Chef d&rsquo;\u00e9tat-major &#8211; Service militaire adapt\u00e9 (SMA)<\/em><\/li>\n\n\n\n<li><a href=\"https:\/\/uhfp.centre-inffo.fr\/2025\/karine-nabenesa\/\">Karine Nab\u00e9n\u00e9sa<\/a><br><em>R\u00e9gions de France <\/em>&#8211; <em>Vice-pr\u00e9sidente en charge de la formation professionnelle &#8211; R\u00e9gion La R\u00e9union<\/em><\/li>\n\n\n\n<li><a href=\"https:\/\/uhfp.centre-inffo.fr\/2025\/linda-oulmane\/\">Linda Oulmane<\/a><br><em>Cheffe de projet professionnalisation et offre de formation linguistique &#8211; R\u00e9seau des Carif-Oref<\/em><\/li>\n<\/ul>\n\n\n\n<h2 class=\"wp-block-heading\">Animation<\/h2>\n\n\n\n<ul class=\"list-has-margin\">\n<li class=\"list-has-margin\"><a href=\"https:\/\/uhfp.centre-inffo.fr\/2025\/regis-roussel\/\">R\u00e9gis Roussel<\/a><br><em>Responsable du D\u00e9partement R\u00e9gions-Europe-International<\/em> <em>et du D\u00e9partement Documentation<\/em> &#8211; <em>Centre Inffo<\/em><\/li>\n<\/ul>\n","protected":false},"excerpt":{"rendered":"<p>Lors de cette table ronde, seront pr\u00e9sent\u00e9s des strat\u00e9gies, dispositifs ou actions, publics ou parapublics, en faveur du d\u00e9veloppement des comp\u00e9tences des personnes les plus \u00e9loign\u00e9es de l\u2019emploi. Probl\u00e9matique Les derni\u00e8res r\u00e9formes de la formation professionnelle ont port\u00e9 en grande partie sur la \u00ab bonne utilisation \u00bb des fonds publics, ou encore l\u2019individu acteur de &#8230; <a title=\"Emancipation : l\u2019insertion \u00e0 l\u2019aune des solidarit\u00e9s publiques\" class=\"read-more\" href=\"https:\/\/uhfp.centre-inffo.fr\/2025\/lemancipation-a-laune-des-solidarites-publiques\/\" aria-label=\"Read more about Emancipation : l\u2019insertion \u00e0 l\u2019aune des solidarit\u00e9s publiques\">Lire la suite<\/a><\/p>\n","protected":false},"author":2,"featured_media":0,"parent":0,"menu_order":0,"comment_status":"closed","ping_status":"closed","template":"","meta":{"_acf_changed":false,"footnotes":""},"categories":[12,6],"tags":[26],"acf":[],"yoast_head":"<!-- This site is optimized with the Yoast SEO plugin v22.4 - https:\/\/yoast.com\/wordpress\/plugins\/seo\/ -->\n<title>Emancipation : l\u2019insertion \u00e0 l\u2019aune des solidarit\u00e9s publiques - 19e Universit\u00e9 d&#039;Hiver de la Formation Professionnelle<\/title>\n<meta name=\"robots\" content=\"index, follow, max-snippet:-1, max-image-preview:large, max-video-preview:-1\" \/>\n<link rel=\"canonical\" href=\"https:\/\/uhfp.centre-inffo.fr\/2025\/lemancipation-a-laune-des-solidarites-publiques\/\" \/>\n<meta property=\"og:locale\" content=\"fr_FR\" \/>\n<meta property=\"og:type\" content=\"article\" \/>\n<meta property=\"og:title\" content=\"Emancipation : l\u2019insertion \u00e0 l\u2019aune des solidarit\u00e9s publiques - 19e Universit\u00e9 d&#039;Hiver de la Formation Professionnelle\" \/>\n<meta property=\"og:description\" content=\"Lors de cette table ronde, seront pr\u00e9sent\u00e9s des strat\u00e9gies, dispositifs ou actions, publics ou parapublics, en faveur du d\u00e9veloppement des comp\u00e9tences des personnes les plus \u00e9loign\u00e9es de l\u2019emploi. Probl\u00e9matique Les derni\u00e8res r\u00e9formes de la formation professionnelle ont port\u00e9 en grande partie sur la \u00ab bonne utilisation \u00bb des fonds publics, ou encore l\u2019individu acteur de ... Lire la suite\" \/>\n<meta property=\"og:url\" content=\"https:\/\/uhfp.centre-inffo.fr\/2025\/lemancipation-a-laune-des-solidarites-publiques\/\" \/>\n<meta property=\"og:site_name\" content=\"19e Universit\u00e9 d&#039;Hiver de la Formation Professionnelle\" \/>\n<meta property=\"article:publisher\" content=\"https:\/\/www.facebook.com\/centreinffo\" \/>\n<meta property=\"article:modified_time\" content=\"2025-01-22T10:29:48+00:00\" \/>\n<meta name=\"twitter:card\" content=\"summary_large_image\" \/>\n<meta name=\"twitter:site\" content=\"@centreinffo\" \/>\n<meta name=\"twitter:label1\" content=\"Dur\u00e9e de lecture estim\u00e9e\" \/>\n\t<meta name=\"twitter:data1\" content=\"2 minutes\" \/>\n<script type=\"application\/ld+json\" class=\"yoast-schema-graph\">{\"@context\":\"https:\/\/schema.org\",\"@graph\":[{\"@type\":\"WebPage\",\"@id\":\"https:\/\/uhfp.centre-inffo.fr\/2025\/lemancipation-a-laune-des-solidarites-publiques\/\",\"url\":\"https:\/\/uhfp.centre-inffo.fr\/2025\/lemancipation-a-laune-des-solidarites-publiques\/\",\"name\":\"Emancipation : l\u2019insertion \u00e0 l\u2019aune des solidarit\u00e9s publiques - 19e Universit\u00e9 d&#039;Hiver de la Formation Professionnelle\",\"isPartOf\":{\"@id\":\"https:\/\/uhfp.centre-inffo.fr\/2025\/#website\"},\"datePublished\":\"2024-11-25T09:16:21+00:00\",\"dateModified\":\"2025-01-22T10:29:48+00:00\",\"breadcrumb\":{\"@id\":\"https:\/\/uhfp.centre-inffo.fr\/2025\/lemancipation-a-laune-des-solidarites-publiques\/#breadcrumb\"},\"inLanguage\":\"fr-FR\",\"potentialAction\":[{\"@type\":\"ReadAction\",\"target\":[\"https:\/\/uhfp.centre-inffo.fr\/2025\/lemancipation-a-laune-des-solidarites-publiques\/\"]}]},{\"@type\":\"BreadcrumbList\",\"@id\":\"https:\/\/uhfp.centre-inffo.fr\/2025\/lemancipation-a-laune-des-solidarites-publiques\/#breadcrumb\",\"itemListElement\":[{\"@type\":\"ListItem\",\"position\":1,\"name\":\"Accueil\",\"item\":\"https:\/\/uhfp.centre-inffo.fr\/2025\/\"},{\"@type\":\"ListItem\",\"position\":2,\"name\":\"Programme\",\"item\":\"https:\/\/uhfp.centre-inffo.fr\/2025\/rubrique\/programme\/\"},{\"@type\":\"ListItem\",\"position\":3,\"name\":\"Jeudi 23 janvier\",\"item\":\"https:\/\/uhfp.centre-inffo.fr\/2025\/rubrique\/programme\/jeudi-23-janvier\/\"},{\"@type\":\"ListItem\",\"position\":4,\"name\":\"Emancipation : l\u2019insertion \u00e0 l\u2019aune des solidarit\u00e9s publiques\"}]},{\"@type\":\"WebSite\",\"@id\":\"https:\/\/uhfp.centre-inffo.fr\/2025\/#website\",\"url\":\"https:\/\/uhfp.centre-inffo.fr\/2025\/\",\"name\":\"19e Universit\u00e9 d'Hiver de la Formation Professionnelle\",\"description\":\"Du 22 au 24 janvier 2025, au Palais des Festivals de Cannes\",\"publisher\":{\"@id\":\"https:\/\/uhfp.centre-inffo.fr\/2025\/#organization\"},\"alternateName\":\"19e UHFP\",\"potentialAction\":[{\"@type\":\"SearchAction\",\"target\":{\"@type\":\"EntryPoint\",\"urlTemplate\":\"https:\/\/uhfp.centre-inffo.fr\/2025\/?s={search_term_string}\"},\"query-input\":\"required name=search_term_string\"}],\"inLanguage\":\"fr-FR\"},{\"@type\":\"Organization\",\"@id\":\"https:\/\/uhfp.centre-inffo.fr\/2025\/#organization\",\"name\":\"Centre Inffo\",\"url\":\"https:\/\/uhfp.centre-inffo.fr\/2025\/\",\"logo\":{\"@type\":\"ImageObject\",\"inLanguage\":\"fr-FR\",\"@id\":\"https:\/\/uhfp.centre-inffo.fr\/2025\/#\/schema\/logo\/image\/\",\"url\":\"https:\/\/uhfp.centre-inffo.fr\/2025\/wp-content\/uploads\/2024\/02\/logo-19e-uhfp.png\",\"contentUrl\":\"https:\/\/uhfp.centre-inffo.fr\/2025\/wp-content\/uploads\/2024\/02\/logo-19e-uhfp.png\",\"width\":842,\"height\":595,\"caption\":\"Centre Inffo\"},\"image\":{\"@id\":\"https:\/\/uhfp.centre-inffo.fr\/2025\/#\/schema\/logo\/image\/\"},\"sameAs\":[\"https:\/\/www.facebook.com\/centreinffo\",\"https:\/\/twitter.com\/centreinffo\",\"https:\/\/www.linkedin.com\/company\/centre-inffo\/\",\"https:\/\/www.youtube.com\/user\/centreinffo\"]}]}<\/script>\n<!-- \/ Yoast SEO plugin. -->","yoast_head_json":{"title":"Emancipation : l\u2019insertion \u00e0 l\u2019aune des solidarit\u00e9s publiques - 19e Universit\u00e9 d&#039;Hiver de la Formation Professionnelle","robots":{"index":"index","follow":"follow","max-snippet":"max-snippet:-1","max-image-preview":"max-image-preview:large","max-video-preview":"max-video-preview:-1"},"canonical":"https:\/\/uhfp.centre-inffo.fr\/2025\/lemancipation-a-laune-des-solidarites-publiques\/","og_locale":"fr_FR","og_type":"article","og_title":"Emancipation : l\u2019insertion \u00e0 l\u2019aune des solidarit\u00e9s publiques - 19e Universit\u00e9 d&#039;Hiver de la Formation Professionnelle","og_description":"Lors de cette table ronde, seront pr\u00e9sent\u00e9s des strat\u00e9gies, dispositifs ou actions, publics ou parapublics, en faveur du d\u00e9veloppement des comp\u00e9tences des personnes les plus \u00e9loign\u00e9es de l\u2019emploi. Probl\u00e9matique Les derni\u00e8res r\u00e9formes de la formation professionnelle ont port\u00e9 en grande partie sur la \u00ab bonne utilisation \u00bb des fonds publics, ou encore l\u2019individu acteur de ... Lire la suite","og_url":"https:\/\/uhfp.centre-inffo.fr\/2025\/lemancipation-a-laune-des-solidarites-publiques\/","og_site_name":"19e Universit\u00e9 d&#039;Hiver de la Formation Professionnelle","article_publisher":"https:\/\/www.facebook.com\/centreinffo","article_modified_time":"2025-01-22T10:29:48+00:00","twitter_card":"summary_large_image","twitter_site":"@centreinffo","twitter_misc":{"Dur\u00e9e de lecture estim\u00e9e":"2 minutes"},"schema":{"@context":"https:\/\/schema.org","@graph":[{"@type":"WebPage","@id":"https:\/\/uhfp.centre-inffo.fr\/2025\/lemancipation-a-laune-des-solidarites-publiques\/","url":"https:\/\/uhfp.centre-inffo.fr\/2025\/lemancipation-a-laune-des-solidarites-publiques\/","name":"Emancipation : l\u2019insertion \u00e0 l\u2019aune des solidarit\u00e9s publiques - 19e Universit\u00e9 d&#039;Hiver de la Formation Professionnelle","isPartOf":{"@id":"https:\/\/uhfp.centre-inffo.fr\/2025\/#website"},"datePublished":"2024-11-25T09:16:21+00:00","dateModified":"2025-01-22T10:29:48+00:00","breadcrumb":{"@id":"https:\/\/uhfp.centre-inffo.fr\/2025\/lemancipation-a-laune-des-solidarites-publiques\/#breadcrumb"},"inLanguage":"fr-FR","potentialAction":[{"@type":"ReadAction","target":["https:\/\/uhfp.centre-inffo.fr\/2025\/lemancipation-a-laune-des-solidarites-publiques\/"]}]},{"@type":"BreadcrumbList","@id":"https:\/\/uhfp.centre-inffo.fr\/2025\/lemancipation-a-laune-des-solidarites-publiques\/#breadcrumb","itemListElement":[{"@type":"ListItem","position":1,"name":"Accueil","item":"https:\/\/uhfp.centre-inffo.fr\/2025\/"},{"@type":"ListItem","position":2,"name":"Programme","item":"https:\/\/uhfp.centre-inffo.fr\/2025\/rubrique\/programme\/"},{"@type":"ListItem","position":3,"name":"Jeudi 23 janvier","item":"https:\/\/uhfp.centre-inffo.fr\/2025\/rubrique\/programme\/jeudi-23-janvier\/"},{"@type":"ListItem","position":4,"name":"Emancipation : l\u2019insertion \u00e0 l\u2019aune des solidarit\u00e9s publiques"}]},{"@type":"WebSite","@id":"https:\/\/uhfp.centre-inffo.fr\/2025\/#website","url":"https:\/\/uhfp.centre-inffo.fr\/2025\/","name":"19e Universit\u00e9 d'Hiver de la Formation Professionnelle","description":"Du 22 au 24 janvier 2025, au Palais des Festivals de Cannes","publisher":{"@id":"https:\/\/uhfp.centre-inffo.fr\/2025\/#organization"},"alternateName":"19e UHFP","potentialAction":[{"@type":"SearchAction","target":{"@type":"EntryPoint","urlTemplate":"https:\/\/uhfp.centre-inffo.fr\/2025\/?s={search_term_string}"},"query-input":"required name=search_term_string"}],"inLanguage":"fr-FR"},{"@type":"Organization","@id":"https:\/\/uhfp.centre-inffo.fr\/2025\/#organization","name":"Centre Inffo","url":"https:\/\/uhfp.centre-inffo.fr\/2025\/","logo":{"@type":"ImageObject","inLanguage":"fr-FR","@id":"https:\/\/uhfp.centre-inffo.fr\/2025\/#\/schema\/logo\/image\/","url":"https:\/\/uhfp.centre-inffo.fr\/2025\/wp-content\/uploads\/2024\/02\/logo-19e-uhfp.png","contentUrl":"https:\/\/uhfp.centre-inffo.fr\/2025\/wp-content\/uploads\/2024\/02\/logo-19e-uhfp.png","width":842,"height":595,"caption":"Centre Inffo"},"image":{"@id":"https:\/\/uhfp.centre-inffo.fr\/2025\/#\/schema\/logo\/image\/"},"sameAs":["https:\/\/www.facebook.com\/centreinffo","https:\/\/twitter.com\/centreinffo","https:\/\/www.linkedin.com\/company\/centre-inffo\/","https:\/\/www.youtube.com\/user\/centreinffo"]}]}},"_links":{"self":[{"href":"https:\/\/uhfp.centre-inffo.fr\/2025\/wp-json\/wp\/v2\/pages\/4635"}],"collection":[{"href":"https:\/\/uhfp.centre-inffo.fr\/2025\/wp-json\/wp\/v2\/pages"}],"about":[{"href":"https:\/\/uhfp.centre-inffo.fr\/2025\/wp-json\/wp\/v2\/types\/page"}],"author":[{"embeddable":true,"href":"https:\/\/uhfp.centre-inffo.fr\/2025\/wp-json\/wp\/v2\/users\/2"}],"replies":[{"embeddable":true,"href":"https:\/\/uhfp.centre-inffo.fr\/2025\/wp-json\/wp\/v2\/comments?post=4635"}],"version-history":[{"count":28,"href":"https:\/\/uhfp.centre-inffo.fr\/2025\/wp-json\/wp\/v2\/pages\/4635\/revisions"}],"predecessor-version":[{"id":8970,"href":"https:\/\/uhfp.centre-inffo.fr\/2025\/wp-json\/wp\/v2\/pages\/4635\/revisions\/8970"}],"wp:attachment":[{"href":"https:\/\/uhfp.centre-inffo.fr\/2025\/wp-json\/wp\/v2\/media?parent=4635"}],"wp:term":[{"taxonomy":"category","embeddable":true,"href":"https:\/\/uhfp.centre-inffo.fr\/2025\/wp-json\/wp\/v2\/categories?post=4635"},{"taxonomy":"post_tag","embeddable":true,"href":"https:\/\/uhfp.centre-inffo.fr\/2025\/wp-json\/wp\/v2\/tags?post=4635"}],"curies":[{"name":"wp","href":"https:\/\/api.w.org\/{rel}","templated":true}]}}