{"id":4665,"date":"2024-11-25T10:33:37","date_gmt":"2024-11-25T09:33:37","guid":{"rendered":"https:\/\/uhfp.centre-inffo.fr\/2025\/?page_id=4665"},"modified":"2025-01-16T17:53:17","modified_gmt":"2025-01-16T16:53:17","slug":"metiers-en-tension-competences-en-mutation-lingenierie-de-certification-en-reponse-aux-besoins-du-terrain","status":"publish","type":"page","link":"https:\/\/uhfp.centre-inffo.fr\/2025\/metiers-en-tension-competences-en-mutation-lingenierie-de-certification-en-reponse-aux-besoins-du-terrain\/","title":{"rendered":"M\u00e9tiers en tension, comp\u00e9tences en mutation : l&rsquo;ing\u00e9nierie de certification en r\u00e9ponse aux besoins du terrain"},"content":{"rendered":"\n<hr class=\"wp-block-separator has-alpha-channel-opacity\"\/>\n\n\n\n<h5 class=\"wp-block-heading\">\n<i class=\"fa-solid fa-user\" style=\"background-color: #fff;color: #aaa;border: 1px solid red;border-radius: 20px;padding: 6px 7px;\"><\/i>&nbsp;\nPartenaire &#8211; ANFA\n<\/h5>\n\n\n\n<p>Cet atelier est con\u00e7u pour explorer comment l&rsquo;ing\u00e9nierie de certification peut r\u00e9pondre avec agilit\u00e9 aux besoins du terrain dans un contexte de m\u00e9tiers en tension et de comp\u00e9tences en mutation. Les participants d\u00e9couvriront avec l\u2019ANFA des dispositifs concrets comme les Passerelles et les Certifications de Comp\u00e9tences Branche (CCB) \u00e0 travers des sc\u00e9narios, des d\u00e9monstrations et des activit\u00e9s interactives. Ils exploreront \u00e9galement les d\u00e9fis et solutions pour mettre en \u0153uvre ces dispositifs efficacement dans leurs entreprises.<\/p>\n\n\n\n<h2 class=\"wp-block-heading\">Objectif<\/h2>\n\n\n\n<p>Comprendre comment l&rsquo;ing\u00e9nierie de certification peut r\u00e9pondre avec agilit\u00e9 aux besoins en ressources humaines du terrain<\/p>\n\n\n\n<h2 class=\"wp-block-heading\">Interventions<\/h2>\n\n\n\n<ul class=\"list-has-margin\">\n<li><a href=\"\/2025\/angelique-fernier\/\">Ang\u00e9lique Fernier<\/a><br><em>Responsable du service Ing\u00e9nierie des certifications &#8211; ANFA<\/em><\/li>\n\n\n\n<li><a href=\"\/2025\/anne-gonon\/\">Anne Gonon<\/a><br><em>Responsable du service Communication et Promotion des m\u00e9tiers &#8211; ANFA<\/em><\/li>\n<\/ul>\n","protected":false},"excerpt":{"rendered":"<p>&nbsp; Partenaire &#8211; ANFA Cet atelier est con\u00e7u pour explorer comment l&rsquo;ing\u00e9nierie de certification peut r\u00e9pondre avec agilit\u00e9 aux besoins du terrain dans un contexte de m\u00e9tiers en tension et de comp\u00e9tences en mutation. Les participants d\u00e9couvriront avec l\u2019ANFA des dispositifs concrets comme les Passerelles et les Certifications de Comp\u00e9tences Branche (CCB) \u00e0 travers des &#8230; <a title=\"M\u00e9tiers en tension, comp\u00e9tences en mutation : l&rsquo;ing\u00e9nierie de certification en r\u00e9ponse aux besoins du terrain\" class=\"read-more\" href=\"https:\/\/uhfp.centre-inffo.fr\/2025\/metiers-en-tension-competences-en-mutation-lingenierie-de-certification-en-reponse-aux-besoins-du-terrain\/\" aria-label=\"Read more about M\u00e9tiers en tension, comp\u00e9tences en mutation : l&rsquo;ing\u00e9nierie de certification en r\u00e9ponse aux besoins du terrain\">Lire la suite<\/a><\/p>\n","protected":false},"author":2,"featured_media":0,"parent":0,"menu_order":0,"comment_status":"closed","ping_status":"closed","template":"","meta":{"_acf_changed":false,"footnotes":""},"categories":[12,6],"tags":[27],"acf":[],"yoast_head":"<!-- This site is optimized with the Yoast SEO plugin v22.4 - https:\/\/yoast.com\/wordpress\/plugins\/seo\/ -->\n<title>M\u00e9tiers en tension, comp\u00e9tences en mutation : l&#039;ing\u00e9nierie de certification en r\u00e9ponse aux besoins du terrain - 19e Universit\u00e9 d&#039;Hiver de la Formation Professionnelle<\/title>\n<meta name=\"robots\" content=\"index, follow, max-snippet:-1, max-image-preview:large, max-video-preview:-1\" \/>\n<link rel=\"canonical\" href=\"https:\/\/uhfp.centre-inffo.fr\/2025\/metiers-en-tension-competences-en-mutation-lingenierie-de-certification-en-reponse-aux-besoins-du-terrain\/\" \/>\n<meta property=\"og:locale\" content=\"fr_FR\" \/>\n<meta property=\"og:type\" content=\"article\" \/>\n<meta property=\"og:title\" content=\"M\u00e9tiers en tension, comp\u00e9tences en mutation : l&#039;ing\u00e9nierie de certification en r\u00e9ponse aux besoins du terrain - 19e Universit\u00e9 d&#039;Hiver de la Formation Professionnelle\" \/>\n<meta property=\"og:description\" content=\"&nbsp; Partenaire &#8211; ANFA Cet atelier est con\u00e7u pour explorer comment l&rsquo;ing\u00e9nierie de certification peut r\u00e9pondre avec agilit\u00e9 aux besoins du terrain dans un contexte de m\u00e9tiers en tension et de comp\u00e9tences en mutation. Les participants d\u00e9couvriront avec l\u2019ANFA des dispositifs concrets comme les Passerelles et les Certifications de Comp\u00e9tences Branche (CCB) \u00e0 travers des ... Lire la suite\" \/>\n<meta property=\"og:url\" content=\"https:\/\/uhfp.centre-inffo.fr\/2025\/metiers-en-tension-competences-en-mutation-lingenierie-de-certification-en-reponse-aux-besoins-du-terrain\/\" \/>\n<meta property=\"og:site_name\" content=\"19e Universit\u00e9 d&#039;Hiver de la Formation Professionnelle\" \/>\n<meta property=\"article:publisher\" content=\"https:\/\/www.facebook.com\/centreinffo\" \/>\n<meta property=\"article:modified_time\" content=\"2025-01-16T16:53:17+00:00\" \/>\n<meta name=\"twitter:card\" content=\"summary_large_image\" \/>\n<meta name=\"twitter:site\" content=\"@centreinffo\" \/>\n<meta name=\"twitter:label1\" content=\"Dur\u00e9e de lecture estim\u00e9e\" \/>\n\t<meta name=\"twitter:data1\" content=\"1 minute\" \/>\n<script type=\"application\/ld+json\" class=\"yoast-schema-graph\">{\"@context\":\"https:\/\/schema.org\",\"@graph\":[{\"@type\":\"WebPage\",\"@id\":\"https:\/\/uhfp.centre-inffo.fr\/2025\/metiers-en-tension-competences-en-mutation-lingenierie-de-certification-en-reponse-aux-besoins-du-terrain\/\",\"url\":\"https:\/\/uhfp.centre-inffo.fr\/2025\/metiers-en-tension-competences-en-mutation-lingenierie-de-certification-en-reponse-aux-besoins-du-terrain\/\",\"name\":\"M\u00e9tiers en tension, comp\u00e9tences en mutation : l'ing\u00e9nierie de certification en r\u00e9ponse aux besoins du terrain - 19e Universit\u00e9 d&#039;Hiver de la Formation Professionnelle\",\"isPartOf\":{\"@id\":\"https:\/\/uhfp.centre-inffo.fr\/2025\/#website\"},\"datePublished\":\"2024-11-25T09:33:37+00:00\",\"dateModified\":\"2025-01-16T16:53:17+00:00\",\"breadcrumb\":{\"@id\":\"https:\/\/uhfp.centre-inffo.fr\/2025\/metiers-en-tension-competences-en-mutation-lingenierie-de-certification-en-reponse-aux-besoins-du-terrain\/#breadcrumb\"},\"inLanguage\":\"fr-FR\",\"potentialAction\":[{\"@type\":\"ReadAction\",\"target\":[\"https:\/\/uhfp.centre-inffo.fr\/2025\/metiers-en-tension-competences-en-mutation-lingenierie-de-certification-en-reponse-aux-besoins-du-terrain\/\"]}]},{\"@type\":\"BreadcrumbList\",\"@id\":\"https:\/\/uhfp.centre-inffo.fr\/2025\/metiers-en-tension-competences-en-mutation-lingenierie-de-certification-en-reponse-aux-besoins-du-terrain\/#breadcrumb\",\"itemListElement\":[{\"@type\":\"ListItem\",\"position\":1,\"name\":\"Accueil\",\"item\":\"https:\/\/uhfp.centre-inffo.fr\/2025\/\"},{\"@type\":\"ListItem\",\"position\":2,\"name\":\"Programme\",\"item\":\"https:\/\/uhfp.centre-inffo.fr\/2025\/rubrique\/programme\/\"},{\"@type\":\"ListItem\",\"position\":3,\"name\":\"Jeudi 23 janvier\",\"item\":\"https:\/\/uhfp.centre-inffo.fr\/2025\/rubrique\/programme\/jeudi-23-janvier\/\"},{\"@type\":\"ListItem\",\"position\":4,\"name\":\"M\u00e9tiers en tension, comp\u00e9tences en mutation : l&rsquo;ing\u00e9nierie de certification en r\u00e9ponse aux besoins du terrain\"}]},{\"@type\":\"WebSite\",\"@id\":\"https:\/\/uhfp.centre-inffo.fr\/2025\/#website\",\"url\":\"https:\/\/uhfp.centre-inffo.fr\/2025\/\",\"name\":\"19e Universit\u00e9 d'Hiver de la Formation Professionnelle\",\"description\":\"Du 22 au 24 janvier 2025, au Palais des Festivals de Cannes\",\"publisher\":{\"@id\":\"https:\/\/uhfp.centre-inffo.fr\/2025\/#organization\"},\"alternateName\":\"19e UHFP\",\"potentialAction\":[{\"@type\":\"SearchAction\",\"target\":{\"@type\":\"EntryPoint\",\"urlTemplate\":\"https:\/\/uhfp.centre-inffo.fr\/2025\/?s={search_term_string}\"},\"query-input\":\"required name=search_term_string\"}],\"inLanguage\":\"fr-FR\"},{\"@type\":\"Organization\",\"@id\":\"https:\/\/uhfp.centre-inffo.fr\/2025\/#organization\",\"name\":\"Centre Inffo\",\"url\":\"https:\/\/uhfp.centre-inffo.fr\/2025\/\",\"logo\":{\"@type\":\"ImageObject\",\"inLanguage\":\"fr-FR\",\"@id\":\"https:\/\/uhfp.centre-inffo.fr\/2025\/#\/schema\/logo\/image\/\",\"url\":\"https:\/\/uhfp.centre-inffo.fr\/2025\/wp-content\/uploads\/2024\/02\/logo-19e-uhfp.png\",\"contentUrl\":\"https:\/\/uhfp.centre-inffo.fr\/2025\/wp-content\/uploads\/2024\/02\/logo-19e-uhfp.png\",\"width\":842,\"height\":595,\"caption\":\"Centre Inffo\"},\"image\":{\"@id\":\"https:\/\/uhfp.centre-inffo.fr\/2025\/#\/schema\/logo\/image\/\"},\"sameAs\":[\"https:\/\/www.facebook.com\/centreinffo\",\"https:\/\/twitter.com\/centreinffo\",\"https:\/\/www.linkedin.com\/company\/centre-inffo\/\",\"https:\/\/www.youtube.com\/user\/centreinffo\"]}]}<\/script>\n<!-- \/ Yoast SEO plugin. -->","yoast_head_json":{"title":"M\u00e9tiers en tension, comp\u00e9tences en mutation : l'ing\u00e9nierie de certification en r\u00e9ponse aux besoins du terrain - 19e Universit\u00e9 d&#039;Hiver de la Formation Professionnelle","robots":{"index":"index","follow":"follow","max-snippet":"max-snippet:-1","max-image-preview":"max-image-preview:large","max-video-preview":"max-video-preview:-1"},"canonical":"https:\/\/uhfp.centre-inffo.fr\/2025\/metiers-en-tension-competences-en-mutation-lingenierie-de-certification-en-reponse-aux-besoins-du-terrain\/","og_locale":"fr_FR","og_type":"article","og_title":"M\u00e9tiers en tension, comp\u00e9tences en mutation : l'ing\u00e9nierie de certification en r\u00e9ponse aux besoins du terrain - 19e Universit\u00e9 d&#039;Hiver de la Formation Professionnelle","og_description":"&nbsp; Partenaire &#8211; ANFA Cet atelier est con\u00e7u pour explorer comment l&rsquo;ing\u00e9nierie de certification peut r\u00e9pondre avec agilit\u00e9 aux besoins du terrain dans un contexte de m\u00e9tiers en tension et de comp\u00e9tences en mutation. Les participants d\u00e9couvriront avec l\u2019ANFA des dispositifs concrets comme les Passerelles et les Certifications de Comp\u00e9tences Branche (CCB) \u00e0 travers des ... Lire la suite","og_url":"https:\/\/uhfp.centre-inffo.fr\/2025\/metiers-en-tension-competences-en-mutation-lingenierie-de-certification-en-reponse-aux-besoins-du-terrain\/","og_site_name":"19e Universit\u00e9 d&#039;Hiver de la Formation Professionnelle","article_publisher":"https:\/\/www.facebook.com\/centreinffo","article_modified_time":"2025-01-16T16:53:17+00:00","twitter_card":"summary_large_image","twitter_site":"@centreinffo","twitter_misc":{"Dur\u00e9e de lecture estim\u00e9e":"1 minute"},"schema":{"@context":"https:\/\/schema.org","@graph":[{"@type":"WebPage","@id":"https:\/\/uhfp.centre-inffo.fr\/2025\/metiers-en-tension-competences-en-mutation-lingenierie-de-certification-en-reponse-aux-besoins-du-terrain\/","url":"https:\/\/uhfp.centre-inffo.fr\/2025\/metiers-en-tension-competences-en-mutation-lingenierie-de-certification-en-reponse-aux-besoins-du-terrain\/","name":"M\u00e9tiers en tension, comp\u00e9tences en mutation : l'ing\u00e9nierie de certification en r\u00e9ponse aux besoins du terrain - 19e Universit\u00e9 d&#039;Hiver de la Formation Professionnelle","isPartOf":{"@id":"https:\/\/uhfp.centre-inffo.fr\/2025\/#website"},"datePublished":"2024-11-25T09:33:37+00:00","dateModified":"2025-01-16T16:53:17+00:00","breadcrumb":{"@id":"https:\/\/uhfp.centre-inffo.fr\/2025\/metiers-en-tension-competences-en-mutation-lingenierie-de-certification-en-reponse-aux-besoins-du-terrain\/#breadcrumb"},"inLanguage":"fr-FR","potentialAction":[{"@type":"ReadAction","target":["https:\/\/uhfp.centre-inffo.fr\/2025\/metiers-en-tension-competences-en-mutation-lingenierie-de-certification-en-reponse-aux-besoins-du-terrain\/"]}]},{"@type":"BreadcrumbList","@id":"https:\/\/uhfp.centre-inffo.fr\/2025\/metiers-en-tension-competences-en-mutation-lingenierie-de-certification-en-reponse-aux-besoins-du-terrain\/#breadcrumb","itemListElement":[{"@type":"ListItem","position":1,"name":"Accueil","item":"https:\/\/uhfp.centre-inffo.fr\/2025\/"},{"@type":"ListItem","position":2,"name":"Programme","item":"https:\/\/uhfp.centre-inffo.fr\/2025\/rubrique\/programme\/"},{"@type":"ListItem","position":3,"name":"Jeudi 23 janvier","item":"https:\/\/uhfp.centre-inffo.fr\/2025\/rubrique\/programme\/jeudi-23-janvier\/"},{"@type":"ListItem","position":4,"name":"M\u00e9tiers en tension, comp\u00e9tences en mutation : l&rsquo;ing\u00e9nierie de certification en r\u00e9ponse aux besoins du terrain"}]},{"@type":"WebSite","@id":"https:\/\/uhfp.centre-inffo.fr\/2025\/#website","url":"https:\/\/uhfp.centre-inffo.fr\/2025\/","name":"19e Universit\u00e9 d'Hiver de la Formation Professionnelle","description":"Du 22 au 24 janvier 2025, au Palais des Festivals de Cannes","publisher":{"@id":"https:\/\/uhfp.centre-inffo.fr\/2025\/#organization"},"alternateName":"19e UHFP","potentialAction":[{"@type":"SearchAction","target":{"@type":"EntryPoint","urlTemplate":"https:\/\/uhfp.centre-inffo.fr\/2025\/?s={search_term_string}"},"query-input":"required name=search_term_string"}],"inLanguage":"fr-FR"},{"@type":"Organization","@id":"https:\/\/uhfp.centre-inffo.fr\/2025\/#organization","name":"Centre Inffo","url":"https:\/\/uhfp.centre-inffo.fr\/2025\/","logo":{"@type":"ImageObject","inLanguage":"fr-FR","@id":"https:\/\/uhfp.centre-inffo.fr\/2025\/#\/schema\/logo\/image\/","url":"https:\/\/uhfp.centre-inffo.fr\/2025\/wp-content\/uploads\/2024\/02\/logo-19e-uhfp.png","contentUrl":"https:\/\/uhfp.centre-inffo.fr\/2025\/wp-content\/uploads\/2024\/02\/logo-19e-uhfp.png","width":842,"height":595,"caption":"Centre Inffo"},"image":{"@id":"https:\/\/uhfp.centre-inffo.fr\/2025\/#\/schema\/logo\/image\/"},"sameAs":["https:\/\/www.facebook.com\/centreinffo","https:\/\/twitter.com\/centreinffo","https:\/\/www.linkedin.com\/company\/centre-inffo\/","https:\/\/www.youtube.com\/user\/centreinffo"]}]}},"_links":{"self":[{"href":"https:\/\/uhfp.centre-inffo.fr\/2025\/wp-json\/wp\/v2\/pages\/4665"}],"collection":[{"href":"https:\/\/uhfp.centre-inffo.fr\/2025\/wp-json\/wp\/v2\/pages"}],"about":[{"href":"https:\/\/uhfp.centre-inffo.fr\/2025\/wp-json\/wp\/v2\/types\/page"}],"author":[{"embeddable":true,"href":"https:\/\/uhfp.centre-inffo.fr\/2025\/wp-json\/wp\/v2\/users\/2"}],"replies":[{"embeddable":true,"href":"https:\/\/uhfp.centre-inffo.fr\/2025\/wp-json\/wp\/v2\/comments?post=4665"}],"version-history":[{"count":8,"href":"https:\/\/uhfp.centre-inffo.fr\/2025\/wp-json\/wp\/v2\/pages\/4665\/revisions"}],"predecessor-version":[{"id":8190,"href":"https:\/\/uhfp.centre-inffo.fr\/2025\/wp-json\/wp\/v2\/pages\/4665\/revisions\/8190"}],"wp:attachment":[{"href":"https:\/\/uhfp.centre-inffo.fr\/2025\/wp-json\/wp\/v2\/media?parent=4665"}],"wp:term":[{"taxonomy":"category","embeddable":true,"href":"https:\/\/uhfp.centre-inffo.fr\/2025\/wp-json\/wp\/v2\/categories?post=4665"},{"taxonomy":"post_tag","embeddable":true,"href":"https:\/\/uhfp.centre-inffo.fr\/2025\/wp-json\/wp\/v2\/tags?post=4665"}],"curies":[{"name":"wp","href":"https:\/\/api.w.org\/{rel}","templated":true}]}}