{"id":4694,"date":"2024-11-25T11:02:02","date_gmt":"2024-11-25T10:02:02","guid":{"rendered":"https:\/\/uhfp.centre-inffo.fr\/2025\/?page_id=4694"},"modified":"2025-01-29T10:23:15","modified_gmt":"2025-01-29T09:23:15","slug":"unconference-centre-inffo","status":"publish","type":"page","link":"https:\/\/uhfp.centre-inffo.fr\/2025\/unconference-centre-inffo\/","title":{"rendered":"Unconference &#8211; Centre Inffo"},"content":{"rendered":"\n<p><\/p>\n\n\n\n<hr class=\"wp-block-separator has-alpha-channel-opacity\"\/>\n\n\n\n<div class=\"wp-block-buttons is-content-justification-center is-layout-flex wp-container-core-buttons-is-layout-1 wp-block-buttons-is-layout-flex\">\n<div class=\"wp-block-button\"><a class=\"wp-block-button__link wp-element-button\" href=\"https:\/\/uhfp.centre-inffo.fr\/2025\/wp-content\/uploads\/2025\/01\/B26-support-presentation.pdf\">T\u00e9l\u00e9charger le support de pr\u00e9sentation<\/a><\/div>\n<\/div>\n\n\n\n<p>Sans th\u00e8me annonc\u00e9 \u00e0 l\u2019avance, sans relation sachant-non sachant, la unconference (ou no-conference ou forum ouvert) est une s\u00e9quence fond\u00e9e sur l\u2019engagement actif des participants. Un principe de discussion ouverte permet aux participants d\u2019\u00e9laborer ensemble le programme en temps r\u00e9el et de d\u00e9finir la ou les th\u00e9matiques de la formation professionnelle qu\u2019ils souhaitent traiter.<\/p>\n\n\n\n<p>Gr\u00e2ce \u00e0 une m\u00e9thode d\u2019animation rigoureuse, les participants proposent des sujets, les choisissent, les discutent, les confrontent et en exposent les conclusions au groupe entier.<\/p>\n\n\n\n<p>La unconf\u00e9rence explore des marges, d\u00e9busque des sujets inattendus : elle fait \u00e9merger des probl\u00e9matiques professionnelles telles qu\u2019elles sont v\u00e9cues par les personnes et ouvre de nouvelles perspectives pour les traiter. Elle permet d\u2019enclencher une r\u00e9flexion collective o\u00f9 chacun peut \u00eatre entendu et proposer des avanc\u00e9es. En ce sens, elle s\u2019av\u00e8re d\u00e9clencheur de nouvelles initiatives, de nouveaux projets entre les participants, d\u2019exp\u00e9rimentations, de livres blancs, de plaidoyers\u2026 qui peuvent se poursuivre apr\u00e8s l\u2019Universit\u00e9 d\u2019hiver !<\/p>\n\n\n\n<p>Pour toutes celles et ceux qui souhaitent exp\u00e9rimenter (ou vivre \u00e0 nouveau) un moment d\u2019intelligence collective et de discussions ouvertes qui stimulent l\u2019\u00e9change d\u2019id\u00e9es !<\/p>\n\n\n\n<h2 class=\"wp-block-heading\">Animation<\/h2>\n\n\n\n<ul class=\"list-has-margin\">\n<li><a href=\"https:\/\/uhfp.centre-inffo.fr\/2025\/vincent-joseph\/\">Vincent Joseph<\/a><br><em>Consultant projets europ\u00e9ens et internationaux &#8211; Centre Inffo<\/em><\/li>\n\n\n\n<li><a href=\"https:\/\/uhfp.centre-inffo.fr\/2025\/gaell-mainguy\/\">Ga\u00ebll Mainguy<\/a><br>D<em>irecteur g\u00e9n\u00e9ral&nbsp;adjoint  &#8211; Learning Planet Institute<\/em><\/li>\n\n\n\n<li><a href=\"https:\/\/uhfp.centre-inffo.fr\/2025\/alice-vielajus\/\">Alice Vielajus<\/a><br><em>Consultante en ing\u00e9nierie et politiques de formation &#8211; Centre Inffo<\/em><\/li>\n<\/ul>\n","protected":false},"excerpt":{"rendered":"<p>Sans th\u00e8me annonc\u00e9 \u00e0 l\u2019avance, sans relation sachant-non sachant, la unconference (ou no-conference ou forum ouvert) est une s\u00e9quence fond\u00e9e sur l\u2019engagement actif des participants. Un principe de discussion ouverte permet aux participants d\u2019\u00e9laborer ensemble le programme en temps r\u00e9el et de d\u00e9finir la ou les th\u00e9matiques de la formation professionnelle qu\u2019ils souhaitent traiter. Gr\u00e2ce &#8230; <a title=\"Unconference &#8211; Centre Inffo\" class=\"read-more\" href=\"https:\/\/uhfp.centre-inffo.fr\/2025\/unconference-centre-inffo\/\" aria-label=\"Read more about Unconference &#8211; Centre Inffo\">Lire la suite<\/a><\/p>\n","protected":false},"author":2,"featured_media":0,"parent":0,"menu_order":0,"comment_status":"closed","ping_status":"closed","template":"","meta":{"_acf_changed":false,"footnotes":""},"categories":[12,6],"tags":[26],"acf":[],"yoast_head":"<!-- This site is optimized with the Yoast SEO plugin v22.4 - https:\/\/yoast.com\/wordpress\/plugins\/seo\/ -->\n<title>Unconference - Centre Inffo - 19e Universit\u00e9 d&#039;Hiver de la Formation Professionnelle<\/title>\n<meta name=\"robots\" content=\"index, follow, max-snippet:-1, max-image-preview:large, max-video-preview:-1\" \/>\n<link rel=\"canonical\" href=\"https:\/\/uhfp.centre-inffo.fr\/2025\/unconference-centre-inffo\/\" \/>\n<meta property=\"og:locale\" content=\"fr_FR\" \/>\n<meta property=\"og:type\" content=\"article\" \/>\n<meta property=\"og:title\" content=\"Unconference - Centre Inffo - 19e Universit\u00e9 d&#039;Hiver de la Formation Professionnelle\" \/>\n<meta property=\"og:description\" content=\"Sans th\u00e8me annonc\u00e9 \u00e0 l\u2019avance, sans relation sachant-non sachant, la unconference (ou no-conference ou forum ouvert) est une s\u00e9quence fond\u00e9e sur l\u2019engagement actif des participants. Un principe de discussion ouverte permet aux participants d\u2019\u00e9laborer ensemble le programme en temps r\u00e9el et de d\u00e9finir la ou les th\u00e9matiques de la formation professionnelle qu\u2019ils souhaitent traiter. Gr\u00e2ce ... Lire la suite\" \/>\n<meta property=\"og:url\" content=\"https:\/\/uhfp.centre-inffo.fr\/2025\/unconference-centre-inffo\/\" \/>\n<meta property=\"og:site_name\" content=\"19e Universit\u00e9 d&#039;Hiver de la Formation Professionnelle\" \/>\n<meta property=\"article:publisher\" content=\"https:\/\/www.facebook.com\/centreinffo\" \/>\n<meta property=\"article:modified_time\" content=\"2025-01-29T09:23:15+00:00\" \/>\n<meta name=\"twitter:card\" content=\"summary_large_image\" \/>\n<meta name=\"twitter:site\" content=\"@centreinffo\" \/>\n<meta name=\"twitter:label1\" content=\"Dur\u00e9e de lecture estim\u00e9e\" \/>\n\t<meta name=\"twitter:data1\" content=\"2 minutes\" \/>\n<script type=\"application\/ld+json\" class=\"yoast-schema-graph\">{\"@context\":\"https:\/\/schema.org\",\"@graph\":[{\"@type\":\"WebPage\",\"@id\":\"https:\/\/uhfp.centre-inffo.fr\/2025\/unconference-centre-inffo\/\",\"url\":\"https:\/\/uhfp.centre-inffo.fr\/2025\/unconference-centre-inffo\/\",\"name\":\"Unconference - Centre Inffo - 19e Universit\u00e9 d&#039;Hiver de la Formation Professionnelle\",\"isPartOf\":{\"@id\":\"https:\/\/uhfp.centre-inffo.fr\/2025\/#website\"},\"datePublished\":\"2024-11-25T10:02:02+00:00\",\"dateModified\":\"2025-01-29T09:23:15+00:00\",\"breadcrumb\":{\"@id\":\"https:\/\/uhfp.centre-inffo.fr\/2025\/unconference-centre-inffo\/#breadcrumb\"},\"inLanguage\":\"fr-FR\",\"potentialAction\":[{\"@type\":\"ReadAction\",\"target\":[\"https:\/\/uhfp.centre-inffo.fr\/2025\/unconference-centre-inffo\/\"]}]},{\"@type\":\"BreadcrumbList\",\"@id\":\"https:\/\/uhfp.centre-inffo.fr\/2025\/unconference-centre-inffo\/#breadcrumb\",\"itemListElement\":[{\"@type\":\"ListItem\",\"position\":1,\"name\":\"Accueil\",\"item\":\"https:\/\/uhfp.centre-inffo.fr\/2025\/\"},{\"@type\":\"ListItem\",\"position\":2,\"name\":\"Programme\",\"item\":\"https:\/\/uhfp.centre-inffo.fr\/2025\/rubrique\/programme\/\"},{\"@type\":\"ListItem\",\"position\":3,\"name\":\"Jeudi 23 janvier\",\"item\":\"https:\/\/uhfp.centre-inffo.fr\/2025\/rubrique\/programme\/jeudi-23-janvier\/\"},{\"@type\":\"ListItem\",\"position\":4,\"name\":\"Unconference &#8211; Centre Inffo\"}]},{\"@type\":\"WebSite\",\"@id\":\"https:\/\/uhfp.centre-inffo.fr\/2025\/#website\",\"url\":\"https:\/\/uhfp.centre-inffo.fr\/2025\/\",\"name\":\"19e Universit\u00e9 d'Hiver de la Formation Professionnelle\",\"description\":\"Du 22 au 24 janvier 2025, au Palais des Festivals de Cannes\",\"publisher\":{\"@id\":\"https:\/\/uhfp.centre-inffo.fr\/2025\/#organization\"},\"alternateName\":\"19e UHFP\",\"potentialAction\":[{\"@type\":\"SearchAction\",\"target\":{\"@type\":\"EntryPoint\",\"urlTemplate\":\"https:\/\/uhfp.centre-inffo.fr\/2025\/?s={search_term_string}\"},\"query-input\":\"required name=search_term_string\"}],\"inLanguage\":\"fr-FR\"},{\"@type\":\"Organization\",\"@id\":\"https:\/\/uhfp.centre-inffo.fr\/2025\/#organization\",\"name\":\"Centre Inffo\",\"url\":\"https:\/\/uhfp.centre-inffo.fr\/2025\/\",\"logo\":{\"@type\":\"ImageObject\",\"inLanguage\":\"fr-FR\",\"@id\":\"https:\/\/uhfp.centre-inffo.fr\/2025\/#\/schema\/logo\/image\/\",\"url\":\"https:\/\/uhfp.centre-inffo.fr\/2025\/wp-content\/uploads\/2024\/02\/logo-19e-uhfp.png\",\"contentUrl\":\"https:\/\/uhfp.centre-inffo.fr\/2025\/wp-content\/uploads\/2024\/02\/logo-19e-uhfp.png\",\"width\":842,\"height\":595,\"caption\":\"Centre Inffo\"},\"image\":{\"@id\":\"https:\/\/uhfp.centre-inffo.fr\/2025\/#\/schema\/logo\/image\/\"},\"sameAs\":[\"https:\/\/www.facebook.com\/centreinffo\",\"https:\/\/twitter.com\/centreinffo\",\"https:\/\/www.linkedin.com\/company\/centre-inffo\/\",\"https:\/\/www.youtube.com\/user\/centreinffo\"]}]}<\/script>\n<!-- \/ Yoast SEO plugin. -->","yoast_head_json":{"title":"Unconference - Centre Inffo - 19e Universit\u00e9 d&#039;Hiver de la Formation Professionnelle","robots":{"index":"index","follow":"follow","max-snippet":"max-snippet:-1","max-image-preview":"max-image-preview:large","max-video-preview":"max-video-preview:-1"},"canonical":"https:\/\/uhfp.centre-inffo.fr\/2025\/unconference-centre-inffo\/","og_locale":"fr_FR","og_type":"article","og_title":"Unconference - Centre Inffo - 19e Universit\u00e9 d&#039;Hiver de la Formation Professionnelle","og_description":"Sans th\u00e8me annonc\u00e9 \u00e0 l\u2019avance, sans relation sachant-non sachant, la unconference (ou no-conference ou forum ouvert) est une s\u00e9quence fond\u00e9e sur l\u2019engagement actif des participants. Un principe de discussion ouverte permet aux participants d\u2019\u00e9laborer ensemble le programme en temps r\u00e9el et de d\u00e9finir la ou les th\u00e9matiques de la formation professionnelle qu\u2019ils souhaitent traiter. Gr\u00e2ce ... Lire la suite","og_url":"https:\/\/uhfp.centre-inffo.fr\/2025\/unconference-centre-inffo\/","og_site_name":"19e Universit\u00e9 d&#039;Hiver de la Formation Professionnelle","article_publisher":"https:\/\/www.facebook.com\/centreinffo","article_modified_time":"2025-01-29T09:23:15+00:00","twitter_card":"summary_large_image","twitter_site":"@centreinffo","twitter_misc":{"Dur\u00e9e de lecture estim\u00e9e":"2 minutes"},"schema":{"@context":"https:\/\/schema.org","@graph":[{"@type":"WebPage","@id":"https:\/\/uhfp.centre-inffo.fr\/2025\/unconference-centre-inffo\/","url":"https:\/\/uhfp.centre-inffo.fr\/2025\/unconference-centre-inffo\/","name":"Unconference - Centre Inffo - 19e Universit\u00e9 d&#039;Hiver de la Formation Professionnelle","isPartOf":{"@id":"https:\/\/uhfp.centre-inffo.fr\/2025\/#website"},"datePublished":"2024-11-25T10:02:02+00:00","dateModified":"2025-01-29T09:23:15+00:00","breadcrumb":{"@id":"https:\/\/uhfp.centre-inffo.fr\/2025\/unconference-centre-inffo\/#breadcrumb"},"inLanguage":"fr-FR","potentialAction":[{"@type":"ReadAction","target":["https:\/\/uhfp.centre-inffo.fr\/2025\/unconference-centre-inffo\/"]}]},{"@type":"BreadcrumbList","@id":"https:\/\/uhfp.centre-inffo.fr\/2025\/unconference-centre-inffo\/#breadcrumb","itemListElement":[{"@type":"ListItem","position":1,"name":"Accueil","item":"https:\/\/uhfp.centre-inffo.fr\/2025\/"},{"@type":"ListItem","position":2,"name":"Programme","item":"https:\/\/uhfp.centre-inffo.fr\/2025\/rubrique\/programme\/"},{"@type":"ListItem","position":3,"name":"Jeudi 23 janvier","item":"https:\/\/uhfp.centre-inffo.fr\/2025\/rubrique\/programme\/jeudi-23-janvier\/"},{"@type":"ListItem","position":4,"name":"Unconference &#8211; Centre Inffo"}]},{"@type":"WebSite","@id":"https:\/\/uhfp.centre-inffo.fr\/2025\/#website","url":"https:\/\/uhfp.centre-inffo.fr\/2025\/","name":"19e Universit\u00e9 d'Hiver de la Formation Professionnelle","description":"Du 22 au 24 janvier 2025, au Palais des Festivals de Cannes","publisher":{"@id":"https:\/\/uhfp.centre-inffo.fr\/2025\/#organization"},"alternateName":"19e UHFP","potentialAction":[{"@type":"SearchAction","target":{"@type":"EntryPoint","urlTemplate":"https:\/\/uhfp.centre-inffo.fr\/2025\/?s={search_term_string}"},"query-input":"required name=search_term_string"}],"inLanguage":"fr-FR"},{"@type":"Organization","@id":"https:\/\/uhfp.centre-inffo.fr\/2025\/#organization","name":"Centre Inffo","url":"https:\/\/uhfp.centre-inffo.fr\/2025\/","logo":{"@type":"ImageObject","inLanguage":"fr-FR","@id":"https:\/\/uhfp.centre-inffo.fr\/2025\/#\/schema\/logo\/image\/","url":"https:\/\/uhfp.centre-inffo.fr\/2025\/wp-content\/uploads\/2024\/02\/logo-19e-uhfp.png","contentUrl":"https:\/\/uhfp.centre-inffo.fr\/2025\/wp-content\/uploads\/2024\/02\/logo-19e-uhfp.png","width":842,"height":595,"caption":"Centre Inffo"},"image":{"@id":"https:\/\/uhfp.centre-inffo.fr\/2025\/#\/schema\/logo\/image\/"},"sameAs":["https:\/\/www.facebook.com\/centreinffo","https:\/\/twitter.com\/centreinffo","https:\/\/www.linkedin.com\/company\/centre-inffo\/","https:\/\/www.youtube.com\/user\/centreinffo"]}]}},"_links":{"self":[{"href":"https:\/\/uhfp.centre-inffo.fr\/2025\/wp-json\/wp\/v2\/pages\/4694"}],"collection":[{"href":"https:\/\/uhfp.centre-inffo.fr\/2025\/wp-json\/wp\/v2\/pages"}],"about":[{"href":"https:\/\/uhfp.centre-inffo.fr\/2025\/wp-json\/wp\/v2\/types\/page"}],"author":[{"embeddable":true,"href":"https:\/\/uhfp.centre-inffo.fr\/2025\/wp-json\/wp\/v2\/users\/2"}],"replies":[{"embeddable":true,"href":"https:\/\/uhfp.centre-inffo.fr\/2025\/wp-json\/wp\/v2\/comments?post=4694"}],"version-history":[{"count":14,"href":"https:\/\/uhfp.centre-inffo.fr\/2025\/wp-json\/wp\/v2\/pages\/4694\/revisions"}],"predecessor-version":[{"id":9128,"href":"https:\/\/uhfp.centre-inffo.fr\/2025\/wp-json\/wp\/v2\/pages\/4694\/revisions\/9128"}],"wp:attachment":[{"href":"https:\/\/uhfp.centre-inffo.fr\/2025\/wp-json\/wp\/v2\/media?parent=4694"}],"wp:term":[{"taxonomy":"category","embeddable":true,"href":"https:\/\/uhfp.centre-inffo.fr\/2025\/wp-json\/wp\/v2\/categories?post=4694"},{"taxonomy":"post_tag","embeddable":true,"href":"https:\/\/uhfp.centre-inffo.fr\/2025\/wp-json\/wp\/v2\/tags?post=4694"}],"curies":[{"name":"wp","href":"https:\/\/api.w.org\/{rel}","templated":true}]}}