{"id":4706,"date":"2024-11-25T11:25:29","date_gmt":"2024-11-25T10:25:29","guid":{"rendered":"https:\/\/uhfp.centre-inffo.fr\/2025\/?page_id=4706"},"modified":"2025-01-20T15:22:02","modified_gmt":"2025-01-20T14:22:02","slug":"competences-strategiques-et-souverainete-des-territoires","status":"publish","type":"page","link":"https:\/\/uhfp.centre-inffo.fr\/2025\/competences-strategiques-et-souverainete-des-territoires\/","title":{"rendered":"Comp\u00e9tences strat\u00e9giques et souverainet\u00e9 des territoires\u00a0"},"content":{"rendered":"\n<hr class=\"wp-block-separator has-alpha-channel-opacity\"\/>\n\n\n\n<p>Lors de cette table ronde seront pr\u00e9sent\u00e9es les strat\u00e9gies et actions d\u00e9velopp\u00e9es en mati\u00e8re de formation professionnelle pour r\u00e9pondre aux enjeux de souverainet\u00e9.<\/p>\n\n\n\n<h2 class=\"wp-block-heading\">Probl\u00e9matique<\/h2>\n\n\n\n<p>Au regard des grandes \u00e9volutions de l\u2019\u00e9conomie mondiale, quelles sont les strat\u00e9gies publiques des territoires pour d\u00e9fendre leur souverainet\u00e9 (industrielle, agricole, alimentaire, mais aussi des datas, etc.) ?<\/p>\n\n\n\n<p>Quelles sont les grandes priorit\u00e9s \u00e0 chaque \u00e9chelon territorial, pour r\u00e9pondre \u00e0 quelles comp\u00e9tences indispensables ? Comment les d\u00e9terminer et les prioriser ?<\/p>\n\n\n\n<p>Comment les politiques de formation et d\u2019emploi doivent ou peuvent y r\u00e9pondre ?<\/p>\n\n\n\n<h2 class=\"wp-block-heading\">Objectif<\/h2>\n\n\n\n<ul class=\"list-has-margin\">\n<li>Comprendre les enjeux et les types de souverainet\u00e9<\/li>\n\n\n\n<li>Appr\u00e9hender les strat\u00e9gies et actions \u00ab formation professionnelle \u00bb pour y r\u00e9pondre<\/li>\n\n\n\n<li>Identifier ces strat\u00e9gies et dispositifs \u00e0 chaque \u00e9chelon territorial<\/li>\n<\/ul>\n\n\n\n<h2 class=\"wp-block-heading\">Interventions<\/h2>\n\n\n\n<ul class=\"list-has-margin\">\n<li><a href=\"https:\/\/uhfp.centre-inffo.fr\/2025\/herve-huot-marchand\/\">Herv\u00e9 Huot-Marchand<\/a><br><em>Chef de la Section pour la Jeunesse, l&rsquo;Alphab\u00e9tisation et le D\u00e9veloppment des Comp\u00e9tences &#8211; UNESCO<\/em><\/li>\n\n\n\n<li>Pierre Loa\u00ebc<br><em>Chef de la Repr\u00e9sentation r\u00e9gionale de la Commission europ\u00e9enne<\/em><\/li>\n\n\n\n<li><a href=\"https:\/\/uhfp.centre-inffo.fr\/2025\/etienne-martin\/\">Etienne Martin<\/a><br><em>DGA Formation professionnelle et apprentissage par int\u00e9rim &#8211; R\u00e9gion Ile-de-France<\/em><\/li>\n\n\n\n<li><a href=\"https:\/\/uhfp.centre-inffo.fr\/2025\/herve-proksch\/\">Herv\u00e9 Proksch<\/a><br><em>Pr\u00e9sident &#8211; OCAPIAT <\/em><\/li>\n\n\n\n<li><a href=\"https:\/\/uhfp.centre-inffo.fr\/2025\/aline-valette-wursthen\/\">Aline Valette-Wursthen<\/a><br><em>Coordinatrice de l&rsquo;animation des observatoires de branches &#8211; France comp\u00e9tences<\/em><\/li>\n<\/ul>\n\n\n\n<h2 class=\"wp-block-heading\">Animation<\/h2>\n\n\n\n<ul>\n<li><a href=\"https:\/\/uhfp.centre-inffo.fr\/2025\/fabien-claire\/\">Fabien Claire<\/a><br><em>Directeur g\u00e9n\u00e9ral associ\u00e9, directeur de la r\u00e9daction \u2013 News Tank RH<\/em><\/li>\n<\/ul>\n","protected":false},"excerpt":{"rendered":"<p>Lors de cette table ronde seront pr\u00e9sent\u00e9es les strat\u00e9gies et actions d\u00e9velopp\u00e9es en mati\u00e8re de formation professionnelle pour r\u00e9pondre aux enjeux de souverainet\u00e9. Probl\u00e9matique Au regard des grandes \u00e9volutions de l\u2019\u00e9conomie mondiale, quelles sont les strat\u00e9gies publiques des territoires pour d\u00e9fendre leur souverainet\u00e9 (industrielle, agricole, alimentaire, mais aussi des datas, etc.) ? Quelles sont les &#8230; <a title=\"Comp\u00e9tences strat\u00e9giques et souverainet\u00e9 des territoires\u00a0\" class=\"read-more\" href=\"https:\/\/uhfp.centre-inffo.fr\/2025\/competences-strategiques-et-souverainete-des-territoires\/\" aria-label=\"Read more about Comp\u00e9tences strat\u00e9giques et souverainet\u00e9 des territoires\u00a0\">Lire la suite<\/a><\/p>\n","protected":false},"author":2,"featured_media":0,"parent":0,"menu_order":0,"comment_status":"closed","ping_status":"closed","template":"","meta":{"_acf_changed":false,"footnotes":""},"categories":[12,6],"tags":[26],"acf":[],"yoast_head":"<!-- This site is optimized with the Yoast SEO plugin v22.4 - https:\/\/yoast.com\/wordpress\/plugins\/seo\/ -->\n<title>Comp\u00e9tences strat\u00e9giques et souverainet\u00e9 des territoires\u00a0 - 19e Universit\u00e9 d&#039;Hiver de la Formation Professionnelle<\/title>\n<meta name=\"robots\" content=\"index, follow, max-snippet:-1, max-image-preview:large, max-video-preview:-1\" \/>\n<link rel=\"canonical\" href=\"https:\/\/uhfp.centre-inffo.fr\/2025\/competences-strategiques-et-souverainete-des-territoires\/\" \/>\n<meta property=\"og:locale\" content=\"fr_FR\" \/>\n<meta property=\"og:type\" content=\"article\" \/>\n<meta property=\"og:title\" content=\"Comp\u00e9tences strat\u00e9giques et souverainet\u00e9 des territoires\u00a0 - 19e Universit\u00e9 d&#039;Hiver de la Formation Professionnelle\" \/>\n<meta property=\"og:description\" content=\"Lors de cette table ronde seront pr\u00e9sent\u00e9es les strat\u00e9gies et actions d\u00e9velopp\u00e9es en mati\u00e8re de formation professionnelle pour r\u00e9pondre aux enjeux de souverainet\u00e9. Probl\u00e9matique Au regard des grandes \u00e9volutions de l\u2019\u00e9conomie mondiale, quelles sont les strat\u00e9gies publiques des territoires pour d\u00e9fendre leur souverainet\u00e9 (industrielle, agricole, alimentaire, mais aussi des datas, etc.) ? Quelles sont les ... Lire la suite\" \/>\n<meta property=\"og:url\" content=\"https:\/\/uhfp.centre-inffo.fr\/2025\/competences-strategiques-et-souverainete-des-territoires\/\" \/>\n<meta property=\"og:site_name\" content=\"19e Universit\u00e9 d&#039;Hiver de la Formation Professionnelle\" \/>\n<meta property=\"article:publisher\" content=\"https:\/\/www.facebook.com\/centreinffo\" \/>\n<meta property=\"article:modified_time\" content=\"2025-01-20T14:22:02+00:00\" \/>\n<meta name=\"twitter:card\" content=\"summary_large_image\" \/>\n<meta name=\"twitter:site\" content=\"@centreinffo\" \/>\n<meta name=\"twitter:label1\" content=\"Dur\u00e9e de lecture estim\u00e9e\" \/>\n\t<meta name=\"twitter:data1\" content=\"1 minute\" \/>\n<script type=\"application\/ld+json\" class=\"yoast-schema-graph\">{\"@context\":\"https:\/\/schema.org\",\"@graph\":[{\"@type\":\"WebPage\",\"@id\":\"https:\/\/uhfp.centre-inffo.fr\/2025\/competences-strategiques-et-souverainete-des-territoires\/\",\"url\":\"https:\/\/uhfp.centre-inffo.fr\/2025\/competences-strategiques-et-souverainete-des-territoires\/\",\"name\":\"Comp\u00e9tences strat\u00e9giques et souverainet\u00e9 des territoires\u00a0 - 19e Universit\u00e9 d&#039;Hiver de la Formation Professionnelle\",\"isPartOf\":{\"@id\":\"https:\/\/uhfp.centre-inffo.fr\/2025\/#website\"},\"datePublished\":\"2024-11-25T10:25:29+00:00\",\"dateModified\":\"2025-01-20T14:22:02+00:00\",\"breadcrumb\":{\"@id\":\"https:\/\/uhfp.centre-inffo.fr\/2025\/competences-strategiques-et-souverainete-des-territoires\/#breadcrumb\"},\"inLanguage\":\"fr-FR\",\"potentialAction\":[{\"@type\":\"ReadAction\",\"target\":[\"https:\/\/uhfp.centre-inffo.fr\/2025\/competences-strategiques-et-souverainete-des-territoires\/\"]}]},{\"@type\":\"BreadcrumbList\",\"@id\":\"https:\/\/uhfp.centre-inffo.fr\/2025\/competences-strategiques-et-souverainete-des-territoires\/#breadcrumb\",\"itemListElement\":[{\"@type\":\"ListItem\",\"position\":1,\"name\":\"Accueil\",\"item\":\"https:\/\/uhfp.centre-inffo.fr\/2025\/\"},{\"@type\":\"ListItem\",\"position\":2,\"name\":\"Programme\",\"item\":\"https:\/\/uhfp.centre-inffo.fr\/2025\/rubrique\/programme\/\"},{\"@type\":\"ListItem\",\"position\":3,\"name\":\"Jeudi 23 janvier\",\"item\":\"https:\/\/uhfp.centre-inffo.fr\/2025\/rubrique\/programme\/jeudi-23-janvier\/\"},{\"@type\":\"ListItem\",\"position\":4,\"name\":\"Comp\u00e9tences strat\u00e9giques et souverainet\u00e9 des territoires\u00a0\"}]},{\"@type\":\"WebSite\",\"@id\":\"https:\/\/uhfp.centre-inffo.fr\/2025\/#website\",\"url\":\"https:\/\/uhfp.centre-inffo.fr\/2025\/\",\"name\":\"19e Universit\u00e9 d'Hiver de la Formation Professionnelle\",\"description\":\"Du 22 au 24 janvier 2025, au Palais des Festivals de Cannes\",\"publisher\":{\"@id\":\"https:\/\/uhfp.centre-inffo.fr\/2025\/#organization\"},\"alternateName\":\"19e UHFP\",\"potentialAction\":[{\"@type\":\"SearchAction\",\"target\":{\"@type\":\"EntryPoint\",\"urlTemplate\":\"https:\/\/uhfp.centre-inffo.fr\/2025\/?s={search_term_string}\"},\"query-input\":\"required name=search_term_string\"}],\"inLanguage\":\"fr-FR\"},{\"@type\":\"Organization\",\"@id\":\"https:\/\/uhfp.centre-inffo.fr\/2025\/#organization\",\"name\":\"Centre Inffo\",\"url\":\"https:\/\/uhfp.centre-inffo.fr\/2025\/\",\"logo\":{\"@type\":\"ImageObject\",\"inLanguage\":\"fr-FR\",\"@id\":\"https:\/\/uhfp.centre-inffo.fr\/2025\/#\/schema\/logo\/image\/\",\"url\":\"https:\/\/uhfp.centre-inffo.fr\/2025\/wp-content\/uploads\/2024\/02\/logo-19e-uhfp.png\",\"contentUrl\":\"https:\/\/uhfp.centre-inffo.fr\/2025\/wp-content\/uploads\/2024\/02\/logo-19e-uhfp.png\",\"width\":842,\"height\":595,\"caption\":\"Centre Inffo\"},\"image\":{\"@id\":\"https:\/\/uhfp.centre-inffo.fr\/2025\/#\/schema\/logo\/image\/\"},\"sameAs\":[\"https:\/\/www.facebook.com\/centreinffo\",\"https:\/\/twitter.com\/centreinffo\",\"https:\/\/www.linkedin.com\/company\/centre-inffo\/\",\"https:\/\/www.youtube.com\/user\/centreinffo\"]}]}<\/script>\n<!-- \/ Yoast SEO plugin. -->","yoast_head_json":{"title":"Comp\u00e9tences strat\u00e9giques et souverainet\u00e9 des territoires\u00a0 - 19e Universit\u00e9 d&#039;Hiver de la Formation Professionnelle","robots":{"index":"index","follow":"follow","max-snippet":"max-snippet:-1","max-image-preview":"max-image-preview:large","max-video-preview":"max-video-preview:-1"},"canonical":"https:\/\/uhfp.centre-inffo.fr\/2025\/competences-strategiques-et-souverainete-des-territoires\/","og_locale":"fr_FR","og_type":"article","og_title":"Comp\u00e9tences strat\u00e9giques et souverainet\u00e9 des territoires\u00a0 - 19e Universit\u00e9 d&#039;Hiver de la Formation Professionnelle","og_description":"Lors de cette table ronde seront pr\u00e9sent\u00e9es les strat\u00e9gies et actions d\u00e9velopp\u00e9es en mati\u00e8re de formation professionnelle pour r\u00e9pondre aux enjeux de souverainet\u00e9. Probl\u00e9matique Au regard des grandes \u00e9volutions de l\u2019\u00e9conomie mondiale, quelles sont les strat\u00e9gies publiques des territoires pour d\u00e9fendre leur souverainet\u00e9 (industrielle, agricole, alimentaire, mais aussi des datas, etc.) ? Quelles sont les ... Lire la suite","og_url":"https:\/\/uhfp.centre-inffo.fr\/2025\/competences-strategiques-et-souverainete-des-territoires\/","og_site_name":"19e Universit\u00e9 d&#039;Hiver de la Formation Professionnelle","article_publisher":"https:\/\/www.facebook.com\/centreinffo","article_modified_time":"2025-01-20T14:22:02+00:00","twitter_card":"summary_large_image","twitter_site":"@centreinffo","twitter_misc":{"Dur\u00e9e de lecture estim\u00e9e":"1 minute"},"schema":{"@context":"https:\/\/schema.org","@graph":[{"@type":"WebPage","@id":"https:\/\/uhfp.centre-inffo.fr\/2025\/competences-strategiques-et-souverainete-des-territoires\/","url":"https:\/\/uhfp.centre-inffo.fr\/2025\/competences-strategiques-et-souverainete-des-territoires\/","name":"Comp\u00e9tences strat\u00e9giques et souverainet\u00e9 des territoires\u00a0 - 19e Universit\u00e9 d&#039;Hiver de la Formation Professionnelle","isPartOf":{"@id":"https:\/\/uhfp.centre-inffo.fr\/2025\/#website"},"datePublished":"2024-11-25T10:25:29+00:00","dateModified":"2025-01-20T14:22:02+00:00","breadcrumb":{"@id":"https:\/\/uhfp.centre-inffo.fr\/2025\/competences-strategiques-et-souverainete-des-territoires\/#breadcrumb"},"inLanguage":"fr-FR","potentialAction":[{"@type":"ReadAction","target":["https:\/\/uhfp.centre-inffo.fr\/2025\/competences-strategiques-et-souverainete-des-territoires\/"]}]},{"@type":"BreadcrumbList","@id":"https:\/\/uhfp.centre-inffo.fr\/2025\/competences-strategiques-et-souverainete-des-territoires\/#breadcrumb","itemListElement":[{"@type":"ListItem","position":1,"name":"Accueil","item":"https:\/\/uhfp.centre-inffo.fr\/2025\/"},{"@type":"ListItem","position":2,"name":"Programme","item":"https:\/\/uhfp.centre-inffo.fr\/2025\/rubrique\/programme\/"},{"@type":"ListItem","position":3,"name":"Jeudi 23 janvier","item":"https:\/\/uhfp.centre-inffo.fr\/2025\/rubrique\/programme\/jeudi-23-janvier\/"},{"@type":"ListItem","position":4,"name":"Comp\u00e9tences strat\u00e9giques et souverainet\u00e9 des territoires\u00a0"}]},{"@type":"WebSite","@id":"https:\/\/uhfp.centre-inffo.fr\/2025\/#website","url":"https:\/\/uhfp.centre-inffo.fr\/2025\/","name":"19e Universit\u00e9 d'Hiver de la Formation Professionnelle","description":"Du 22 au 24 janvier 2025, au Palais des Festivals de Cannes","publisher":{"@id":"https:\/\/uhfp.centre-inffo.fr\/2025\/#organization"},"alternateName":"19e UHFP","potentialAction":[{"@type":"SearchAction","target":{"@type":"EntryPoint","urlTemplate":"https:\/\/uhfp.centre-inffo.fr\/2025\/?s={search_term_string}"},"query-input":"required name=search_term_string"}],"inLanguage":"fr-FR"},{"@type":"Organization","@id":"https:\/\/uhfp.centre-inffo.fr\/2025\/#organization","name":"Centre Inffo","url":"https:\/\/uhfp.centre-inffo.fr\/2025\/","logo":{"@type":"ImageObject","inLanguage":"fr-FR","@id":"https:\/\/uhfp.centre-inffo.fr\/2025\/#\/schema\/logo\/image\/","url":"https:\/\/uhfp.centre-inffo.fr\/2025\/wp-content\/uploads\/2024\/02\/logo-19e-uhfp.png","contentUrl":"https:\/\/uhfp.centre-inffo.fr\/2025\/wp-content\/uploads\/2024\/02\/logo-19e-uhfp.png","width":842,"height":595,"caption":"Centre Inffo"},"image":{"@id":"https:\/\/uhfp.centre-inffo.fr\/2025\/#\/schema\/logo\/image\/"},"sameAs":["https:\/\/www.facebook.com\/centreinffo","https:\/\/twitter.com\/centreinffo","https:\/\/www.linkedin.com\/company\/centre-inffo\/","https:\/\/www.youtube.com\/user\/centreinffo"]}]}},"_links":{"self":[{"href":"https:\/\/uhfp.centre-inffo.fr\/2025\/wp-json\/wp\/v2\/pages\/4706"}],"collection":[{"href":"https:\/\/uhfp.centre-inffo.fr\/2025\/wp-json\/wp\/v2\/pages"}],"about":[{"href":"https:\/\/uhfp.centre-inffo.fr\/2025\/wp-json\/wp\/v2\/types\/page"}],"author":[{"embeddable":true,"href":"https:\/\/uhfp.centre-inffo.fr\/2025\/wp-json\/wp\/v2\/users\/2"}],"replies":[{"embeddable":true,"href":"https:\/\/uhfp.centre-inffo.fr\/2025\/wp-json\/wp\/v2\/comments?post=4706"}],"version-history":[{"count":15,"href":"https:\/\/uhfp.centre-inffo.fr\/2025\/wp-json\/wp\/v2\/pages\/4706\/revisions"}],"predecessor-version":[{"id":8589,"href":"https:\/\/uhfp.centre-inffo.fr\/2025\/wp-json\/wp\/v2\/pages\/4706\/revisions\/8589"}],"wp:attachment":[{"href":"https:\/\/uhfp.centre-inffo.fr\/2025\/wp-json\/wp\/v2\/media?parent=4706"}],"wp:term":[{"taxonomy":"category","embeddable":true,"href":"https:\/\/uhfp.centre-inffo.fr\/2025\/wp-json\/wp\/v2\/categories?post=4706"},{"taxonomy":"post_tag","embeddable":true,"href":"https:\/\/uhfp.centre-inffo.fr\/2025\/wp-json\/wp\/v2\/tags?post=4706"}],"curies":[{"name":"wp","href":"https:\/\/api.w.org\/{rel}","templated":true}]}}