{"id":4746,"date":"2024-11-25T13:10:13","date_gmt":"2024-11-25T12:10:13","guid":{"rendered":"https:\/\/uhfp.centre-inffo.fr\/2025\/?page_id=4746"},"modified":"2025-01-22T09:29:12","modified_gmt":"2025-01-22T08:29:12","slug":"les-nouvelles-formes-de-travail-et-la-formation-font-elles-bon-menage","status":"publish","type":"page","link":"https:\/\/uhfp.centre-inffo.fr\/2025\/les-nouvelles-formes-de-travail-et-la-formation-font-elles-bon-menage\/","title":{"rendered":"Les nouvelles formes de travail et la formation font-elles bon m\u00e9nage ?"},"content":{"rendered":"\n<hr class=\"wp-block-separator has-alpha-channel-opacity\"\/>\n\n\n\n<p>Slashing, co-working, freelancing, nomadisme, ub\u00e9risation, semaine de 4 jours, les nouvelles formes de travail t\u00e9moignent de l\u2019\u00e9volution du march\u00e9 de l\u2019emploi et de la transformation de notre rapport au travail. Port\u00e9es par un demande sociale haussi\u00e8re, elles repr\u00e9sentent un enjeu d\u2019adaptation tant pour les politiques publiques que pour les entreprises, en termes d\u2019engagement de responsabilit\u00e9 sociale.<\/p>\n\n\n\n<p>La table ronde fera le point sur ces questions et interrogera l\u2019impact de ces \u00e9volutions sur le secteur et l\u2019offre de formation.<\/p>\n\n\n\n<ul class=\"list-has-margin\">\n<li>Quelle remise en cause de notre rapport au travail ?<\/li>\n\n\n\n<li>Quelles initiatives de politique sociale ?<\/li>\n\n\n\n<li>Quelles nouvelles m\u00e9triques de cr\u00e9ation de valeur ?<\/li>\n\n\n\n<li>Quels nouveaux m\u00e9tiers\/comp\u00e9tences pour accompagner ces transformations ?<\/li>\n\n\n\n<li>Quels nouveaux modes de pilotage et de management ?<\/li>\n\n\n\n<li>Quelles adaptations du secteur de la formation \u00e0 ces tendances en d\u00e9veloppement ?<\/li>\n<\/ul>\n\n\n\n<h2 class=\"wp-block-heading\">Objectifs<\/h2>\n\n\n\n<ul class=\"list-has-margin\">\n<li>Connaitre les transformations \u00e0 l\u2019\u0153uvre du march\u00e9 de l\u2019emploi<\/li>\n\n\n\n<li>Identifier leurs impacts sur le secteur et l\u2019offre de formation<\/li>\n<\/ul>\n\n\n\n<h2 class=\"wp-block-heading\">Interventions<\/h2>\n\n\n\n<ul class=\"list-has-margin\">\n<li><a href=\"https:\/\/uhfp.centre-inffo.fr\/2025\/david-cluzeau\/\">David Cluzeau<\/a><br><em>D\u00e9l\u00e9gu\u00e9 g\u00e9n\u00e9ral &#8211; Synofdes<\/em><\/li>\n\n\n\n<li><a href=\"https:\/\/uhfp.centre-inffo.fr\/2025\/kristel-lambolez\/\">Kristel Lambolez<\/a><br><em>Pr\u00e9sidente &#8211; Ever Raimondi Conseil et Strat\u00e9gies<\/em><\/li>\n\n\n\n<li><a href=\"\/2025\/tatevit-ozararat\/\">Tat\u00e9vik Ozararat<\/a><br><em>VP Ressources Humaines \u2013 Keller Williams Massena<\/em><\/li>\n<\/ul>\n\n\n\n<h2 class=\"wp-block-heading\">Animation<\/h2>\n\n\n\n<ul class=\"list-has-margin\">\n<li><a href=\"https:\/\/uhfp.centre-inffo.fr\/2025\/kristel-lambolez\/\">Kristel Lambolez<\/a><br><em>Pr\u00e9sidente &#8211; Ever Raimondi Conseil et Strat\u00e9gies<\/em><\/li>\n<\/ul>\n","protected":false},"excerpt":{"rendered":"<p>Slashing, co-working, freelancing, nomadisme, ub\u00e9risation, semaine de 4 jours, les nouvelles formes de travail t\u00e9moignent de l\u2019\u00e9volution du march\u00e9 de l\u2019emploi et de la transformation de notre rapport au travail. Port\u00e9es par un demande sociale haussi\u00e8re, elles repr\u00e9sentent un enjeu d\u2019adaptation tant pour les politiques publiques que pour les entreprises, en termes d\u2019engagement de responsabilit\u00e9 &#8230; <a title=\"Les nouvelles formes de travail et la formation font-elles bon m\u00e9nage ?\" class=\"read-more\" href=\"https:\/\/uhfp.centre-inffo.fr\/2025\/les-nouvelles-formes-de-travail-et-la-formation-font-elles-bon-menage\/\" aria-label=\"Read more about Les nouvelles formes de travail et la formation font-elles bon m\u00e9nage ?\">Lire la suite<\/a><\/p>\n","protected":false},"author":2,"featured_media":0,"parent":0,"menu_order":0,"comment_status":"closed","ping_status":"closed","template":"","meta":{"_acf_changed":false,"footnotes":""},"categories":[12,6],"tags":[27],"acf":[],"yoast_head":"<!-- This site is optimized with the Yoast SEO plugin v22.4 - https:\/\/yoast.com\/wordpress\/plugins\/seo\/ -->\n<title>Les nouvelles formes de travail et la formation font-elles bon m\u00e9nage ? - 19e Universit\u00e9 d&#039;Hiver de la Formation Professionnelle<\/title>\n<meta name=\"robots\" content=\"index, follow, max-snippet:-1, max-image-preview:large, max-video-preview:-1\" \/>\n<link rel=\"canonical\" href=\"https:\/\/uhfp.centre-inffo.fr\/2025\/les-nouvelles-formes-de-travail-et-la-formation-font-elles-bon-menage\/\" \/>\n<meta property=\"og:locale\" content=\"fr_FR\" \/>\n<meta property=\"og:type\" content=\"article\" \/>\n<meta property=\"og:title\" content=\"Les nouvelles formes de travail et la formation font-elles bon m\u00e9nage ? - 19e Universit\u00e9 d&#039;Hiver de la Formation Professionnelle\" \/>\n<meta property=\"og:description\" content=\"Slashing, co-working, freelancing, nomadisme, ub\u00e9risation, semaine de 4 jours, les nouvelles formes de travail t\u00e9moignent de l\u2019\u00e9volution du march\u00e9 de l\u2019emploi et de la transformation de notre rapport au travail. Port\u00e9es par un demande sociale haussi\u00e8re, elles repr\u00e9sentent un enjeu d\u2019adaptation tant pour les politiques publiques que pour les entreprises, en termes d\u2019engagement de responsabilit\u00e9 ... Lire la suite\" \/>\n<meta property=\"og:url\" content=\"https:\/\/uhfp.centre-inffo.fr\/2025\/les-nouvelles-formes-de-travail-et-la-formation-font-elles-bon-menage\/\" \/>\n<meta property=\"og:site_name\" content=\"19e Universit\u00e9 d&#039;Hiver de la Formation Professionnelle\" \/>\n<meta property=\"article:publisher\" content=\"https:\/\/www.facebook.com\/centreinffo\" \/>\n<meta property=\"article:modified_time\" content=\"2025-01-22T08:29:12+00:00\" \/>\n<meta name=\"twitter:card\" content=\"summary_large_image\" \/>\n<meta name=\"twitter:site\" content=\"@centreinffo\" \/>\n<meta name=\"twitter:label1\" content=\"Dur\u00e9e de lecture estim\u00e9e\" \/>\n\t<meta name=\"twitter:data1\" content=\"1 minute\" \/>\n<script type=\"application\/ld+json\" class=\"yoast-schema-graph\">{\"@context\":\"https:\/\/schema.org\",\"@graph\":[{\"@type\":\"WebPage\",\"@id\":\"https:\/\/uhfp.centre-inffo.fr\/2025\/les-nouvelles-formes-de-travail-et-la-formation-font-elles-bon-menage\/\",\"url\":\"https:\/\/uhfp.centre-inffo.fr\/2025\/les-nouvelles-formes-de-travail-et-la-formation-font-elles-bon-menage\/\",\"name\":\"Les nouvelles formes de travail et la formation font-elles bon m\u00e9nage ? - 19e Universit\u00e9 d&#039;Hiver de la Formation Professionnelle\",\"isPartOf\":{\"@id\":\"https:\/\/uhfp.centre-inffo.fr\/2025\/#website\"},\"datePublished\":\"2024-11-25T12:10:13+00:00\",\"dateModified\":\"2025-01-22T08:29:12+00:00\",\"breadcrumb\":{\"@id\":\"https:\/\/uhfp.centre-inffo.fr\/2025\/les-nouvelles-formes-de-travail-et-la-formation-font-elles-bon-menage\/#breadcrumb\"},\"inLanguage\":\"fr-FR\",\"potentialAction\":[{\"@type\":\"ReadAction\",\"target\":[\"https:\/\/uhfp.centre-inffo.fr\/2025\/les-nouvelles-formes-de-travail-et-la-formation-font-elles-bon-menage\/\"]}]},{\"@type\":\"BreadcrumbList\",\"@id\":\"https:\/\/uhfp.centre-inffo.fr\/2025\/les-nouvelles-formes-de-travail-et-la-formation-font-elles-bon-menage\/#breadcrumb\",\"itemListElement\":[{\"@type\":\"ListItem\",\"position\":1,\"name\":\"Accueil\",\"item\":\"https:\/\/uhfp.centre-inffo.fr\/2025\/\"},{\"@type\":\"ListItem\",\"position\":2,\"name\":\"Programme\",\"item\":\"https:\/\/uhfp.centre-inffo.fr\/2025\/rubrique\/programme\/\"},{\"@type\":\"ListItem\",\"position\":3,\"name\":\"Jeudi 23 janvier\",\"item\":\"https:\/\/uhfp.centre-inffo.fr\/2025\/rubrique\/programme\/jeudi-23-janvier\/\"},{\"@type\":\"ListItem\",\"position\":4,\"name\":\"Les nouvelles formes de travail et la formation font-elles bon m\u00e9nage ?\"}]},{\"@type\":\"WebSite\",\"@id\":\"https:\/\/uhfp.centre-inffo.fr\/2025\/#website\",\"url\":\"https:\/\/uhfp.centre-inffo.fr\/2025\/\",\"name\":\"19e Universit\u00e9 d'Hiver de la Formation Professionnelle\",\"description\":\"Du 22 au 24 janvier 2025, au Palais des Festivals de Cannes\",\"publisher\":{\"@id\":\"https:\/\/uhfp.centre-inffo.fr\/2025\/#organization\"},\"alternateName\":\"19e UHFP\",\"potentialAction\":[{\"@type\":\"SearchAction\",\"target\":{\"@type\":\"EntryPoint\",\"urlTemplate\":\"https:\/\/uhfp.centre-inffo.fr\/2025\/?s={search_term_string}\"},\"query-input\":\"required name=search_term_string\"}],\"inLanguage\":\"fr-FR\"},{\"@type\":\"Organization\",\"@id\":\"https:\/\/uhfp.centre-inffo.fr\/2025\/#organization\",\"name\":\"Centre Inffo\",\"url\":\"https:\/\/uhfp.centre-inffo.fr\/2025\/\",\"logo\":{\"@type\":\"ImageObject\",\"inLanguage\":\"fr-FR\",\"@id\":\"https:\/\/uhfp.centre-inffo.fr\/2025\/#\/schema\/logo\/image\/\",\"url\":\"https:\/\/uhfp.centre-inffo.fr\/2025\/wp-content\/uploads\/2024\/02\/logo-19e-uhfp.png\",\"contentUrl\":\"https:\/\/uhfp.centre-inffo.fr\/2025\/wp-content\/uploads\/2024\/02\/logo-19e-uhfp.png\",\"width\":842,\"height\":595,\"caption\":\"Centre Inffo\"},\"image\":{\"@id\":\"https:\/\/uhfp.centre-inffo.fr\/2025\/#\/schema\/logo\/image\/\"},\"sameAs\":[\"https:\/\/www.facebook.com\/centreinffo\",\"https:\/\/twitter.com\/centreinffo\",\"https:\/\/www.linkedin.com\/company\/centre-inffo\/\",\"https:\/\/www.youtube.com\/user\/centreinffo\"]}]}<\/script>\n<!-- \/ Yoast SEO plugin. -->","yoast_head_json":{"title":"Les nouvelles formes de travail et la formation font-elles bon m\u00e9nage ? - 19e Universit\u00e9 d&#039;Hiver de la Formation Professionnelle","robots":{"index":"index","follow":"follow","max-snippet":"max-snippet:-1","max-image-preview":"max-image-preview:large","max-video-preview":"max-video-preview:-1"},"canonical":"https:\/\/uhfp.centre-inffo.fr\/2025\/les-nouvelles-formes-de-travail-et-la-formation-font-elles-bon-menage\/","og_locale":"fr_FR","og_type":"article","og_title":"Les nouvelles formes de travail et la formation font-elles bon m\u00e9nage ? - 19e Universit\u00e9 d&#039;Hiver de la Formation Professionnelle","og_description":"Slashing, co-working, freelancing, nomadisme, ub\u00e9risation, semaine de 4 jours, les nouvelles formes de travail t\u00e9moignent de l\u2019\u00e9volution du march\u00e9 de l\u2019emploi et de la transformation de notre rapport au travail. Port\u00e9es par un demande sociale haussi\u00e8re, elles repr\u00e9sentent un enjeu d\u2019adaptation tant pour les politiques publiques que pour les entreprises, en termes d\u2019engagement de responsabilit\u00e9 ... Lire la suite","og_url":"https:\/\/uhfp.centre-inffo.fr\/2025\/les-nouvelles-formes-de-travail-et-la-formation-font-elles-bon-menage\/","og_site_name":"19e Universit\u00e9 d&#039;Hiver de la Formation Professionnelle","article_publisher":"https:\/\/www.facebook.com\/centreinffo","article_modified_time":"2025-01-22T08:29:12+00:00","twitter_card":"summary_large_image","twitter_site":"@centreinffo","twitter_misc":{"Dur\u00e9e de lecture estim\u00e9e":"1 minute"},"schema":{"@context":"https:\/\/schema.org","@graph":[{"@type":"WebPage","@id":"https:\/\/uhfp.centre-inffo.fr\/2025\/les-nouvelles-formes-de-travail-et-la-formation-font-elles-bon-menage\/","url":"https:\/\/uhfp.centre-inffo.fr\/2025\/les-nouvelles-formes-de-travail-et-la-formation-font-elles-bon-menage\/","name":"Les nouvelles formes de travail et la formation font-elles bon m\u00e9nage ? - 19e Universit\u00e9 d&#039;Hiver de la Formation Professionnelle","isPartOf":{"@id":"https:\/\/uhfp.centre-inffo.fr\/2025\/#website"},"datePublished":"2024-11-25T12:10:13+00:00","dateModified":"2025-01-22T08:29:12+00:00","breadcrumb":{"@id":"https:\/\/uhfp.centre-inffo.fr\/2025\/les-nouvelles-formes-de-travail-et-la-formation-font-elles-bon-menage\/#breadcrumb"},"inLanguage":"fr-FR","potentialAction":[{"@type":"ReadAction","target":["https:\/\/uhfp.centre-inffo.fr\/2025\/les-nouvelles-formes-de-travail-et-la-formation-font-elles-bon-menage\/"]}]},{"@type":"BreadcrumbList","@id":"https:\/\/uhfp.centre-inffo.fr\/2025\/les-nouvelles-formes-de-travail-et-la-formation-font-elles-bon-menage\/#breadcrumb","itemListElement":[{"@type":"ListItem","position":1,"name":"Accueil","item":"https:\/\/uhfp.centre-inffo.fr\/2025\/"},{"@type":"ListItem","position":2,"name":"Programme","item":"https:\/\/uhfp.centre-inffo.fr\/2025\/rubrique\/programme\/"},{"@type":"ListItem","position":3,"name":"Jeudi 23 janvier","item":"https:\/\/uhfp.centre-inffo.fr\/2025\/rubrique\/programme\/jeudi-23-janvier\/"},{"@type":"ListItem","position":4,"name":"Les nouvelles formes de travail et la formation font-elles bon m\u00e9nage ?"}]},{"@type":"WebSite","@id":"https:\/\/uhfp.centre-inffo.fr\/2025\/#website","url":"https:\/\/uhfp.centre-inffo.fr\/2025\/","name":"19e Universit\u00e9 d'Hiver de la Formation Professionnelle","description":"Du 22 au 24 janvier 2025, au Palais des Festivals de Cannes","publisher":{"@id":"https:\/\/uhfp.centre-inffo.fr\/2025\/#organization"},"alternateName":"19e UHFP","potentialAction":[{"@type":"SearchAction","target":{"@type":"EntryPoint","urlTemplate":"https:\/\/uhfp.centre-inffo.fr\/2025\/?s={search_term_string}"},"query-input":"required name=search_term_string"}],"inLanguage":"fr-FR"},{"@type":"Organization","@id":"https:\/\/uhfp.centre-inffo.fr\/2025\/#organization","name":"Centre Inffo","url":"https:\/\/uhfp.centre-inffo.fr\/2025\/","logo":{"@type":"ImageObject","inLanguage":"fr-FR","@id":"https:\/\/uhfp.centre-inffo.fr\/2025\/#\/schema\/logo\/image\/","url":"https:\/\/uhfp.centre-inffo.fr\/2025\/wp-content\/uploads\/2024\/02\/logo-19e-uhfp.png","contentUrl":"https:\/\/uhfp.centre-inffo.fr\/2025\/wp-content\/uploads\/2024\/02\/logo-19e-uhfp.png","width":842,"height":595,"caption":"Centre Inffo"},"image":{"@id":"https:\/\/uhfp.centre-inffo.fr\/2025\/#\/schema\/logo\/image\/"},"sameAs":["https:\/\/www.facebook.com\/centreinffo","https:\/\/twitter.com\/centreinffo","https:\/\/www.linkedin.com\/company\/centre-inffo\/","https:\/\/www.youtube.com\/user\/centreinffo"]}]}},"_links":{"self":[{"href":"https:\/\/uhfp.centre-inffo.fr\/2025\/wp-json\/wp\/v2\/pages\/4746"}],"collection":[{"href":"https:\/\/uhfp.centre-inffo.fr\/2025\/wp-json\/wp\/v2\/pages"}],"about":[{"href":"https:\/\/uhfp.centre-inffo.fr\/2025\/wp-json\/wp\/v2\/types\/page"}],"author":[{"embeddable":true,"href":"https:\/\/uhfp.centre-inffo.fr\/2025\/wp-json\/wp\/v2\/users\/2"}],"replies":[{"embeddable":true,"href":"https:\/\/uhfp.centre-inffo.fr\/2025\/wp-json\/wp\/v2\/comments?post=4746"}],"version-history":[{"count":19,"href":"https:\/\/uhfp.centre-inffo.fr\/2025\/wp-json\/wp\/v2\/pages\/4746\/revisions"}],"predecessor-version":[{"id":8914,"href":"https:\/\/uhfp.centre-inffo.fr\/2025\/wp-json\/wp\/v2\/pages\/4746\/revisions\/8914"}],"wp:attachment":[{"href":"https:\/\/uhfp.centre-inffo.fr\/2025\/wp-json\/wp\/v2\/media?parent=4746"}],"wp:term":[{"taxonomy":"category","embeddable":true,"href":"https:\/\/uhfp.centre-inffo.fr\/2025\/wp-json\/wp\/v2\/categories?post=4746"},{"taxonomy":"post_tag","embeddable":true,"href":"https:\/\/uhfp.centre-inffo.fr\/2025\/wp-json\/wp\/v2\/tags?post=4746"}],"curies":[{"name":"wp","href":"https:\/\/api.w.org\/{rel}","templated":true}]}}