{"id":4776,"date":"2024-11-25T13:36:58","date_gmt":"2024-11-25T12:36:58","guid":{"rendered":"https:\/\/uhfp.centre-inffo.fr\/2025\/?page_id=4776"},"modified":"2025-01-21T10:14:48","modified_gmt":"2025-01-21T09:14:48","slug":"la-certification-professionnelle-au-crible-des-enjeux-environnementaux-centre-inffo","status":"publish","type":"page","link":"https:\/\/uhfp.centre-inffo.fr\/2025\/la-certification-professionnelle-au-crible-des-enjeux-environnementaux-centre-inffo\/","title":{"rendered":"La certification professionnelle au crible des enjeux environnementaux"},"content":{"rendered":"\n<hr class=\"wp-block-separator has-alpha-channel-opacity\"\/>\n\n\n\n<p>Cette table-ronde vise \u00e0 analyser la mani\u00e8re dont la certification professionnelle peut contribuer \u00e0 r\u00e9pondre aux enjeux environnementaux de transition \u00e9cologique et d\u00e9veloppement durable.<\/p>\n\n\n\n<h2 class=\"wp-block-heading\">Probl\u00e9matique<\/h2>\n\n\n\n<p>La certification professionnelle peut-elle contribuer \u00e0 r\u00e9pondre aux enjeux environnementaux de transition \u00e9cologique et d\u00e9veloppement durable ? Quels sont les enjeux en termes d\u2019\u00e9volution des m\u00e9tiers et des comp\u00e9tences ? Comment mettre en commun des m\u00e9thodes susceptibles de favoriser la prise en compte de la transition \u00e9cologique et du d\u00e9veloppement durable dans le champ de la Certification professionnelle ? Quelles recommandations peuvent \u00eatre donn\u00e9es aux organismes et minist\u00e8res certificateurs pour la r\u00e9novation des certifications ? L\u2019\u00e9volution des r\u00e9f\u00e9rentiels et des modalit\u00e9s d\u2019\u00e9valuation et la d\u00e9finition des m\u00e9tiers \u00e9mergents peuvent-elles y contribuer ?<\/p>\n\n\n\n<h2 class=\"wp-block-heading\">Objectif<\/h2>\n\n\n\n<p>Faire le panorama des initiatives en cours et \u00e0 venir au niveau national autour de cette question de la contribution du champ de la Certification professionnelle aux enjeux environnementaux de transition \u00e9cologique et d\u00e9veloppement durable.<\/p>\n\n\n\n<h2 class=\"wp-block-heading\">Interventions<\/h2>\n\n\n\n<ul class=\"list-has-margin\">\n<li><a href=\"https:\/\/www.linkedin.com\/in\/anne-val%C3%A9rie-aubouin-85a217291\/overlay\/about-this-profile\/\"><\/a><a href=\"https:\/\/uhfp.centre-inffo.fr\/2025\/anne-valerie-aubouin\/\">Anne-Val\u00e9rie Aubouin<\/a><br><em>Directrice de la prospective &#8211; AFPA<\/em><\/li>\n\n\n\n<li><a href=\"https:\/\/uhfp.centre-inffo.fr\/2025\/mikael-charbit\/\">Mikael Charbit<\/a><br><em>Conseiller apprentissage, certification et qualit\u00e9 de la formation de la Ministre du travail et de l\u2019emploi &#8211; Minist\u00e8re du Travail<\/em><\/li>\n\n\n\n<li><a href=\"\/2025\/vincent-donne\/\">Vincent Donne<\/a><br><em>Chef de projet Formation professionnelle et Politique de l&#8217;emploi &#8211; France strat\u00e9gie<\/em><\/li>\n\n\n\n<li><a href=\"https:\/\/uhfp.centre-inffo.fr\/2025\/jean-christophe-chamayou\/\">Jean-Christophe Chamayou<\/a><br><em>Pr\u00e9sident &#8211; Ainoa<\/em><\/li>\n\n\n\n<li><a href=\"\/2025\/goulven-droumaguet\/\">Goulven Droumaguet<\/a><br><em>Directeur de la Certification professionnelle &#8211; France comp\u00e9tences<\/em><\/li>\n<\/ul>\n\n\n\n<h2 class=\"wp-block-heading\">Animation<\/h2>\n\n\n\n<ul class=\"list-has-margin\">\n<li><a href=\"https:\/\/uhfp.centre-inffo.fr\/2025\/valerie-hellouin\/\">Val\u00e9rie Hellouin<\/a><br><em>Consultante s\u00e9nior en ing\u00e9nierie et politiques de formation &#8211; Centre Inffo<\/em><\/li>\n<\/ul>\n","protected":false},"excerpt":{"rendered":"<p>Cette table-ronde vise \u00e0 analyser la mani\u00e8re dont la certification professionnelle peut contribuer \u00e0 r\u00e9pondre aux enjeux environnementaux de transition \u00e9cologique et d\u00e9veloppement durable. Probl\u00e9matique La certification professionnelle peut-elle contribuer \u00e0 r\u00e9pondre aux enjeux environnementaux de transition \u00e9cologique et d\u00e9veloppement durable ? Quels sont les enjeux en termes d\u2019\u00e9volution des m\u00e9tiers et des comp\u00e9tences ? &#8230; <a title=\"La certification professionnelle au crible des enjeux environnementaux\" class=\"read-more\" href=\"https:\/\/uhfp.centre-inffo.fr\/2025\/la-certification-professionnelle-au-crible-des-enjeux-environnementaux-centre-inffo\/\" aria-label=\"Read more about La certification professionnelle au crible des enjeux environnementaux\">Lire la suite<\/a><\/p>\n","protected":false},"author":2,"featured_media":0,"parent":0,"menu_order":0,"comment_status":"closed","ping_status":"closed","template":"","meta":{"_acf_changed":false,"footnotes":""},"categories":[12,6],"tags":[26],"acf":[],"yoast_head":"<!-- This site is optimized with the Yoast SEO plugin v22.4 - https:\/\/yoast.com\/wordpress\/plugins\/seo\/ -->\n<title>La certification professionnelle au crible des enjeux environnementaux - 19e Universit\u00e9 d&#039;Hiver de la Formation Professionnelle<\/title>\n<meta name=\"robots\" content=\"index, follow, max-snippet:-1, max-image-preview:large, max-video-preview:-1\" \/>\n<link rel=\"canonical\" href=\"https:\/\/uhfp.centre-inffo.fr\/2025\/la-certification-professionnelle-au-crible-des-enjeux-environnementaux-centre-inffo\/\" \/>\n<meta property=\"og:locale\" content=\"fr_FR\" \/>\n<meta property=\"og:type\" content=\"article\" \/>\n<meta property=\"og:title\" content=\"La certification professionnelle au crible des enjeux environnementaux - 19e Universit\u00e9 d&#039;Hiver de la Formation Professionnelle\" \/>\n<meta property=\"og:description\" content=\"Cette table-ronde vise \u00e0 analyser la mani\u00e8re dont la certification professionnelle peut contribuer \u00e0 r\u00e9pondre aux enjeux environnementaux de transition \u00e9cologique et d\u00e9veloppement durable. Probl\u00e9matique La certification professionnelle peut-elle contribuer \u00e0 r\u00e9pondre aux enjeux environnementaux de transition \u00e9cologique et d\u00e9veloppement durable ? Quels sont les enjeux en termes d\u2019\u00e9volution des m\u00e9tiers et des comp\u00e9tences ? ... Lire la suite\" \/>\n<meta property=\"og:url\" content=\"https:\/\/uhfp.centre-inffo.fr\/2025\/la-certification-professionnelle-au-crible-des-enjeux-environnementaux-centre-inffo\/\" \/>\n<meta property=\"og:site_name\" content=\"19e Universit\u00e9 d&#039;Hiver de la Formation Professionnelle\" \/>\n<meta property=\"article:publisher\" content=\"https:\/\/www.facebook.com\/centreinffo\" \/>\n<meta property=\"article:modified_time\" content=\"2025-01-21T09:14:48+00:00\" \/>\n<meta name=\"twitter:card\" content=\"summary_large_image\" \/>\n<meta name=\"twitter:site\" content=\"@centreinffo\" \/>\n<meta name=\"twitter:label1\" content=\"Dur\u00e9e de lecture estim\u00e9e\" \/>\n\t<meta name=\"twitter:data1\" content=\"2 minutes\" \/>\n<script type=\"application\/ld+json\" class=\"yoast-schema-graph\">{\"@context\":\"https:\/\/schema.org\",\"@graph\":[{\"@type\":\"WebPage\",\"@id\":\"https:\/\/uhfp.centre-inffo.fr\/2025\/la-certification-professionnelle-au-crible-des-enjeux-environnementaux-centre-inffo\/\",\"url\":\"https:\/\/uhfp.centre-inffo.fr\/2025\/la-certification-professionnelle-au-crible-des-enjeux-environnementaux-centre-inffo\/\",\"name\":\"La certification professionnelle au crible des enjeux environnementaux - 19e Universit\u00e9 d&#039;Hiver de la Formation Professionnelle\",\"isPartOf\":{\"@id\":\"https:\/\/uhfp.centre-inffo.fr\/2025\/#website\"},\"datePublished\":\"2024-11-25T12:36:58+00:00\",\"dateModified\":\"2025-01-21T09:14:48+00:00\",\"breadcrumb\":{\"@id\":\"https:\/\/uhfp.centre-inffo.fr\/2025\/la-certification-professionnelle-au-crible-des-enjeux-environnementaux-centre-inffo\/#breadcrumb\"},\"inLanguage\":\"fr-FR\",\"potentialAction\":[{\"@type\":\"ReadAction\",\"target\":[\"https:\/\/uhfp.centre-inffo.fr\/2025\/la-certification-professionnelle-au-crible-des-enjeux-environnementaux-centre-inffo\/\"]}]},{\"@type\":\"BreadcrumbList\",\"@id\":\"https:\/\/uhfp.centre-inffo.fr\/2025\/la-certification-professionnelle-au-crible-des-enjeux-environnementaux-centre-inffo\/#breadcrumb\",\"itemListElement\":[{\"@type\":\"ListItem\",\"position\":1,\"name\":\"Accueil\",\"item\":\"https:\/\/uhfp.centre-inffo.fr\/2025\/\"},{\"@type\":\"ListItem\",\"position\":2,\"name\":\"Programme\",\"item\":\"https:\/\/uhfp.centre-inffo.fr\/2025\/rubrique\/programme\/\"},{\"@type\":\"ListItem\",\"position\":3,\"name\":\"Jeudi 23 janvier\",\"item\":\"https:\/\/uhfp.centre-inffo.fr\/2025\/rubrique\/programme\/jeudi-23-janvier\/\"},{\"@type\":\"ListItem\",\"position\":4,\"name\":\"La certification professionnelle au crible des enjeux environnementaux\"}]},{\"@type\":\"WebSite\",\"@id\":\"https:\/\/uhfp.centre-inffo.fr\/2025\/#website\",\"url\":\"https:\/\/uhfp.centre-inffo.fr\/2025\/\",\"name\":\"19e Universit\u00e9 d'Hiver de la Formation Professionnelle\",\"description\":\"Du 22 au 24 janvier 2025, au Palais des Festivals de Cannes\",\"publisher\":{\"@id\":\"https:\/\/uhfp.centre-inffo.fr\/2025\/#organization\"},\"alternateName\":\"19e UHFP\",\"potentialAction\":[{\"@type\":\"SearchAction\",\"target\":{\"@type\":\"EntryPoint\",\"urlTemplate\":\"https:\/\/uhfp.centre-inffo.fr\/2025\/?s={search_term_string}\"},\"query-input\":\"required name=search_term_string\"}],\"inLanguage\":\"fr-FR\"},{\"@type\":\"Organization\",\"@id\":\"https:\/\/uhfp.centre-inffo.fr\/2025\/#organization\",\"name\":\"Centre Inffo\",\"url\":\"https:\/\/uhfp.centre-inffo.fr\/2025\/\",\"logo\":{\"@type\":\"ImageObject\",\"inLanguage\":\"fr-FR\",\"@id\":\"https:\/\/uhfp.centre-inffo.fr\/2025\/#\/schema\/logo\/image\/\",\"url\":\"https:\/\/uhfp.centre-inffo.fr\/2025\/wp-content\/uploads\/2024\/02\/logo-19e-uhfp.png\",\"contentUrl\":\"https:\/\/uhfp.centre-inffo.fr\/2025\/wp-content\/uploads\/2024\/02\/logo-19e-uhfp.png\",\"width\":842,\"height\":595,\"caption\":\"Centre Inffo\"},\"image\":{\"@id\":\"https:\/\/uhfp.centre-inffo.fr\/2025\/#\/schema\/logo\/image\/\"},\"sameAs\":[\"https:\/\/www.facebook.com\/centreinffo\",\"https:\/\/twitter.com\/centreinffo\",\"https:\/\/www.linkedin.com\/company\/centre-inffo\/\",\"https:\/\/www.youtube.com\/user\/centreinffo\"]}]}<\/script>\n<!-- \/ Yoast SEO plugin. -->","yoast_head_json":{"title":"La certification professionnelle au crible des enjeux environnementaux - 19e Universit\u00e9 d&#039;Hiver de la Formation Professionnelle","robots":{"index":"index","follow":"follow","max-snippet":"max-snippet:-1","max-image-preview":"max-image-preview:large","max-video-preview":"max-video-preview:-1"},"canonical":"https:\/\/uhfp.centre-inffo.fr\/2025\/la-certification-professionnelle-au-crible-des-enjeux-environnementaux-centre-inffo\/","og_locale":"fr_FR","og_type":"article","og_title":"La certification professionnelle au crible des enjeux environnementaux - 19e Universit\u00e9 d&#039;Hiver de la Formation Professionnelle","og_description":"Cette table-ronde vise \u00e0 analyser la mani\u00e8re dont la certification professionnelle peut contribuer \u00e0 r\u00e9pondre aux enjeux environnementaux de transition \u00e9cologique et d\u00e9veloppement durable. Probl\u00e9matique La certification professionnelle peut-elle contribuer \u00e0 r\u00e9pondre aux enjeux environnementaux de transition \u00e9cologique et d\u00e9veloppement durable ? Quels sont les enjeux en termes d\u2019\u00e9volution des m\u00e9tiers et des comp\u00e9tences ? ... Lire la suite","og_url":"https:\/\/uhfp.centre-inffo.fr\/2025\/la-certification-professionnelle-au-crible-des-enjeux-environnementaux-centre-inffo\/","og_site_name":"19e Universit\u00e9 d&#039;Hiver de la Formation Professionnelle","article_publisher":"https:\/\/www.facebook.com\/centreinffo","article_modified_time":"2025-01-21T09:14:48+00:00","twitter_card":"summary_large_image","twitter_site":"@centreinffo","twitter_misc":{"Dur\u00e9e de lecture estim\u00e9e":"2 minutes"},"schema":{"@context":"https:\/\/schema.org","@graph":[{"@type":"WebPage","@id":"https:\/\/uhfp.centre-inffo.fr\/2025\/la-certification-professionnelle-au-crible-des-enjeux-environnementaux-centre-inffo\/","url":"https:\/\/uhfp.centre-inffo.fr\/2025\/la-certification-professionnelle-au-crible-des-enjeux-environnementaux-centre-inffo\/","name":"La certification professionnelle au crible des enjeux environnementaux - 19e Universit\u00e9 d&#039;Hiver de la Formation Professionnelle","isPartOf":{"@id":"https:\/\/uhfp.centre-inffo.fr\/2025\/#website"},"datePublished":"2024-11-25T12:36:58+00:00","dateModified":"2025-01-21T09:14:48+00:00","breadcrumb":{"@id":"https:\/\/uhfp.centre-inffo.fr\/2025\/la-certification-professionnelle-au-crible-des-enjeux-environnementaux-centre-inffo\/#breadcrumb"},"inLanguage":"fr-FR","potentialAction":[{"@type":"ReadAction","target":["https:\/\/uhfp.centre-inffo.fr\/2025\/la-certification-professionnelle-au-crible-des-enjeux-environnementaux-centre-inffo\/"]}]},{"@type":"BreadcrumbList","@id":"https:\/\/uhfp.centre-inffo.fr\/2025\/la-certification-professionnelle-au-crible-des-enjeux-environnementaux-centre-inffo\/#breadcrumb","itemListElement":[{"@type":"ListItem","position":1,"name":"Accueil","item":"https:\/\/uhfp.centre-inffo.fr\/2025\/"},{"@type":"ListItem","position":2,"name":"Programme","item":"https:\/\/uhfp.centre-inffo.fr\/2025\/rubrique\/programme\/"},{"@type":"ListItem","position":3,"name":"Jeudi 23 janvier","item":"https:\/\/uhfp.centre-inffo.fr\/2025\/rubrique\/programme\/jeudi-23-janvier\/"},{"@type":"ListItem","position":4,"name":"La certification professionnelle au crible des enjeux environnementaux"}]},{"@type":"WebSite","@id":"https:\/\/uhfp.centre-inffo.fr\/2025\/#website","url":"https:\/\/uhfp.centre-inffo.fr\/2025\/","name":"19e Universit\u00e9 d'Hiver de la Formation Professionnelle","description":"Du 22 au 24 janvier 2025, au Palais des Festivals de Cannes","publisher":{"@id":"https:\/\/uhfp.centre-inffo.fr\/2025\/#organization"},"alternateName":"19e UHFP","potentialAction":[{"@type":"SearchAction","target":{"@type":"EntryPoint","urlTemplate":"https:\/\/uhfp.centre-inffo.fr\/2025\/?s={search_term_string}"},"query-input":"required name=search_term_string"}],"inLanguage":"fr-FR"},{"@type":"Organization","@id":"https:\/\/uhfp.centre-inffo.fr\/2025\/#organization","name":"Centre Inffo","url":"https:\/\/uhfp.centre-inffo.fr\/2025\/","logo":{"@type":"ImageObject","inLanguage":"fr-FR","@id":"https:\/\/uhfp.centre-inffo.fr\/2025\/#\/schema\/logo\/image\/","url":"https:\/\/uhfp.centre-inffo.fr\/2025\/wp-content\/uploads\/2024\/02\/logo-19e-uhfp.png","contentUrl":"https:\/\/uhfp.centre-inffo.fr\/2025\/wp-content\/uploads\/2024\/02\/logo-19e-uhfp.png","width":842,"height":595,"caption":"Centre Inffo"},"image":{"@id":"https:\/\/uhfp.centre-inffo.fr\/2025\/#\/schema\/logo\/image\/"},"sameAs":["https:\/\/www.facebook.com\/centreinffo","https:\/\/twitter.com\/centreinffo","https:\/\/www.linkedin.com\/company\/centre-inffo\/","https:\/\/www.youtube.com\/user\/centreinffo"]}]}},"_links":{"self":[{"href":"https:\/\/uhfp.centre-inffo.fr\/2025\/wp-json\/wp\/v2\/pages\/4776"}],"collection":[{"href":"https:\/\/uhfp.centre-inffo.fr\/2025\/wp-json\/wp\/v2\/pages"}],"about":[{"href":"https:\/\/uhfp.centre-inffo.fr\/2025\/wp-json\/wp\/v2\/types\/page"}],"author":[{"embeddable":true,"href":"https:\/\/uhfp.centre-inffo.fr\/2025\/wp-json\/wp\/v2\/users\/2"}],"replies":[{"embeddable":true,"href":"https:\/\/uhfp.centre-inffo.fr\/2025\/wp-json\/wp\/v2\/comments?post=4776"}],"version-history":[{"count":13,"href":"https:\/\/uhfp.centre-inffo.fr\/2025\/wp-json\/wp\/v2\/pages\/4776\/revisions"}],"predecessor-version":[{"id":8783,"href":"https:\/\/uhfp.centre-inffo.fr\/2025\/wp-json\/wp\/v2\/pages\/4776\/revisions\/8783"}],"wp:attachment":[{"href":"https:\/\/uhfp.centre-inffo.fr\/2025\/wp-json\/wp\/v2\/media?parent=4776"}],"wp:term":[{"taxonomy":"category","embeddable":true,"href":"https:\/\/uhfp.centre-inffo.fr\/2025\/wp-json\/wp\/v2\/categories?post=4776"},{"taxonomy":"post_tag","embeddable":true,"href":"https:\/\/uhfp.centre-inffo.fr\/2025\/wp-json\/wp\/v2\/tags?post=4776"}],"curies":[{"name":"wp","href":"https:\/\/api.w.org\/{rel}","templated":true}]}}