{"id":4792,"date":"2024-11-25T13:43:03","date_gmt":"2024-11-25T12:43:03","guid":{"rendered":"https:\/\/uhfp.centre-inffo.fr\/2025\/?page_id=4792"},"modified":"2025-01-20T16:59:12","modified_gmt":"2025-01-20T15:59:12","slug":"accompagner-les-transitions-climatiques","status":"publish","type":"page","link":"https:\/\/uhfp.centre-inffo.fr\/2025\/accompagner-les-transitions-climatiques\/","title":{"rendered":"Accompagner les transitions climatiques"},"content":{"rendered":"\n<hr class=\"wp-block-separator has-alpha-channel-opacity\"\/>\n\n\n\n<p>Comment la formation professionnelle peut-elle devenir un levier majeur pour accompagner les transitions \u00e9cologiques, en conciliant exigences environnementales et \u00e9volutions des comp\u00e9tences professionnelles en r\u00e9ponse aux besoins \u00e9mergents du march\u00e9 du travail ?<\/p>\n\n\n\n<p>Les t\u00e9moignages des intervenants de cette table ronde illustreront les r\u00e9ponses aux probl\u00e9matiques suivantes<\/p>\n\n\n\n<ul>\n<li>Quels savoirs et savoir-faire sont indispensables pour r\u00e9pondre aux besoins des m\u00e9tiers impact\u00e9s par la transition climatique ?<\/li>\n\n\n\n<li>Comment sensibiliser et mobiliser les acteurs de la formation sur ces enjeux pour transformer durablement les pratiques p\u00e9dagogiques ?<\/li>\n\n\n\n<li>Quels partenariats entre organismes de formation, entreprises\/secteurs, collectivit\u00e9s et institutions permettent de soutenir efficacement la transition climatique ?<\/li>\n<\/ul>\n\n\n\n<h2 class=\"wp-block-heading\">Interventions<\/h2>\n\n\n\n<ul class=\"list-has-margin\">\n<li><a href=\"https:\/\/uhfp.centre-inffo.fr\/2025\/judith-bel\/\">Judith Bel<\/a><br><em>Consultante &#8211; Accompagnement de la transition \u00e9cologique &#8211; Nos Vies Bas Carbone<\/em><\/li>\n\n\n\n<li><a href=\"https:\/\/uhfp.centre-inffo.fr\/2025\/gregoire-fraty\/\">Gr\u00e9goire Fraty<\/a><br><em>Secr\u00e9taire g\u00e9n\u00e9ral &#8211;  F\u00e9d\u00e9ration nationale des UROF (unions r\u00e9gionales des organismes de formation)<\/em><\/li>\n\n\n\n<li><a href=\"https:\/\/uhfp.centre-inffo.fr\/2025\/yves-muchembled\/\">Yves Muchembled<\/a><br><em>Directeur &#8211; C2RP<\/em><\/li>\n<\/ul>\n\n\n\n<h2 class=\"wp-block-heading\">Animation<\/h2>\n\n\n\n<ul class=\"list-has-margin\">\n<li><a href=\"https:\/\/uhfp.centre-inffo.fr\/2025\/fabien-claire\/\">Fabien Claire<\/a><br><em>Directeur g\u00e9n\u00e9ral &#8211; News Tank RH<\/em><\/li>\n<\/ul>\n","protected":false},"excerpt":{"rendered":"<p>Comment la formation professionnelle peut-elle devenir un levier majeur pour accompagner les transitions \u00e9cologiques, en conciliant exigences environnementales et \u00e9volutions des comp\u00e9tences professionnelles en r\u00e9ponse aux besoins \u00e9mergents du march\u00e9 du travail ? Les t\u00e9moignages des intervenants de cette table ronde illustreront les r\u00e9ponses aux probl\u00e9matiques suivantes Interventions Animation<\/p>\n","protected":false},"author":2,"featured_media":0,"parent":0,"menu_order":0,"comment_status":"closed","ping_status":"closed","template":"","meta":{"_acf_changed":false,"footnotes":""},"categories":[12,6],"tags":[26],"acf":[],"yoast_head":"<!-- This site is optimized with the Yoast SEO plugin v22.4 - https:\/\/yoast.com\/wordpress\/plugins\/seo\/ -->\n<title>Accompagner les transitions climatiques - 19e Universit\u00e9 d&#039;Hiver de la Formation Professionnelle<\/title>\n<meta name=\"robots\" content=\"index, follow, max-snippet:-1, max-image-preview:large, max-video-preview:-1\" \/>\n<link rel=\"canonical\" href=\"https:\/\/uhfp.centre-inffo.fr\/2025\/accompagner-les-transitions-climatiques\/\" \/>\n<meta property=\"og:locale\" content=\"fr_FR\" \/>\n<meta property=\"og:type\" content=\"article\" \/>\n<meta property=\"og:title\" content=\"Accompagner les transitions climatiques - 19e Universit\u00e9 d&#039;Hiver de la Formation Professionnelle\" \/>\n<meta property=\"og:description\" content=\"Comment la formation professionnelle peut-elle devenir un levier majeur pour accompagner les transitions \u00e9cologiques, en conciliant exigences environnementales et \u00e9volutions des comp\u00e9tences professionnelles en r\u00e9ponse aux besoins \u00e9mergents du march\u00e9 du travail ? Les t\u00e9moignages des intervenants de cette table ronde illustreront les r\u00e9ponses aux probl\u00e9matiques suivantes Interventions Animation\" \/>\n<meta property=\"og:url\" content=\"https:\/\/uhfp.centre-inffo.fr\/2025\/accompagner-les-transitions-climatiques\/\" \/>\n<meta property=\"og:site_name\" content=\"19e Universit\u00e9 d&#039;Hiver de la Formation Professionnelle\" \/>\n<meta property=\"article:publisher\" content=\"https:\/\/www.facebook.com\/centreinffo\" \/>\n<meta property=\"article:modified_time\" content=\"2025-01-20T15:59:12+00:00\" \/>\n<meta name=\"twitter:card\" content=\"summary_large_image\" \/>\n<meta name=\"twitter:site\" content=\"@centreinffo\" \/>\n<meta name=\"twitter:label1\" content=\"Dur\u00e9e de lecture estim\u00e9e\" \/>\n\t<meta name=\"twitter:data1\" content=\"1 minute\" \/>\n<script type=\"application\/ld+json\" class=\"yoast-schema-graph\">{\"@context\":\"https:\/\/schema.org\",\"@graph\":[{\"@type\":\"WebPage\",\"@id\":\"https:\/\/uhfp.centre-inffo.fr\/2025\/accompagner-les-transitions-climatiques\/\",\"url\":\"https:\/\/uhfp.centre-inffo.fr\/2025\/accompagner-les-transitions-climatiques\/\",\"name\":\"Accompagner les transitions climatiques - 19e Universit\u00e9 d&#039;Hiver de la Formation Professionnelle\",\"isPartOf\":{\"@id\":\"https:\/\/uhfp.centre-inffo.fr\/2025\/#website\"},\"datePublished\":\"2024-11-25T12:43:03+00:00\",\"dateModified\":\"2025-01-20T15:59:12+00:00\",\"breadcrumb\":{\"@id\":\"https:\/\/uhfp.centre-inffo.fr\/2025\/accompagner-les-transitions-climatiques\/#breadcrumb\"},\"inLanguage\":\"fr-FR\",\"potentialAction\":[{\"@type\":\"ReadAction\",\"target\":[\"https:\/\/uhfp.centre-inffo.fr\/2025\/accompagner-les-transitions-climatiques\/\"]}]},{\"@type\":\"BreadcrumbList\",\"@id\":\"https:\/\/uhfp.centre-inffo.fr\/2025\/accompagner-les-transitions-climatiques\/#breadcrumb\",\"itemListElement\":[{\"@type\":\"ListItem\",\"position\":1,\"name\":\"Accueil\",\"item\":\"https:\/\/uhfp.centre-inffo.fr\/2025\/\"},{\"@type\":\"ListItem\",\"position\":2,\"name\":\"Programme\",\"item\":\"https:\/\/uhfp.centre-inffo.fr\/2025\/rubrique\/programme\/\"},{\"@type\":\"ListItem\",\"position\":3,\"name\":\"Jeudi 23 janvier\",\"item\":\"https:\/\/uhfp.centre-inffo.fr\/2025\/rubrique\/programme\/jeudi-23-janvier\/\"},{\"@type\":\"ListItem\",\"position\":4,\"name\":\"Accompagner les transitions climatiques\"}]},{\"@type\":\"WebSite\",\"@id\":\"https:\/\/uhfp.centre-inffo.fr\/2025\/#website\",\"url\":\"https:\/\/uhfp.centre-inffo.fr\/2025\/\",\"name\":\"19e Universit\u00e9 d'Hiver de la Formation Professionnelle\",\"description\":\"Du 22 au 24 janvier 2025, au Palais des Festivals de Cannes\",\"publisher\":{\"@id\":\"https:\/\/uhfp.centre-inffo.fr\/2025\/#organization\"},\"alternateName\":\"19e UHFP\",\"potentialAction\":[{\"@type\":\"SearchAction\",\"target\":{\"@type\":\"EntryPoint\",\"urlTemplate\":\"https:\/\/uhfp.centre-inffo.fr\/2025\/?s={search_term_string}\"},\"query-input\":\"required name=search_term_string\"}],\"inLanguage\":\"fr-FR\"},{\"@type\":\"Organization\",\"@id\":\"https:\/\/uhfp.centre-inffo.fr\/2025\/#organization\",\"name\":\"Centre Inffo\",\"url\":\"https:\/\/uhfp.centre-inffo.fr\/2025\/\",\"logo\":{\"@type\":\"ImageObject\",\"inLanguage\":\"fr-FR\",\"@id\":\"https:\/\/uhfp.centre-inffo.fr\/2025\/#\/schema\/logo\/image\/\",\"url\":\"https:\/\/uhfp.centre-inffo.fr\/2025\/wp-content\/uploads\/2024\/02\/logo-19e-uhfp.png\",\"contentUrl\":\"https:\/\/uhfp.centre-inffo.fr\/2025\/wp-content\/uploads\/2024\/02\/logo-19e-uhfp.png\",\"width\":842,\"height\":595,\"caption\":\"Centre Inffo\"},\"image\":{\"@id\":\"https:\/\/uhfp.centre-inffo.fr\/2025\/#\/schema\/logo\/image\/\"},\"sameAs\":[\"https:\/\/www.facebook.com\/centreinffo\",\"https:\/\/twitter.com\/centreinffo\",\"https:\/\/www.linkedin.com\/company\/centre-inffo\/\",\"https:\/\/www.youtube.com\/user\/centreinffo\"]}]}<\/script>\n<!-- \/ Yoast SEO plugin. -->","yoast_head_json":{"title":"Accompagner les transitions climatiques - 19e Universit\u00e9 d&#039;Hiver de la Formation Professionnelle","robots":{"index":"index","follow":"follow","max-snippet":"max-snippet:-1","max-image-preview":"max-image-preview:large","max-video-preview":"max-video-preview:-1"},"canonical":"https:\/\/uhfp.centre-inffo.fr\/2025\/accompagner-les-transitions-climatiques\/","og_locale":"fr_FR","og_type":"article","og_title":"Accompagner les transitions climatiques - 19e Universit\u00e9 d&#039;Hiver de la Formation Professionnelle","og_description":"Comment la formation professionnelle peut-elle devenir un levier majeur pour accompagner les transitions \u00e9cologiques, en conciliant exigences environnementales et \u00e9volutions des comp\u00e9tences professionnelles en r\u00e9ponse aux besoins \u00e9mergents du march\u00e9 du travail ? Les t\u00e9moignages des intervenants de cette table ronde illustreront les r\u00e9ponses aux probl\u00e9matiques suivantes Interventions Animation","og_url":"https:\/\/uhfp.centre-inffo.fr\/2025\/accompagner-les-transitions-climatiques\/","og_site_name":"19e Universit\u00e9 d&#039;Hiver de la Formation Professionnelle","article_publisher":"https:\/\/www.facebook.com\/centreinffo","article_modified_time":"2025-01-20T15:59:12+00:00","twitter_card":"summary_large_image","twitter_site":"@centreinffo","twitter_misc":{"Dur\u00e9e de lecture estim\u00e9e":"1 minute"},"schema":{"@context":"https:\/\/schema.org","@graph":[{"@type":"WebPage","@id":"https:\/\/uhfp.centre-inffo.fr\/2025\/accompagner-les-transitions-climatiques\/","url":"https:\/\/uhfp.centre-inffo.fr\/2025\/accompagner-les-transitions-climatiques\/","name":"Accompagner les transitions climatiques - 19e Universit\u00e9 d&#039;Hiver de la Formation Professionnelle","isPartOf":{"@id":"https:\/\/uhfp.centre-inffo.fr\/2025\/#website"},"datePublished":"2024-11-25T12:43:03+00:00","dateModified":"2025-01-20T15:59:12+00:00","breadcrumb":{"@id":"https:\/\/uhfp.centre-inffo.fr\/2025\/accompagner-les-transitions-climatiques\/#breadcrumb"},"inLanguage":"fr-FR","potentialAction":[{"@type":"ReadAction","target":["https:\/\/uhfp.centre-inffo.fr\/2025\/accompagner-les-transitions-climatiques\/"]}]},{"@type":"BreadcrumbList","@id":"https:\/\/uhfp.centre-inffo.fr\/2025\/accompagner-les-transitions-climatiques\/#breadcrumb","itemListElement":[{"@type":"ListItem","position":1,"name":"Accueil","item":"https:\/\/uhfp.centre-inffo.fr\/2025\/"},{"@type":"ListItem","position":2,"name":"Programme","item":"https:\/\/uhfp.centre-inffo.fr\/2025\/rubrique\/programme\/"},{"@type":"ListItem","position":3,"name":"Jeudi 23 janvier","item":"https:\/\/uhfp.centre-inffo.fr\/2025\/rubrique\/programme\/jeudi-23-janvier\/"},{"@type":"ListItem","position":4,"name":"Accompagner les transitions climatiques"}]},{"@type":"WebSite","@id":"https:\/\/uhfp.centre-inffo.fr\/2025\/#website","url":"https:\/\/uhfp.centre-inffo.fr\/2025\/","name":"19e Universit\u00e9 d'Hiver de la Formation Professionnelle","description":"Du 22 au 24 janvier 2025, au Palais des Festivals de Cannes","publisher":{"@id":"https:\/\/uhfp.centre-inffo.fr\/2025\/#organization"},"alternateName":"19e UHFP","potentialAction":[{"@type":"SearchAction","target":{"@type":"EntryPoint","urlTemplate":"https:\/\/uhfp.centre-inffo.fr\/2025\/?s={search_term_string}"},"query-input":"required name=search_term_string"}],"inLanguage":"fr-FR"},{"@type":"Organization","@id":"https:\/\/uhfp.centre-inffo.fr\/2025\/#organization","name":"Centre Inffo","url":"https:\/\/uhfp.centre-inffo.fr\/2025\/","logo":{"@type":"ImageObject","inLanguage":"fr-FR","@id":"https:\/\/uhfp.centre-inffo.fr\/2025\/#\/schema\/logo\/image\/","url":"https:\/\/uhfp.centre-inffo.fr\/2025\/wp-content\/uploads\/2024\/02\/logo-19e-uhfp.png","contentUrl":"https:\/\/uhfp.centre-inffo.fr\/2025\/wp-content\/uploads\/2024\/02\/logo-19e-uhfp.png","width":842,"height":595,"caption":"Centre Inffo"},"image":{"@id":"https:\/\/uhfp.centre-inffo.fr\/2025\/#\/schema\/logo\/image\/"},"sameAs":["https:\/\/www.facebook.com\/centreinffo","https:\/\/twitter.com\/centreinffo","https:\/\/www.linkedin.com\/company\/centre-inffo\/","https:\/\/www.youtube.com\/user\/centreinffo"]}]}},"_links":{"self":[{"href":"https:\/\/uhfp.centre-inffo.fr\/2025\/wp-json\/wp\/v2\/pages\/4792"}],"collection":[{"href":"https:\/\/uhfp.centre-inffo.fr\/2025\/wp-json\/wp\/v2\/pages"}],"about":[{"href":"https:\/\/uhfp.centre-inffo.fr\/2025\/wp-json\/wp\/v2\/types\/page"}],"author":[{"embeddable":true,"href":"https:\/\/uhfp.centre-inffo.fr\/2025\/wp-json\/wp\/v2\/users\/2"}],"replies":[{"embeddable":true,"href":"https:\/\/uhfp.centre-inffo.fr\/2025\/wp-json\/wp\/v2\/comments?post=4792"}],"version-history":[{"count":7,"href":"https:\/\/uhfp.centre-inffo.fr\/2025\/wp-json\/wp\/v2\/pages\/4792\/revisions"}],"predecessor-version":[{"id":8672,"href":"https:\/\/uhfp.centre-inffo.fr\/2025\/wp-json\/wp\/v2\/pages\/4792\/revisions\/8672"}],"wp:attachment":[{"href":"https:\/\/uhfp.centre-inffo.fr\/2025\/wp-json\/wp\/v2\/media?parent=4792"}],"wp:term":[{"taxonomy":"category","embeddable":true,"href":"https:\/\/uhfp.centre-inffo.fr\/2025\/wp-json\/wp\/v2\/categories?post=4792"},{"taxonomy":"post_tag","embeddable":true,"href":"https:\/\/uhfp.centre-inffo.fr\/2025\/wp-json\/wp\/v2\/tags?post=4792"}],"curies":[{"name":"wp","href":"https:\/\/api.w.org\/{rel}","templated":true}]}}