{"id":4845,"date":"2024-11-25T14:51:52","date_gmt":"2024-11-25T13:51:52","guid":{"rendered":"https:\/\/uhfp.centre-inffo.fr\/2025\/?page_id=4845"},"modified":"2025-01-22T10:00:53","modified_gmt":"2025-01-22T09:00:53","slug":"management-durable-defis-et-solutions-pour-les-acteurs-de-la-trans-formation","status":"publish","type":"page","link":"https:\/\/uhfp.centre-inffo.fr\/2025\/management-durable-defis-et-solutions-pour-les-acteurs-de-la-trans-formation\/","title":{"rendered":"Management durable : d\u00e9fis et solutions pour les acteurs de la transformation"},"content":{"rendered":"\n<hr class=\"wp-block-separator has-alpha-channel-opacity\"\/>\n\n\n\n<p>Cet atelier vise \u00e0 explorer les enjeux du management durable et de s\u2019engager dans une dynamique de transformation de ses pratiques manag\u00e9riales afin de garantir une performance durable de leur organisation. L\u2019activit\u00e9 de formation est susceptible d\u2019amplifier l\u2019impact des participants qui seront invit\u00e9s \u00e0 identifier les effets d\u00e9multiplicateurs.<\/p>\n\n\n\n<h2 class=\"wp-block-heading\">Objectif p\u00e9dagogique<\/h2>\n\n\n\n<p>Comprendre les principes du management durable pour transformer les pratiques organisationnelles de mani\u00e8re collaborative et impactante.<\/p>\n\n\n\n<h2 class=\"wp-block-heading\">Intervention<\/h2>\n\n\n\n<ul class=\"list-has-margin\">\n<li><a href=\"https:\/\/uhfp.centre-inffo.fr\/2025\/dorothee-le-vot\/\">Doroth\u00e9e Le Vot <\/a><br><em>Responsable p\u00e9dagogique &#8211; Association Germe<\/em><\/li>\n\n\n\n<li><a href=\"\/2025\/eric-mellet\/\">Eric Mellet<\/a><br><em>Pr\u00e9sident &#8211; SOL France<\/em><\/li>\n\n\n\n<li class=\"list-has-margin \"><a href=\"https:\/\/uhfp.centre-inffo.fr\/2025\/silvia-randon\/\">Silvia Randon<\/a><br><em>Cheffe d\u2019entreprise &#8211; La Team Durable<\/em><\/li>\n<\/ul>\n\n\n\n<h2 class=\"wp-block-heading\">Animation<\/h2>\n\n\n\n<ul class=\"list-has-margin\">\n<li><a href=\"https:\/\/uhfp.centre-inffo.fr\/2025\/schany-taix\/\">Schany Taix<\/a><br><em>Directeur &#8211; ST Conseil<\/em><\/li>\n<\/ul>\n\n\n\n<div style=\"height:30px\" aria-hidden=\"true\" class=\"wp-block-spacer\"><\/div>\n\n\n\n\n<details class=\"wp-block-details large-details-title is-layout-flow wp-block-details-is-layout-flow\" style=\"font-size:18px\"><summary>D\u00e9roulement<\/summary>\n<div style=\"height:60px\" aria-hidden=\"true\" class=\"wp-block-spacer\"><\/div>\n\n\n\n<div class=\"wp-block-group\"><div class=\"wp-block-group__inner-container is-layout-constrained wp-block-group-is-layout-constrained\">\n<h3 class=\"wp-block-heading\">Introduction (10 min)<\/h3>\n\n\n\n<hr class=\"wp-block-separator has-alpha-channel-opacity\"\/>\n\n\n\n<ul style=\"font-size:15px\">\n<li><strong>Accueil et pr\u00e9sentation<\/strong> : Intention de l\u2019atelier, livrables attendus et pr\u00e9sentation des intervenants.<\/li>\n\n\n\n<li><strong>R\u00e8gles du bocal \u00e0 poisson<\/strong> :\n<ul>\n<li>Les participants prennent place en cercle concentrique.<\/li>\n\n\n\n<li>4 chaises sont dispos\u00e9es au centre pour les intervenants et discussions.<\/li>\n\n\n\n<li>Seules les personnes au centre participent \u00e0 la discussion active.<\/li>\n<\/ul>\n<\/li>\n\n\n\n<li><strong>D\u00e9signation des rapporteurs<\/strong> : Trois participants sont d\u00e9sign\u00e9s pour prendre des notes.<\/li>\n\n\n\n<li><strong>D\u00e9signations de designers <\/strong>: 2 participants sont d\u00e9sign\u00e9s pour \u00e9laborer les bases d\u2019une charte de management durable<br><\/li>\n\n\n\n<li><strong>Lancement de l\u2019enregistrement IA<\/strong> : G\u00e9n\u00e9ration du compte rendu.<\/li>\n<\/ul>\n\n\n\n<div style=\"height:30px\" aria-hidden=\"true\" class=\"wp-block-spacer\"><\/div>\n\n\n\n<h3 class=\"wp-block-heading\">Phase 1 : Bocal \u00e0 Poisson (1h05)<\/h3>\n\n\n\n<hr class=\"wp-block-separator has-alpha-channel-opacity\"\/>\n\n\n\n<ul style=\"font-size:15px\">\n<li><strong>Principe :<\/strong><strong><br><\/strong><strong><br><\/strong> Les intervenants prennent place au centre pour traiter un th\u00e8me. Apr\u00e8s une intervention initiale (5 min), ils r\u00e9pondent aux questions et contributions des participants pendant 10 min.<br><br>Chaque intervenant traite un th\u00e8me sp\u00e9cifique, suivi d\u2019un roulement.<br><\/li>\n\n\n\n<li><strong>Th\u00e8mes et intervenants :<\/strong><strong><br><\/strong>\n<ul>\n<li><strong>Th\u00e8me 1 (15min) :<\/strong> Enjeux du management durable : prospective, attentes, modalit\u00e9s de formation &#8211; <em>Doroth\u00e9e Le Vot<\/em>.<\/li>\n\n\n\n<li><strong>Th\u00e8me 2 (15min) :<\/strong> Intelligence collective au service de l\u2019apprentissage collectif interentreprise &#8211; <em>Eric Mellet<\/em>.<\/li>\n\n\n\n<li><strong>Th\u00e8me 3 (15min) :<\/strong> Management durable et gouvernance : alignement des parties prenantes &#8211; <em>Silvia Randon<\/em>.<\/li>\n\n\n\n<li><strong>Echanges ouverts<\/strong> <strong>(15min) <\/strong>: les 3 intervenants reviennent dans le bocal pour \u00e9changes et questions, dans le bocal<br><\/li>\n<\/ul>\n<\/li>\n<\/ul>\n\n\n\n<p style=\"font-size:15px\"><strong>Animation des mouvements<br><\/strong>Les participants du cercle ext\u00e9rieur peuvent rejoindre les discussions en prenant place sur une chaise libre du centre.<\/p>\n\n\n\n<div style=\"height:30px\" aria-hidden=\"true\" class=\"wp-block-spacer\"><\/div>\n\n\n\n<h3 class=\"wp-block-heading\">Phase 2 : Conclusion et Synth\u00e8se (15 min)<\/h3>\n\n\n\n<hr class=\"wp-block-separator has-alpha-channel-opacity\"\/>\n\n\n\n<ul style=\"font-size:15px\">\n<li><strong>Synth\u00e8se (10min) :&nbsp;<\/strong>\n<ul>\n<li>Restitution <strong>par les rapporteurs <\/strong>des points cl\u00e9s abord\u00e9s dans chaque th\u00e8me.<\/li>\n\n\n\n<li>G\u00e9n\u00e9ration d\u2019un compte rendu et carte heuristique via l<strong>\u2019outil d\u2019IA&nbsp;<\/strong><\/li>\n\n\n\n<li>Pr\u00e9sentation synth\u00e9tique des bases d\u2019une charte de management durable par les <strong>designers<\/strong><strong><br><\/strong><\/li>\n<\/ul>\n<\/li>\n\n\n\n<li><strong>Projection (5min) :&nbsp;<\/strong>\n<ul>\n<li><strong>Je m\u2019engage<\/strong> : recueil d\u20191 engagement individuel par participant.<\/li>\n\n\n\n<li>Invitation \u00e0 rejoindre un groupe WhatsApp pour poursuivre les \u00e9changes et acc\u00e9der aux ressources.<\/li>\n<\/ul>\n<\/li>\n<\/ul>\n<\/div><\/div>\n<\/details>\n\n","protected":false},"excerpt":{"rendered":"<p>Cet atelier vise \u00e0 explorer les enjeux du management durable et de s\u2019engager dans une dynamique de transformation de ses pratiques manag\u00e9riales afin de garantir une performance durable de leur organisation. L\u2019activit\u00e9 de formation est susceptible d\u2019amplifier l\u2019impact des participants qui seront invit\u00e9s \u00e0 identifier les effets d\u00e9multiplicateurs. Objectif p\u00e9dagogique Comprendre les principes du management &#8230; <a title=\"Management durable : d\u00e9fis et solutions pour les acteurs de la transformation\" class=\"read-more\" href=\"https:\/\/uhfp.centre-inffo.fr\/2025\/management-durable-defis-et-solutions-pour-les-acteurs-de-la-trans-formation\/\" aria-label=\"Read more about Management durable : d\u00e9fis et solutions pour les acteurs de la transformation\">Lire la suite<\/a><\/p>\n","protected":false},"author":2,"featured_media":0,"parent":0,"menu_order":0,"comment_status":"closed","ping_status":"closed","template":"","meta":{"_acf_changed":false,"footnotes":""},"categories":[12,6],"tags":[27],"acf":[],"yoast_head":"<!-- This site is optimized with the Yoast SEO plugin v22.4 - https:\/\/yoast.com\/wordpress\/plugins\/seo\/ -->\n<title>Management durable : d\u00e9fis et solutions pour les acteurs de la transformation - 19e Universit\u00e9 d&#039;Hiver de la Formation Professionnelle<\/title>\n<meta name=\"robots\" content=\"index, follow, max-snippet:-1, max-image-preview:large, max-video-preview:-1\" \/>\n<link rel=\"canonical\" href=\"https:\/\/uhfp.centre-inffo.fr\/2025\/management-durable-defis-et-solutions-pour-les-acteurs-de-la-trans-formation\/\" \/>\n<meta property=\"og:locale\" content=\"fr_FR\" \/>\n<meta property=\"og:type\" content=\"article\" \/>\n<meta property=\"og:title\" content=\"Management durable : d\u00e9fis et solutions pour les acteurs de la transformation - 19e Universit\u00e9 d&#039;Hiver de la Formation Professionnelle\" \/>\n<meta property=\"og:description\" content=\"Cet atelier vise \u00e0 explorer les enjeux du management durable et de s\u2019engager dans une dynamique de transformation de ses pratiques manag\u00e9riales afin de garantir une performance durable de leur organisation. L\u2019activit\u00e9 de formation est susceptible d\u2019amplifier l\u2019impact des participants qui seront invit\u00e9s \u00e0 identifier les effets d\u00e9multiplicateurs. Objectif p\u00e9dagogique Comprendre les principes du management ... Lire la suite\" \/>\n<meta property=\"og:url\" content=\"https:\/\/uhfp.centre-inffo.fr\/2025\/management-durable-defis-et-solutions-pour-les-acteurs-de-la-trans-formation\/\" \/>\n<meta property=\"og:site_name\" content=\"19e Universit\u00e9 d&#039;Hiver de la Formation Professionnelle\" \/>\n<meta property=\"article:publisher\" content=\"https:\/\/www.facebook.com\/centreinffo\" \/>\n<meta property=\"article:modified_time\" content=\"2025-01-22T09:00:53+00:00\" \/>\n<meta name=\"twitter:card\" content=\"summary_large_image\" \/>\n<meta name=\"twitter:site\" content=\"@centreinffo\" \/>\n<meta name=\"twitter:label1\" content=\"Dur\u00e9e de lecture estim\u00e9e\" \/>\n\t<meta name=\"twitter:data1\" content=\"2 minutes\" \/>\n<script type=\"application\/ld+json\" class=\"yoast-schema-graph\">{\"@context\":\"https:\/\/schema.org\",\"@graph\":[{\"@type\":\"WebPage\",\"@id\":\"https:\/\/uhfp.centre-inffo.fr\/2025\/management-durable-defis-et-solutions-pour-les-acteurs-de-la-trans-formation\/\",\"url\":\"https:\/\/uhfp.centre-inffo.fr\/2025\/management-durable-defis-et-solutions-pour-les-acteurs-de-la-trans-formation\/\",\"name\":\"Management durable : d\u00e9fis et solutions pour les acteurs de la transformation - 19e Universit\u00e9 d&#039;Hiver de la Formation Professionnelle\",\"isPartOf\":{\"@id\":\"https:\/\/uhfp.centre-inffo.fr\/2025\/#website\"},\"datePublished\":\"2024-11-25T13:51:52+00:00\",\"dateModified\":\"2025-01-22T09:00:53+00:00\",\"breadcrumb\":{\"@id\":\"https:\/\/uhfp.centre-inffo.fr\/2025\/management-durable-defis-et-solutions-pour-les-acteurs-de-la-trans-formation\/#breadcrumb\"},\"inLanguage\":\"fr-FR\",\"potentialAction\":[{\"@type\":\"ReadAction\",\"target\":[\"https:\/\/uhfp.centre-inffo.fr\/2025\/management-durable-defis-et-solutions-pour-les-acteurs-de-la-trans-formation\/\"]}]},{\"@type\":\"BreadcrumbList\",\"@id\":\"https:\/\/uhfp.centre-inffo.fr\/2025\/management-durable-defis-et-solutions-pour-les-acteurs-de-la-trans-formation\/#breadcrumb\",\"itemListElement\":[{\"@type\":\"ListItem\",\"position\":1,\"name\":\"Accueil\",\"item\":\"https:\/\/uhfp.centre-inffo.fr\/2025\/\"},{\"@type\":\"ListItem\",\"position\":2,\"name\":\"Programme\",\"item\":\"https:\/\/uhfp.centre-inffo.fr\/2025\/rubrique\/programme\/\"},{\"@type\":\"ListItem\",\"position\":3,\"name\":\"Jeudi 23 janvier\",\"item\":\"https:\/\/uhfp.centre-inffo.fr\/2025\/rubrique\/programme\/jeudi-23-janvier\/\"},{\"@type\":\"ListItem\",\"position\":4,\"name\":\"Management durable : d\u00e9fis et solutions pour les acteurs de la transformation\"}]},{\"@type\":\"WebSite\",\"@id\":\"https:\/\/uhfp.centre-inffo.fr\/2025\/#website\",\"url\":\"https:\/\/uhfp.centre-inffo.fr\/2025\/\",\"name\":\"19e Universit\u00e9 d'Hiver de la Formation Professionnelle\",\"description\":\"Du 22 au 24 janvier 2025, au Palais des Festivals de Cannes\",\"publisher\":{\"@id\":\"https:\/\/uhfp.centre-inffo.fr\/2025\/#organization\"},\"alternateName\":\"19e UHFP\",\"potentialAction\":[{\"@type\":\"SearchAction\",\"target\":{\"@type\":\"EntryPoint\",\"urlTemplate\":\"https:\/\/uhfp.centre-inffo.fr\/2025\/?s={search_term_string}\"},\"query-input\":\"required name=search_term_string\"}],\"inLanguage\":\"fr-FR\"},{\"@type\":\"Organization\",\"@id\":\"https:\/\/uhfp.centre-inffo.fr\/2025\/#organization\",\"name\":\"Centre Inffo\",\"url\":\"https:\/\/uhfp.centre-inffo.fr\/2025\/\",\"logo\":{\"@type\":\"ImageObject\",\"inLanguage\":\"fr-FR\",\"@id\":\"https:\/\/uhfp.centre-inffo.fr\/2025\/#\/schema\/logo\/image\/\",\"url\":\"https:\/\/uhfp.centre-inffo.fr\/2025\/wp-content\/uploads\/2024\/02\/logo-19e-uhfp.png\",\"contentUrl\":\"https:\/\/uhfp.centre-inffo.fr\/2025\/wp-content\/uploads\/2024\/02\/logo-19e-uhfp.png\",\"width\":842,\"height\":595,\"caption\":\"Centre Inffo\"},\"image\":{\"@id\":\"https:\/\/uhfp.centre-inffo.fr\/2025\/#\/schema\/logo\/image\/\"},\"sameAs\":[\"https:\/\/www.facebook.com\/centreinffo\",\"https:\/\/twitter.com\/centreinffo\",\"https:\/\/www.linkedin.com\/company\/centre-inffo\/\",\"https:\/\/www.youtube.com\/user\/centreinffo\"]}]}<\/script>\n<!-- \/ Yoast SEO plugin. -->","yoast_head_json":{"title":"Management durable : d\u00e9fis et solutions pour les acteurs de la transformation - 19e Universit\u00e9 d&#039;Hiver de la Formation Professionnelle","robots":{"index":"index","follow":"follow","max-snippet":"max-snippet:-1","max-image-preview":"max-image-preview:large","max-video-preview":"max-video-preview:-1"},"canonical":"https:\/\/uhfp.centre-inffo.fr\/2025\/management-durable-defis-et-solutions-pour-les-acteurs-de-la-trans-formation\/","og_locale":"fr_FR","og_type":"article","og_title":"Management durable : d\u00e9fis et solutions pour les acteurs de la transformation - 19e Universit\u00e9 d&#039;Hiver de la Formation Professionnelle","og_description":"Cet atelier vise \u00e0 explorer les enjeux du management durable et de s\u2019engager dans une dynamique de transformation de ses pratiques manag\u00e9riales afin de garantir une performance durable de leur organisation. L\u2019activit\u00e9 de formation est susceptible d\u2019amplifier l\u2019impact des participants qui seront invit\u00e9s \u00e0 identifier les effets d\u00e9multiplicateurs. Objectif p\u00e9dagogique Comprendre les principes du management ... Lire la suite","og_url":"https:\/\/uhfp.centre-inffo.fr\/2025\/management-durable-defis-et-solutions-pour-les-acteurs-de-la-trans-formation\/","og_site_name":"19e Universit\u00e9 d&#039;Hiver de la Formation Professionnelle","article_publisher":"https:\/\/www.facebook.com\/centreinffo","article_modified_time":"2025-01-22T09:00:53+00:00","twitter_card":"summary_large_image","twitter_site":"@centreinffo","twitter_misc":{"Dur\u00e9e de lecture estim\u00e9e":"2 minutes"},"schema":{"@context":"https:\/\/schema.org","@graph":[{"@type":"WebPage","@id":"https:\/\/uhfp.centre-inffo.fr\/2025\/management-durable-defis-et-solutions-pour-les-acteurs-de-la-trans-formation\/","url":"https:\/\/uhfp.centre-inffo.fr\/2025\/management-durable-defis-et-solutions-pour-les-acteurs-de-la-trans-formation\/","name":"Management durable : d\u00e9fis et solutions pour les acteurs de la transformation - 19e Universit\u00e9 d&#039;Hiver de la Formation Professionnelle","isPartOf":{"@id":"https:\/\/uhfp.centre-inffo.fr\/2025\/#website"},"datePublished":"2024-11-25T13:51:52+00:00","dateModified":"2025-01-22T09:00:53+00:00","breadcrumb":{"@id":"https:\/\/uhfp.centre-inffo.fr\/2025\/management-durable-defis-et-solutions-pour-les-acteurs-de-la-trans-formation\/#breadcrumb"},"inLanguage":"fr-FR","potentialAction":[{"@type":"ReadAction","target":["https:\/\/uhfp.centre-inffo.fr\/2025\/management-durable-defis-et-solutions-pour-les-acteurs-de-la-trans-formation\/"]}]},{"@type":"BreadcrumbList","@id":"https:\/\/uhfp.centre-inffo.fr\/2025\/management-durable-defis-et-solutions-pour-les-acteurs-de-la-trans-formation\/#breadcrumb","itemListElement":[{"@type":"ListItem","position":1,"name":"Accueil","item":"https:\/\/uhfp.centre-inffo.fr\/2025\/"},{"@type":"ListItem","position":2,"name":"Programme","item":"https:\/\/uhfp.centre-inffo.fr\/2025\/rubrique\/programme\/"},{"@type":"ListItem","position":3,"name":"Jeudi 23 janvier","item":"https:\/\/uhfp.centre-inffo.fr\/2025\/rubrique\/programme\/jeudi-23-janvier\/"},{"@type":"ListItem","position":4,"name":"Management durable : d\u00e9fis et solutions pour les acteurs de la transformation"}]},{"@type":"WebSite","@id":"https:\/\/uhfp.centre-inffo.fr\/2025\/#website","url":"https:\/\/uhfp.centre-inffo.fr\/2025\/","name":"19e Universit\u00e9 d'Hiver de la Formation Professionnelle","description":"Du 22 au 24 janvier 2025, au Palais des Festivals de Cannes","publisher":{"@id":"https:\/\/uhfp.centre-inffo.fr\/2025\/#organization"},"alternateName":"19e UHFP","potentialAction":[{"@type":"SearchAction","target":{"@type":"EntryPoint","urlTemplate":"https:\/\/uhfp.centre-inffo.fr\/2025\/?s={search_term_string}"},"query-input":"required name=search_term_string"}],"inLanguage":"fr-FR"},{"@type":"Organization","@id":"https:\/\/uhfp.centre-inffo.fr\/2025\/#organization","name":"Centre Inffo","url":"https:\/\/uhfp.centre-inffo.fr\/2025\/","logo":{"@type":"ImageObject","inLanguage":"fr-FR","@id":"https:\/\/uhfp.centre-inffo.fr\/2025\/#\/schema\/logo\/image\/","url":"https:\/\/uhfp.centre-inffo.fr\/2025\/wp-content\/uploads\/2024\/02\/logo-19e-uhfp.png","contentUrl":"https:\/\/uhfp.centre-inffo.fr\/2025\/wp-content\/uploads\/2024\/02\/logo-19e-uhfp.png","width":842,"height":595,"caption":"Centre Inffo"},"image":{"@id":"https:\/\/uhfp.centre-inffo.fr\/2025\/#\/schema\/logo\/image\/"},"sameAs":["https:\/\/www.facebook.com\/centreinffo","https:\/\/twitter.com\/centreinffo","https:\/\/www.linkedin.com\/company\/centre-inffo\/","https:\/\/www.youtube.com\/user\/centreinffo"]}]}},"_links":{"self":[{"href":"https:\/\/uhfp.centre-inffo.fr\/2025\/wp-json\/wp\/v2\/pages\/4845"}],"collection":[{"href":"https:\/\/uhfp.centre-inffo.fr\/2025\/wp-json\/wp\/v2\/pages"}],"about":[{"href":"https:\/\/uhfp.centre-inffo.fr\/2025\/wp-json\/wp\/v2\/types\/page"}],"author":[{"embeddable":true,"href":"https:\/\/uhfp.centre-inffo.fr\/2025\/wp-json\/wp\/v2\/users\/2"}],"replies":[{"embeddable":true,"href":"https:\/\/uhfp.centre-inffo.fr\/2025\/wp-json\/wp\/v2\/comments?post=4845"}],"version-history":[{"count":30,"href":"https:\/\/uhfp.centre-inffo.fr\/2025\/wp-json\/wp\/v2\/pages\/4845\/revisions"}],"predecessor-version":[{"id":8952,"href":"https:\/\/uhfp.centre-inffo.fr\/2025\/wp-json\/wp\/v2\/pages\/4845\/revisions\/8952"}],"wp:attachment":[{"href":"https:\/\/uhfp.centre-inffo.fr\/2025\/wp-json\/wp\/v2\/media?parent=4845"}],"wp:term":[{"taxonomy":"category","embeddable":true,"href":"https:\/\/uhfp.centre-inffo.fr\/2025\/wp-json\/wp\/v2\/categories?post=4845"},{"taxonomy":"post_tag","embeddable":true,"href":"https:\/\/uhfp.centre-inffo.fr\/2025\/wp-json\/wp\/v2\/tags?post=4845"}],"curies":[{"name":"wp","href":"https:\/\/api.w.org\/{rel}","templated":true}]}}