{"id":4850,"date":"2024-11-25T14:53:52","date_gmt":"2024-11-25T13:53:52","guid":{"rendered":"https:\/\/uhfp.centre-inffo.fr\/2025\/?page_id=4850"},"modified":"2025-01-29T10:40:14","modified_gmt":"2025-01-29T09:40:14","slug":"sortir-de-lillettrisme-et-de-lillectronisme-un-enjeu-pour-une-societe-inclusive","status":"publish","type":"page","link":"https:\/\/uhfp.centre-inffo.fr\/2025\/sortir-de-lillettrisme-et-de-lillectronisme-un-enjeu-pour-une-societe-inclusive\/","title":{"rendered":"Sortir de l&rsquo;illettrisme et de l&rsquo;illectronisme : l&rsquo;enjeu d&rsquo;une soci\u00e9t\u00e9 inclusive"},"content":{"rendered":"\n<hr class=\"wp-block-separator has-alpha-channel-opacity\"\/>\n\n\n\n<h2 class=\"wp-block-heading\">T\u00e9l\u00e9chargements<\/h2>\n\n\n\n<ul class=\"list-has-margin\">\n<li><a href=\"https:\/\/uhfp.centre-inffo.fr\/2025\/wp-content\/uploads\/2025\/01\/D49.plaquette-clea-app.pdf\">Plaquette &#8211; Cl\u00e9A en APP<\/a><\/li>\n\n\n\n<li><a href=\"https:\/\/uhfp.centre-inffo.fr\/2025\/wp-content\/uploads\/2025\/01\/D49-plaqquette-cleanum-app.pdf\">Plaquette &#8211; Cl\u00e9A Num\u00e9rique en APP<\/a><\/li>\n\n\n\n<li><a href=\"https:\/\/uhfp.centre-inffo.fr\/2025\/wp-content\/uploads\/2025\/01\/D49-ressources-anlci.pdf\">Des ressources pour agir &#8211; ANLCI<\/a><\/li>\n\n\n\n<li><a href=\"https:\/\/uhfp.centre-inffo.fr\/2025\/wp-content\/uploads\/2025\/01\/D49-ressources-web.pdf\">Ressources web &#8211; Apprendre &amp; reprendre confiance en APP &#8211; T\u00e9moignages d\u2019apprenants et d\u2019employeurs<\/a><\/li>\n<\/ul>\n\n\n\n<p>Et si l\u2019illettrisme et l\u2019illectronisme \u00e9taient les freins invisibles \u00e0 la performance de votre entreprise et au bien-\u00eatre de vos collaborateurs ? Aujourd\u2019hui, 1 salari\u00e9 sur 10 en France est en difficult\u00e9 avec la lecture, l\u2019\u00e9criture, le calcul ou le num\u00e9rique, dans un monde professionnel o\u00f9 ces comp\u00e9tences sont essentielles. Face \u00e0 ces enjeux, agir n\u2019est pas seulement une responsabilit\u00e9 sociale, c\u2019est aussi une opportunit\u00e9 : pour lib\u00e9rer des talents, renforcer la coh\u00e9sion, et b\u00e2tir une soci\u00e9t\u00e9 plus inclusive et innovante. \u00cates-vous pr\u00eat \u00e0 relever ce d\u00e9fi ?<\/p>\n\n\n\n<p>Cet atelier est con\u00e7u pour vous aider \u00e0 mieux comprendre les enjeux de l\u2019illettrisme et de l\u2019illectronisme dans le monde du travail, et surtout pour vous donner des cl\u00e9s concr\u00e8tes pour agir. Face \u00e0 des situations souvent invisibles mais aux impacts r\u00e9els sur la performance, la s\u00e9curit\u00e9, la qualit\u00e9 de vie au travail et l\u2019inclusion, vous d\u00e9couvrirez comment transformer ces d\u00e9fis en opportunit\u00e9s : lib\u00e9rer le potentiel des collaborateurs, renforcer la coh\u00e9sion d\u2019\u00e9quipe, faciliter l\u2019acc\u00e8s aux droits pour les salari\u00e9s et contribuer \u00e0 une soci\u00e9t\u00e9 plus juste et inclusive.<\/p>\n\n\n\n<h2 class=\"wp-block-heading\">Probl\u00e9matique<\/h2>\n\n\n\n<p>Comment accompagner les salari\u00e9s en difficult\u00e9 avec les comp\u00e9tences de base face aux exigences croissantes du num\u00e9rique et de la transition \u00e9cologique, tout en conciliant inclusion sociale, performance \u00e9conomique et attractivit\u00e9 employeur ?<\/p>\n\n\n\n<h2 class=\"wp-block-heading\">Objectifs<\/h2>\n\n\n\n<ul class=\"list-has-margin\">\n<li>Sensibiliser les participants \u00e0 l\u2019impact de l\u2019illettrisme et de l\u2019illectronisme sur le monde du travail.<\/li>\n\n\n\n<li>Partager des outils concrets pour mesurer les risques (Ev@gill), rep\u00e9rer les situations d\u2019illettrisme ou d\u2019illectronisme dans les \u00e9quipes (EVA) et pouvoir les accompagner (Les incontournables).<\/li>\n\n\n\n<li>Inspirer \u00e0 travers des t\u00e9moignages et des exemples d\u2019initiatives r\u00e9ussies d\u2019entreprises ayant agi pour l\u2019inclusion : du territoire vers le national \/ d\u2019un site d\u2019entreprise (V\u00e9olia) vers l\u2019engagement d\u2019une branche (FNADE).<\/li>\n\n\n\n<li>Encourager les employeurs et RH \u00e0 int\u00e9grer des actions cibl\u00e9es dans leurs politiques RSE et de gestion des comp\u00e9tences (les enjeux, les r\u00e9percussions et les b\u00e9n\u00e9fices).<\/li>\n\n\n\n<li>Favoriser la mise en r\u00e9seau entre acteurs engag\u00e9s pour d\u00e9velopper des solutions collaboratives (intelligence collective au service de la mont\u00e9e en comp\u00e9tence des salari\u00e9s).<\/li>\n<\/ul>\n\n\n\n<h2 class=\"wp-block-heading\">Interventions<\/h2>\n\n\n\n<ul class=\"list-has-margin\">\n<li><a href=\"https:\/\/uhfp.centre-inffo.fr\/2025\/lamia-allal\/\">Lamia Allal<\/a><br><em>Cheffe de projet national D\u00e9veloppement des comp\u00e9tences et lutte contre l&rsquo;illettrisme dans le monde du travail &#8211; ANLCI<\/em><\/li>\n\n\n\n<li><a href=\"https:\/\/uhfp.centre-inffo.fr\/2025\/muriel-drouin\/\">Muriel Drouin<\/a><br><em>Responsable d\u00e9veloppement RH &#8211; Veolia Recyclage et Valorisation des D\u00e9chets<\/em><\/li>\n\n\n\n<li><a href=\"https:\/\/uhfp.centre-inffo.fr\/2025\/herve-le-saux\/\">Herv\u00e9 Le Saux<\/a><br><em>Directeur du D\u00e9veloppement des RH <em>&#8211; Veolia Recyclage et Valorisation des D\u00e9chets<\/em>  \/ Pr\u00e9sident de la commission formation de la F\u00e9d\u00e9ration nationale des activit\u00e9s de la d\u00e9pollution (FNADE)<\/em><\/li>\n\n\n\n<li><a href=\"https:\/\/uhfp.centre-inffo.fr\/2025\/laurence-martin\/\">Laurence Martin<\/a><br>D\u00e9l\u00e9gu\u00e9e Nationale &#8211; APapp<\/li>\n\n\n\n<li><a href=\"https:\/\/uhfp.centre-inffo.fr\/2025\/christine-schmitt\/\">Christine Schmitt<\/a><br><em>Charg\u00e9e de mission DGEFP &#8211; Minist\u00e8re du Travail et de l&#8217;emploi<\/em><\/li>\n<\/ul>\n","protected":false},"excerpt":{"rendered":"<p>T\u00e9l\u00e9chargements Et si l\u2019illettrisme et l\u2019illectronisme \u00e9taient les freins invisibles \u00e0 la performance de votre entreprise et au bien-\u00eatre de vos collaborateurs ? Aujourd\u2019hui, 1 salari\u00e9 sur 10 en France est en difficult\u00e9 avec la lecture, l\u2019\u00e9criture, le calcul ou le num\u00e9rique, dans un monde professionnel o\u00f9 ces comp\u00e9tences sont essentielles. Face \u00e0 ces enjeux, &#8230; <a title=\"Sortir de l&rsquo;illettrisme et de l&rsquo;illectronisme : l&rsquo;enjeu d&rsquo;une soci\u00e9t\u00e9 inclusive\" class=\"read-more\" href=\"https:\/\/uhfp.centre-inffo.fr\/2025\/sortir-de-lillettrisme-et-de-lillectronisme-un-enjeu-pour-une-societe-inclusive\/\" aria-label=\"Read more about Sortir de l&rsquo;illettrisme et de l&rsquo;illectronisme : l&rsquo;enjeu d&rsquo;une soci\u00e9t\u00e9 inclusive\">Lire la suite<\/a><\/p>\n","protected":false},"author":2,"featured_media":0,"parent":0,"menu_order":0,"comment_status":"closed","ping_status":"closed","template":"","meta":{"_acf_changed":false,"footnotes":""},"categories":[12,6],"tags":[27],"acf":[],"yoast_head":"<!-- This site is optimized with the Yoast SEO plugin v22.4 - https:\/\/yoast.com\/wordpress\/plugins\/seo\/ -->\n<title>Sortir de l&#039;illettrisme et de l&#039;illectronisme : l&#039;enjeu d&#039;une soci\u00e9t\u00e9 inclusive - 19e Universit\u00e9 d&#039;Hiver de la Formation Professionnelle<\/title>\n<meta name=\"robots\" content=\"index, follow, max-snippet:-1, max-image-preview:large, max-video-preview:-1\" \/>\n<link rel=\"canonical\" href=\"https:\/\/uhfp.centre-inffo.fr\/2025\/sortir-de-lillettrisme-et-de-lillectronisme-un-enjeu-pour-une-societe-inclusive\/\" \/>\n<meta property=\"og:locale\" content=\"fr_FR\" \/>\n<meta property=\"og:type\" content=\"article\" \/>\n<meta property=\"og:title\" content=\"Sortir de l&#039;illettrisme et de l&#039;illectronisme : l&#039;enjeu d&#039;une soci\u00e9t\u00e9 inclusive - 19e Universit\u00e9 d&#039;Hiver de la Formation Professionnelle\" \/>\n<meta property=\"og:description\" content=\"T\u00e9l\u00e9chargements Et si l\u2019illettrisme et l\u2019illectronisme \u00e9taient les freins invisibles \u00e0 la performance de votre entreprise et au bien-\u00eatre de vos collaborateurs ? Aujourd\u2019hui, 1 salari\u00e9 sur 10 en France est en difficult\u00e9 avec la lecture, l\u2019\u00e9criture, le calcul ou le num\u00e9rique, dans un monde professionnel o\u00f9 ces comp\u00e9tences sont essentielles. Face \u00e0 ces enjeux, ... Lire la suite\" \/>\n<meta property=\"og:url\" content=\"https:\/\/uhfp.centre-inffo.fr\/2025\/sortir-de-lillettrisme-et-de-lillectronisme-un-enjeu-pour-une-societe-inclusive\/\" \/>\n<meta property=\"og:site_name\" content=\"19e Universit\u00e9 d&#039;Hiver de la Formation Professionnelle\" \/>\n<meta property=\"article:publisher\" content=\"https:\/\/www.facebook.com\/centreinffo\" \/>\n<meta property=\"article:modified_time\" content=\"2025-01-29T09:40:14+00:00\" \/>\n<meta name=\"twitter:card\" content=\"summary_large_image\" \/>\n<meta name=\"twitter:site\" content=\"@centreinffo\" \/>\n<meta name=\"twitter:label1\" content=\"Dur\u00e9e de lecture estim\u00e9e\" \/>\n\t<meta name=\"twitter:data1\" content=\"3 minutes\" \/>\n<script type=\"application\/ld+json\" class=\"yoast-schema-graph\">{\"@context\":\"https:\/\/schema.org\",\"@graph\":[{\"@type\":\"WebPage\",\"@id\":\"https:\/\/uhfp.centre-inffo.fr\/2025\/sortir-de-lillettrisme-et-de-lillectronisme-un-enjeu-pour-une-societe-inclusive\/\",\"url\":\"https:\/\/uhfp.centre-inffo.fr\/2025\/sortir-de-lillettrisme-et-de-lillectronisme-un-enjeu-pour-une-societe-inclusive\/\",\"name\":\"Sortir de l'illettrisme et de l'illectronisme : l'enjeu d'une soci\u00e9t\u00e9 inclusive - 19e Universit\u00e9 d&#039;Hiver de la Formation Professionnelle\",\"isPartOf\":{\"@id\":\"https:\/\/uhfp.centre-inffo.fr\/2025\/#website\"},\"datePublished\":\"2024-11-25T13:53:52+00:00\",\"dateModified\":\"2025-01-29T09:40:14+00:00\",\"breadcrumb\":{\"@id\":\"https:\/\/uhfp.centre-inffo.fr\/2025\/sortir-de-lillettrisme-et-de-lillectronisme-un-enjeu-pour-une-societe-inclusive\/#breadcrumb\"},\"inLanguage\":\"fr-FR\",\"potentialAction\":[{\"@type\":\"ReadAction\",\"target\":[\"https:\/\/uhfp.centre-inffo.fr\/2025\/sortir-de-lillettrisme-et-de-lillectronisme-un-enjeu-pour-une-societe-inclusive\/\"]}]},{\"@type\":\"BreadcrumbList\",\"@id\":\"https:\/\/uhfp.centre-inffo.fr\/2025\/sortir-de-lillettrisme-et-de-lillectronisme-un-enjeu-pour-une-societe-inclusive\/#breadcrumb\",\"itemListElement\":[{\"@type\":\"ListItem\",\"position\":1,\"name\":\"Accueil\",\"item\":\"https:\/\/uhfp.centre-inffo.fr\/2025\/\"},{\"@type\":\"ListItem\",\"position\":2,\"name\":\"Programme\",\"item\":\"https:\/\/uhfp.centre-inffo.fr\/2025\/rubrique\/programme\/\"},{\"@type\":\"ListItem\",\"position\":3,\"name\":\"Jeudi 23 janvier\",\"item\":\"https:\/\/uhfp.centre-inffo.fr\/2025\/rubrique\/programme\/jeudi-23-janvier\/\"},{\"@type\":\"ListItem\",\"position\":4,\"name\":\"Sortir de l&rsquo;illettrisme et de l&rsquo;illectronisme : l&rsquo;enjeu d&rsquo;une soci\u00e9t\u00e9 inclusive\"}]},{\"@type\":\"WebSite\",\"@id\":\"https:\/\/uhfp.centre-inffo.fr\/2025\/#website\",\"url\":\"https:\/\/uhfp.centre-inffo.fr\/2025\/\",\"name\":\"19e Universit\u00e9 d'Hiver de la Formation Professionnelle\",\"description\":\"Du 22 au 24 janvier 2025, au Palais des Festivals de Cannes\",\"publisher\":{\"@id\":\"https:\/\/uhfp.centre-inffo.fr\/2025\/#organization\"},\"alternateName\":\"19e UHFP\",\"potentialAction\":[{\"@type\":\"SearchAction\",\"target\":{\"@type\":\"EntryPoint\",\"urlTemplate\":\"https:\/\/uhfp.centre-inffo.fr\/2025\/?s={search_term_string}\"},\"query-input\":\"required name=search_term_string\"}],\"inLanguage\":\"fr-FR\"},{\"@type\":\"Organization\",\"@id\":\"https:\/\/uhfp.centre-inffo.fr\/2025\/#organization\",\"name\":\"Centre Inffo\",\"url\":\"https:\/\/uhfp.centre-inffo.fr\/2025\/\",\"logo\":{\"@type\":\"ImageObject\",\"inLanguage\":\"fr-FR\",\"@id\":\"https:\/\/uhfp.centre-inffo.fr\/2025\/#\/schema\/logo\/image\/\",\"url\":\"https:\/\/uhfp.centre-inffo.fr\/2025\/wp-content\/uploads\/2024\/02\/logo-19e-uhfp.png\",\"contentUrl\":\"https:\/\/uhfp.centre-inffo.fr\/2025\/wp-content\/uploads\/2024\/02\/logo-19e-uhfp.png\",\"width\":842,\"height\":595,\"caption\":\"Centre Inffo\"},\"image\":{\"@id\":\"https:\/\/uhfp.centre-inffo.fr\/2025\/#\/schema\/logo\/image\/\"},\"sameAs\":[\"https:\/\/www.facebook.com\/centreinffo\",\"https:\/\/twitter.com\/centreinffo\",\"https:\/\/www.linkedin.com\/company\/centre-inffo\/\",\"https:\/\/www.youtube.com\/user\/centreinffo\"]}]}<\/script>\n<!-- \/ Yoast SEO plugin. -->","yoast_head_json":{"title":"Sortir de l'illettrisme et de l'illectronisme : l'enjeu d'une soci\u00e9t\u00e9 inclusive - 19e Universit\u00e9 d&#039;Hiver de la Formation Professionnelle","robots":{"index":"index","follow":"follow","max-snippet":"max-snippet:-1","max-image-preview":"max-image-preview:large","max-video-preview":"max-video-preview:-1"},"canonical":"https:\/\/uhfp.centre-inffo.fr\/2025\/sortir-de-lillettrisme-et-de-lillectronisme-un-enjeu-pour-une-societe-inclusive\/","og_locale":"fr_FR","og_type":"article","og_title":"Sortir de l'illettrisme et de l'illectronisme : l'enjeu d'une soci\u00e9t\u00e9 inclusive - 19e Universit\u00e9 d&#039;Hiver de la Formation Professionnelle","og_description":"T\u00e9l\u00e9chargements Et si l\u2019illettrisme et l\u2019illectronisme \u00e9taient les freins invisibles \u00e0 la performance de votre entreprise et au bien-\u00eatre de vos collaborateurs ? Aujourd\u2019hui, 1 salari\u00e9 sur 10 en France est en difficult\u00e9 avec la lecture, l\u2019\u00e9criture, le calcul ou le num\u00e9rique, dans un monde professionnel o\u00f9 ces comp\u00e9tences sont essentielles. Face \u00e0 ces enjeux, ... Lire la suite","og_url":"https:\/\/uhfp.centre-inffo.fr\/2025\/sortir-de-lillettrisme-et-de-lillectronisme-un-enjeu-pour-une-societe-inclusive\/","og_site_name":"19e Universit\u00e9 d&#039;Hiver de la Formation Professionnelle","article_publisher":"https:\/\/www.facebook.com\/centreinffo","article_modified_time":"2025-01-29T09:40:14+00:00","twitter_card":"summary_large_image","twitter_site":"@centreinffo","twitter_misc":{"Dur\u00e9e de lecture estim\u00e9e":"3 minutes"},"schema":{"@context":"https:\/\/schema.org","@graph":[{"@type":"WebPage","@id":"https:\/\/uhfp.centre-inffo.fr\/2025\/sortir-de-lillettrisme-et-de-lillectronisme-un-enjeu-pour-une-societe-inclusive\/","url":"https:\/\/uhfp.centre-inffo.fr\/2025\/sortir-de-lillettrisme-et-de-lillectronisme-un-enjeu-pour-une-societe-inclusive\/","name":"Sortir de l'illettrisme et de l'illectronisme : l'enjeu d'une soci\u00e9t\u00e9 inclusive - 19e Universit\u00e9 d&#039;Hiver de la Formation Professionnelle","isPartOf":{"@id":"https:\/\/uhfp.centre-inffo.fr\/2025\/#website"},"datePublished":"2024-11-25T13:53:52+00:00","dateModified":"2025-01-29T09:40:14+00:00","breadcrumb":{"@id":"https:\/\/uhfp.centre-inffo.fr\/2025\/sortir-de-lillettrisme-et-de-lillectronisme-un-enjeu-pour-une-societe-inclusive\/#breadcrumb"},"inLanguage":"fr-FR","potentialAction":[{"@type":"ReadAction","target":["https:\/\/uhfp.centre-inffo.fr\/2025\/sortir-de-lillettrisme-et-de-lillectronisme-un-enjeu-pour-une-societe-inclusive\/"]}]},{"@type":"BreadcrumbList","@id":"https:\/\/uhfp.centre-inffo.fr\/2025\/sortir-de-lillettrisme-et-de-lillectronisme-un-enjeu-pour-une-societe-inclusive\/#breadcrumb","itemListElement":[{"@type":"ListItem","position":1,"name":"Accueil","item":"https:\/\/uhfp.centre-inffo.fr\/2025\/"},{"@type":"ListItem","position":2,"name":"Programme","item":"https:\/\/uhfp.centre-inffo.fr\/2025\/rubrique\/programme\/"},{"@type":"ListItem","position":3,"name":"Jeudi 23 janvier","item":"https:\/\/uhfp.centre-inffo.fr\/2025\/rubrique\/programme\/jeudi-23-janvier\/"},{"@type":"ListItem","position":4,"name":"Sortir de l&rsquo;illettrisme et de l&rsquo;illectronisme : l&rsquo;enjeu d&rsquo;une soci\u00e9t\u00e9 inclusive"}]},{"@type":"WebSite","@id":"https:\/\/uhfp.centre-inffo.fr\/2025\/#website","url":"https:\/\/uhfp.centre-inffo.fr\/2025\/","name":"19e Universit\u00e9 d'Hiver de la Formation Professionnelle","description":"Du 22 au 24 janvier 2025, au Palais des Festivals de Cannes","publisher":{"@id":"https:\/\/uhfp.centre-inffo.fr\/2025\/#organization"},"alternateName":"19e UHFP","potentialAction":[{"@type":"SearchAction","target":{"@type":"EntryPoint","urlTemplate":"https:\/\/uhfp.centre-inffo.fr\/2025\/?s={search_term_string}"},"query-input":"required name=search_term_string"}],"inLanguage":"fr-FR"},{"@type":"Organization","@id":"https:\/\/uhfp.centre-inffo.fr\/2025\/#organization","name":"Centre Inffo","url":"https:\/\/uhfp.centre-inffo.fr\/2025\/","logo":{"@type":"ImageObject","inLanguage":"fr-FR","@id":"https:\/\/uhfp.centre-inffo.fr\/2025\/#\/schema\/logo\/image\/","url":"https:\/\/uhfp.centre-inffo.fr\/2025\/wp-content\/uploads\/2024\/02\/logo-19e-uhfp.png","contentUrl":"https:\/\/uhfp.centre-inffo.fr\/2025\/wp-content\/uploads\/2024\/02\/logo-19e-uhfp.png","width":842,"height":595,"caption":"Centre Inffo"},"image":{"@id":"https:\/\/uhfp.centre-inffo.fr\/2025\/#\/schema\/logo\/image\/"},"sameAs":["https:\/\/www.facebook.com\/centreinffo","https:\/\/twitter.com\/centreinffo","https:\/\/www.linkedin.com\/company\/centre-inffo\/","https:\/\/www.youtube.com\/user\/centreinffo"]}]}},"_links":{"self":[{"href":"https:\/\/uhfp.centre-inffo.fr\/2025\/wp-json\/wp\/v2\/pages\/4850"}],"collection":[{"href":"https:\/\/uhfp.centre-inffo.fr\/2025\/wp-json\/wp\/v2\/pages"}],"about":[{"href":"https:\/\/uhfp.centre-inffo.fr\/2025\/wp-json\/wp\/v2\/types\/page"}],"author":[{"embeddable":true,"href":"https:\/\/uhfp.centre-inffo.fr\/2025\/wp-json\/wp\/v2\/users\/2"}],"replies":[{"embeddable":true,"href":"https:\/\/uhfp.centre-inffo.fr\/2025\/wp-json\/wp\/v2\/comments?post=4850"}],"version-history":[{"count":18,"href":"https:\/\/uhfp.centre-inffo.fr\/2025\/wp-json\/wp\/v2\/pages\/4850\/revisions"}],"predecessor-version":[{"id":9153,"href":"https:\/\/uhfp.centre-inffo.fr\/2025\/wp-json\/wp\/v2\/pages\/4850\/revisions\/9153"}],"wp:attachment":[{"href":"https:\/\/uhfp.centre-inffo.fr\/2025\/wp-json\/wp\/v2\/media?parent=4850"}],"wp:term":[{"taxonomy":"category","embeddable":true,"href":"https:\/\/uhfp.centre-inffo.fr\/2025\/wp-json\/wp\/v2\/categories?post=4850"},{"taxonomy":"post_tag","embeddable":true,"href":"https:\/\/uhfp.centre-inffo.fr\/2025\/wp-json\/wp\/v2\/tags?post=4850"}],"curies":[{"name":"wp","href":"https:\/\/api.w.org\/{rel}","templated":true}]}}