{"id":4865,"date":"2024-11-25T14:59:38","date_gmt":"2024-11-25T13:59:38","guid":{"rendered":"https:\/\/uhfp.centre-inffo.fr\/2025\/?page_id=4865"},"modified":"2025-01-17T08:31:16","modified_gmt":"2025-01-17T07:31:16","slug":"panorama-de-lactualite-juridique-centre-inffo-2","status":"publish","type":"page","link":"https:\/\/uhfp.centre-inffo.fr\/2025\/panorama-de-lactualite-juridique-centre-inffo-2\/","title":{"rendered":"Panorama de l\u2019actualit\u00e9 juridique : apprentissage, CPF, VAE\u2026"},"content":{"rendered":"\n<hr class=\"wp-block-separator has-alpha-channel-opacity\"\/>\n\n\n\n<p>En 2025, la formation professionnelle entre dans une ann\u00e9e charni\u00e8re. Les ajustements li\u00e9s au financement de l\u2019apprentissage, \u00e0 la r\u00e9gulation du CPF et \u00e0 la mise en \u0153uvre de la r\u00e9forme de la VAE\u2026 risquent fortement de red\u00e9finir les \u00e9quilibres du march\u00e9. Cet atelier abordera les d\u00e9fis juridiques, politiques et financiers de cette p\u00e9riode cl\u00e9, ainsi que leurs impacts sur les prestataires et les financeurs. Il analysera \u00e9galement comment les restrictions budg\u00e9taires affectent l&rsquo;acc\u00e8s \u00e0 la formation et son financement.<\/p>\n\n\n\n<h2 class=\"wp-block-heading\">Probl\u00e9matique<\/h2>\n\n\n\n<p>Quels sont les textes r\u00e9glementaires r\u00e9cents ou \u00e0 venir qui n\u00e9cessiteront des ajustements dans les pratiques des acteurs de la formation en 2025 ?<\/p>\n\n\n\n<h2 class=\"wp-block-heading\">Objectif<\/h2>\n\n\n\n<ul class=\"list-has-margin\">\n<li>Identifier les derniers ajustements r\u00e9glementaires et budg\u00e9taires dans le domaine de la formation et de l\u2019apprentissage<\/li>\n\n\n\n<li>Mesurer les impacts de ces nouveaut\u00e9s sur son activit\u00e9 de formation<\/li>\n<\/ul>\n\n\n\n<h2 class=\"wp-block-heading\">Interventions<\/h2>\n\n\n\n<p>Juristes consultants experts de Centre Inffo<\/p>\n\n\n\n<ul class=\"list-has-margin\">\n<li><a href=\"https:\/\/uhfp.centre-inffo.fr\/2025\/claire-maugin\/\">Claire Maugin<\/a><br><em>Juriste Droit et Politiques de Formation \u2013 Centre Inffo<\/em><\/li>\n\n\n\n<li><a href=\"https:\/\/uhfp.centre-inffo.fr\/2025\/houda-soltani\/\">Houda Soltani<\/a><br><em>Consultante Droit et Politiques de Formation \/ Juriste S\u00e9nior \u2013 Centre Inffo<\/em><\/li>\n<\/ul>\n","protected":false},"excerpt":{"rendered":"<p>En 2025, la formation professionnelle entre dans une ann\u00e9e charni\u00e8re. Les ajustements li\u00e9s au financement de l\u2019apprentissage, \u00e0 la r\u00e9gulation du CPF et \u00e0 la mise en \u0153uvre de la r\u00e9forme de la VAE\u2026 risquent fortement de red\u00e9finir les \u00e9quilibres du march\u00e9. Cet atelier abordera les d\u00e9fis juridiques, politiques et financiers de cette p\u00e9riode cl\u00e9, &#8230; <a title=\"Panorama de l\u2019actualit\u00e9 juridique : apprentissage, CPF, VAE\u2026\" class=\"read-more\" href=\"https:\/\/uhfp.centre-inffo.fr\/2025\/panorama-de-lactualite-juridique-centre-inffo-2\/\" aria-label=\"Read more about Panorama de l\u2019actualit\u00e9 juridique : apprentissage, CPF, VAE\u2026\">Lire la suite<\/a><\/p>\n","protected":false},"author":2,"featured_media":0,"parent":0,"menu_order":0,"comment_status":"closed","ping_status":"closed","template":"","meta":{"_acf_changed":false,"footnotes":""},"categories":[12,6],"tags":[29],"acf":[],"yoast_head":"<!-- This site is optimized with the Yoast SEO plugin v22.4 - https:\/\/yoast.com\/wordpress\/plugins\/seo\/ -->\n<title>Panorama de l\u2019actualit\u00e9 juridique : apprentissage, CPF, VAE\u2026 - 19e Universit\u00e9 d&#039;Hiver de la Formation Professionnelle<\/title>\n<meta name=\"robots\" content=\"index, follow, max-snippet:-1, max-image-preview:large, max-video-preview:-1\" \/>\n<link rel=\"canonical\" href=\"https:\/\/uhfp.centre-inffo.fr\/2025\/panorama-de-lactualite-juridique-centre-inffo-2\/\" \/>\n<meta property=\"og:locale\" content=\"fr_FR\" \/>\n<meta property=\"og:type\" content=\"article\" \/>\n<meta property=\"og:title\" content=\"Panorama de l\u2019actualit\u00e9 juridique : apprentissage, CPF, VAE\u2026 - 19e Universit\u00e9 d&#039;Hiver de la Formation Professionnelle\" \/>\n<meta property=\"og:description\" content=\"En 2025, la formation professionnelle entre dans une ann\u00e9e charni\u00e8re. Les ajustements li\u00e9s au financement de l\u2019apprentissage, \u00e0 la r\u00e9gulation du CPF et \u00e0 la mise en \u0153uvre de la r\u00e9forme de la VAE\u2026 risquent fortement de red\u00e9finir les \u00e9quilibres du march\u00e9. Cet atelier abordera les d\u00e9fis juridiques, politiques et financiers de cette p\u00e9riode cl\u00e9, ... Lire la suite\" \/>\n<meta property=\"og:url\" content=\"https:\/\/uhfp.centre-inffo.fr\/2025\/panorama-de-lactualite-juridique-centre-inffo-2\/\" \/>\n<meta property=\"og:site_name\" content=\"19e Universit\u00e9 d&#039;Hiver de la Formation Professionnelle\" \/>\n<meta property=\"article:publisher\" content=\"https:\/\/www.facebook.com\/centreinffo\" \/>\n<meta property=\"article:modified_time\" content=\"2025-01-17T07:31:16+00:00\" \/>\n<meta name=\"twitter:card\" content=\"summary_large_image\" \/>\n<meta name=\"twitter:site\" content=\"@centreinffo\" \/>\n<meta name=\"twitter:label1\" content=\"Dur\u00e9e de lecture estim\u00e9e\" \/>\n\t<meta name=\"twitter:data1\" content=\"1 minute\" \/>\n<script type=\"application\/ld+json\" class=\"yoast-schema-graph\">{\"@context\":\"https:\/\/schema.org\",\"@graph\":[{\"@type\":\"WebPage\",\"@id\":\"https:\/\/uhfp.centre-inffo.fr\/2025\/panorama-de-lactualite-juridique-centre-inffo-2\/\",\"url\":\"https:\/\/uhfp.centre-inffo.fr\/2025\/panorama-de-lactualite-juridique-centre-inffo-2\/\",\"name\":\"Panorama de l\u2019actualit\u00e9 juridique : apprentissage, CPF, VAE\u2026 - 19e Universit\u00e9 d&#039;Hiver de la Formation Professionnelle\",\"isPartOf\":{\"@id\":\"https:\/\/uhfp.centre-inffo.fr\/2025\/#website\"},\"datePublished\":\"2024-11-25T13:59:38+00:00\",\"dateModified\":\"2025-01-17T07:31:16+00:00\",\"breadcrumb\":{\"@id\":\"https:\/\/uhfp.centre-inffo.fr\/2025\/panorama-de-lactualite-juridique-centre-inffo-2\/#breadcrumb\"},\"inLanguage\":\"fr-FR\",\"potentialAction\":[{\"@type\":\"ReadAction\",\"target\":[\"https:\/\/uhfp.centre-inffo.fr\/2025\/panorama-de-lactualite-juridique-centre-inffo-2\/\"]}]},{\"@type\":\"BreadcrumbList\",\"@id\":\"https:\/\/uhfp.centre-inffo.fr\/2025\/panorama-de-lactualite-juridique-centre-inffo-2\/#breadcrumb\",\"itemListElement\":[{\"@type\":\"ListItem\",\"position\":1,\"name\":\"Accueil\",\"item\":\"https:\/\/uhfp.centre-inffo.fr\/2025\/\"},{\"@type\":\"ListItem\",\"position\":2,\"name\":\"Programme\",\"item\":\"https:\/\/uhfp.centre-inffo.fr\/2025\/rubrique\/programme\/\"},{\"@type\":\"ListItem\",\"position\":3,\"name\":\"Jeudi 23 janvier\",\"item\":\"https:\/\/uhfp.centre-inffo.fr\/2025\/rubrique\/programme\/jeudi-23-janvier\/\"},{\"@type\":\"ListItem\",\"position\":4,\"name\":\"Panorama de l\u2019actualit\u00e9 juridique : apprentissage, CPF, VAE\u2026\"}]},{\"@type\":\"WebSite\",\"@id\":\"https:\/\/uhfp.centre-inffo.fr\/2025\/#website\",\"url\":\"https:\/\/uhfp.centre-inffo.fr\/2025\/\",\"name\":\"19e Universit\u00e9 d'Hiver de la Formation Professionnelle\",\"description\":\"Du 22 au 24 janvier 2025, au Palais des Festivals de Cannes\",\"publisher\":{\"@id\":\"https:\/\/uhfp.centre-inffo.fr\/2025\/#organization\"},\"alternateName\":\"19e UHFP\",\"potentialAction\":[{\"@type\":\"SearchAction\",\"target\":{\"@type\":\"EntryPoint\",\"urlTemplate\":\"https:\/\/uhfp.centre-inffo.fr\/2025\/?s={search_term_string}\"},\"query-input\":\"required name=search_term_string\"}],\"inLanguage\":\"fr-FR\"},{\"@type\":\"Organization\",\"@id\":\"https:\/\/uhfp.centre-inffo.fr\/2025\/#organization\",\"name\":\"Centre Inffo\",\"url\":\"https:\/\/uhfp.centre-inffo.fr\/2025\/\",\"logo\":{\"@type\":\"ImageObject\",\"inLanguage\":\"fr-FR\",\"@id\":\"https:\/\/uhfp.centre-inffo.fr\/2025\/#\/schema\/logo\/image\/\",\"url\":\"https:\/\/uhfp.centre-inffo.fr\/2025\/wp-content\/uploads\/2024\/02\/logo-19e-uhfp.png\",\"contentUrl\":\"https:\/\/uhfp.centre-inffo.fr\/2025\/wp-content\/uploads\/2024\/02\/logo-19e-uhfp.png\",\"width\":842,\"height\":595,\"caption\":\"Centre Inffo\"},\"image\":{\"@id\":\"https:\/\/uhfp.centre-inffo.fr\/2025\/#\/schema\/logo\/image\/\"},\"sameAs\":[\"https:\/\/www.facebook.com\/centreinffo\",\"https:\/\/twitter.com\/centreinffo\",\"https:\/\/www.linkedin.com\/company\/centre-inffo\/\",\"https:\/\/www.youtube.com\/user\/centreinffo\"]}]}<\/script>\n<!-- \/ Yoast SEO plugin. -->","yoast_head_json":{"title":"Panorama de l\u2019actualit\u00e9 juridique : apprentissage, CPF, VAE\u2026 - 19e Universit\u00e9 d&#039;Hiver de la Formation Professionnelle","robots":{"index":"index","follow":"follow","max-snippet":"max-snippet:-1","max-image-preview":"max-image-preview:large","max-video-preview":"max-video-preview:-1"},"canonical":"https:\/\/uhfp.centre-inffo.fr\/2025\/panorama-de-lactualite-juridique-centre-inffo-2\/","og_locale":"fr_FR","og_type":"article","og_title":"Panorama de l\u2019actualit\u00e9 juridique : apprentissage, CPF, VAE\u2026 - 19e Universit\u00e9 d&#039;Hiver de la Formation Professionnelle","og_description":"En 2025, la formation professionnelle entre dans une ann\u00e9e charni\u00e8re. Les ajustements li\u00e9s au financement de l\u2019apprentissage, \u00e0 la r\u00e9gulation du CPF et \u00e0 la mise en \u0153uvre de la r\u00e9forme de la VAE\u2026 risquent fortement de red\u00e9finir les \u00e9quilibres du march\u00e9. Cet atelier abordera les d\u00e9fis juridiques, politiques et financiers de cette p\u00e9riode cl\u00e9, ... Lire la suite","og_url":"https:\/\/uhfp.centre-inffo.fr\/2025\/panorama-de-lactualite-juridique-centre-inffo-2\/","og_site_name":"19e Universit\u00e9 d&#039;Hiver de la Formation Professionnelle","article_publisher":"https:\/\/www.facebook.com\/centreinffo","article_modified_time":"2025-01-17T07:31:16+00:00","twitter_card":"summary_large_image","twitter_site":"@centreinffo","twitter_misc":{"Dur\u00e9e de lecture estim\u00e9e":"1 minute"},"schema":{"@context":"https:\/\/schema.org","@graph":[{"@type":"WebPage","@id":"https:\/\/uhfp.centre-inffo.fr\/2025\/panorama-de-lactualite-juridique-centre-inffo-2\/","url":"https:\/\/uhfp.centre-inffo.fr\/2025\/panorama-de-lactualite-juridique-centre-inffo-2\/","name":"Panorama de l\u2019actualit\u00e9 juridique : apprentissage, CPF, VAE\u2026 - 19e Universit\u00e9 d&#039;Hiver de la Formation Professionnelle","isPartOf":{"@id":"https:\/\/uhfp.centre-inffo.fr\/2025\/#website"},"datePublished":"2024-11-25T13:59:38+00:00","dateModified":"2025-01-17T07:31:16+00:00","breadcrumb":{"@id":"https:\/\/uhfp.centre-inffo.fr\/2025\/panorama-de-lactualite-juridique-centre-inffo-2\/#breadcrumb"},"inLanguage":"fr-FR","potentialAction":[{"@type":"ReadAction","target":["https:\/\/uhfp.centre-inffo.fr\/2025\/panorama-de-lactualite-juridique-centre-inffo-2\/"]}]},{"@type":"BreadcrumbList","@id":"https:\/\/uhfp.centre-inffo.fr\/2025\/panorama-de-lactualite-juridique-centre-inffo-2\/#breadcrumb","itemListElement":[{"@type":"ListItem","position":1,"name":"Accueil","item":"https:\/\/uhfp.centre-inffo.fr\/2025\/"},{"@type":"ListItem","position":2,"name":"Programme","item":"https:\/\/uhfp.centre-inffo.fr\/2025\/rubrique\/programme\/"},{"@type":"ListItem","position":3,"name":"Jeudi 23 janvier","item":"https:\/\/uhfp.centre-inffo.fr\/2025\/rubrique\/programme\/jeudi-23-janvier\/"},{"@type":"ListItem","position":4,"name":"Panorama de l\u2019actualit\u00e9 juridique : apprentissage, CPF, VAE\u2026"}]},{"@type":"WebSite","@id":"https:\/\/uhfp.centre-inffo.fr\/2025\/#website","url":"https:\/\/uhfp.centre-inffo.fr\/2025\/","name":"19e Universit\u00e9 d'Hiver de la Formation Professionnelle","description":"Du 22 au 24 janvier 2025, au Palais des Festivals de Cannes","publisher":{"@id":"https:\/\/uhfp.centre-inffo.fr\/2025\/#organization"},"alternateName":"19e UHFP","potentialAction":[{"@type":"SearchAction","target":{"@type":"EntryPoint","urlTemplate":"https:\/\/uhfp.centre-inffo.fr\/2025\/?s={search_term_string}"},"query-input":"required name=search_term_string"}],"inLanguage":"fr-FR"},{"@type":"Organization","@id":"https:\/\/uhfp.centre-inffo.fr\/2025\/#organization","name":"Centre Inffo","url":"https:\/\/uhfp.centre-inffo.fr\/2025\/","logo":{"@type":"ImageObject","inLanguage":"fr-FR","@id":"https:\/\/uhfp.centre-inffo.fr\/2025\/#\/schema\/logo\/image\/","url":"https:\/\/uhfp.centre-inffo.fr\/2025\/wp-content\/uploads\/2024\/02\/logo-19e-uhfp.png","contentUrl":"https:\/\/uhfp.centre-inffo.fr\/2025\/wp-content\/uploads\/2024\/02\/logo-19e-uhfp.png","width":842,"height":595,"caption":"Centre Inffo"},"image":{"@id":"https:\/\/uhfp.centre-inffo.fr\/2025\/#\/schema\/logo\/image\/"},"sameAs":["https:\/\/www.facebook.com\/centreinffo","https:\/\/twitter.com\/centreinffo","https:\/\/www.linkedin.com\/company\/centre-inffo\/","https:\/\/www.youtube.com\/user\/centreinffo"]}]}},"_links":{"self":[{"href":"https:\/\/uhfp.centre-inffo.fr\/2025\/wp-json\/wp\/v2\/pages\/4865"}],"collection":[{"href":"https:\/\/uhfp.centre-inffo.fr\/2025\/wp-json\/wp\/v2\/pages"}],"about":[{"href":"https:\/\/uhfp.centre-inffo.fr\/2025\/wp-json\/wp\/v2\/types\/page"}],"author":[{"embeddable":true,"href":"https:\/\/uhfp.centre-inffo.fr\/2025\/wp-json\/wp\/v2\/users\/2"}],"replies":[{"embeddable":true,"href":"https:\/\/uhfp.centre-inffo.fr\/2025\/wp-json\/wp\/v2\/comments?post=4865"}],"version-history":[{"count":7,"href":"https:\/\/uhfp.centre-inffo.fr\/2025\/wp-json\/wp\/v2\/pages\/4865\/revisions"}],"predecessor-version":[{"id":8242,"href":"https:\/\/uhfp.centre-inffo.fr\/2025\/wp-json\/wp\/v2\/pages\/4865\/revisions\/8242"}],"wp:attachment":[{"href":"https:\/\/uhfp.centre-inffo.fr\/2025\/wp-json\/wp\/v2\/media?parent=4865"}],"wp:term":[{"taxonomy":"category","embeddable":true,"href":"https:\/\/uhfp.centre-inffo.fr\/2025\/wp-json\/wp\/v2\/categories?post=4865"},{"taxonomy":"post_tag","embeddable":true,"href":"https:\/\/uhfp.centre-inffo.fr\/2025\/wp-json\/wp\/v2\/tags?post=4865"}],"curies":[{"name":"wp","href":"https:\/\/api.w.org\/{rel}","templated":true}]}}