{"id":515,"date":"2024-02-06T15:48:49","date_gmt":"2024-02-06T14:48:49","guid":{"rendered":"https:\/\/uhfp.centre-inffo.fr\/2025\/?page_id=515"},"modified":"2025-01-22T14:32:07","modified_gmt":"2025-01-22T13:32:07","slug":"programme","status":"publish","type":"page","link":"https:\/\/uhfp.centre-inffo.fr\/2025\/programme\/","title":{"rendered":"Le programme complet"},"content":{"rendered":"\n<figure class=\"wp-block-image size-full\"><img loading=\"lazy\" decoding=\"async\" width=\"2048\" height=\"500\" src=\"https:\/\/uhfp.centre-inffo.fr\/2025\/wp-content\/uploads\/2024\/11\/bandeau-programme.jpg\" alt=\"\" class=\"wp-image-5244\" srcset=\"https:\/\/uhfp.centre-inffo.fr\/2025\/wp-content\/uploads\/2024\/11\/bandeau-programme.jpg 2048w, https:\/\/uhfp.centre-inffo.fr\/2025\/wp-content\/uploads\/2024\/11\/bandeau-programme-300x73.jpg 300w, https:\/\/uhfp.centre-inffo.fr\/2025\/wp-content\/uploads\/2024\/11\/bandeau-programme-1024x250.jpg 1024w, https:\/\/uhfp.centre-inffo.fr\/2025\/wp-content\/uploads\/2024\/11\/bandeau-programme-768x188.jpg 768w, https:\/\/uhfp.centre-inffo.fr\/2025\/wp-content\/uploads\/2024\/11\/bandeau-programme-1536x375.jpg 1536w, https:\/\/uhfp.centre-inffo.fr\/2025\/wp-content\/uploads\/2024\/11\/bandeau-programme-500x122.jpg 500w, https:\/\/uhfp.centre-inffo.fr\/2025\/wp-content\/uploads\/2024\/11\/bandeau-programme-800x195.jpg 800w, https:\/\/uhfp.centre-inffo.fr\/2025\/wp-content\/uploads\/2024\/11\/bandeau-programme-1280x313.jpg 1280w, https:\/\/uhfp.centre-inffo.fr\/2025\/wp-content\/uploads\/2024\/11\/bandeau-programme-1920x469.jpg 1920w\" sizes=\"(max-width: 2048px) 100vw, 2048px\" \/><\/figure>\n\n\n\n<div style=\"height:40px\" aria-hidden=\"true\" class=\"wp-block-spacer\"><\/div>\n\n\n\n<div class=\"wp-block-group\"><div class=\"wp-block-group__inner-container is-layout-constrained wp-block-group-is-layout-constrained\">\n<h3 class=\"wp-block-heading\"><em>Le th\u00e8me <\/em><br>La <strong>formation<\/strong>, levier d&rsquo;<strong>\u00e9mancipation<\/strong> et de <strong>performance<\/strong> durable<\/h3>\n\n\n\n<p>Comment la formation favorise-t-elle l\u2019\u00e9mancipation de tous ? Comment guider les transformations de la soci\u00e9t\u00e9, du travail, des organisations, des personnes ? Pour r\u00e9ussir ensemble, <strong>4 d\u00e9fis majeurs<\/strong> doivent \u00eatre relev\u00e9s par tous les acteurs de l\u2019accompagnement et du d\u00e9veloppement des comp\u00e9tences.<\/p>\n\n\n\n<div class=\"wp-block-columns is-layout-flex wp-container-core-columns-is-layout-1 wp-block-columns-is-layout-flex\">\n<div class=\"wp-block-column is-layout-flow wp-block-column-is-layout-flow\">\n<ul class=\"list-has-margin\">\n<li><strong>D\u00e9fi 1 &#8211; L\u2019\u00e9mancipation, un enjeu de soci\u00e9t\u00e9<\/strong><br>Donner \u00e0 chacun les cl\u00e9s du monde d\u2019aujourd\u2019hui et de demain<\/li>\n\n\n\n<li><strong>D\u00e9fi 3 &#8211; Repenser la question de la performance des individus et des organisations<\/strong><br>Viser une performance durable, par tous et pour tous<\/li>\n<\/ul>\n<\/div>\n\n\n\n<div class=\"wp-block-column is-layout-flow wp-block-column-is-layout-flow\">\n<ul class=\"list-has-margin\">\n<li><strong>D\u00e9fi 2 &#8211; (Re)donner du sens au travail<\/strong><br>Inscrire la formation au c\u0153ur du travail<\/li>\n\n\n\n<li><strong>D\u00e9fi 4 &#8211; Elargir la diversit\u00e9 des modalit\u00e9s de l\u2019apprendre et de l\u2019accompagnement aux transitions<\/strong><br>La transformation des m\u00e9tiers et activit\u00e9s des acteurs de la formation<\/li>\n<\/ul>\n<\/div>\n<\/div>\n\n\n\n<div style=\"height:30px\" aria-hidden=\"true\" class=\"wp-block-spacer\"><\/div>\n<\/div><\/div>\n\n\n\n<div class=\"wp-block-buttons is-content-justification-center is-layout-flex wp-container-core-buttons-is-layout-1 wp-block-buttons-is-layout-flex\">\n<div class=\"wp-block-button\"><a class=\"wp-block-button__link wp-element-button\" href=\"\/2025\/wp-content\/uploads\/2025\/01\/programme-19e-uhfp-0125.pdf\">Je t\u00e9l\u00e9charge le programme<\/a><\/div>\n\n\n\n<div class=\"wp-block-button\"><a class=\"wp-block-button__link wp-element-button\" href=\"https:\/\/uhfp.centre-inffo.fr\/2025\/wp-content\/uploads\/2025\/01\/Carnet-de-bord-19e-UHFP-2025-22012025.pdf\">Je t\u00e9l\u00e9charge mon carnet de bord<\/a><\/div>\n\n\n\n<div class=\"wp-block-button\"><a class=\"wp-block-button__link wp-element-button\" href=\"https:\/\/secure.key4events.com\/key4register\/profile.aspx?e=1782&amp;login=#N#&amp;pwd=#INTERNAL_Code#&amp;ReturnUrl=register.aspx%3Fe%3D1782\">Je r\u00e9serve mes cr\u00e9neaux d&rsquo;atelier<\/a><\/div>\n<\/div>\n\n\n\n<div style=\"height:40px\" aria-hidden=\"true\" class=\"wp-block-spacer\"><\/div>\n\n\n\n<div class=\"wp-block-columns is-layout-flex wp-container-core-columns-is-layout-2 wp-block-columns-is-layout-flex\">\n<div class=\"wp-block-column is-layout-flow wp-block-column-is-layout-flow\">\n<h2 class=\"wp-block-heading\"><a href=\"\/2025\/mercredi-22-janvier\/\">Mercredi 22 janvier<\/a><\/h2>\n\n\n\n<hr class=\"wp-block-separator has-alpha-channel-opacity\"\/>\n\n\n\n<ul>\n<li>S\u00e9ance pl\u00e9ni\u00e8re d\u2019ouverture<\/li>\n\n\n\n<li>Allocutions et conf\u00e9rence inaugurale<\/li>\n\n\n\n<li>D\u00eener<\/li>\n<\/ul>\n\n\n\n\n<p><strong><a href=\"\/2025\/mercredi-22-janvier\/\">+ Voir le d\u00e9tail<\/a><\/strong><\/p>\n\n<\/div>\n\n\n\n<div class=\"wp-block-column is-layout-flow wp-block-column-is-layout-flow\">\n<h2 class=\"wp-block-heading\"><a href=\"\/2025\/jeudi-23-janvier\/\">Jeudi 23 janvier<\/a><\/h2>\n\n\n\n<hr class=\"wp-block-separator has-alpha-channel-opacity\"\/>\n\n\n\n<ul>\n<li>Ateliers, conf\u00e9rences, tables rondes<\/li>\n\n\n\n<li>Learning expeditions<\/li>\n\n\n\n<li>Cocktail d\u00eenatoire et soir\u00e9e<\/li>\n<\/ul>\n\n\n\n\n<p><strong><a href=\"\/2025\/jeudi-23-janvier\/\">+ Voir le d\u00e9tail<\/a><\/strong><\/p>\n\n<\/div>\n\n\n\n<div class=\"wp-block-column is-layout-flow wp-block-column-is-layout-flow\">\n<h2 class=\"wp-block-heading\"><a href=\"\/2025\/vendredi-24-janvier\/\">Vendredi 24 janvier<\/a><\/h2>\n\n\n\n<hr class=\"wp-block-separator has-alpha-channel-opacity\"\/>\n\n\n\n<ul>\n<li>Ateliers et conf\u00e9rences<\/li>\n\n\n\n<li>S\u00e9ance pl\u00e9ni\u00e8re de cl\u00f4ture<\/li>\n\n\n\n<li>Cocktail d\u00e9jeunatoire<\/li>\n<\/ul>\n\n\n\n\n<p><strong><a href=\"\/2025\/vendredi-24-janvier\/\">+ Voir le d\u00e9tail<\/a><\/strong><\/p>\n\n<\/div>\n<\/div>\n","protected":false},"excerpt":{"rendered":"<p>Le th\u00e8me La formation, levier d&rsquo;\u00e9mancipation et de performance durable Comment la formation favorise-t-elle l\u2019\u00e9mancipation de tous ? Comment guider les transformations de la soci\u00e9t\u00e9, du travail, des organisations, des personnes ? Pour r\u00e9ussir ensemble, 4 d\u00e9fis majeurs doivent \u00eatre relev\u00e9s par tous les acteurs de l\u2019accompagnement et du d\u00e9veloppement des comp\u00e9tences. Mercredi 22 janvier &#8230; <a title=\"Le programme complet\" class=\"read-more\" href=\"https:\/\/uhfp.centre-inffo.fr\/2025\/programme\/\" aria-label=\"Read more about Le programme complet\">Lire la suite<\/a><\/p>\n","protected":false},"author":2,"featured_media":0,"parent":0,"menu_order":0,"comment_status":"closed","ping_status":"closed","template":"","meta":{"_acf_changed":false,"footnotes":""},"categories":[6],"tags":[],"acf":[],"yoast_head":"<!-- This site is optimized with the Yoast SEO plugin v22.4 - https:\/\/yoast.com\/wordpress\/plugins\/seo\/ -->\n<title>Le programme complet - 19e Universit\u00e9 d&#039;Hiver de la Formation Professionnelle<\/title>\n<meta name=\"robots\" content=\"index, follow, max-snippet:-1, max-image-preview:large, max-video-preview:-1\" \/>\n<link rel=\"canonical\" href=\"https:\/\/uhfp.centre-inffo.fr\/2025\/programme\/\" \/>\n<meta property=\"og:locale\" content=\"fr_FR\" \/>\n<meta property=\"og:type\" content=\"article\" \/>\n<meta property=\"og:title\" content=\"Le programme complet - 19e Universit\u00e9 d&#039;Hiver de la Formation Professionnelle\" \/>\n<meta property=\"og:description\" content=\"Le th\u00e8me La formation, levier d&rsquo;\u00e9mancipation et de performance durable Comment la formation favorise-t-elle l\u2019\u00e9mancipation de tous ? Comment guider les transformations de la soci\u00e9t\u00e9, du travail, des organisations, des personnes ? Pour r\u00e9ussir ensemble, 4 d\u00e9fis majeurs doivent \u00eatre relev\u00e9s par tous les acteurs de l\u2019accompagnement et du d\u00e9veloppement des comp\u00e9tences. Mercredi 22 janvier ... Lire la suite\" \/>\n<meta property=\"og:url\" content=\"https:\/\/uhfp.centre-inffo.fr\/2025\/programme\/\" \/>\n<meta property=\"og:site_name\" content=\"19e Universit\u00e9 d&#039;Hiver de la Formation Professionnelle\" \/>\n<meta property=\"article:publisher\" content=\"https:\/\/www.facebook.com\/centreinffo\" \/>\n<meta property=\"article:modified_time\" content=\"2025-01-22T13:32:07+00:00\" \/>\n<meta property=\"og:image\" content=\"https:\/\/uhfp.centre-inffo.fr\/2025\/wp-content\/uploads\/2024\/11\/bandeau-programme.jpg\" \/>\n\t<meta property=\"og:image:width\" content=\"2048\" \/>\n\t<meta property=\"og:image:height\" content=\"500\" \/>\n\t<meta property=\"og:image:type\" content=\"image\/jpeg\" \/>\n<meta name=\"twitter:card\" content=\"summary_large_image\" \/>\n<meta name=\"twitter:site\" content=\"@centreinffo\" \/>\n<meta name=\"twitter:label1\" content=\"Dur\u00e9e de lecture estim\u00e9e\" \/>\n\t<meta name=\"twitter:data1\" content=\"2 minutes\" \/>\n<script type=\"application\/ld+json\" class=\"yoast-schema-graph\">{\"@context\":\"https:\/\/schema.org\",\"@graph\":[{\"@type\":\"WebPage\",\"@id\":\"https:\/\/uhfp.centre-inffo.fr\/2025\/programme\/\",\"url\":\"https:\/\/uhfp.centre-inffo.fr\/2025\/programme\/\",\"name\":\"Le programme complet - 19e Universit\u00e9 d&#039;Hiver de la Formation Professionnelle\",\"isPartOf\":{\"@id\":\"https:\/\/uhfp.centre-inffo.fr\/2025\/#website\"},\"primaryImageOfPage\":{\"@id\":\"https:\/\/uhfp.centre-inffo.fr\/2025\/programme\/#primaryimage\"},\"image\":{\"@id\":\"https:\/\/uhfp.centre-inffo.fr\/2025\/programme\/#primaryimage\"},\"thumbnailUrl\":\"https:\/\/uhfp.centre-inffo.fr\/2025\/wp-content\/uploads\/2024\/11\/bandeau-programme.jpg\",\"datePublished\":\"2024-02-06T14:48:49+00:00\",\"dateModified\":\"2025-01-22T13:32:07+00:00\",\"breadcrumb\":{\"@id\":\"https:\/\/uhfp.centre-inffo.fr\/2025\/programme\/#breadcrumb\"},\"inLanguage\":\"fr-FR\",\"potentialAction\":[{\"@type\":\"ReadAction\",\"target\":[\"https:\/\/uhfp.centre-inffo.fr\/2025\/programme\/\"]}]},{\"@type\":\"ImageObject\",\"inLanguage\":\"fr-FR\",\"@id\":\"https:\/\/uhfp.centre-inffo.fr\/2025\/programme\/#primaryimage\",\"url\":\"https:\/\/uhfp.centre-inffo.fr\/2025\/wp-content\/uploads\/2024\/11\/bandeau-programme.jpg\",\"contentUrl\":\"https:\/\/uhfp.centre-inffo.fr\/2025\/wp-content\/uploads\/2024\/11\/bandeau-programme.jpg\",\"width\":2048,\"height\":500},{\"@type\":\"BreadcrumbList\",\"@id\":\"https:\/\/uhfp.centre-inffo.fr\/2025\/programme\/#breadcrumb\",\"itemListElement\":[{\"@type\":\"ListItem\",\"position\":1,\"name\":\"Accueil\",\"item\":\"https:\/\/uhfp.centre-inffo.fr\/2025\/\"},{\"@type\":\"ListItem\",\"position\":2,\"name\":\"Programme\",\"item\":\"https:\/\/uhfp.centre-inffo.fr\/2025\/rubrique\/programme\/\"},{\"@type\":\"ListItem\",\"position\":3,\"name\":\"Le programme complet\"}]},{\"@type\":\"WebSite\",\"@id\":\"https:\/\/uhfp.centre-inffo.fr\/2025\/#website\",\"url\":\"https:\/\/uhfp.centre-inffo.fr\/2025\/\",\"name\":\"19e Universit\u00e9 d'Hiver de la Formation Professionnelle\",\"description\":\"Du 22 au 24 janvier 2025, au Palais des Festivals de Cannes\",\"publisher\":{\"@id\":\"https:\/\/uhfp.centre-inffo.fr\/2025\/#organization\"},\"alternateName\":\"19e UHFP\",\"potentialAction\":[{\"@type\":\"SearchAction\",\"target\":{\"@type\":\"EntryPoint\",\"urlTemplate\":\"https:\/\/uhfp.centre-inffo.fr\/2025\/?s={search_term_string}\"},\"query-input\":\"required name=search_term_string\"}],\"inLanguage\":\"fr-FR\"},{\"@type\":\"Organization\",\"@id\":\"https:\/\/uhfp.centre-inffo.fr\/2025\/#organization\",\"name\":\"Centre Inffo\",\"url\":\"https:\/\/uhfp.centre-inffo.fr\/2025\/\",\"logo\":{\"@type\":\"ImageObject\",\"inLanguage\":\"fr-FR\",\"@id\":\"https:\/\/uhfp.centre-inffo.fr\/2025\/#\/schema\/logo\/image\/\",\"url\":\"https:\/\/uhfp.centre-inffo.fr\/2025\/wp-content\/uploads\/2024\/02\/logo-19e-uhfp.png\",\"contentUrl\":\"https:\/\/uhfp.centre-inffo.fr\/2025\/wp-content\/uploads\/2024\/02\/logo-19e-uhfp.png\",\"width\":842,\"height\":595,\"caption\":\"Centre Inffo\"},\"image\":{\"@id\":\"https:\/\/uhfp.centre-inffo.fr\/2025\/#\/schema\/logo\/image\/\"},\"sameAs\":[\"https:\/\/www.facebook.com\/centreinffo\",\"https:\/\/twitter.com\/centreinffo\",\"https:\/\/www.linkedin.com\/company\/centre-inffo\/\",\"https:\/\/www.youtube.com\/user\/centreinffo\"]}]}<\/script>\n<!-- \/ Yoast SEO plugin. -->","yoast_head_json":{"title":"Le programme complet - 19e Universit\u00e9 d&#039;Hiver de la Formation Professionnelle","robots":{"index":"index","follow":"follow","max-snippet":"max-snippet:-1","max-image-preview":"max-image-preview:large","max-video-preview":"max-video-preview:-1"},"canonical":"https:\/\/uhfp.centre-inffo.fr\/2025\/programme\/","og_locale":"fr_FR","og_type":"article","og_title":"Le programme complet - 19e Universit\u00e9 d&#039;Hiver de la Formation Professionnelle","og_description":"Le th\u00e8me La formation, levier d&rsquo;\u00e9mancipation et de performance durable Comment la formation favorise-t-elle l\u2019\u00e9mancipation de tous ? Comment guider les transformations de la soci\u00e9t\u00e9, du travail, des organisations, des personnes ? Pour r\u00e9ussir ensemble, 4 d\u00e9fis majeurs doivent \u00eatre relev\u00e9s par tous les acteurs de l\u2019accompagnement et du d\u00e9veloppement des comp\u00e9tences. Mercredi 22 janvier ... Lire la suite","og_url":"https:\/\/uhfp.centre-inffo.fr\/2025\/programme\/","og_site_name":"19e Universit\u00e9 d&#039;Hiver de la Formation Professionnelle","article_publisher":"https:\/\/www.facebook.com\/centreinffo","article_modified_time":"2025-01-22T13:32:07+00:00","og_image":[{"width":2048,"height":500,"url":"https:\/\/uhfp.centre-inffo.fr\/2025\/wp-content\/uploads\/2024\/11\/bandeau-programme.jpg","type":"image\/jpeg"}],"twitter_card":"summary_large_image","twitter_site":"@centreinffo","twitter_misc":{"Dur\u00e9e de lecture estim\u00e9e":"2 minutes"},"schema":{"@context":"https:\/\/schema.org","@graph":[{"@type":"WebPage","@id":"https:\/\/uhfp.centre-inffo.fr\/2025\/programme\/","url":"https:\/\/uhfp.centre-inffo.fr\/2025\/programme\/","name":"Le programme complet - 19e Universit\u00e9 d&#039;Hiver de la Formation Professionnelle","isPartOf":{"@id":"https:\/\/uhfp.centre-inffo.fr\/2025\/#website"},"primaryImageOfPage":{"@id":"https:\/\/uhfp.centre-inffo.fr\/2025\/programme\/#primaryimage"},"image":{"@id":"https:\/\/uhfp.centre-inffo.fr\/2025\/programme\/#primaryimage"},"thumbnailUrl":"https:\/\/uhfp.centre-inffo.fr\/2025\/wp-content\/uploads\/2024\/11\/bandeau-programme.jpg","datePublished":"2024-02-06T14:48:49+00:00","dateModified":"2025-01-22T13:32:07+00:00","breadcrumb":{"@id":"https:\/\/uhfp.centre-inffo.fr\/2025\/programme\/#breadcrumb"},"inLanguage":"fr-FR","potentialAction":[{"@type":"ReadAction","target":["https:\/\/uhfp.centre-inffo.fr\/2025\/programme\/"]}]},{"@type":"ImageObject","inLanguage":"fr-FR","@id":"https:\/\/uhfp.centre-inffo.fr\/2025\/programme\/#primaryimage","url":"https:\/\/uhfp.centre-inffo.fr\/2025\/wp-content\/uploads\/2024\/11\/bandeau-programme.jpg","contentUrl":"https:\/\/uhfp.centre-inffo.fr\/2025\/wp-content\/uploads\/2024\/11\/bandeau-programme.jpg","width":2048,"height":500},{"@type":"BreadcrumbList","@id":"https:\/\/uhfp.centre-inffo.fr\/2025\/programme\/#breadcrumb","itemListElement":[{"@type":"ListItem","position":1,"name":"Accueil","item":"https:\/\/uhfp.centre-inffo.fr\/2025\/"},{"@type":"ListItem","position":2,"name":"Programme","item":"https:\/\/uhfp.centre-inffo.fr\/2025\/rubrique\/programme\/"},{"@type":"ListItem","position":3,"name":"Le programme complet"}]},{"@type":"WebSite","@id":"https:\/\/uhfp.centre-inffo.fr\/2025\/#website","url":"https:\/\/uhfp.centre-inffo.fr\/2025\/","name":"19e Universit\u00e9 d'Hiver de la Formation Professionnelle","description":"Du 22 au 24 janvier 2025, au Palais des Festivals de Cannes","publisher":{"@id":"https:\/\/uhfp.centre-inffo.fr\/2025\/#organization"},"alternateName":"19e UHFP","potentialAction":[{"@type":"SearchAction","target":{"@type":"EntryPoint","urlTemplate":"https:\/\/uhfp.centre-inffo.fr\/2025\/?s={search_term_string}"},"query-input":"required name=search_term_string"}],"inLanguage":"fr-FR"},{"@type":"Organization","@id":"https:\/\/uhfp.centre-inffo.fr\/2025\/#organization","name":"Centre Inffo","url":"https:\/\/uhfp.centre-inffo.fr\/2025\/","logo":{"@type":"ImageObject","inLanguage":"fr-FR","@id":"https:\/\/uhfp.centre-inffo.fr\/2025\/#\/schema\/logo\/image\/","url":"https:\/\/uhfp.centre-inffo.fr\/2025\/wp-content\/uploads\/2024\/02\/logo-19e-uhfp.png","contentUrl":"https:\/\/uhfp.centre-inffo.fr\/2025\/wp-content\/uploads\/2024\/02\/logo-19e-uhfp.png","width":842,"height":595,"caption":"Centre Inffo"},"image":{"@id":"https:\/\/uhfp.centre-inffo.fr\/2025\/#\/schema\/logo\/image\/"},"sameAs":["https:\/\/www.facebook.com\/centreinffo","https:\/\/twitter.com\/centreinffo","https:\/\/www.linkedin.com\/company\/centre-inffo\/","https:\/\/www.youtube.com\/user\/centreinffo"]}]}},"_links":{"self":[{"href":"https:\/\/uhfp.centre-inffo.fr\/2025\/wp-json\/wp\/v2\/pages\/515"}],"collection":[{"href":"https:\/\/uhfp.centre-inffo.fr\/2025\/wp-json\/wp\/v2\/pages"}],"about":[{"href":"https:\/\/uhfp.centre-inffo.fr\/2025\/wp-json\/wp\/v2\/types\/page"}],"author":[{"embeddable":true,"href":"https:\/\/uhfp.centre-inffo.fr\/2025\/wp-json\/wp\/v2\/users\/2"}],"replies":[{"embeddable":true,"href":"https:\/\/uhfp.centre-inffo.fr\/2025\/wp-json\/wp\/v2\/comments?post=515"}],"version-history":[{"count":71,"href":"https:\/\/uhfp.centre-inffo.fr\/2025\/wp-json\/wp\/v2\/pages\/515\/revisions"}],"predecessor-version":[{"id":9041,"href":"https:\/\/uhfp.centre-inffo.fr\/2025\/wp-json\/wp\/v2\/pages\/515\/revisions\/9041"}],"wp:attachment":[{"href":"https:\/\/uhfp.centre-inffo.fr\/2025\/wp-json\/wp\/v2\/media?parent=515"}],"wp:term":[{"taxonomy":"category","embeddable":true,"href":"https:\/\/uhfp.centre-inffo.fr\/2025\/wp-json\/wp\/v2\/categories?post=515"},{"taxonomy":"post_tag","embeddable":true,"href":"https:\/\/uhfp.centre-inffo.fr\/2025\/wp-json\/wp\/v2\/tags?post=515"}],"curies":[{"name":"wp","href":"https:\/\/api.w.org\/{rel}","templated":true}]}}